{"id":343873,"date":"2023-07-25T09:32:13","date_gmt":"2023-07-25T09:32:13","guid":{"rendered":"https:\/\/srokacompany.com\/produit\/vorderer-kotfluegel-s-foil-high-aspect-1190-waves\/"},"modified":"2025-12-01T13:13:38","modified_gmt":"2025-12-01T11:13:38","slug":"vorderer-kotfluegel-s-foil-high-aspect-1190-waves","status":"publish","type":"product","link":"https:\/\/srokacompany.com\/de\/produkt\/vorderer-kotfluegel-s-foil-high-aspect-1190-waves\/","title":{"rendered":"Vorderer Kotfl\u00fcgel S-foil High Aspect 1190 Waves"},"content":{"rendered":"<hr>\n<h2>Flex-Management: Ein neues Verfahren zur Optimierung der Leistung beim Pumpen.<\/h2>\n<p>Durch umfangreiche Tests und monatelange Forschung und Entwicklung haben wir verschiedene Methoden angewandt, wie z. B. eine sorgf\u00e4ltige Materialauswahl, die strategische Anordnung der Karbonschichten, die gezielte Verteilung von Verst\u00e4rkungen und ein pr\u00e4zises Profildesign, um den Flex des Vorderfl\u00fcgels zu steuern. So entstand ein Profil, das mit dem der 1190 Speed identisch ist, aber etwas mehr Flexibilit\u00e4t f\u00fcr eine verbesserte Leistung beim Pumpen bietet.<\/p>\n<p>Dies ist die perfekte Balance, um das Beste aus kleinen und mittleren Wellen herauszuholen, w\u00e4hrend du deine Ausdauer zwischen den Wellen bewahrst und beim Pumpen eine hohe Geschwindigkeit beibeh\u00e4ltst.<\/p>\n<p><em>3x M8 16mm Befestigungsschrauben Rumpf\/Frontfl\u00fcgel im Lieferumfang enthalten.  <\/em><\/p>\n<p><a href=\"https:\/\/srokacompany.com\/de\/produkt\/s-foil-high-aspect-1190-wave\/\">Foil vollst\u00e4ndig hier.  <\/a><\/p>\n","protected":false},"excerpt":{"rendered":"<p>Flex-Management: Ein neues Verfahren zur Optimierung der Leistung beim Pumpen. Durch umfangreiche Tests und monatelange Forschung und Entwicklung haben wir verschiedene Methoden angewandt, wie z. B. eine sorgf\u00e4ltige Materialauswahl, die strategische Anordnung der Karbonschichten, die gezielte Verteilung von Verst\u00e4rkungen und ein pr\u00e4zises Profildesign, um den Flex des Vorderfl\u00fcgels zu steuern. So entstand ein Profil, das [&hellip;]<\/p>\n","protected":false},"featured_media":343875,"template":"","meta":{"_acf_changed":false,"_uag_custom_page_level_css":""},"product_brand":[],"product_cat":[3473,3440,3471,3455],"product_tag":[3459,3443,3442],"class_list":{"0":"post-343873","1":"product","2":"type-product","3":"status-publish","4":"has-post-thumbnail","6":"product_cat-alle-unsere-high-aspect-lamellen","7":"product_cat-flugel-wing-foil","8":"product_cat-surf-foil-de","9":"product_cat-surf-flugel-foil","10":"product_tag-experte","11":"product_tag-fortgeschrittene","12":"product_tag-schlau","13":"product_shipping_class-foil-komplett-oder-ersatzteile-wing-einheit","15":"first","16":"instock","17":"taxable","18":"shipping-taxable","19":"purchasable","20":"product-type-simple"},"acf":[],"yoast_head":"<!-- This site is optimized with the Yoast SEO plugin v27.4 - https:\/\/yoast.com\/product\/yoast-seo-wordpress\/ -->\n<title>Vorderer Kotfl\u00fcgel S-foil High Aspect 1190 Waves - SROKA Company<\/title>\n<meta name=\"description\" content=\"1190 Wave Frontfl\u00fcgel: Ein kontrollierter Flex, der die Leistung beim Pumping erh\u00f6ht. Perfekt f\u00fcr kleine bis mittelgro\u00dfe Wellen.\" \/>\n<meta name=\"robots\" content=\"index, follow, max-snippet:-1, max-image-preview:large, max-video-preview:-1\" \/>\n<link rel=\"canonical\" href=\"https:\/\/srokacompany.com\/de\/produkt\/vorderer-kotfluegel-s-foil-high-aspect-1190-waves\/\" \/>\n<meta property=\"og:locale\" content=\"de_DE\" \/>\n<meta property=\"og:type\" content=\"article\" \/>\n<meta property=\"og:title\" content=\"Vorderer Kotfl\u00fcgel S-foil High Aspect 1190 Waves - SROKA Company\" \/>\n<meta property=\"og:description\" content=\"1190 Wave Frontfl\u00fcgel: Ein kontrollierter Flex, der die Leistung beim Pumping erh\u00f6ht. Perfekt f\u00fcr kleine bis mittelgro\u00dfe Wellen.\" \/>\n<meta property=\"og:url\" content=\"https:\/\/srokacompany.com\/de\/produkt\/vorderer-kotfluegel-s-foil-high-aspect-1190-waves\/\" \/>\n<meta property=\"og:site_name\" content=\"SROKA Company\" \/>\n<meta property=\"article:publisher\" content=\"https:\/\/www.facebook.com\/srokawatersports\/\" \/>\n<meta property=\"article:modified_time\" content=\"2025-12-01T11:13:38+00:00\" \/>\n<meta property=\"og:image\" content=\"https:\/\/srokacompany.com\/wp-content\/uploads\/2023\/07\/Aile-avant-1190-waves-1-1.png\" \/>\n\t<meta property=\"og:image:width\" content=\"740\" \/>\n\t<meta property=\"og:image:height\" content=\"1080\" \/>\n\t<meta property=\"og:image:type\" content=\"image\/png\" \/>\n<meta name=\"twitter:label1\" content=\"Gesch\u00e4tzte Lesezeit\" \/>\n\t<meta name=\"twitter:data1\" content=\"1\u00a0Minute\" \/>\n<script type=\"application\/ld+json\" class=\"yoast-schema-graph\">{\"@context\":\"https:\\\/\\\/schema.org\",\"@graph\":[{\"@type\":\"WebPage\",\"@id\":\"https:\\\/\\\/srokacompany.com\\\/de\\\/produkt\\\/vorderer-kotfluegel-s-foil-high-aspect-1190-waves\\\/\",\"url\":\"https:\\\/\\\/srokacompany.com\\\/de\\\/produkt\\\/vorderer-kotfluegel-s-foil-high-aspect-1190-waves\\\/\",\"name\":\"Vorderer Kotfl\u00fcgel S-foil High Aspect 1190 Waves - SROKA Company\",\"isPartOf\":{\"@id\":\"https:\\\/\\\/srokacompany.com\\\/de\\\/#website\"},\"primaryImageOfPage\":{\"@id\":\"https:\\\/\\\/srokacompany.com\\\/de\\\/produkt\\\/vorderer-kotfluegel-s-foil-high-aspect-1190-waves\\\/#primaryimage\"},\"image\":{\"@id\":\"https:\\\/\\\/srokacompany.com\\\/de\\\/produkt\\\/vorderer-kotfluegel-s-foil-high-aspect-1190-waves\\\/#primaryimage\"},\"thumbnailUrl\":\"https:\\\/\\\/srokacompany.com\\\/wp-content\\\/uploads\\\/2023\\\/07\\\/Aile-avant-1190-waves-1-1.png\",\"datePublished\":\"2023-07-25T09:32:13+00:00\",\"dateModified\":\"2025-12-01T11:13:38+00:00\",\"description\":\"1190 Wave Frontfl\u00fcgel: Ein kontrollierter Flex, der die Leistung beim Pumping erh\u00f6ht. Perfekt f\u00fcr kleine bis mittelgro\u00dfe Wellen.\",\"breadcrumb\":{\"@id\":\"https:\\\/\\\/srokacompany.com\\\/de\\\/produkt\\\/vorderer-kotfluegel-s-foil-high-aspect-1190-waves\\\/#breadcrumb\"},\"inLanguage\":\"de\",\"potentialAction\":[{\"@type\":\"ReadAction\",\"target\":[\"https:\\\/\\\/srokacompany.com\\\/de\\\/produkt\\\/vorderer-kotfluegel-s-foil-high-aspect-1190-waves\\\/\"]}]},{\"@type\":\"ImageObject\",\"inLanguage\":\"de\",\"@id\":\"https:\\\/\\\/srokacompany.com\\\/de\\\/produkt\\\/vorderer-kotfluegel-s-foil-high-aspect-1190-waves\\\/#primaryimage\",\"url\":\"https:\\\/\\\/srokacompany.com\\\/wp-content\\\/uploads\\\/2023\\\/07\\\/Aile-avant-1190-waves-1-1.png\",\"contentUrl\":\"https:\\\/\\\/srokacompany.com\\\/wp-content\\\/uploads\\\/2023\\\/07\\\/Aile-avant-1190-waves-1-1.png\",\"width\":740,\"height\":1080,\"caption\":\"Produktfoto Vorderer Kotfl\u00fcgel 1190 waves (1)\"},{\"@type\":\"BreadcrumbList\",\"@id\":\"https:\\\/\\\/srokacompany.com\\\/de\\\/produkt\\\/vorderer-kotfluegel-s-foil-high-aspect-1190-waves\\\/#breadcrumb\",\"itemListElement\":[{\"@type\":\"ListItem\",\"position\":1,\"name\":\"Accueil\",\"item\":\"https:\\\/\\\/srokacompany.com\\\/de\\\/\"},{\"@type\":\"ListItem\",\"position\":2,\"name\":\"Laden\",\"item\":\"https:\\\/\\\/srokacompany.com\\\/laden\\\/\"},{\"@type\":\"ListItem\",\"position\":3,\"name\":\"Vorderer Kotfl\u00fcgel S-foil High Aspect 1190 Waves\"}]},{\"@type\":\"WebSite\",\"@id\":\"https:\\\/\\\/srokacompany.com\\\/de\\\/#website\",\"url\":\"https:\\\/\\\/srokacompany.com\\\/de\\\/\",\"name\":\"SROKA Company\",\"description\":\"SUP, Kite, Foil, Wing\",\"publisher\":{\"@id\":\"https:\\\/\\\/srokacompany.com\\\/de\\\/#organization\"},\"potentialAction\":[{\"@type\":\"SearchAction\",\"target\":{\"@type\":\"EntryPoint\",\"urlTemplate\":\"https:\\\/\\\/srokacompany.com\\\/de\\\/?s={search_term_string}\"},\"query-input\":{\"@type\":\"PropertyValueSpecification\",\"valueRequired\":true,\"valueName\":\"search_term_string\"}}],\"inLanguage\":\"de\"},{\"@type\":\"Organization\",\"@id\":\"https:\\\/\\\/srokacompany.com\\\/de\\\/#organization\",\"name\":\"SROKACOMPANY\",\"alternateName\":\"SROKA\",\"url\":\"https:\\\/\\\/srokacompany.com\\\/de\\\/\",\"logo\":{\"@type\":\"ImageObject\",\"inLanguage\":\"de\",\"@id\":\"https:\\\/\\\/srokacompany.com\\\/de\\\/#\\\/schema\\\/logo\\\/image\\\/\",\"url\":\"https:\\\/\\\/srokacompany.com\\\/wp-content\\\/uploads\\\/2021\\\/01\\\/logo-sroka-black-transpa.png\",\"contentUrl\":\"https:\\\/\\\/srokacompany.com\\\/wp-content\\\/uploads\\\/2021\\\/01\\\/logo-sroka-black-transpa.png\",\"width\":1201,\"height\":342,\"caption\":\"SROKACOMPANY\"},\"image\":{\"@id\":\"https:\\\/\\\/srokacompany.com\\\/de\\\/#\\\/schema\\\/logo\\\/image\\\/\"},\"sameAs\":[\"https:\\\/\\\/www.facebook.com\\\/srokawatersports\\\/\",\"https:\\\/\\\/www.instagram.com\\\/srokawatersports\\\/\",\"https:\\\/\\\/www.youtube.com\\\/channel\\\/UCVLHHeaPIm-J5bdEUgxqtZA\"]}]}<\/script>\n<!-- \/ Yoast SEO plugin. -->","yoast_head_json":{"title":"Vorderer Kotfl\u00fcgel S-foil High Aspect 1190 Waves - SROKA Company","description":"1190 Wave Frontfl\u00fcgel: Ein kontrollierter Flex, der die Leistung beim Pumping erh\u00f6ht. Perfekt f\u00fcr kleine bis mittelgro\u00dfe Wellen.","robots":{"index":"index","follow":"follow","max-snippet":"max-snippet:-1","max-image-preview":"max-image-preview:large","max-video-preview":"max-video-preview:-1"},"canonical":"https:\/\/srokacompany.com\/de\/produkt\/vorderer-kotfluegel-s-foil-high-aspect-1190-waves\/","og_locale":"de_DE","og_type":"article","og_title":"Vorderer Kotfl\u00fcgel S-foil High Aspect 1190 Waves - SROKA Company","og_description":"1190 Wave Frontfl\u00fcgel: Ein kontrollierter Flex, der die Leistung beim Pumping erh\u00f6ht. Perfekt f\u00fcr kleine bis mittelgro\u00dfe Wellen.","og_url":"https:\/\/srokacompany.com\/de\/produkt\/vorderer-kotfluegel-s-foil-high-aspect-1190-waves\/","og_site_name":"SROKA Company","article_publisher":"https:\/\/www.facebook.com\/srokawatersports\/","article_modified_time":"2025-12-01T11:13:38+00:00","og_image":[{"width":740,"height":1080,"url":"https:\/\/srokacompany.com\/wp-content\/uploads\/2023\/07\/Aile-avant-1190-waves-1-1.png","type":"image\/png"}],"twitter_misc":{"Gesch\u00e4tzte Lesezeit":"1\u00a0Minute"},"schema":{"@context":"https:\/\/schema.org","@graph":[{"@type":"WebPage","@id":"https:\/\/srokacompany.com\/de\/produkt\/vorderer-kotfluegel-s-foil-high-aspect-1190-waves\/","url":"https:\/\/srokacompany.com\/de\/produkt\/vorderer-kotfluegel-s-foil-high-aspect-1190-waves\/","name":"Vorderer Kotfl\u00fcgel S-foil High Aspect 1190 Waves - SROKA Company","isPartOf":{"@id":"https:\/\/srokacompany.com\/de\/#website"},"primaryImageOfPage":{"@id":"https:\/\/srokacompany.com\/de\/produkt\/vorderer-kotfluegel-s-foil-high-aspect-1190-waves\/#primaryimage"},"image":{"@id":"https:\/\/srokacompany.com\/de\/produkt\/vorderer-kotfluegel-s-foil-high-aspect-1190-waves\/#primaryimage"},"thumbnailUrl":"https:\/\/srokacompany.com\/wp-content\/uploads\/2023\/07\/Aile-avant-1190-waves-1-1.png","datePublished":"2023-07-25T09:32:13+00:00","dateModified":"2025-12-01T11:13:38+00:00","description":"1190 Wave Frontfl\u00fcgel: Ein kontrollierter Flex, der die Leistung beim Pumping erh\u00f6ht. Perfekt f\u00fcr kleine bis mittelgro\u00dfe Wellen.","breadcrumb":{"@id":"https:\/\/srokacompany.com\/de\/produkt\/vorderer-kotfluegel-s-foil-high-aspect-1190-waves\/#breadcrumb"},"inLanguage":"de","potentialAction":[{"@type":"ReadAction","target":["https:\/\/srokacompany.com\/de\/produkt\/vorderer-kotfluegel-s-foil-high-aspect-1190-waves\/"]}]},{"@type":"ImageObject","inLanguage":"de","@id":"https:\/\/srokacompany.com\/de\/produkt\/vorderer-kotfluegel-s-foil-high-aspect-1190-waves\/#primaryimage","url":"https:\/\/srokacompany.com\/wp-content\/uploads\/2023\/07\/Aile-avant-1190-waves-1-1.png","contentUrl":"https:\/\/srokacompany.com\/wp-content\/uploads\/2023\/07\/Aile-avant-1190-waves-1-1.png","width":740,"height":1080,"caption":"Produktfoto Vorderer Kotfl\u00fcgel 1190 waves (1)"},{"@type":"BreadcrumbList","@id":"https:\/\/srokacompany.com\/de\/produkt\/vorderer-kotfluegel-s-foil-high-aspect-1190-waves\/#breadcrumb","itemListElement":[{"@type":"ListItem","position":1,"name":"Accueil","item":"https:\/\/srokacompany.com\/de\/"},{"@type":"ListItem","position":2,"name":"Laden","item":"https:\/\/srokacompany.com\/laden\/"},{"@type":"ListItem","position":3,"name":"Vorderer Kotfl\u00fcgel S-foil High Aspect 1190 Waves"}]},{"@type":"WebSite","@id":"https:\/\/srokacompany.com\/de\/#website","url":"https:\/\/srokacompany.com\/de\/","name":"SROKA Company","description":"SUP, Kite, Foil, Wing","publisher":{"@id":"https:\/\/srokacompany.com\/de\/#organization"},"potentialAction":[{"@type":"SearchAction","target":{"@type":"EntryPoint","urlTemplate":"https:\/\/srokacompany.com\/de\/?s={search_term_string}"},"query-input":{"@type":"PropertyValueSpecification","valueRequired":true,"valueName":"search_term_string"}}],"inLanguage":"de"},{"@type":"Organization","@id":"https:\/\/srokacompany.com\/de\/#organization","name":"SROKACOMPANY","alternateName":"SROKA","url":"https:\/\/srokacompany.com\/de\/","logo":{"@type":"ImageObject","inLanguage":"de","@id":"https:\/\/srokacompany.com\/de\/#\/schema\/logo\/image\/","url":"https:\/\/srokacompany.com\/wp-content\/uploads\/2021\/01\/logo-sroka-black-transpa.png","contentUrl":"https:\/\/srokacompany.com\/wp-content\/uploads\/2021\/01\/logo-sroka-black-transpa.png","width":1201,"height":342,"caption":"SROKACOMPANY"},"image":{"@id":"https:\/\/srokacompany.com\/de\/#\/schema\/logo\/image\/"},"sameAs":["https:\/\/www.facebook.com\/srokawatersports\/","https:\/\/www.instagram.com\/srokawatersports\/","https:\/\/www.youtube.com\/channel\/UCVLHHeaPIm-J5bdEUgxqtZA"]}]}},"uagb_featured_image_src":{"full":["https:\/\/srokacompany.com\/wp-content\/uploads\/2023\/07\/Aile-avant-1190-waves-1-1.png",740,1080,false],"thumbnail":["https:\/\/srokacompany.com\/wp-content\/uploads\/2023\/07\/Aile-avant-1190-waves-1-1-150x150.png",150,150,true],"medium":["https:\/\/srokacompany.com\/wp-content\/uploads\/2023\/07\/Aile-avant-1190-waves-1-1-206x300.png",206,300,true],"medium_large":["https:\/\/srokacompany.com\/wp-content\/uploads\/2023\/07\/Aile-avant-1190-waves-1-1.png",740,1080,false],"large":["https:\/\/srokacompany.com\/wp-content\/uploads\/2023\/07\/Aile-avant-1190-waves-1-1-702x1024.png",702,1024,true],"1536x1536":["https:\/\/srokacompany.com\/wp-content\/uploads\/2023\/07\/Aile-avant-1190-waves-1-1.png",740,1080,false],"2048x2048":["https:\/\/srokacompany.com\/wp-content\/uploads\/2023\/07\/Aile-avant-1190-waves-1-1.png",740,1080,false],"woocommerce_thumbnail":["https:\/\/srokacompany.com\/wp-content\/uploads\/2023\/07\/Aile-avant-1190-waves-1-1-600x876.png",600,876,true],"woocommerce_single":["https:\/\/srokacompany.com\/wp-content\/uploads\/2023\/07\/Aile-avant-1190-waves-1-1-600x876.png",600,876,true],"woocommerce_gallery_thumbnail":["https:\/\/srokacompany.com\/wp-content\/uploads\/2023\/07\/Aile-avant-1190-waves-1-1-100x100.png",100,100,true],"dgwt-wcas-product-suggestion":["https:\/\/srokacompany.com\/wp-content\/uploads\/2023\/07\/Aile-avant-1190-waves-1-1.png",64,93,false]},"uagb_author_info":{"display_name":"Emmanuel DIJOUX","author_link":"https:\/\/srokacompany.com\/de\/blog\/author\/"},"uagb_comment_info":0,"uagb_excerpt":"Flex-Management: Ein neues Verfahren zur Optimierung der Leistung beim Pumpen. Durch umfangreiche Tests und monatelange Forschung und Entwicklung haben wir verschiedene Methoden angewandt, wie z. B. eine sorgf\u00e4ltige Materialauswahl, die strategische Anordnung der Karbonschichten, die gezielte Verteilung von Verst\u00e4rkungen und ein pr\u00e4zises Profildesign, um den Flex des Vorderfl\u00fcgels zu steuern. So entstand ein Profil, das&hellip;","jetpack_sharing_enabled":true,"_links":{"self":[{"href":"https:\/\/srokacompany.com\/de\/wp-json\/wp\/v2\/product\/343873","targetHints":{"allow":["GET"]}}],"collection":[{"href":"https:\/\/srokacompany.com\/de\/wp-json\/wp\/v2\/product"}],"about":[{"href":"https:\/\/srokacompany.com\/de\/wp-json\/wp\/v2\/types\/product"}],"wp:featuredmedia":[{"embeddable":true,"href":"https:\/\/srokacompany.com\/de\/wp-json\/wp\/v2\/media\/343875"}],"wp:attachment":[{"href":"https:\/\/srokacompany.com\/de\/wp-json\/wp\/v2\/media?parent=343873"}],"wp:term":[{"taxonomy":"product_brand","embeddable":true,"href":"https:\/\/srokacompany.com\/de\/wp-json\/wp\/v2\/product_brand?post=343873"},{"taxonomy":"product_cat","embeddable":true,"href":"https:\/\/srokacompany.com\/de\/wp-json\/wp\/v2\/product_cat?post=343873"},{"taxonomy":"product_tag","embeddable":true,"href":"https:\/\/srokacompany.com\/de\/wp-json\/wp\/v2\/product_tag?post=343873"}],"curies":[{"name":"wp","href":"https:\/\/api.w.org\/{rel}","templated":true}]}}