{"id":343889,"date":"2023-08-02T14:56:41","date_gmt":"2023-08-02T14:56:41","guid":{"rendered":"https:\/\/srokacompany.com\/produit\/mini-pocket-33-carbon\/"},"modified":"2025-06-26T17:54:37","modified_gmt":"2025-06-26T15:54:37","slug":"mini-pocket-33-carbon","status":"publish","type":"product","link":"https:\/\/srokacompany.com\/de\/produkt\/mini-pocket-33-carbon\/","title":{"rendered":"Mini Pocket 3&#8217;3 Carbon"},"content":{"rendered":"<hr>\n<h2>Tauchen Sie ein in eine Welt der Pr\u00e4zision und Effizienz, erweitern Sie die Grenzen des Pumpens und legen Sie lange Distanzen in perfekter Symbiose mit dem Wasser zur\u00fcck &#8211; mit diesem Mini Pocket 3&#8217;3 Carbon.<\/h2>\n<p>Das ultraharte Design der Mini Pocket l\u00e4sst Sie mit dem foil verschmelzen.<\/p>\n<p>Dank des ultraharten Designs und der geringen Gr\u00f6\u00dfe f\u00fchlst du dich mit dem foil verschmolzen und kannst mit au\u00dfergew\u00f6hnlicher Reaktionsf\u00e4higkeit gleiten. Die Erfahrung ist wirklich angenehm!<\/p>\n<p>Gebaut mit au\u00dfergew\u00f6hnlicher Handwerkskunst, besteht ein Sandwich aus Kohlefaser und Airex aus diesem technischen Kunstwerk. Ein sorgf\u00e4ltig platziertes Kick Tail sorgt f\u00fcr maximale Kontrolle bei gewagten Man\u00f6vern. Die 30 verstellbaren Eins\u00e4tze bieten unz\u00e4hlige Strap-Einstellungen und passen das SROKA Mini Pocket 3&#8217;3 Carbon an deinen Stil, deine Leidenschaft und deine Eleganz an. Der leichte Rocker ist der Schl\u00fcssel zu einer au\u00dfergew\u00f6hnlichen Reaktionsf\u00e4higkeit bei allen Sportarten, die du liebst.   <\/p>\n<p>F\u00fcr alle, die Leistung, Leichtigkeit und Robustheit lieben, egal ob Sie sich f\u00fcr Pumping, Wakefoil, gezogenes Surfen oder Kite-foil entscheiden, das Pocket Carbon verspricht Ihnen extreme und unvergessliche Erlebnisse.<\/p>\n","protected":false},"excerpt":{"rendered":"<p>Tauchen Sie ein in eine Welt der Pr\u00e4zision und Effizienz, erweitern Sie die Grenzen des Pumpens und legen Sie lange Distanzen in perfekter Symbiose mit dem Wasser zur\u00fcck &#8211; mit diesem Mini Pocket 3&#8217;3 Carbon. Das ultraharte Design der Mini Pocket l\u00e4sst Sie mit dem foil verschmelzen. Dank des ultraharten Designs und der geringen Gr\u00f6\u00dfe [&hellip;]<\/p>\n","protected":false},"featured_media":343893,"template":"","meta":{"_acf_changed":false,"_uag_custom_page_level_css":""},"product_brand":[],"product_cat":[3668,3644],"product_tag":[3535,3459,3443,3442],"class_list":{"0":"post-343889","1":"product","2":"type-product","3":"status-publish","4":"has-post-thumbnail","6":"product_cat-alle-unsere-dockstart-boards","7":"product_cat-dockstart-pumpen","8":"product_tag-elite-de","9":"product_tag-experte","10":"product_tag-fortgeschrittene","11":"product_tag-schlau","13":"first","14":"instock","15":"taxable","16":"shipping-taxable","17":"purchasable","18":"product-type-simple"},"acf":[],"yoast_head":"<!-- This site is optimized with the Yoast SEO plugin v27.4 - https:\/\/yoast.com\/product\/yoast-seo-wordpress\/ -->\n<title>Mini Pocket 3&#039;3 Carbon SROKA: Gleiten mit ultimativer Pr\u00e4zision!<\/title>\n<meta name=\"description\" content=\"Das SROKA Mini Pocket 3&#039;3 Carbon ist das ultimative Board f\u00fcr Pumping und Kitefoil. Es ist kompakt und steif und bietet die n\u00f6tige Steifigkeit.\" \/>\n<meta name=\"robots\" content=\"index, follow, max-snippet:-1, max-image-preview:large, max-video-preview:-1\" \/>\n<link rel=\"canonical\" href=\"https:\/\/srokacompany.com\/de\/produkt\/mini-pocket-33-carbon\/\" \/>\n<meta property=\"og:locale\" content=\"de_DE\" \/>\n<meta property=\"og:type\" content=\"article\" \/>\n<meta property=\"og:title\" content=\"Mini Pocket 3&#039;3 Carbon SROKA: Gleiten mit ultimativer Pr\u00e4zision!\" \/>\n<meta property=\"og:description\" content=\"Das SROKA Mini Pocket 3&#039;3 Carbon ist das ultimative Board f\u00fcr Pumping und Kitefoil. Es ist kompakt und steif und bietet die n\u00f6tige Steifigkeit.\" \/>\n<meta property=\"og:url\" content=\"https:\/\/srokacompany.com\/de\/produkt\/mini-pocket-33-carbon\/\" \/>\n<meta property=\"og:site_name\" content=\"SROKA Company\" \/>\n<meta property=\"article:publisher\" content=\"https:\/\/www.facebook.com\/srokawatersports\/\" \/>\n<meta property=\"article:modified_time\" content=\"2025-06-26T15:54:37+00:00\" \/>\n<meta property=\"og:image\" content=\"https:\/\/srokacompany.com\/wp-content\/uploads\/2023\/08\/Mini-pocket.jpg\" \/>\n\t<meta property=\"og:image:width\" content=\"740\" \/>\n\t<meta property=\"og:image:height\" content=\"1080\" \/>\n\t<meta property=\"og:image:type\" content=\"image\/jpeg\" \/>\n<meta name=\"twitter:label1\" content=\"Gesch\u00e4tzte Lesezeit\" \/>\n\t<meta name=\"twitter:data1\" content=\"1\u00a0Minute\" \/>\n<script type=\"application\/ld+json\" class=\"yoast-schema-graph\">{\"@context\":\"https:\\\/\\\/schema.org\",\"@graph\":[{\"@type\":\"WebPage\",\"@id\":\"https:\\\/\\\/srokacompany.com\\\/de\\\/produkt\\\/mini-pocket-33-carbon\\\/\",\"url\":\"https:\\\/\\\/srokacompany.com\\\/de\\\/produkt\\\/mini-pocket-33-carbon\\\/\",\"name\":\"Mini Pocket 3'3 Carbon SROKA: Gleiten mit ultimativer Pr\u00e4zision!\",\"isPartOf\":{\"@id\":\"https:\\\/\\\/srokacompany.com\\\/de\\\/#website\"},\"primaryImageOfPage\":{\"@id\":\"https:\\\/\\\/srokacompany.com\\\/de\\\/produkt\\\/mini-pocket-33-carbon\\\/#primaryimage\"},\"image\":{\"@id\":\"https:\\\/\\\/srokacompany.com\\\/de\\\/produkt\\\/mini-pocket-33-carbon\\\/#primaryimage\"},\"thumbnailUrl\":\"https:\\\/\\\/srokacompany.com\\\/wp-content\\\/uploads\\\/2023\\\/08\\\/Mini-pocket.jpg\",\"datePublished\":\"2023-08-02T14:56:41+00:00\",\"dateModified\":\"2025-06-26T15:54:37+00:00\",\"description\":\"Das SROKA Mini Pocket 3'3 Carbon ist das ultimative Board f\u00fcr Pumping und Kitefoil. Es ist kompakt und steif und bietet die n\u00f6tige Steifigkeit.\",\"breadcrumb\":{\"@id\":\"https:\\\/\\\/srokacompany.com\\\/de\\\/produkt\\\/mini-pocket-33-carbon\\\/#breadcrumb\"},\"inLanguage\":\"de\",\"potentialAction\":[{\"@type\":\"ReadAction\",\"target\":[\"https:\\\/\\\/srokacompany.com\\\/de\\\/produkt\\\/mini-pocket-33-carbon\\\/\"]}]},{\"@type\":\"ImageObject\",\"inLanguage\":\"de\",\"@id\":\"https:\\\/\\\/srokacompany.com\\\/de\\\/produkt\\\/mini-pocket-33-carbon\\\/#primaryimage\",\"url\":\"https:\\\/\\\/srokacompany.com\\\/wp-content\\\/uploads\\\/2023\\\/08\\\/Mini-pocket.jpg\",\"contentUrl\":\"https:\\\/\\\/srokacompany.com\\\/wp-content\\\/uploads\\\/2023\\\/08\\\/Mini-pocket.jpg\",\"width\":740,\"height\":1080,\"caption\":\"planche kitefoil carbone SROKA Mini Pocket 3'3 full sandwich\"},{\"@type\":\"BreadcrumbList\",\"@id\":\"https:\\\/\\\/srokacompany.com\\\/de\\\/produkt\\\/mini-pocket-33-carbon\\\/#breadcrumb\",\"itemListElement\":[{\"@type\":\"ListItem\",\"position\":1,\"name\":\"Accueil\",\"item\":\"https:\\\/\\\/srokacompany.com\\\/de\\\/\"},{\"@type\":\"ListItem\",\"position\":2,\"name\":\"Laden\",\"item\":\"https:\\\/\\\/srokacompany.com\\\/laden\\\/\"},{\"@type\":\"ListItem\",\"position\":3,\"name\":\"Mini Pocket 3&#8217;3 Carbon\"}]},{\"@type\":\"WebSite\",\"@id\":\"https:\\\/\\\/srokacompany.com\\\/de\\\/#website\",\"url\":\"https:\\\/\\\/srokacompany.com\\\/de\\\/\",\"name\":\"SROKA Company\",\"description\":\"SUP, Kite, Foil, Wing\",\"publisher\":{\"@id\":\"https:\\\/\\\/srokacompany.com\\\/de\\\/#organization\"},\"potentialAction\":[{\"@type\":\"SearchAction\",\"target\":{\"@type\":\"EntryPoint\",\"urlTemplate\":\"https:\\\/\\\/srokacompany.com\\\/de\\\/?s={search_term_string}\"},\"query-input\":{\"@type\":\"PropertyValueSpecification\",\"valueRequired\":true,\"valueName\":\"search_term_string\"}}],\"inLanguage\":\"de\"},{\"@type\":\"Organization\",\"@id\":\"https:\\\/\\\/srokacompany.com\\\/de\\\/#organization\",\"name\":\"SROKACOMPANY\",\"alternateName\":\"SROKA\",\"url\":\"https:\\\/\\\/srokacompany.com\\\/de\\\/\",\"logo\":{\"@type\":\"ImageObject\",\"inLanguage\":\"de\",\"@id\":\"https:\\\/\\\/srokacompany.com\\\/de\\\/#\\\/schema\\\/logo\\\/image\\\/\",\"url\":\"https:\\\/\\\/srokacompany.com\\\/wp-content\\\/uploads\\\/2021\\\/01\\\/logo-sroka-black-transpa.png\",\"contentUrl\":\"https:\\\/\\\/srokacompany.com\\\/wp-content\\\/uploads\\\/2021\\\/01\\\/logo-sroka-black-transpa.png\",\"width\":1201,\"height\":342,\"caption\":\"SROKACOMPANY\"},\"image\":{\"@id\":\"https:\\\/\\\/srokacompany.com\\\/de\\\/#\\\/schema\\\/logo\\\/image\\\/\"},\"sameAs\":[\"https:\\\/\\\/www.facebook.com\\\/srokawatersports\\\/\",\"https:\\\/\\\/www.instagram.com\\\/srokawatersports\\\/\",\"https:\\\/\\\/www.youtube.com\\\/channel\\\/UCVLHHeaPIm-J5bdEUgxqtZA\"]}]}<\/script>\n<!-- \/ Yoast SEO plugin. -->","yoast_head_json":{"title":"Mini Pocket 3'3 Carbon SROKA: Gleiten mit ultimativer Pr\u00e4zision!","description":"Das SROKA Mini Pocket 3'3 Carbon ist das ultimative Board f\u00fcr Pumping und Kitefoil. Es ist kompakt und steif und bietet die n\u00f6tige Steifigkeit.","robots":{"index":"index","follow":"follow","max-snippet":"max-snippet:-1","max-image-preview":"max-image-preview:large","max-video-preview":"max-video-preview:-1"},"canonical":"https:\/\/srokacompany.com\/de\/produkt\/mini-pocket-33-carbon\/","og_locale":"de_DE","og_type":"article","og_title":"Mini Pocket 3'3 Carbon SROKA: Gleiten mit ultimativer Pr\u00e4zision!","og_description":"Das SROKA Mini Pocket 3'3 Carbon ist das ultimative Board f\u00fcr Pumping und Kitefoil. Es ist kompakt und steif und bietet die n\u00f6tige Steifigkeit.","og_url":"https:\/\/srokacompany.com\/de\/produkt\/mini-pocket-33-carbon\/","og_site_name":"SROKA Company","article_publisher":"https:\/\/www.facebook.com\/srokawatersports\/","article_modified_time":"2025-06-26T15:54:37+00:00","og_image":[{"width":740,"height":1080,"url":"https:\/\/srokacompany.com\/wp-content\/uploads\/2023\/08\/Mini-pocket.jpg","type":"image\/jpeg"}],"twitter_misc":{"Gesch\u00e4tzte Lesezeit":"1\u00a0Minute"},"schema":{"@context":"https:\/\/schema.org","@graph":[{"@type":"WebPage","@id":"https:\/\/srokacompany.com\/de\/produkt\/mini-pocket-33-carbon\/","url":"https:\/\/srokacompany.com\/de\/produkt\/mini-pocket-33-carbon\/","name":"Mini Pocket 3'3 Carbon SROKA: Gleiten mit ultimativer Pr\u00e4zision!","isPartOf":{"@id":"https:\/\/srokacompany.com\/de\/#website"},"primaryImageOfPage":{"@id":"https:\/\/srokacompany.com\/de\/produkt\/mini-pocket-33-carbon\/#primaryimage"},"image":{"@id":"https:\/\/srokacompany.com\/de\/produkt\/mini-pocket-33-carbon\/#primaryimage"},"thumbnailUrl":"https:\/\/srokacompany.com\/wp-content\/uploads\/2023\/08\/Mini-pocket.jpg","datePublished":"2023-08-02T14:56:41+00:00","dateModified":"2025-06-26T15:54:37+00:00","description":"Das SROKA Mini Pocket 3'3 Carbon ist das ultimative Board f\u00fcr Pumping und Kitefoil. Es ist kompakt und steif und bietet die n\u00f6tige Steifigkeit.","breadcrumb":{"@id":"https:\/\/srokacompany.com\/de\/produkt\/mini-pocket-33-carbon\/#breadcrumb"},"inLanguage":"de","potentialAction":[{"@type":"ReadAction","target":["https:\/\/srokacompany.com\/de\/produkt\/mini-pocket-33-carbon\/"]}]},{"@type":"ImageObject","inLanguage":"de","@id":"https:\/\/srokacompany.com\/de\/produkt\/mini-pocket-33-carbon\/#primaryimage","url":"https:\/\/srokacompany.com\/wp-content\/uploads\/2023\/08\/Mini-pocket.jpg","contentUrl":"https:\/\/srokacompany.com\/wp-content\/uploads\/2023\/08\/Mini-pocket.jpg","width":740,"height":1080,"caption":"planche kitefoil carbone SROKA Mini Pocket 3'3 full sandwich"},{"@type":"BreadcrumbList","@id":"https:\/\/srokacompany.com\/de\/produkt\/mini-pocket-33-carbon\/#breadcrumb","itemListElement":[{"@type":"ListItem","position":1,"name":"Accueil","item":"https:\/\/srokacompany.com\/de\/"},{"@type":"ListItem","position":2,"name":"Laden","item":"https:\/\/srokacompany.com\/laden\/"},{"@type":"ListItem","position":3,"name":"Mini Pocket 3&#8217;3 Carbon"}]},{"@type":"WebSite","@id":"https:\/\/srokacompany.com\/de\/#website","url":"https:\/\/srokacompany.com\/de\/","name":"SROKA Company","description":"SUP, Kite, Foil, Wing","publisher":{"@id":"https:\/\/srokacompany.com\/de\/#organization"},"potentialAction":[{"@type":"SearchAction","target":{"@type":"EntryPoint","urlTemplate":"https:\/\/srokacompany.com\/de\/?s={search_term_string}"},"query-input":{"@type":"PropertyValueSpecification","valueRequired":true,"valueName":"search_term_string"}}],"inLanguage":"de"},{"@type":"Organization","@id":"https:\/\/srokacompany.com\/de\/#organization","name":"SROKACOMPANY","alternateName":"SROKA","url":"https:\/\/srokacompany.com\/de\/","logo":{"@type":"ImageObject","inLanguage":"de","@id":"https:\/\/srokacompany.com\/de\/#\/schema\/logo\/image\/","url":"https:\/\/srokacompany.com\/wp-content\/uploads\/2021\/01\/logo-sroka-black-transpa.png","contentUrl":"https:\/\/srokacompany.com\/wp-content\/uploads\/2021\/01\/logo-sroka-black-transpa.png","width":1201,"height":342,"caption":"SROKACOMPANY"},"image":{"@id":"https:\/\/srokacompany.com\/de\/#\/schema\/logo\/image\/"},"sameAs":["https:\/\/www.facebook.com\/srokawatersports\/","https:\/\/www.instagram.com\/srokawatersports\/","https:\/\/www.youtube.com\/channel\/UCVLHHeaPIm-J5bdEUgxqtZA"]}]}},"uagb_featured_image_src":{"full":["https:\/\/srokacompany.com\/wp-content\/uploads\/2023\/08\/Mini-pocket.jpg",740,1080,false],"thumbnail":["https:\/\/srokacompany.com\/wp-content\/uploads\/2023\/08\/Mini-pocket-150x150.jpg",150,150,true],"medium":["https:\/\/srokacompany.com\/wp-content\/uploads\/2023\/08\/Mini-pocket-206x300.jpg",206,300,true],"medium_large":["https:\/\/srokacompany.com\/wp-content\/uploads\/2023\/08\/Mini-pocket.jpg",740,1080,false],"large":["https:\/\/srokacompany.com\/wp-content\/uploads\/2023\/08\/Mini-pocket-702x1024.jpg",702,1024,true],"1536x1536":["https:\/\/srokacompany.com\/wp-content\/uploads\/2023\/08\/Mini-pocket.jpg",740,1080,false],"2048x2048":["https:\/\/srokacompany.com\/wp-content\/uploads\/2023\/08\/Mini-pocket.jpg",740,1080,false],"woocommerce_thumbnail":["https:\/\/srokacompany.com\/wp-content\/uploads\/2023\/08\/Mini-pocket-600x876.jpg",600,876,true],"woocommerce_single":["https:\/\/srokacompany.com\/wp-content\/uploads\/2023\/08\/Mini-pocket-600x876.jpg",600,876,true],"woocommerce_gallery_thumbnail":["https:\/\/srokacompany.com\/wp-content\/uploads\/2023\/08\/Mini-pocket-100x100.jpg",100,100,true],"dgwt-wcas-product-suggestion":["https:\/\/srokacompany.com\/wp-content\/uploads\/2023\/08\/Mini-pocket.jpg",64,93,false]},"uagb_author_info":{"display_name":"Emmanuel DIJOUX","author_link":"https:\/\/srokacompany.com\/de\/blog\/author\/"},"uagb_comment_info":0,"uagb_excerpt":"Tauchen Sie ein in eine Welt der Pr\u00e4zision und Effizienz, erweitern Sie die Grenzen des Pumpens und legen Sie lange Distanzen in perfekter Symbiose mit dem Wasser zur\u00fcck &#8211; mit diesem Mini Pocket 3&#8217;3 Carbon. Das ultraharte Design der Mini Pocket l\u00e4sst Sie mit dem foil verschmelzen. Dank des ultraharten Designs und der geringen Gr\u00f6\u00dfe&hellip;","jetpack_sharing_enabled":true,"_links":{"self":[{"href":"https:\/\/srokacompany.com\/de\/wp-json\/wp\/v2\/product\/343889","targetHints":{"allow":["GET"]}}],"collection":[{"href":"https:\/\/srokacompany.com\/de\/wp-json\/wp\/v2\/product"}],"about":[{"href":"https:\/\/srokacompany.com\/de\/wp-json\/wp\/v2\/types\/product"}],"wp:featuredmedia":[{"embeddable":true,"href":"https:\/\/srokacompany.com\/de\/wp-json\/wp\/v2\/media\/343893"}],"wp:attachment":[{"href":"https:\/\/srokacompany.com\/de\/wp-json\/wp\/v2\/media?parent=343889"}],"wp:term":[{"taxonomy":"product_brand","embeddable":true,"href":"https:\/\/srokacompany.com\/de\/wp-json\/wp\/v2\/product_brand?post=343889"},{"taxonomy":"product_cat","embeddable":true,"href":"https:\/\/srokacompany.com\/de\/wp-json\/wp\/v2\/product_cat?post=343889"},{"taxonomy":"product_tag","embeddable":true,"href":"https:\/\/srokacompany.com\/de\/wp-json\/wp\/v2\/product_tag?post=343889"}],"curies":[{"name":"wp","href":"https:\/\/api.w.org\/{rel}","templated":true}]}}