{"id":343918,"date":"2023-07-27T08:55:00","date_gmt":"2023-07-27T08:55:00","guid":{"rendered":"https:\/\/srokacompany.com\/produit\/vorderer-kotfluegel-high-aspect-810-s-ha\/"},"modified":"2025-11-25T11:04:42","modified_gmt":"2025-11-25T09:04:42","slug":"vorderer-kotfluegel-high-aspect-810-s-ha","status":"publish","type":"product","link":"https:\/\/srokacompany.com\/de\/produkt\/vorderer-kotfluegel-high-aspect-810-s-ha\/","title":{"rendered":"Vorderer Kotfl\u00fcgel High Aspect 810 S HA"},"content":{"rendered":"<hr>\n<div class=\"message\">\n<div class=\"content\" tabindex=\"0\">\n<div class=\"ac-container ac-adaptiveCard\">\n<div class=\"ac-textBlock\">\n<h2>Der einzige Fl\u00fcgel, den Sie brauchen<\/h2>\n<p>Der<b>High Aspect 810 S HA Frontfl\u00fcgel<\/b> wurde entwickelt, um die einzigartige L\u00f6sung f\u00fcr Rider zu sein, die keine Kompromisse eingehen wollen, sondern einen einzigen Fl\u00fcgel suchen, der eine Vielzahl von Praktiken abdeckt. Vergessen Sie den Zwang, sich entscheiden zu m\u00fcssen: Dieser Fl\u00fcgel macht <b>Leistung zug\u00e4nglich und spielerisch<\/b>, egal ob Sie findig oder Experte sind. <\/p>\n<ul>\n<li><b>Fr\u00fchstart &amp; Einfachheit:<\/b> Im Gegensatz zu reinen Wettkampfschirmen bietet der <b>810 S HA<\/b> dank seines progressiven Auftriebs einen sehr leichten Start. Er l\u00e4sst dich fr\u00fcher in der Luft sein und er\u00f6ffnet dir einen gr\u00f6\u00dferen Einsatzbereich, selbst wenn der Wind nachl\u00e4sst. <\/li>\n<li><b>Geschwindigkeit und Stabilit\u00e4t:<\/b> Genie\u00dfen Sie <b>hohe Geschwindigkeit<\/b> und einen hervorragenden <i>Glide<\/i> f\u00fcr Freeride oder Race. Seine Kompaktheit und sein Profil sorgen f\u00fcr tadellose <b>Stabilit\u00e4t<\/b> bei hohen Geschwindigkeiten und geben dir die Kontrolle, die du brauchst, um deine Grenzen vertrauensvoll zu erweitern. <\/li>\n<\/ul>\n<p>&nbsp;<\/p>\n<h2>Das Herz der Vielseitigkeit<\/h2>\n<p>Das  <b>810 S HA<\/b> exchttps:\/\/youtu.be\/7S8WT4bqUk8?si=EfX_YFdPAXG5Qo1bhttps:\/\/youtu.be\/7S8WT4bqUk8?si=EfX_YFdPAXG5Qo1belle in allen Facetten des foil :<\/p>\n<ul>\n<li><b>Wingfoil (Freestyle\/Race)<\/b>: Er bietet sowohl die Kraft, um beim <b>Freestyle<\/b> Tricks zu starten, als auch die Stabilit\u00e4t, um beim <b>Race<\/b> eine Linie an die andere zu reihen.<\/li>\n<li><b>Kitefoil<\/b>: Durch seine beruhigende Stabilit\u00e4t ist es ideal f\u00fcr Kitefoil, sodass du ohne \u00fcbertriebene Technik mit voller Geschwindigkeit segeln kannst.<\/li>\n<li><b>Wellen \/ Surf Foil<\/b>: Seine Wendigkeit und Kontrolle lassen Sie mit Leichtigkeit in gro\u00dfen <b>Wellen<\/b> <b>carven<\/b>, was das <b>Surf Foil<\/b> intuitiver und angenehmer macht.<\/li>\n<\/ul>\n<p>Der<b>High Aspect 810 S HA Vorderfl\u00fcgel<\/b> besteht aus <b>Prepreg-Carbon<\/b> und ist eine intelligente Investition, um sich in Ruhe weiterzuentwickeln und gleichzeitig eine Leistung zu erbringen, mit der du auf dem Wasser alle anderen hinter dir lassen kannst.<\/p>\n<\/div>\n<\/div>\n<\/div>\n<\/div>\n","protected":false},"excerpt":{"rendered":"<p><b>Vorderer Kotfl\u00fcgel High Aspect 810 S HA:<\/b> Der <b>&#8222;4&#215;4&#8220;<\/b> der Leistung. Ein perfektes Gleichgewicht zwischen <g id=\"gid_2\">hoher Geschwindigkeit<\/g> und <g id=\"gid_3\">zug\u00e4nglicher Stabilit\u00e4t<\/g>. Ultra-pr\u00e4ziser Start, ideal f\u00fcr <b>Wingfoil<\/b>, <b>Kitefoil<\/b>, <b>Freestyle<\/b>, f\u00fcr Rider mit einem Niveau von findig bis Experte, die einen einzigen Fl\u00fcgel f\u00fcr alles wollen.  <\/p>\n","protected":false},"featured_media":343927,"template":"","meta":{"_acf_changed":false,"_uag_custom_page_level_css":""},"product_brand":[],"product_cat":[3473,3440],"product_tag":[3459,3443,3442],"class_list":{"0":"post-343918","1":"product","2":"type-product","3":"status-publish","4":"has-post-thumbnail","6":"product_cat-alle-unsere-high-aspect-lamellen","7":"product_cat-flugel-wing-foil","8":"product_tag-experte","9":"product_tag-fortgeschrittene","10":"product_tag-schlau","11":"product_shipping_class-foil-komplett-oder-ersatzteile-wing-einheit","13":"first","14":"instock","15":"taxable","16":"shipping-taxable","17":"purchasable","18":"product-type-simple"},"acf":[],"yoast_head":"<!-- This site is optimized with the Yoast SEO plugin v27.4 - https:\/\/yoast.com\/product\/yoast-seo-wordpress\/ -->\n<title>Vorderer Kotfl\u00fcgel High Aspect 810 S HA - SROKA Company<\/title>\n<meta name=\"description\" content=\"Der High Aspect 810 S HA Vorderfl\u00fcgel ist ein Fl\u00fcgel f\u00fcr alle, die schnell fliegen wollen und dabei absolute Kontrolle \u00fcber alle Bedingungen haben wollen.\" \/>\n<meta name=\"robots\" content=\"index, follow, max-snippet:-1, max-image-preview:large, max-video-preview:-1\" \/>\n<link rel=\"canonical\" href=\"https:\/\/srokacompany.com\/de\/produkt\/vorderer-kotfluegel-high-aspect-810-s-ha\/\" \/>\n<meta property=\"og:locale\" content=\"de_DE\" \/>\n<meta property=\"og:type\" content=\"article\" \/>\n<meta property=\"og:title\" content=\"Vorderer Kotfl\u00fcgel High Aspect 810 S HA - SROKA Company\" \/>\n<meta property=\"og:description\" content=\"Der High Aspect 810 S HA Vorderfl\u00fcgel ist ein Fl\u00fcgel f\u00fcr alle, die schnell fliegen wollen und dabei absolute Kontrolle \u00fcber alle Bedingungen haben wollen.\" \/>\n<meta property=\"og:url\" content=\"https:\/\/srokacompany.com\/de\/produkt\/vorderer-kotfluegel-high-aspect-810-s-ha\/\" \/>\n<meta property=\"og:site_name\" content=\"SROKA Company\" \/>\n<meta property=\"article:publisher\" content=\"https:\/\/www.facebook.com\/srokawatersports\/\" \/>\n<meta property=\"article:modified_time\" content=\"2025-11-25T09:04:42+00:00\" \/>\n<meta property=\"og:image\" content=\"https:\/\/srokacompany.com\/wp-content\/uploads\/2023\/07\/810.895-2-1-scaled.jpg\" \/>\n\t<meta property=\"og:image:width\" content=\"2560\" \/>\n\t<meta property=\"og:image:height\" content=\"1920\" \/>\n\t<meta property=\"og:image:type\" content=\"image\/jpeg\" \/>\n<meta name=\"twitter:label1\" content=\"Gesch\u00e4tzte Lesezeit\" \/>\n\t<meta name=\"twitter:data1\" content=\"2\u00a0Minuten\" \/>\n<script type=\"application\/ld+json\" class=\"yoast-schema-graph\">{\"@context\":\"https:\\\/\\\/schema.org\",\"@graph\":[{\"@type\":\"WebPage\",\"@id\":\"https:\\\/\\\/srokacompany.com\\\/de\\\/produkt\\\/vorderer-kotfluegel-high-aspect-810-s-ha\\\/\",\"url\":\"https:\\\/\\\/srokacompany.com\\\/de\\\/produkt\\\/vorderer-kotfluegel-high-aspect-810-s-ha\\\/\",\"name\":\"Vorderer Kotfl\u00fcgel High Aspect 810 S HA - SROKA Company\",\"isPartOf\":{\"@id\":\"https:\\\/\\\/srokacompany.com\\\/de\\\/#website\"},\"primaryImageOfPage\":{\"@id\":\"https:\\\/\\\/srokacompany.com\\\/de\\\/produkt\\\/vorderer-kotfluegel-high-aspect-810-s-ha\\\/#primaryimage\"},\"image\":{\"@id\":\"https:\\\/\\\/srokacompany.com\\\/de\\\/produkt\\\/vorderer-kotfluegel-high-aspect-810-s-ha\\\/#primaryimage\"},\"thumbnailUrl\":\"https:\\\/\\\/srokacompany.com\\\/wp-content\\\/uploads\\\/2023\\\/07\\\/810.895-2-1-scaled.jpg\",\"datePublished\":\"2023-07-27T08:55:00+00:00\",\"dateModified\":\"2025-11-25T09:04:42+00:00\",\"description\":\"Der High Aspect 810 S HA Vorderfl\u00fcgel ist ein Fl\u00fcgel f\u00fcr alle, die schnell fliegen wollen und dabei absolute Kontrolle \u00fcber alle Bedingungen haben wollen.\",\"breadcrumb\":{\"@id\":\"https:\\\/\\\/srokacompany.com\\\/de\\\/produkt\\\/vorderer-kotfluegel-high-aspect-810-s-ha\\\/#breadcrumb\"},\"inLanguage\":\"de\",\"potentialAction\":[{\"@type\":\"ReadAction\",\"target\":[\"https:\\\/\\\/srokacompany.com\\\/de\\\/produkt\\\/vorderer-kotfluegel-high-aspect-810-s-ha\\\/\"]}]},{\"@type\":\"ImageObject\",\"inLanguage\":\"de\",\"@id\":\"https:\\\/\\\/srokacompany.com\\\/de\\\/produkt\\\/vorderer-kotfluegel-high-aspect-810-s-ha\\\/#primaryimage\",\"url\":\"https:\\\/\\\/srokacompany.com\\\/wp-content\\\/uploads\\\/2023\\\/07\\\/810.895-2-1-scaled.jpg\",\"contentUrl\":\"https:\\\/\\\/srokacompany.com\\\/wp-content\\\/uploads\\\/2023\\\/07\\\/810.895-2-1-scaled.jpg\",\"width\":2560,\"height\":1920},{\"@type\":\"BreadcrumbList\",\"@id\":\"https:\\\/\\\/srokacompany.com\\\/de\\\/produkt\\\/vorderer-kotfluegel-high-aspect-810-s-ha\\\/#breadcrumb\",\"itemListElement\":[{\"@type\":\"ListItem\",\"position\":1,\"name\":\"Accueil\",\"item\":\"https:\\\/\\\/srokacompany.com\\\/de\\\/\"},{\"@type\":\"ListItem\",\"position\":2,\"name\":\"Laden\",\"item\":\"https:\\\/\\\/srokacompany.com\\\/laden\\\/\"},{\"@type\":\"ListItem\",\"position\":3,\"name\":\"Vorderer Kotfl\u00fcgel High Aspect 810 S HA\"}]},{\"@type\":\"WebSite\",\"@id\":\"https:\\\/\\\/srokacompany.com\\\/de\\\/#website\",\"url\":\"https:\\\/\\\/srokacompany.com\\\/de\\\/\",\"name\":\"SROKA Company\",\"description\":\"SUP, Kite, Foil, Wing\",\"publisher\":{\"@id\":\"https:\\\/\\\/srokacompany.com\\\/de\\\/#organization\"},\"potentialAction\":[{\"@type\":\"SearchAction\",\"target\":{\"@type\":\"EntryPoint\",\"urlTemplate\":\"https:\\\/\\\/srokacompany.com\\\/de\\\/?s={search_term_string}\"},\"query-input\":{\"@type\":\"PropertyValueSpecification\",\"valueRequired\":true,\"valueName\":\"search_term_string\"}}],\"inLanguage\":\"de\"},{\"@type\":\"Organization\",\"@id\":\"https:\\\/\\\/srokacompany.com\\\/de\\\/#organization\",\"name\":\"SROKACOMPANY\",\"alternateName\":\"SROKA\",\"url\":\"https:\\\/\\\/srokacompany.com\\\/de\\\/\",\"logo\":{\"@type\":\"ImageObject\",\"inLanguage\":\"de\",\"@id\":\"https:\\\/\\\/srokacompany.com\\\/de\\\/#\\\/schema\\\/logo\\\/image\\\/\",\"url\":\"https:\\\/\\\/srokacompany.com\\\/wp-content\\\/uploads\\\/2021\\\/01\\\/logo-sroka-black-transpa.png\",\"contentUrl\":\"https:\\\/\\\/srokacompany.com\\\/wp-content\\\/uploads\\\/2021\\\/01\\\/logo-sroka-black-transpa.png\",\"width\":1201,\"height\":342,\"caption\":\"SROKACOMPANY\"},\"image\":{\"@id\":\"https:\\\/\\\/srokacompany.com\\\/de\\\/#\\\/schema\\\/logo\\\/image\\\/\"},\"sameAs\":[\"https:\\\/\\\/www.facebook.com\\\/srokawatersports\\\/\",\"https:\\\/\\\/www.instagram.com\\\/srokawatersports\\\/\",\"https:\\\/\\\/www.youtube.com\\\/channel\\\/UCVLHHeaPIm-J5bdEUgxqtZA\"]}]}<\/script>\n<!-- \/ Yoast SEO plugin. -->","yoast_head_json":{"title":"Vorderer Kotfl\u00fcgel High Aspect 810 S HA - SROKA Company","description":"Der High Aspect 810 S HA Vorderfl\u00fcgel ist ein Fl\u00fcgel f\u00fcr alle, die schnell fliegen wollen und dabei absolute Kontrolle \u00fcber alle Bedingungen haben wollen.","robots":{"index":"index","follow":"follow","max-snippet":"max-snippet:-1","max-image-preview":"max-image-preview:large","max-video-preview":"max-video-preview:-1"},"canonical":"https:\/\/srokacompany.com\/de\/produkt\/vorderer-kotfluegel-high-aspect-810-s-ha\/","og_locale":"de_DE","og_type":"article","og_title":"Vorderer Kotfl\u00fcgel High Aspect 810 S HA - SROKA Company","og_description":"Der High Aspect 810 S HA Vorderfl\u00fcgel ist ein Fl\u00fcgel f\u00fcr alle, die schnell fliegen wollen und dabei absolute Kontrolle \u00fcber alle Bedingungen haben wollen.","og_url":"https:\/\/srokacompany.com\/de\/produkt\/vorderer-kotfluegel-high-aspect-810-s-ha\/","og_site_name":"SROKA Company","article_publisher":"https:\/\/www.facebook.com\/srokawatersports\/","article_modified_time":"2025-11-25T09:04:42+00:00","og_image":[{"width":2560,"height":1920,"url":"https:\/\/srokacompany.com\/wp-content\/uploads\/2023\/07\/810.895-2-1-scaled.jpg","type":"image\/jpeg"}],"twitter_misc":{"Gesch\u00e4tzte Lesezeit":"2\u00a0Minuten"},"schema":{"@context":"https:\/\/schema.org","@graph":[{"@type":"WebPage","@id":"https:\/\/srokacompany.com\/de\/produkt\/vorderer-kotfluegel-high-aspect-810-s-ha\/","url":"https:\/\/srokacompany.com\/de\/produkt\/vorderer-kotfluegel-high-aspect-810-s-ha\/","name":"Vorderer Kotfl\u00fcgel High Aspect 810 S HA - SROKA Company","isPartOf":{"@id":"https:\/\/srokacompany.com\/de\/#website"},"primaryImageOfPage":{"@id":"https:\/\/srokacompany.com\/de\/produkt\/vorderer-kotfluegel-high-aspect-810-s-ha\/#primaryimage"},"image":{"@id":"https:\/\/srokacompany.com\/de\/produkt\/vorderer-kotfluegel-high-aspect-810-s-ha\/#primaryimage"},"thumbnailUrl":"https:\/\/srokacompany.com\/wp-content\/uploads\/2023\/07\/810.895-2-1-scaled.jpg","datePublished":"2023-07-27T08:55:00+00:00","dateModified":"2025-11-25T09:04:42+00:00","description":"Der High Aspect 810 S HA Vorderfl\u00fcgel ist ein Fl\u00fcgel f\u00fcr alle, die schnell fliegen wollen und dabei absolute Kontrolle \u00fcber alle Bedingungen haben wollen.","breadcrumb":{"@id":"https:\/\/srokacompany.com\/de\/produkt\/vorderer-kotfluegel-high-aspect-810-s-ha\/#breadcrumb"},"inLanguage":"de","potentialAction":[{"@type":"ReadAction","target":["https:\/\/srokacompany.com\/de\/produkt\/vorderer-kotfluegel-high-aspect-810-s-ha\/"]}]},{"@type":"ImageObject","inLanguage":"de","@id":"https:\/\/srokacompany.com\/de\/produkt\/vorderer-kotfluegel-high-aspect-810-s-ha\/#primaryimage","url":"https:\/\/srokacompany.com\/wp-content\/uploads\/2023\/07\/810.895-2-1-scaled.jpg","contentUrl":"https:\/\/srokacompany.com\/wp-content\/uploads\/2023\/07\/810.895-2-1-scaled.jpg","width":2560,"height":1920},{"@type":"BreadcrumbList","@id":"https:\/\/srokacompany.com\/de\/produkt\/vorderer-kotfluegel-high-aspect-810-s-ha\/#breadcrumb","itemListElement":[{"@type":"ListItem","position":1,"name":"Accueil","item":"https:\/\/srokacompany.com\/de\/"},{"@type":"ListItem","position":2,"name":"Laden","item":"https:\/\/srokacompany.com\/laden\/"},{"@type":"ListItem","position":3,"name":"Vorderer Kotfl\u00fcgel High Aspect 810 S HA"}]},{"@type":"WebSite","@id":"https:\/\/srokacompany.com\/de\/#website","url":"https:\/\/srokacompany.com\/de\/","name":"SROKA Company","description":"SUP, Kite, Foil, Wing","publisher":{"@id":"https:\/\/srokacompany.com\/de\/#organization"},"potentialAction":[{"@type":"SearchAction","target":{"@type":"EntryPoint","urlTemplate":"https:\/\/srokacompany.com\/de\/?s={search_term_string}"},"query-input":{"@type":"PropertyValueSpecification","valueRequired":true,"valueName":"search_term_string"}}],"inLanguage":"de"},{"@type":"Organization","@id":"https:\/\/srokacompany.com\/de\/#organization","name":"SROKACOMPANY","alternateName":"SROKA","url":"https:\/\/srokacompany.com\/de\/","logo":{"@type":"ImageObject","inLanguage":"de","@id":"https:\/\/srokacompany.com\/de\/#\/schema\/logo\/image\/","url":"https:\/\/srokacompany.com\/wp-content\/uploads\/2021\/01\/logo-sroka-black-transpa.png","contentUrl":"https:\/\/srokacompany.com\/wp-content\/uploads\/2021\/01\/logo-sroka-black-transpa.png","width":1201,"height":342,"caption":"SROKACOMPANY"},"image":{"@id":"https:\/\/srokacompany.com\/de\/#\/schema\/logo\/image\/"},"sameAs":["https:\/\/www.facebook.com\/srokawatersports\/","https:\/\/www.instagram.com\/srokawatersports\/","https:\/\/www.youtube.com\/channel\/UCVLHHeaPIm-J5bdEUgxqtZA"]}]}},"uagb_featured_image_src":{"full":["https:\/\/srokacompany.com\/wp-content\/uploads\/2023\/07\/810.895-2-1-scaled.jpg",2560,1920,false],"thumbnail":["https:\/\/srokacompany.com\/wp-content\/uploads\/2023\/07\/810.895-2-1-150x150.jpg",150,150,true],"medium":["https:\/\/srokacompany.com\/wp-content\/uploads\/2023\/07\/810.895-2-1-300x225.jpg",300,225,true],"medium_large":["https:\/\/srokacompany.com\/wp-content\/uploads\/2023\/07\/810.895-2-1-768x576.jpg",768,576,true],"large":["https:\/\/srokacompany.com\/wp-content\/uploads\/2023\/07\/810.895-2-1-1024x768.jpg",1024,768,true],"1536x1536":["https:\/\/srokacompany.com\/wp-content\/uploads\/2023\/07\/810.895-2-1-1536x1152.jpg",1536,1152,true],"2048x2048":["https:\/\/srokacompany.com\/wp-content\/uploads\/2023\/07\/810.895-2-1-2048x1536.jpg",2048,1536,true],"woocommerce_thumbnail":["https:\/\/srokacompany.com\/wp-content\/uploads\/2023\/07\/810.895-2-1-600x450.jpg",600,450,true],"woocommerce_single":["https:\/\/srokacompany.com\/wp-content\/uploads\/2023\/07\/810.895-2-1-600x450.jpg",600,450,true],"woocommerce_gallery_thumbnail":["https:\/\/srokacompany.com\/wp-content\/uploads\/2023\/07\/810.895-2-1-100x100.jpg",100,100,true],"dgwt-wcas-product-suggestion":["https:\/\/srokacompany.com\/wp-content\/uploads\/2023\/07\/810.895-2-1-scaled.jpg",64,48,false]},"uagb_author_info":{"display_name":"Emmanuel DIJOUX","author_link":"https:\/\/srokacompany.com\/de\/blog\/author\/"},"uagb_comment_info":0,"uagb_excerpt":"Vorderer Kotfl\u00fcgel High Aspect 810 S HA: Der \"4x4\" der Leistung. Ein perfektes Gleichgewicht zwischen hoher Geschwindigkeit und zug\u00e4nglicher Stabilit\u00e4t. Ultra-pr\u00e4ziser Start, ideal f\u00fcr Wingfoil, Kitefoil, Freestyle, f\u00fcr Rider mit einem Niveau von findig bis Experte, die einen einzigen Fl\u00fcgel f\u00fcr alles wollen.","jetpack_sharing_enabled":true,"_links":{"self":[{"href":"https:\/\/srokacompany.com\/de\/wp-json\/wp\/v2\/product\/343918","targetHints":{"allow":["GET"]}}],"collection":[{"href":"https:\/\/srokacompany.com\/de\/wp-json\/wp\/v2\/product"}],"about":[{"href":"https:\/\/srokacompany.com\/de\/wp-json\/wp\/v2\/types\/product"}],"wp:featuredmedia":[{"embeddable":true,"href":"https:\/\/srokacompany.com\/de\/wp-json\/wp\/v2\/media\/343927"}],"wp:attachment":[{"href":"https:\/\/srokacompany.com\/de\/wp-json\/wp\/v2\/media?parent=343918"}],"wp:term":[{"taxonomy":"product_brand","embeddable":true,"href":"https:\/\/srokacompany.com\/de\/wp-json\/wp\/v2\/product_brand?post=343918"},{"taxonomy":"product_cat","embeddable":true,"href":"https:\/\/srokacompany.com\/de\/wp-json\/wp\/v2\/product_cat?post=343918"},{"taxonomy":"product_tag","embeddable":true,"href":"https:\/\/srokacompany.com\/de\/wp-json\/wp\/v2\/product_tag?post=343918"}],"curies":[{"name":"wp","href":"https:\/\/api.w.org\/{rel}","templated":true}]}}