{"id":344099,"date":"2023-09-05T14:11:44","date_gmt":"2023-09-05T14:11:44","guid":{"rendered":"https:\/\/srokacompany.com\/produit\/foil-carbon-solo-16mm-85cm\/"},"modified":"2026-02-05T10:38:50","modified_gmt":"2026-02-05T08:38:50","slug":"foil-carbon-solo-16mm-85cm","status":"publish","type":"product","link":"https:\/\/srokacompany.com\/de\/produkt\/foil-carbon-solo-16mm-85cm\/","title":{"rendered":"Foil Carbon Solo HM 16mm | 85cm"},"content":{"rendered":"<p data-path-to-node=\"2\">Das <b data-path-to-node=\"2\" data-index-in-node=\"3\">HM<\/b> Solo 16mm 85cm <b data-path-to-node=\"2\" data-index-in-node=\"3\">Carbon Foil<\/b> ist die absolute Referenz f\u00fcr anspruchsvolle Rider. <b data-path-to-node=\"2\" data-index-in-node=\"86\">Denn<\/b> seine spezifische Dicke bietet einen perfekten Kompromiss zwischen ausgezeichneter Gleitf\u00e4higkeit und direkter Steifigkeit.<\/p>\n<h4 data-path-to-node=\"3\">Un\u00fcbertroffene Stabilit\u00e4t und Kraft<\/h4>\n<p data-path-to-node=\"4\">Definiere deine Erfahrung neu mit dem SROKA <b data-path-to-node=\"4\" data-index-in-node=\"38\">HM Carbon Foil<\/b>. Diese Ausr\u00fcstung ist ideal f\u00fcr Fahrer, die maximale Stabilit\u00e4t und Kontrolle suchen. <b data-path-to-node=\"4\" data-index-in-node=\"165\">Au\u00dferdem<\/b> wurde es speziell f\u00fcr schwere K\u00f6rpergr\u00f6\u00dfen oder diejenigen, die eine ultraharte Verbindung ben\u00f6tigen, entwickelt. Damit wird dieser Mast zum perfekten Verb\u00fcndeten f\u00fcr Wing Foil, Surf Foil und SUP Foil.<\/p>\n<p data-path-to-node=\"5\"><b data-path-to-node=\"5\" data-index-in-node=\"0\">Folglich<\/b> sorgt die verst\u00e4rkte Dicke von 16 mm f\u00fcr eine au\u00dfergew\u00f6hnliche Torsionssteifigkeit. Diese St\u00e4rke f\u00fchrt zu einer ph\u00e4nomenalen Stabilit\u00e4t beim Abheben. Jeder Druck wird sofort weitergeleitet, was dir ein direktes Gef\u00fchl von Kraft vermittelt. <b data-path-to-node=\"5\" data-index-in-node=\"270\">So<\/b> k\u00f6nnen die Fahrer die absolute Kontrolle behalten, ohne dass der Mast sich unerw\u00fcnscht verbiegt.  <\/p>\n<h4 data-path-to-node=\"6\">Verbesserte Genauigkeit und Kontrolle<\/h4>\n<p data-path-to-node=\"7\">Die L\u00e4nge von 85 cm wurde sorgf\u00e4ltig auf eine optimale Balance abgestimmt. Sie erm\u00f6glicht steilere Kr\u00e4ngungswinkel und erleichtert gleichzeitig enge Kurven. <b data-path-to-node=\"7\" data-index-in-node=\"167\">Allerdings<\/b> bietet sie auch einen komfortablen Sicherheitsabstand bei Wellengang. Das hydrodynamische Design minimiert den Luftwiderstand und sorgt f\u00fcr ein geschmeidiges Glide.  <\/p>\n<h4 data-path-to-node=\"8\">Robustes und leichtes Design<\/h4>\n<p data-path-to-node=\"9\">Dieser Mast wird aus leistungsstarken Kohlefasern hergestellt und vereint Robustheit und Leichtigkeit. <b data-path-to-node=\"9\" data-index-in-node=\"87\">Dar\u00fcber hinaus<\/b> garantiert diese Kombination eine au\u00dfergew\u00f6hnliche Haltbarkeit bei h\u00e4rtesten Belastungen. Diese Investition sichert Ihnen eine zuverl\u00e4ssige Ausr\u00fcstung, mit der Sie dauerhaft Fortschritte machen k\u00f6nnen.<\/p>\n<h3 data-path-to-node=\"3,0\">Warum sollte man sich f\u00fcr den Foil Carbon HM Sroka Mast entscheiden?<\/h3>\n<p data-path-to-node=\"3,1\">Das <b data-path-to-node=\"3,1\" data-index-in-node=\"3\">HM<\/b> (High Modulus) <b data-path-to-node=\"3,1\" data-index-in-node=\"3\">Carbon Foil<\/b> bietet einen geringen Luftwiderstand und eine sofortige Reaktionsf\u00e4higkeit. <b data-path-to-node=\"3,1\" data-index-in-node=\"88\">Denn<\/b> diese Technologie erm\u00f6glicht es, jeden Druckpunkt in eine blitzschnelle Beschleunigung umzusetzen. <b data-path-to-node=\"3,1\" data-index-in-node=\"183\">Au\u00dferdem<\/b> ist dieses Modell zu 100% kompatibel mit unseren High Aspect <a class=\"ng-star-inserted\" href=\"https:\/\/www.google.com\/search?q=https:\/\/srokacompany.com\/eshop\/foils\/ailes-avant-de-wing-foil\/\" target=\"_blank\" rel=\"noopener\">Wing Foil Vorderfl\u00fcgeln<\/a>. <b data-path-to-node=\"3,1\" data-index-in-node=\"281\">Daher<\/b> k\u00f6nnen Sie Ihre Ausr\u00fcstung entsprechend Ihren Fortschritten erweitern. Wir laden Sie ein, die Steifigkeitstests dieses <b data-path-to-node=\"3,1\" data-index-in-node=\"431\">Foils<\/b> auf unserem <a class=\"ng-star-inserted\" href=\"https:\/\/www.youtube.com\/@SrokaCompany\" target=\"_blank\" rel=\"noopener\">YouTube-Kanal Sroka Company<\/a> zu sehen.<\/p>\n<p data-path-to-node=\"3,1\">Dieses HM Carbon Foil passt perfekt zu <a href=\"https:\/\/srokacompany.com\/de\/eshop\/brett-elite-reihe\/\">den Elite Boards<\/a>. Ein steifes Foil mit einem steifen Board bringt noch mehr Leistung und Reaktionsf\u00e4higkeit.<\/p>\n<hr>\n","protected":false},"excerpt":{"rendered":"<p>Das <strong>HM<\/strong><b data-path-to-node=\"9,0\" data-index-in-node=\"4\"> <\/b>Solo 16mm <strong>Carbon Foil<\/strong> Solo 85cm ist die Referenz f\u00fcr anspruchsvolle Rider. <b data-path-to-node=\"9,0\" data-index-in-node=\"76\">Denn<\/b> seine Dicke von 16mm bietet einen perfekten Kompromiss zwischen ausgezeichnetem Gleiten und direkter Steifigkeit. <b data-path-to-node=\"9,0\" data-index-in-node=\"192\">Dar\u00fcber hinaus<\/b> besteht das <b data-path-to-node=\"9,0\" data-index-in-node=\"204\">16mm HM Carbon Fo<\/b> il aus 62% hochmoduligem <b data-path-to-node=\"9,0\" data-index-in-node=\"204\">Carbon<\/b>, was eine sofortige Reaktionsf\u00e4higkeit beim Wing Foil oder Surf Foil garantiert.<\/p>\n","protected":false},"featured_media":344108,"template":"","meta":{"_acf_changed":false,"_uag_custom_page_level_css":""},"product_brand":[],"product_cat":[3699,3676,3495,3541,3493,3497,3500,3499,3494,3453],"product_tag":[3441,3459,3443,3442],"class_list":{"0":"post-344099","1":"product","2":"type-product","3":"status-publish","4":"has-post-thumbnail","6":"product_cat-alle-carbon-foils","7":"product_cat-alle-unsere-control-foils","8":"product_cat-alle-unsere-foils-von-sup-foil-downwind","9":"product_cat-alle-unsere-high-aspect-foils","10":"product_cat-foil-de","11":"product_cat-foil-uha-sortiment-downwind","12":"product_cat-foils-dockstart-alu-carbonne-de","13":"product_cat-foils-wing-foil-de","14":"product_cat-surf-foils-foil","15":"product_cat-wing-foil-de","16":"product_tag-anfanger","17":"product_tag-experte","18":"product_tag-fortgeschrittene","19":"product_tag-schlau","20":"product_shipping_class-foil-komplett-oder-ersatzteile-wing-einheit","22":"first","23":"instock","24":"taxable","25":"shipping-taxable","26":"purchasable","27":"product-type-variable","28":"has-default-attributes"},"acf":[],"yoast_head":"<!-- This site is optimized with the Yoast SEO plugin v27.4 - https:\/\/yoast.com\/product\/yoast-seo-wordpress\/ -->\n<title>Foil Carbon HM Solo 16mm | Mast Hoch Modul Sroka.<\/title>\n<meta name=\"description\" content=\"Das gel\u00e4ndeg\u00e4ngige und effiziente HM Carbon Foil. Erleben Sie mit diesem foil eine neue Art des Gleitens, die Ihre Gef\u00fchle in allen Disziplinen entfesselt.\" \/>\n<meta name=\"robots\" content=\"index, follow, max-snippet:-1, max-image-preview:large, max-video-preview:-1\" \/>\n<link rel=\"canonical\" href=\"https:\/\/srokacompany.com\/de\/produkt\/foil-carbon-solo-16mm-85cm\/\" \/>\n<meta property=\"og:locale\" content=\"de_DE\" \/>\n<meta property=\"og:type\" content=\"article\" \/>\n<meta property=\"og:title\" content=\"Foil Carbon HM Solo 16mm | Mast Hoch Modul Sroka.\" \/>\n<meta property=\"og:description\" content=\"Das gel\u00e4ndeg\u00e4ngige und effiziente HM Carbon Foil. Erleben Sie mit diesem foil eine neue Art des Gleitens, die Ihre Gef\u00fchle in allen Disziplinen entfesselt.\" \/>\n<meta property=\"og:url\" content=\"https:\/\/srokacompany.com\/de\/produkt\/foil-carbon-solo-16mm-85cm\/\" \/>\n<meta property=\"og:site_name\" content=\"SROKA Company\" \/>\n<meta property=\"article:publisher\" content=\"https:\/\/www.facebook.com\/srokawatersports\/\" \/>\n<meta property=\"article:modified_time\" content=\"2026-02-05T08:38:50+00:00\" \/>\n<meta property=\"og:image\" content=\"https:\/\/srokacompany.com\/wp-content\/uploads\/2023\/09\/foil-solo-16mm-photo-produit.png\" \/>\n\t<meta property=\"og:image:width\" content=\"740\" \/>\n\t<meta property=\"og:image:height\" content=\"1080\" \/>\n\t<meta property=\"og:image:type\" content=\"image\/png\" \/>\n<meta name=\"twitter:label1\" content=\"Gesch\u00e4tzte Lesezeit\" \/>\n\t<meta name=\"twitter:data1\" content=\"2\u00a0Minuten\" \/>\n<script type=\"application\/ld+json\" class=\"yoast-schema-graph\">{\"@context\":\"https:\\\/\\\/schema.org\",\"@graph\":[{\"@type\":\"WebPage\",\"@id\":\"https:\\\/\\\/srokacompany.com\\\/de\\\/produkt\\\/foil-carbon-solo-16mm-85cm\\\/\",\"url\":\"https:\\\/\\\/srokacompany.com\\\/de\\\/produkt\\\/foil-carbon-solo-16mm-85cm\\\/\",\"name\":\"Foil Carbon HM Solo 16mm | Mast Hoch Modul Sroka.\",\"isPartOf\":{\"@id\":\"https:\\\/\\\/srokacompany.com\\\/de\\\/#website\"},\"primaryImageOfPage\":{\"@id\":\"https:\\\/\\\/srokacompany.com\\\/de\\\/produkt\\\/foil-carbon-solo-16mm-85cm\\\/#primaryimage\"},\"image\":{\"@id\":\"https:\\\/\\\/srokacompany.com\\\/de\\\/produkt\\\/foil-carbon-solo-16mm-85cm\\\/#primaryimage\"},\"thumbnailUrl\":\"https:\\\/\\\/srokacompany.com\\\/wp-content\\\/uploads\\\/2023\\\/09\\\/foil-solo-16mm-photo-produit.png\",\"datePublished\":\"2023-09-05T14:11:44+00:00\",\"dateModified\":\"2026-02-05T08:38:50+00:00\",\"description\":\"Das gel\u00e4ndeg\u00e4ngige und effiziente HM Carbon Foil. Erleben Sie mit diesem foil eine neue Art des Gleitens, die Ihre Gef\u00fchle in allen Disziplinen entfesselt.\",\"breadcrumb\":{\"@id\":\"https:\\\/\\\/srokacompany.com\\\/de\\\/produkt\\\/foil-carbon-solo-16mm-85cm\\\/#breadcrumb\"},\"inLanguage\":\"de\",\"potentialAction\":[{\"@type\":\"ReadAction\",\"target\":[\"https:\\\/\\\/srokacompany.com\\\/de\\\/produkt\\\/foil-carbon-solo-16mm-85cm\\\/\"]}]},{\"@type\":\"ImageObject\",\"inLanguage\":\"de\",\"@id\":\"https:\\\/\\\/srokacompany.com\\\/de\\\/produkt\\\/foil-carbon-solo-16mm-85cm\\\/#primaryimage\",\"url\":\"https:\\\/\\\/srokacompany.com\\\/wp-content\\\/uploads\\\/2023\\\/09\\\/foil-solo-16mm-photo-produit.png\",\"contentUrl\":\"https:\\\/\\\/srokacompany.com\\\/wp-content\\\/uploads\\\/2023\\\/09\\\/foil-solo-16mm-photo-produit.png\",\"width\":740,\"height\":1080,\"caption\":\"Foil Carbon HM Solo 16mm Sroka Company\"},{\"@type\":\"BreadcrumbList\",\"@id\":\"https:\\\/\\\/srokacompany.com\\\/de\\\/produkt\\\/foil-carbon-solo-16mm-85cm\\\/#breadcrumb\",\"itemListElement\":[{\"@type\":\"ListItem\",\"position\":1,\"name\":\"Accueil\",\"item\":\"https:\\\/\\\/srokacompany.com\\\/de\\\/\"},{\"@type\":\"ListItem\",\"position\":2,\"name\":\"Laden\",\"item\":\"https:\\\/\\\/srokacompany.com\\\/laden\\\/\"},{\"@type\":\"ListItem\",\"position\":3,\"name\":\"Foil Carbon Solo HM 16mm | 85cm\"}]},{\"@type\":\"WebSite\",\"@id\":\"https:\\\/\\\/srokacompany.com\\\/de\\\/#website\",\"url\":\"https:\\\/\\\/srokacompany.com\\\/de\\\/\",\"name\":\"SROKA Company\",\"description\":\"SUP, Kite, Foil, Wing\",\"publisher\":{\"@id\":\"https:\\\/\\\/srokacompany.com\\\/de\\\/#organization\"},\"potentialAction\":[{\"@type\":\"SearchAction\",\"target\":{\"@type\":\"EntryPoint\",\"urlTemplate\":\"https:\\\/\\\/srokacompany.com\\\/de\\\/?s={search_term_string}\"},\"query-input\":{\"@type\":\"PropertyValueSpecification\",\"valueRequired\":true,\"valueName\":\"search_term_string\"}}],\"inLanguage\":\"de\"},{\"@type\":\"Organization\",\"@id\":\"https:\\\/\\\/srokacompany.com\\\/de\\\/#organization\",\"name\":\"SROKACOMPANY\",\"alternateName\":\"SROKA\",\"url\":\"https:\\\/\\\/srokacompany.com\\\/de\\\/\",\"logo\":{\"@type\":\"ImageObject\",\"inLanguage\":\"de\",\"@id\":\"https:\\\/\\\/srokacompany.com\\\/de\\\/#\\\/schema\\\/logo\\\/image\\\/\",\"url\":\"https:\\\/\\\/srokacompany.com\\\/wp-content\\\/uploads\\\/2021\\\/01\\\/logo-sroka-black-transpa.png\",\"contentUrl\":\"https:\\\/\\\/srokacompany.com\\\/wp-content\\\/uploads\\\/2021\\\/01\\\/logo-sroka-black-transpa.png\",\"width\":1201,\"height\":342,\"caption\":\"SROKACOMPANY\"},\"image\":{\"@id\":\"https:\\\/\\\/srokacompany.com\\\/de\\\/#\\\/schema\\\/logo\\\/image\\\/\"},\"sameAs\":[\"https:\\\/\\\/www.facebook.com\\\/srokawatersports\\\/\",\"https:\\\/\\\/www.instagram.com\\\/srokawatersports\\\/\",\"https:\\\/\\\/www.youtube.com\\\/channel\\\/UCVLHHeaPIm-J5bdEUgxqtZA\"]}]}<\/script>\n<!-- \/ Yoast SEO plugin. -->","yoast_head_json":{"title":"Foil Carbon HM Solo 16mm | Mast Hoch Modul Sroka.","description":"Das gel\u00e4ndeg\u00e4ngige und effiziente HM Carbon Foil. Erleben Sie mit diesem foil eine neue Art des Gleitens, die Ihre Gef\u00fchle in allen Disziplinen entfesselt.","robots":{"index":"index","follow":"follow","max-snippet":"max-snippet:-1","max-image-preview":"max-image-preview:large","max-video-preview":"max-video-preview:-1"},"canonical":"https:\/\/srokacompany.com\/de\/produkt\/foil-carbon-solo-16mm-85cm\/","og_locale":"de_DE","og_type":"article","og_title":"Foil Carbon HM Solo 16mm | Mast Hoch Modul Sroka.","og_description":"Das gel\u00e4ndeg\u00e4ngige und effiziente HM Carbon Foil. Erleben Sie mit diesem foil eine neue Art des Gleitens, die Ihre Gef\u00fchle in allen Disziplinen entfesselt.","og_url":"https:\/\/srokacompany.com\/de\/produkt\/foil-carbon-solo-16mm-85cm\/","og_site_name":"SROKA Company","article_publisher":"https:\/\/www.facebook.com\/srokawatersports\/","article_modified_time":"2026-02-05T08:38:50+00:00","og_image":[{"width":740,"height":1080,"url":"https:\/\/srokacompany.com\/wp-content\/uploads\/2023\/09\/foil-solo-16mm-photo-produit.png","type":"image\/png"}],"twitter_misc":{"Gesch\u00e4tzte Lesezeit":"2\u00a0Minuten"},"schema":{"@context":"https:\/\/schema.org","@graph":[{"@type":"WebPage","@id":"https:\/\/srokacompany.com\/de\/produkt\/foil-carbon-solo-16mm-85cm\/","url":"https:\/\/srokacompany.com\/de\/produkt\/foil-carbon-solo-16mm-85cm\/","name":"Foil Carbon HM Solo 16mm | Mast Hoch Modul Sroka.","isPartOf":{"@id":"https:\/\/srokacompany.com\/de\/#website"},"primaryImageOfPage":{"@id":"https:\/\/srokacompany.com\/de\/produkt\/foil-carbon-solo-16mm-85cm\/#primaryimage"},"image":{"@id":"https:\/\/srokacompany.com\/de\/produkt\/foil-carbon-solo-16mm-85cm\/#primaryimage"},"thumbnailUrl":"https:\/\/srokacompany.com\/wp-content\/uploads\/2023\/09\/foil-solo-16mm-photo-produit.png","datePublished":"2023-09-05T14:11:44+00:00","dateModified":"2026-02-05T08:38:50+00:00","description":"Das gel\u00e4ndeg\u00e4ngige und effiziente HM Carbon Foil. Erleben Sie mit diesem foil eine neue Art des Gleitens, die Ihre Gef\u00fchle in allen Disziplinen entfesselt.","breadcrumb":{"@id":"https:\/\/srokacompany.com\/de\/produkt\/foil-carbon-solo-16mm-85cm\/#breadcrumb"},"inLanguage":"de","potentialAction":[{"@type":"ReadAction","target":["https:\/\/srokacompany.com\/de\/produkt\/foil-carbon-solo-16mm-85cm\/"]}]},{"@type":"ImageObject","inLanguage":"de","@id":"https:\/\/srokacompany.com\/de\/produkt\/foil-carbon-solo-16mm-85cm\/#primaryimage","url":"https:\/\/srokacompany.com\/wp-content\/uploads\/2023\/09\/foil-solo-16mm-photo-produit.png","contentUrl":"https:\/\/srokacompany.com\/wp-content\/uploads\/2023\/09\/foil-solo-16mm-photo-produit.png","width":740,"height":1080,"caption":"Foil Carbon HM Solo 16mm Sroka Company"},{"@type":"BreadcrumbList","@id":"https:\/\/srokacompany.com\/de\/produkt\/foil-carbon-solo-16mm-85cm\/#breadcrumb","itemListElement":[{"@type":"ListItem","position":1,"name":"Accueil","item":"https:\/\/srokacompany.com\/de\/"},{"@type":"ListItem","position":2,"name":"Laden","item":"https:\/\/srokacompany.com\/laden\/"},{"@type":"ListItem","position":3,"name":"Foil Carbon Solo HM 16mm | 85cm"}]},{"@type":"WebSite","@id":"https:\/\/srokacompany.com\/de\/#website","url":"https:\/\/srokacompany.com\/de\/","name":"SROKA Company","description":"SUP, Kite, Foil, Wing","publisher":{"@id":"https:\/\/srokacompany.com\/de\/#organization"},"potentialAction":[{"@type":"SearchAction","target":{"@type":"EntryPoint","urlTemplate":"https:\/\/srokacompany.com\/de\/?s={search_term_string}"},"query-input":{"@type":"PropertyValueSpecification","valueRequired":true,"valueName":"search_term_string"}}],"inLanguage":"de"},{"@type":"Organization","@id":"https:\/\/srokacompany.com\/de\/#organization","name":"SROKACOMPANY","alternateName":"SROKA","url":"https:\/\/srokacompany.com\/de\/","logo":{"@type":"ImageObject","inLanguage":"de","@id":"https:\/\/srokacompany.com\/de\/#\/schema\/logo\/image\/","url":"https:\/\/srokacompany.com\/wp-content\/uploads\/2021\/01\/logo-sroka-black-transpa.png","contentUrl":"https:\/\/srokacompany.com\/wp-content\/uploads\/2021\/01\/logo-sroka-black-transpa.png","width":1201,"height":342,"caption":"SROKACOMPANY"},"image":{"@id":"https:\/\/srokacompany.com\/de\/#\/schema\/logo\/image\/"},"sameAs":["https:\/\/www.facebook.com\/srokawatersports\/","https:\/\/www.instagram.com\/srokawatersports\/","https:\/\/www.youtube.com\/channel\/UCVLHHeaPIm-J5bdEUgxqtZA"]}]}},"uagb_featured_image_src":{"full":["https:\/\/srokacompany.com\/wp-content\/uploads\/2023\/09\/foil-solo-16mm-photo-produit.png",740,1080,false],"thumbnail":["https:\/\/srokacompany.com\/wp-content\/uploads\/2023\/09\/foil-solo-16mm-photo-produit-150x150.png",150,150,true],"medium":["https:\/\/srokacompany.com\/wp-content\/uploads\/2023\/09\/foil-solo-16mm-photo-produit-206x300.png",206,300,true],"medium_large":["https:\/\/srokacompany.com\/wp-content\/uploads\/2023\/09\/foil-solo-16mm-photo-produit.png",740,1080,false],"large":["https:\/\/srokacompany.com\/wp-content\/uploads\/2023\/09\/foil-solo-16mm-photo-produit-702x1024.png",702,1024,true],"1536x1536":["https:\/\/srokacompany.com\/wp-content\/uploads\/2023\/09\/foil-solo-16mm-photo-produit.png",740,1080,false],"2048x2048":["https:\/\/srokacompany.com\/wp-content\/uploads\/2023\/09\/foil-solo-16mm-photo-produit.png",740,1080,false],"woocommerce_thumbnail":["https:\/\/srokacompany.com\/wp-content\/uploads\/2023\/09\/foil-solo-16mm-photo-produit-600x876.png",600,876,true],"woocommerce_single":["https:\/\/srokacompany.com\/wp-content\/uploads\/2023\/09\/foil-solo-16mm-photo-produit-600x876.png",600,876,true],"woocommerce_gallery_thumbnail":["https:\/\/srokacompany.com\/wp-content\/uploads\/2023\/09\/foil-solo-16mm-photo-produit-100x100.png",100,100,true],"dgwt-wcas-product-suggestion":["https:\/\/srokacompany.com\/wp-content\/uploads\/2023\/09\/foil-solo-16mm-photo-produit.png",64,93,false]},"uagb_author_info":{"display_name":"Emmanuel DIJOUX","author_link":"https:\/\/srokacompany.com\/de\/blog\/author\/"},"uagb_comment_info":0,"uagb_excerpt":"Das HM Solo 16mm Carbon Foil Solo 85cm ist die Referenz f\u00fcr anspruchsvolle Rider. Denn seine Dicke von 16mm bietet einen perfekten Kompromiss zwischen ausgezeichnetem Gleiten und direkter Steifigkeit. Dar\u00fcber hinaus besteht das 16mm HM Carbon Fo il aus 62% hochmoduligem Carbon, was eine sofortige Reaktionsf\u00e4higkeit beim Wing Foil oder Surf Foil garantiert.","jetpack_sharing_enabled":true,"_links":{"self":[{"href":"https:\/\/srokacompany.com\/de\/wp-json\/wp\/v2\/product\/344099","targetHints":{"allow":["GET"]}}],"collection":[{"href":"https:\/\/srokacompany.com\/de\/wp-json\/wp\/v2\/product"}],"about":[{"href":"https:\/\/srokacompany.com\/de\/wp-json\/wp\/v2\/types\/product"}],"wp:featuredmedia":[{"embeddable":true,"href":"https:\/\/srokacompany.com\/de\/wp-json\/wp\/v2\/media\/344108"}],"wp:attachment":[{"href":"https:\/\/srokacompany.com\/de\/wp-json\/wp\/v2\/media?parent=344099"}],"wp:term":[{"taxonomy":"product_brand","embeddable":true,"href":"https:\/\/srokacompany.com\/de\/wp-json\/wp\/v2\/product_brand?post=344099"},{"taxonomy":"product_cat","embeddable":true,"href":"https:\/\/srokacompany.com\/de\/wp-json\/wp\/v2\/product_cat?post=344099"},{"taxonomy":"product_tag","embeddable":true,"href":"https:\/\/srokacompany.com\/de\/wp-json\/wp\/v2\/product_tag?post=344099"}],"curies":[{"name":"wp","href":"https:\/\/api.w.org\/{rel}","templated":true}]}}