{"id":344133,"date":"2023-09-05T14:11:45","date_gmt":"2023-09-05T14:11:45","guid":{"rendered":"https:\/\/srokacompany.com\/produit\/foil-carbon-elite-14mm-85cm\/"},"modified":"2026-02-04T22:08:13","modified_gmt":"2026-02-04T20:08:13","slug":"foil-carbon-elite-14mm-85cm","status":"publish","type":"product","link":"https:\/\/srokacompany.com\/de\/produkt\/foil-carbon-elite-14mm-85cm\/","title":{"rendered":"Foil Carbon HM Elite 14mm | 85cm"},"content":{"rendered":"<p data-path-to-node=\"3\">Das <b data-path-to-node=\"3\" data-index-in-node=\"3\">HM Elite<\/b> SROKA 14mm 85cm <b data-path-to-node=\"3\" data-index-in-node=\"3\">Carbon Foil<\/b> katapultiert dich in eine neue Dimension des Gleitens. <b data-path-to-node=\"3\" data-index-in-node=\"94\">Denn<\/b> diese Referenzausr\u00fcstung wurde f\u00fcr anspruchsvolle Rider entwickelt, die auf der Suche nach H\u00f6chstleistungen sind. <b data-path-to-node=\"3\" data-index-in-node=\"194\">Dar\u00fcber hinaus<\/b> ist dieser au\u00dfergew\u00f6hnliche Mast f\u00fcr Wing Foil, Surf Foil und SUP Foil optimiert. Er stellt den H\u00f6hepunkt unseres Know-hows im Bereich Hochleistungstechnik dar.<\/p>\n<h3 data-path-to-node=\"4\">Un\u00fcbertroffene Steifigkeit und absolute Reaktionsf\u00e4higkeit<\/h3>\n<p data-path-to-node=\"5\">Der 14 mm dicke Mast des <b data-path-to-node=\"5\" data-index-in-node=\"38\">Foil Carbon HM Elite<\/b> bietet eine unvergleichliche Torsionssteifigkeit. Dieses entscheidende Merkmal erm\u00f6glicht eine direkte Verbindung zwischen Ihnen und dem Board. <b data-path-to-node=\"5\" data-index-in-node=\"189\">Folglich<\/b> wird jede Mikrobewegung ohne Latenz \u00fcbertragen. Dies garantiert eine verbl\u00fcffende Reaktionsf\u00e4higkeit und absolute Kontrolle \u00fcber Ihren Flug. Sie werden eine chirurgische Pr\u00e4zision in Ihren Kurven sp\u00fcren. <b data-path-to-node=\"5\" data-index-in-node=\"394\">So<\/b> bleibt Ihre Stabilit\u00e4t auch bei hohen Geschwindigkeiten unersch\u00fctterlich.<\/p>\n<h3 data-path-to-node=\"6\">Ein fortschrittliches hydrodynamisches Design<\/h3>\n<p data-path-to-node=\"7\">Das schlanke Profil des 85 cm langen Mastes minimiert den hydrodynamischen Widerstand. <b data-path-to-node=\"7\" data-index-in-node=\"65\">Dadurch<\/b> k\u00f6nnen Sie mit einem au\u00dfergew\u00f6hnlichen Glide schwindelerregende Geschwindigkeiten erreichen. Seine L\u00e4nge bietet den idealen Kompromiss f\u00fcr das Man\u00f6vrieren in der Brandung. <b data-path-to-node=\"7\" data-index-in-node=\"225\">Au\u00dferdem<\/b> sorgt die starre Verbindung zwischen Mast und Rumpf f\u00fcr einen perfekten Zusammenhalt des Ganzen. Sie werden das Gef\u00fchl haben, mit Ihrer Ausr\u00fcstung eins zu werden.<\/p>\n<h3 data-path-to-node=\"8\">Warum sollte man sich f\u00fcr die HM Elite Carbon Foil Technologie entscheiden?<\/h3>\n<p data-path-to-node=\"9\">Wenn du dich f\u00fcr das <b data-path-to-node=\"9\" data-index-in-node=\"11\">HM Elite Carbon Foil<\/b> entscheidest, entscheidest du dich f\u00fcr eine kompromisslose Konstruktion mit 140 Lagen <b data-path-to-node=\"9\" data-index-in-node=\"11\">Carbon<\/b>. <b data-path-to-node=\"9\" data-index-in-node=\"112\">Dar\u00fcber hinaus<\/b> profitieren Sie von einer direkten Kraft\u00fcbertragung. <b data-path-to-node=\"9\" data-index-in-node=\"183\">Obwohl<\/b> der Mast extrem d\u00fcnn ist, verhindert die High Modulus Carbonstruktur ein Verdrehen des Mastes. <b data-path-to-node=\"9\" data-index-in-node=\"280\">Au\u00dferdem<\/b> ist dieser Mast perfekt mit unseren <a class=\"ng-star-inserted\" href=\"https:\/\/srokacompany.com\/de\/eshop\/flugel-wing-foil\/\" target=\"_blank\" rel=\"noopener\">Wing Foil Vorderfl\u00fcgeln<\/a> kompatibel.<\/p>\n<h3 data-path-to-node=\"10\">Wie k\u00f6nnen Sie Ihre Konfiguration optimieren?<\/h3>\n<p data-path-to-node=\"11\">Das <b data-path-to-node=\"11\" data-index-in-node=\"3\">Carbon HM Elite Foil<\/b> erfordert einige Feineinstellungen, um sein volles Potenzial zu entfalten. <b data-path-to-node=\"11\" data-index-in-node=\"87\">Zun\u00e4chst<\/b> empfehlen wir die Verwendung von Titanschrauben, um das maximale Gewicht beizubehalten. <b data-path-to-node=\"11\" data-index-in-node=\"185\">Zweitens<\/b>: Kombiniere diesen Mast mit unseren High Aspect Kites, um eine h\u00f6here Spitzengeschwindigkeit zu erzielen. <b data-path-to-node=\"11\" data-index-in-node=\"291\">Und schlie\u00dflich<\/b> sollten Sie nicht vergessen, Ihre Ausr\u00fcstung mit S\u00fc\u00dfwasser abzusp\u00fclen, um die M40J Carbonstruktur zu sch\u00fctzen.<\/p>\n","protected":false},"excerpt":{"rendered":"<p>Das <b data-path-to-node=\"9,0\" data-index-in-node=\"4\">85 cm lange Carbon HM Elite Foil in<\/b> 14 mm ist der neue Leistungsstandard von Sroka. Durch die rekordverd\u00e4chtig d\u00fcnne Bauweise wird der Luftwiderstand drastisch reduziert <b data-path-to-node=\"9,0\" data-index-in-node=\"84\">,<\/b> w\u00e4hrend gleichzeitig die absolute Steifigkeit erhalten bleibt. <b data-path-to-node=\"9,0\" data-index-in-node=\"192\">Au\u00dferdem<\/b> besteht das <b data-path-to-node=\"9,0\" data-index-in-node=\"204\">HM Elite Carbon Fo<\/b> il zu 100% aus M40J: ldu hochmoduligen <b data-path-to-node=\"9,0\" data-index-in-node=\"204\">Carbonfasern<\/b>, um eine sofortige Reaktion beim Wing Foil oder Surf Foil zu gew\u00e4hrleisten.<\/p>\n","protected":false},"featured_media":344146,"template":"","meta":{"_acf_changed":false,"_uag_custom_page_level_css":""},"product_brand":[],"product_cat":[3699,3495,3529,3493,3702,3497,3500,3499,3867,3494],"product_tag":[3535,3459,3443,3442],"class_list":{"0":"post-344133","1":"product","2":"type-product","3":"status-publish","4":"has-post-thumbnail","6":"product_cat-alle-carbon-foils","7":"product_cat-alle-unsere-foils-von-sup-foil-downwind","8":"product_cat-elite-de","9":"product_cat-foil-de","10":"product_cat-foil-elite-reihe","11":"product_cat-foil-uha-sortiment-downwind","12":"product_cat-foils-dockstart-alu-carbonne-de","13":"product_cat-foils-wing-foil-de","14":"product_cat-sup-foil-de","15":"product_cat-surf-foils-foil","16":"product_tag-elite-de","17":"product_tag-experte","18":"product_tag-fortgeschrittene","19":"product_tag-schlau","21":"first","22":"instock","23":"taxable","24":"shipping-taxable","25":"purchasable","26":"product-type-variable"},"acf":[],"yoast_head":"<!-- This site is optimized with the Yoast SEO plugin v27.4 - https:\/\/yoast.com\/product\/yoast-seo-wordpress\/ -->\n<title>Carbon HM Elite 14mm Foil | Der ultimative SROKA Mast<\/title>\n<meta name=\"description\" content=\"Entdecken Sie das 14mm HM Elite SROKA Carbon Foil. Ein 100% High Modulus Carbon Mast, der extreme Steifigkeit und minimalen Luftwiderstand f\u00fcr Experten bietet.\" \/>\n<meta name=\"robots\" content=\"index, follow, max-snippet:-1, max-image-preview:large, max-video-preview:-1\" \/>\n<link rel=\"canonical\" href=\"https:\/\/srokacompany.com\/de\/produkt\/foil-carbon-elite-14mm-85cm\/\" \/>\n<meta property=\"og:locale\" content=\"de_DE\" \/>\n<meta property=\"og:type\" content=\"article\" \/>\n<meta property=\"og:title\" content=\"Carbon HM Elite 14mm Foil | Der ultimative SROKA Mast\" \/>\n<meta property=\"og:description\" content=\"Entdecken Sie das 14mm HM Elite SROKA Carbon Foil. Ein 100% High Modulus Carbon Mast, der extreme Steifigkeit und minimalen Luftwiderstand f\u00fcr Experten bietet.\" \/>\n<meta property=\"og:url\" content=\"https:\/\/srokacompany.com\/de\/produkt\/foil-carbon-elite-14mm-85cm\/\" \/>\n<meta property=\"og:site_name\" content=\"SROKA Company\" \/>\n<meta property=\"article:publisher\" content=\"https:\/\/www.facebook.com\/srokawatersports\/\" \/>\n<meta property=\"article:modified_time\" content=\"2026-02-04T20:08:13+00:00\" \/>\n<meta property=\"og:image\" content=\"https:\/\/srokacompany.com\/wp-content\/uploads\/2023\/09\/S-5.png\" \/>\n\t<meta property=\"og:image:width\" content=\"1470\" \/>\n\t<meta property=\"og:image:height\" content=\"1395\" \/>\n\t<meta property=\"og:image:type\" content=\"image\/png\" \/>\n<meta name=\"twitter:label1\" content=\"Gesch\u00e4tzte Lesezeit\" \/>\n\t<meta name=\"twitter:data1\" content=\"2\u00a0Minuten\" \/>\n<script type=\"application\/ld+json\" class=\"yoast-schema-graph\">{\"@context\":\"https:\\\/\\\/schema.org\",\"@graph\":[{\"@type\":\"WebPage\",\"@id\":\"https:\\\/\\\/srokacompany.com\\\/de\\\/produkt\\\/foil-carbon-elite-14mm-85cm\\\/\",\"url\":\"https:\\\/\\\/srokacompany.com\\\/de\\\/produkt\\\/foil-carbon-elite-14mm-85cm\\\/\",\"name\":\"Carbon HM Elite 14mm Foil | Der ultimative SROKA Mast\",\"isPartOf\":{\"@id\":\"https:\\\/\\\/srokacompany.com\\\/de\\\/#website\"},\"primaryImageOfPage\":{\"@id\":\"https:\\\/\\\/srokacompany.com\\\/de\\\/produkt\\\/foil-carbon-elite-14mm-85cm\\\/#primaryimage\"},\"image\":{\"@id\":\"https:\\\/\\\/srokacompany.com\\\/de\\\/produkt\\\/foil-carbon-elite-14mm-85cm\\\/#primaryimage\"},\"thumbnailUrl\":\"https:\\\/\\\/srokacompany.com\\\/wp-content\\\/uploads\\\/2023\\\/09\\\/S-5.png\",\"datePublished\":\"2023-09-05T14:11:45+00:00\",\"dateModified\":\"2026-02-04T20:08:13+00:00\",\"description\":\"Entdecken Sie das 14mm HM Elite SROKA Carbon Foil. Ein 100% High Modulus Carbon Mast, der extreme Steifigkeit und minimalen Luftwiderstand f\u00fcr Experten bietet.\",\"breadcrumb\":{\"@id\":\"https:\\\/\\\/srokacompany.com\\\/de\\\/produkt\\\/foil-carbon-elite-14mm-85cm\\\/#breadcrumb\"},\"inLanguage\":\"de\",\"potentialAction\":[{\"@type\":\"ReadAction\",\"target\":[\"https:\\\/\\\/srokacompany.com\\\/de\\\/produkt\\\/foil-carbon-elite-14mm-85cm\\\/\"]}]},{\"@type\":\"ImageObject\",\"inLanguage\":\"de\",\"@id\":\"https:\\\/\\\/srokacompany.com\\\/de\\\/produkt\\\/foil-carbon-elite-14mm-85cm\\\/#primaryimage\",\"url\":\"https:\\\/\\\/srokacompany.com\\\/wp-content\\\/uploads\\\/2023\\\/09\\\/S-5.png\",\"contentUrl\":\"https:\\\/\\\/srokacompany.com\\\/wp-content\\\/uploads\\\/2023\\\/09\\\/S-5.png\",\"width\":1470,\"height\":1395,\"caption\":\"Foil Carbon HM 85 cm Solo SROKA\"},{\"@type\":\"BreadcrumbList\",\"@id\":\"https:\\\/\\\/srokacompany.com\\\/de\\\/produkt\\\/foil-carbon-elite-14mm-85cm\\\/#breadcrumb\",\"itemListElement\":[{\"@type\":\"ListItem\",\"position\":1,\"name\":\"Accueil\",\"item\":\"https:\\\/\\\/srokacompany.com\\\/de\\\/\"},{\"@type\":\"ListItem\",\"position\":2,\"name\":\"Laden\",\"item\":\"https:\\\/\\\/srokacompany.com\\\/laden\\\/\"},{\"@type\":\"ListItem\",\"position\":3,\"name\":\"Foil Carbon HM Elite 14mm | 85cm\"}]},{\"@type\":\"WebSite\",\"@id\":\"https:\\\/\\\/srokacompany.com\\\/de\\\/#website\",\"url\":\"https:\\\/\\\/srokacompany.com\\\/de\\\/\",\"name\":\"SROKA Company\",\"description\":\"SUP, Kite, Foil, Wing\",\"publisher\":{\"@id\":\"https:\\\/\\\/srokacompany.com\\\/de\\\/#organization\"},\"potentialAction\":[{\"@type\":\"SearchAction\",\"target\":{\"@type\":\"EntryPoint\",\"urlTemplate\":\"https:\\\/\\\/srokacompany.com\\\/de\\\/?s={search_term_string}\"},\"query-input\":{\"@type\":\"PropertyValueSpecification\",\"valueRequired\":true,\"valueName\":\"search_term_string\"}}],\"inLanguage\":\"de\"},{\"@type\":\"Organization\",\"@id\":\"https:\\\/\\\/srokacompany.com\\\/de\\\/#organization\",\"name\":\"SROKACOMPANY\",\"alternateName\":\"SROKA\",\"url\":\"https:\\\/\\\/srokacompany.com\\\/de\\\/\",\"logo\":{\"@type\":\"ImageObject\",\"inLanguage\":\"de\",\"@id\":\"https:\\\/\\\/srokacompany.com\\\/de\\\/#\\\/schema\\\/logo\\\/image\\\/\",\"url\":\"https:\\\/\\\/srokacompany.com\\\/wp-content\\\/uploads\\\/2021\\\/01\\\/logo-sroka-black-transpa.png\",\"contentUrl\":\"https:\\\/\\\/srokacompany.com\\\/wp-content\\\/uploads\\\/2021\\\/01\\\/logo-sroka-black-transpa.png\",\"width\":1201,\"height\":342,\"caption\":\"SROKACOMPANY\"},\"image\":{\"@id\":\"https:\\\/\\\/srokacompany.com\\\/de\\\/#\\\/schema\\\/logo\\\/image\\\/\"},\"sameAs\":[\"https:\\\/\\\/www.facebook.com\\\/srokawatersports\\\/\",\"https:\\\/\\\/www.instagram.com\\\/srokawatersports\\\/\",\"https:\\\/\\\/www.youtube.com\\\/channel\\\/UCVLHHeaPIm-J5bdEUgxqtZA\"]}]}<\/script>\n<!-- \/ Yoast SEO plugin. -->","yoast_head_json":{"title":"Carbon HM Elite 14mm Foil | Der ultimative SROKA Mast","description":"Entdecken Sie das 14mm HM Elite SROKA Carbon Foil. Ein 100% High Modulus Carbon Mast, der extreme Steifigkeit und minimalen Luftwiderstand f\u00fcr Experten bietet.","robots":{"index":"index","follow":"follow","max-snippet":"max-snippet:-1","max-image-preview":"max-image-preview:large","max-video-preview":"max-video-preview:-1"},"canonical":"https:\/\/srokacompany.com\/de\/produkt\/foil-carbon-elite-14mm-85cm\/","og_locale":"de_DE","og_type":"article","og_title":"Carbon HM Elite 14mm Foil | Der ultimative SROKA Mast","og_description":"Entdecken Sie das 14mm HM Elite SROKA Carbon Foil. Ein 100% High Modulus Carbon Mast, der extreme Steifigkeit und minimalen Luftwiderstand f\u00fcr Experten bietet.","og_url":"https:\/\/srokacompany.com\/de\/produkt\/foil-carbon-elite-14mm-85cm\/","og_site_name":"SROKA Company","article_publisher":"https:\/\/www.facebook.com\/srokawatersports\/","article_modified_time":"2026-02-04T20:08:13+00:00","og_image":[{"width":1470,"height":1395,"url":"https:\/\/srokacompany.com\/wp-content\/uploads\/2023\/09\/S-5.png","type":"image\/png"}],"twitter_misc":{"Gesch\u00e4tzte Lesezeit":"2\u00a0Minuten"},"schema":{"@context":"https:\/\/schema.org","@graph":[{"@type":"WebPage","@id":"https:\/\/srokacompany.com\/de\/produkt\/foil-carbon-elite-14mm-85cm\/","url":"https:\/\/srokacompany.com\/de\/produkt\/foil-carbon-elite-14mm-85cm\/","name":"Carbon HM Elite 14mm Foil | Der ultimative SROKA Mast","isPartOf":{"@id":"https:\/\/srokacompany.com\/de\/#website"},"primaryImageOfPage":{"@id":"https:\/\/srokacompany.com\/de\/produkt\/foil-carbon-elite-14mm-85cm\/#primaryimage"},"image":{"@id":"https:\/\/srokacompany.com\/de\/produkt\/foil-carbon-elite-14mm-85cm\/#primaryimage"},"thumbnailUrl":"https:\/\/srokacompany.com\/wp-content\/uploads\/2023\/09\/S-5.png","datePublished":"2023-09-05T14:11:45+00:00","dateModified":"2026-02-04T20:08:13+00:00","description":"Entdecken Sie das 14mm HM Elite SROKA Carbon Foil. Ein 100% High Modulus Carbon Mast, der extreme Steifigkeit und minimalen Luftwiderstand f\u00fcr Experten bietet.","breadcrumb":{"@id":"https:\/\/srokacompany.com\/de\/produkt\/foil-carbon-elite-14mm-85cm\/#breadcrumb"},"inLanguage":"de","potentialAction":[{"@type":"ReadAction","target":["https:\/\/srokacompany.com\/de\/produkt\/foil-carbon-elite-14mm-85cm\/"]}]},{"@type":"ImageObject","inLanguage":"de","@id":"https:\/\/srokacompany.com\/de\/produkt\/foil-carbon-elite-14mm-85cm\/#primaryimage","url":"https:\/\/srokacompany.com\/wp-content\/uploads\/2023\/09\/S-5.png","contentUrl":"https:\/\/srokacompany.com\/wp-content\/uploads\/2023\/09\/S-5.png","width":1470,"height":1395,"caption":"Foil Carbon HM 85 cm Solo SROKA"},{"@type":"BreadcrumbList","@id":"https:\/\/srokacompany.com\/de\/produkt\/foil-carbon-elite-14mm-85cm\/#breadcrumb","itemListElement":[{"@type":"ListItem","position":1,"name":"Accueil","item":"https:\/\/srokacompany.com\/de\/"},{"@type":"ListItem","position":2,"name":"Laden","item":"https:\/\/srokacompany.com\/laden\/"},{"@type":"ListItem","position":3,"name":"Foil Carbon HM Elite 14mm | 85cm"}]},{"@type":"WebSite","@id":"https:\/\/srokacompany.com\/de\/#website","url":"https:\/\/srokacompany.com\/de\/","name":"SROKA Company","description":"SUP, Kite, Foil, Wing","publisher":{"@id":"https:\/\/srokacompany.com\/de\/#organization"},"potentialAction":[{"@type":"SearchAction","target":{"@type":"EntryPoint","urlTemplate":"https:\/\/srokacompany.com\/de\/?s={search_term_string}"},"query-input":{"@type":"PropertyValueSpecification","valueRequired":true,"valueName":"search_term_string"}}],"inLanguage":"de"},{"@type":"Organization","@id":"https:\/\/srokacompany.com\/de\/#organization","name":"SROKACOMPANY","alternateName":"SROKA","url":"https:\/\/srokacompany.com\/de\/","logo":{"@type":"ImageObject","inLanguage":"de","@id":"https:\/\/srokacompany.com\/de\/#\/schema\/logo\/image\/","url":"https:\/\/srokacompany.com\/wp-content\/uploads\/2021\/01\/logo-sroka-black-transpa.png","contentUrl":"https:\/\/srokacompany.com\/wp-content\/uploads\/2021\/01\/logo-sroka-black-transpa.png","width":1201,"height":342,"caption":"SROKACOMPANY"},"image":{"@id":"https:\/\/srokacompany.com\/de\/#\/schema\/logo\/image\/"},"sameAs":["https:\/\/www.facebook.com\/srokawatersports\/","https:\/\/www.instagram.com\/srokawatersports\/","https:\/\/www.youtube.com\/channel\/UCVLHHeaPIm-J5bdEUgxqtZA"]}]}},"uagb_featured_image_src":{"full":["https:\/\/srokacompany.com\/wp-content\/uploads\/2023\/09\/S-5.png",1470,1395,false],"thumbnail":["https:\/\/srokacompany.com\/wp-content\/uploads\/2023\/09\/S-5-150x150.png",150,150,true],"medium":["https:\/\/srokacompany.com\/wp-content\/uploads\/2023\/09\/S-5-300x285.png",300,285,true],"medium_large":["https:\/\/srokacompany.com\/wp-content\/uploads\/2023\/09\/S-5-768x729.png",768,729,true],"large":["https:\/\/srokacompany.com\/wp-content\/uploads\/2023\/09\/S-5-1024x972.png",1024,972,true],"1536x1536":["https:\/\/srokacompany.com\/wp-content\/uploads\/2023\/09\/S-5.png",1470,1395,false],"2048x2048":["https:\/\/srokacompany.com\/wp-content\/uploads\/2023\/09\/S-5.png",1470,1395,false],"woocommerce_thumbnail":["https:\/\/srokacompany.com\/wp-content\/uploads\/2023\/09\/S-5-600x569.png",600,569,true],"woocommerce_single":["https:\/\/srokacompany.com\/wp-content\/uploads\/2023\/09\/S-5-600x569.png",600,569,true],"woocommerce_gallery_thumbnail":["https:\/\/srokacompany.com\/wp-content\/uploads\/2023\/09\/S-5-100x100.png",100,100,true],"dgwt-wcas-product-suggestion":["https:\/\/srokacompany.com\/wp-content\/uploads\/2023\/09\/S-5-64x61.png",64,61,true]},"uagb_author_info":{"display_name":"Emmanuel DIJOUX","author_link":"https:\/\/srokacompany.com\/de\/blog\/author\/"},"uagb_comment_info":0,"uagb_excerpt":"Das 85 cm lange Carbon HM Elite Foil in 14 mm ist der neue Leistungsstandard von Sroka. Durch die rekordverd\u00e4chtig d\u00fcnne Bauweise wird der Luftwiderstand drastisch reduziert , w\u00e4hrend gleichzeitig die absolute Steifigkeit erhalten bleibt. Au\u00dferdem besteht das HM Elite Carbon Fo il zu 100% aus M40J: ldu hochmoduligen Carbonfasern, um eine sofortige Reaktion beim&hellip;","jetpack_sharing_enabled":true,"_links":{"self":[{"href":"https:\/\/srokacompany.com\/de\/wp-json\/wp\/v2\/product\/344133","targetHints":{"allow":["GET"]}}],"collection":[{"href":"https:\/\/srokacompany.com\/de\/wp-json\/wp\/v2\/product"}],"about":[{"href":"https:\/\/srokacompany.com\/de\/wp-json\/wp\/v2\/types\/product"}],"wp:featuredmedia":[{"embeddable":true,"href":"https:\/\/srokacompany.com\/de\/wp-json\/wp\/v2\/media\/344146"}],"wp:attachment":[{"href":"https:\/\/srokacompany.com\/de\/wp-json\/wp\/v2\/media?parent=344133"}],"wp:term":[{"taxonomy":"product_brand","embeddable":true,"href":"https:\/\/srokacompany.com\/de\/wp-json\/wp\/v2\/product_brand?post=344133"},{"taxonomy":"product_cat","embeddable":true,"href":"https:\/\/srokacompany.com\/de\/wp-json\/wp\/v2\/product_cat?post=344133"},{"taxonomy":"product_tag","embeddable":true,"href":"https:\/\/srokacompany.com\/de\/wp-json\/wp\/v2\/product_tag?post=344133"}],"curies":[{"name":"wp","href":"https:\/\/api.w.org\/{rel}","templated":true}]}}