{"id":344469,"date":"2024-01-09T12:19:56","date_gmt":"2024-01-09T12:19:56","guid":{"rendered":"https:\/\/srokacompany.com\/produit\/wing-v4-sroka\/"},"modified":"2026-02-02T20:03:29","modified_gmt":"2026-02-02T18:03:29","slug":"wing-v4-sroka","status":"publish","type":"product","link":"https:\/\/srokacompany.com\/de\/produkt\/wing-v4-sroka\/","title":{"rendered":"Wing V4 SROKA"},"content":{"rendered":"<p>Der <b>Wing SROKA V4<\/b> ist das Ergebnis von Generationen von Entwicklungsarbeit, die darauf abzielte, einen <b>ultra-vielseitigen (4&#215;4)<\/b> und erschwinglichen Fl\u00fcgel zu schaffen. Er eignet sich sowohl f\u00fcr <b>Anf\u00e4nger<\/b>, die eine stabile Plattform zum Lernen suchen, als auch f\u00fcr <b>Fortgeschrittene<\/b>, die einen komfortablen Fl\u00fcgel f\u00fcr Freefly, Freeride und Waveriding suchen. <\/p>\n<p>&nbsp;<\/p>\n<h3>Schl\u00fcsselinnovationen von V4<\/h3>\n<p>V4 baut auf den St\u00e4rken von V3 auf und enth\u00e4lt einige bemerkenswerte Verbesserungen, die auf dem Feedback der Nutzer basieren:<\/p>\n<ol start=\"1\">\n<li><b>Starre Griffe (Neu in V4) :<\/b> Dies ist die gr\u00f6\u00dfte Ver\u00e4nderung. Der Kite ist jetzt mit <b>starren Griffen<\/b> ausgestattet, die eine <b>bessere Kontrolle<\/b>, ein schnelleres Ansprechverhalten und ein einfacheres Management von <i>Pump-<\/i> und Planning-Starts bieten. Der Winkel des vorderen Griffs wurde au\u00dferdem f\u00fcr das einh\u00e4ndige Fahren im <i>Freefly<\/i> optimiert.  <\/li>\n<li><b>Reduzierte<\/b> Spannweite<b>:<\/b> Die Spannweite wurde bei allen Gr\u00f6\u00dfen <b>um mehr als 25 cm reduziert<\/b>. Dadurch wird der Kite viel <b>kompakter und wendiger<\/b> und verhindert, dass die Spitzen bei Man\u00f6vern oder im Tiefflug das Wasser ber\u00fchren (die sogenannten &#8222;Touchdowns&#8220;) &#8211; ein gro\u00dfer Vorteil f\u00fcr kleine Gr\u00f6\u00dfen und beim <i>Waveriding<\/i>. <\/li>\n<li><b>Aerodynamisches Profil und Stabilit\u00e4t :<\/b>\n<ul>\n<li>Die Verteilung der Vertiefung und die Ausrichtung der Panels wurden optimiert, um <b>das Profil besser zu halten<\/b> und die <b>Flugstabilit\u00e4t<\/b> auch bei unruhigen Bedingungen zu verbessern.<\/li>\n<li>Die Spannung des <i>Verdecks<\/i> wurde verbessert, um mehr Leistung bei niedrigen Drehzahlen zu liefern, was fr\u00fche Starts erleichtert.<\/li>\n<\/ul>\n<\/li>\n<li><b>Robuste Materialien :<\/b> Die Eintrittskante und die Mittellatte bestehen aus <b>Dacron DP175<\/b> (hohe Dichte) f\u00fcr eine ausgezeichnete Steifigkeit und Haltbarkeit. Das Segel verwendet <b>54g\/m2 Triple Ripstop Spi<\/b> f\u00fcr Leichtigkeit und Rei\u00dffestigkeit. <\/li>\n<\/ol>\n<p>&nbsp;<\/p>\n<h3>Programm und Leistung<\/h3>\n<p>Der V4 ist ein ausgeglichener Fl\u00fcgel, der sich auszeichnet durch :<\/p>\n<ul>\n<li><b>Zug\u00e4nglichkeit und Stabilit\u00e4t:<\/b> Sie ist leicht zu erlernen, <b>ausgewogen<\/b> und sehr <b>stabil<\/b>, wodurch sie sich ideal zum Lernen und f\u00fcr schnelle Fortschritte eignet.<\/li>\n<li><b>Vielseitigkeit (4&#215;4):<\/b> Sie zeichnet sich in mehreren Disziplinen aus:\n<ul>\n<li><b>Freeride<\/b> (Spaziergang): Gro\u00dfer Komfort und Balance f\u00fcr langes Segeln.<\/li>\n<li><b>Freefly<\/b> (Neutralit\u00e4t beim Surfen): Hervorragende Man\u00f6vrierf\u00e4higkeit und geringes Gewicht, um sich m\u00fchelos durch die Wellen ziehen zu lassen.<\/li>\n<li><b>Freestyle<\/b>: Die Kompaktheit und Wendigkeit erleichtern das Erlernen der grundlegenden <i>Tricks<\/i>.<\/li>\n<\/ul>\n<\/li>\n<li><b>Verbesserte Leistung:<\/b> Im Vergleich zu fr\u00fcheren Versionen ist er schneller und kann besser nach Luv aufsteigen, bleibt aber dank der besseren Druckverteilung auch bei starkem Wind leicht zu handhaben.<\/li>\n<\/ul>\n<p>&nbsp;<\/p>\n<h3>Technische Details<\/h3>\n<ul>\n<li><b>Konstruktion:<\/b> Vorderkante und Latten aus Dacron DP175, Spi Triple Ripstop 54g\/m2, Verst\u00e4rkungen aus Nylon 1680D.<\/li>\n<li><b>Aufblasen:<\/b> Zwei Ventile, um den Druck von der Vorderkante und der Mittellatte zu trennen und so eine pr\u00e4zise Einstellung zu erm\u00f6glichen.<\/li>\n<li><b>Sicherheit:<\/b> Integriert <b>PVC-Fenster<\/b> f\u00fcr eine bessere Sicht auf das Wasser (Sicherheit).<\/li>\n<li><b>Zubeh\u00f6r:<\/b> Im Lieferumfang enthalten sind eine hochwertige Tragetasche, eine bequeme und strapazierf\u00e4hige <i>Leash<\/i> und ein Reparaturset.<\/li>\n<\/ul>\n<p>Der <b>Wing SROKA V4<\/b> ist die erste Wahl, wenn du einen <b>einzigartigen, robusten und extrem vielseitigen<\/b> Fl\u00fcgel suchst, der die meisten deiner Segelbedingungen abdeckt, vom Anf\u00e4nger bis zum fortgeschrittenen Fortgeschrittenen.<\/p>\n<hr>\n","protected":false},"excerpt":{"rendered":"<p>Der SROKA <b>Wing V4<\/b> ist der ideale <b>4&#215;4-Kite<\/b> f\u00fcr <b>Anf\u00e4nger und Fortgeschrittene<\/b> im Wing Foil. Stabilit\u00e4t, absolute Kontrolle und <b>steife Griffe<\/b> sorgen f\u00fcr maximalen Spa\u00df bei Freeride, Freefly und Wave. <\/p>\n","protected":false},"featured_media":344470,"template":"","meta":{"_acf_changed":false,"_uag_custom_page_level_css":""},"product_brand":[],"product_cat":[3528,3453],"product_tag":[3441,3443,3442],"class_list":{"0":"post-344469","1":"product","2":"type-product","3":"status-publish","4":"has-post-thumbnail","6":"product_cat-flugel-von-wing-foil","7":"product_cat-wing-foil-de","8":"product_tag-anfanger","9":"product_tag-fortgeschrittene","10":"product_tag-schlau","11":"product_shipping_class-small-shipping-de","13":"first","14":"instock","15":"sale","16":"taxable","17":"shipping-taxable","18":"purchasable","19":"product-type-variable"},"acf":[],"yoast_head":"<!-- This site is optimized with the Yoast SEO plugin v27.4 - https:\/\/yoast.com\/product\/yoast-seo-wordpress\/ -->\n<title>Wing V4 SROKA - SROKA Company<\/title>\n<meta name=\"description\" content=\"Diese neue Wing V4 SROKA ist das Ergebnis der Weiterentwicklung der letzten drei Versionen. Kompakter, stabiler, effizienter und h\u00fcbscher.\" \/>\n<meta name=\"robots\" content=\"index, follow, max-snippet:-1, max-image-preview:large, max-video-preview:-1\" \/>\n<link rel=\"canonical\" href=\"https:\/\/srokacompany.com\/de\/produkt\/wing-v4-sroka\/\" \/>\n<meta property=\"og:locale\" content=\"de_DE\" \/>\n<meta property=\"og:type\" content=\"article\" \/>\n<meta property=\"og:title\" content=\"Wing V4 SROKA - SROKA Company\" \/>\n<meta property=\"og:description\" content=\"Diese neue Wing V4 SROKA ist das Ergebnis der Weiterentwicklung der letzten drei Versionen. Kompakter, stabiler, effizienter und h\u00fcbscher.\" \/>\n<meta property=\"og:url\" content=\"https:\/\/srokacompany.com\/de\/produkt\/wing-v4-sroka\/\" \/>\n<meta property=\"og:site_name\" content=\"SROKA Company\" \/>\n<meta property=\"article:publisher\" content=\"https:\/\/www.facebook.com\/srokawatersports\/\" \/>\n<meta property=\"article:modified_time\" content=\"2026-02-02T18:03:29+00:00\" \/>\n<meta property=\"og:image\" content=\"https:\/\/srokacompany.com\/wp-content\/uploads\/2024\/01\/Wing-V4-SROKA-Face.jpg\" \/>\n\t<meta property=\"og:image:width\" content=\"1080\" \/>\n\t<meta property=\"og:image:height\" content=\"1080\" \/>\n\t<meta property=\"og:image:type\" content=\"image\/jpeg\" \/>\n<meta name=\"twitter:label1\" content=\"Gesch\u00e4tzte Lesezeit\" \/>\n\t<meta name=\"twitter:data1\" content=\"3\u00a0Minuten\" \/>\n<script type=\"application\/ld+json\" class=\"yoast-schema-graph\">{\"@context\":\"https:\\\/\\\/schema.org\",\"@graph\":[{\"@type\":\"WebPage\",\"@id\":\"https:\\\/\\\/srokacompany.com\\\/de\\\/produkt\\\/wing-v4-sroka\\\/\",\"url\":\"https:\\\/\\\/srokacompany.com\\\/de\\\/produkt\\\/wing-v4-sroka\\\/\",\"name\":\"Wing V4 SROKA - SROKA Company\",\"isPartOf\":{\"@id\":\"https:\\\/\\\/srokacompany.com\\\/de\\\/#website\"},\"primaryImageOfPage\":{\"@id\":\"https:\\\/\\\/srokacompany.com\\\/de\\\/produkt\\\/wing-v4-sroka\\\/#primaryimage\"},\"image\":{\"@id\":\"https:\\\/\\\/srokacompany.com\\\/de\\\/produkt\\\/wing-v4-sroka\\\/#primaryimage\"},\"thumbnailUrl\":\"https:\\\/\\\/srokacompany.com\\\/wp-content\\\/uploads\\\/2024\\\/01\\\/Wing-V4-SROKA-Face.jpg\",\"datePublished\":\"2024-01-09T12:19:56+00:00\",\"dateModified\":\"2026-02-02T18:03:29+00:00\",\"description\":\"Diese neue Wing V4 SROKA ist das Ergebnis der Weiterentwicklung der letzten drei Versionen. Kompakter, stabiler, effizienter und h\u00fcbscher.\",\"breadcrumb\":{\"@id\":\"https:\\\/\\\/srokacompany.com\\\/de\\\/produkt\\\/wing-v4-sroka\\\/#breadcrumb\"},\"inLanguage\":\"de\",\"potentialAction\":[{\"@type\":\"ReadAction\",\"target\":[\"https:\\\/\\\/srokacompany.com\\\/de\\\/produkt\\\/wing-v4-sroka\\\/\"]}]},{\"@type\":\"ImageObject\",\"inLanguage\":\"de\",\"@id\":\"https:\\\/\\\/srokacompany.com\\\/de\\\/produkt\\\/wing-v4-sroka\\\/#primaryimage\",\"url\":\"https:\\\/\\\/srokacompany.com\\\/wp-content\\\/uploads\\\/2024\\\/01\\\/Wing-V4-SROKA-Face.jpg\",\"contentUrl\":\"https:\\\/\\\/srokacompany.com\\\/wp-content\\\/uploads\\\/2024\\\/01\\\/Wing-V4-SROKA-Face.jpg\",\"width\":1080,\"height\":1080},{\"@type\":\"BreadcrumbList\",\"@id\":\"https:\\\/\\\/srokacompany.com\\\/de\\\/produkt\\\/wing-v4-sroka\\\/#breadcrumb\",\"itemListElement\":[{\"@type\":\"ListItem\",\"position\":1,\"name\":\"Accueil\",\"item\":\"https:\\\/\\\/srokacompany.com\\\/de\\\/\"},{\"@type\":\"ListItem\",\"position\":2,\"name\":\"Laden\",\"item\":\"https:\\\/\\\/srokacompany.com\\\/laden\\\/\"},{\"@type\":\"ListItem\",\"position\":3,\"name\":\"Wing V4 SROKA\"}]},{\"@type\":\"WebSite\",\"@id\":\"https:\\\/\\\/srokacompany.com\\\/de\\\/#website\",\"url\":\"https:\\\/\\\/srokacompany.com\\\/de\\\/\",\"name\":\"SROKA Company\",\"description\":\"SUP, Kite, Foil, Wing\",\"publisher\":{\"@id\":\"https:\\\/\\\/srokacompany.com\\\/de\\\/#organization\"},\"potentialAction\":[{\"@type\":\"SearchAction\",\"target\":{\"@type\":\"EntryPoint\",\"urlTemplate\":\"https:\\\/\\\/srokacompany.com\\\/de\\\/?s={search_term_string}\"},\"query-input\":{\"@type\":\"PropertyValueSpecification\",\"valueRequired\":true,\"valueName\":\"search_term_string\"}}],\"inLanguage\":\"de\"},{\"@type\":\"Organization\",\"@id\":\"https:\\\/\\\/srokacompany.com\\\/de\\\/#organization\",\"name\":\"SROKACOMPANY\",\"alternateName\":\"SROKA\",\"url\":\"https:\\\/\\\/srokacompany.com\\\/de\\\/\",\"logo\":{\"@type\":\"ImageObject\",\"inLanguage\":\"de\",\"@id\":\"https:\\\/\\\/srokacompany.com\\\/de\\\/#\\\/schema\\\/logo\\\/image\\\/\",\"url\":\"https:\\\/\\\/srokacompany.com\\\/wp-content\\\/uploads\\\/2021\\\/01\\\/logo-sroka-black-transpa.png\",\"contentUrl\":\"https:\\\/\\\/srokacompany.com\\\/wp-content\\\/uploads\\\/2021\\\/01\\\/logo-sroka-black-transpa.png\",\"width\":1201,\"height\":342,\"caption\":\"SROKACOMPANY\"},\"image\":{\"@id\":\"https:\\\/\\\/srokacompany.com\\\/de\\\/#\\\/schema\\\/logo\\\/image\\\/\"},\"sameAs\":[\"https:\\\/\\\/www.facebook.com\\\/srokawatersports\\\/\",\"https:\\\/\\\/www.instagram.com\\\/srokawatersports\\\/\",\"https:\\\/\\\/www.youtube.com\\\/channel\\\/UCVLHHeaPIm-J5bdEUgxqtZA\"]}]}<\/script>\n<!-- \/ Yoast SEO plugin. -->","yoast_head_json":{"title":"Wing V4 SROKA - SROKA Company","description":"Diese neue Wing V4 SROKA ist das Ergebnis der Weiterentwicklung der letzten drei Versionen. Kompakter, stabiler, effizienter und h\u00fcbscher.","robots":{"index":"index","follow":"follow","max-snippet":"max-snippet:-1","max-image-preview":"max-image-preview:large","max-video-preview":"max-video-preview:-1"},"canonical":"https:\/\/srokacompany.com\/de\/produkt\/wing-v4-sroka\/","og_locale":"de_DE","og_type":"article","og_title":"Wing V4 SROKA - SROKA Company","og_description":"Diese neue Wing V4 SROKA ist das Ergebnis der Weiterentwicklung der letzten drei Versionen. Kompakter, stabiler, effizienter und h\u00fcbscher.","og_url":"https:\/\/srokacompany.com\/de\/produkt\/wing-v4-sroka\/","og_site_name":"SROKA Company","article_publisher":"https:\/\/www.facebook.com\/srokawatersports\/","article_modified_time":"2026-02-02T18:03:29+00:00","og_image":[{"width":1080,"height":1080,"url":"https:\/\/srokacompany.com\/wp-content\/uploads\/2024\/01\/Wing-V4-SROKA-Face.jpg","type":"image\/jpeg"}],"twitter_misc":{"Gesch\u00e4tzte Lesezeit":"3\u00a0Minuten"},"schema":{"@context":"https:\/\/schema.org","@graph":[{"@type":"WebPage","@id":"https:\/\/srokacompany.com\/de\/produkt\/wing-v4-sroka\/","url":"https:\/\/srokacompany.com\/de\/produkt\/wing-v4-sroka\/","name":"Wing V4 SROKA - SROKA Company","isPartOf":{"@id":"https:\/\/srokacompany.com\/de\/#website"},"primaryImageOfPage":{"@id":"https:\/\/srokacompany.com\/de\/produkt\/wing-v4-sroka\/#primaryimage"},"image":{"@id":"https:\/\/srokacompany.com\/de\/produkt\/wing-v4-sroka\/#primaryimage"},"thumbnailUrl":"https:\/\/srokacompany.com\/wp-content\/uploads\/2024\/01\/Wing-V4-SROKA-Face.jpg","datePublished":"2024-01-09T12:19:56+00:00","dateModified":"2026-02-02T18:03:29+00:00","description":"Diese neue Wing V4 SROKA ist das Ergebnis der Weiterentwicklung der letzten drei Versionen. Kompakter, stabiler, effizienter und h\u00fcbscher.","breadcrumb":{"@id":"https:\/\/srokacompany.com\/de\/produkt\/wing-v4-sroka\/#breadcrumb"},"inLanguage":"de","potentialAction":[{"@type":"ReadAction","target":["https:\/\/srokacompany.com\/de\/produkt\/wing-v4-sroka\/"]}]},{"@type":"ImageObject","inLanguage":"de","@id":"https:\/\/srokacompany.com\/de\/produkt\/wing-v4-sroka\/#primaryimage","url":"https:\/\/srokacompany.com\/wp-content\/uploads\/2024\/01\/Wing-V4-SROKA-Face.jpg","contentUrl":"https:\/\/srokacompany.com\/wp-content\/uploads\/2024\/01\/Wing-V4-SROKA-Face.jpg","width":1080,"height":1080},{"@type":"BreadcrumbList","@id":"https:\/\/srokacompany.com\/de\/produkt\/wing-v4-sroka\/#breadcrumb","itemListElement":[{"@type":"ListItem","position":1,"name":"Accueil","item":"https:\/\/srokacompany.com\/de\/"},{"@type":"ListItem","position":2,"name":"Laden","item":"https:\/\/srokacompany.com\/laden\/"},{"@type":"ListItem","position":3,"name":"Wing V4 SROKA"}]},{"@type":"WebSite","@id":"https:\/\/srokacompany.com\/de\/#website","url":"https:\/\/srokacompany.com\/de\/","name":"SROKA Company","description":"SUP, Kite, Foil, Wing","publisher":{"@id":"https:\/\/srokacompany.com\/de\/#organization"},"potentialAction":[{"@type":"SearchAction","target":{"@type":"EntryPoint","urlTemplate":"https:\/\/srokacompany.com\/de\/?s={search_term_string}"},"query-input":{"@type":"PropertyValueSpecification","valueRequired":true,"valueName":"search_term_string"}}],"inLanguage":"de"},{"@type":"Organization","@id":"https:\/\/srokacompany.com\/de\/#organization","name":"SROKACOMPANY","alternateName":"SROKA","url":"https:\/\/srokacompany.com\/de\/","logo":{"@type":"ImageObject","inLanguage":"de","@id":"https:\/\/srokacompany.com\/de\/#\/schema\/logo\/image\/","url":"https:\/\/srokacompany.com\/wp-content\/uploads\/2021\/01\/logo-sroka-black-transpa.png","contentUrl":"https:\/\/srokacompany.com\/wp-content\/uploads\/2021\/01\/logo-sroka-black-transpa.png","width":1201,"height":342,"caption":"SROKACOMPANY"},"image":{"@id":"https:\/\/srokacompany.com\/de\/#\/schema\/logo\/image\/"},"sameAs":["https:\/\/www.facebook.com\/srokawatersports\/","https:\/\/www.instagram.com\/srokawatersports\/","https:\/\/www.youtube.com\/channel\/UCVLHHeaPIm-J5bdEUgxqtZA"]}]}},"uagb_featured_image_src":{"full":["https:\/\/srokacompany.com\/wp-content\/uploads\/2024\/01\/Wing-V4-SROKA-Face.jpg",1080,1080,false],"thumbnail":["https:\/\/srokacompany.com\/wp-content\/uploads\/2024\/01\/Wing-V4-SROKA-Face-150x150.jpg",150,150,true],"medium":["https:\/\/srokacompany.com\/wp-content\/uploads\/2024\/01\/Wing-V4-SROKA-Face-300x300.jpg",300,300,true],"medium_large":["https:\/\/srokacompany.com\/wp-content\/uploads\/2024\/01\/Wing-V4-SROKA-Face-768x768.jpg",768,768,true],"large":["https:\/\/srokacompany.com\/wp-content\/uploads\/2024\/01\/Wing-V4-SROKA-Face-1024x1024.jpg",1024,1024,true],"1536x1536":["https:\/\/srokacompany.com\/wp-content\/uploads\/2024\/01\/Wing-V4-SROKA-Face.jpg",1080,1080,false],"2048x2048":["https:\/\/srokacompany.com\/wp-content\/uploads\/2024\/01\/Wing-V4-SROKA-Face.jpg",1080,1080,false],"woocommerce_thumbnail":["https:\/\/srokacompany.com\/wp-content\/uploads\/2024\/01\/Wing-V4-SROKA-Face-600x600.jpg",600,600,true],"woocommerce_single":["https:\/\/srokacompany.com\/wp-content\/uploads\/2024\/01\/Wing-V4-SROKA-Face-600x600.jpg",600,600,true],"woocommerce_gallery_thumbnail":["https:\/\/srokacompany.com\/wp-content\/uploads\/2024\/01\/Wing-V4-SROKA-Face-100x100.jpg",100,100,true],"dgwt-wcas-product-suggestion":["https:\/\/srokacompany.com\/wp-content\/uploads\/2024\/01\/Wing-V4-SROKA-Face.jpg",64,64,false]},"uagb_author_info":{"display_name":"Bruno Sroka","author_link":"https:\/\/srokacompany.com\/de\/blog\/author\/"},"uagb_comment_info":0,"uagb_excerpt":"Der SROKA Wing V4 ist der ideale 4x4-Kite f\u00fcr Anf\u00e4nger und Fortgeschrittene im Wing Foil. Stabilit\u00e4t, absolute Kontrolle und steife Griffe sorgen f\u00fcr maximalen Spa\u00df bei Freeride, Freefly und Wave.","jetpack_sharing_enabled":true,"_links":{"self":[{"href":"https:\/\/srokacompany.com\/de\/wp-json\/wp\/v2\/product\/344469","targetHints":{"allow":["GET"]}}],"collection":[{"href":"https:\/\/srokacompany.com\/de\/wp-json\/wp\/v2\/product"}],"about":[{"href":"https:\/\/srokacompany.com\/de\/wp-json\/wp\/v2\/types\/product"}],"wp:featuredmedia":[{"embeddable":true,"href":"https:\/\/srokacompany.com\/de\/wp-json\/wp\/v2\/media\/344470"}],"wp:attachment":[{"href":"https:\/\/srokacompany.com\/de\/wp-json\/wp\/v2\/media?parent=344469"}],"wp:term":[{"taxonomy":"product_brand","embeddable":true,"href":"https:\/\/srokacompany.com\/de\/wp-json\/wp\/v2\/product_brand?post=344469"},{"taxonomy":"product_cat","embeddable":true,"href":"https:\/\/srokacompany.com\/de\/wp-json\/wp\/v2\/product_cat?post=344469"},{"taxonomy":"product_tag","embeddable":true,"href":"https:\/\/srokacompany.com\/de\/wp-json\/wp\/v2\/product_tag?post=344469"}],"curies":[{"name":"wp","href":"https:\/\/api.w.org\/{rel}","templated":true}]}}