{"id":344556,"date":"2024-02-01T13:13:20","date_gmt":"2024-02-01T11:13:20","guid":{"rendered":"https:\/\/srokacompany.com\/produit\/brett-dw-72-elite-reihe\/"},"modified":"2026-01-08T16:22:38","modified_gmt":"2026-01-08T14:22:38","slug":"brett-dw-72-elite-reihe","status":"publish","type":"product","link":"https:\/\/srokacompany.com\/de\/produkt\/brett-dw-72-elite-reihe\/","title":{"rendered":"Brett DW 7&#8217;2 &#8211; Elite-Reihe"},"content":{"rendered":"<hr>\n<p>Du suchst ein <strong>Wingboard foil<\/strong> <strong>und SUP foil , um<\/strong> <strong>im Ultra-Light-Wind<\/strong> von 5 Knoten zu segeln oder lange Downwinds in der D\u00fcnung zu machen. Wir haben eine Reihe von Boards entwickelt, mit denen du einen sehr fr\u00fchen Start und ein einfaches Gleiten durch die Wellen erreichen kannst. Das ist <strong>die DW 7&#8217;2 bis DW 8&#8217;3 Serie<\/strong>. Mit den DFW 7&#8217;2 und 7&#8217;2W Boards kannst du den H\u00f6hepunkt der Wing foil Downwind- und Ultra-Light-Wind-Erfahrung erleben, auch im Proning, wo jeder Aspekt dieses Boards darauf ausgelegt ist, dir un\u00fcbertroffene Vorteile in Bezug auf<strong>Leistung, Komfort, Kontrolle und Haltbarkeit zu<\/strong> bieten. Ein perfektes Board f\u00fcr alle, die Downwind mit Wing, Prona und Wingfoil Freeride fahren wollen oder einfach nur sehr fr\u00fch mit Light Wind starten wollen.   <\/p>\n<p>Die Dw 8&#8217;3-Serie ist vor allem f\u00fcr Downwinder geeignet. Sie besteht aus 4 verschiedenen Gr\u00f6\u00dfen und Volumen: Sie haben die Wahl zwischen 17 \/ 19 \/ 21 und 23 Zoll Breite mit einem Volumen von 105 L bis 135 L. Sie ist Teil der Elite Serie, die ihr au\u00dfergew\u00f6hnliche Qualit\u00e4ten verleiht, sowie ein hochwertiges Boardbag, das im Preis inbegriffen ist. Die ideale Kombination mit dem foil Elite oder Solo Carbon f\u00fcr gleitende und schlanke Sessions.  <\/p>\n","protected":false},"excerpt":{"rendered":"<p>Downwind \/ Ligth wind board in wing foil und Sup foil. Full Carbon Sandwich Konstruktion. <\/p>\n","protected":false},"featured_media":344558,"template":"","meta":{"_acf_changed":false,"_uag_custom_page_level_css":""},"product_brand":[],"product_cat":[3533,3531,3569,3570,3529,4258,3867,3540,3453],"product_tag":[3535,3459,3443,3442],"class_list":{"0":"post-344556","1":"product","2":"type-product","3":"status-publish","4":"has-post-thumbnail","6":"product_cat-brett-elite-reihe","7":"product_cat-bretter-wing-foil-zum-besten-preis","8":"product_cat-downwind-de","9":"product_cat-downwind-boards-zahmen-sie-den-wellengang-mit-leistung-und-spas","10":"product_cat-elite-de","11":"product_cat-schwarzer-freitag","12":"product_cat-sup-foil-de","13":"product_cat-sup-bretter-foil","14":"product_cat-wing-foil-de","15":"product_tag-elite-de","16":"product_tag-experte","17":"product_tag-fortgeschrittene","18":"product_tag-schlau","19":"product_shipping_class-hartes-brett-2025","21":"first","22":"instock","23":"sale","24":"taxable","25":"shipping-taxable","26":"purchasable","27":"product-type-variable"},"acf":[],"yoast_head":"<!-- This site is optimized with the Yoast SEO plugin v27.4 - https:\/\/yoast.com\/product\/yoast-seo-wordpress\/ -->\n<title>Board von Downwind &amp; Light wind: Die DW der Elite-Reihe<\/title>\n<meta name=\"description\" content=\"Entdecke die Boards von Downwind &amp; ultra light wind in wing foil: Das DW ist Teil der ELITE Serie: ein Board der Spitzenklasse von SROKA.\" \/>\n<meta name=\"robots\" content=\"index, follow, max-snippet:-1, max-image-preview:large, max-video-preview:-1\" \/>\n<link rel=\"canonical\" href=\"https:\/\/srokacompany.com\/de\/produkt\/brett-dw-72-elite-reihe\/\" \/>\n<meta property=\"og:locale\" content=\"de_DE\" \/>\n<meta property=\"og:type\" content=\"article\" \/>\n<meta property=\"og:title\" content=\"Board von Downwind &amp; Light wind: Die DW der Elite-Reihe\" \/>\n<meta property=\"og:description\" content=\"Entdecke die Boards von Downwind &amp; ultra light wind in wing foil: Das DW ist Teil der ELITE Serie: ein Board der Spitzenklasse von SROKA.\" \/>\n<meta property=\"og:url\" content=\"https:\/\/srokacompany.com\/de\/produkt\/brett-dw-72-elite-reihe\/\" \/>\n<meta property=\"og:site_name\" content=\"SROKA Company\" \/>\n<meta property=\"article:publisher\" content=\"https:\/\/www.facebook.com\/srokawatersports\/\" \/>\n<meta property=\"article:modified_time\" content=\"2026-01-08T14:22:38+00:00\" \/>\n<meta property=\"og:image\" content=\"https:\/\/srokacompany.com\/wp-content\/uploads\/2024\/02\/DW-72-scaled.png\" \/>\n\t<meta property=\"og:image:width\" content=\"2560\" \/>\n\t<meta property=\"og:image:height\" content=\"2401\" \/>\n\t<meta property=\"og:image:type\" content=\"image\/png\" \/>\n<meta name=\"twitter:label1\" content=\"Gesch\u00e4tzte Lesezeit\" \/>\n\t<meta name=\"twitter:data1\" content=\"1\u00a0Minute\" \/>\n<script type=\"application\/ld+json\" class=\"yoast-schema-graph\">{\"@context\":\"https:\\\/\\\/schema.org\",\"@graph\":[{\"@type\":\"WebPage\",\"@id\":\"https:\\\/\\\/srokacompany.com\\\/de\\\/produkt\\\/brett-dw-72-elite-reihe\\\/\",\"url\":\"https:\\\/\\\/srokacompany.com\\\/de\\\/produkt\\\/brett-dw-72-elite-reihe\\\/\",\"name\":\"Board von Downwind & Light wind: Die DW der Elite-Reihe\",\"isPartOf\":{\"@id\":\"https:\\\/\\\/srokacompany.com\\\/de\\\/#website\"},\"primaryImageOfPage\":{\"@id\":\"https:\\\/\\\/srokacompany.com\\\/de\\\/produkt\\\/brett-dw-72-elite-reihe\\\/#primaryimage\"},\"image\":{\"@id\":\"https:\\\/\\\/srokacompany.com\\\/de\\\/produkt\\\/brett-dw-72-elite-reihe\\\/#primaryimage\"},\"thumbnailUrl\":\"https:\\\/\\\/srokacompany.com\\\/wp-content\\\/uploads\\\/2024\\\/02\\\/DW-72-scaled.png\",\"datePublished\":\"2024-02-01T11:13:20+00:00\",\"dateModified\":\"2026-01-08T14:22:38+00:00\",\"description\":\"Entdecke die Boards von Downwind & ultra light wind in wing foil: Das DW ist Teil der ELITE Serie: ein Board der Spitzenklasse von SROKA.\",\"breadcrumb\":{\"@id\":\"https:\\\/\\\/srokacompany.com\\\/de\\\/produkt\\\/brett-dw-72-elite-reihe\\\/#breadcrumb\"},\"inLanguage\":\"de\",\"potentialAction\":[{\"@type\":\"ReadAction\",\"target\":[\"https:\\\/\\\/srokacompany.com\\\/de\\\/produkt\\\/brett-dw-72-elite-reihe\\\/\"]}]},{\"@type\":\"ImageObject\",\"inLanguage\":\"de\",\"@id\":\"https:\\\/\\\/srokacompany.com\\\/de\\\/produkt\\\/brett-dw-72-elite-reihe\\\/#primaryimage\",\"url\":\"https:\\\/\\\/srokacompany.com\\\/wp-content\\\/uploads\\\/2024\\\/02\\\/DW-72-scaled.png\",\"contentUrl\":\"https:\\\/\\\/srokacompany.com\\\/wp-content\\\/uploads\\\/2024\\\/02\\\/DW-72-scaled.png\",\"width\":2560,\"height\":2401},{\"@type\":\"BreadcrumbList\",\"@id\":\"https:\\\/\\\/srokacompany.com\\\/de\\\/produkt\\\/brett-dw-72-elite-reihe\\\/#breadcrumb\",\"itemListElement\":[{\"@type\":\"ListItem\",\"position\":1,\"name\":\"Accueil\",\"item\":\"https:\\\/\\\/srokacompany.com\\\/de\\\/\"},{\"@type\":\"ListItem\",\"position\":2,\"name\":\"Laden\",\"item\":\"https:\\\/\\\/srokacompany.com\\\/laden\\\/\"},{\"@type\":\"ListItem\",\"position\":3,\"name\":\"Brett DW 7&rsquo;2 &#8211; Elite-Reihe\"}]},{\"@type\":\"WebSite\",\"@id\":\"https:\\\/\\\/srokacompany.com\\\/de\\\/#website\",\"url\":\"https:\\\/\\\/srokacompany.com\\\/de\\\/\",\"name\":\"SROKA Company\",\"description\":\"SUP, Kite, Foil, Wing\",\"publisher\":{\"@id\":\"https:\\\/\\\/srokacompany.com\\\/de\\\/#organization\"},\"potentialAction\":[{\"@type\":\"SearchAction\",\"target\":{\"@type\":\"EntryPoint\",\"urlTemplate\":\"https:\\\/\\\/srokacompany.com\\\/de\\\/?s={search_term_string}\"},\"query-input\":{\"@type\":\"PropertyValueSpecification\",\"valueRequired\":true,\"valueName\":\"search_term_string\"}}],\"inLanguage\":\"de\"},{\"@type\":\"Organization\",\"@id\":\"https:\\\/\\\/srokacompany.com\\\/de\\\/#organization\",\"name\":\"SROKACOMPANY\",\"alternateName\":\"SROKA\",\"url\":\"https:\\\/\\\/srokacompany.com\\\/de\\\/\",\"logo\":{\"@type\":\"ImageObject\",\"inLanguage\":\"de\",\"@id\":\"https:\\\/\\\/srokacompany.com\\\/de\\\/#\\\/schema\\\/logo\\\/image\\\/\",\"url\":\"https:\\\/\\\/srokacompany.com\\\/wp-content\\\/uploads\\\/2021\\\/01\\\/logo-sroka-black-transpa.png\",\"contentUrl\":\"https:\\\/\\\/srokacompany.com\\\/wp-content\\\/uploads\\\/2021\\\/01\\\/logo-sroka-black-transpa.png\",\"width\":1201,\"height\":342,\"caption\":\"SROKACOMPANY\"},\"image\":{\"@id\":\"https:\\\/\\\/srokacompany.com\\\/de\\\/#\\\/schema\\\/logo\\\/image\\\/\"},\"sameAs\":[\"https:\\\/\\\/www.facebook.com\\\/srokawatersports\\\/\",\"https:\\\/\\\/www.instagram.com\\\/srokawatersports\\\/\",\"https:\\\/\\\/www.youtube.com\\\/channel\\\/UCVLHHeaPIm-J5bdEUgxqtZA\"]}]}<\/script>\n<!-- \/ Yoast SEO plugin. -->","yoast_head_json":{"title":"Board von Downwind & Light wind: Die DW der Elite-Reihe","description":"Entdecke die Boards von Downwind & ultra light wind in wing foil: Das DW ist Teil der ELITE Serie: ein Board der Spitzenklasse von SROKA.","robots":{"index":"index","follow":"follow","max-snippet":"max-snippet:-1","max-image-preview":"max-image-preview:large","max-video-preview":"max-video-preview:-1"},"canonical":"https:\/\/srokacompany.com\/de\/produkt\/brett-dw-72-elite-reihe\/","og_locale":"de_DE","og_type":"article","og_title":"Board von Downwind & Light wind: Die DW der Elite-Reihe","og_description":"Entdecke die Boards von Downwind & ultra light wind in wing foil: Das DW ist Teil der ELITE Serie: ein Board der Spitzenklasse von SROKA.","og_url":"https:\/\/srokacompany.com\/de\/produkt\/brett-dw-72-elite-reihe\/","og_site_name":"SROKA Company","article_publisher":"https:\/\/www.facebook.com\/srokawatersports\/","article_modified_time":"2026-01-08T14:22:38+00:00","og_image":[{"width":2560,"height":2401,"url":"https:\/\/srokacompany.com\/wp-content\/uploads\/2024\/02\/DW-72-scaled.png","type":"image\/png"}],"twitter_misc":{"Gesch\u00e4tzte Lesezeit":"1\u00a0Minute"},"schema":{"@context":"https:\/\/schema.org","@graph":[{"@type":"WebPage","@id":"https:\/\/srokacompany.com\/de\/produkt\/brett-dw-72-elite-reihe\/","url":"https:\/\/srokacompany.com\/de\/produkt\/brett-dw-72-elite-reihe\/","name":"Board von Downwind & Light wind: Die DW der Elite-Reihe","isPartOf":{"@id":"https:\/\/srokacompany.com\/de\/#website"},"primaryImageOfPage":{"@id":"https:\/\/srokacompany.com\/de\/produkt\/brett-dw-72-elite-reihe\/#primaryimage"},"image":{"@id":"https:\/\/srokacompany.com\/de\/produkt\/brett-dw-72-elite-reihe\/#primaryimage"},"thumbnailUrl":"https:\/\/srokacompany.com\/wp-content\/uploads\/2024\/02\/DW-72-scaled.png","datePublished":"2024-02-01T11:13:20+00:00","dateModified":"2026-01-08T14:22:38+00:00","description":"Entdecke die Boards von Downwind & ultra light wind in wing foil: Das DW ist Teil der ELITE Serie: ein Board der Spitzenklasse von SROKA.","breadcrumb":{"@id":"https:\/\/srokacompany.com\/de\/produkt\/brett-dw-72-elite-reihe\/#breadcrumb"},"inLanguage":"de","potentialAction":[{"@type":"ReadAction","target":["https:\/\/srokacompany.com\/de\/produkt\/brett-dw-72-elite-reihe\/"]}]},{"@type":"ImageObject","inLanguage":"de","@id":"https:\/\/srokacompany.com\/de\/produkt\/brett-dw-72-elite-reihe\/#primaryimage","url":"https:\/\/srokacompany.com\/wp-content\/uploads\/2024\/02\/DW-72-scaled.png","contentUrl":"https:\/\/srokacompany.com\/wp-content\/uploads\/2024\/02\/DW-72-scaled.png","width":2560,"height":2401},{"@type":"BreadcrumbList","@id":"https:\/\/srokacompany.com\/de\/produkt\/brett-dw-72-elite-reihe\/#breadcrumb","itemListElement":[{"@type":"ListItem","position":1,"name":"Accueil","item":"https:\/\/srokacompany.com\/de\/"},{"@type":"ListItem","position":2,"name":"Laden","item":"https:\/\/srokacompany.com\/laden\/"},{"@type":"ListItem","position":3,"name":"Brett DW 7&rsquo;2 &#8211; Elite-Reihe"}]},{"@type":"WebSite","@id":"https:\/\/srokacompany.com\/de\/#website","url":"https:\/\/srokacompany.com\/de\/","name":"SROKA Company","description":"SUP, Kite, Foil, Wing","publisher":{"@id":"https:\/\/srokacompany.com\/de\/#organization"},"potentialAction":[{"@type":"SearchAction","target":{"@type":"EntryPoint","urlTemplate":"https:\/\/srokacompany.com\/de\/?s={search_term_string}"},"query-input":{"@type":"PropertyValueSpecification","valueRequired":true,"valueName":"search_term_string"}}],"inLanguage":"de"},{"@type":"Organization","@id":"https:\/\/srokacompany.com\/de\/#organization","name":"SROKACOMPANY","alternateName":"SROKA","url":"https:\/\/srokacompany.com\/de\/","logo":{"@type":"ImageObject","inLanguage":"de","@id":"https:\/\/srokacompany.com\/de\/#\/schema\/logo\/image\/","url":"https:\/\/srokacompany.com\/wp-content\/uploads\/2021\/01\/logo-sroka-black-transpa.png","contentUrl":"https:\/\/srokacompany.com\/wp-content\/uploads\/2021\/01\/logo-sroka-black-transpa.png","width":1201,"height":342,"caption":"SROKACOMPANY"},"image":{"@id":"https:\/\/srokacompany.com\/de\/#\/schema\/logo\/image\/"},"sameAs":["https:\/\/www.facebook.com\/srokawatersports\/","https:\/\/www.instagram.com\/srokawatersports\/","https:\/\/www.youtube.com\/channel\/UCVLHHeaPIm-J5bdEUgxqtZA"]}]}},"uagb_featured_image_src":{"full":["https:\/\/srokacompany.com\/wp-content\/uploads\/2024\/02\/DW-72-scaled.png",2560,2401,false],"thumbnail":["https:\/\/srokacompany.com\/wp-content\/uploads\/2024\/02\/DW-72-150x150.png",150,150,true],"medium":["https:\/\/srokacompany.com\/wp-content\/uploads\/2024\/02\/DW-72-300x281.png",300,281,true],"medium_large":["https:\/\/srokacompany.com\/wp-content\/uploads\/2024\/02\/DW-72-768x720.png",768,720,true],"large":["https:\/\/srokacompany.com\/wp-content\/uploads\/2024\/02\/DW-72-1024x960.png",1024,960,true],"1536x1536":["https:\/\/srokacompany.com\/wp-content\/uploads\/2024\/02\/DW-72-1536x1441.png",1536,1441,true],"2048x2048":["https:\/\/srokacompany.com\/wp-content\/uploads\/2024\/02\/DW-72-2048x1921.png",2048,1921,true],"woocommerce_thumbnail":["https:\/\/srokacompany.com\/wp-content\/uploads\/2024\/02\/DW-72-600x563.png",600,563,true],"woocommerce_single":["https:\/\/srokacompany.com\/wp-content\/uploads\/2024\/02\/DW-72-600x563.png",600,563,true],"woocommerce_gallery_thumbnail":["https:\/\/srokacompany.com\/wp-content\/uploads\/2024\/02\/DW-72-100x100.png",100,100,true],"dgwt-wcas-product-suggestion":["https:\/\/srokacompany.com\/wp-content\/uploads\/2024\/02\/DW-72-64x60.png",64,60,true]},"uagb_author_info":{"display_name":"Bruno Sroka","author_link":"https:\/\/srokacompany.com\/de\/blog\/author\/"},"uagb_comment_info":0,"uagb_excerpt":"Downwind \/ Ligth wind board in wing foil und Sup foil. Full Carbon Sandwich Konstruktion.","jetpack_sharing_enabled":true,"_links":{"self":[{"href":"https:\/\/srokacompany.com\/de\/wp-json\/wp\/v2\/product\/344556","targetHints":{"allow":["GET"]}}],"collection":[{"href":"https:\/\/srokacompany.com\/de\/wp-json\/wp\/v2\/product"}],"about":[{"href":"https:\/\/srokacompany.com\/de\/wp-json\/wp\/v2\/types\/product"}],"wp:featuredmedia":[{"embeddable":true,"href":"https:\/\/srokacompany.com\/de\/wp-json\/wp\/v2\/media\/344558"}],"wp:attachment":[{"href":"https:\/\/srokacompany.com\/de\/wp-json\/wp\/v2\/media?parent=344556"}],"wp:term":[{"taxonomy":"product_brand","embeddable":true,"href":"https:\/\/srokacompany.com\/de\/wp-json\/wp\/v2\/product_brand?post=344556"},{"taxonomy":"product_cat","embeddable":true,"href":"https:\/\/srokacompany.com\/de\/wp-json\/wp\/v2\/product_cat?post=344556"},{"taxonomy":"product_tag","embeddable":true,"href":"https:\/\/srokacompany.com\/de\/wp-json\/wp\/v2\/product_tag?post=344556"}],"curies":[{"name":"wp","href":"https:\/\/api.w.org\/{rel}","templated":true}]}}