{"id":344607,"date":"2024-02-16T13:13:19","date_gmt":"2024-02-16T13:13:19","guid":{"rendered":"https:\/\/srokacompany.com\/produit\/brett-wing-foil-lw-57-66-mid-length-elite-range\/"},"modified":"2026-01-23T11:21:33","modified_gmt":"2026-01-23T09:21:33","slug":"brett-wing-foil-lw-57-66-mid-length-elite-range","status":"publish","type":"product","link":"https:\/\/srokacompany.com\/de\/produkt\/brett-wing-foil-lw-57-66-mid-length-elite-range\/","title":{"rendered":"Wingboard mid-length LW 5&#8217;7 &#8211; 6&#8217;6 &#8211; Elite-Reihe"},"content":{"rendered":"<hr>\n<p><span class=\"citation-42\">Die Palette  <\/span><b><span class=\"citation-42\">LW (Light Wind)<\/span><\/b><span class=\"citation-42\">  von SROKA, einer  <\/span><b><span class=\"citation-42\">Mid-Length-Brett<\/span><\/b><span class=\"citation-42\">  der  <\/span><b><span class=\"citation-42\">Elite-Reihe<\/span><\/b><span class=\"citation-42 citation-end-42\">, est con\u00e7ue pour les riders interm\u00e9diaires \u00e0 experts qui veulent voler plus t\u00f4t que tout le monde.<\/span> <span class=\"citation-41\">Sein einzigartiges Konzept, mehr  <\/span><b><span class=\"citation-41\">lang<\/span><\/b><span class=\"citation-41\">  und mehr  <\/span><b><span class=\"citation-41\">schmal<\/span><\/b><span class=\"citation-41\">Der Luftwiderstand wird minimiert, um die Sitzungen zu optimieren.  <\/span><b><span class=\"citation-41\">leichter Wind<\/span><\/b><span class=\"citation-41 citation-end-41\">  oder auf Binnengew\u00e4ssern.<\/span><\/p>\n<h3>Shape: Geschwindigkeit und m\u00fcheloses Gleiten<\/h3>\n<p>Das Geheimnis des <b>LW<\/b> liegt darin, die Reibungsfl\u00e4che zu verringern, um die Gleitgeschwindigkeit zu maximieren : <\/p>\n<ul>\n<li><b>Garantiert fr\u00fches Abheben :<\/b><span class=\"citation-40 citation-end-40\"> Die gr\u00f6\u00dfere L\u00e4nge sorgt f\u00fcr einen schnellen Geschwindigkeitszuwachs und erleichtert den Start auch mit einem kleinen Foil.<\/span> <span class=\"citation-39\">Sie starten bis zu <\/span><b><span class=\"citation-39\">doppelt so fr\u00fch<\/span><\/b><span class=\"citation-39 citation-end-39\"> als mit einem kurzen Board.<\/span><\/li>\n<li><b>Optimierter Kiel :<\/b><span class=\"citation-38\">  Der flache Rumpf mit einem leichten  <\/span><b><span class=\"citation-38\">V<\/span><\/b><span class=\"citation-38\">  auf der Vorderseite und  <\/span><i><span class=\"citation-38\">Cut-Outs<\/span><\/i><span class=\"citation-38\">  auf der R\u00fcckseite, sorgt f\u00fcr eine  <\/span><b><span class=\"citation-38\">maximale Beschleunigung<\/span><\/b><span class=\"citation-38\">  und reduziert die benetzte Oberfl\u00e4che beim  <\/span><i><span class=\"citation-38\">take-off<\/span><\/i><span class=\"citation-38\">  f\u00fcr eine  <\/span><b><span class=\"citation-38\">minimaler Luftwiderstand<\/span><\/b><span class=\"citation-38 citation-end-38\">.<\/span><\/li>\n<li><b>Man\u00f6vrierf\u00e4higkeit Fine:<\/b> Die geringe Breite (20&#8243; bis 22&#8243;) bringt eine hohe <b>Man\u00f6vrierf\u00e4higkeit<\/b> im Flug und maximale Reaktionsf\u00e4higkeit beim <i>Pumpen<\/i> und <i>Carven<\/i> in der Brandung.<\/li>\n<\/ul>\n<p>&nbsp;<\/p>\n<h3>Elite Carbon-Konstruktion<\/h3>\n<p>Die <b>Full Carbon Sandwich<\/b> Konstruktion bietet die perfekte Balance zwischen <b>Leichtigkeit, Steifigkeit und Festigkeit<\/b>, die f\u00fcr ein Performance Board unerl\u00e4sslich sind:  <\/p>\n<ul>\n<li><b>Totale Reaktivit\u00e4t :<\/b><span class=\"citation-37\"> Die Struktur <\/span><b><span class=\"citation-37\">Full Carbon<\/span><\/b><span class=\"citation-37\"> (Deck und Unterwasserschiff) garantiert eine <\/span><b><span class=\"citation-37\">100%ige Steifigkeit<\/span><\/b><span class=\"citation-37 citation-end-37\">Das bedeutet absolute Kontrolle \u00fcber Ihre St\u00fctzen und eine sofortige Reaktion auf Ihre Belastungen.<\/span><\/li>\n<li><b><span class=\"citation-36\">Vielseitigkeit Leistung :<\/span><\/b><span class=\"citation-36\"> Entwickelt f\u00fcr den <\/span><b><span class=\"citation-36\">Light Wind (100%)<\/span><\/b><span class=\"citation-36\">Er eignet sich auch hervorragend f\u00fcr <\/span><b><span class=\"citation-36\">Freefly (100%)<\/span><\/b><span class=\"citation-36\"> und kann als Windsurfboard verwendet werden. <\/span><b><span class=\"citation-36\">Downwind<\/span><\/b><span class=\"citation-36 citation-end-36\"> f\u00fcr kleinere Gr\u00f6\u00dfen.<\/span><\/li>\n<li><b>Qualit\u00e4t von SROKA :<\/b><span class=\"citation-35\"> Geliefert mit einer <\/span><b><span class=\"citation-35\">hochwertiger H\u00fclle<\/span><\/b><span class=\"citation-35 citation-end-35\"> (10 mm Schaumstoff) f\u00fcr einen sicheren und praktischen Transport.<\/span><\/li>\n<\/ul>\n<p><span class=\"citation-34\">Die <\/span><b><span class=\"citation-34\">LW<\/span><\/b><span class=\"citation-34\"> ist kein Brett f\u00fcr Anf\u00e4nger (zu wenig Breite), aber es ist das <\/span><b><span class=\"citation-34\">Raketenboard<\/span><\/b><span class=\"citation-34 citation-end-34\"> f\u00fcr erfahrene Rider, die versuchen, jede Fahrt zu optimieren, egal bei welchen Windbedingungen.<\/span><\/p>\n<p>Die perfekte Kombo mit dem <a href=\"https:\/\/srokacompany.com\/de\/produkt\/foil-carbon-elite-14mm-85cm\/\">foil Carbon Elite<\/a> oder Solo.<\/p>\n","protected":false},"excerpt":{"rendered":"<p>Das <b class=\"\">LW Elite<\/b> SROKA ist das <b class=\"\">Wingfoil Mid-Length Full Sandwich arbone<\/b> Board (5&#8217;7 bis 6&#8217;6) f\u00fcr <b class=\"\">ultrafr\u00fchzeitige Starts<\/b> und <b class=\"\">maximale Gleitf\u00e4higkeit<\/b>. Ideal f\u00fcr <b class=\"\">Light Wind<\/b>, <i class=\"\">Freeride<\/i> und leichten <i class=\"\">Downwind<\/i>. <\/p>\n<p><strong>Auslaufmodell<\/strong><\/p>\n","protected":false},"featured_media":344609,"template":"","meta":{"_acf_changed":false,"_uag_custom_page_level_css":""},"product_brand":[],"product_cat":[3533,3531,3529,4258,3453],"product_tag":[3535,3459,3443,3442],"class_list":{"0":"post-344607","1":"product","2":"type-product","3":"status-publish","4":"has-post-thumbnail","6":"product_cat-brett-elite-reihe","7":"product_cat-bretter-wing-foil-zum-besten-preis","8":"product_cat-elite-de","9":"product_cat-schwarzer-freitag","10":"product_cat-wing-foil-de","11":"product_tag-elite-de","12":"product_tag-experte","13":"product_tag-fortgeschrittene","14":"product_tag-schlau","15":"product_shipping_class-hartes-brett-2025","17":"first","18":"instock","19":"sale","20":"taxable","21":"shipping-taxable","22":"purchasable","23":"product-type-variable"},"acf":[],"yoast_head":"<!-- This site is optimized with the Yoast SEO plugin v27.4 - https:\/\/yoast.com\/product\/yoast-seo-wordpress\/ -->\n<title>Wingboard mid-length : LW - Elite-Reihe<\/title>\n<meta name=\"description\" content=\"Entdecke unser mid-length LW Wingboard aus der Elite-Reihe. Ein High-End-Board, das sich perfekt f\u00fcr Wing-foil, Light Wind, Prone oder Downwind eignet.\" \/>\n<meta name=\"robots\" content=\"index, follow, max-snippet:-1, max-image-preview:large, max-video-preview:-1\" \/>\n<link rel=\"canonical\" href=\"https:\/\/srokacompany.com\/de\/produkt\/brett-wing-foil-lw-57-66-mid-length-elite-range\/\" \/>\n<meta property=\"og:locale\" content=\"de_DE\" \/>\n<meta property=\"og:type\" content=\"article\" \/>\n<meta property=\"og:title\" content=\"Wingboard mid-length : LW - Elite-Reihe\" \/>\n<meta property=\"og:description\" content=\"Entdecke unser mid-length LW Wingboard aus der Elite-Reihe. Ein High-End-Board, das sich perfekt f\u00fcr Wing-foil, Light Wind, Prone oder Downwind eignet.\" \/>\n<meta property=\"og:url\" content=\"https:\/\/srokacompany.com\/de\/produkt\/brett-wing-foil-lw-57-66-mid-length-elite-range\/\" \/>\n<meta property=\"og:site_name\" content=\"SROKA Company\" \/>\n<meta property=\"article:publisher\" content=\"https:\/\/www.facebook.com\/srokawatersports\/\" \/>\n<meta property=\"article:modified_time\" content=\"2026-01-23T09:21:33+00:00\" \/>\n<meta property=\"og:image\" content=\"https:\/\/srokacompany.com\/wp-content\/uploads\/2024\/02\/Artboard-Copy-8-2-1024x960.png\" \/>\n\t<meta property=\"og:image:width\" content=\"1024\" \/>\n\t<meta property=\"og:image:height\" content=\"960\" \/>\n\t<meta property=\"og:image:type\" content=\"image\/png\" \/>\n<meta name=\"twitter:label1\" content=\"Gesch\u00e4tzte Lesezeit\" \/>\n\t<meta name=\"twitter:data1\" content=\"2\u00a0Minuten\" \/>\n<script type=\"application\/ld+json\" class=\"yoast-schema-graph\">{\"@context\":\"https:\\\/\\\/schema.org\",\"@graph\":[{\"@type\":\"WebPage\",\"@id\":\"https:\\\/\\\/srokacompany.com\\\/de\\\/produkt\\\/brett-wing-foil-lw-57-66-mid-length-elite-range\\\/\",\"url\":\"https:\\\/\\\/srokacompany.com\\\/de\\\/produkt\\\/brett-wing-foil-lw-57-66-mid-length-elite-range\\\/\",\"name\":\"Wingboard mid-length : LW - Elite-Reihe\",\"isPartOf\":{\"@id\":\"https:\\\/\\\/srokacompany.com\\\/de\\\/#website\"},\"primaryImageOfPage\":{\"@id\":\"https:\\\/\\\/srokacompany.com\\\/de\\\/produkt\\\/brett-wing-foil-lw-57-66-mid-length-elite-range\\\/#primaryimage\"},\"image\":{\"@id\":\"https:\\\/\\\/srokacompany.com\\\/de\\\/produkt\\\/brett-wing-foil-lw-57-66-mid-length-elite-range\\\/#primaryimage\"},\"thumbnailUrl\":\"https:\\\/\\\/srokacompany.com\\\/wp-content\\\/uploads\\\/2024\\\/02\\\/Artboard-Copy-8-2.png\",\"datePublished\":\"2024-02-16T13:13:19+00:00\",\"dateModified\":\"2026-01-23T09:21:33+00:00\",\"description\":\"Entdecke unser mid-length LW Wingboard aus der Elite-Reihe. Ein High-End-Board, das sich perfekt f\u00fcr Wing-foil, Light Wind, Prone oder Downwind eignet.\",\"breadcrumb\":{\"@id\":\"https:\\\/\\\/srokacompany.com\\\/de\\\/produkt\\\/brett-wing-foil-lw-57-66-mid-length-elite-range\\\/#breadcrumb\"},\"inLanguage\":\"de\",\"potentialAction\":[{\"@type\":\"ReadAction\",\"target\":[\"https:\\\/\\\/srokacompany.com\\\/de\\\/produkt\\\/brett-wing-foil-lw-57-66-mid-length-elite-range\\\/\"]}]},{\"@type\":\"ImageObject\",\"inLanguage\":\"de\",\"@id\":\"https:\\\/\\\/srokacompany.com\\\/de\\\/produkt\\\/brett-wing-foil-lw-57-66-mid-length-elite-range\\\/#primaryimage\",\"url\":\"https:\\\/\\\/srokacompany.com\\\/wp-content\\\/uploads\\\/2024\\\/02\\\/Artboard-Copy-8-2.png\",\"contentUrl\":\"https:\\\/\\\/srokacompany.com\\\/wp-content\\\/uploads\\\/2024\\\/02\\\/Artboard-Copy-8-2.png\",\"width\":1980,\"height\":1857,\"caption\":\"Brett mid-length wing foil\"},{\"@type\":\"BreadcrumbList\",\"@id\":\"https:\\\/\\\/srokacompany.com\\\/de\\\/produkt\\\/brett-wing-foil-lw-57-66-mid-length-elite-range\\\/#breadcrumb\",\"itemListElement\":[{\"@type\":\"ListItem\",\"position\":1,\"name\":\"Accueil\",\"item\":\"https:\\\/\\\/srokacompany.com\\\/de\\\/\"},{\"@type\":\"ListItem\",\"position\":2,\"name\":\"Laden\",\"item\":\"https:\\\/\\\/srokacompany.com\\\/laden\\\/\"},{\"@type\":\"ListItem\",\"position\":3,\"name\":\"Wingboard mid-length LW 5&rsquo;7 &#8211; 6&rsquo;6 &#8211; Elite-Reihe\"}]},{\"@type\":\"WebSite\",\"@id\":\"https:\\\/\\\/srokacompany.com\\\/de\\\/#website\",\"url\":\"https:\\\/\\\/srokacompany.com\\\/de\\\/\",\"name\":\"SROKA Company\",\"description\":\"SUP, Kite, Foil, Wing\",\"publisher\":{\"@id\":\"https:\\\/\\\/srokacompany.com\\\/de\\\/#organization\"},\"potentialAction\":[{\"@type\":\"SearchAction\",\"target\":{\"@type\":\"EntryPoint\",\"urlTemplate\":\"https:\\\/\\\/srokacompany.com\\\/de\\\/?s={search_term_string}\"},\"query-input\":{\"@type\":\"PropertyValueSpecification\",\"valueRequired\":true,\"valueName\":\"search_term_string\"}}],\"inLanguage\":\"de\"},{\"@type\":\"Organization\",\"@id\":\"https:\\\/\\\/srokacompany.com\\\/de\\\/#organization\",\"name\":\"SROKACOMPANY\",\"alternateName\":\"SROKA\",\"url\":\"https:\\\/\\\/srokacompany.com\\\/de\\\/\",\"logo\":{\"@type\":\"ImageObject\",\"inLanguage\":\"de\",\"@id\":\"https:\\\/\\\/srokacompany.com\\\/de\\\/#\\\/schema\\\/logo\\\/image\\\/\",\"url\":\"https:\\\/\\\/srokacompany.com\\\/wp-content\\\/uploads\\\/2021\\\/01\\\/logo-sroka-black-transpa.png\",\"contentUrl\":\"https:\\\/\\\/srokacompany.com\\\/wp-content\\\/uploads\\\/2021\\\/01\\\/logo-sroka-black-transpa.png\",\"width\":1201,\"height\":342,\"caption\":\"SROKACOMPANY\"},\"image\":{\"@id\":\"https:\\\/\\\/srokacompany.com\\\/de\\\/#\\\/schema\\\/logo\\\/image\\\/\"},\"sameAs\":[\"https:\\\/\\\/www.facebook.com\\\/srokawatersports\\\/\",\"https:\\\/\\\/www.instagram.com\\\/srokawatersports\\\/\",\"https:\\\/\\\/www.youtube.com\\\/channel\\\/UCVLHHeaPIm-J5bdEUgxqtZA\"]}]}<\/script>\n<!-- \/ Yoast SEO plugin. -->","yoast_head_json":{"title":"Wingboard mid-length : LW - Elite-Reihe","description":"Entdecke unser mid-length LW Wingboard aus der Elite-Reihe. Ein High-End-Board, das sich perfekt f\u00fcr Wing-foil, Light Wind, Prone oder Downwind eignet.","robots":{"index":"index","follow":"follow","max-snippet":"max-snippet:-1","max-image-preview":"max-image-preview:large","max-video-preview":"max-video-preview:-1"},"canonical":"https:\/\/srokacompany.com\/de\/produkt\/brett-wing-foil-lw-57-66-mid-length-elite-range\/","og_locale":"de_DE","og_type":"article","og_title":"Wingboard mid-length : LW - Elite-Reihe","og_description":"Entdecke unser mid-length LW Wingboard aus der Elite-Reihe. Ein High-End-Board, das sich perfekt f\u00fcr Wing-foil, Light Wind, Prone oder Downwind eignet.","og_url":"https:\/\/srokacompany.com\/de\/produkt\/brett-wing-foil-lw-57-66-mid-length-elite-range\/","og_site_name":"SROKA Company","article_publisher":"https:\/\/www.facebook.com\/srokawatersports\/","article_modified_time":"2026-01-23T09:21:33+00:00","og_image":[{"width":1024,"height":960,"url":"https:\/\/srokacompany.com\/wp-content\/uploads\/2024\/02\/Artboard-Copy-8-2-1024x960.png","type":"image\/png"}],"twitter_misc":{"Gesch\u00e4tzte Lesezeit":"2\u00a0Minuten"},"schema":{"@context":"https:\/\/schema.org","@graph":[{"@type":"WebPage","@id":"https:\/\/srokacompany.com\/de\/produkt\/brett-wing-foil-lw-57-66-mid-length-elite-range\/","url":"https:\/\/srokacompany.com\/de\/produkt\/brett-wing-foil-lw-57-66-mid-length-elite-range\/","name":"Wingboard mid-length : LW - Elite-Reihe","isPartOf":{"@id":"https:\/\/srokacompany.com\/de\/#website"},"primaryImageOfPage":{"@id":"https:\/\/srokacompany.com\/de\/produkt\/brett-wing-foil-lw-57-66-mid-length-elite-range\/#primaryimage"},"image":{"@id":"https:\/\/srokacompany.com\/de\/produkt\/brett-wing-foil-lw-57-66-mid-length-elite-range\/#primaryimage"},"thumbnailUrl":"https:\/\/srokacompany.com\/wp-content\/uploads\/2024\/02\/Artboard-Copy-8-2.png","datePublished":"2024-02-16T13:13:19+00:00","dateModified":"2026-01-23T09:21:33+00:00","description":"Entdecke unser mid-length LW Wingboard aus der Elite-Reihe. Ein High-End-Board, das sich perfekt f\u00fcr Wing-foil, Light Wind, Prone oder Downwind eignet.","breadcrumb":{"@id":"https:\/\/srokacompany.com\/de\/produkt\/brett-wing-foil-lw-57-66-mid-length-elite-range\/#breadcrumb"},"inLanguage":"de","potentialAction":[{"@type":"ReadAction","target":["https:\/\/srokacompany.com\/de\/produkt\/brett-wing-foil-lw-57-66-mid-length-elite-range\/"]}]},{"@type":"ImageObject","inLanguage":"de","@id":"https:\/\/srokacompany.com\/de\/produkt\/brett-wing-foil-lw-57-66-mid-length-elite-range\/#primaryimage","url":"https:\/\/srokacompany.com\/wp-content\/uploads\/2024\/02\/Artboard-Copy-8-2.png","contentUrl":"https:\/\/srokacompany.com\/wp-content\/uploads\/2024\/02\/Artboard-Copy-8-2.png","width":1980,"height":1857,"caption":"Brett mid-length wing foil"},{"@type":"BreadcrumbList","@id":"https:\/\/srokacompany.com\/de\/produkt\/brett-wing-foil-lw-57-66-mid-length-elite-range\/#breadcrumb","itemListElement":[{"@type":"ListItem","position":1,"name":"Accueil","item":"https:\/\/srokacompany.com\/de\/"},{"@type":"ListItem","position":2,"name":"Laden","item":"https:\/\/srokacompany.com\/laden\/"},{"@type":"ListItem","position":3,"name":"Wingboard mid-length LW 5&rsquo;7 &#8211; 6&rsquo;6 &#8211; Elite-Reihe"}]},{"@type":"WebSite","@id":"https:\/\/srokacompany.com\/de\/#website","url":"https:\/\/srokacompany.com\/de\/","name":"SROKA Company","description":"SUP, Kite, Foil, Wing","publisher":{"@id":"https:\/\/srokacompany.com\/de\/#organization"},"potentialAction":[{"@type":"SearchAction","target":{"@type":"EntryPoint","urlTemplate":"https:\/\/srokacompany.com\/de\/?s={search_term_string}"},"query-input":{"@type":"PropertyValueSpecification","valueRequired":true,"valueName":"search_term_string"}}],"inLanguage":"de"},{"@type":"Organization","@id":"https:\/\/srokacompany.com\/de\/#organization","name":"SROKACOMPANY","alternateName":"SROKA","url":"https:\/\/srokacompany.com\/de\/","logo":{"@type":"ImageObject","inLanguage":"de","@id":"https:\/\/srokacompany.com\/de\/#\/schema\/logo\/image\/","url":"https:\/\/srokacompany.com\/wp-content\/uploads\/2021\/01\/logo-sroka-black-transpa.png","contentUrl":"https:\/\/srokacompany.com\/wp-content\/uploads\/2021\/01\/logo-sroka-black-transpa.png","width":1201,"height":342,"caption":"SROKACOMPANY"},"image":{"@id":"https:\/\/srokacompany.com\/de\/#\/schema\/logo\/image\/"},"sameAs":["https:\/\/www.facebook.com\/srokawatersports\/","https:\/\/www.instagram.com\/srokawatersports\/","https:\/\/www.youtube.com\/channel\/UCVLHHeaPIm-J5bdEUgxqtZA"]}]}},"uagb_featured_image_src":{"full":["https:\/\/srokacompany.com\/wp-content\/uploads\/2024\/02\/Artboard-Copy-8-2.png",1980,1857,false],"thumbnail":["https:\/\/srokacompany.com\/wp-content\/uploads\/2024\/02\/Artboard-Copy-8-2-150x150.png",150,150,true],"medium":["https:\/\/srokacompany.com\/wp-content\/uploads\/2024\/02\/Artboard-Copy-8-2-300x281.png",300,281,true],"medium_large":["https:\/\/srokacompany.com\/wp-content\/uploads\/2024\/02\/Artboard-Copy-8-2-768x720.png",768,720,true],"large":["https:\/\/srokacompany.com\/wp-content\/uploads\/2024\/02\/Artboard-Copy-8-2-1024x960.png",1024,960,true],"1536x1536":["https:\/\/srokacompany.com\/wp-content\/uploads\/2024\/02\/Artboard-Copy-8-2-1536x1441.png",1536,1441,true],"2048x2048":["https:\/\/srokacompany.com\/wp-content\/uploads\/2024\/02\/Artboard-Copy-8-2.png",1980,1857,false],"woocommerce_thumbnail":["https:\/\/srokacompany.com\/wp-content\/uploads\/2024\/02\/Artboard-Copy-8-2-600x563.png",600,563,true],"woocommerce_single":["https:\/\/srokacompany.com\/wp-content\/uploads\/2024\/02\/Artboard-Copy-8-2-600x563.png",600,563,true],"woocommerce_gallery_thumbnail":["https:\/\/srokacompany.com\/wp-content\/uploads\/2024\/02\/Artboard-Copy-8-2-100x100.png",100,100,true],"dgwt-wcas-product-suggestion":["https:\/\/srokacompany.com\/wp-content\/uploads\/2024\/02\/Artboard-Copy-8-2-64x60.png",64,60,true]},"uagb_author_info":{"display_name":"Bruno Sroka","author_link":"https:\/\/srokacompany.com\/de\/blog\/author\/"},"uagb_comment_info":0,"uagb_excerpt":"Das LW Elite SROKA ist das Wingfoil Mid-Length Full Sandwich arbone Board (5'7 bis 6'6) f\u00fcr ultrafr\u00fchzeitige Starts und maximale Gleitf\u00e4higkeit. Ideal f\u00fcr Light Wind, Freeride und leichten Downwind. Auslaufmodell","jetpack_sharing_enabled":true,"_links":{"self":[{"href":"https:\/\/srokacompany.com\/de\/wp-json\/wp\/v2\/product\/344607","targetHints":{"allow":["GET"]}}],"collection":[{"href":"https:\/\/srokacompany.com\/de\/wp-json\/wp\/v2\/product"}],"about":[{"href":"https:\/\/srokacompany.com\/de\/wp-json\/wp\/v2\/types\/product"}],"wp:featuredmedia":[{"embeddable":true,"href":"https:\/\/srokacompany.com\/de\/wp-json\/wp\/v2\/media\/344609"}],"wp:attachment":[{"href":"https:\/\/srokacompany.com\/de\/wp-json\/wp\/v2\/media?parent=344607"}],"wp:term":[{"taxonomy":"product_brand","embeddable":true,"href":"https:\/\/srokacompany.com\/de\/wp-json\/wp\/v2\/product_brand?post=344607"},{"taxonomy":"product_cat","embeddable":true,"href":"https:\/\/srokacompany.com\/de\/wp-json\/wp\/v2\/product_cat?post=344607"},{"taxonomy":"product_tag","embeddable":true,"href":"https:\/\/srokacompany.com\/de\/wp-json\/wp\/v2\/product_tag?post=344607"}],"curies":[{"name":"wp","href":"https:\/\/api.w.org\/{rel}","templated":true}]}}