{"id":344640,"date":"2024-07-01T07:17:00","date_gmt":"2024-07-01T07:17:00","guid":{"rendered":"https:\/\/srokacompany.com\/produit\/vorderer-fluegel-von-foil-820-control\/"},"modified":"2025-11-25T11:03:59","modified_gmt":"2025-11-25T09:03:59","slug":"vorderer-fluegel-von-foil-820-control","status":"publish","type":"product","link":"https:\/\/srokacompany.com\/de\/produkt\/vorderer-fluegel-von-foil-820-control\/","title":{"rendered":"Vorderfl\u00fcgel von foil 820 Control- Freeride"},"content":{"rendered":"<hr>\n<p>Der <b>820 Control<\/b> Frontfl\u00fcgel ist der Ma\u00dfstab f\u00fcr Vielseitigkeit und Einfachheit in der SROKA-Reihe. Er wurde f\u00fcr Rider entwickelt, die einen <b>&#8222;Plug and Play&#8220;<\/b> -Kite suchen, der ein Maximum an Kontrolle und zug\u00e4nglicher Leistung bietet und sich an alle Bedingungen anpassen kann. <\/p>\n<h3>Einfachheit und Leistung Zug\u00e4nglich<\/h3>\n<p>Der 820 Control ist ein echter <b>Allradler<\/b>, der sich beim <b>Freeriden<\/b> und <b>Carven<\/b> auszeichnet.<\/p>\n<ul>\n<li><b>Fr\u00fchstart:<\/b> Dank seines optimierten Designs erm\u00f6glicht er einen komfortablen Start ab <b>15 Knoten<\/b> bei einer K\u00f6rpergr\u00f6\u00dfe von 80 kg und sorgt daf\u00fcr, dass Sie Ihre Zeit auf dem Wasser maximieren.<\/li>\n<li><b>Stabilit\u00e4t und Kontrolle:<\/b> Sein Design garantiert <b>maximale Kontrolle<\/b> und <b>au\u00dfergew\u00f6hnliche Stabilit\u00e4t<\/b> in der Achse, selbst wenn der Wind auffrischt oder das Wasser unruhig ist (Pl\u00e4tschern).<\/li>\n<li><b>Leichtes Carven:<\/b> Sie werden \u00fcberrascht sein, wie <b>fl\u00fcssig<\/b> und <b>wendig<\/b> er durch die Kurven gleitet, sodass Sie Man\u00f6ver wie Halsen oder das Drehen in Wellen leichter ausf\u00fchren k\u00f6nnen.<\/li>\n<\/ul>\n<p>&nbsp;<\/p>\n<h3>Programm und Profile<\/h3>\n<p>Der 820 Control Wing ist die perfekte Wahl f\u00fcr :<\/p>\n<ul>\n<li><b>Wingfoil:<\/b> Bietet ein einfaches und fl\u00fcssiges Freeride-Erlebnis bei jedem Wind (idealer Einsatzbereich von <b>15 bis 40 Knoten<\/b>).<\/li>\n<li><b>Kitefoil:<\/b> Ein vielseitiger <b>Kite<\/b>, der sich leicht, schnell und angenehm drehen l\u00e4sst.<\/li>\n<li><b>Surf foil:<\/b> Seine Kurvenfreudigkeit und Stabilit\u00e4t erleichtern das Vorankommen in den Wellen.<\/li>\n<\/ul>\n<p>Er ist eine ausgezeichnete Wahl f\u00fcr findige bis fortgeschrittene Rider, die sich einen <b>leistungsf\u00e4higen<\/b>, <b>unaufgeregten<\/b>, steifen und schnellen Fl\u00fcgel w\u00fcnschen.<\/p>\n","protected":false},"excerpt":{"rendered":"<p><b class=\"\">Frontfl\u00fcgel 820 Control:<\/b> Der <b class=\"\">&#8222;4&#215;4&#8220;<\/b> des Freeride. Dieser <b class=\"\">Plug-and-Play-Kite<\/b> bietet einen <b class=\"\">einfachen Start<\/b> (ab 15 Knoten), eine unersch\u00fctterliche <b class=\"\">Stabilit\u00e4t<\/b> und ein <b class=\"\">fl\u00fcssiges Handling<\/b>, um m\u00fchelos Kurven und Halsen aneinanderzureihen. Dein Verb\u00fcndeter f\u00fcr komfortables Segeln von <b class=\"\">15 bis 40 Knoten<\/b>.  <\/p>\n","protected":false},"featured_media":343872,"template":"","meta":{"_acf_changed":false,"_uag_custom_page_level_css":""},"product_brand":[],"product_cat":[3439,3440,3582,4194,4258],"product_tag":[3441,3443,3442],"class_list":{"0":"post-344640","1":"product","2":"type-product","3":"status-publish","4":"has-post-thumbnail","6":"product_cat-alle-unsere-kontrollflugel","7":"product_cat-flugel-wing-foil","8":"product_cat-promos-de","9":"product_cat-saldo-wing-foil-de","10":"product_cat-schwarzer-freitag","11":"product_tag-anfanger","12":"product_tag-fortgeschrittene","13":"product_tag-schlau","15":"first","16":"instock","17":"sale","18":"taxable","19":"shipping-taxable","20":"purchasable","21":"product-type-simple"},"acf":[],"yoast_head":"<!-- This site is optimized with the Yoast SEO plugin v27.4 - https:\/\/yoast.com\/product\/yoast-seo-wordpress\/ -->\n<title>Vorderfl\u00fcgel von foil 820 Control- Freeride - SROKA Company<\/title>\n<meta name=\"description\" content=\"Der Vorderfl\u00fcgel von foil 820 Control startet sehr fr\u00fch mit einem einfachen Carve und einer hohen Maximalgeschwindigkeit. Wenn du auf der Suche nach einem einfachen und leistungsstarken Kite bist: 820 Control\" \/>\n<meta name=\"robots\" content=\"index, follow, max-snippet:-1, max-image-preview:large, max-video-preview:-1\" \/>\n<link rel=\"canonical\" href=\"https:\/\/srokacompany.com\/de\/produkt\/vorderer-fluegel-von-foil-820-control\/\" \/>\n<meta property=\"og:locale\" content=\"de_DE\" \/>\n<meta property=\"og:type\" content=\"article\" \/>\n<meta property=\"og:title\" content=\"Vorderfl\u00fcgel von foil 820 Control- Freeride - SROKA Company\" \/>\n<meta property=\"og:description\" content=\"Der Vorderfl\u00fcgel von foil 820 Control startet sehr fr\u00fch mit einem einfachen Carve und einer hohen Maximalgeschwindigkeit. Wenn du auf der Suche nach einem einfachen und leistungsstarken Kite bist: 820 Control\" \/>\n<meta property=\"og:url\" content=\"https:\/\/srokacompany.com\/de\/produkt\/vorderer-fluegel-von-foil-820-control\/\" \/>\n<meta property=\"og:site_name\" content=\"SROKA Company\" \/>\n<meta property=\"article:publisher\" content=\"https:\/\/www.facebook.com\/srokawatersports\/\" \/>\n<meta property=\"article:modified_time\" content=\"2025-11-25T09:03:59+00:00\" \/>\n<meta property=\"og:image\" content=\"https:\/\/srokacompany.com\/wp-content\/uploads\/2023\/07\/820-front-control.jpg\" \/>\n\t<meta property=\"og:image:width\" content=\"1480\" \/>\n\t<meta property=\"og:image:height\" content=\"2160\" \/>\n\t<meta property=\"og:image:type\" content=\"image\/jpeg\" \/>\n<meta name=\"twitter:label1\" content=\"Gesch\u00e4tzte Lesezeit\" \/>\n\t<meta name=\"twitter:data1\" content=\"1\u00a0Minute\" \/>\n<script type=\"application\/ld+json\" class=\"yoast-schema-graph\">{\"@context\":\"https:\\\/\\\/schema.org\",\"@graph\":[{\"@type\":\"WebPage\",\"@id\":\"https:\\\/\\\/srokacompany.com\\\/de\\\/produkt\\\/vorderer-fluegel-von-foil-820-control\\\/\",\"url\":\"https:\\\/\\\/srokacompany.com\\\/de\\\/produkt\\\/vorderer-fluegel-von-foil-820-control\\\/\",\"name\":\"Vorderfl\u00fcgel von foil 820 Control- Freeride - SROKA Company\",\"isPartOf\":{\"@id\":\"https:\\\/\\\/srokacompany.com\\\/de\\\/#website\"},\"primaryImageOfPage\":{\"@id\":\"https:\\\/\\\/srokacompany.com\\\/de\\\/produkt\\\/vorderer-fluegel-von-foil-820-control\\\/#primaryimage\"},\"image\":{\"@id\":\"https:\\\/\\\/srokacompany.com\\\/de\\\/produkt\\\/vorderer-fluegel-von-foil-820-control\\\/#primaryimage\"},\"thumbnailUrl\":\"https:\\\/\\\/srokacompany.com\\\/wp-content\\\/uploads\\\/2023\\\/07\\\/820-front-control.jpg\",\"datePublished\":\"2024-07-01T07:17:00+00:00\",\"dateModified\":\"2025-11-25T09:03:59+00:00\",\"description\":\"Der Vorderfl\u00fcgel von foil 820 Control startet sehr fr\u00fch mit einem einfachen Carve und einer hohen Maximalgeschwindigkeit. Wenn du auf der Suche nach einem einfachen und leistungsstarken Kite bist: 820 Control\",\"breadcrumb\":{\"@id\":\"https:\\\/\\\/srokacompany.com\\\/de\\\/produkt\\\/vorderer-fluegel-von-foil-820-control\\\/#breadcrumb\"},\"inLanguage\":\"de\",\"potentialAction\":[{\"@type\":\"ReadAction\",\"target\":[\"https:\\\/\\\/srokacompany.com\\\/de\\\/produkt\\\/vorderer-fluegel-von-foil-820-control\\\/\"]}]},{\"@type\":\"ImageObject\",\"inLanguage\":\"de\",\"@id\":\"https:\\\/\\\/srokacompany.com\\\/de\\\/produkt\\\/vorderer-fluegel-von-foil-820-control\\\/#primaryimage\",\"url\":\"https:\\\/\\\/srokacompany.com\\\/wp-content\\\/uploads\\\/2023\\\/07\\\/820-front-control.jpg\",\"contentUrl\":\"https:\\\/\\\/srokacompany.com\\\/wp-content\\\/uploads\\\/2023\\\/07\\\/820-front-control.jpg\",\"width\":1480,\"height\":2160},{\"@type\":\"BreadcrumbList\",\"@id\":\"https:\\\/\\\/srokacompany.com\\\/de\\\/produkt\\\/vorderer-fluegel-von-foil-820-control\\\/#breadcrumb\",\"itemListElement\":[{\"@type\":\"ListItem\",\"position\":1,\"name\":\"Accueil\",\"item\":\"https:\\\/\\\/srokacompany.com\\\/de\\\/\"},{\"@type\":\"ListItem\",\"position\":2,\"name\":\"Laden\",\"item\":\"https:\\\/\\\/srokacompany.com\\\/laden\\\/\"},{\"@type\":\"ListItem\",\"position\":3,\"name\":\"Vorderfl\u00fcgel von foil 820 Control- Freeride\"}]},{\"@type\":\"WebSite\",\"@id\":\"https:\\\/\\\/srokacompany.com\\\/de\\\/#website\",\"url\":\"https:\\\/\\\/srokacompany.com\\\/de\\\/\",\"name\":\"SROKA Company\",\"description\":\"SUP, Kite, Foil, Wing\",\"publisher\":{\"@id\":\"https:\\\/\\\/srokacompany.com\\\/de\\\/#organization\"},\"potentialAction\":[{\"@type\":\"SearchAction\",\"target\":{\"@type\":\"EntryPoint\",\"urlTemplate\":\"https:\\\/\\\/srokacompany.com\\\/de\\\/?s={search_term_string}\"},\"query-input\":{\"@type\":\"PropertyValueSpecification\",\"valueRequired\":true,\"valueName\":\"search_term_string\"}}],\"inLanguage\":\"de\"},{\"@type\":\"Organization\",\"@id\":\"https:\\\/\\\/srokacompany.com\\\/de\\\/#organization\",\"name\":\"SROKACOMPANY\",\"alternateName\":\"SROKA\",\"url\":\"https:\\\/\\\/srokacompany.com\\\/de\\\/\",\"logo\":{\"@type\":\"ImageObject\",\"inLanguage\":\"de\",\"@id\":\"https:\\\/\\\/srokacompany.com\\\/de\\\/#\\\/schema\\\/logo\\\/image\\\/\",\"url\":\"https:\\\/\\\/srokacompany.com\\\/wp-content\\\/uploads\\\/2021\\\/01\\\/logo-sroka-black-transpa.png\",\"contentUrl\":\"https:\\\/\\\/srokacompany.com\\\/wp-content\\\/uploads\\\/2021\\\/01\\\/logo-sroka-black-transpa.png\",\"width\":1201,\"height\":342,\"caption\":\"SROKACOMPANY\"},\"image\":{\"@id\":\"https:\\\/\\\/srokacompany.com\\\/de\\\/#\\\/schema\\\/logo\\\/image\\\/\"},\"sameAs\":[\"https:\\\/\\\/www.facebook.com\\\/srokawatersports\\\/\",\"https:\\\/\\\/www.instagram.com\\\/srokawatersports\\\/\",\"https:\\\/\\\/www.youtube.com\\\/channel\\\/UCVLHHeaPIm-J5bdEUgxqtZA\"]}]}<\/script>\n<!-- \/ Yoast SEO plugin. -->","yoast_head_json":{"title":"Vorderfl\u00fcgel von foil 820 Control- Freeride - SROKA Company","description":"Der Vorderfl\u00fcgel von foil 820 Control startet sehr fr\u00fch mit einem einfachen Carve und einer hohen Maximalgeschwindigkeit. Wenn du auf der Suche nach einem einfachen und leistungsstarken Kite bist: 820 Control","robots":{"index":"index","follow":"follow","max-snippet":"max-snippet:-1","max-image-preview":"max-image-preview:large","max-video-preview":"max-video-preview:-1"},"canonical":"https:\/\/srokacompany.com\/de\/produkt\/vorderer-fluegel-von-foil-820-control\/","og_locale":"de_DE","og_type":"article","og_title":"Vorderfl\u00fcgel von foil 820 Control- Freeride - SROKA Company","og_description":"Der Vorderfl\u00fcgel von foil 820 Control startet sehr fr\u00fch mit einem einfachen Carve und einer hohen Maximalgeschwindigkeit. Wenn du auf der Suche nach einem einfachen und leistungsstarken Kite bist: 820 Control","og_url":"https:\/\/srokacompany.com\/de\/produkt\/vorderer-fluegel-von-foil-820-control\/","og_site_name":"SROKA Company","article_publisher":"https:\/\/www.facebook.com\/srokawatersports\/","article_modified_time":"2025-11-25T09:03:59+00:00","og_image":[{"width":1480,"height":2160,"url":"https:\/\/srokacompany.com\/wp-content\/uploads\/2023\/07\/820-front-control.jpg","type":"image\/jpeg"}],"twitter_misc":{"Gesch\u00e4tzte Lesezeit":"1\u00a0Minute"},"schema":{"@context":"https:\/\/schema.org","@graph":[{"@type":"WebPage","@id":"https:\/\/srokacompany.com\/de\/produkt\/vorderer-fluegel-von-foil-820-control\/","url":"https:\/\/srokacompany.com\/de\/produkt\/vorderer-fluegel-von-foil-820-control\/","name":"Vorderfl\u00fcgel von foil 820 Control- Freeride - SROKA Company","isPartOf":{"@id":"https:\/\/srokacompany.com\/de\/#website"},"primaryImageOfPage":{"@id":"https:\/\/srokacompany.com\/de\/produkt\/vorderer-fluegel-von-foil-820-control\/#primaryimage"},"image":{"@id":"https:\/\/srokacompany.com\/de\/produkt\/vorderer-fluegel-von-foil-820-control\/#primaryimage"},"thumbnailUrl":"https:\/\/srokacompany.com\/wp-content\/uploads\/2023\/07\/820-front-control.jpg","datePublished":"2024-07-01T07:17:00+00:00","dateModified":"2025-11-25T09:03:59+00:00","description":"Der Vorderfl\u00fcgel von foil 820 Control startet sehr fr\u00fch mit einem einfachen Carve und einer hohen Maximalgeschwindigkeit. Wenn du auf der Suche nach einem einfachen und leistungsstarken Kite bist: 820 Control","breadcrumb":{"@id":"https:\/\/srokacompany.com\/de\/produkt\/vorderer-fluegel-von-foil-820-control\/#breadcrumb"},"inLanguage":"de","potentialAction":[{"@type":"ReadAction","target":["https:\/\/srokacompany.com\/de\/produkt\/vorderer-fluegel-von-foil-820-control\/"]}]},{"@type":"ImageObject","inLanguage":"de","@id":"https:\/\/srokacompany.com\/de\/produkt\/vorderer-fluegel-von-foil-820-control\/#primaryimage","url":"https:\/\/srokacompany.com\/wp-content\/uploads\/2023\/07\/820-front-control.jpg","contentUrl":"https:\/\/srokacompany.com\/wp-content\/uploads\/2023\/07\/820-front-control.jpg","width":1480,"height":2160},{"@type":"BreadcrumbList","@id":"https:\/\/srokacompany.com\/de\/produkt\/vorderer-fluegel-von-foil-820-control\/#breadcrumb","itemListElement":[{"@type":"ListItem","position":1,"name":"Accueil","item":"https:\/\/srokacompany.com\/de\/"},{"@type":"ListItem","position":2,"name":"Laden","item":"https:\/\/srokacompany.com\/laden\/"},{"@type":"ListItem","position":3,"name":"Vorderfl\u00fcgel von foil 820 Control- Freeride"}]},{"@type":"WebSite","@id":"https:\/\/srokacompany.com\/de\/#website","url":"https:\/\/srokacompany.com\/de\/","name":"SROKA Company","description":"SUP, Kite, Foil, Wing","publisher":{"@id":"https:\/\/srokacompany.com\/de\/#organization"},"potentialAction":[{"@type":"SearchAction","target":{"@type":"EntryPoint","urlTemplate":"https:\/\/srokacompany.com\/de\/?s={search_term_string}"},"query-input":{"@type":"PropertyValueSpecification","valueRequired":true,"valueName":"search_term_string"}}],"inLanguage":"de"},{"@type":"Organization","@id":"https:\/\/srokacompany.com\/de\/#organization","name":"SROKACOMPANY","alternateName":"SROKA","url":"https:\/\/srokacompany.com\/de\/","logo":{"@type":"ImageObject","inLanguage":"de","@id":"https:\/\/srokacompany.com\/de\/#\/schema\/logo\/image\/","url":"https:\/\/srokacompany.com\/wp-content\/uploads\/2021\/01\/logo-sroka-black-transpa.png","contentUrl":"https:\/\/srokacompany.com\/wp-content\/uploads\/2021\/01\/logo-sroka-black-transpa.png","width":1201,"height":342,"caption":"SROKACOMPANY"},"image":{"@id":"https:\/\/srokacompany.com\/de\/#\/schema\/logo\/image\/"},"sameAs":["https:\/\/www.facebook.com\/srokawatersports\/","https:\/\/www.instagram.com\/srokawatersports\/","https:\/\/www.youtube.com\/channel\/UCVLHHeaPIm-J5bdEUgxqtZA"]}]}},"uagb_featured_image_src":{"full":["https:\/\/srokacompany.com\/wp-content\/uploads\/2023\/07\/820-front-control.jpg",1480,2160,false],"thumbnail":["https:\/\/srokacompany.com\/wp-content\/uploads\/2023\/07\/820-front-control-150x150.jpg",150,150,true],"medium":["https:\/\/srokacompany.com\/wp-content\/uploads\/2023\/07\/820-front-control-206x300.jpg",206,300,true],"medium_large":["https:\/\/srokacompany.com\/wp-content\/uploads\/2023\/07\/820-front-control-768x1121.jpg",768,1121,true],"large":["https:\/\/srokacompany.com\/wp-content\/uploads\/2023\/07\/820-front-control-702x1024.jpg",702,1024,true],"1536x1536":["https:\/\/srokacompany.com\/wp-content\/uploads\/2023\/07\/820-front-control-1052x1536.jpg",1052,1536,true],"2048x2048":["https:\/\/srokacompany.com\/wp-content\/uploads\/2023\/07\/820-front-control-1403x2048.jpg",1403,2048,true],"woocommerce_thumbnail":["https:\/\/srokacompany.com\/wp-content\/uploads\/2023\/07\/820-front-control-600x876.jpg",600,876,true],"woocommerce_single":["https:\/\/srokacompany.com\/wp-content\/uploads\/2023\/07\/820-front-control-600x876.jpg",600,876,true],"woocommerce_gallery_thumbnail":["https:\/\/srokacompany.com\/wp-content\/uploads\/2023\/07\/820-front-control-100x100.jpg",100,100,true],"dgwt-wcas-product-suggestion":["https:\/\/srokacompany.com\/wp-content\/uploads\/2023\/07\/820-front-control.jpg",64,93,false]},"uagb_author_info":{"display_name":"Emmanuel DIJOUX","author_link":"https:\/\/srokacompany.com\/de\/blog\/author\/"},"uagb_comment_info":0,"uagb_excerpt":"Frontfl\u00fcgel 820 Control: Der \"4x4\" des Freeride. Dieser Plug-and-Play-Kite bietet einen einfachen Start (ab 15 Knoten), eine unersch\u00fctterliche Stabilit\u00e4t und ein fl\u00fcssiges Handling, um m\u00fchelos Kurven und Halsen aneinanderzureihen. Dein Verb\u00fcndeter f\u00fcr komfortables Segeln von 15 bis 40 Knoten.","jetpack_sharing_enabled":true,"_links":{"self":[{"href":"https:\/\/srokacompany.com\/de\/wp-json\/wp\/v2\/product\/344640","targetHints":{"allow":["GET"]}}],"collection":[{"href":"https:\/\/srokacompany.com\/de\/wp-json\/wp\/v2\/product"}],"about":[{"href":"https:\/\/srokacompany.com\/de\/wp-json\/wp\/v2\/types\/product"}],"wp:featuredmedia":[{"embeddable":true,"href":"https:\/\/srokacompany.com\/de\/wp-json\/wp\/v2\/media\/343872"}],"wp:attachment":[{"href":"https:\/\/srokacompany.com\/de\/wp-json\/wp\/v2\/media?parent=344640"}],"wp:term":[{"taxonomy":"product_brand","embeddable":true,"href":"https:\/\/srokacompany.com\/de\/wp-json\/wp\/v2\/product_brand?post=344640"},{"taxonomy":"product_cat","embeddable":true,"href":"https:\/\/srokacompany.com\/de\/wp-json\/wp\/v2\/product_cat?post=344640"},{"taxonomy":"product_tag","embeddable":true,"href":"https:\/\/srokacompany.com\/de\/wp-json\/wp\/v2\/product_tag?post=344640"}],"curies":[{"name":"wp","href":"https:\/\/api.w.org\/{rel}","templated":true}]}}