{"id":344667,"date":"2019-02-14T11:19:43","date_gmt":"2019-02-14T11:19:43","guid":{"rendered":"https:\/\/srokacompany.com\/produit\/wasserdichte-tasche-paddle\/"},"modified":"2025-10-31T19:15:04","modified_gmt":"2025-10-31T17:15:04","slug":"wasserdichte-tasche-paddle","status":"publish","type":"product","link":"https:\/\/srokacompany.com\/de\/produkt\/wasserdichte-tasche-paddle\/","title":{"rendered":"Wasserdichte Tasche Paddle"},"content":{"rendered":"<hr>\n<p>Diese wasserdichte Paddeltasche von SROKA mit einem Fassungsverm\u00f6gen von 5 Litern ist ideal, um Ihre pers\u00f6nlichen, nicht wasserdichten Sachen w\u00e4hrend Ihrer Ausfl\u00fcge zu verstauen. Dank des Schultergurts k\u00f6nnen Sie sie bei sich tragen oder in die Netze Ihres Stand Up Paddle Boards stecken. <\/p>\n","protected":false},"excerpt":{"rendered":"<hr>\n<p>Diese wasserdichte Paddeltasche von SROKA mit einem Fassungsverm\u00f6gen von 5 Litern ist ideal, um Ihre pers\u00f6nlichen, nicht wasserdichten Sachen w\u00e4hrend Ihrer Ausfl\u00fcge zu verstauen. Dank des Schultergurts k\u00f6nnen Sie sie bei sich tragen oder in die Netze Ihres Stand Up Paddle Boards stecken. <\/p>\n","protected":false},"featured_media":344681,"template":"","meta":{"_acf_changed":false,"_uag_custom_page_level_css":""},"product_brand":[],"product_cat":[3578,3591],"product_tag":[],"class_list":{"0":"post-344667","1":"product","2":"type-product","3":"status-publish","4":"has-post-thumbnail","6":"product_cat-paddle-zubehor","7":"product_cat-zubehor-foil","9":"first","10":"instock","11":"taxable","12":"shipping-taxable","13":"purchasable","14":"product-type-simple"},"acf":[],"yoast_head":"<!-- This site is optimized with the Yoast SEO plugin v27.4 - https:\/\/yoast.com\/product\/yoast-seo-wordpress\/ -->\n<title>Wasserdichte Paddeltasche hohe Qualit\u00e4t zum besten Preis - SROKA Company<\/title>\n<meta name=\"description\" content=\"In der wasserdichten Tasche mit einem Volumen von 5 Litern kannst du dein Smartphone und deine Schl\u00fcssel w\u00e4hrend deines Ausflugs auf dem Wasser trocken aufbewahren. Wird mit einem Schultergurt geliefert.\" \/>\n<meta name=\"robots\" content=\"index, follow, max-snippet:-1, max-image-preview:large, max-video-preview:-1\" \/>\n<link rel=\"canonical\" href=\"https:\/\/srokacompany.com\/de\/produkt\/wasserdichte-tasche-paddle\/\" \/>\n<meta property=\"og:locale\" content=\"de_DE\" \/>\n<meta property=\"og:type\" content=\"article\" \/>\n<meta property=\"og:title\" content=\"Wasserdichte Paddeltasche hohe Qualit\u00e4t zum besten Preis - SROKA Company\" \/>\n<meta property=\"og:description\" content=\"In der wasserdichten Tasche mit einem Volumen von 5 Litern kannst du dein Smartphone und deine Schl\u00fcssel w\u00e4hrend deines Ausflugs auf dem Wasser trocken aufbewahren. Wird mit einem Schultergurt geliefert.\" \/>\n<meta property=\"og:url\" content=\"https:\/\/srokacompany.com\/de\/produkt\/wasserdichte-tasche-paddle\/\" \/>\n<meta property=\"og:site_name\" content=\"SROKA Company\" \/>\n<meta property=\"article:publisher\" content=\"https:\/\/www.facebook.com\/srokawatersports\/\" \/>\n<meta property=\"article:modified_time\" content=\"2025-10-31T17:15:04+00:00\" \/>\n<meta property=\"og:image\" content=\"https:\/\/srokacompany.com\/wp-content\/uploads\/2019\/02\/sac-e\u0301tanche-copy.jpg\" \/>\n\t<meta property=\"og:image:width\" content=\"780\" \/>\n\t<meta property=\"og:image:height\" content=\"1040\" \/>\n\t<meta property=\"og:image:type\" content=\"image\/jpeg\" \/>\n<script type=\"application\/ld+json\" class=\"yoast-schema-graph\">{\"@context\":\"https:\\\/\\\/schema.org\",\"@graph\":[{\"@type\":\"WebPage\",\"@id\":\"https:\\\/\\\/srokacompany.com\\\/de\\\/produkt\\\/wasserdichte-tasche-paddle\\\/\",\"url\":\"https:\\\/\\\/srokacompany.com\\\/de\\\/produkt\\\/wasserdichte-tasche-paddle\\\/\",\"name\":\"Wasserdichte Paddeltasche hohe Qualit\u00e4t zum besten Preis - SROKA Company\",\"isPartOf\":{\"@id\":\"https:\\\/\\\/srokacompany.com\\\/de\\\/#website\"},\"primaryImageOfPage\":{\"@id\":\"https:\\\/\\\/srokacompany.com\\\/de\\\/produkt\\\/wasserdichte-tasche-paddle\\\/#primaryimage\"},\"image\":{\"@id\":\"https:\\\/\\\/srokacompany.com\\\/de\\\/produkt\\\/wasserdichte-tasche-paddle\\\/#primaryimage\"},\"thumbnailUrl\":\"https:\\\/\\\/srokacompany.com\\\/wp-content\\\/uploads\\\/2019\\\/02\\\/sac-e\u0301tanche-copy.jpg\",\"datePublished\":\"2019-02-14T11:19:43+00:00\",\"dateModified\":\"2025-10-31T17:15:04+00:00\",\"description\":\"In der wasserdichten Tasche mit einem Volumen von 5 Litern kannst du dein Smartphone und deine Schl\u00fcssel w\u00e4hrend deines Ausflugs auf dem Wasser trocken aufbewahren. Wird mit einem Schultergurt geliefert.\",\"breadcrumb\":{\"@id\":\"https:\\\/\\\/srokacompany.com\\\/de\\\/produkt\\\/wasserdichte-tasche-paddle\\\/#breadcrumb\"},\"inLanguage\":\"de\",\"potentialAction\":[{\"@type\":\"ReadAction\",\"target\":[\"https:\\\/\\\/srokacompany.com\\\/de\\\/produkt\\\/wasserdichte-tasche-paddle\\\/\"]}]},{\"@type\":\"ImageObject\",\"inLanguage\":\"de\",\"@id\":\"https:\\\/\\\/srokacompany.com\\\/de\\\/produkt\\\/wasserdichte-tasche-paddle\\\/#primaryimage\",\"url\":\"https:\\\/\\\/srokacompany.com\\\/wp-content\\\/uploads\\\/2019\\\/02\\\/sac-e\u0301tanche-copy.jpg\",\"contentUrl\":\"https:\\\/\\\/srokacompany.com\\\/wp-content\\\/uploads\\\/2019\\\/02\\\/sac-e\u0301tanche-copy.jpg\",\"width\":780,\"height\":1040,\"caption\":\"wasserdichte Tasche f\u00fcr Paddle wei\u00df SROKA\"},{\"@type\":\"BreadcrumbList\",\"@id\":\"https:\\\/\\\/srokacompany.com\\\/de\\\/produkt\\\/wasserdichte-tasche-paddle\\\/#breadcrumb\",\"itemListElement\":[{\"@type\":\"ListItem\",\"position\":1,\"name\":\"Accueil\",\"item\":\"https:\\\/\\\/srokacompany.com\\\/de\\\/\"},{\"@type\":\"ListItem\",\"position\":2,\"name\":\"Laden\",\"item\":\"https:\\\/\\\/srokacompany.com\\\/laden\\\/\"},{\"@type\":\"ListItem\",\"position\":3,\"name\":\"Wasserdichte Tasche Paddle\"}]},{\"@type\":\"WebSite\",\"@id\":\"https:\\\/\\\/srokacompany.com\\\/de\\\/#website\",\"url\":\"https:\\\/\\\/srokacompany.com\\\/de\\\/\",\"name\":\"SROKA Company\",\"description\":\"SUP, Kite, Foil, Wing\",\"publisher\":{\"@id\":\"https:\\\/\\\/srokacompany.com\\\/de\\\/#organization\"},\"potentialAction\":[{\"@type\":\"SearchAction\",\"target\":{\"@type\":\"EntryPoint\",\"urlTemplate\":\"https:\\\/\\\/srokacompany.com\\\/de\\\/?s={search_term_string}\"},\"query-input\":{\"@type\":\"PropertyValueSpecification\",\"valueRequired\":true,\"valueName\":\"search_term_string\"}}],\"inLanguage\":\"de\"},{\"@type\":\"Organization\",\"@id\":\"https:\\\/\\\/srokacompany.com\\\/de\\\/#organization\",\"name\":\"SROKACOMPANY\",\"alternateName\":\"SROKA\",\"url\":\"https:\\\/\\\/srokacompany.com\\\/de\\\/\",\"logo\":{\"@type\":\"ImageObject\",\"inLanguage\":\"de\",\"@id\":\"https:\\\/\\\/srokacompany.com\\\/de\\\/#\\\/schema\\\/logo\\\/image\\\/\",\"url\":\"https:\\\/\\\/srokacompany.com\\\/wp-content\\\/uploads\\\/2021\\\/01\\\/logo-sroka-black-transpa.png\",\"contentUrl\":\"https:\\\/\\\/srokacompany.com\\\/wp-content\\\/uploads\\\/2021\\\/01\\\/logo-sroka-black-transpa.png\",\"width\":1201,\"height\":342,\"caption\":\"SROKACOMPANY\"},\"image\":{\"@id\":\"https:\\\/\\\/srokacompany.com\\\/de\\\/#\\\/schema\\\/logo\\\/image\\\/\"},\"sameAs\":[\"https:\\\/\\\/www.facebook.com\\\/srokawatersports\\\/\",\"https:\\\/\\\/www.instagram.com\\\/srokawatersports\\\/\",\"https:\\\/\\\/www.youtube.com\\\/channel\\\/UCVLHHeaPIm-J5bdEUgxqtZA\"]}]}<\/script>\n<!-- \/ Yoast SEO plugin. -->","yoast_head_json":{"title":"Wasserdichte Paddeltasche hohe Qualit\u00e4t zum besten Preis - SROKA Company","description":"In der wasserdichten Tasche mit einem Volumen von 5 Litern kannst du dein Smartphone und deine Schl\u00fcssel w\u00e4hrend deines Ausflugs auf dem Wasser trocken aufbewahren. Wird mit einem Schultergurt geliefert.","robots":{"index":"index","follow":"follow","max-snippet":"max-snippet:-1","max-image-preview":"max-image-preview:large","max-video-preview":"max-video-preview:-1"},"canonical":"https:\/\/srokacompany.com\/de\/produkt\/wasserdichte-tasche-paddle\/","og_locale":"de_DE","og_type":"article","og_title":"Wasserdichte Paddeltasche hohe Qualit\u00e4t zum besten Preis - SROKA Company","og_description":"In der wasserdichten Tasche mit einem Volumen von 5 Litern kannst du dein Smartphone und deine Schl\u00fcssel w\u00e4hrend deines Ausflugs auf dem Wasser trocken aufbewahren. Wird mit einem Schultergurt geliefert.","og_url":"https:\/\/srokacompany.com\/de\/produkt\/wasserdichte-tasche-paddle\/","og_site_name":"SROKA Company","article_publisher":"https:\/\/www.facebook.com\/srokawatersports\/","article_modified_time":"2025-10-31T17:15:04+00:00","og_image":[{"width":780,"height":1040,"url":"https:\/\/srokacompany.com\/wp-content\/uploads\/2019\/02\/sac-e\u0301tanche-copy.jpg","type":"image\/jpeg"}],"schema":{"@context":"https:\/\/schema.org","@graph":[{"@type":"WebPage","@id":"https:\/\/srokacompany.com\/de\/produkt\/wasserdichte-tasche-paddle\/","url":"https:\/\/srokacompany.com\/de\/produkt\/wasserdichte-tasche-paddle\/","name":"Wasserdichte Paddeltasche hohe Qualit\u00e4t zum besten Preis - SROKA Company","isPartOf":{"@id":"https:\/\/srokacompany.com\/de\/#website"},"primaryImageOfPage":{"@id":"https:\/\/srokacompany.com\/de\/produkt\/wasserdichte-tasche-paddle\/#primaryimage"},"image":{"@id":"https:\/\/srokacompany.com\/de\/produkt\/wasserdichte-tasche-paddle\/#primaryimage"},"thumbnailUrl":"https:\/\/srokacompany.com\/wp-content\/uploads\/2019\/02\/sac-e\u0301tanche-copy.jpg","datePublished":"2019-02-14T11:19:43+00:00","dateModified":"2025-10-31T17:15:04+00:00","description":"In der wasserdichten Tasche mit einem Volumen von 5 Litern kannst du dein Smartphone und deine Schl\u00fcssel w\u00e4hrend deines Ausflugs auf dem Wasser trocken aufbewahren. Wird mit einem Schultergurt geliefert.","breadcrumb":{"@id":"https:\/\/srokacompany.com\/de\/produkt\/wasserdichte-tasche-paddle\/#breadcrumb"},"inLanguage":"de","potentialAction":[{"@type":"ReadAction","target":["https:\/\/srokacompany.com\/de\/produkt\/wasserdichte-tasche-paddle\/"]}]},{"@type":"ImageObject","inLanguage":"de","@id":"https:\/\/srokacompany.com\/de\/produkt\/wasserdichte-tasche-paddle\/#primaryimage","url":"https:\/\/srokacompany.com\/wp-content\/uploads\/2019\/02\/sac-e\u0301tanche-copy.jpg","contentUrl":"https:\/\/srokacompany.com\/wp-content\/uploads\/2019\/02\/sac-e\u0301tanche-copy.jpg","width":780,"height":1040,"caption":"wasserdichte Tasche f\u00fcr Paddle wei\u00df SROKA"},{"@type":"BreadcrumbList","@id":"https:\/\/srokacompany.com\/de\/produkt\/wasserdichte-tasche-paddle\/#breadcrumb","itemListElement":[{"@type":"ListItem","position":1,"name":"Accueil","item":"https:\/\/srokacompany.com\/de\/"},{"@type":"ListItem","position":2,"name":"Laden","item":"https:\/\/srokacompany.com\/laden\/"},{"@type":"ListItem","position":3,"name":"Wasserdichte Tasche Paddle"}]},{"@type":"WebSite","@id":"https:\/\/srokacompany.com\/de\/#website","url":"https:\/\/srokacompany.com\/de\/","name":"SROKA Company","description":"SUP, Kite, Foil, Wing","publisher":{"@id":"https:\/\/srokacompany.com\/de\/#organization"},"potentialAction":[{"@type":"SearchAction","target":{"@type":"EntryPoint","urlTemplate":"https:\/\/srokacompany.com\/de\/?s={search_term_string}"},"query-input":{"@type":"PropertyValueSpecification","valueRequired":true,"valueName":"search_term_string"}}],"inLanguage":"de"},{"@type":"Organization","@id":"https:\/\/srokacompany.com\/de\/#organization","name":"SROKACOMPANY","alternateName":"SROKA","url":"https:\/\/srokacompany.com\/de\/","logo":{"@type":"ImageObject","inLanguage":"de","@id":"https:\/\/srokacompany.com\/de\/#\/schema\/logo\/image\/","url":"https:\/\/srokacompany.com\/wp-content\/uploads\/2021\/01\/logo-sroka-black-transpa.png","contentUrl":"https:\/\/srokacompany.com\/wp-content\/uploads\/2021\/01\/logo-sroka-black-transpa.png","width":1201,"height":342,"caption":"SROKACOMPANY"},"image":{"@id":"https:\/\/srokacompany.com\/de\/#\/schema\/logo\/image\/"},"sameAs":["https:\/\/www.facebook.com\/srokawatersports\/","https:\/\/www.instagram.com\/srokawatersports\/","https:\/\/www.youtube.com\/channel\/UCVLHHeaPIm-J5bdEUgxqtZA"]}]}},"uagb_featured_image_src":{"full":["https:\/\/srokacompany.com\/wp-content\/uploads\/2019\/02\/sac-e\u0301tanche-copy.jpg",780,1040,false],"thumbnail":["https:\/\/srokacompany.com\/wp-content\/uploads\/2019\/02\/sac-e\u0301tanche-copy-150x150.jpg",150,150,true],"medium":["https:\/\/srokacompany.com\/wp-content\/uploads\/2019\/02\/sac-e\u0301tanche-copy-225x300.jpg",225,300,true],"medium_large":["https:\/\/srokacompany.com\/wp-content\/uploads\/2019\/02\/sac-e\u0301tanche-copy-768x1024.jpg",768,1024,true],"large":["https:\/\/srokacompany.com\/wp-content\/uploads\/2019\/02\/sac-e\u0301tanche-copy-768x1024.jpg",768,1024,true],"1536x1536":["https:\/\/srokacompany.com\/wp-content\/uploads\/2019\/02\/sac-e\u0301tanche-copy.jpg",780,1040,false],"2048x2048":["https:\/\/srokacompany.com\/wp-content\/uploads\/2019\/02\/sac-e\u0301tanche-copy.jpg",780,1040,false],"woocommerce_thumbnail":["https:\/\/srokacompany.com\/wp-content\/uploads\/2019\/02\/sac-e\u0301tanche-copy-600x800.jpg",600,800,true],"woocommerce_single":["https:\/\/srokacompany.com\/wp-content\/uploads\/2019\/02\/sac-e\u0301tanche-copy-600x800.jpg",600,800,true],"woocommerce_gallery_thumbnail":["https:\/\/srokacompany.com\/wp-content\/uploads\/2019\/02\/sac-e\u0301tanche-copy-100x100.jpg",100,100,true],"dgwt-wcas-product-suggestion":["https:\/\/srokacompany.com\/wp-content\/uploads\/2019\/02\/sac-e\u0301tanche-copy.jpg",64,85,false]},"uagb_author_info":{"display_name":"Bruno Sroka","author_link":"https:\/\/srokacompany.com\/de\/blog\/author\/"},"uagb_comment_info":0,"uagb_excerpt":"Diese wasserdichte Paddeltasche von SROKA mit einem Fassungsverm\u00f6gen von 5 Litern ist ideal, um Ihre pers\u00f6nlichen, nicht wasserdichten Sachen w\u00e4hrend Ihrer Ausfl\u00fcge zu verstauen. Dank des Schultergurts k\u00f6nnen Sie sie bei sich tragen oder in die Netze Ihres Stand Up Paddle Boards stecken.","jetpack_sharing_enabled":true,"_links":{"self":[{"href":"https:\/\/srokacompany.com\/de\/wp-json\/wp\/v2\/product\/344667","targetHints":{"allow":["GET"]}}],"collection":[{"href":"https:\/\/srokacompany.com\/de\/wp-json\/wp\/v2\/product"}],"about":[{"href":"https:\/\/srokacompany.com\/de\/wp-json\/wp\/v2\/types\/product"}],"wp:featuredmedia":[{"embeddable":true,"href":"https:\/\/srokacompany.com\/de\/wp-json\/wp\/v2\/media\/344681"}],"wp:attachment":[{"href":"https:\/\/srokacompany.com\/de\/wp-json\/wp\/v2\/media?parent=344667"}],"wp:term":[{"taxonomy":"product_brand","embeddable":true,"href":"https:\/\/srokacompany.com\/de\/wp-json\/wp\/v2\/product_brand?post=344667"},{"taxonomy":"product_cat","embeddable":true,"href":"https:\/\/srokacompany.com\/de\/wp-json\/wp\/v2\/product_cat?post=344667"},{"taxonomy":"product_tag","embeddable":true,"href":"https:\/\/srokacompany.com\/de\/wp-json\/wp\/v2\/product_tag?post=344667"}],"curies":[{"name":"wp","href":"https:\/\/api.w.org\/{rel}","templated":true}]}}