{"id":344707,"date":"2019-06-07T14:13:27","date_gmt":"2019-06-07T14:13:27","guid":{"rendered":"https:\/\/srokacompany.com\/produit\/us-box-finnen-stand-up-paddle\/"},"modified":"2025-10-31T19:14:55","modified_gmt":"2025-10-31T17:14:55","slug":"us-box-finnen-stand-up-paddle","status":"publish","type":"product","link":"https:\/\/srokacompany.com\/de\/produkt\/us-box-finnen-stand-up-paddle\/","title":{"rendered":"US box Finnen &#8211; Stand Up Paddle"},"content":{"rendered":"<hr>\n<h2>Flosse SUP US Box Sroka<\/h2>\n<p>Die Finne SUP US Box passt auf alle Boards, die mit einer US Box ausgestattet sind. Diese Box ist f\u00fcr Touren und Rennen beim Stand Up Paddling gedacht und bietet mit ihrer gro\u00dfen Fl\u00e4che eine effektive Driftfl\u00e4che, die deinen Paddelschlag verst\u00e4rken kann. Es passt zu unseren Modellen <a href=\"https:\/\/srokacompany.com\/de\/eshop\/aufblasbare-paddel\/\">Alpha 11&#8217;6<\/a>, <a href=\"https:\/\/srokacompany.com\/de\/eshop\/aufblasbare-paddel\/\">Alpha 12&#8217;6&#215;31<\/a> und Alpha 12&#8217;6&#215;28, Alpha <a href=\"https:\/\/srokacompany.com\/de\/eshop\/aufblasbare-paddel\/\">14&#8242;<\/a>. Sie k\u00f6nnen es auch in einer doppelten US-Schiene an unsere <g id=\"gid_3\">Boards von foil<\/g>, also <g id=\"gid_4\">Sky Rider<\/g> oder <g id=\"gid_5\">Sroka Air<\/g>, anpassen, um Ihr Foilboard im Surf- und <g id=\"gid_6\">Stand up Paddle-Modus<\/g> zu genie\u00dfen. F\u00fcr Liebhaber von Fl\u00fcssen, Seen oder Gew\u00e4ssern mit wenig Grund bieten wir auf unserer Website ein <a href=\"https:\/\/srokacompany.com\/de\/produkt\/einziehbare-flosse-fuer-stand-up-paddle\/\">einziehbares Pendant<\/a> an, das Made in Germany ist und exklusiv von Sroka in Frankreich angeboten wird.    <\/p>\n<p>F\u00fcr andere Modelle von SUP, bieten wir auch<a href=\"https:\/\/srokacompany.com\/de\/produkt\/abnehmbare-finnen-fuer-aufblasbare-21-boards\/\"> normale und einziehbare Querruder<\/a> Modell Slide In an.<\/p>\n","protected":false},"excerpt":{"rendered":"<hr>\n<h1>Flosse SUP US Box Sroka<\/h1>\n<p>Die Finne SUP US Box passt auf alle Boards, die mit einer US Box ausgestattet sind. Diese Box ist f\u00fcr Touren und Rennen beim Stand Up Paddling gedacht und bietet mit ihrer gro\u00dfen Fl\u00e4che eine effektive Driftfl\u00e4che, die deinen Paddelschlag verst\u00e4rken kann. Es passt zu unseren Modellen <g id=\"gid_0\">Alpha 11&#8217;6<\/g>, <g id=\"gid_1\">Alpha 12&#8217;6&#215;31<\/g> und Alpha 12&#8217;6&#215;28, Alpha <g id=\"gid_2\">14&#8242;<\/g>. Sie k\u00f6nnen es auch in einer doppelten US-Schiene an unsere <g id=\"gid_3\">Boards von foil<\/g>, also <g id=\"gid_4\">Sky Rider<\/g> oder <g id=\"gid_5\">Sroka Air<\/g>, anpassen, um Ihr Foilboard im Surf- und <g id=\"gid_6\">Stand up Paddle-Modus<\/g> zu genie\u00dfen. F\u00fcr Liebhaber von Fl\u00fcssen, Seen oder Gew\u00e4ssern mit wenig Grund bieten wir auf unserer Website ein <a href=\"https:\/\/srokacompany.com\/de\/produkt\/einziehbare-flosse-fuer-stand-up-paddle\/\">einziehbares Pendant<\/a> an, das Made in Germany ist und exklusiv von Sroka in Frankreich angeboten wird.    <\/p>\n<p>F\u00fcr andere Modelle von SUP, bieten wir auch<a href=\"https:\/\/srokacompany.com\/de\/produkt\/abnehmbare-finnen-fuer-aufblasbare-21-boards\/\"> normale und einziehbare Querruder<\/a> Modell Slide In an.<\/p>\n","protected":false},"featured_media":341328,"template":"","meta":{"_acf_changed":false,"_uag_custom_page_level_css":""},"product_brand":[],"product_cat":[3620,3604,3578],"product_tag":[],"class_list":{"0":"post-344707","1":"product","2":"type-product","3":"status-publish","4":"has-post-thumbnail","6":"product_cat-aufblasbare-paddel","7":"product_cat-paddle-finne","8":"product_cat-paddle-zubehor","9":"product_shipping_class-querruder-komplette-schrauben","11":"first","12":"outofstock","13":"taxable","14":"shipping-taxable","15":"purchasable","16":"product-type-simple"},"acf":[],"yoast_head":"<!-- This site is optimized with the Yoast SEO plugin v27.4 - https:\/\/yoast.com\/product\/yoast-seo-wordpress\/ -->\n<title>US-Fl\u00fcgel Box SUP - SROKA Company - Zubeh\u00f6r SUP<\/title>\n<meta name=\"description\" content=\"Die US-Box-Finne f\u00fcr SUP aufblasbar passt auf alle Boards mit US-Box. Modell zum Wandern und Rennen.\" \/>\n<meta name=\"robots\" content=\"index, follow, max-snippet:-1, max-image-preview:large, max-video-preview:-1\" \/>\n<link rel=\"canonical\" href=\"https:\/\/srokacompany.com\/de\/produkt\/us-box-finnen-stand-up-paddle\/\" \/>\n<meta property=\"og:locale\" content=\"de_DE\" \/>\n<meta property=\"og:type\" content=\"article\" \/>\n<meta property=\"og:title\" content=\"US-Fl\u00fcgel Box SUP - SROKA Company - Zubeh\u00f6r SUP\" \/>\n<meta property=\"og:description\" content=\"Die US-Box-Finne f\u00fcr SUP aufblasbar passt auf alle Boards mit US-Box. Modell zum Wandern und Rennen.\" \/>\n<meta property=\"og:url\" content=\"https:\/\/srokacompany.com\/de\/produkt\/us-box-finnen-stand-up-paddle\/\" \/>\n<meta property=\"og:site_name\" content=\"SROKA Company\" \/>\n<meta property=\"article:publisher\" content=\"https:\/\/www.facebook.com\/srokawatersports\/\" \/>\n<meta property=\"article:modified_time\" content=\"2025-10-31T17:14:55+00:00\" \/>\n<meta property=\"og:image\" content=\"https:\/\/srokacompany.com\/wp-content\/uploads\/2019\/06\/aileron-US.jpg\" \/>\n\t<meta property=\"og:image:width\" content=\"780\" \/>\n\t<meta property=\"og:image:height\" content=\"1040\" \/>\n\t<meta property=\"og:image:type\" content=\"image\/jpeg\" \/>\n<meta name=\"twitter:label1\" content=\"Gesch\u00e4tzte Lesezeit\" \/>\n\t<meta name=\"twitter:data1\" content=\"1\u00a0Minute\" \/>\n<script type=\"application\/ld+json\" class=\"yoast-schema-graph\">{\"@context\":\"https:\\\/\\\/schema.org\",\"@graph\":[{\"@type\":\"WebPage\",\"@id\":\"https:\\\/\\\/srokacompany.com\\\/de\\\/produkt\\\/us-box-finnen-stand-up-paddle\\\/\",\"url\":\"https:\\\/\\\/srokacompany.com\\\/de\\\/produkt\\\/us-box-finnen-stand-up-paddle\\\/\",\"name\":\"US-Fl\u00fcgel Box SUP - SROKA Company - Zubeh\u00f6r SUP\",\"isPartOf\":{\"@id\":\"https:\\\/\\\/srokacompany.com\\\/de\\\/#website\"},\"primaryImageOfPage\":{\"@id\":\"https:\\\/\\\/srokacompany.com\\\/de\\\/produkt\\\/us-box-finnen-stand-up-paddle\\\/#primaryimage\"},\"image\":{\"@id\":\"https:\\\/\\\/srokacompany.com\\\/de\\\/produkt\\\/us-box-finnen-stand-up-paddle\\\/#primaryimage\"},\"thumbnailUrl\":\"https:\\\/\\\/srokacompany.com\\\/wp-content\\\/uploads\\\/2019\\\/06\\\/aileron-US.jpg\",\"datePublished\":\"2019-06-07T14:13:27+00:00\",\"dateModified\":\"2025-10-31T17:14:55+00:00\",\"description\":\"Die US-Box-Finne f\u00fcr SUP aufblasbar passt auf alle Boards mit US-Box. Modell zum Wandern und Rennen.\",\"breadcrumb\":{\"@id\":\"https:\\\/\\\/srokacompany.com\\\/de\\\/produkt\\\/us-box-finnen-stand-up-paddle\\\/#breadcrumb\"},\"inLanguage\":\"de\",\"potentialAction\":[{\"@type\":\"ReadAction\",\"target\":[\"https:\\\/\\\/srokacompany.com\\\/de\\\/produkt\\\/us-box-finnen-stand-up-paddle\\\/\"]}]},{\"@type\":\"ImageObject\",\"inLanguage\":\"de\",\"@id\":\"https:\\\/\\\/srokacompany.com\\\/de\\\/produkt\\\/us-box-finnen-stand-up-paddle\\\/#primaryimage\",\"url\":\"https:\\\/\\\/srokacompany.com\\\/wp-content\\\/uploads\\\/2019\\\/06\\\/aileron-US.jpg\",\"contentUrl\":\"https:\\\/\\\/srokacompany.com\\\/wp-content\\\/uploads\\\/2019\\\/06\\\/aileron-US.jpg\",\"width\":780,\"height\":1040,\"caption\":\"US fin inflatable stand up paddle by Sroka Company\"},{\"@type\":\"BreadcrumbList\",\"@id\":\"https:\\\/\\\/srokacompany.com\\\/de\\\/produkt\\\/us-box-finnen-stand-up-paddle\\\/#breadcrumb\",\"itemListElement\":[{\"@type\":\"ListItem\",\"position\":1,\"name\":\"Accueil\",\"item\":\"https:\\\/\\\/srokacompany.com\\\/de\\\/\"},{\"@type\":\"ListItem\",\"position\":2,\"name\":\"Laden\",\"item\":\"https:\\\/\\\/srokacompany.com\\\/laden\\\/\"},{\"@type\":\"ListItem\",\"position\":3,\"name\":\"US box Finnen &#8211; Stand Up Paddle\"}]},{\"@type\":\"WebSite\",\"@id\":\"https:\\\/\\\/srokacompany.com\\\/de\\\/#website\",\"url\":\"https:\\\/\\\/srokacompany.com\\\/de\\\/\",\"name\":\"SROKA Company\",\"description\":\"SUP, Kite, Foil, Wing\",\"publisher\":{\"@id\":\"https:\\\/\\\/srokacompany.com\\\/de\\\/#organization\"},\"potentialAction\":[{\"@type\":\"SearchAction\",\"target\":{\"@type\":\"EntryPoint\",\"urlTemplate\":\"https:\\\/\\\/srokacompany.com\\\/de\\\/?s={search_term_string}\"},\"query-input\":{\"@type\":\"PropertyValueSpecification\",\"valueRequired\":true,\"valueName\":\"search_term_string\"}}],\"inLanguage\":\"de\"},{\"@type\":\"Organization\",\"@id\":\"https:\\\/\\\/srokacompany.com\\\/de\\\/#organization\",\"name\":\"SROKACOMPANY\",\"alternateName\":\"SROKA\",\"url\":\"https:\\\/\\\/srokacompany.com\\\/de\\\/\",\"logo\":{\"@type\":\"ImageObject\",\"inLanguage\":\"de\",\"@id\":\"https:\\\/\\\/srokacompany.com\\\/de\\\/#\\\/schema\\\/logo\\\/image\\\/\",\"url\":\"https:\\\/\\\/srokacompany.com\\\/wp-content\\\/uploads\\\/2021\\\/01\\\/logo-sroka-black-transpa.png\",\"contentUrl\":\"https:\\\/\\\/srokacompany.com\\\/wp-content\\\/uploads\\\/2021\\\/01\\\/logo-sroka-black-transpa.png\",\"width\":1201,\"height\":342,\"caption\":\"SROKACOMPANY\"},\"image\":{\"@id\":\"https:\\\/\\\/srokacompany.com\\\/de\\\/#\\\/schema\\\/logo\\\/image\\\/\"},\"sameAs\":[\"https:\\\/\\\/www.facebook.com\\\/srokawatersports\\\/\",\"https:\\\/\\\/www.instagram.com\\\/srokawatersports\\\/\",\"https:\\\/\\\/www.youtube.com\\\/channel\\\/UCVLHHeaPIm-J5bdEUgxqtZA\"]}]}<\/script>\n<!-- \/ Yoast SEO plugin. -->","yoast_head_json":{"title":"US-Fl\u00fcgel Box SUP - SROKA Company - Zubeh\u00f6r SUP","description":"Die US-Box-Finne f\u00fcr SUP aufblasbar passt auf alle Boards mit US-Box. Modell zum Wandern und Rennen.","robots":{"index":"index","follow":"follow","max-snippet":"max-snippet:-1","max-image-preview":"max-image-preview:large","max-video-preview":"max-video-preview:-1"},"canonical":"https:\/\/srokacompany.com\/de\/produkt\/us-box-finnen-stand-up-paddle\/","og_locale":"de_DE","og_type":"article","og_title":"US-Fl\u00fcgel Box SUP - SROKA Company - Zubeh\u00f6r SUP","og_description":"Die US-Box-Finne f\u00fcr SUP aufblasbar passt auf alle Boards mit US-Box. Modell zum Wandern und Rennen.","og_url":"https:\/\/srokacompany.com\/de\/produkt\/us-box-finnen-stand-up-paddle\/","og_site_name":"SROKA Company","article_publisher":"https:\/\/www.facebook.com\/srokawatersports\/","article_modified_time":"2025-10-31T17:14:55+00:00","og_image":[{"width":780,"height":1040,"url":"https:\/\/srokacompany.com\/wp-content\/uploads\/2019\/06\/aileron-US.jpg","type":"image\/jpeg"}],"twitter_misc":{"Gesch\u00e4tzte Lesezeit":"1\u00a0Minute"},"schema":{"@context":"https:\/\/schema.org","@graph":[{"@type":"WebPage","@id":"https:\/\/srokacompany.com\/de\/produkt\/us-box-finnen-stand-up-paddle\/","url":"https:\/\/srokacompany.com\/de\/produkt\/us-box-finnen-stand-up-paddle\/","name":"US-Fl\u00fcgel Box SUP - SROKA Company - Zubeh\u00f6r SUP","isPartOf":{"@id":"https:\/\/srokacompany.com\/de\/#website"},"primaryImageOfPage":{"@id":"https:\/\/srokacompany.com\/de\/produkt\/us-box-finnen-stand-up-paddle\/#primaryimage"},"image":{"@id":"https:\/\/srokacompany.com\/de\/produkt\/us-box-finnen-stand-up-paddle\/#primaryimage"},"thumbnailUrl":"https:\/\/srokacompany.com\/wp-content\/uploads\/2019\/06\/aileron-US.jpg","datePublished":"2019-06-07T14:13:27+00:00","dateModified":"2025-10-31T17:14:55+00:00","description":"Die US-Box-Finne f\u00fcr SUP aufblasbar passt auf alle Boards mit US-Box. Modell zum Wandern und Rennen.","breadcrumb":{"@id":"https:\/\/srokacompany.com\/de\/produkt\/us-box-finnen-stand-up-paddle\/#breadcrumb"},"inLanguage":"de","potentialAction":[{"@type":"ReadAction","target":["https:\/\/srokacompany.com\/de\/produkt\/us-box-finnen-stand-up-paddle\/"]}]},{"@type":"ImageObject","inLanguage":"de","@id":"https:\/\/srokacompany.com\/de\/produkt\/us-box-finnen-stand-up-paddle\/#primaryimage","url":"https:\/\/srokacompany.com\/wp-content\/uploads\/2019\/06\/aileron-US.jpg","contentUrl":"https:\/\/srokacompany.com\/wp-content\/uploads\/2019\/06\/aileron-US.jpg","width":780,"height":1040,"caption":"US fin inflatable stand up paddle by Sroka Company"},{"@type":"BreadcrumbList","@id":"https:\/\/srokacompany.com\/de\/produkt\/us-box-finnen-stand-up-paddle\/#breadcrumb","itemListElement":[{"@type":"ListItem","position":1,"name":"Accueil","item":"https:\/\/srokacompany.com\/de\/"},{"@type":"ListItem","position":2,"name":"Laden","item":"https:\/\/srokacompany.com\/laden\/"},{"@type":"ListItem","position":3,"name":"US box Finnen &#8211; Stand Up Paddle"}]},{"@type":"WebSite","@id":"https:\/\/srokacompany.com\/de\/#website","url":"https:\/\/srokacompany.com\/de\/","name":"SROKA Company","description":"SUP, Kite, Foil, Wing","publisher":{"@id":"https:\/\/srokacompany.com\/de\/#organization"},"potentialAction":[{"@type":"SearchAction","target":{"@type":"EntryPoint","urlTemplate":"https:\/\/srokacompany.com\/de\/?s={search_term_string}"},"query-input":{"@type":"PropertyValueSpecification","valueRequired":true,"valueName":"search_term_string"}}],"inLanguage":"de"},{"@type":"Organization","@id":"https:\/\/srokacompany.com\/de\/#organization","name":"SROKACOMPANY","alternateName":"SROKA","url":"https:\/\/srokacompany.com\/de\/","logo":{"@type":"ImageObject","inLanguage":"de","@id":"https:\/\/srokacompany.com\/de\/#\/schema\/logo\/image\/","url":"https:\/\/srokacompany.com\/wp-content\/uploads\/2021\/01\/logo-sroka-black-transpa.png","contentUrl":"https:\/\/srokacompany.com\/wp-content\/uploads\/2021\/01\/logo-sroka-black-transpa.png","width":1201,"height":342,"caption":"SROKACOMPANY"},"image":{"@id":"https:\/\/srokacompany.com\/de\/#\/schema\/logo\/image\/"},"sameAs":["https:\/\/www.facebook.com\/srokawatersports\/","https:\/\/www.instagram.com\/srokawatersports\/","https:\/\/www.youtube.com\/channel\/UCVLHHeaPIm-J5bdEUgxqtZA"]}]}},"uagb_featured_image_src":{"full":["https:\/\/srokacompany.com\/wp-content\/uploads\/2019\/06\/aileron-US.jpg",780,1040,false],"thumbnail":["https:\/\/srokacompany.com\/wp-content\/uploads\/2019\/06\/aileron-US-150x150.jpg",150,150,true],"medium":["https:\/\/srokacompany.com\/wp-content\/uploads\/2019\/06\/aileron-US-225x300.jpg",225,300,true],"medium_large":["https:\/\/srokacompany.com\/wp-content\/uploads\/2019\/06\/aileron-US-768x1024.jpg",768,1024,true],"large":["https:\/\/srokacompany.com\/wp-content\/uploads\/2019\/06\/aileron-US-768x1024.jpg",768,1024,true],"1536x1536":["https:\/\/srokacompany.com\/wp-content\/uploads\/2019\/06\/aileron-US.jpg",780,1040,false],"2048x2048":["https:\/\/srokacompany.com\/wp-content\/uploads\/2019\/06\/aileron-US.jpg",780,1040,false],"woocommerce_thumbnail":["https:\/\/srokacompany.com\/wp-content\/uploads\/2019\/06\/aileron-US-600x800.jpg",600,800,true],"woocommerce_single":["https:\/\/srokacompany.com\/wp-content\/uploads\/2019\/06\/aileron-US-600x800.jpg",600,800,true],"woocommerce_gallery_thumbnail":["https:\/\/srokacompany.com\/wp-content\/uploads\/2019\/06\/aileron-US-100x100.jpg",100,100,true],"dgwt-wcas-product-suggestion":["https:\/\/srokacompany.com\/wp-content\/uploads\/2019\/06\/aileron-US.jpg",64,85,false]},"uagb_author_info":{"display_name":"Bruno Sroka","author_link":"https:\/\/srokacompany.com\/de\/blog\/author\/"},"uagb_comment_info":0,"uagb_excerpt":"Flosse SUP US Box Sroka Die Finne SUP US Box passt auf alle Boards, die mit einer US Box ausgestattet sind. Diese Box ist f\u00fcr Touren und Rennen beim Stand Up Paddling gedacht und bietet mit ihrer gro\u00dfen Fl\u00e4che eine effektive Driftfl\u00e4che, die deinen Paddelschlag verst\u00e4rken kann. Es passt zu unseren Modellen Alpha 11'6, Alpha&hellip;","jetpack_sharing_enabled":true,"_links":{"self":[{"href":"https:\/\/srokacompany.com\/de\/wp-json\/wp\/v2\/product\/344707","targetHints":{"allow":["GET"]}}],"collection":[{"href":"https:\/\/srokacompany.com\/de\/wp-json\/wp\/v2\/product"}],"about":[{"href":"https:\/\/srokacompany.com\/de\/wp-json\/wp\/v2\/types\/product"}],"wp:featuredmedia":[{"embeddable":true,"href":"https:\/\/srokacompany.com\/de\/wp-json\/wp\/v2\/media\/341328"}],"wp:attachment":[{"href":"https:\/\/srokacompany.com\/de\/wp-json\/wp\/v2\/media?parent=344707"}],"wp:term":[{"taxonomy":"product_brand","embeddable":true,"href":"https:\/\/srokacompany.com\/de\/wp-json\/wp\/v2\/product_brand?post=344707"},{"taxonomy":"product_cat","embeddable":true,"href":"https:\/\/srokacompany.com\/de\/wp-json\/wp\/v2\/product_cat?post=344707"},{"taxonomy":"product_tag","embeddable":true,"href":"https:\/\/srokacompany.com\/de\/wp-json\/wp\/v2\/product_tag?post=344707"}],"curies":[{"name":"wp","href":"https:\/\/api.w.org\/{rel}","templated":true}]}}