{"id":344828,"date":"2019-07-16T13:17:07","date_gmt":"2019-07-16T13:17:07","guid":{"rendered":"https:\/\/srokacompany.com\/produit\/s-foil-klassische-sroka\/"},"modified":"2026-02-02T20:07:51","modified_gmt":"2026-02-02T18:07:51","slug":"s-foil-klassische-sroka","status":"publish","type":"product","link":"https:\/\/srokacompany.com\/de\/produkt\/s-foil-klassische-sroka\/","title":{"rendered":"S-Foil Klassische Sroka"},"content":{"rendered":"<hr>\n<h2>Beginnen Sie mit Leichtigkeit und machen Sie Fortschritte mit dem S-Foil Sroka!<\/h2>\n<p>Fliegen Sie <strong>mit Leichtigkeit<\/strong> \u00fcber die Wellen, reihen Sie sanft Kurven aneinander und erleben Sie das <strong>einzigartige Vergn\u00fcgen<\/strong> des foil <strong>gleich beim ersten Flug<\/strong>. Mit dem S-Foil Sroka k\u00f6nnen sich Anf\u00e4nger auf ein erfolgreiches und lohnendes <a href=\"https:\/\/srokacompany.com\/de\/blog\/wie-wendet-man-in-wingfoil\/\">Wingfoil-Erlebnis<\/a> freuen, und Fortgeschrittene k\u00f6nnen sich an dem sehr leichten Wind erfreuen. <\/p>\n<p>Das S-Foil wurde speziell daf\u00fcr entwickelt, Ihnen zu helfen, schnell Fortschritte zu machen, ohne Sie zu bremsen. Es wurde sorgf\u00e4ltig \u00fcberarbeitet, um mehr Leistung, Steifigkeit und Leichtigkeit zu erreichen. Es bietet eine vollst\u00e4ndige Modularit\u00e4t mit austauschbaren Teilen, um sich perfekt an Ihr Niveau und Ihre Entwicklung anzupassen. <\/p>\n<h4>Die Vorteile des S-Foil Sroka :<\/h4>\n<ul>\n<li><a href=\"https:\/\/srokacompany.com\/de\/produkt\/frontfluegel-s-foil-klassische\/\">Klassische 1500er, 1750er oder 2000er Frontfl\u00fcgel<\/a>, die speziell entwickelt wurden, um <strong>den Start zu erleichtern und die Stabilit\u00e4t<\/strong> entsprechend deiner K\u00f6rpergr\u00f6\u00dfe zu erh\u00f6hen.<\/li>\n<li>Ein foil Classic in der Standardversion mit einem 68 cm langen Rumpf und einem vielseitigen 300er H\u00f6henleitwerk, das sich <strong>leicht handhaben<\/strong> l\u00e4sst.<\/li>\n<li>Inklusive 80cm Mast, ideal f\u00fcr Anf\u00e4nger, aber mit Optionen f\u00fcr verschiedene Gr\u00f6\u00dfen, um <strong>Sie bei Ihren Fortschritten zu unterst\u00fctzen<\/strong>.<\/li>\n<\/ul>\n<p>Der S-Foil ist nicht nur <strong>leicht<\/strong> <strong>zu erlernen<\/strong>, sondern auch auf <strong>Langlebigkeit<\/strong> und <strong>Widerstandsf\u00e4higkeit<\/strong> ausgelegt und aus hochwertigen Materialien gefertigt. Die hochwertigen Pre-Preg-Karbon-Fl\u00fcgel und Teile aus T6061 T6-Aluminium, das in der Luft- und Schifffahrt verwendet wird, sorgen f\u00fcr eine solide und langlebige Leistung. <\/p>\n<p>Wenn du dich f\u00fcr den S-Foil Sroka entscheidest, entscheidest du dich f\u00fcr <strong>einen foil, der dich in deiner Entwicklung begleitet<\/strong> und dir erlaubt, ohne Einschr\u00e4nkungen Fortschritte zu machen. Ein Super foil light wind, der auch dann noch ein idealer Partner sein wird, wenn Sie bereits Erfahrung gesammelt haben. <\/p>\n<h4>Vielseitige Standardkonfiguration :<\/h4>\n<ul>\n<li>Ideal f\u00fcr Anf\u00e4nger, die verschiedene Disziplinen von foil entdecken und aus\u00fcben m\u00f6chten: <a href=\"https:\/\/srokacompany.com\/de\/blog\/wie-wendet-man-in-wingfoil\/\">Wing Foil<\/a>, SUP foil , Wake Foil, etc.<\/li>\n<li>Wird mit einem praktischen Transportkoffer und <a href=\"https:\/\/srokacompany.com\/de\/produkt\/komplettes-schraubenset-fuer-s-foil-und-sroka-bretter\/\">kompletten Schrauben<\/a> geliefert, um die Verwendung zu erleichtern.<\/li>\n<\/ul>\n","protected":false},"excerpt":{"rendered":"<ul>\n<li>Optional erh\u00e4ltliche Mastgr\u00f6\u00dfen: 55cm \/ 70cm \/ 90cm<\/li>\n<li>Optional erh\u00e4ltliche Rumpfgr\u00f6\u00dfen: 68cm \/ 62cm \/ 56cm<\/li>\n<\/ul>\n<p>Ihr foil wird in der Grundausstattung mit einem 80 cm langen Mast und einem 68 cm langen Rumpf geliefert. Wenn Sie eine dieser Einstellungen \u00e4ndern m\u00f6chten, kontaktieren Sie uns bitte unter folgender E-Mail-Adresse: contact@srokacompany.com <\/p>\n<p>Der Preis wird sich nicht \u00e4ndern, je nachdem, welchen Mast oder Rumpf Sie w\u00e4hlen.<\/p>\n","protected":false},"featured_media":344831,"template":"","meta":{"_acf_changed":false,"_uag_custom_page_level_css":""},"product_brand":[],"product_cat":[3498,3731,3493,3499,3453],"product_tag":[3441,3442],"class_list":{"0":"post-344828","1":"product","2":"type-product","3":"status-publish","4":"has-post-thumbnail","6":"product_cat-alle-alu-foils","7":"product_cat-alle-unsere-klassischen-foils","8":"product_cat-foil-de","9":"product_cat-foils-wing-foil-de","10":"product_cat-wing-foil-de","11":"product_tag-anfanger","12":"product_tag-schlau","13":"product_shipping_class-foil-komplett-oder-ersatzteile-wing-einheit","15":"first","16":"instock","17":"sale","18":"taxable","19":"shipping-taxable","20":"purchasable","21":"product-type-variable"},"acf":[],"yoast_head":"<!-- This site is optimized with the Yoast SEO plugin v27.4 - https:\/\/yoast.com\/product\/yoast-seo-wordpress\/ -->\n<title>S-Foil Sroka - Klassische Reihe - SROKA Company<\/title>\n<meta name=\"description\" content=\"Das neue S-Foil Classic von SROKA ist sehr vielseitig: Surf, SUP, Kite, Wing, Wake &amp; Windfoil! Hohe Qualit\u00e4t, bester Preis!\" \/>\n<meta name=\"robots\" content=\"index, follow, max-snippet:-1, max-image-preview:large, max-video-preview:-1\" \/>\n<link rel=\"canonical\" href=\"https:\/\/srokacompany.com\/de\/produkt\/s-foil-klassische-sroka\/\" \/>\n<meta property=\"og:locale\" content=\"de_DE\" \/>\n<meta property=\"og:type\" content=\"article\" \/>\n<meta property=\"og:title\" content=\"S-Foil Sroka - Klassische Reihe - SROKA Company\" \/>\n<meta property=\"og:description\" content=\"Das neue S-Foil Classic von SROKA ist sehr vielseitig: Surf, SUP, Kite, Wing, Wake &amp; Windfoil! Hohe Qualit\u00e4t, bester Preis!\" \/>\n<meta property=\"og:url\" content=\"https:\/\/srokacompany.com\/de\/produkt\/s-foil-klassische-sroka\/\" \/>\n<meta property=\"og:site_name\" content=\"SROKA Company\" \/>\n<meta property=\"article:publisher\" content=\"https:\/\/www.facebook.com\/srokawatersports\/\" \/>\n<meta property=\"article:modified_time\" content=\"2026-02-02T18:07:51+00:00\" \/>\n<meta property=\"og:image\" content=\"https:\/\/srokacompany.com\/wp-content\/uploads\/2019\/07\/8.jpg\" \/>\n\t<meta property=\"og:image:width\" content=\"740\" \/>\n\t<meta property=\"og:image:height\" content=\"1080\" \/>\n\t<meta property=\"og:image:type\" content=\"image\/jpeg\" \/>\n<meta name=\"twitter:label1\" content=\"Gesch\u00e4tzte Lesezeit\" \/>\n\t<meta name=\"twitter:data1\" content=\"2\u00a0Minuten\" \/>\n<script type=\"application\/ld+json\" class=\"yoast-schema-graph\">{\"@context\":\"https:\\\/\\\/schema.org\",\"@graph\":[{\"@type\":\"WebPage\",\"@id\":\"https:\\\/\\\/srokacompany.com\\\/de\\\/produkt\\\/s-foil-klassische-sroka\\\/\",\"url\":\"https:\\\/\\\/srokacompany.com\\\/de\\\/produkt\\\/s-foil-klassische-sroka\\\/\",\"name\":\"S-Foil Sroka - Klassische Reihe - SROKA Company\",\"isPartOf\":{\"@id\":\"https:\\\/\\\/srokacompany.com\\\/de\\\/#website\"},\"primaryImageOfPage\":{\"@id\":\"https:\\\/\\\/srokacompany.com\\\/de\\\/produkt\\\/s-foil-klassische-sroka\\\/#primaryimage\"},\"image\":{\"@id\":\"https:\\\/\\\/srokacompany.com\\\/de\\\/produkt\\\/s-foil-klassische-sroka\\\/#primaryimage\"},\"thumbnailUrl\":\"https:\\\/\\\/srokacompany.com\\\/wp-content\\\/uploads\\\/2019\\\/07\\\/8.jpg\",\"datePublished\":\"2019-07-16T13:17:07+00:00\",\"dateModified\":\"2026-02-02T18:07:51+00:00\",\"description\":\"Das neue S-Foil Classic von SROKA ist sehr vielseitig: Surf, SUP, Kite, Wing, Wake & Windfoil! Hohe Qualit\u00e4t, bester Preis!\",\"breadcrumb\":{\"@id\":\"https:\\\/\\\/srokacompany.com\\\/de\\\/produkt\\\/s-foil-klassische-sroka\\\/#breadcrumb\"},\"inLanguage\":\"de\",\"potentialAction\":[{\"@type\":\"ReadAction\",\"target\":[\"https:\\\/\\\/srokacompany.com\\\/de\\\/produkt\\\/s-foil-klassische-sroka\\\/\"]}]},{\"@type\":\"ImageObject\",\"inLanguage\":\"de\",\"@id\":\"https:\\\/\\\/srokacompany.com\\\/de\\\/produkt\\\/s-foil-klassische-sroka\\\/#primaryimage\",\"url\":\"https:\\\/\\\/srokacompany.com\\\/wp-content\\\/uploads\\\/2019\\\/07\\\/8.jpg\",\"contentUrl\":\"https:\\\/\\\/srokacompany.com\\\/wp-content\\\/uploads\\\/2019\\\/07\\\/8.jpg\",\"width\":740,\"height\":1080,\"caption\":\"S-Foil Sroka\"},{\"@type\":\"BreadcrumbList\",\"@id\":\"https:\\\/\\\/srokacompany.com\\\/de\\\/produkt\\\/s-foil-klassische-sroka\\\/#breadcrumb\",\"itemListElement\":[{\"@type\":\"ListItem\",\"position\":1,\"name\":\"Accueil\",\"item\":\"https:\\\/\\\/srokacompany.com\\\/de\\\/\"},{\"@type\":\"ListItem\",\"position\":2,\"name\":\"Laden\",\"item\":\"https:\\\/\\\/srokacompany.com\\\/laden\\\/\"},{\"@type\":\"ListItem\",\"position\":3,\"name\":\"S-Foil Klassische Sroka\"}]},{\"@type\":\"WebSite\",\"@id\":\"https:\\\/\\\/srokacompany.com\\\/de\\\/#website\",\"url\":\"https:\\\/\\\/srokacompany.com\\\/de\\\/\",\"name\":\"SROKA Company\",\"description\":\"SUP, Kite, Foil, Wing\",\"publisher\":{\"@id\":\"https:\\\/\\\/srokacompany.com\\\/de\\\/#organization\"},\"potentialAction\":[{\"@type\":\"SearchAction\",\"target\":{\"@type\":\"EntryPoint\",\"urlTemplate\":\"https:\\\/\\\/srokacompany.com\\\/de\\\/?s={search_term_string}\"},\"query-input\":{\"@type\":\"PropertyValueSpecification\",\"valueRequired\":true,\"valueName\":\"search_term_string\"}}],\"inLanguage\":\"de\"},{\"@type\":\"Organization\",\"@id\":\"https:\\\/\\\/srokacompany.com\\\/de\\\/#organization\",\"name\":\"SROKACOMPANY\",\"alternateName\":\"SROKA\",\"url\":\"https:\\\/\\\/srokacompany.com\\\/de\\\/\",\"logo\":{\"@type\":\"ImageObject\",\"inLanguage\":\"de\",\"@id\":\"https:\\\/\\\/srokacompany.com\\\/de\\\/#\\\/schema\\\/logo\\\/image\\\/\",\"url\":\"https:\\\/\\\/srokacompany.com\\\/wp-content\\\/uploads\\\/2021\\\/01\\\/logo-sroka-black-transpa.png\",\"contentUrl\":\"https:\\\/\\\/srokacompany.com\\\/wp-content\\\/uploads\\\/2021\\\/01\\\/logo-sroka-black-transpa.png\",\"width\":1201,\"height\":342,\"caption\":\"SROKACOMPANY\"},\"image\":{\"@id\":\"https:\\\/\\\/srokacompany.com\\\/de\\\/#\\\/schema\\\/logo\\\/image\\\/\"},\"sameAs\":[\"https:\\\/\\\/www.facebook.com\\\/srokawatersports\\\/\",\"https:\\\/\\\/www.instagram.com\\\/srokawatersports\\\/\",\"https:\\\/\\\/www.youtube.com\\\/channel\\\/UCVLHHeaPIm-J5bdEUgxqtZA\"]}]}<\/script>\n<!-- \/ Yoast SEO plugin. -->","yoast_head_json":{"title":"S-Foil Sroka - Klassische Reihe - SROKA Company","description":"Das neue S-Foil Classic von SROKA ist sehr vielseitig: Surf, SUP, Kite, Wing, Wake & Windfoil! Hohe Qualit\u00e4t, bester Preis!","robots":{"index":"index","follow":"follow","max-snippet":"max-snippet:-1","max-image-preview":"max-image-preview:large","max-video-preview":"max-video-preview:-1"},"canonical":"https:\/\/srokacompany.com\/de\/produkt\/s-foil-klassische-sroka\/","og_locale":"de_DE","og_type":"article","og_title":"S-Foil Sroka - Klassische Reihe - SROKA Company","og_description":"Das neue S-Foil Classic von SROKA ist sehr vielseitig: Surf, SUP, Kite, Wing, Wake & Windfoil! Hohe Qualit\u00e4t, bester Preis!","og_url":"https:\/\/srokacompany.com\/de\/produkt\/s-foil-klassische-sroka\/","og_site_name":"SROKA Company","article_publisher":"https:\/\/www.facebook.com\/srokawatersports\/","article_modified_time":"2026-02-02T18:07:51+00:00","og_image":[{"width":740,"height":1080,"url":"https:\/\/srokacompany.com\/wp-content\/uploads\/2019\/07\/8.jpg","type":"image\/jpeg"}],"twitter_misc":{"Gesch\u00e4tzte Lesezeit":"2\u00a0Minuten"},"schema":{"@context":"https:\/\/schema.org","@graph":[{"@type":"WebPage","@id":"https:\/\/srokacompany.com\/de\/produkt\/s-foil-klassische-sroka\/","url":"https:\/\/srokacompany.com\/de\/produkt\/s-foil-klassische-sroka\/","name":"S-Foil Sroka - Klassische Reihe - SROKA Company","isPartOf":{"@id":"https:\/\/srokacompany.com\/de\/#website"},"primaryImageOfPage":{"@id":"https:\/\/srokacompany.com\/de\/produkt\/s-foil-klassische-sroka\/#primaryimage"},"image":{"@id":"https:\/\/srokacompany.com\/de\/produkt\/s-foil-klassische-sroka\/#primaryimage"},"thumbnailUrl":"https:\/\/srokacompany.com\/wp-content\/uploads\/2019\/07\/8.jpg","datePublished":"2019-07-16T13:17:07+00:00","dateModified":"2026-02-02T18:07:51+00:00","description":"Das neue S-Foil Classic von SROKA ist sehr vielseitig: Surf, SUP, Kite, Wing, Wake & Windfoil! Hohe Qualit\u00e4t, bester Preis!","breadcrumb":{"@id":"https:\/\/srokacompany.com\/de\/produkt\/s-foil-klassische-sroka\/#breadcrumb"},"inLanguage":"de","potentialAction":[{"@type":"ReadAction","target":["https:\/\/srokacompany.com\/de\/produkt\/s-foil-klassische-sroka\/"]}]},{"@type":"ImageObject","inLanguage":"de","@id":"https:\/\/srokacompany.com\/de\/produkt\/s-foil-klassische-sroka\/#primaryimage","url":"https:\/\/srokacompany.com\/wp-content\/uploads\/2019\/07\/8.jpg","contentUrl":"https:\/\/srokacompany.com\/wp-content\/uploads\/2019\/07\/8.jpg","width":740,"height":1080,"caption":"S-Foil Sroka"},{"@type":"BreadcrumbList","@id":"https:\/\/srokacompany.com\/de\/produkt\/s-foil-klassische-sroka\/#breadcrumb","itemListElement":[{"@type":"ListItem","position":1,"name":"Accueil","item":"https:\/\/srokacompany.com\/de\/"},{"@type":"ListItem","position":2,"name":"Laden","item":"https:\/\/srokacompany.com\/laden\/"},{"@type":"ListItem","position":3,"name":"S-Foil Klassische Sroka"}]},{"@type":"WebSite","@id":"https:\/\/srokacompany.com\/de\/#website","url":"https:\/\/srokacompany.com\/de\/","name":"SROKA Company","description":"SUP, Kite, Foil, Wing","publisher":{"@id":"https:\/\/srokacompany.com\/de\/#organization"},"potentialAction":[{"@type":"SearchAction","target":{"@type":"EntryPoint","urlTemplate":"https:\/\/srokacompany.com\/de\/?s={search_term_string}"},"query-input":{"@type":"PropertyValueSpecification","valueRequired":true,"valueName":"search_term_string"}}],"inLanguage":"de"},{"@type":"Organization","@id":"https:\/\/srokacompany.com\/de\/#organization","name":"SROKACOMPANY","alternateName":"SROKA","url":"https:\/\/srokacompany.com\/de\/","logo":{"@type":"ImageObject","inLanguage":"de","@id":"https:\/\/srokacompany.com\/de\/#\/schema\/logo\/image\/","url":"https:\/\/srokacompany.com\/wp-content\/uploads\/2021\/01\/logo-sroka-black-transpa.png","contentUrl":"https:\/\/srokacompany.com\/wp-content\/uploads\/2021\/01\/logo-sroka-black-transpa.png","width":1201,"height":342,"caption":"SROKACOMPANY"},"image":{"@id":"https:\/\/srokacompany.com\/de\/#\/schema\/logo\/image\/"},"sameAs":["https:\/\/www.facebook.com\/srokawatersports\/","https:\/\/www.instagram.com\/srokawatersports\/","https:\/\/www.youtube.com\/channel\/UCVLHHeaPIm-J5bdEUgxqtZA"]}]}},"uagb_featured_image_src":{"full":["https:\/\/srokacompany.com\/wp-content\/uploads\/2019\/07\/8.jpg",740,1080,false],"thumbnail":["https:\/\/srokacompany.com\/wp-content\/uploads\/2019\/07\/8-150x150.jpg",150,150,true],"medium":["https:\/\/srokacompany.com\/wp-content\/uploads\/2019\/07\/8-206x300.jpg",206,300,true],"medium_large":["https:\/\/srokacompany.com\/wp-content\/uploads\/2019\/07\/8.jpg",740,1080,false],"large":["https:\/\/srokacompany.com\/wp-content\/uploads\/2019\/07\/8-702x1024.jpg",702,1024,true],"1536x1536":["https:\/\/srokacompany.com\/wp-content\/uploads\/2019\/07\/8.jpg",740,1080,false],"2048x2048":["https:\/\/srokacompany.com\/wp-content\/uploads\/2019\/07\/8.jpg",740,1080,false],"woocommerce_thumbnail":["https:\/\/srokacompany.com\/wp-content\/uploads\/2019\/07\/8-600x876.jpg",600,876,true],"woocommerce_single":["https:\/\/srokacompany.com\/wp-content\/uploads\/2019\/07\/8-600x876.jpg",600,876,true],"woocommerce_gallery_thumbnail":["https:\/\/srokacompany.com\/wp-content\/uploads\/2019\/07\/8-100x100.jpg",100,100,true],"dgwt-wcas-product-suggestion":["https:\/\/srokacompany.com\/wp-content\/uploads\/2019\/07\/8-64x93.jpg",64,93,true]},"uagb_author_info":{"display_name":"Bruno Sroka","author_link":"https:\/\/srokacompany.com\/de\/blog\/author\/"},"uagb_comment_info":0,"uagb_excerpt":"Optional erh\u00e4ltliche Mastgr\u00f6\u00dfen: 55cm \/ 70cm \/ 90cm Optional erh\u00e4ltliche Rumpfgr\u00f6\u00dfen: 68cm \/ 62cm \/ 56cm Ihr foil wird in der Grundausstattung mit einem 80 cm langen Mast und einem 68 cm langen Rumpf geliefert. Wenn Sie eine dieser Einstellungen \u00e4ndern m\u00f6chten, kontaktieren Sie uns bitte unter folgender E-Mail-Adresse: contact@srokacompany.com Der Preis wird sich nicht&hellip;","jetpack_sharing_enabled":true,"_links":{"self":[{"href":"https:\/\/srokacompany.com\/de\/wp-json\/wp\/v2\/product\/344828","targetHints":{"allow":["GET"]}}],"collection":[{"href":"https:\/\/srokacompany.com\/de\/wp-json\/wp\/v2\/product"}],"about":[{"href":"https:\/\/srokacompany.com\/de\/wp-json\/wp\/v2\/types\/product"}],"wp:featuredmedia":[{"embeddable":true,"href":"https:\/\/srokacompany.com\/de\/wp-json\/wp\/v2\/media\/344831"}],"wp:attachment":[{"href":"https:\/\/srokacompany.com\/de\/wp-json\/wp\/v2\/media?parent=344828"}],"wp:term":[{"taxonomy":"product_brand","embeddable":true,"href":"https:\/\/srokacompany.com\/de\/wp-json\/wp\/v2\/product_brand?post=344828"},{"taxonomy":"product_cat","embeddable":true,"href":"https:\/\/srokacompany.com\/de\/wp-json\/wp\/v2\/product_cat?post=344828"},{"taxonomy":"product_tag","embeddable":true,"href":"https:\/\/srokacompany.com\/de\/wp-json\/wp\/v2\/product_tag?post=344828"}],"curies":[{"name":"wp","href":"https:\/\/api.w.org\/{rel}","templated":true}]}}