{"id":344981,"date":"2019-07-31T09:38:04","date_gmt":"2019-07-31T09:38:04","guid":{"rendered":"https:\/\/srokacompany.com\/produit\/kite-pack-foil-k-foil-aluminium-zwei-saetze-fluegel-board-160-x-52\/"},"modified":"2025-11-21T18:09:04","modified_gmt":"2025-11-21T16:09:04","slug":"kite-pack-foil-k-foil-aluminium-zwei-saetze-fluegel-board-160-x-52","status":"publish","type":"product","link":"https:\/\/srokacompany.com\/de\/produkt\/kite-pack-foil-k-foil-aluminium-zwei-saetze-fluegel-board-160-x-52\/","title":{"rendered":"Kite Pack Foil K-Foil Aluminium + Zwei S\u00e4tze Fl\u00fcgel + Board 160 x 52"},"content":{"rendered":"<hr>\n<h2>Pack Kite Foil and kite board<\/h2>\n<p>Das ideale und hyper <strong>zug\u00e4ngliche Kite Foil Pack<\/strong> mit dem Aluminium K-Foil und dem 160&#215;52 Kite \/ Surf Hybrid Foil Board von SROKA Company. Unsere Aluminium-K-Folie ist im Laufe der Zeit skalierbar, alle Teile sind modifizierbar und austauschbar. Und im Jahr 2021 bieten wir zur Einf\u00fchrung unseres neuen <a href=\"https:\/\/srokacompany.com\/de\/produkt\/kite-wing-pack-foil-k950-xxl-stabilisator\/\">K950-Finnensets und Stabilisators<\/a> ein Paket mit zwei Finnens\u00e4tzen, einem Board und der<a href=\"https:\/\/srokacompany.com\/de\/eshop\/foil-de\/\"> Vollaluminium-K-Folie<\/a> an.   Sie k\u00f6nnen die Gr\u00f6\u00dfe der Finne an Ihr Programm anpassen, um maximale Vielseitigkeit zu erzielen. Kein Frust mehr, unsere beiden Flossens\u00e4tze decken alle Bed\u00fcrfnisse in allen Situationen ab. Es ist eines der st\u00e4rksten Kite foil auf dem Markt, das K-Foil wurde \u00fcbrigens von der Zeitschrift The Kite Mag als DER foil Freeride des Jahres 2019 anerkannt! Und schlie\u00dflich, wenn du das Surfen mit foil lernen m\u00f6chtest, ist dieses Board der perfekte Kompromiss, wenn du von foil zum Paddelsurfen wechselst. <\/p>\n","protected":false},"excerpt":{"rendered":"<hr>\n<h2>Pack Kite Foil and kite board<\/h2>\n<p>Das ideale und hyper <strong>zug\u00e4ngliche Kite Foil Pack<\/strong> mit dem Aluminium K-Foil und dem 160&#215;52 Kite \/ Surf Hybrid Foil Board von SROKA Company. Unsere Aluminium-K-Folie ist im Laufe der Zeit skalierbar, alle Teile sind modifizierbar und austauschbar. Und im Jahr 2021 bieten wir zur Einf\u00fchrung unseres neuen <a href=\"https:\/\/srokacompany.com\/de\/produkt\/kite-wing-pack-foil-k950-xxl-stabilisator\/\">K950-Finnensets und Stabilisators<\/a> ein Paket mit zwei Finnens\u00e4tzen, einem Board und der<a href=\"https:\/\/srokacompany.com\/de\/eshop\/foil-de\/\"> Vollaluminium-K-Folie<\/a> an.   Sie k\u00f6nnen die Gr\u00f6\u00dfe der Finne an Ihr Programm anpassen, um maximale Vielseitigkeit zu erzielen. Kein Frust mehr, unsere beiden Flossens\u00e4tze decken alle Bed\u00fcrfnisse in allen Situationen ab. Es ist eines der st\u00e4rksten Kite foil auf dem Markt, das K-Foil wurde \u00fcbrigens von der Zeitschrift The Kite Mag als DER foil Freeride des Jahres 2019 anerkannt! Und schlie\u00dflich, wenn du das Surfen mit foil lernen m\u00f6chtest, ist dieses Board der perfekte Kompromiss, wenn du von foil zum Paddelsurfen wechselst. <\/p>\n","protected":false},"featured_media":344982,"template":"","meta":{"_acf_changed":false,"_uag_custom_page_level_css":""},"product_brand":[],"product_cat":[3493,3649,3582,4258],"product_tag":[],"class_list":{"0":"post-344981","1":"product","2":"type-product","3":"status-publish","4":"has-post-thumbnail","6":"product_cat-foil-de","7":"product_cat-kite-saldo-foil","8":"product_cat-promos-de","9":"product_cat-schwarzer-freitag","10":"pa_surface-de-lailette-avant-650-cm2-de-2","12":"first","13":"instock","14":"sale","15":"taxable","16":"shipping-taxable","17":"purchasable","18":"product-type-variable"},"acf":[],"yoast_head":"<!-- This site is optimized with the Yoast SEO plugin v27.4 - https:\/\/yoast.com\/product\/yoast-seo-wordpress\/ -->\n<title>Pack Kite Foil K-Foil alu + foil board 160 x 52 by SROKA Company<\/title>\n<meta name=\"description\" content=\"Das Kite-Paket foil mit dem besten Preis-Leistungs-Verh\u00e4ltnis, mit dem K-Foil SROKA, der als DIE Kite-Referenz anerkannt ist foil und dem 5&#039;2 foil Hybridboard Surf \/ Kite.\" \/>\n<meta name=\"robots\" content=\"index, follow, max-snippet:-1, max-image-preview:large, max-video-preview:-1\" \/>\n<link rel=\"canonical\" href=\"https:\/\/srokacompany.com\/de\/produkt\/kite-pack-foil-k-foil-aluminium-zwei-saetze-fluegel-board-160-x-52\/\" \/>\n<meta property=\"og:locale\" content=\"de_DE\" \/>\n<meta property=\"og:type\" content=\"article\" \/>\n<meta property=\"og:title\" content=\"Pack Kite Foil K-Foil alu + foil board 160 x 52 by SROKA Company\" \/>\n<meta property=\"og:description\" content=\"Das Kite-Paket foil mit dem besten Preis-Leistungs-Verh\u00e4ltnis, mit dem K-Foil SROKA, der als DIE Kite-Referenz anerkannt ist foil und dem 5&#039;2 foil Hybridboard Surf \/ Kite.\" \/>\n<meta property=\"og:url\" content=\"https:\/\/srokacompany.com\/de\/produkt\/kite-pack-foil-k-foil-aluminium-zwei-saetze-fluegel-board-160-x-52\/\" \/>\n<meta property=\"og:site_name\" content=\"SROKA Company\" \/>\n<meta property=\"article:publisher\" content=\"https:\/\/www.facebook.com\/srokawatersports\/\" \/>\n<meta property=\"article:modified_time\" content=\"2025-11-21T16:09:04+00:00\" \/>\n<meta property=\"og:image\" content=\"https:\/\/srokacompany.com\/wp-content\/uploads\/2020\/12\/pack-aluminium-deux-jeux-dailettes-kite-foil-1.jpg\" \/>\n\t<meta property=\"og:image:width\" content=\"780\" \/>\n\t<meta property=\"og:image:height\" content=\"1040\" \/>\n\t<meta property=\"og:image:type\" content=\"image\/jpeg\" \/>\n<meta name=\"twitter:label1\" content=\"Gesch\u00e4tzte Lesezeit\" \/>\n\t<meta name=\"twitter:data1\" content=\"1\u00a0Minute\" \/>\n<script type=\"application\/ld+json\" class=\"yoast-schema-graph\">{\"@context\":\"https:\\\/\\\/schema.org\",\"@graph\":[{\"@type\":\"WebPage\",\"@id\":\"https:\\\/\\\/srokacompany.com\\\/de\\\/produkt\\\/kite-pack-foil-k-foil-aluminium-zwei-saetze-fluegel-board-160-x-52\\\/\",\"url\":\"https:\\\/\\\/srokacompany.com\\\/de\\\/produkt\\\/kite-pack-foil-k-foil-aluminium-zwei-saetze-fluegel-board-160-x-52\\\/\",\"name\":\"Pack Kite Foil K-Foil alu + foil board 160 x 52 by SROKA Company\",\"isPartOf\":{\"@id\":\"https:\\\/\\\/srokacompany.com\\\/de\\\/#website\"},\"primaryImageOfPage\":{\"@id\":\"https:\\\/\\\/srokacompany.com\\\/de\\\/produkt\\\/kite-pack-foil-k-foil-aluminium-zwei-saetze-fluegel-board-160-x-52\\\/#primaryimage\"},\"image\":{\"@id\":\"https:\\\/\\\/srokacompany.com\\\/de\\\/produkt\\\/kite-pack-foil-k-foil-aluminium-zwei-saetze-fluegel-board-160-x-52\\\/#primaryimage\"},\"thumbnailUrl\":\"https:\\\/\\\/srokacompany.com\\\/wp-content\\\/uploads\\\/2020\\\/12\\\/pack-aluminium-deux-jeux-dailettes-kite-foil-1.jpg\",\"datePublished\":\"2019-07-31T09:38:04+00:00\",\"dateModified\":\"2025-11-21T16:09:04+00:00\",\"description\":\"Das Kite-Paket foil mit dem besten Preis-Leistungs-Verh\u00e4ltnis, mit dem K-Foil SROKA, der als DIE Kite-Referenz anerkannt ist foil und dem 5'2 foil Hybridboard Surf \\\/ Kite.\",\"breadcrumb\":{\"@id\":\"https:\\\/\\\/srokacompany.com\\\/de\\\/produkt\\\/kite-pack-foil-k-foil-aluminium-zwei-saetze-fluegel-board-160-x-52\\\/#breadcrumb\"},\"inLanguage\":\"de\",\"potentialAction\":[{\"@type\":\"ReadAction\",\"target\":[\"https:\\\/\\\/srokacompany.com\\\/de\\\/produkt\\\/kite-pack-foil-k-foil-aluminium-zwei-saetze-fluegel-board-160-x-52\\\/\"]}]},{\"@type\":\"ImageObject\",\"inLanguage\":\"de\",\"@id\":\"https:\\\/\\\/srokacompany.com\\\/de\\\/produkt\\\/kite-pack-foil-k-foil-aluminium-zwei-saetze-fluegel-board-160-x-52\\\/#primaryimage\",\"url\":\"https:\\\/\\\/srokacompany.com\\\/wp-content\\\/uploads\\\/2020\\\/12\\\/pack-aluminium-deux-jeux-dailettes-kite-foil-1.jpg\",\"contentUrl\":\"https:\\\/\\\/srokacompany.com\\\/wp-content\\\/uploads\\\/2020\\\/12\\\/pack-aluminium-deux-jeux-dailettes-kite-foil-1.jpg\",\"width\":780,\"height\":1040,\"caption\":\"Pack kite foil\"},{\"@type\":\"BreadcrumbList\",\"@id\":\"https:\\\/\\\/srokacompany.com\\\/de\\\/produkt\\\/kite-pack-foil-k-foil-aluminium-zwei-saetze-fluegel-board-160-x-52\\\/#breadcrumb\",\"itemListElement\":[{\"@type\":\"ListItem\",\"position\":1,\"name\":\"Accueil\",\"item\":\"https:\\\/\\\/srokacompany.com\\\/de\\\/\"},{\"@type\":\"ListItem\",\"position\":2,\"name\":\"Laden\",\"item\":\"https:\\\/\\\/srokacompany.com\\\/laden\\\/\"},{\"@type\":\"ListItem\",\"position\":3,\"name\":\"Kite Pack Foil K-Foil Aluminium + Zwei S\u00e4tze Fl\u00fcgel + Board 160 x 52\"}]},{\"@type\":\"WebSite\",\"@id\":\"https:\\\/\\\/srokacompany.com\\\/de\\\/#website\",\"url\":\"https:\\\/\\\/srokacompany.com\\\/de\\\/\",\"name\":\"SROKA Company\",\"description\":\"SUP, Kite, Foil, Wing\",\"publisher\":{\"@id\":\"https:\\\/\\\/srokacompany.com\\\/de\\\/#organization\"},\"potentialAction\":[{\"@type\":\"SearchAction\",\"target\":{\"@type\":\"EntryPoint\",\"urlTemplate\":\"https:\\\/\\\/srokacompany.com\\\/de\\\/?s={search_term_string}\"},\"query-input\":{\"@type\":\"PropertyValueSpecification\",\"valueRequired\":true,\"valueName\":\"search_term_string\"}}],\"inLanguage\":\"de\"},{\"@type\":\"Organization\",\"@id\":\"https:\\\/\\\/srokacompany.com\\\/de\\\/#organization\",\"name\":\"SROKACOMPANY\",\"alternateName\":\"SROKA\",\"url\":\"https:\\\/\\\/srokacompany.com\\\/de\\\/\",\"logo\":{\"@type\":\"ImageObject\",\"inLanguage\":\"de\",\"@id\":\"https:\\\/\\\/srokacompany.com\\\/de\\\/#\\\/schema\\\/logo\\\/image\\\/\",\"url\":\"https:\\\/\\\/srokacompany.com\\\/wp-content\\\/uploads\\\/2021\\\/01\\\/logo-sroka-black-transpa.png\",\"contentUrl\":\"https:\\\/\\\/srokacompany.com\\\/wp-content\\\/uploads\\\/2021\\\/01\\\/logo-sroka-black-transpa.png\",\"width\":1201,\"height\":342,\"caption\":\"SROKACOMPANY\"},\"image\":{\"@id\":\"https:\\\/\\\/srokacompany.com\\\/de\\\/#\\\/schema\\\/logo\\\/image\\\/\"},\"sameAs\":[\"https:\\\/\\\/www.facebook.com\\\/srokawatersports\\\/\",\"https:\\\/\\\/www.instagram.com\\\/srokawatersports\\\/\",\"https:\\\/\\\/www.youtube.com\\\/channel\\\/UCVLHHeaPIm-J5bdEUgxqtZA\"]}]}<\/script>\n<!-- \/ Yoast SEO plugin. -->","yoast_head_json":{"title":"Pack Kite Foil K-Foil alu + foil board 160 x 52 by SROKA Company","description":"Das Kite-Paket foil mit dem besten Preis-Leistungs-Verh\u00e4ltnis, mit dem K-Foil SROKA, der als DIE Kite-Referenz anerkannt ist foil und dem 5'2 foil Hybridboard Surf \/ Kite.","robots":{"index":"index","follow":"follow","max-snippet":"max-snippet:-1","max-image-preview":"max-image-preview:large","max-video-preview":"max-video-preview:-1"},"canonical":"https:\/\/srokacompany.com\/de\/produkt\/kite-pack-foil-k-foil-aluminium-zwei-saetze-fluegel-board-160-x-52\/","og_locale":"de_DE","og_type":"article","og_title":"Pack Kite Foil K-Foil alu + foil board 160 x 52 by SROKA Company","og_description":"Das Kite-Paket foil mit dem besten Preis-Leistungs-Verh\u00e4ltnis, mit dem K-Foil SROKA, der als DIE Kite-Referenz anerkannt ist foil und dem 5'2 foil Hybridboard Surf \/ Kite.","og_url":"https:\/\/srokacompany.com\/de\/produkt\/kite-pack-foil-k-foil-aluminium-zwei-saetze-fluegel-board-160-x-52\/","og_site_name":"SROKA Company","article_publisher":"https:\/\/www.facebook.com\/srokawatersports\/","article_modified_time":"2025-11-21T16:09:04+00:00","og_image":[{"width":780,"height":1040,"url":"https:\/\/srokacompany.com\/wp-content\/uploads\/2020\/12\/pack-aluminium-deux-jeux-dailettes-kite-foil-1.jpg","type":"image\/jpeg"}],"twitter_misc":{"Gesch\u00e4tzte Lesezeit":"1\u00a0Minute"},"schema":{"@context":"https:\/\/schema.org","@graph":[{"@type":"WebPage","@id":"https:\/\/srokacompany.com\/de\/produkt\/kite-pack-foil-k-foil-aluminium-zwei-saetze-fluegel-board-160-x-52\/","url":"https:\/\/srokacompany.com\/de\/produkt\/kite-pack-foil-k-foil-aluminium-zwei-saetze-fluegel-board-160-x-52\/","name":"Pack Kite Foil K-Foil alu + foil board 160 x 52 by SROKA Company","isPartOf":{"@id":"https:\/\/srokacompany.com\/de\/#website"},"primaryImageOfPage":{"@id":"https:\/\/srokacompany.com\/de\/produkt\/kite-pack-foil-k-foil-aluminium-zwei-saetze-fluegel-board-160-x-52\/#primaryimage"},"image":{"@id":"https:\/\/srokacompany.com\/de\/produkt\/kite-pack-foil-k-foil-aluminium-zwei-saetze-fluegel-board-160-x-52\/#primaryimage"},"thumbnailUrl":"https:\/\/srokacompany.com\/wp-content\/uploads\/2020\/12\/pack-aluminium-deux-jeux-dailettes-kite-foil-1.jpg","datePublished":"2019-07-31T09:38:04+00:00","dateModified":"2025-11-21T16:09:04+00:00","description":"Das Kite-Paket foil mit dem besten Preis-Leistungs-Verh\u00e4ltnis, mit dem K-Foil SROKA, der als DIE Kite-Referenz anerkannt ist foil und dem 5'2 foil Hybridboard Surf \/ Kite.","breadcrumb":{"@id":"https:\/\/srokacompany.com\/de\/produkt\/kite-pack-foil-k-foil-aluminium-zwei-saetze-fluegel-board-160-x-52\/#breadcrumb"},"inLanguage":"de","potentialAction":[{"@type":"ReadAction","target":["https:\/\/srokacompany.com\/de\/produkt\/kite-pack-foil-k-foil-aluminium-zwei-saetze-fluegel-board-160-x-52\/"]}]},{"@type":"ImageObject","inLanguage":"de","@id":"https:\/\/srokacompany.com\/de\/produkt\/kite-pack-foil-k-foil-aluminium-zwei-saetze-fluegel-board-160-x-52\/#primaryimage","url":"https:\/\/srokacompany.com\/wp-content\/uploads\/2020\/12\/pack-aluminium-deux-jeux-dailettes-kite-foil-1.jpg","contentUrl":"https:\/\/srokacompany.com\/wp-content\/uploads\/2020\/12\/pack-aluminium-deux-jeux-dailettes-kite-foil-1.jpg","width":780,"height":1040,"caption":"Pack kite foil"},{"@type":"BreadcrumbList","@id":"https:\/\/srokacompany.com\/de\/produkt\/kite-pack-foil-k-foil-aluminium-zwei-saetze-fluegel-board-160-x-52\/#breadcrumb","itemListElement":[{"@type":"ListItem","position":1,"name":"Accueil","item":"https:\/\/srokacompany.com\/de\/"},{"@type":"ListItem","position":2,"name":"Laden","item":"https:\/\/srokacompany.com\/laden\/"},{"@type":"ListItem","position":3,"name":"Kite Pack Foil K-Foil Aluminium + Zwei S\u00e4tze Fl\u00fcgel + Board 160 x 52"}]},{"@type":"WebSite","@id":"https:\/\/srokacompany.com\/de\/#website","url":"https:\/\/srokacompany.com\/de\/","name":"SROKA Company","description":"SUP, Kite, Foil, Wing","publisher":{"@id":"https:\/\/srokacompany.com\/de\/#organization"},"potentialAction":[{"@type":"SearchAction","target":{"@type":"EntryPoint","urlTemplate":"https:\/\/srokacompany.com\/de\/?s={search_term_string}"},"query-input":{"@type":"PropertyValueSpecification","valueRequired":true,"valueName":"search_term_string"}}],"inLanguage":"de"},{"@type":"Organization","@id":"https:\/\/srokacompany.com\/de\/#organization","name":"SROKACOMPANY","alternateName":"SROKA","url":"https:\/\/srokacompany.com\/de\/","logo":{"@type":"ImageObject","inLanguage":"de","@id":"https:\/\/srokacompany.com\/de\/#\/schema\/logo\/image\/","url":"https:\/\/srokacompany.com\/wp-content\/uploads\/2021\/01\/logo-sroka-black-transpa.png","contentUrl":"https:\/\/srokacompany.com\/wp-content\/uploads\/2021\/01\/logo-sroka-black-transpa.png","width":1201,"height":342,"caption":"SROKACOMPANY"},"image":{"@id":"https:\/\/srokacompany.com\/de\/#\/schema\/logo\/image\/"},"sameAs":["https:\/\/www.facebook.com\/srokawatersports\/","https:\/\/www.instagram.com\/srokawatersports\/","https:\/\/www.youtube.com\/channel\/UCVLHHeaPIm-J5bdEUgxqtZA"]}]}},"uagb_featured_image_src":{"full":["https:\/\/srokacompany.com\/wp-content\/uploads\/2020\/12\/pack-aluminium-deux-jeux-dailettes-kite-foil-1.jpg",780,1040,false],"thumbnail":["https:\/\/srokacompany.com\/wp-content\/uploads\/2020\/12\/pack-aluminium-deux-jeux-dailettes-kite-foil-1-150x150.jpg",150,150,true],"medium":["https:\/\/srokacompany.com\/wp-content\/uploads\/2020\/12\/pack-aluminium-deux-jeux-dailettes-kite-foil-1-225x300.jpg",225,300,true],"medium_large":["https:\/\/srokacompany.com\/wp-content\/uploads\/2020\/12\/pack-aluminium-deux-jeux-dailettes-kite-foil-1-768x1024.jpg",768,1024,true],"large":["https:\/\/srokacompany.com\/wp-content\/uploads\/2020\/12\/pack-aluminium-deux-jeux-dailettes-kite-foil-1-768x1024.jpg",768,1024,true],"1536x1536":["https:\/\/srokacompany.com\/wp-content\/uploads\/2020\/12\/pack-aluminium-deux-jeux-dailettes-kite-foil-1.jpg",780,1040,false],"2048x2048":["https:\/\/srokacompany.com\/wp-content\/uploads\/2020\/12\/pack-aluminium-deux-jeux-dailettes-kite-foil-1.jpg",780,1040,false],"woocommerce_thumbnail":["https:\/\/srokacompany.com\/wp-content\/uploads\/2020\/12\/pack-aluminium-deux-jeux-dailettes-kite-foil-1-600x800.jpg",600,800,true],"woocommerce_single":["https:\/\/srokacompany.com\/wp-content\/uploads\/2020\/12\/pack-aluminium-deux-jeux-dailettes-kite-foil-1-600x800.jpg",600,800,true],"woocommerce_gallery_thumbnail":["https:\/\/srokacompany.com\/wp-content\/uploads\/2020\/12\/pack-aluminium-deux-jeux-dailettes-kite-foil-1-100x100.jpg",100,100,true],"dgwt-wcas-product-suggestion":["https:\/\/srokacompany.com\/wp-content\/uploads\/2020\/12\/pack-aluminium-deux-jeux-dailettes-kite-foil-1.jpg",64,85,false]},"uagb_author_info":{"display_name":"","author_link":"https:\/\/srokacompany.com\/de\/blog\/author\/"},"uagb_comment_info":0,"uagb_excerpt":"Pack Kite Foil and kite board Das ideale und hyper zug\u00e4ngliche Kite Foil Pack mit dem Aluminium K-Foil und dem 160x52 Kite \/ Surf Hybrid Foil Board von SROKA Company. Unsere Aluminium-K-Folie ist im Laufe der Zeit skalierbar, alle Teile sind modifizierbar und austauschbar. Und im Jahr 2021 bieten wir zur Einf\u00fchrung unseres neuen K950-Finnensets&hellip;","jetpack_sharing_enabled":true,"_links":{"self":[{"href":"https:\/\/srokacompany.com\/de\/wp-json\/wp\/v2\/product\/344981","targetHints":{"allow":["GET"]}}],"collection":[{"href":"https:\/\/srokacompany.com\/de\/wp-json\/wp\/v2\/product"}],"about":[{"href":"https:\/\/srokacompany.com\/de\/wp-json\/wp\/v2\/types\/product"}],"wp:featuredmedia":[{"embeddable":true,"href":"https:\/\/srokacompany.com\/de\/wp-json\/wp\/v2\/media\/344982"}],"wp:attachment":[{"href":"https:\/\/srokacompany.com\/de\/wp-json\/wp\/v2\/media?parent=344981"}],"wp:term":[{"taxonomy":"product_brand","embeddable":true,"href":"https:\/\/srokacompany.com\/de\/wp-json\/wp\/v2\/product_brand?post=344981"},{"taxonomy":"product_cat","embeddable":true,"href":"https:\/\/srokacompany.com\/de\/wp-json\/wp\/v2\/product_cat?post=344981"},{"taxonomy":"product_tag","embeddable":true,"href":"https:\/\/srokacompany.com\/de\/wp-json\/wp\/v2\/product_tag?post=344981"}],"curies":[{"name":"wp","href":"https:\/\/api.w.org\/{rel}","templated":true}]}}