{"id":345030,"date":"2020-03-21T14:27:26","date_gmt":"2020-03-21T12:27:26","guid":{"rendered":"https:\/\/srokacompany.com\/produit\/hueftleash-fuer-wingfoil-guertel-leash\/"},"modified":"2025-11-03T12:06:53","modified_gmt":"2025-11-03T10:06:53","slug":"hueftleash-fuer-wingfoil-guertel-leash","status":"publish","type":"product","link":"https:\/\/srokacompany.com\/de\/produkt\/hueftleash-fuer-wingfoil-guertel-leash\/","title":{"rendered":"H\u00fcftleash f\u00fcr Wingfoil &#8211; G\u00fcrtel-Leash"},"content":{"rendered":"<p>Die Wing Belt Leash foil f\u00fcr Foil ist perfekt f\u00fcr alle folgenden Disziplinen: Downwind Wing Foil , Sup Race und Sup. foil<\/p>\n<hr>\n<h2 class=\"p1\">H\u00fcftleash f\u00fcr Wing foil, Sup foil und Downwind<\/h2>\n<p class=\"p1\">Die Wing Belt Leash foil f\u00fcr Foil ist perfekt f\u00fcr alle folgenden Disziplinen: Downwind Wing Foil , Sup Race und Sup. foil<\/p>\n<p class=\"p1\">Die SROKA H\u00fcftleash wurde entwickelt, um den Luftwiderstand zu verringern.<span class=\"Apple-converted-space\"> <\/span>des leash im Wasser und die F\u00fc\u00dfe frei zu haben, um sich zu bewegen, ohne sich mit den F\u00fc\u00dfen zu verheddern. Du kannst es auch als Wingfoil verwenden, um mit dem Kite in Kontakt zu bleiben und so <span class=\"Apple-converted-space\"> <\/span>die H\u00e4nde frei zu haben und sich bei den Bewegungen des Kites wohler zu f\u00fchlen. Er eignet sich besonders f\u00fcr die gesamte Sky rider-, <a href=\"https:\/\/srokacompany.com\/de\/produkt\/wingboard-foil-aufblasbares-wingboard-sroka-v2\/\">Sroka Air-<\/a> und <a href=\"https:\/\/srokacompany.com\/de\/produkt\/surf-foil-46-fast-flyer\/\">Fast Flyer-Reihe<\/a>. <\/p>\n<p class=\"p1\">Durchmesser: 92 bis 112 cm.<\/p>\n","protected":false},"excerpt":{"rendered":"<p>Die Wing Belt Leash foil f\u00fcr Foil ist perfekt f\u00fcr alle folgenden Disziplinen: Downwind Wing Foil , Sup Race und Sup. foil<\/p>\n","protected":false},"featured_media":345032,"template":"","meta":{"_acf_changed":false,"_uag_custom_page_level_css":""},"product_brand":[],"product_cat":[3569,3493,3453,3464],"product_tag":[],"class_list":{"0":"post-345030","1":"product","2":"type-product","3":"status-publish","4":"has-post-thumbnail","6":"product_cat-downwind-de","7":"product_cat-foil-de","8":"product_cat-wing-foil-de","9":"product_cat-zubehor-wing-foil","10":"product_shipping_class-small-shipping-de","12":"first","13":"instock","14":"sale","15":"taxable","16":"shipping-taxable","17":"purchasable","18":"product-type-simple"},"acf":[],"yoast_head":"<!-- This site is optimized with the Yoast SEO plugin v27.4 - https:\/\/yoast.com\/product\/yoast-seo-wordpress\/ -->\n<title>Wingfoil Leash Belt - H\u00fcftg\u00fcrtel<\/title>\n<meta name=\"description\" content=\"Dieser leash wingoifl, G\u00fcrtel, ist geeignet Wingfoil, SupFoil und Downwind erm\u00f6glicht es, den Luftwiderstand im Wasser des leash zu verringern und erleichtert die Bewegung der F\u00fc\u00dfe.\" \/>\n<meta name=\"robots\" content=\"index, follow, max-snippet:-1, max-image-preview:large, max-video-preview:-1\" \/>\n<link rel=\"canonical\" href=\"https:\/\/srokacompany.com\/de\/produkt\/hueftleash-fuer-wingfoil-guertel-leash\/\" \/>\n<meta property=\"og:locale\" content=\"de_DE\" \/>\n<meta property=\"og:type\" content=\"article\" \/>\n<meta property=\"og:title\" content=\"Wingfoil Leash Belt - H\u00fcftg\u00fcrtel\" \/>\n<meta property=\"og:description\" content=\"Dieser leash wingoifl, G\u00fcrtel, ist geeignet Wingfoil, SupFoil und Downwind erm\u00f6glicht es, den Luftwiderstand im Wasser des leash zu verringern und erleichtert die Bewegung der F\u00fc\u00dfe.\" \/>\n<meta property=\"og:url\" content=\"https:\/\/srokacompany.com\/de\/produkt\/hueftleash-fuer-wingfoil-guertel-leash\/\" \/>\n<meta property=\"og:site_name\" content=\"SROKA Company\" \/>\n<meta property=\"article:publisher\" content=\"https:\/\/www.facebook.com\/srokawatersports\/\" \/>\n<meta property=\"article:modified_time\" content=\"2025-11-03T10:06:53+00:00\" \/>\n<meta property=\"og:image\" content=\"https:\/\/srokacompany.com\/wp-content\/uploads\/2020\/03\/leash-de-hanche-Wing-foil.jpg\" \/>\n\t<meta property=\"og:image:width\" content=\"417\" \/>\n\t<meta property=\"og:image:height\" content=\"417\" \/>\n\t<meta property=\"og:image:type\" content=\"image\/jpeg\" \/>\n<meta name=\"twitter:label1\" content=\"Gesch\u00e4tzte Lesezeit\" \/>\n\t<meta name=\"twitter:data1\" content=\"1\u00a0Minute\" \/>\n<script type=\"application\/ld+json\" class=\"yoast-schema-graph\">{\"@context\":\"https:\\\/\\\/schema.org\",\"@graph\":[{\"@type\":\"WebPage\",\"@id\":\"https:\\\/\\\/srokacompany.com\\\/de\\\/produkt\\\/hueftleash-fuer-wingfoil-guertel-leash\\\/\",\"url\":\"https:\\\/\\\/srokacompany.com\\\/de\\\/produkt\\\/hueftleash-fuer-wingfoil-guertel-leash\\\/\",\"name\":\"Wingfoil Leash Belt - H\u00fcftg\u00fcrtel\",\"isPartOf\":{\"@id\":\"https:\\\/\\\/srokacompany.com\\\/de\\\/#website\"},\"primaryImageOfPage\":{\"@id\":\"https:\\\/\\\/srokacompany.com\\\/de\\\/produkt\\\/hueftleash-fuer-wingfoil-guertel-leash\\\/#primaryimage\"},\"image\":{\"@id\":\"https:\\\/\\\/srokacompany.com\\\/de\\\/produkt\\\/hueftleash-fuer-wingfoil-guertel-leash\\\/#primaryimage\"},\"thumbnailUrl\":\"https:\\\/\\\/srokacompany.com\\\/wp-content\\\/uploads\\\/2020\\\/03\\\/leash-de-hanche-Wing-foil.jpg\",\"datePublished\":\"2020-03-21T12:27:26+00:00\",\"dateModified\":\"2025-11-03T10:06:53+00:00\",\"description\":\"Dieser leash wingoifl, G\u00fcrtel, ist geeignet Wingfoil, SupFoil und Downwind erm\u00f6glicht es, den Luftwiderstand im Wasser des leash zu verringern und erleichtert die Bewegung der F\u00fc\u00dfe.\",\"breadcrumb\":{\"@id\":\"https:\\\/\\\/srokacompany.com\\\/de\\\/produkt\\\/hueftleash-fuer-wingfoil-guertel-leash\\\/#breadcrumb\"},\"inLanguage\":\"de\",\"potentialAction\":[{\"@type\":\"ReadAction\",\"target\":[\"https:\\\/\\\/srokacompany.com\\\/de\\\/produkt\\\/hueftleash-fuer-wingfoil-guertel-leash\\\/\"]}]},{\"@type\":\"ImageObject\",\"inLanguage\":\"de\",\"@id\":\"https:\\\/\\\/srokacompany.com\\\/de\\\/produkt\\\/hueftleash-fuer-wingfoil-guertel-leash\\\/#primaryimage\",\"url\":\"https:\\\/\\\/srokacompany.com\\\/wp-content\\\/uploads\\\/2020\\\/03\\\/leash-de-hanche-Wing-foil.jpg\",\"contentUrl\":\"https:\\\/\\\/srokacompany.com\\\/wp-content\\\/uploads\\\/2020\\\/03\\\/leash-de-hanche-Wing-foil.jpg\",\"width\":417,\"height\":417},{\"@type\":\"BreadcrumbList\",\"@id\":\"https:\\\/\\\/srokacompany.com\\\/de\\\/produkt\\\/hueftleash-fuer-wingfoil-guertel-leash\\\/#breadcrumb\",\"itemListElement\":[{\"@type\":\"ListItem\",\"position\":1,\"name\":\"Accueil\",\"item\":\"https:\\\/\\\/srokacompany.com\\\/de\\\/\"},{\"@type\":\"ListItem\",\"position\":2,\"name\":\"Laden\",\"item\":\"https:\\\/\\\/srokacompany.com\\\/laden\\\/\"},{\"@type\":\"ListItem\",\"position\":3,\"name\":\"H\u00fcftleash f\u00fcr Wingfoil &#8211; G\u00fcrtel-Leash\"}]},{\"@type\":\"WebSite\",\"@id\":\"https:\\\/\\\/srokacompany.com\\\/de\\\/#website\",\"url\":\"https:\\\/\\\/srokacompany.com\\\/de\\\/\",\"name\":\"SROKA Company\",\"description\":\"SUP, Kite, Foil, Wing\",\"publisher\":{\"@id\":\"https:\\\/\\\/srokacompany.com\\\/de\\\/#organization\"},\"potentialAction\":[{\"@type\":\"SearchAction\",\"target\":{\"@type\":\"EntryPoint\",\"urlTemplate\":\"https:\\\/\\\/srokacompany.com\\\/de\\\/?s={search_term_string}\"},\"query-input\":{\"@type\":\"PropertyValueSpecification\",\"valueRequired\":true,\"valueName\":\"search_term_string\"}}],\"inLanguage\":\"de\"},{\"@type\":\"Organization\",\"@id\":\"https:\\\/\\\/srokacompany.com\\\/de\\\/#organization\",\"name\":\"SROKACOMPANY\",\"alternateName\":\"SROKA\",\"url\":\"https:\\\/\\\/srokacompany.com\\\/de\\\/\",\"logo\":{\"@type\":\"ImageObject\",\"inLanguage\":\"de\",\"@id\":\"https:\\\/\\\/srokacompany.com\\\/de\\\/#\\\/schema\\\/logo\\\/image\\\/\",\"url\":\"https:\\\/\\\/srokacompany.com\\\/wp-content\\\/uploads\\\/2021\\\/01\\\/logo-sroka-black-transpa.png\",\"contentUrl\":\"https:\\\/\\\/srokacompany.com\\\/wp-content\\\/uploads\\\/2021\\\/01\\\/logo-sroka-black-transpa.png\",\"width\":1201,\"height\":342,\"caption\":\"SROKACOMPANY\"},\"image\":{\"@id\":\"https:\\\/\\\/srokacompany.com\\\/de\\\/#\\\/schema\\\/logo\\\/image\\\/\"},\"sameAs\":[\"https:\\\/\\\/www.facebook.com\\\/srokawatersports\\\/\",\"https:\\\/\\\/www.instagram.com\\\/srokawatersports\\\/\",\"https:\\\/\\\/www.youtube.com\\\/channel\\\/UCVLHHeaPIm-J5bdEUgxqtZA\"]}]}<\/script>\n<!-- \/ Yoast SEO plugin. -->","yoast_head_json":{"title":"Wingfoil Leash Belt - H\u00fcftg\u00fcrtel","description":"Dieser leash wingoifl, G\u00fcrtel, ist geeignet Wingfoil, SupFoil und Downwind erm\u00f6glicht es, den Luftwiderstand im Wasser des leash zu verringern und erleichtert die Bewegung der F\u00fc\u00dfe.","robots":{"index":"index","follow":"follow","max-snippet":"max-snippet:-1","max-image-preview":"max-image-preview:large","max-video-preview":"max-video-preview:-1"},"canonical":"https:\/\/srokacompany.com\/de\/produkt\/hueftleash-fuer-wingfoil-guertel-leash\/","og_locale":"de_DE","og_type":"article","og_title":"Wingfoil Leash Belt - H\u00fcftg\u00fcrtel","og_description":"Dieser leash wingoifl, G\u00fcrtel, ist geeignet Wingfoil, SupFoil und Downwind erm\u00f6glicht es, den Luftwiderstand im Wasser des leash zu verringern und erleichtert die Bewegung der F\u00fc\u00dfe.","og_url":"https:\/\/srokacompany.com\/de\/produkt\/hueftleash-fuer-wingfoil-guertel-leash\/","og_site_name":"SROKA Company","article_publisher":"https:\/\/www.facebook.com\/srokawatersports\/","article_modified_time":"2025-11-03T10:06:53+00:00","og_image":[{"width":417,"height":417,"url":"https:\/\/srokacompany.com\/wp-content\/uploads\/2020\/03\/leash-de-hanche-Wing-foil.jpg","type":"image\/jpeg"}],"twitter_misc":{"Gesch\u00e4tzte Lesezeit":"1\u00a0Minute"},"schema":{"@context":"https:\/\/schema.org","@graph":[{"@type":"WebPage","@id":"https:\/\/srokacompany.com\/de\/produkt\/hueftleash-fuer-wingfoil-guertel-leash\/","url":"https:\/\/srokacompany.com\/de\/produkt\/hueftleash-fuer-wingfoil-guertel-leash\/","name":"Wingfoil Leash Belt - H\u00fcftg\u00fcrtel","isPartOf":{"@id":"https:\/\/srokacompany.com\/de\/#website"},"primaryImageOfPage":{"@id":"https:\/\/srokacompany.com\/de\/produkt\/hueftleash-fuer-wingfoil-guertel-leash\/#primaryimage"},"image":{"@id":"https:\/\/srokacompany.com\/de\/produkt\/hueftleash-fuer-wingfoil-guertel-leash\/#primaryimage"},"thumbnailUrl":"https:\/\/srokacompany.com\/wp-content\/uploads\/2020\/03\/leash-de-hanche-Wing-foil.jpg","datePublished":"2020-03-21T12:27:26+00:00","dateModified":"2025-11-03T10:06:53+00:00","description":"Dieser leash wingoifl, G\u00fcrtel, ist geeignet Wingfoil, SupFoil und Downwind erm\u00f6glicht es, den Luftwiderstand im Wasser des leash zu verringern und erleichtert die Bewegung der F\u00fc\u00dfe.","breadcrumb":{"@id":"https:\/\/srokacompany.com\/de\/produkt\/hueftleash-fuer-wingfoil-guertel-leash\/#breadcrumb"},"inLanguage":"de","potentialAction":[{"@type":"ReadAction","target":["https:\/\/srokacompany.com\/de\/produkt\/hueftleash-fuer-wingfoil-guertel-leash\/"]}]},{"@type":"ImageObject","inLanguage":"de","@id":"https:\/\/srokacompany.com\/de\/produkt\/hueftleash-fuer-wingfoil-guertel-leash\/#primaryimage","url":"https:\/\/srokacompany.com\/wp-content\/uploads\/2020\/03\/leash-de-hanche-Wing-foil.jpg","contentUrl":"https:\/\/srokacompany.com\/wp-content\/uploads\/2020\/03\/leash-de-hanche-Wing-foil.jpg","width":417,"height":417},{"@type":"BreadcrumbList","@id":"https:\/\/srokacompany.com\/de\/produkt\/hueftleash-fuer-wingfoil-guertel-leash\/#breadcrumb","itemListElement":[{"@type":"ListItem","position":1,"name":"Accueil","item":"https:\/\/srokacompany.com\/de\/"},{"@type":"ListItem","position":2,"name":"Laden","item":"https:\/\/srokacompany.com\/laden\/"},{"@type":"ListItem","position":3,"name":"H\u00fcftleash f\u00fcr Wingfoil &#8211; G\u00fcrtel-Leash"}]},{"@type":"WebSite","@id":"https:\/\/srokacompany.com\/de\/#website","url":"https:\/\/srokacompany.com\/de\/","name":"SROKA Company","description":"SUP, Kite, Foil, Wing","publisher":{"@id":"https:\/\/srokacompany.com\/de\/#organization"},"potentialAction":[{"@type":"SearchAction","target":{"@type":"EntryPoint","urlTemplate":"https:\/\/srokacompany.com\/de\/?s={search_term_string}"},"query-input":{"@type":"PropertyValueSpecification","valueRequired":true,"valueName":"search_term_string"}}],"inLanguage":"de"},{"@type":"Organization","@id":"https:\/\/srokacompany.com\/de\/#organization","name":"SROKACOMPANY","alternateName":"SROKA","url":"https:\/\/srokacompany.com\/de\/","logo":{"@type":"ImageObject","inLanguage":"de","@id":"https:\/\/srokacompany.com\/de\/#\/schema\/logo\/image\/","url":"https:\/\/srokacompany.com\/wp-content\/uploads\/2021\/01\/logo-sroka-black-transpa.png","contentUrl":"https:\/\/srokacompany.com\/wp-content\/uploads\/2021\/01\/logo-sroka-black-transpa.png","width":1201,"height":342,"caption":"SROKACOMPANY"},"image":{"@id":"https:\/\/srokacompany.com\/de\/#\/schema\/logo\/image\/"},"sameAs":["https:\/\/www.facebook.com\/srokawatersports\/","https:\/\/www.instagram.com\/srokawatersports\/","https:\/\/www.youtube.com\/channel\/UCVLHHeaPIm-J5bdEUgxqtZA"]}]}},"uagb_featured_image_src":{"full":["https:\/\/srokacompany.com\/wp-content\/uploads\/2020\/03\/leash-de-hanche-Wing-foil.jpg",417,417,false],"thumbnail":["https:\/\/srokacompany.com\/wp-content\/uploads\/2020\/03\/leash-de-hanche-Wing-foil-150x150.jpg",150,150,true],"medium":["https:\/\/srokacompany.com\/wp-content\/uploads\/2020\/03\/leash-de-hanche-Wing-foil-300x300.jpg",300,300,true],"medium_large":["https:\/\/srokacompany.com\/wp-content\/uploads\/2020\/03\/leash-de-hanche-Wing-foil.jpg",417,417,false],"large":["https:\/\/srokacompany.com\/wp-content\/uploads\/2020\/03\/leash-de-hanche-Wing-foil.jpg",417,417,false],"1536x1536":["https:\/\/srokacompany.com\/wp-content\/uploads\/2020\/03\/leash-de-hanche-Wing-foil.jpg",417,417,false],"2048x2048":["https:\/\/srokacompany.com\/wp-content\/uploads\/2020\/03\/leash-de-hanche-Wing-foil.jpg",417,417,false],"woocommerce_thumbnail":["https:\/\/srokacompany.com\/wp-content\/uploads\/2020\/03\/leash-de-hanche-Wing-foil.jpg",417,417,false],"woocommerce_single":["https:\/\/srokacompany.com\/wp-content\/uploads\/2020\/03\/leash-de-hanche-Wing-foil.jpg",417,417,false],"woocommerce_gallery_thumbnail":["https:\/\/srokacompany.com\/wp-content\/uploads\/2020\/03\/leash-de-hanche-Wing-foil-100x100.jpg",100,100,true],"dgwt-wcas-product-suggestion":["https:\/\/srokacompany.com\/wp-content\/uploads\/2020\/03\/leash-de-hanche-Wing-foil.jpg",64,64,false]},"uagb_author_info":{"display_name":"Bruno Sroka","author_link":"https:\/\/srokacompany.com\/de\/blog\/author\/"},"uagb_comment_info":0,"uagb_excerpt":"Die Wing Belt Leash foil f\u00fcr Foil ist perfekt f\u00fcr alle folgenden Disziplinen: Downwind Wing Foil , Sup Race und Sup. foil","jetpack_sharing_enabled":true,"_links":{"self":[{"href":"https:\/\/srokacompany.com\/de\/wp-json\/wp\/v2\/product\/345030","targetHints":{"allow":["GET"]}}],"collection":[{"href":"https:\/\/srokacompany.com\/de\/wp-json\/wp\/v2\/product"}],"about":[{"href":"https:\/\/srokacompany.com\/de\/wp-json\/wp\/v2\/types\/product"}],"wp:featuredmedia":[{"embeddable":true,"href":"https:\/\/srokacompany.com\/de\/wp-json\/wp\/v2\/media\/345032"}],"wp:attachment":[{"href":"https:\/\/srokacompany.com\/de\/wp-json\/wp\/v2\/media?parent=345030"}],"wp:term":[{"taxonomy":"product_brand","embeddable":true,"href":"https:\/\/srokacompany.com\/de\/wp-json\/wp\/v2\/product_brand?post=345030"},{"taxonomy":"product_cat","embeddable":true,"href":"https:\/\/srokacompany.com\/de\/wp-json\/wp\/v2\/product_cat?post=345030"},{"taxonomy":"product_tag","embeddable":true,"href":"https:\/\/srokacompany.com\/de\/wp-json\/wp\/v2\/product_tag?post=345030"}],"curies":[{"name":"wp","href":"https:\/\/api.w.org\/{rel}","templated":true}]}}