{"id":345116,"date":"2020-07-15T15:08:46","date_gmt":"2020-07-15T13:08:46","guid":{"rendered":"https:\/\/srokacompany.com\/produit\/pack-wing-foil-surf-foil-46-fast-flyer\/"},"modified":"2025-12-18T12:58:38","modified_gmt":"2025-12-18T10:58:38","slug":"pack-wing-foil-surf-foil-46-fast-flyer","status":"publish","type":"product","link":"https:\/\/srokacompany.com\/de\/produkt\/pack-wing-foil-surf-foil-46-fast-flyer\/","title":{"rendered":"Pack Wing foil \/ Surf foil 4&#8217;6 Fast Flyer"},"content":{"rendered":"<hr>\n<h2>Pack Wing foil performance Fast Flyer<strong> 4&#8217;6 + S-Foil + Wing Sroka 2024 (Sroka Wing V4) 5m<\/strong><\/h2>\n<p style=\"text-align: justify;\">Sie sind ein erfahrener Rider in<strong> Wing<\/strong>Du bist ein Freestyler und m\u00f6chtest das ganze Gef\u00fchl, das der Sport mit sich bringt, auf dich \u00fcbertragen. Du willst jumpen, performen, kompromisslose Kurven in deine Surfbretter ziehen und deine sch\u00f6nsten Freestyle-Tricks auf flacher Strecke abfeuern. <strong>Das Wingfoil Performance Pack 4&#8217;6 Fast Flyer<\/strong> ist genau das Richtige f\u00fcr dich. <\/p>\n<p style=\"text-align: justify;\">Achtung; dieses Paket erfordert <a href=\"https:\/\/srokacompany.com\/de\/blog\/wingfoil-so-gelingt-der-wasserstart\/\">die Beherrschung der Verwendung des Wasserstarts im Wing foil<\/a>.<\/p>\n<p><a href=\"https:\/\/srokacompany.com\/de\/blog\/pack-wing-foil-sroka-unsere-tipps\/\">Finden Sie das richtige Paket Wing Foil <\/a><\/p>\n<blockquote class=\"wp-embedded-content\" data-secret=\"dtd6U5GXNC\"><p><a href=\"https:\/\/srokacompany.com\/de\/technische-daten-der-kites-und-boards-von-foil-sroka\/\">Caract\u00e9ristiques techniques des ailes et planches de foil Sroka<\/a><\/p><\/blockquote>\n<p><iframe loading=\"lazy\" class=\"wp-embedded-content\" sandbox=\"allow-scripts\" security=\"restricted\" style=\"position: absolute; visibility: hidden;\" title=\"&#8222;Caract\u00e9ristiques techniques des ailes et planches de foil Sroka&#8220; &#8212; SROKA Company\" src=\"https:\/\/srokacompany.com\/de\/technische-daten-der-kites-und-boards-von-foil-sroka\/embed\/#?secret=r5a7aw3hah#?secret=dtd6U5GXNC\" data-secret=\"dtd6U5GXNC\" width=\"500\" height=\"282\" frameborder=\"0\" marginwidth=\"0\" marginheight=\"0\" scrolling=\"no\"><\/iframe><\/p>\n","protected":false},"excerpt":{"rendered":"<p>Sie sind ein erfahrener Rider in<strong> Wing<\/strong>Sie sind ein begeisterter Skifahrer und wollen sich das Gef\u00fchl, das dieser Sport vermittelt, zu eigen machen. Du willst jumpen, performen, kompromisslose Kurven in deine Brandung ziehen und deine sch\u00f6nsten Freestyle-Tricks auf flacher Strecke abfeuern. Dann ist <strong>das Wingfoil Performance Pack 4&#8217;6 Fast Flyer<\/strong> genau das Richtige f\u00fcr dich.<\/p>\n","protected":false},"featured_media":345132,"template":"","meta":{"_acf_changed":false,"_uag_custom_page_level_css":""},"product_brand":[],"product_cat":[3493,3671,3453],"product_tag":[3443,3442],"class_list":{"0":"post-345116","1":"product","2":"type-product","3":"status-publish","4":"has-post-thumbnail","6":"product_cat-foil-de","7":"product_cat-pack-wing-foil-ihr-komplettes-set-fur-unvergessliche-erlebnisse","8":"product_cat-wing-foil-de","9":"product_tag-fortgeschrittene","10":"product_tag-schlau","11":"product_shipping_class-wing-pack-komplett-hart","13":"first","14":"instock","15":"taxable","16":"shipping-taxable","17":"purchasable","18":"product-type-woosb"},"acf":[],"yoast_head":"<!-- This site is optimized with the Yoast SEO plugin v27.4 - https:\/\/yoast.com\/product\/yoast-seo-wordpress\/ -->\n<title>Pack Wing Foil Surf Flyer Performance - SROKA Company<\/title>\n<meta name=\"description\" content=\"Komplettes 4&#039;6 Performance Wingfoil Pack. Praktizieren von Wing Foil und Surf Foil mit hoher Leistung: Sprung, Welle, Freestyle, keine Grenzen.\" \/>\n<meta name=\"robots\" content=\"index, follow, max-snippet:-1, max-image-preview:large, max-video-preview:-1\" \/>\n<link rel=\"canonical\" href=\"https:\/\/srokacompany.com\/de\/produkt\/pack-wing-foil-surf-foil-46-fast-flyer\/\" \/>\n<meta property=\"og:locale\" content=\"de_DE\" \/>\n<meta property=\"og:type\" content=\"article\" \/>\n<meta property=\"og:title\" content=\"Pack Wing Foil Surf Flyer Performance - SROKA Company\" \/>\n<meta property=\"og:description\" content=\"Komplettes 4&#039;6 Performance Wingfoil Pack. Praktizieren von Wing Foil und Surf Foil mit hoher Leistung: Sprung, Welle, Freestyle, keine Grenzen.\" \/>\n<meta property=\"og:url\" content=\"https:\/\/srokacompany.com\/de\/produkt\/pack-wing-foil-surf-foil-46-fast-flyer\/\" \/>\n<meta property=\"og:site_name\" content=\"SROKA Company\" \/>\n<meta property=\"article:publisher\" content=\"https:\/\/www.facebook.com\/srokawatersports\/\" \/>\n<meta property=\"article:modified_time\" content=\"2025-12-18T10:58:38+00:00\" \/>\n<meta property=\"og:image\" content=\"https:\/\/srokacompany.com\/wp-content\/uploads\/2020\/07\/pack-fast-flyer-wing.jpg\" \/>\n\t<meta property=\"og:image:width\" content=\"1080\" \/>\n\t<meta property=\"og:image:height\" content=\"1080\" \/>\n\t<meta property=\"og:image:type\" content=\"image\/jpeg\" \/>\n<script type=\"application\/ld+json\" class=\"yoast-schema-graph\">{\"@context\":\"https:\\\/\\\/schema.org\",\"@graph\":[{\"@type\":\"WebPage\",\"@id\":\"https:\\\/\\\/srokacompany.com\\\/de\\\/produkt\\\/pack-wing-foil-surf-foil-46-fast-flyer\\\/\",\"url\":\"https:\\\/\\\/srokacompany.com\\\/de\\\/produkt\\\/pack-wing-foil-surf-foil-46-fast-flyer\\\/\",\"name\":\"Pack Wing Foil Surf Flyer Performance - SROKA Company\",\"isPartOf\":{\"@id\":\"https:\\\/\\\/srokacompany.com\\\/de\\\/#website\"},\"primaryImageOfPage\":{\"@id\":\"https:\\\/\\\/srokacompany.com\\\/de\\\/produkt\\\/pack-wing-foil-surf-foil-46-fast-flyer\\\/#primaryimage\"},\"image\":{\"@id\":\"https:\\\/\\\/srokacompany.com\\\/de\\\/produkt\\\/pack-wing-foil-surf-foil-46-fast-flyer\\\/#primaryimage\"},\"thumbnailUrl\":\"https:\\\/\\\/srokacompany.com\\\/wp-content\\\/uploads\\\/2020\\\/07\\\/pack-fast-flyer-wing.jpg\",\"datePublished\":\"2020-07-15T13:08:46+00:00\",\"dateModified\":\"2025-12-18T10:58:38+00:00\",\"description\":\"Komplettes 4'6 Performance Wingfoil Pack. Praktizieren von Wing Foil und Surf Foil mit hoher Leistung: Sprung, Welle, Freestyle, keine Grenzen.\",\"breadcrumb\":{\"@id\":\"https:\\\/\\\/srokacompany.com\\\/de\\\/produkt\\\/pack-wing-foil-surf-foil-46-fast-flyer\\\/#breadcrumb\"},\"inLanguage\":\"de\",\"potentialAction\":[{\"@type\":\"ReadAction\",\"target\":[\"https:\\\/\\\/srokacompany.com\\\/de\\\/produkt\\\/pack-wing-foil-surf-foil-46-fast-flyer\\\/\"]}]},{\"@type\":\"ImageObject\",\"inLanguage\":\"de\",\"@id\":\"https:\\\/\\\/srokacompany.com\\\/de\\\/produkt\\\/pack-wing-foil-surf-foil-46-fast-flyer\\\/#primaryimage\",\"url\":\"https:\\\/\\\/srokacompany.com\\\/wp-content\\\/uploads\\\/2020\\\/07\\\/pack-fast-flyer-wing.jpg\",\"contentUrl\":\"https:\\\/\\\/srokacompany.com\\\/wp-content\\\/uploads\\\/2020\\\/07\\\/pack-fast-flyer-wing.jpg\",\"width\":1080,\"height\":1080},{\"@type\":\"BreadcrumbList\",\"@id\":\"https:\\\/\\\/srokacompany.com\\\/de\\\/produkt\\\/pack-wing-foil-surf-foil-46-fast-flyer\\\/#breadcrumb\",\"itemListElement\":[{\"@type\":\"ListItem\",\"position\":1,\"name\":\"Accueil\",\"item\":\"https:\\\/\\\/srokacompany.com\\\/de\\\/\"},{\"@type\":\"ListItem\",\"position\":2,\"name\":\"Laden\",\"item\":\"https:\\\/\\\/srokacompany.com\\\/laden\\\/\"},{\"@type\":\"ListItem\",\"position\":3,\"name\":\"Pack Wing foil \\\/ Surf foil 4&rsquo;6 Fast Flyer\"}]},{\"@type\":\"WebSite\",\"@id\":\"https:\\\/\\\/srokacompany.com\\\/de\\\/#website\",\"url\":\"https:\\\/\\\/srokacompany.com\\\/de\\\/\",\"name\":\"SROKA Company\",\"description\":\"SUP, Kite, Foil, Wing\",\"publisher\":{\"@id\":\"https:\\\/\\\/srokacompany.com\\\/de\\\/#organization\"},\"potentialAction\":[{\"@type\":\"SearchAction\",\"target\":{\"@type\":\"EntryPoint\",\"urlTemplate\":\"https:\\\/\\\/srokacompany.com\\\/de\\\/?s={search_term_string}\"},\"query-input\":{\"@type\":\"PropertyValueSpecification\",\"valueRequired\":true,\"valueName\":\"search_term_string\"}}],\"inLanguage\":\"de\"},{\"@type\":\"Organization\",\"@id\":\"https:\\\/\\\/srokacompany.com\\\/de\\\/#organization\",\"name\":\"SROKACOMPANY\",\"alternateName\":\"SROKA\",\"url\":\"https:\\\/\\\/srokacompany.com\\\/de\\\/\",\"logo\":{\"@type\":\"ImageObject\",\"inLanguage\":\"de\",\"@id\":\"https:\\\/\\\/srokacompany.com\\\/de\\\/#\\\/schema\\\/logo\\\/image\\\/\",\"url\":\"https:\\\/\\\/srokacompany.com\\\/wp-content\\\/uploads\\\/2021\\\/01\\\/logo-sroka-black-transpa.png\",\"contentUrl\":\"https:\\\/\\\/srokacompany.com\\\/wp-content\\\/uploads\\\/2021\\\/01\\\/logo-sroka-black-transpa.png\",\"width\":1201,\"height\":342,\"caption\":\"SROKACOMPANY\"},\"image\":{\"@id\":\"https:\\\/\\\/srokacompany.com\\\/de\\\/#\\\/schema\\\/logo\\\/image\\\/\"},\"sameAs\":[\"https:\\\/\\\/www.facebook.com\\\/srokawatersports\\\/\",\"https:\\\/\\\/www.instagram.com\\\/srokawatersports\\\/\",\"https:\\\/\\\/www.youtube.com\\\/channel\\\/UCVLHHeaPIm-J5bdEUgxqtZA\"]}]}<\/script>\n<!-- \/ Yoast SEO plugin. -->","yoast_head_json":{"title":"Pack Wing Foil Surf Flyer Performance - SROKA Company","description":"Komplettes 4'6 Performance Wingfoil Pack. Praktizieren von Wing Foil und Surf Foil mit hoher Leistung: Sprung, Welle, Freestyle, keine Grenzen.","robots":{"index":"index","follow":"follow","max-snippet":"max-snippet:-1","max-image-preview":"max-image-preview:large","max-video-preview":"max-video-preview:-1"},"canonical":"https:\/\/srokacompany.com\/de\/produkt\/pack-wing-foil-surf-foil-46-fast-flyer\/","og_locale":"de_DE","og_type":"article","og_title":"Pack Wing Foil Surf Flyer Performance - SROKA Company","og_description":"Komplettes 4'6 Performance Wingfoil Pack. Praktizieren von Wing Foil und Surf Foil mit hoher Leistung: Sprung, Welle, Freestyle, keine Grenzen.","og_url":"https:\/\/srokacompany.com\/de\/produkt\/pack-wing-foil-surf-foil-46-fast-flyer\/","og_site_name":"SROKA Company","article_publisher":"https:\/\/www.facebook.com\/srokawatersports\/","article_modified_time":"2025-12-18T10:58:38+00:00","og_image":[{"width":1080,"height":1080,"url":"https:\/\/srokacompany.com\/wp-content\/uploads\/2020\/07\/pack-fast-flyer-wing.jpg","type":"image\/jpeg"}],"schema":{"@context":"https:\/\/schema.org","@graph":[{"@type":"WebPage","@id":"https:\/\/srokacompany.com\/de\/produkt\/pack-wing-foil-surf-foil-46-fast-flyer\/","url":"https:\/\/srokacompany.com\/de\/produkt\/pack-wing-foil-surf-foil-46-fast-flyer\/","name":"Pack Wing Foil Surf Flyer Performance - SROKA Company","isPartOf":{"@id":"https:\/\/srokacompany.com\/de\/#website"},"primaryImageOfPage":{"@id":"https:\/\/srokacompany.com\/de\/produkt\/pack-wing-foil-surf-foil-46-fast-flyer\/#primaryimage"},"image":{"@id":"https:\/\/srokacompany.com\/de\/produkt\/pack-wing-foil-surf-foil-46-fast-flyer\/#primaryimage"},"thumbnailUrl":"https:\/\/srokacompany.com\/wp-content\/uploads\/2020\/07\/pack-fast-flyer-wing.jpg","datePublished":"2020-07-15T13:08:46+00:00","dateModified":"2025-12-18T10:58:38+00:00","description":"Komplettes 4'6 Performance Wingfoil Pack. Praktizieren von Wing Foil und Surf Foil mit hoher Leistung: Sprung, Welle, Freestyle, keine Grenzen.","breadcrumb":{"@id":"https:\/\/srokacompany.com\/de\/produkt\/pack-wing-foil-surf-foil-46-fast-flyer\/#breadcrumb"},"inLanguage":"de","potentialAction":[{"@type":"ReadAction","target":["https:\/\/srokacompany.com\/de\/produkt\/pack-wing-foil-surf-foil-46-fast-flyer\/"]}]},{"@type":"ImageObject","inLanguage":"de","@id":"https:\/\/srokacompany.com\/de\/produkt\/pack-wing-foil-surf-foil-46-fast-flyer\/#primaryimage","url":"https:\/\/srokacompany.com\/wp-content\/uploads\/2020\/07\/pack-fast-flyer-wing.jpg","contentUrl":"https:\/\/srokacompany.com\/wp-content\/uploads\/2020\/07\/pack-fast-flyer-wing.jpg","width":1080,"height":1080},{"@type":"BreadcrumbList","@id":"https:\/\/srokacompany.com\/de\/produkt\/pack-wing-foil-surf-foil-46-fast-flyer\/#breadcrumb","itemListElement":[{"@type":"ListItem","position":1,"name":"Accueil","item":"https:\/\/srokacompany.com\/de\/"},{"@type":"ListItem","position":2,"name":"Laden","item":"https:\/\/srokacompany.com\/laden\/"},{"@type":"ListItem","position":3,"name":"Pack Wing foil \/ Surf foil 4&rsquo;6 Fast Flyer"}]},{"@type":"WebSite","@id":"https:\/\/srokacompany.com\/de\/#website","url":"https:\/\/srokacompany.com\/de\/","name":"SROKA Company","description":"SUP, Kite, Foil, Wing","publisher":{"@id":"https:\/\/srokacompany.com\/de\/#organization"},"potentialAction":[{"@type":"SearchAction","target":{"@type":"EntryPoint","urlTemplate":"https:\/\/srokacompany.com\/de\/?s={search_term_string}"},"query-input":{"@type":"PropertyValueSpecification","valueRequired":true,"valueName":"search_term_string"}}],"inLanguage":"de"},{"@type":"Organization","@id":"https:\/\/srokacompany.com\/de\/#organization","name":"SROKACOMPANY","alternateName":"SROKA","url":"https:\/\/srokacompany.com\/de\/","logo":{"@type":"ImageObject","inLanguage":"de","@id":"https:\/\/srokacompany.com\/de\/#\/schema\/logo\/image\/","url":"https:\/\/srokacompany.com\/wp-content\/uploads\/2021\/01\/logo-sroka-black-transpa.png","contentUrl":"https:\/\/srokacompany.com\/wp-content\/uploads\/2021\/01\/logo-sroka-black-transpa.png","width":1201,"height":342,"caption":"SROKACOMPANY"},"image":{"@id":"https:\/\/srokacompany.com\/de\/#\/schema\/logo\/image\/"},"sameAs":["https:\/\/www.facebook.com\/srokawatersports\/","https:\/\/www.instagram.com\/srokawatersports\/","https:\/\/www.youtube.com\/channel\/UCVLHHeaPIm-J5bdEUgxqtZA"]}]}},"uagb_featured_image_src":{"full":["https:\/\/srokacompany.com\/wp-content\/uploads\/2020\/07\/pack-fast-flyer-wing.jpg",1080,1080,false],"thumbnail":["https:\/\/srokacompany.com\/wp-content\/uploads\/2020\/07\/pack-fast-flyer-wing-150x150.jpg",150,150,true],"medium":["https:\/\/srokacompany.com\/wp-content\/uploads\/2020\/07\/pack-fast-flyer-wing-300x300.jpg",300,300,true],"medium_large":["https:\/\/srokacompany.com\/wp-content\/uploads\/2020\/07\/pack-fast-flyer-wing-768x768.jpg",768,768,true],"large":["https:\/\/srokacompany.com\/wp-content\/uploads\/2020\/07\/pack-fast-flyer-wing-1024x1024.jpg",1024,1024,true],"1536x1536":["https:\/\/srokacompany.com\/wp-content\/uploads\/2020\/07\/pack-fast-flyer-wing.jpg",1080,1080,false],"2048x2048":["https:\/\/srokacompany.com\/wp-content\/uploads\/2020\/07\/pack-fast-flyer-wing.jpg",1080,1080,false],"woocommerce_thumbnail":["https:\/\/srokacompany.com\/wp-content\/uploads\/2020\/07\/pack-fast-flyer-wing-600x600.jpg",600,600,true],"woocommerce_single":["https:\/\/srokacompany.com\/wp-content\/uploads\/2020\/07\/pack-fast-flyer-wing-600x600.jpg",600,600,true],"woocommerce_gallery_thumbnail":["https:\/\/srokacompany.com\/wp-content\/uploads\/2020\/07\/pack-fast-flyer-wing-100x100.jpg",100,100,true],"dgwt-wcas-product-suggestion":["https:\/\/srokacompany.com\/wp-content\/uploads\/2020\/07\/pack-fast-flyer-wing.jpg",64,64,false]},"uagb_author_info":{"display_name":"Bruno Sroka","author_link":"https:\/\/srokacompany.com\/de\/blog\/author\/"},"uagb_comment_info":0,"uagb_excerpt":"Sie sind ein erfahrener Rider in WingSie sind ein begeisterter Skifahrer und wollen sich das Gef\u00fchl, das dieser Sport vermittelt, zu eigen machen. Du willst jumpen, performen, kompromisslose Kurven in deine Brandung ziehen und deine sch\u00f6nsten Freestyle-Tricks auf flacher Strecke abfeuern. Dann ist das Wingfoil Performance Pack 4'6 Fast Flyer genau das Richtige f\u00fcr dich.","jetpack_sharing_enabled":true,"_links":{"self":[{"href":"https:\/\/srokacompany.com\/de\/wp-json\/wp\/v2\/product\/345116","targetHints":{"allow":["GET"]}}],"collection":[{"href":"https:\/\/srokacompany.com\/de\/wp-json\/wp\/v2\/product"}],"about":[{"href":"https:\/\/srokacompany.com\/de\/wp-json\/wp\/v2\/types\/product"}],"wp:featuredmedia":[{"embeddable":true,"href":"https:\/\/srokacompany.com\/de\/wp-json\/wp\/v2\/media\/345132"}],"wp:attachment":[{"href":"https:\/\/srokacompany.com\/de\/wp-json\/wp\/v2\/media?parent=345116"}],"wp:term":[{"taxonomy":"product_brand","embeddable":true,"href":"https:\/\/srokacompany.com\/de\/wp-json\/wp\/v2\/product_brand?post=345116"},{"taxonomy":"product_cat","embeddable":true,"href":"https:\/\/srokacompany.com\/de\/wp-json\/wp\/v2\/product_cat?post=345116"},{"taxonomy":"product_tag","embeddable":true,"href":"https:\/\/srokacompany.com\/de\/wp-json\/wp\/v2\/product_tag?post=345116"}],"curies":[{"name":"wp","href":"https:\/\/api.w.org\/{rel}","templated":true}]}}