{"id":345156,"date":"2020-07-13T11:12:05","date_gmt":"2020-07-13T11:12:05","guid":{"rendered":"https:\/\/srokacompany.com\/produit\/surf-pack-foil-fast-flyer-46-s-foil\/"},"modified":"2025-06-26T17:54:16","modified_gmt":"2025-06-26T15:54:16","slug":"surf-pack-foil-fast-flyer-46-s-foil","status":"publish","type":"product","link":"https:\/\/srokacompany.com\/de\/produkt\/surf-pack-foil-fast-flyer-46-s-foil\/","title":{"rendered":"Surf Pack Foil: Fast Flyer 4&#8217;6 + S Foil"},"content":{"rendered":"<hr>\n<h2 style=\"text-align: center;\">Surf Pack Foil komplett &#8222;Fast Flyer&#8220; und &#8222;S-Foil&#8220;.<\/h2>\n<p>Dieser pack surf foil vereint die Vielseitigkeit des <strong>S-Foil<\/strong> und die perfekte Shape-Balance des brandneuen <strong>Fast Flyer<\/strong>, um dir die bestm\u00f6gliche Performance zu bieten. Dieses fahrfertige Set ist perfekt f\u00fcr Fahrer, die sich zu einer effizienteren Praxis des Foilens entwickeln m\u00f6chten, und begleitet den Foiler w\u00e4hrend seiner gesamten Entwicklung. Das &#8222;Fast Flyer&#8220; Pack ist nicht nur ein einfaches Surf Foil Pack. Es ist auch ein Multi-Support-Paket, mit dem Sie neben Surf Foil auch <strong>Wing Foil<\/strong>, <strong>Kite Foil<\/strong> oder <strong>Wake Foil <\/strong>\u00fcben k\u00f6nnen.  <\/p>\n<p>Dieses in der Bretagne hergestellte Board besteht aus einer Full Sandwich Glasfaserkonstruktion. Diese <strong>leichte<\/strong> und vor allem <strong>extrem widerstandsf\u00e4hige<\/strong> <strong>Konstruktion<\/strong> macht das Fast Flyer zu einem sehr <strong>langlebigen<\/strong> Board. Zum Beweis: Unsere \u00e4lteren Modelle wie das 152, die aus derselben Werkstatt stammen, sind immer noch auf dem Wasser &#8230; 7 Jahre sp\u00e4ter.  <\/p>\n","protected":false},"excerpt":{"rendered":"<p>Dieser pack surf foil vereint die Vielseitigkeit des <strong>S-Foil<\/strong> und die perfekte Shape-Balance des brandneuen <strong>Fast Flyer<\/strong>, um dir die bestm\u00f6gliche Performance zu bieten.<\/p>\n","protected":false},"featured_media":345172,"template":"","meta":{"_acf_changed":false,"_uag_custom_page_level_css":""},"product_brand":[],"product_cat":[3493,3471,3770],"product_tag":[],"class_list":{"0":"post-345156","1":"product","2":"type-product","3":"status-publish","4":"has-post-thumbnail","6":"product_cat-foil-de","7":"product_cat-surf-foil-de","8":"product_cat-surf-paket-foil","10":"first","11":"instock","12":"taxable","13":"shipping-taxable","14":"purchasable","15":"product-type-woosb"},"acf":[],"yoast_head":"<!-- This site is optimized with the Yoast SEO plugin v27.4 - https:\/\/yoast.com\/product\/yoast-seo-wordpress\/ -->\n<title>Surf Pack Foil: Fast Flyer 4&#039;6 + S Foil - SROKA Company<\/title>\n<meta name=\"description\" content=\"Komplettes Surfpaket Foil. Ein leistungsstarkes und erschwingliches Paket. Surfen, pumpen oder wing foil expert, das ist die perfekte Kombi.\" \/>\n<meta name=\"robots\" content=\"index, follow, max-snippet:-1, max-image-preview:large, max-video-preview:-1\" \/>\n<link rel=\"canonical\" href=\"https:\/\/srokacompany.com\/de\/produkt\/surf-pack-foil-fast-flyer-46-s-foil\/\" \/>\n<meta property=\"og:locale\" content=\"de_DE\" \/>\n<meta property=\"og:type\" content=\"article\" \/>\n<meta property=\"og:title\" content=\"Surf Pack Foil: Fast Flyer 4&#039;6 + S Foil - SROKA Company\" \/>\n<meta property=\"og:description\" content=\"Komplettes Surfpaket Foil. Ein leistungsstarkes und erschwingliches Paket. Surfen, pumpen oder wing foil expert, das ist die perfekte Kombi.\" \/>\n<meta property=\"og:url\" content=\"https:\/\/srokacompany.com\/de\/produkt\/surf-pack-foil-fast-flyer-46-s-foil\/\" \/>\n<meta property=\"og:site_name\" content=\"SROKA Company\" \/>\n<meta property=\"article:publisher\" content=\"https:\/\/www.facebook.com\/srokawatersports\/\" \/>\n<meta property=\"article:modified_time\" content=\"2025-06-26T15:54:16+00:00\" \/>\n<meta property=\"og:image\" content=\"https:\/\/srokacompany.com\/wp-content\/uploads\/2020\/07\/PAck-surf-foil-fast-flyer-1.png\" \/>\n\t<meta property=\"og:image:width\" content=\"740\" \/>\n\t<meta property=\"og:image:height\" content=\"1080\" \/>\n\t<meta property=\"og:image:type\" content=\"image\/png\" \/>\n<meta name=\"twitter:label1\" content=\"Gesch\u00e4tzte Lesezeit\" \/>\n\t<meta name=\"twitter:data1\" content=\"1\u00a0Minute\" \/>\n<script type=\"application\/ld+json\" class=\"yoast-schema-graph\">{\"@context\":\"https:\\\/\\\/schema.org\",\"@graph\":[{\"@type\":\"WebPage\",\"@id\":\"https:\\\/\\\/srokacompany.com\\\/de\\\/produkt\\\/surf-pack-foil-fast-flyer-46-s-foil\\\/\",\"url\":\"https:\\\/\\\/srokacompany.com\\\/de\\\/produkt\\\/surf-pack-foil-fast-flyer-46-s-foil\\\/\",\"name\":\"Surf Pack Foil: Fast Flyer 4'6 + S Foil - SROKA Company\",\"isPartOf\":{\"@id\":\"https:\\\/\\\/srokacompany.com\\\/de\\\/#website\"},\"primaryImageOfPage\":{\"@id\":\"https:\\\/\\\/srokacompany.com\\\/de\\\/produkt\\\/surf-pack-foil-fast-flyer-46-s-foil\\\/#primaryimage\"},\"image\":{\"@id\":\"https:\\\/\\\/srokacompany.com\\\/de\\\/produkt\\\/surf-pack-foil-fast-flyer-46-s-foil\\\/#primaryimage\"},\"thumbnailUrl\":\"https:\\\/\\\/srokacompany.com\\\/wp-content\\\/uploads\\\/2020\\\/07\\\/PAck-surf-foil-fast-flyer-1.png\",\"datePublished\":\"2020-07-13T11:12:05+00:00\",\"dateModified\":\"2025-06-26T15:54:16+00:00\",\"description\":\"Komplettes Surfpaket Foil. Ein leistungsstarkes und erschwingliches Paket. Surfen, pumpen oder wing foil expert, das ist die perfekte Kombi.\",\"breadcrumb\":{\"@id\":\"https:\\\/\\\/srokacompany.com\\\/de\\\/produkt\\\/surf-pack-foil-fast-flyer-46-s-foil\\\/#breadcrumb\"},\"inLanguage\":\"de\",\"potentialAction\":[{\"@type\":\"ReadAction\",\"target\":[\"https:\\\/\\\/srokacompany.com\\\/de\\\/produkt\\\/surf-pack-foil-fast-flyer-46-s-foil\\\/\"]}]},{\"@type\":\"ImageObject\",\"inLanguage\":\"de\",\"@id\":\"https:\\\/\\\/srokacompany.com\\\/de\\\/produkt\\\/surf-pack-foil-fast-flyer-46-s-foil\\\/#primaryimage\",\"url\":\"https:\\\/\\\/srokacompany.com\\\/wp-content\\\/uploads\\\/2020\\\/07\\\/PAck-surf-foil-fast-flyer-1.png\",\"contentUrl\":\"https:\\\/\\\/srokacompany.com\\\/wp-content\\\/uploads\\\/2020\\\/07\\\/PAck-surf-foil-fast-flyer-1.png\",\"width\":740,\"height\":1080,\"caption\":\"Surf Pack foil fast flyer SROKA\"},{\"@type\":\"BreadcrumbList\",\"@id\":\"https:\\\/\\\/srokacompany.com\\\/de\\\/produkt\\\/surf-pack-foil-fast-flyer-46-s-foil\\\/#breadcrumb\",\"itemListElement\":[{\"@type\":\"ListItem\",\"position\":1,\"name\":\"Accueil\",\"item\":\"https:\\\/\\\/srokacompany.com\\\/de\\\/\"},{\"@type\":\"ListItem\",\"position\":2,\"name\":\"Laden\",\"item\":\"https:\\\/\\\/srokacompany.com\\\/laden\\\/\"},{\"@type\":\"ListItem\",\"position\":3,\"name\":\"Surf Pack Foil: Fast Flyer 4&#8217;6 + S Foil\"}]},{\"@type\":\"WebSite\",\"@id\":\"https:\\\/\\\/srokacompany.com\\\/de\\\/#website\",\"url\":\"https:\\\/\\\/srokacompany.com\\\/de\\\/\",\"name\":\"SROKA Company\",\"description\":\"SUP, Kite, Foil, Wing\",\"publisher\":{\"@id\":\"https:\\\/\\\/srokacompany.com\\\/de\\\/#organization\"},\"potentialAction\":[{\"@type\":\"SearchAction\",\"target\":{\"@type\":\"EntryPoint\",\"urlTemplate\":\"https:\\\/\\\/srokacompany.com\\\/de\\\/?s={search_term_string}\"},\"query-input\":{\"@type\":\"PropertyValueSpecification\",\"valueRequired\":true,\"valueName\":\"search_term_string\"}}],\"inLanguage\":\"de\"},{\"@type\":\"Organization\",\"@id\":\"https:\\\/\\\/srokacompany.com\\\/de\\\/#organization\",\"name\":\"SROKACOMPANY\",\"alternateName\":\"SROKA\",\"url\":\"https:\\\/\\\/srokacompany.com\\\/de\\\/\",\"logo\":{\"@type\":\"ImageObject\",\"inLanguage\":\"de\",\"@id\":\"https:\\\/\\\/srokacompany.com\\\/de\\\/#\\\/schema\\\/logo\\\/image\\\/\",\"url\":\"https:\\\/\\\/srokacompany.com\\\/wp-content\\\/uploads\\\/2021\\\/01\\\/logo-sroka-black-transpa.png\",\"contentUrl\":\"https:\\\/\\\/srokacompany.com\\\/wp-content\\\/uploads\\\/2021\\\/01\\\/logo-sroka-black-transpa.png\",\"width\":1201,\"height\":342,\"caption\":\"SROKACOMPANY\"},\"image\":{\"@id\":\"https:\\\/\\\/srokacompany.com\\\/de\\\/#\\\/schema\\\/logo\\\/image\\\/\"},\"sameAs\":[\"https:\\\/\\\/www.facebook.com\\\/srokawatersports\\\/\",\"https:\\\/\\\/www.instagram.com\\\/srokawatersports\\\/\",\"https:\\\/\\\/www.youtube.com\\\/channel\\\/UCVLHHeaPIm-J5bdEUgxqtZA\"]}]}<\/script>\n<!-- \/ Yoast SEO plugin. -->","yoast_head_json":{"title":"Surf Pack Foil: Fast Flyer 4'6 + S Foil - SROKA Company","description":"Komplettes Surfpaket Foil. Ein leistungsstarkes und erschwingliches Paket. Surfen, pumpen oder wing foil expert, das ist die perfekte Kombi.","robots":{"index":"index","follow":"follow","max-snippet":"max-snippet:-1","max-image-preview":"max-image-preview:large","max-video-preview":"max-video-preview:-1"},"canonical":"https:\/\/srokacompany.com\/de\/produkt\/surf-pack-foil-fast-flyer-46-s-foil\/","og_locale":"de_DE","og_type":"article","og_title":"Surf Pack Foil: Fast Flyer 4'6 + S Foil - SROKA Company","og_description":"Komplettes Surfpaket Foil. Ein leistungsstarkes und erschwingliches Paket. Surfen, pumpen oder wing foil expert, das ist die perfekte Kombi.","og_url":"https:\/\/srokacompany.com\/de\/produkt\/surf-pack-foil-fast-flyer-46-s-foil\/","og_site_name":"SROKA Company","article_publisher":"https:\/\/www.facebook.com\/srokawatersports\/","article_modified_time":"2025-06-26T15:54:16+00:00","og_image":[{"width":740,"height":1080,"url":"https:\/\/srokacompany.com\/wp-content\/uploads\/2020\/07\/PAck-surf-foil-fast-flyer-1.png","type":"image\/png"}],"twitter_misc":{"Gesch\u00e4tzte Lesezeit":"1\u00a0Minute"},"schema":{"@context":"https:\/\/schema.org","@graph":[{"@type":"WebPage","@id":"https:\/\/srokacompany.com\/de\/produkt\/surf-pack-foil-fast-flyer-46-s-foil\/","url":"https:\/\/srokacompany.com\/de\/produkt\/surf-pack-foil-fast-flyer-46-s-foil\/","name":"Surf Pack Foil: Fast Flyer 4'6 + S Foil - SROKA Company","isPartOf":{"@id":"https:\/\/srokacompany.com\/de\/#website"},"primaryImageOfPage":{"@id":"https:\/\/srokacompany.com\/de\/produkt\/surf-pack-foil-fast-flyer-46-s-foil\/#primaryimage"},"image":{"@id":"https:\/\/srokacompany.com\/de\/produkt\/surf-pack-foil-fast-flyer-46-s-foil\/#primaryimage"},"thumbnailUrl":"https:\/\/srokacompany.com\/wp-content\/uploads\/2020\/07\/PAck-surf-foil-fast-flyer-1.png","datePublished":"2020-07-13T11:12:05+00:00","dateModified":"2025-06-26T15:54:16+00:00","description":"Komplettes Surfpaket Foil. Ein leistungsstarkes und erschwingliches Paket. Surfen, pumpen oder wing foil expert, das ist die perfekte Kombi.","breadcrumb":{"@id":"https:\/\/srokacompany.com\/de\/produkt\/surf-pack-foil-fast-flyer-46-s-foil\/#breadcrumb"},"inLanguage":"de","potentialAction":[{"@type":"ReadAction","target":["https:\/\/srokacompany.com\/de\/produkt\/surf-pack-foil-fast-flyer-46-s-foil\/"]}]},{"@type":"ImageObject","inLanguage":"de","@id":"https:\/\/srokacompany.com\/de\/produkt\/surf-pack-foil-fast-flyer-46-s-foil\/#primaryimage","url":"https:\/\/srokacompany.com\/wp-content\/uploads\/2020\/07\/PAck-surf-foil-fast-flyer-1.png","contentUrl":"https:\/\/srokacompany.com\/wp-content\/uploads\/2020\/07\/PAck-surf-foil-fast-flyer-1.png","width":740,"height":1080,"caption":"Surf Pack foil fast flyer SROKA"},{"@type":"BreadcrumbList","@id":"https:\/\/srokacompany.com\/de\/produkt\/surf-pack-foil-fast-flyer-46-s-foil\/#breadcrumb","itemListElement":[{"@type":"ListItem","position":1,"name":"Accueil","item":"https:\/\/srokacompany.com\/de\/"},{"@type":"ListItem","position":2,"name":"Laden","item":"https:\/\/srokacompany.com\/laden\/"},{"@type":"ListItem","position":3,"name":"Surf Pack Foil: Fast Flyer 4&#8217;6 + S Foil"}]},{"@type":"WebSite","@id":"https:\/\/srokacompany.com\/de\/#website","url":"https:\/\/srokacompany.com\/de\/","name":"SROKA Company","description":"SUP, Kite, Foil, Wing","publisher":{"@id":"https:\/\/srokacompany.com\/de\/#organization"},"potentialAction":[{"@type":"SearchAction","target":{"@type":"EntryPoint","urlTemplate":"https:\/\/srokacompany.com\/de\/?s={search_term_string}"},"query-input":{"@type":"PropertyValueSpecification","valueRequired":true,"valueName":"search_term_string"}}],"inLanguage":"de"},{"@type":"Organization","@id":"https:\/\/srokacompany.com\/de\/#organization","name":"SROKACOMPANY","alternateName":"SROKA","url":"https:\/\/srokacompany.com\/de\/","logo":{"@type":"ImageObject","inLanguage":"de","@id":"https:\/\/srokacompany.com\/de\/#\/schema\/logo\/image\/","url":"https:\/\/srokacompany.com\/wp-content\/uploads\/2021\/01\/logo-sroka-black-transpa.png","contentUrl":"https:\/\/srokacompany.com\/wp-content\/uploads\/2021\/01\/logo-sroka-black-transpa.png","width":1201,"height":342,"caption":"SROKACOMPANY"},"image":{"@id":"https:\/\/srokacompany.com\/de\/#\/schema\/logo\/image\/"},"sameAs":["https:\/\/www.facebook.com\/srokawatersports\/","https:\/\/www.instagram.com\/srokawatersports\/","https:\/\/www.youtube.com\/channel\/UCVLHHeaPIm-J5bdEUgxqtZA"]}]}},"uagb_featured_image_src":{"full":["https:\/\/srokacompany.com\/wp-content\/uploads\/2020\/07\/PAck-surf-foil-fast-flyer-1.png",740,1080,false],"thumbnail":["https:\/\/srokacompany.com\/wp-content\/uploads\/2020\/07\/PAck-surf-foil-fast-flyer-1-150x150.png",150,150,true],"medium":["https:\/\/srokacompany.com\/wp-content\/uploads\/2020\/07\/PAck-surf-foil-fast-flyer-1-206x300.png",206,300,true],"medium_large":["https:\/\/srokacompany.com\/wp-content\/uploads\/2020\/07\/PAck-surf-foil-fast-flyer-1.png",740,1080,false],"large":["https:\/\/srokacompany.com\/wp-content\/uploads\/2020\/07\/PAck-surf-foil-fast-flyer-1-702x1024.png",702,1024,true],"1536x1536":["https:\/\/srokacompany.com\/wp-content\/uploads\/2020\/07\/PAck-surf-foil-fast-flyer-1.png",740,1080,false],"2048x2048":["https:\/\/srokacompany.com\/wp-content\/uploads\/2020\/07\/PAck-surf-foil-fast-flyer-1.png",740,1080,false],"woocommerce_thumbnail":["https:\/\/srokacompany.com\/wp-content\/uploads\/2020\/07\/PAck-surf-foil-fast-flyer-1-600x876.png",600,876,true],"woocommerce_single":["https:\/\/srokacompany.com\/wp-content\/uploads\/2020\/07\/PAck-surf-foil-fast-flyer-1-600x876.png",600,876,true],"woocommerce_gallery_thumbnail":["https:\/\/srokacompany.com\/wp-content\/uploads\/2020\/07\/PAck-surf-foil-fast-flyer-1-100x100.png",100,100,true],"dgwt-wcas-product-suggestion":["https:\/\/srokacompany.com\/wp-content\/uploads\/2020\/07\/PAck-surf-foil-fast-flyer-1.png",64,93,false]},"uagb_author_info":{"display_name":"Bruno Sroka","author_link":"https:\/\/srokacompany.com\/de\/blog\/author\/"},"uagb_comment_info":0,"uagb_excerpt":"Dieser pack surf foil vereint die Vielseitigkeit des S-Foil und die perfekte Shape-Balance des brandneuen Fast Flyer, um dir die bestm\u00f6gliche Performance zu bieten.","jetpack_sharing_enabled":true,"_links":{"self":[{"href":"https:\/\/srokacompany.com\/de\/wp-json\/wp\/v2\/product\/345156","targetHints":{"allow":["GET"]}}],"collection":[{"href":"https:\/\/srokacompany.com\/de\/wp-json\/wp\/v2\/product"}],"about":[{"href":"https:\/\/srokacompany.com\/de\/wp-json\/wp\/v2\/types\/product"}],"wp:featuredmedia":[{"embeddable":true,"href":"https:\/\/srokacompany.com\/de\/wp-json\/wp\/v2\/media\/345172"}],"wp:attachment":[{"href":"https:\/\/srokacompany.com\/de\/wp-json\/wp\/v2\/media?parent=345156"}],"wp:term":[{"taxonomy":"product_brand","embeddable":true,"href":"https:\/\/srokacompany.com\/de\/wp-json\/wp\/v2\/product_brand?post=345156"},{"taxonomy":"product_cat","embeddable":true,"href":"https:\/\/srokacompany.com\/de\/wp-json\/wp\/v2\/product_cat?post=345156"},{"taxonomy":"product_tag","embeddable":true,"href":"https:\/\/srokacompany.com\/de\/wp-json\/wp\/v2\/product_tag?post=345156"}],"curies":[{"name":"wp","href":"https:\/\/api.w.org\/{rel}","templated":true}]}}