{"id":345329,"date":"2020-08-21T10:03:19","date_gmt":"2020-08-21T08:03:19","guid":{"rendered":"https:\/\/srokacompany.com\/produit\/brueckenelastik-fuer-sup\/"},"modified":"2025-06-26T17:59:57","modified_gmt":"2025-06-26T15:59:57","slug":"brueckenelastik-fuer-sup","status":"publish","type":"product","link":"https:\/\/srokacompany.com\/de\/produkt\/brueckenelastik-fuer-sup\/","title":{"rendered":"Br\u00fcckenelastik f\u00fcr SUP"},"content":{"rendered":"<hr>\n<h1>Gummiband f\u00fcr Br\u00fccke von SUP<\/h1>\n<p>Ist Ihr Gummiband gerissen? Keine Panik, es ist vollst\u00e4ndig austauschbar. Mit diesem Kit k\u00f6nnen Sie mit Ihren Sachen in v\u00f6lliger Sicherheit wieder aufs Meer zur\u00fcckkehren! Kompatibel mit unserem gesamten <a href=\"https:\/\/srokacompany.com\/de\/produkt\/stand-up-paddle-duo\/\">Sortiment an aufblasbaren SUP.<\/a><\/p>\n","protected":false},"excerpt":{"rendered":"<p>Gummiband f\u00fcr Br\u00fccke von SUP Ist Ihr Gummiband gerissen? Keine Panik, es ist vollst\u00e4ndig austauschbar. Mit diesem Kit k\u00f6nnen Sie mit Ihren Sachen in v\u00f6lliger Sicherheit wieder aufs Meer zur\u00fcckkehren! Kompatibel mit unserem gesamten Sortiment an aufblasbaren SUP.<\/p>\n","protected":false},"featured_media":345333,"template":"","meta":{"_acf_changed":false,"_uag_custom_page_level_css":""},"product_brand":[],"product_cat":[3578],"product_tag":[],"class_list":{"0":"post-345329","1":"product","2":"type-product","3":"status-publish","4":"has-post-thumbnail","6":"product_cat-paddle-zubehor","8":"first","9":"instock","10":"taxable","11":"shipping-taxable","12":"purchasable","13":"product-type-simple"},"acf":[],"yoast_head":"<!-- This site is optimized with the Yoast SEO plugin v27.4 - https:\/\/yoast.com\/product\/yoast-seo-wordpress\/ -->\n<title>Br\u00fcckenelastik f\u00fcr SUP - SROKA Company - Zubeh\u00f6r<\/title>\n<meta name=\"description\" content=\"Dieses Deckgummi f\u00fcr SUP passt auf alle Sroka-Stand-up-Paddles, damit Sie Ihre Sachen \u00fcberall hin mitnehmen k\u00f6nnen.\" \/>\n<meta name=\"robots\" content=\"index, follow, max-snippet:-1, max-image-preview:large, max-video-preview:-1\" \/>\n<link rel=\"canonical\" href=\"https:\/\/srokacompany.com\/de\/produkt\/brueckenelastik-fuer-sup\/\" \/>\n<meta property=\"og:locale\" content=\"de_DE\" \/>\n<meta property=\"og:type\" content=\"article\" \/>\n<meta property=\"og:title\" content=\"Br\u00fcckenelastik f\u00fcr SUP - SROKA Company - Zubeh\u00f6r\" \/>\n<meta property=\"og:description\" content=\"Dieses Deckgummi f\u00fcr SUP passt auf alle Sroka-Stand-up-Paddles, damit Sie Ihre Sachen \u00fcberall hin mitnehmen k\u00f6nnen.\" \/>\n<meta property=\"og:url\" content=\"https:\/\/srokacompany.com\/de\/produkt\/brueckenelastik-fuer-sup\/\" \/>\n<meta property=\"og:site_name\" content=\"SROKA Company\" \/>\n<meta property=\"article:publisher\" content=\"https:\/\/www.facebook.com\/srokawatersports\/\" \/>\n<meta property=\"article:modified_time\" content=\"2025-06-26T15:59:57+00:00\" \/>\n<meta property=\"og:image\" content=\"https:\/\/srokacompany.com\/wp-content\/uploads\/2020\/08\/eslatique-pont-filet.jpg\" \/>\n\t<meta property=\"og:image:width\" content=\"780\" \/>\n\t<meta property=\"og:image:height\" content=\"1040\" \/>\n\t<meta property=\"og:image:type\" content=\"image\/jpeg\" \/>\n<script type=\"application\/ld+json\" class=\"yoast-schema-graph\">{\"@context\":\"https:\\\/\\\/schema.org\",\"@graph\":[{\"@type\":\"WebPage\",\"@id\":\"https:\\\/\\\/srokacompany.com\\\/de\\\/produkt\\\/brueckenelastik-fuer-sup\\\/\",\"url\":\"https:\\\/\\\/srokacompany.com\\\/de\\\/produkt\\\/brueckenelastik-fuer-sup\\\/\",\"name\":\"Br\u00fcckenelastik f\u00fcr SUP - SROKA Company - Zubeh\u00f6r\",\"isPartOf\":{\"@id\":\"https:\\\/\\\/srokacompany.com\\\/de\\\/#website\"},\"primaryImageOfPage\":{\"@id\":\"https:\\\/\\\/srokacompany.com\\\/de\\\/produkt\\\/brueckenelastik-fuer-sup\\\/#primaryimage\"},\"image\":{\"@id\":\"https:\\\/\\\/srokacompany.com\\\/de\\\/produkt\\\/brueckenelastik-fuer-sup\\\/#primaryimage\"},\"thumbnailUrl\":\"https:\\\/\\\/srokacompany.com\\\/wp-content\\\/uploads\\\/2020\\\/08\\\/eslatique-pont-filet.jpg\",\"datePublished\":\"2020-08-21T08:03:19+00:00\",\"dateModified\":\"2025-06-26T15:59:57+00:00\",\"description\":\"Dieses Deckgummi f\u00fcr SUP passt auf alle Sroka-Stand-up-Paddles, damit Sie Ihre Sachen \u00fcberall hin mitnehmen k\u00f6nnen.\",\"breadcrumb\":{\"@id\":\"https:\\\/\\\/srokacompany.com\\\/de\\\/produkt\\\/brueckenelastik-fuer-sup\\\/#breadcrumb\"},\"inLanguage\":\"de\",\"potentialAction\":[{\"@type\":\"ReadAction\",\"target\":[\"https:\\\/\\\/srokacompany.com\\\/de\\\/produkt\\\/brueckenelastik-fuer-sup\\\/\"]}]},{\"@type\":\"ImageObject\",\"inLanguage\":\"de\",\"@id\":\"https:\\\/\\\/srokacompany.com\\\/de\\\/produkt\\\/brueckenelastik-fuer-sup\\\/#primaryimage\",\"url\":\"https:\\\/\\\/srokacompany.com\\\/wp-content\\\/uploads\\\/2020\\\/08\\\/eslatique-pont-filet.jpg\",\"contentUrl\":\"https:\\\/\\\/srokacompany.com\\\/wp-content\\\/uploads\\\/2020\\\/08\\\/eslatique-pont-filet.jpg\",\"width\":780,\"height\":1040,\"caption\":\"Dieses Deckgummi passt auf alle SROKA-Paddles.\"},{\"@type\":\"BreadcrumbList\",\"@id\":\"https:\\\/\\\/srokacompany.com\\\/de\\\/produkt\\\/brueckenelastik-fuer-sup\\\/#breadcrumb\",\"itemListElement\":[{\"@type\":\"ListItem\",\"position\":1,\"name\":\"Accueil\",\"item\":\"https:\\\/\\\/srokacompany.com\\\/de\\\/\"},{\"@type\":\"ListItem\",\"position\":2,\"name\":\"Laden\",\"item\":\"https:\\\/\\\/srokacompany.com\\\/laden\\\/\"},{\"@type\":\"ListItem\",\"position\":3,\"name\":\"Br\u00fcckenelastik f\u00fcr SUP\"}]},{\"@type\":\"WebSite\",\"@id\":\"https:\\\/\\\/srokacompany.com\\\/de\\\/#website\",\"url\":\"https:\\\/\\\/srokacompany.com\\\/de\\\/\",\"name\":\"SROKA Company\",\"description\":\"SUP, Kite, Foil, Wing\",\"publisher\":{\"@id\":\"https:\\\/\\\/srokacompany.com\\\/de\\\/#organization\"},\"potentialAction\":[{\"@type\":\"SearchAction\",\"target\":{\"@type\":\"EntryPoint\",\"urlTemplate\":\"https:\\\/\\\/srokacompany.com\\\/de\\\/?s={search_term_string}\"},\"query-input\":{\"@type\":\"PropertyValueSpecification\",\"valueRequired\":true,\"valueName\":\"search_term_string\"}}],\"inLanguage\":\"de\"},{\"@type\":\"Organization\",\"@id\":\"https:\\\/\\\/srokacompany.com\\\/de\\\/#organization\",\"name\":\"SROKACOMPANY\",\"alternateName\":\"SROKA\",\"url\":\"https:\\\/\\\/srokacompany.com\\\/de\\\/\",\"logo\":{\"@type\":\"ImageObject\",\"inLanguage\":\"de\",\"@id\":\"https:\\\/\\\/srokacompany.com\\\/de\\\/#\\\/schema\\\/logo\\\/image\\\/\",\"url\":\"https:\\\/\\\/srokacompany.com\\\/wp-content\\\/uploads\\\/2021\\\/01\\\/logo-sroka-black-transpa.png\",\"contentUrl\":\"https:\\\/\\\/srokacompany.com\\\/wp-content\\\/uploads\\\/2021\\\/01\\\/logo-sroka-black-transpa.png\",\"width\":1201,\"height\":342,\"caption\":\"SROKACOMPANY\"},\"image\":{\"@id\":\"https:\\\/\\\/srokacompany.com\\\/de\\\/#\\\/schema\\\/logo\\\/image\\\/\"},\"sameAs\":[\"https:\\\/\\\/www.facebook.com\\\/srokawatersports\\\/\",\"https:\\\/\\\/www.instagram.com\\\/srokawatersports\\\/\",\"https:\\\/\\\/www.youtube.com\\\/channel\\\/UCVLHHeaPIm-J5bdEUgxqtZA\"]}]}<\/script>\n<!-- \/ Yoast SEO plugin. -->","yoast_head_json":{"title":"Br\u00fcckenelastik f\u00fcr SUP - SROKA Company - Zubeh\u00f6r","description":"Dieses Deckgummi f\u00fcr SUP passt auf alle Sroka-Stand-up-Paddles, damit Sie Ihre Sachen \u00fcberall hin mitnehmen k\u00f6nnen.","robots":{"index":"index","follow":"follow","max-snippet":"max-snippet:-1","max-image-preview":"max-image-preview:large","max-video-preview":"max-video-preview:-1"},"canonical":"https:\/\/srokacompany.com\/de\/produkt\/brueckenelastik-fuer-sup\/","og_locale":"de_DE","og_type":"article","og_title":"Br\u00fcckenelastik f\u00fcr SUP - SROKA Company - Zubeh\u00f6r","og_description":"Dieses Deckgummi f\u00fcr SUP passt auf alle Sroka-Stand-up-Paddles, damit Sie Ihre Sachen \u00fcberall hin mitnehmen k\u00f6nnen.","og_url":"https:\/\/srokacompany.com\/de\/produkt\/brueckenelastik-fuer-sup\/","og_site_name":"SROKA Company","article_publisher":"https:\/\/www.facebook.com\/srokawatersports\/","article_modified_time":"2025-06-26T15:59:57+00:00","og_image":[{"width":780,"height":1040,"url":"https:\/\/srokacompany.com\/wp-content\/uploads\/2020\/08\/eslatique-pont-filet.jpg","type":"image\/jpeg"}],"schema":{"@context":"https:\/\/schema.org","@graph":[{"@type":"WebPage","@id":"https:\/\/srokacompany.com\/de\/produkt\/brueckenelastik-fuer-sup\/","url":"https:\/\/srokacompany.com\/de\/produkt\/brueckenelastik-fuer-sup\/","name":"Br\u00fcckenelastik f\u00fcr SUP - SROKA Company - Zubeh\u00f6r","isPartOf":{"@id":"https:\/\/srokacompany.com\/de\/#website"},"primaryImageOfPage":{"@id":"https:\/\/srokacompany.com\/de\/produkt\/brueckenelastik-fuer-sup\/#primaryimage"},"image":{"@id":"https:\/\/srokacompany.com\/de\/produkt\/brueckenelastik-fuer-sup\/#primaryimage"},"thumbnailUrl":"https:\/\/srokacompany.com\/wp-content\/uploads\/2020\/08\/eslatique-pont-filet.jpg","datePublished":"2020-08-21T08:03:19+00:00","dateModified":"2025-06-26T15:59:57+00:00","description":"Dieses Deckgummi f\u00fcr SUP passt auf alle Sroka-Stand-up-Paddles, damit Sie Ihre Sachen \u00fcberall hin mitnehmen k\u00f6nnen.","breadcrumb":{"@id":"https:\/\/srokacompany.com\/de\/produkt\/brueckenelastik-fuer-sup\/#breadcrumb"},"inLanguage":"de","potentialAction":[{"@type":"ReadAction","target":["https:\/\/srokacompany.com\/de\/produkt\/brueckenelastik-fuer-sup\/"]}]},{"@type":"ImageObject","inLanguage":"de","@id":"https:\/\/srokacompany.com\/de\/produkt\/brueckenelastik-fuer-sup\/#primaryimage","url":"https:\/\/srokacompany.com\/wp-content\/uploads\/2020\/08\/eslatique-pont-filet.jpg","contentUrl":"https:\/\/srokacompany.com\/wp-content\/uploads\/2020\/08\/eslatique-pont-filet.jpg","width":780,"height":1040,"caption":"Dieses Deckgummi passt auf alle SROKA-Paddles."},{"@type":"BreadcrumbList","@id":"https:\/\/srokacompany.com\/de\/produkt\/brueckenelastik-fuer-sup\/#breadcrumb","itemListElement":[{"@type":"ListItem","position":1,"name":"Accueil","item":"https:\/\/srokacompany.com\/de\/"},{"@type":"ListItem","position":2,"name":"Laden","item":"https:\/\/srokacompany.com\/laden\/"},{"@type":"ListItem","position":3,"name":"Br\u00fcckenelastik f\u00fcr SUP"}]},{"@type":"WebSite","@id":"https:\/\/srokacompany.com\/de\/#website","url":"https:\/\/srokacompany.com\/de\/","name":"SROKA Company","description":"SUP, Kite, Foil, Wing","publisher":{"@id":"https:\/\/srokacompany.com\/de\/#organization"},"potentialAction":[{"@type":"SearchAction","target":{"@type":"EntryPoint","urlTemplate":"https:\/\/srokacompany.com\/de\/?s={search_term_string}"},"query-input":{"@type":"PropertyValueSpecification","valueRequired":true,"valueName":"search_term_string"}}],"inLanguage":"de"},{"@type":"Organization","@id":"https:\/\/srokacompany.com\/de\/#organization","name":"SROKACOMPANY","alternateName":"SROKA","url":"https:\/\/srokacompany.com\/de\/","logo":{"@type":"ImageObject","inLanguage":"de","@id":"https:\/\/srokacompany.com\/de\/#\/schema\/logo\/image\/","url":"https:\/\/srokacompany.com\/wp-content\/uploads\/2021\/01\/logo-sroka-black-transpa.png","contentUrl":"https:\/\/srokacompany.com\/wp-content\/uploads\/2021\/01\/logo-sroka-black-transpa.png","width":1201,"height":342,"caption":"SROKACOMPANY"},"image":{"@id":"https:\/\/srokacompany.com\/de\/#\/schema\/logo\/image\/"},"sameAs":["https:\/\/www.facebook.com\/srokawatersports\/","https:\/\/www.instagram.com\/srokawatersports\/","https:\/\/www.youtube.com\/channel\/UCVLHHeaPIm-J5bdEUgxqtZA"]}]}},"uagb_featured_image_src":{"full":["https:\/\/srokacompany.com\/wp-content\/uploads\/2020\/08\/eslatique-pont-filet.jpg",780,1040,false],"thumbnail":["https:\/\/srokacompany.com\/wp-content\/uploads\/2020\/08\/eslatique-pont-filet-150x150.jpg",150,150,true],"medium":["https:\/\/srokacompany.com\/wp-content\/uploads\/2020\/08\/eslatique-pont-filet-225x300.jpg",225,300,true],"medium_large":["https:\/\/srokacompany.com\/wp-content\/uploads\/2020\/08\/eslatique-pont-filet-768x1024.jpg",768,1024,true],"large":["https:\/\/srokacompany.com\/wp-content\/uploads\/2020\/08\/eslatique-pont-filet-768x1024.jpg",768,1024,true],"1536x1536":["https:\/\/srokacompany.com\/wp-content\/uploads\/2020\/08\/eslatique-pont-filet.jpg",780,1040,false],"2048x2048":["https:\/\/srokacompany.com\/wp-content\/uploads\/2020\/08\/eslatique-pont-filet.jpg",780,1040,false],"woocommerce_thumbnail":["https:\/\/srokacompany.com\/wp-content\/uploads\/2020\/08\/eslatique-pont-filet-600x800.jpg",600,800,true],"woocommerce_single":["https:\/\/srokacompany.com\/wp-content\/uploads\/2020\/08\/eslatique-pont-filet-600x800.jpg",600,800,true],"woocommerce_gallery_thumbnail":["https:\/\/srokacompany.com\/wp-content\/uploads\/2020\/08\/eslatique-pont-filet-100x100.jpg",100,100,true],"dgwt-wcas-product-suggestion":["https:\/\/srokacompany.com\/wp-content\/uploads\/2020\/08\/eslatique-pont-filet.jpg",64,85,false]},"uagb_author_info":{"display_name":"Bruno Sroka","author_link":"https:\/\/srokacompany.com\/de\/blog\/author\/"},"uagb_comment_info":0,"uagb_excerpt":"Gummiband f\u00fcr Br\u00fccke von SUP Ist Ihr Gummiband gerissen? Keine Panik, es ist vollst\u00e4ndig austauschbar. Mit diesem Kit k\u00f6nnen Sie mit Ihren Sachen in v\u00f6lliger Sicherheit wieder aufs Meer zur\u00fcckkehren! Kompatibel mit unserem gesamten Sortiment an aufblasbaren SUP.","jetpack_sharing_enabled":true,"_links":{"self":[{"href":"https:\/\/srokacompany.com\/de\/wp-json\/wp\/v2\/product\/345329","targetHints":{"allow":["GET"]}}],"collection":[{"href":"https:\/\/srokacompany.com\/de\/wp-json\/wp\/v2\/product"}],"about":[{"href":"https:\/\/srokacompany.com\/de\/wp-json\/wp\/v2\/types\/product"}],"wp:featuredmedia":[{"embeddable":true,"href":"https:\/\/srokacompany.com\/de\/wp-json\/wp\/v2\/media\/345333"}],"wp:attachment":[{"href":"https:\/\/srokacompany.com\/de\/wp-json\/wp\/v2\/media?parent=345329"}],"wp:term":[{"taxonomy":"product_brand","embeddable":true,"href":"https:\/\/srokacompany.com\/de\/wp-json\/wp\/v2\/product_brand?post=345329"},{"taxonomy":"product_cat","embeddable":true,"href":"https:\/\/srokacompany.com\/de\/wp-json\/wp\/v2\/product_cat?post=345329"},{"taxonomy":"product_tag","embeddable":true,"href":"https:\/\/srokacompany.com\/de\/wp-json\/wp\/v2\/product_tag?post=345329"}],"curies":[{"name":"wp","href":"https:\/\/api.w.org\/{rel}","templated":true}]}}