{"id":345434,"date":"2021-03-12T13:28:35","date_gmt":"2021-03-12T13:28:35","guid":{"rendered":"https:\/\/srokacompany.com\/produit\/frontfluegel-s-foil-klassische\/"},"modified":"2026-01-12T16:36:00","modified_gmt":"2026-01-12T14:36:00","slug":"frontfluegel-s-foil-klassische","status":"publish","type":"product","link":"https:\/\/srokacompany.com\/de\/produkt\/frontfluegel-s-foil-klassische\/","title":{"rendered":"Frontfl\u00fcgel S-Foil Klassische"},"content":{"rendered":"<hr>\n<h2>Klassische Foil-Frontflosse: Die perfekte Wahl f\u00fcr den Einstieg ins Foil-Fliegen<\/h2>\n<p>Die <b>S-Foil Classic-Reihe<\/b> ist Ihr bester Freund, wenn Sie das Fliegen in aller Ruhe erlernen m\u00f6chten. Sie legt den Schwerpunkt auf <b>Stabilit\u00e4t, Fehlerverzeihung<\/b> und eine niedrige Startgeschwindigkeit, damit du schnell und komfortabel Fortschritte machen kannst. <\/p>\n<h3>Stabilit\u00e4t und Toleranz f\u00fcr das Lernen<\/h3>\n<p>Diese Fl\u00fcgel mit einem moderaten Profil (Mid Aspect Ratio) sind f\u00fcr ein vorhersehbares und einfaches Fliegen konzipiert:<\/p>\n<ul>\n<li><b>Optimaler Auftrieb:<\/b> Sie bieten viel Power f\u00fcr einen <b>m\u00fchelosen Start<\/b> und eine niedrige Mindestgeschwindigkeit, was f\u00fcr Anf\u00e4nger und Leichtwindsessions entscheidend ist.<\/li>\n<li><b>Maximale Toleranz:<\/b> Die inh\u00e4rente Stabilit\u00e4t dieser Schirme erlaubt es dir, dich auf das Fliegen zu konzentrieren, was das Erlernen des <b>Wingfoil<\/b> und das \u00dcben des <b>Dockstarts<\/b> viel zug\u00e4nglicher macht.<\/li>\n<li>\n<h3>Qualit\u00e4t und Skalierbarkeit<\/h3>\n<\/li>\n<li>\n<h3><span style=\"font-size: 16px;\">Gebaut aus <\/span>Prepreg Carbon<span style=\"font-size: 16px;\">  f\u00fcr eine tadellose Steifigkeit sind diese Lamellen eine dauerhafte Investition. Das gesamte S-Foil Sortiment ist   <\/span>ausbauf\u00e4hig<span style=\"font-size: 16px;\">: Sobald du das Fliegen beherrschst, kannst du einfach nur die Frontfinne austauschen, um auf ein schnelleres Modell (wie die High Aspect Serie) umzusteigen, ohne ein komplettes Foil neu kaufen zu m\u00fcssen.<\/span><\/h3>\n<\/li>\n<\/ul>\n","protected":false},"excerpt":{"rendered":"<hr>\n<p><b>Klassische S-Foil-Frontfl\u00fcgel:<\/b> Der perfekte <b>Anf\u00e4ngerfl\u00fcgel<\/b> f\u00fcr den Einstieg mit viel <b>Stabilit\u00e4t<\/b>. Perfekt fehlerverzeihend und leistungsstark, wurde er f\u00fcr das einfache Erlernen des <b>Wingfoil<\/b> entwickelt. Bietet viel Auftrieb f\u00fcr <b>gro\u00dfe Gr\u00f6\u00dfen<\/b> und einen Start bei minimalem Wind. <\/p>\n","protected":false},"featured_media":345435,"template":"","meta":{"_acf_changed":false,"_uag_custom_page_level_css":""},"product_brand":[],"product_cat":[3782,3440,3493,3471,3453],"product_tag":[],"class_list":{"0":"post-345434","1":"product","2":"type-product","3":"status-publish","4":"has-post-thumbnail","6":"product_cat-alle-unsere-klassischen-flugel","7":"product_cat-flugel-wing-foil","8":"product_cat-foil-de","9":"product_cat-surf-foil-de","10":"product_cat-wing-foil-de","11":"product_shipping_class-foil-komplett-oder-ersatzteile-wing-einheit","13":"first","14":"instock","15":"sale","16":"taxable","17":"shipping-taxable","18":"purchasable","19":"product-type-variable","20":"has-default-attributes"},"acf":[],"yoast_head":"<!-- This site is optimized with the Yoast SEO plugin v27.4 - https:\/\/yoast.com\/product\/yoast-seo-wordpress\/ -->\n<title>Frontfl\u00fcgel S-Foil Klassische - SROKA Company<\/title>\n<meta name=\"description\" content=\"Foil-Frontfinne f\u00fcr Anf\u00e4nger: Die Classic-Reihe ist f\u00fcr Anf\u00e4nger und Freerider gedacht und bietet das beste Preis-Leistungs-Verh\u00e4ltnis.\" \/>\n<meta name=\"robots\" content=\"index, follow, max-snippet:-1, max-image-preview:large, max-video-preview:-1\" \/>\n<link rel=\"canonical\" href=\"https:\/\/srokacompany.com\/de\/produkt\/frontfluegel-s-foil-klassische\/\" \/>\n<meta property=\"og:locale\" content=\"de_DE\" \/>\n<meta property=\"og:type\" content=\"article\" \/>\n<meta property=\"og:title\" content=\"Frontfl\u00fcgel S-Foil Klassische - SROKA Company\" \/>\n<meta property=\"og:description\" content=\"Foil-Frontfinne f\u00fcr Anf\u00e4nger: Die Classic-Reihe ist f\u00fcr Anf\u00e4nger und Freerider gedacht und bietet das beste Preis-Leistungs-Verh\u00e4ltnis.\" \/>\n<meta property=\"og:url\" content=\"https:\/\/srokacompany.com\/de\/produkt\/frontfluegel-s-foil-klassische\/\" \/>\n<meta property=\"og:site_name\" content=\"SROKA Company\" \/>\n<meta property=\"article:publisher\" content=\"https:\/\/www.facebook.com\/srokawatersports\/\" \/>\n<meta property=\"article:modified_time\" content=\"2026-01-12T14:36:00+00:00\" \/>\n<meta property=\"og:image\" content=\"https:\/\/srokacompany.com\/wp-content\/uploads\/2023\/08\/Ailes-avant-classique.png\" \/>\n\t<meta property=\"og:image:width\" content=\"740\" \/>\n\t<meta property=\"og:image:height\" content=\"1080\" \/>\n\t<meta property=\"og:image:type\" content=\"image\/png\" \/>\n<meta name=\"twitter:label1\" content=\"Gesch\u00e4tzte Lesezeit\" \/>\n\t<meta name=\"twitter:data1\" content=\"1\u00a0Minute\" \/>\n<script type=\"application\/ld+json\" class=\"yoast-schema-graph\">{\"@context\":\"https:\\\/\\\/schema.org\",\"@graph\":[{\"@type\":\"WebPage\",\"@id\":\"https:\\\/\\\/srokacompany.com\\\/de\\\/produkt\\\/frontfluegel-s-foil-klassische\\\/\",\"url\":\"https:\\\/\\\/srokacompany.com\\\/de\\\/produkt\\\/frontfluegel-s-foil-klassische\\\/\",\"name\":\"Frontfl\u00fcgel S-Foil Klassische - SROKA Company\",\"isPartOf\":{\"@id\":\"https:\\\/\\\/srokacompany.com\\\/de\\\/#website\"},\"primaryImageOfPage\":{\"@id\":\"https:\\\/\\\/srokacompany.com\\\/de\\\/produkt\\\/frontfluegel-s-foil-klassische\\\/#primaryimage\"},\"image\":{\"@id\":\"https:\\\/\\\/srokacompany.com\\\/de\\\/produkt\\\/frontfluegel-s-foil-klassische\\\/#primaryimage\"},\"thumbnailUrl\":\"https:\\\/\\\/srokacompany.com\\\/wp-content\\\/uploads\\\/2023\\\/08\\\/Ailes-avant-classique.png\",\"datePublished\":\"2021-03-12T13:28:35+00:00\",\"dateModified\":\"2026-01-12T14:36:00+00:00\",\"description\":\"Foil-Frontfinne f\u00fcr Anf\u00e4nger: Die Classic-Reihe ist f\u00fcr Anf\u00e4nger und Freerider gedacht und bietet das beste Preis-Leistungs-Verh\u00e4ltnis.\",\"breadcrumb\":{\"@id\":\"https:\\\/\\\/srokacompany.com\\\/de\\\/produkt\\\/frontfluegel-s-foil-klassische\\\/#breadcrumb\"},\"inLanguage\":\"de\",\"potentialAction\":[{\"@type\":\"ReadAction\",\"target\":[\"https:\\\/\\\/srokacompany.com\\\/de\\\/produkt\\\/frontfluegel-s-foil-klassische\\\/\"]}]},{\"@type\":\"ImageObject\",\"inLanguage\":\"de\",\"@id\":\"https:\\\/\\\/srokacompany.com\\\/de\\\/produkt\\\/frontfluegel-s-foil-klassische\\\/#primaryimage\",\"url\":\"https:\\\/\\\/srokacompany.com\\\/wp-content\\\/uploads\\\/2023\\\/08\\\/Ailes-avant-classique.png\",\"contentUrl\":\"https:\\\/\\\/srokacompany.com\\\/wp-content\\\/uploads\\\/2023\\\/08\\\/Ailes-avant-classique.png\",\"width\":740,\"height\":1080},{\"@type\":\"BreadcrumbList\",\"@id\":\"https:\\\/\\\/srokacompany.com\\\/de\\\/produkt\\\/frontfluegel-s-foil-klassische\\\/#breadcrumb\",\"itemListElement\":[{\"@type\":\"ListItem\",\"position\":1,\"name\":\"Accueil\",\"item\":\"https:\\\/\\\/srokacompany.com\\\/de\\\/\"},{\"@type\":\"ListItem\",\"position\":2,\"name\":\"Laden\",\"item\":\"https:\\\/\\\/srokacompany.com\\\/laden\\\/\"},{\"@type\":\"ListItem\",\"position\":3,\"name\":\"Frontfl\u00fcgel S-Foil Klassische\"}]},{\"@type\":\"WebSite\",\"@id\":\"https:\\\/\\\/srokacompany.com\\\/de\\\/#website\",\"url\":\"https:\\\/\\\/srokacompany.com\\\/de\\\/\",\"name\":\"SROKA Company\",\"description\":\"SUP, Kite, Foil, Wing\",\"publisher\":{\"@id\":\"https:\\\/\\\/srokacompany.com\\\/de\\\/#organization\"},\"potentialAction\":[{\"@type\":\"SearchAction\",\"target\":{\"@type\":\"EntryPoint\",\"urlTemplate\":\"https:\\\/\\\/srokacompany.com\\\/de\\\/?s={search_term_string}\"},\"query-input\":{\"@type\":\"PropertyValueSpecification\",\"valueRequired\":true,\"valueName\":\"search_term_string\"}}],\"inLanguage\":\"de\"},{\"@type\":\"Organization\",\"@id\":\"https:\\\/\\\/srokacompany.com\\\/de\\\/#organization\",\"name\":\"SROKACOMPANY\",\"alternateName\":\"SROKA\",\"url\":\"https:\\\/\\\/srokacompany.com\\\/de\\\/\",\"logo\":{\"@type\":\"ImageObject\",\"inLanguage\":\"de\",\"@id\":\"https:\\\/\\\/srokacompany.com\\\/de\\\/#\\\/schema\\\/logo\\\/image\\\/\",\"url\":\"https:\\\/\\\/srokacompany.com\\\/wp-content\\\/uploads\\\/2021\\\/01\\\/logo-sroka-black-transpa.png\",\"contentUrl\":\"https:\\\/\\\/srokacompany.com\\\/wp-content\\\/uploads\\\/2021\\\/01\\\/logo-sroka-black-transpa.png\",\"width\":1201,\"height\":342,\"caption\":\"SROKACOMPANY\"},\"image\":{\"@id\":\"https:\\\/\\\/srokacompany.com\\\/de\\\/#\\\/schema\\\/logo\\\/image\\\/\"},\"sameAs\":[\"https:\\\/\\\/www.facebook.com\\\/srokawatersports\\\/\",\"https:\\\/\\\/www.instagram.com\\\/srokawatersports\\\/\",\"https:\\\/\\\/www.youtube.com\\\/channel\\\/UCVLHHeaPIm-J5bdEUgxqtZA\"]}]}<\/script>\n<!-- \/ Yoast SEO plugin. -->","yoast_head_json":{"title":"Frontfl\u00fcgel S-Foil Klassische - SROKA Company","description":"Foil-Frontfinne f\u00fcr Anf\u00e4nger: Die Classic-Reihe ist f\u00fcr Anf\u00e4nger und Freerider gedacht und bietet das beste Preis-Leistungs-Verh\u00e4ltnis.","robots":{"index":"index","follow":"follow","max-snippet":"max-snippet:-1","max-image-preview":"max-image-preview:large","max-video-preview":"max-video-preview:-1"},"canonical":"https:\/\/srokacompany.com\/de\/produkt\/frontfluegel-s-foil-klassische\/","og_locale":"de_DE","og_type":"article","og_title":"Frontfl\u00fcgel S-Foil Klassische - SROKA Company","og_description":"Foil-Frontfinne f\u00fcr Anf\u00e4nger: Die Classic-Reihe ist f\u00fcr Anf\u00e4nger und Freerider gedacht und bietet das beste Preis-Leistungs-Verh\u00e4ltnis.","og_url":"https:\/\/srokacompany.com\/de\/produkt\/frontfluegel-s-foil-klassische\/","og_site_name":"SROKA Company","article_publisher":"https:\/\/www.facebook.com\/srokawatersports\/","article_modified_time":"2026-01-12T14:36:00+00:00","og_image":[{"width":740,"height":1080,"url":"https:\/\/srokacompany.com\/wp-content\/uploads\/2023\/08\/Ailes-avant-classique.png","type":"image\/png"}],"twitter_misc":{"Gesch\u00e4tzte Lesezeit":"1\u00a0Minute"},"schema":{"@context":"https:\/\/schema.org","@graph":[{"@type":"WebPage","@id":"https:\/\/srokacompany.com\/de\/produkt\/frontfluegel-s-foil-klassische\/","url":"https:\/\/srokacompany.com\/de\/produkt\/frontfluegel-s-foil-klassische\/","name":"Frontfl\u00fcgel S-Foil Klassische - SROKA Company","isPartOf":{"@id":"https:\/\/srokacompany.com\/de\/#website"},"primaryImageOfPage":{"@id":"https:\/\/srokacompany.com\/de\/produkt\/frontfluegel-s-foil-klassische\/#primaryimage"},"image":{"@id":"https:\/\/srokacompany.com\/de\/produkt\/frontfluegel-s-foil-klassische\/#primaryimage"},"thumbnailUrl":"https:\/\/srokacompany.com\/wp-content\/uploads\/2023\/08\/Ailes-avant-classique.png","datePublished":"2021-03-12T13:28:35+00:00","dateModified":"2026-01-12T14:36:00+00:00","description":"Foil-Frontfinne f\u00fcr Anf\u00e4nger: Die Classic-Reihe ist f\u00fcr Anf\u00e4nger und Freerider gedacht und bietet das beste Preis-Leistungs-Verh\u00e4ltnis.","breadcrumb":{"@id":"https:\/\/srokacompany.com\/de\/produkt\/frontfluegel-s-foil-klassische\/#breadcrumb"},"inLanguage":"de","potentialAction":[{"@type":"ReadAction","target":["https:\/\/srokacompany.com\/de\/produkt\/frontfluegel-s-foil-klassische\/"]}]},{"@type":"ImageObject","inLanguage":"de","@id":"https:\/\/srokacompany.com\/de\/produkt\/frontfluegel-s-foil-klassische\/#primaryimage","url":"https:\/\/srokacompany.com\/wp-content\/uploads\/2023\/08\/Ailes-avant-classique.png","contentUrl":"https:\/\/srokacompany.com\/wp-content\/uploads\/2023\/08\/Ailes-avant-classique.png","width":740,"height":1080},{"@type":"BreadcrumbList","@id":"https:\/\/srokacompany.com\/de\/produkt\/frontfluegel-s-foil-klassische\/#breadcrumb","itemListElement":[{"@type":"ListItem","position":1,"name":"Accueil","item":"https:\/\/srokacompany.com\/de\/"},{"@type":"ListItem","position":2,"name":"Laden","item":"https:\/\/srokacompany.com\/laden\/"},{"@type":"ListItem","position":3,"name":"Frontfl\u00fcgel S-Foil Klassische"}]},{"@type":"WebSite","@id":"https:\/\/srokacompany.com\/de\/#website","url":"https:\/\/srokacompany.com\/de\/","name":"SROKA Company","description":"SUP, Kite, Foil, Wing","publisher":{"@id":"https:\/\/srokacompany.com\/de\/#organization"},"potentialAction":[{"@type":"SearchAction","target":{"@type":"EntryPoint","urlTemplate":"https:\/\/srokacompany.com\/de\/?s={search_term_string}"},"query-input":{"@type":"PropertyValueSpecification","valueRequired":true,"valueName":"search_term_string"}}],"inLanguage":"de"},{"@type":"Organization","@id":"https:\/\/srokacompany.com\/de\/#organization","name":"SROKACOMPANY","alternateName":"SROKA","url":"https:\/\/srokacompany.com\/de\/","logo":{"@type":"ImageObject","inLanguage":"de","@id":"https:\/\/srokacompany.com\/de\/#\/schema\/logo\/image\/","url":"https:\/\/srokacompany.com\/wp-content\/uploads\/2021\/01\/logo-sroka-black-transpa.png","contentUrl":"https:\/\/srokacompany.com\/wp-content\/uploads\/2021\/01\/logo-sroka-black-transpa.png","width":1201,"height":342,"caption":"SROKACOMPANY"},"image":{"@id":"https:\/\/srokacompany.com\/de\/#\/schema\/logo\/image\/"},"sameAs":["https:\/\/www.facebook.com\/srokawatersports\/","https:\/\/www.instagram.com\/srokawatersports\/","https:\/\/www.youtube.com\/channel\/UCVLHHeaPIm-J5bdEUgxqtZA"]}]}},"uagb_featured_image_src":{"full":["https:\/\/srokacompany.com\/wp-content\/uploads\/2023\/08\/Ailes-avant-classique.png",740,1080,false],"thumbnail":["https:\/\/srokacompany.com\/wp-content\/uploads\/2023\/08\/Ailes-avant-classique-150x150.png",150,150,true],"medium":["https:\/\/srokacompany.com\/wp-content\/uploads\/2023\/08\/Ailes-avant-classique-206x300.png",206,300,true],"medium_large":["https:\/\/srokacompany.com\/wp-content\/uploads\/2023\/08\/Ailes-avant-classique.png",740,1080,false],"large":["https:\/\/srokacompany.com\/wp-content\/uploads\/2023\/08\/Ailes-avant-classique-702x1024.png",702,1024,true],"1536x1536":["https:\/\/srokacompany.com\/wp-content\/uploads\/2023\/08\/Ailes-avant-classique.png",740,1080,false],"2048x2048":["https:\/\/srokacompany.com\/wp-content\/uploads\/2023\/08\/Ailes-avant-classique.png",740,1080,false],"woocommerce_thumbnail":["https:\/\/srokacompany.com\/wp-content\/uploads\/2023\/08\/Ailes-avant-classique-600x876.png",600,876,true],"woocommerce_single":["https:\/\/srokacompany.com\/wp-content\/uploads\/2023\/08\/Ailes-avant-classique-600x876.png",600,876,true],"woocommerce_gallery_thumbnail":["https:\/\/srokacompany.com\/wp-content\/uploads\/2023\/08\/Ailes-avant-classique-100x100.png",100,100,true],"dgwt-wcas-product-suggestion":["https:\/\/srokacompany.com\/wp-content\/uploads\/2023\/08\/Ailes-avant-classique.png",64,93,false]},"uagb_author_info":{"display_name":"Tristan Dumard","author_link":"https:\/\/srokacompany.com\/de\/blog\/author\/"},"uagb_comment_info":0,"uagb_excerpt":"Klassische S-Foil-Frontfl\u00fcgel: Der perfekte Anf\u00e4ngerfl\u00fcgel f\u00fcr den Einstieg mit viel Stabilit\u00e4t. Perfekt fehlerverzeihend und leistungsstark, wurde er f\u00fcr das einfache Erlernen des Wingfoil entwickelt. Bietet viel Auftrieb f\u00fcr gro\u00dfe Gr\u00f6\u00dfen und einen Start bei minimalem Wind.","jetpack_sharing_enabled":true,"_links":{"self":[{"href":"https:\/\/srokacompany.com\/de\/wp-json\/wp\/v2\/product\/345434","targetHints":{"allow":["GET"]}}],"collection":[{"href":"https:\/\/srokacompany.com\/de\/wp-json\/wp\/v2\/product"}],"about":[{"href":"https:\/\/srokacompany.com\/de\/wp-json\/wp\/v2\/types\/product"}],"wp:featuredmedia":[{"embeddable":true,"href":"https:\/\/srokacompany.com\/de\/wp-json\/wp\/v2\/media\/345435"}],"wp:attachment":[{"href":"https:\/\/srokacompany.com\/de\/wp-json\/wp\/v2\/media?parent=345434"}],"wp:term":[{"taxonomy":"product_brand","embeddable":true,"href":"https:\/\/srokacompany.com\/de\/wp-json\/wp\/v2\/product_brand?post=345434"},{"taxonomy":"product_cat","embeddable":true,"href":"https:\/\/srokacompany.com\/de\/wp-json\/wp\/v2\/product_cat?post=345434"},{"taxonomy":"product_tag","embeddable":true,"href":"https:\/\/srokacompany.com\/de\/wp-json\/wp\/v2\/product_tag?post=345434"}],"curies":[{"name":"wp","href":"https:\/\/api.w.org\/{rel}","templated":true}]}}