{"id":345480,"date":"2021-03-15T14:25:33","date_gmt":"2021-03-15T14:25:33","guid":{"rendered":"https:\/\/srokacompany.com\/produit\/plattenspieler-s-foil\/"},"modified":"2025-11-13T13:14:16","modified_gmt":"2025-11-13T11:14:16","slug":"plattenspieler-s-foil","status":"publish","type":"product","link":"https:\/\/srokacompany.com\/de\/produkt\/plattenspieler-s-foil\/","title":{"rendered":"Plattenspieler S-Foil"},"content":{"rendered":"<hr>\n<h1>PLATINE F\u00dcR S-FOIL 2021<\/h1>\n<p style=\"text-align: justify;\">Der S-Foil 2021 ist mit allen Masten desselben Jahres kompatibel. Die Konstruktion aus T6061 T6 Aluminium wurde \u00fcberarbeitet, um Ihnen ein noch besseres Fluggef\u00fchl zu bieten. Sie ist ein unverzichtbarer Bestandteil des S-Foil und sorgt mit einer tieferen Mast- und Rumpfvertiefung als zuvor f\u00fcr eine h\u00f6here Steifigkeit. Das neue, elegante und kurvenreiche Design verteilt die Kr\u00e4fte des foil effektiv auf das <g id=\"gid_0\">Boardgeh\u00e4use<\/g>. Diese Verteilung f\u00fchrt nicht nur zu mehr Leistung, sondern auch zu einer l\u00e4ngeren Lebensdauer deines Materials.    <\/p>\n<p style=\"text-align: justify;\">Sie wird mit zwei M8-Schrauben am Mast befestigt. Dank ihrer doppelten US-Schienenverbindung ist sie mit der \u00fcberwiegenden Mehrheit der auf dem Markt erh\u00e4ltlichen foil Boards kompatibel und bietet Ihnen zudem Stabilit\u00e4t und einfache Bedienung. <\/p>\n","protected":false},"excerpt":{"rendered":"<p>Die <b>S-FOIL Platine von SROKA<\/b> ist die unverzichtbare Schnittstelle, die eine <b>starre und sichere Verbindung<\/b> zwischen deinem Mast und jedem Board mit <b>Twin-Tracks-Standard<\/b> (90 mm) garantiert. Die aus robustem, eloxiertem Aluminium gefertigte Platine bietet <g id=\"gid_3\">maximale Kraft\u00fcbertragung<\/g> und erm\u00f6glicht eine <g id=\"gid_4\">mikrometrische Anpassung<\/g> der Position des Foils. Dank ihres universellen Designs ist sie mit allen SROKA-Masten kompatibel und bietet eine schnelle Montage und <b>perfekte Stabilit\u00e4t<\/b> f\u00fcr Wing, SUP und Surf foil.  <\/p>\n","protected":false},"featured_media":345482,"template":"","meta":{"_acf_changed":false,"_uag_custom_page_level_css":""},"product_brand":[],"product_cat":[3493,3592,3453,3591,3464],"product_tag":[],"class_list":{"0":"post-345480","1":"product","2":"type-product","3":"status-publish","4":"has-post-thumbnail","6":"product_cat-foil-de","7":"product_cat-surf-zubehor-foil","8":"product_cat-wing-foil-de","9":"product_cat-zubehor-foil","10":"product_cat-zubehor-wing-foil","11":"product_shipping_class-foil-komplett-oder-ersatzteile-wing-einheit","13":"first","14":"instock","15":"taxable","16":"shipping-taxable","17":"purchasable","18":"product-type-simple"},"acf":[],"yoast_head":"<!-- This site is optimized with the Yoast SEO plugin v27.4 - https:\/\/yoast.com\/product\/yoast-seo-wordpress\/ -->\n<title>Plattenspieler S-Foil - SROKA Company - Zubeh\u00f6r f\u00fcr S-Foil<\/title>\n<meta name=\"description\" content=\"Tischplatte f\u00fcr S-Foil Sroka Company 2021 aus Aluminium. Steif, langlebig und leistungsstark mit dem besten Preis-Leistungs-Verh\u00e4ltnis auf dem Markt.\" \/>\n<meta name=\"robots\" content=\"index, follow, max-snippet:-1, max-image-preview:large, max-video-preview:-1\" \/>\n<link rel=\"canonical\" href=\"https:\/\/srokacompany.com\/de\/produkt\/plattenspieler-s-foil\/\" \/>\n<meta property=\"og:locale\" content=\"de_DE\" \/>\n<meta property=\"og:type\" content=\"article\" \/>\n<meta property=\"og:title\" content=\"Plattenspieler S-Foil - SROKA Company - Zubeh\u00f6r f\u00fcr S-Foil\" \/>\n<meta property=\"og:description\" content=\"Tischplatte f\u00fcr S-Foil Sroka Company 2021 aus Aluminium. Steif, langlebig und leistungsstark mit dem besten Preis-Leistungs-Verh\u00e4ltnis auf dem Markt.\" \/>\n<meta property=\"og:url\" content=\"https:\/\/srokacompany.com\/de\/produkt\/plattenspieler-s-foil\/\" \/>\n<meta property=\"og:site_name\" content=\"SROKA Company\" \/>\n<meta property=\"article:publisher\" content=\"https:\/\/www.facebook.com\/srokawatersports\/\" \/>\n<meta property=\"article:modified_time\" content=\"2025-11-13T11:14:16+00:00\" \/>\n<meta property=\"og:image\" content=\"https:\/\/srokacompany.com\/wp-content\/uploads\/2021\/03\/platine-foil.jpg\" \/>\n\t<meta property=\"og:image:width\" content=\"780\" \/>\n\t<meta property=\"og:image:height\" content=\"1040\" \/>\n\t<meta property=\"og:image:type\" content=\"image\/jpeg\" \/>\n<meta name=\"twitter:label1\" content=\"Gesch\u00e4tzte Lesezeit\" \/>\n\t<meta name=\"twitter:data1\" content=\"1\u00a0Minute\" \/>\n<script type=\"application\/ld+json\" class=\"yoast-schema-graph\">{\"@context\":\"https:\\\/\\\/schema.org\",\"@graph\":[{\"@type\":\"WebPage\",\"@id\":\"https:\\\/\\\/srokacompany.com\\\/de\\\/produkt\\\/plattenspieler-s-foil\\\/\",\"url\":\"https:\\\/\\\/srokacompany.com\\\/de\\\/produkt\\\/plattenspieler-s-foil\\\/\",\"name\":\"Plattenspieler S-Foil - SROKA Company - Zubeh\u00f6r f\u00fcr S-Foil\",\"isPartOf\":{\"@id\":\"https:\\\/\\\/srokacompany.com\\\/de\\\/#website\"},\"primaryImageOfPage\":{\"@id\":\"https:\\\/\\\/srokacompany.com\\\/de\\\/produkt\\\/plattenspieler-s-foil\\\/#primaryimage\"},\"image\":{\"@id\":\"https:\\\/\\\/srokacompany.com\\\/de\\\/produkt\\\/plattenspieler-s-foil\\\/#primaryimage\"},\"thumbnailUrl\":\"https:\\\/\\\/srokacompany.com\\\/wp-content\\\/uploads\\\/2021\\\/03\\\/platine-foil.jpg\",\"datePublished\":\"2021-03-15T14:25:33+00:00\",\"dateModified\":\"2025-11-13T11:14:16+00:00\",\"description\":\"Tischplatte f\u00fcr S-Foil Sroka Company 2021 aus Aluminium. Steif, langlebig und leistungsstark mit dem besten Preis-Leistungs-Verh\u00e4ltnis auf dem Markt.\",\"breadcrumb\":{\"@id\":\"https:\\\/\\\/srokacompany.com\\\/de\\\/produkt\\\/plattenspieler-s-foil\\\/#breadcrumb\"},\"inLanguage\":\"de\",\"potentialAction\":[{\"@type\":\"ReadAction\",\"target\":[\"https:\\\/\\\/srokacompany.com\\\/de\\\/produkt\\\/plattenspieler-s-foil\\\/\"]}]},{\"@type\":\"ImageObject\",\"inLanguage\":\"de\",\"@id\":\"https:\\\/\\\/srokacompany.com\\\/de\\\/produkt\\\/plattenspieler-s-foil\\\/#primaryimage\",\"url\":\"https:\\\/\\\/srokacompany.com\\\/wp-content\\\/uploads\\\/2021\\\/03\\\/platine-foil.jpg\",\"contentUrl\":\"https:\\\/\\\/srokacompany.com\\\/wp-content\\\/uploads\\\/2021\\\/03\\\/platine-foil.jpg\",\"width\":780,\"height\":1040,\"caption\":\"Befestigung f\u00fcr alle foil mit doppelter US-Schienenverbindung auf einem Brett. foil\"},{\"@type\":\"BreadcrumbList\",\"@id\":\"https:\\\/\\\/srokacompany.com\\\/de\\\/produkt\\\/plattenspieler-s-foil\\\/#breadcrumb\",\"itemListElement\":[{\"@type\":\"ListItem\",\"position\":1,\"name\":\"Accueil\",\"item\":\"https:\\\/\\\/srokacompany.com\\\/de\\\/\"},{\"@type\":\"ListItem\",\"position\":2,\"name\":\"Laden\",\"item\":\"https:\\\/\\\/srokacompany.com\\\/laden\\\/\"},{\"@type\":\"ListItem\",\"position\":3,\"name\":\"Plattenspieler S-Foil\"}]},{\"@type\":\"WebSite\",\"@id\":\"https:\\\/\\\/srokacompany.com\\\/de\\\/#website\",\"url\":\"https:\\\/\\\/srokacompany.com\\\/de\\\/\",\"name\":\"SROKA Company\",\"description\":\"SUP, Kite, Foil, Wing\",\"publisher\":{\"@id\":\"https:\\\/\\\/srokacompany.com\\\/de\\\/#organization\"},\"potentialAction\":[{\"@type\":\"SearchAction\",\"target\":{\"@type\":\"EntryPoint\",\"urlTemplate\":\"https:\\\/\\\/srokacompany.com\\\/de\\\/?s={search_term_string}\"},\"query-input\":{\"@type\":\"PropertyValueSpecification\",\"valueRequired\":true,\"valueName\":\"search_term_string\"}}],\"inLanguage\":\"de\"},{\"@type\":\"Organization\",\"@id\":\"https:\\\/\\\/srokacompany.com\\\/de\\\/#organization\",\"name\":\"SROKACOMPANY\",\"alternateName\":\"SROKA\",\"url\":\"https:\\\/\\\/srokacompany.com\\\/de\\\/\",\"logo\":{\"@type\":\"ImageObject\",\"inLanguage\":\"de\",\"@id\":\"https:\\\/\\\/srokacompany.com\\\/de\\\/#\\\/schema\\\/logo\\\/image\\\/\",\"url\":\"https:\\\/\\\/srokacompany.com\\\/wp-content\\\/uploads\\\/2021\\\/01\\\/logo-sroka-black-transpa.png\",\"contentUrl\":\"https:\\\/\\\/srokacompany.com\\\/wp-content\\\/uploads\\\/2021\\\/01\\\/logo-sroka-black-transpa.png\",\"width\":1201,\"height\":342,\"caption\":\"SROKACOMPANY\"},\"image\":{\"@id\":\"https:\\\/\\\/srokacompany.com\\\/de\\\/#\\\/schema\\\/logo\\\/image\\\/\"},\"sameAs\":[\"https:\\\/\\\/www.facebook.com\\\/srokawatersports\\\/\",\"https:\\\/\\\/www.instagram.com\\\/srokawatersports\\\/\",\"https:\\\/\\\/www.youtube.com\\\/channel\\\/UCVLHHeaPIm-J5bdEUgxqtZA\"]}]}<\/script>\n<!-- \/ Yoast SEO plugin. -->","yoast_head_json":{"title":"Plattenspieler S-Foil - SROKA Company - Zubeh\u00f6r f\u00fcr S-Foil","description":"Tischplatte f\u00fcr S-Foil Sroka Company 2021 aus Aluminium. Steif, langlebig und leistungsstark mit dem besten Preis-Leistungs-Verh\u00e4ltnis auf dem Markt.","robots":{"index":"index","follow":"follow","max-snippet":"max-snippet:-1","max-image-preview":"max-image-preview:large","max-video-preview":"max-video-preview:-1"},"canonical":"https:\/\/srokacompany.com\/de\/produkt\/plattenspieler-s-foil\/","og_locale":"de_DE","og_type":"article","og_title":"Plattenspieler S-Foil - SROKA Company - Zubeh\u00f6r f\u00fcr S-Foil","og_description":"Tischplatte f\u00fcr S-Foil Sroka Company 2021 aus Aluminium. Steif, langlebig und leistungsstark mit dem besten Preis-Leistungs-Verh\u00e4ltnis auf dem Markt.","og_url":"https:\/\/srokacompany.com\/de\/produkt\/plattenspieler-s-foil\/","og_site_name":"SROKA Company","article_publisher":"https:\/\/www.facebook.com\/srokawatersports\/","article_modified_time":"2025-11-13T11:14:16+00:00","og_image":[{"width":780,"height":1040,"url":"https:\/\/srokacompany.com\/wp-content\/uploads\/2021\/03\/platine-foil.jpg","type":"image\/jpeg"}],"twitter_misc":{"Gesch\u00e4tzte Lesezeit":"1\u00a0Minute"},"schema":{"@context":"https:\/\/schema.org","@graph":[{"@type":"WebPage","@id":"https:\/\/srokacompany.com\/de\/produkt\/plattenspieler-s-foil\/","url":"https:\/\/srokacompany.com\/de\/produkt\/plattenspieler-s-foil\/","name":"Plattenspieler S-Foil - SROKA Company - Zubeh\u00f6r f\u00fcr S-Foil","isPartOf":{"@id":"https:\/\/srokacompany.com\/de\/#website"},"primaryImageOfPage":{"@id":"https:\/\/srokacompany.com\/de\/produkt\/plattenspieler-s-foil\/#primaryimage"},"image":{"@id":"https:\/\/srokacompany.com\/de\/produkt\/plattenspieler-s-foil\/#primaryimage"},"thumbnailUrl":"https:\/\/srokacompany.com\/wp-content\/uploads\/2021\/03\/platine-foil.jpg","datePublished":"2021-03-15T14:25:33+00:00","dateModified":"2025-11-13T11:14:16+00:00","description":"Tischplatte f\u00fcr S-Foil Sroka Company 2021 aus Aluminium. Steif, langlebig und leistungsstark mit dem besten Preis-Leistungs-Verh\u00e4ltnis auf dem Markt.","breadcrumb":{"@id":"https:\/\/srokacompany.com\/de\/produkt\/plattenspieler-s-foil\/#breadcrumb"},"inLanguage":"de","potentialAction":[{"@type":"ReadAction","target":["https:\/\/srokacompany.com\/de\/produkt\/plattenspieler-s-foil\/"]}]},{"@type":"ImageObject","inLanguage":"de","@id":"https:\/\/srokacompany.com\/de\/produkt\/plattenspieler-s-foil\/#primaryimage","url":"https:\/\/srokacompany.com\/wp-content\/uploads\/2021\/03\/platine-foil.jpg","contentUrl":"https:\/\/srokacompany.com\/wp-content\/uploads\/2021\/03\/platine-foil.jpg","width":780,"height":1040,"caption":"Befestigung f\u00fcr alle foil mit doppelter US-Schienenverbindung auf einem Brett. foil"},{"@type":"BreadcrumbList","@id":"https:\/\/srokacompany.com\/de\/produkt\/plattenspieler-s-foil\/#breadcrumb","itemListElement":[{"@type":"ListItem","position":1,"name":"Accueil","item":"https:\/\/srokacompany.com\/de\/"},{"@type":"ListItem","position":2,"name":"Laden","item":"https:\/\/srokacompany.com\/laden\/"},{"@type":"ListItem","position":3,"name":"Plattenspieler S-Foil"}]},{"@type":"WebSite","@id":"https:\/\/srokacompany.com\/de\/#website","url":"https:\/\/srokacompany.com\/de\/","name":"SROKA Company","description":"SUP, Kite, Foil, Wing","publisher":{"@id":"https:\/\/srokacompany.com\/de\/#organization"},"potentialAction":[{"@type":"SearchAction","target":{"@type":"EntryPoint","urlTemplate":"https:\/\/srokacompany.com\/de\/?s={search_term_string}"},"query-input":{"@type":"PropertyValueSpecification","valueRequired":true,"valueName":"search_term_string"}}],"inLanguage":"de"},{"@type":"Organization","@id":"https:\/\/srokacompany.com\/de\/#organization","name":"SROKACOMPANY","alternateName":"SROKA","url":"https:\/\/srokacompany.com\/de\/","logo":{"@type":"ImageObject","inLanguage":"de","@id":"https:\/\/srokacompany.com\/de\/#\/schema\/logo\/image\/","url":"https:\/\/srokacompany.com\/wp-content\/uploads\/2021\/01\/logo-sroka-black-transpa.png","contentUrl":"https:\/\/srokacompany.com\/wp-content\/uploads\/2021\/01\/logo-sroka-black-transpa.png","width":1201,"height":342,"caption":"SROKACOMPANY"},"image":{"@id":"https:\/\/srokacompany.com\/de\/#\/schema\/logo\/image\/"},"sameAs":["https:\/\/www.facebook.com\/srokawatersports\/","https:\/\/www.instagram.com\/srokawatersports\/","https:\/\/www.youtube.com\/channel\/UCVLHHeaPIm-J5bdEUgxqtZA"]}]}},"uagb_featured_image_src":{"full":["https:\/\/srokacompany.com\/wp-content\/uploads\/2021\/03\/platine-foil.jpg",780,1040,false],"thumbnail":["https:\/\/srokacompany.com\/wp-content\/uploads\/2021\/03\/platine-foil-150x150.jpg",150,150,true],"medium":["https:\/\/srokacompany.com\/wp-content\/uploads\/2021\/03\/platine-foil-225x300.jpg",225,300,true],"medium_large":["https:\/\/srokacompany.com\/wp-content\/uploads\/2021\/03\/platine-foil-768x1024.jpg",768,1024,true],"large":["https:\/\/srokacompany.com\/wp-content\/uploads\/2021\/03\/platine-foil-768x1024.jpg",768,1024,true],"1536x1536":["https:\/\/srokacompany.com\/wp-content\/uploads\/2021\/03\/platine-foil.jpg",780,1040,false],"2048x2048":["https:\/\/srokacompany.com\/wp-content\/uploads\/2021\/03\/platine-foil.jpg",780,1040,false],"woocommerce_thumbnail":["https:\/\/srokacompany.com\/wp-content\/uploads\/2021\/03\/platine-foil-600x800.jpg",600,800,true],"woocommerce_single":["https:\/\/srokacompany.com\/wp-content\/uploads\/2021\/03\/platine-foil-600x800.jpg",600,800,true],"woocommerce_gallery_thumbnail":["https:\/\/srokacompany.com\/wp-content\/uploads\/2021\/03\/platine-foil-100x100.jpg",100,100,true],"dgwt-wcas-product-suggestion":["https:\/\/srokacompany.com\/wp-content\/uploads\/2021\/03\/platine-foil.jpg",64,85,false]},"uagb_author_info":{"display_name":"Tristan Dumard","author_link":"https:\/\/srokacompany.com\/de\/blog\/author\/"},"uagb_comment_info":0,"uagb_excerpt":"Die S-FOIL Platine von SROKA ist die unverzichtbare Schnittstelle, die eine starre und sichere Verbindung zwischen deinem Mast und jedem Board mit Twin-Tracks-Standard (90 mm) garantiert. Die aus robustem, eloxiertem Aluminium gefertigte Platine bietet maximale Kraft\u00fcbertragung und erm\u00f6glicht eine mikrometrische Anpassung der Position des Foils. Dank ihres universellen Designs ist sie mit allen SROKA-Masten kompatibel&hellip;","jetpack_sharing_enabled":true,"_links":{"self":[{"href":"https:\/\/srokacompany.com\/de\/wp-json\/wp\/v2\/product\/345480","targetHints":{"allow":["GET"]}}],"collection":[{"href":"https:\/\/srokacompany.com\/de\/wp-json\/wp\/v2\/product"}],"about":[{"href":"https:\/\/srokacompany.com\/de\/wp-json\/wp\/v2\/types\/product"}],"wp:featuredmedia":[{"embeddable":true,"href":"https:\/\/srokacompany.com\/de\/wp-json\/wp\/v2\/media\/345482"}],"wp:attachment":[{"href":"https:\/\/srokacompany.com\/de\/wp-json\/wp\/v2\/media?parent=345480"}],"wp:term":[{"taxonomy":"product_brand","embeddable":true,"href":"https:\/\/srokacompany.com\/de\/wp-json\/wp\/v2\/product_brand?post=345480"},{"taxonomy":"product_cat","embeddable":true,"href":"https:\/\/srokacompany.com\/de\/wp-json\/wp\/v2\/product_cat?post=345480"},{"taxonomy":"product_tag","embeddable":true,"href":"https:\/\/srokacompany.com\/de\/wp-json\/wp\/v2\/product_tag?post=345480"}],"curies":[{"name":"wp","href":"https:\/\/api.w.org\/{rel}","templated":true}]}}