{"id":345610,"date":"2022-07-28T16:58:54","date_gmt":"2022-07-28T14:58:54","guid":{"rendered":"https:\/\/srokacompany.com\/produit\/pack-wing-foil-aufblasbare-sroka-air-v1\/"},"modified":"2025-12-18T12:52:41","modified_gmt":"2025-12-18T10:52:41","slug":"pack-wing-foil-aufblasbare-sroka-air-v1","status":"publish","type":"product","link":"https:\/\/srokacompany.com\/de\/produkt\/pack-wing-foil-aufblasbare-sroka-air-v1\/","title":{"rendered":"Pack Wing Foil Aufblasbare Sroka Air V1"},"content":{"rendered":"<hr>\n<h2>Pack Wing Foil Aufblasbare Sroka &#8211; <a href=\"https:\/\/srokacompany.com\/de\/produkt\/wingboard-foil-aufblasbares-wingboard-sroka-v2\/\">Aufblasbares Board Air 5&#8217;3, 6&#8217;oder 6&#8217;4<\/a> &#8211; <a href=\"https:\/\/srokacompany.com\/de\/eshop\/flugel-von-wing-foil\/\">Wing in 5m<\/a> &#8211; <a href=\"https:\/\/srokacompany.com\/de\/produkt\/s-foil-klassische-sroka\/\">S-Foil 1750<\/a>.<\/h2>\n<p>Lieferung 1 bis 3 Werktage in Metropolitan Frankreich, wenn das Produkt auf Lager ist.<\/p>\n<p>Egal, ob du Anf\u00e4nger oder <a href=\"https:\/\/srokacompany.com\/de\/blog\/wie-wendet-man-in-wingfoil\/\">Wingfoil-Profi<\/a> bist, du suchst nach leistungsstarker, langlebiger und skalierbarer Ausr\u00fcstung. F\u00fcr alle, die Platz brauchen und unbeschwert reisen m\u00f6chten, haben wir alle Qualit\u00e4ten eines High-End-Wingfoil-Rucksacks mit deinem Wunsch nach Freiheit kombiniert. Wir haben alles getan, um Ihnen ein Board anzubieten, das Ihnen ein Maximum an Empfindungen bietet. Dank seiner <strong>Carbonplatte<\/strong> , die mit einer sch\u00fctzenden Premium-PVC-Schicht \u00fcberzogen ist, ist der Sroka Air in seiner Steifigkeit konkurrenzlos.<\/p>\n<p class=\"p1\" style=\"text-align: justify;\">Wir bieten in diesen Paketen mehrere Brettgr\u00f6\u00dfen an, die auf Ihre K\u00f6rpergr\u00f6\u00dfe und Ihr K\u00f6nnen abgestimmt sind. Sie sind standardm\u00e4\u00dfig mit einem US-Doppelschienengeh\u00e4use ausgestattet. <\/p>\n<p class=\"p3\">Wenn Sie sich fragen, <a href=\"https:\/\/srokacompany.com\/de\/blog\/pack-wing-foil-sroka-unsere-tipps\/\">welches<\/a><a href=\"https:\/\/srokacompany.com\/de\/blog\/pack-wing-foil-sroka-unsere-tipps\/\"> Wingfoil-Paket  Wing Foil  Sie w\u00e4hlen sollen, nehmen Sie sich die Zeit, unseren Artikel &#8220; Wie w\u00e4hle ich mein Wingfoil-Paket<\/a> &#8220; zu lesen, damit Sie die richtige Wahl treffen k\u00f6nnen.<\/p>\n<p><a href=\"https:\/\/srokacompany.com\/de\/produkt\/pack-wing-foil-aufblasbare-sroka-air-v2\/\">Entdecke hier das neue aufblasbare Paket mit den neuen V2 Boards und dem neuen V4 Fl\u00fcgel, erh\u00e4ltlich f\u00fcr <strong>2050\u20ac<\/strong>.<\/a><\/p>\n","protected":false},"excerpt":{"rendered":"<p>Aufblasbares Pack V1 Wing foil Complete . SFoil 1750, Wing 5 m V4 und Brett. Ideal f\u00fcr Anf\u00e4nger und zum schnellen Lernen. Kompakt \/ Stark \/ Einfach   <\/p>\n","protected":false},"featured_media":345619,"template":"","meta":{"_acf_changed":false,"_uag_custom_page_level_css":""},"product_brand":[],"product_cat":[3493,3671,3453],"product_tag":[3441,3442],"class_list":{"0":"post-345610","1":"product","2":"type-product","3":"status-publish","4":"has-post-thumbnail","6":"product_cat-foil-de","7":"product_cat-pack-wing-foil-ihr-komplettes-set-fur-unvergessliche-erlebnisse","8":"product_cat-wing-foil-de","9":"product_tag-anfanger","10":"product_tag-schlau","11":"product_shipping_class-aufblasbares-komplettpaket-wing","13":"first","14":"instock","15":"sale","16":"taxable","17":"shipping-taxable","18":"purchasable","19":"product-type-variable"},"acf":[],"yoast_head":"<!-- This site is optimized with the Yoast SEO plugin v27.4 - https:\/\/yoast.com\/product\/yoast-seo-wordpress\/ -->\n<title>Pack Wing Foil Aufblasbare Sroka Air V1 - SROKA Company<\/title>\n<meta name=\"description\" content=\"Pack Wing Foil Sroka komplett mit aufblasbarem Board Air 6&#039;4 oder 6&#039;, S-Foil 1750 und Wing 5m zum besten Preis-Leistungs-Verh\u00e4ltnis.\" \/>\n<meta name=\"robots\" content=\"index, follow, max-snippet:-1, max-image-preview:large, max-video-preview:-1\" \/>\n<link rel=\"canonical\" href=\"https:\/\/srokacompany.com\/de\/produkt\/pack-wing-foil-aufblasbare-sroka-air-v1\/\" \/>\n<meta property=\"og:locale\" content=\"de_DE\" \/>\n<meta property=\"og:type\" content=\"article\" \/>\n<meta property=\"og:title\" content=\"Pack Wing Foil Aufblasbare Sroka Air V1 - SROKA Company\" \/>\n<meta property=\"og:description\" content=\"Pack Wing Foil Sroka komplett mit aufblasbarem Board Air 6&#039;4 oder 6&#039;, S-Foil 1750 und Wing 5m zum besten Preis-Leistungs-Verh\u00e4ltnis.\" \/>\n<meta property=\"og:url\" content=\"https:\/\/srokacompany.com\/de\/produkt\/pack-wing-foil-aufblasbare-sroka-air-v1\/\" \/>\n<meta property=\"og:site_name\" content=\"SROKA Company\" \/>\n<meta property=\"article:publisher\" content=\"https:\/\/www.facebook.com\/srokawatersports\/\" \/>\n<meta property=\"article:modified_time\" content=\"2025-12-18T10:52:41+00:00\" \/>\n<meta property=\"og:image\" content=\"https:\/\/srokacompany.com\/wp-content\/uploads\/2022\/07\/3.jpg\" \/>\n\t<meta property=\"og:image:width\" content=\"1080\" \/>\n\t<meta property=\"og:image:height\" content=\"1080\" \/>\n\t<meta property=\"og:image:type\" content=\"image\/jpeg\" \/>\n<meta name=\"twitter:label1\" content=\"Gesch\u00e4tzte Lesezeit\" \/>\n\t<meta name=\"twitter:data1\" content=\"1\u00a0Minute\" \/>\n<script type=\"application\/ld+json\" class=\"yoast-schema-graph\">{\"@context\":\"https:\\\/\\\/schema.org\",\"@graph\":[{\"@type\":\"WebPage\",\"@id\":\"https:\\\/\\\/srokacompany.com\\\/de\\\/produkt\\\/pack-wing-foil-aufblasbare-sroka-air-v1\\\/\",\"url\":\"https:\\\/\\\/srokacompany.com\\\/de\\\/produkt\\\/pack-wing-foil-aufblasbare-sroka-air-v1\\\/\",\"name\":\"Pack Wing Foil Aufblasbare Sroka Air V1 - SROKA Company\",\"isPartOf\":{\"@id\":\"https:\\\/\\\/srokacompany.com\\\/de\\\/#website\"},\"primaryImageOfPage\":{\"@id\":\"https:\\\/\\\/srokacompany.com\\\/de\\\/produkt\\\/pack-wing-foil-aufblasbare-sroka-air-v1\\\/#primaryimage\"},\"image\":{\"@id\":\"https:\\\/\\\/srokacompany.com\\\/de\\\/produkt\\\/pack-wing-foil-aufblasbare-sroka-air-v1\\\/#primaryimage\"},\"thumbnailUrl\":\"https:\\\/\\\/srokacompany.com\\\/wp-content\\\/uploads\\\/2022\\\/07\\\/3.jpg\",\"datePublished\":\"2022-07-28T14:58:54+00:00\",\"dateModified\":\"2025-12-18T10:52:41+00:00\",\"description\":\"Pack Wing Foil Sroka komplett mit aufblasbarem Board Air 6'4 oder 6', S-Foil 1750 und Wing 5m zum besten Preis-Leistungs-Verh\u00e4ltnis.\",\"breadcrumb\":{\"@id\":\"https:\\\/\\\/srokacompany.com\\\/de\\\/produkt\\\/pack-wing-foil-aufblasbare-sroka-air-v1\\\/#breadcrumb\"},\"inLanguage\":\"de\",\"potentialAction\":[{\"@type\":\"ReadAction\",\"target\":[\"https:\\\/\\\/srokacompany.com\\\/de\\\/produkt\\\/pack-wing-foil-aufblasbare-sroka-air-v1\\\/\"]}]},{\"@type\":\"ImageObject\",\"inLanguage\":\"de\",\"@id\":\"https:\\\/\\\/srokacompany.com\\\/de\\\/produkt\\\/pack-wing-foil-aufblasbare-sroka-air-v1\\\/#primaryimage\",\"url\":\"https:\\\/\\\/srokacompany.com\\\/wp-content\\\/uploads\\\/2022\\\/07\\\/3.jpg\",\"contentUrl\":\"https:\\\/\\\/srokacompany.com\\\/wp-content\\\/uploads\\\/2022\\\/07\\\/3.jpg\",\"width\":1080,\"height\":1080,\"caption\":\"Pack wing foil gonflable Air V1 SROKA\"},{\"@type\":\"BreadcrumbList\",\"@id\":\"https:\\\/\\\/srokacompany.com\\\/de\\\/produkt\\\/pack-wing-foil-aufblasbare-sroka-air-v1\\\/#breadcrumb\",\"itemListElement\":[{\"@type\":\"ListItem\",\"position\":1,\"name\":\"Accueil\",\"item\":\"https:\\\/\\\/srokacompany.com\\\/de\\\/\"},{\"@type\":\"ListItem\",\"position\":2,\"name\":\"Laden\",\"item\":\"https:\\\/\\\/srokacompany.com\\\/laden\\\/\"},{\"@type\":\"ListItem\",\"position\":3,\"name\":\"Pack Wing Foil Aufblasbare Sroka Air V1\"}]},{\"@type\":\"WebSite\",\"@id\":\"https:\\\/\\\/srokacompany.com\\\/de\\\/#website\",\"url\":\"https:\\\/\\\/srokacompany.com\\\/de\\\/\",\"name\":\"SROKA Company\",\"description\":\"SUP, Kite, Foil, Wing\",\"publisher\":{\"@id\":\"https:\\\/\\\/srokacompany.com\\\/de\\\/#organization\"},\"potentialAction\":[{\"@type\":\"SearchAction\",\"target\":{\"@type\":\"EntryPoint\",\"urlTemplate\":\"https:\\\/\\\/srokacompany.com\\\/de\\\/?s={search_term_string}\"},\"query-input\":{\"@type\":\"PropertyValueSpecification\",\"valueRequired\":true,\"valueName\":\"search_term_string\"}}],\"inLanguage\":\"de\"},{\"@type\":\"Organization\",\"@id\":\"https:\\\/\\\/srokacompany.com\\\/de\\\/#organization\",\"name\":\"SROKACOMPANY\",\"alternateName\":\"SROKA\",\"url\":\"https:\\\/\\\/srokacompany.com\\\/de\\\/\",\"logo\":{\"@type\":\"ImageObject\",\"inLanguage\":\"de\",\"@id\":\"https:\\\/\\\/srokacompany.com\\\/de\\\/#\\\/schema\\\/logo\\\/image\\\/\",\"url\":\"https:\\\/\\\/srokacompany.com\\\/wp-content\\\/uploads\\\/2021\\\/01\\\/logo-sroka-black-transpa.png\",\"contentUrl\":\"https:\\\/\\\/srokacompany.com\\\/wp-content\\\/uploads\\\/2021\\\/01\\\/logo-sroka-black-transpa.png\",\"width\":1201,\"height\":342,\"caption\":\"SROKACOMPANY\"},\"image\":{\"@id\":\"https:\\\/\\\/srokacompany.com\\\/de\\\/#\\\/schema\\\/logo\\\/image\\\/\"},\"sameAs\":[\"https:\\\/\\\/www.facebook.com\\\/srokawatersports\\\/\",\"https:\\\/\\\/www.instagram.com\\\/srokawatersports\\\/\",\"https:\\\/\\\/www.youtube.com\\\/channel\\\/UCVLHHeaPIm-J5bdEUgxqtZA\"]}]}<\/script>\n<!-- \/ Yoast SEO plugin. -->","yoast_head_json":{"title":"Pack Wing Foil Aufblasbare Sroka Air V1 - SROKA Company","description":"Pack Wing Foil Sroka komplett mit aufblasbarem Board Air 6'4 oder 6', S-Foil 1750 und Wing 5m zum besten Preis-Leistungs-Verh\u00e4ltnis.","robots":{"index":"index","follow":"follow","max-snippet":"max-snippet:-1","max-image-preview":"max-image-preview:large","max-video-preview":"max-video-preview:-1"},"canonical":"https:\/\/srokacompany.com\/de\/produkt\/pack-wing-foil-aufblasbare-sroka-air-v1\/","og_locale":"de_DE","og_type":"article","og_title":"Pack Wing Foil Aufblasbare Sroka Air V1 - SROKA Company","og_description":"Pack Wing Foil Sroka komplett mit aufblasbarem Board Air 6'4 oder 6', S-Foil 1750 und Wing 5m zum besten Preis-Leistungs-Verh\u00e4ltnis.","og_url":"https:\/\/srokacompany.com\/de\/produkt\/pack-wing-foil-aufblasbare-sroka-air-v1\/","og_site_name":"SROKA Company","article_publisher":"https:\/\/www.facebook.com\/srokawatersports\/","article_modified_time":"2025-12-18T10:52:41+00:00","og_image":[{"width":1080,"height":1080,"url":"https:\/\/srokacompany.com\/wp-content\/uploads\/2022\/07\/3.jpg","type":"image\/jpeg"}],"twitter_misc":{"Gesch\u00e4tzte Lesezeit":"1\u00a0Minute"},"schema":{"@context":"https:\/\/schema.org","@graph":[{"@type":"WebPage","@id":"https:\/\/srokacompany.com\/de\/produkt\/pack-wing-foil-aufblasbare-sroka-air-v1\/","url":"https:\/\/srokacompany.com\/de\/produkt\/pack-wing-foil-aufblasbare-sroka-air-v1\/","name":"Pack Wing Foil Aufblasbare Sroka Air V1 - SROKA Company","isPartOf":{"@id":"https:\/\/srokacompany.com\/de\/#website"},"primaryImageOfPage":{"@id":"https:\/\/srokacompany.com\/de\/produkt\/pack-wing-foil-aufblasbare-sroka-air-v1\/#primaryimage"},"image":{"@id":"https:\/\/srokacompany.com\/de\/produkt\/pack-wing-foil-aufblasbare-sroka-air-v1\/#primaryimage"},"thumbnailUrl":"https:\/\/srokacompany.com\/wp-content\/uploads\/2022\/07\/3.jpg","datePublished":"2022-07-28T14:58:54+00:00","dateModified":"2025-12-18T10:52:41+00:00","description":"Pack Wing Foil Sroka komplett mit aufblasbarem Board Air 6'4 oder 6', S-Foil 1750 und Wing 5m zum besten Preis-Leistungs-Verh\u00e4ltnis.","breadcrumb":{"@id":"https:\/\/srokacompany.com\/de\/produkt\/pack-wing-foil-aufblasbare-sroka-air-v1\/#breadcrumb"},"inLanguage":"de","potentialAction":[{"@type":"ReadAction","target":["https:\/\/srokacompany.com\/de\/produkt\/pack-wing-foil-aufblasbare-sroka-air-v1\/"]}]},{"@type":"ImageObject","inLanguage":"de","@id":"https:\/\/srokacompany.com\/de\/produkt\/pack-wing-foil-aufblasbare-sroka-air-v1\/#primaryimage","url":"https:\/\/srokacompany.com\/wp-content\/uploads\/2022\/07\/3.jpg","contentUrl":"https:\/\/srokacompany.com\/wp-content\/uploads\/2022\/07\/3.jpg","width":1080,"height":1080,"caption":"Pack wing foil gonflable Air V1 SROKA"},{"@type":"BreadcrumbList","@id":"https:\/\/srokacompany.com\/de\/produkt\/pack-wing-foil-aufblasbare-sroka-air-v1\/#breadcrumb","itemListElement":[{"@type":"ListItem","position":1,"name":"Accueil","item":"https:\/\/srokacompany.com\/de\/"},{"@type":"ListItem","position":2,"name":"Laden","item":"https:\/\/srokacompany.com\/laden\/"},{"@type":"ListItem","position":3,"name":"Pack Wing Foil Aufblasbare Sroka Air V1"}]},{"@type":"WebSite","@id":"https:\/\/srokacompany.com\/de\/#website","url":"https:\/\/srokacompany.com\/de\/","name":"SROKA Company","description":"SUP, Kite, Foil, Wing","publisher":{"@id":"https:\/\/srokacompany.com\/de\/#organization"},"potentialAction":[{"@type":"SearchAction","target":{"@type":"EntryPoint","urlTemplate":"https:\/\/srokacompany.com\/de\/?s={search_term_string}"},"query-input":{"@type":"PropertyValueSpecification","valueRequired":true,"valueName":"search_term_string"}}],"inLanguage":"de"},{"@type":"Organization","@id":"https:\/\/srokacompany.com\/de\/#organization","name":"SROKACOMPANY","alternateName":"SROKA","url":"https:\/\/srokacompany.com\/de\/","logo":{"@type":"ImageObject","inLanguage":"de","@id":"https:\/\/srokacompany.com\/de\/#\/schema\/logo\/image\/","url":"https:\/\/srokacompany.com\/wp-content\/uploads\/2021\/01\/logo-sroka-black-transpa.png","contentUrl":"https:\/\/srokacompany.com\/wp-content\/uploads\/2021\/01\/logo-sroka-black-transpa.png","width":1201,"height":342,"caption":"SROKACOMPANY"},"image":{"@id":"https:\/\/srokacompany.com\/de\/#\/schema\/logo\/image\/"},"sameAs":["https:\/\/www.facebook.com\/srokawatersports\/","https:\/\/www.instagram.com\/srokawatersports\/","https:\/\/www.youtube.com\/channel\/UCVLHHeaPIm-J5bdEUgxqtZA"]}]}},"uagb_featured_image_src":{"full":["https:\/\/srokacompany.com\/wp-content\/uploads\/2022\/07\/3.jpg",1080,1080,false],"thumbnail":["https:\/\/srokacompany.com\/wp-content\/uploads\/2022\/07\/3-150x150.jpg",150,150,true],"medium":["https:\/\/srokacompany.com\/wp-content\/uploads\/2022\/07\/3-300x300.jpg",300,300,true],"medium_large":["https:\/\/srokacompany.com\/wp-content\/uploads\/2022\/07\/3-768x768.jpg",768,768,true],"large":["https:\/\/srokacompany.com\/wp-content\/uploads\/2022\/07\/3-1024x1024.jpg",1024,1024,true],"1536x1536":["https:\/\/srokacompany.com\/wp-content\/uploads\/2022\/07\/3.jpg",1080,1080,false],"2048x2048":["https:\/\/srokacompany.com\/wp-content\/uploads\/2022\/07\/3.jpg",1080,1080,false],"woocommerce_thumbnail":["https:\/\/srokacompany.com\/wp-content\/uploads\/2022\/07\/3-600x600.jpg",600,600,true],"woocommerce_single":["https:\/\/srokacompany.com\/wp-content\/uploads\/2022\/07\/3-600x600.jpg",600,600,true],"woocommerce_gallery_thumbnail":["https:\/\/srokacompany.com\/wp-content\/uploads\/2022\/07\/3-100x100.jpg",100,100,true],"dgwt-wcas-product-suggestion":["https:\/\/srokacompany.com\/wp-content\/uploads\/2022\/07\/3.jpg",64,64,false]},"uagb_author_info":{"display_name":"Tristan Dumard","author_link":"https:\/\/srokacompany.com\/de\/blog\/author\/"},"uagb_comment_info":0,"uagb_excerpt":"Aufblasbares Pack V1 Wing foil Complete . SFoil 1750, Wing 5 m V4 und Brett. Ideal f\u00fcr Anf\u00e4nger und zum schnellen Lernen. Kompakt \/ Stark \/ Einfach","jetpack_sharing_enabled":true,"_links":{"self":[{"href":"https:\/\/srokacompany.com\/de\/wp-json\/wp\/v2\/product\/345610","targetHints":{"allow":["GET"]}}],"collection":[{"href":"https:\/\/srokacompany.com\/de\/wp-json\/wp\/v2\/product"}],"about":[{"href":"https:\/\/srokacompany.com\/de\/wp-json\/wp\/v2\/types\/product"}],"wp:featuredmedia":[{"embeddable":true,"href":"https:\/\/srokacompany.com\/de\/wp-json\/wp\/v2\/media\/345619"}],"wp:attachment":[{"href":"https:\/\/srokacompany.com\/de\/wp-json\/wp\/v2\/media?parent=345610"}],"wp:term":[{"taxonomy":"product_brand","embeddable":true,"href":"https:\/\/srokacompany.com\/de\/wp-json\/wp\/v2\/product_brand?post=345610"},{"taxonomy":"product_cat","embeddable":true,"href":"https:\/\/srokacompany.com\/de\/wp-json\/wp\/v2\/product_cat?post=345610"},{"taxonomy":"product_tag","embeddable":true,"href":"https:\/\/srokacompany.com\/de\/wp-json\/wp\/v2\/product_tag?post=345610"}],"curies":[{"name":"wp","href":"https:\/\/api.w.org\/{rel}","templated":true}]}}