{"id":345644,"date":"2022-07-21T16:26:04","date_gmt":"2022-07-21T16:26:04","guid":{"rendered":"https:\/\/srokacompany.com\/produit\/fluegelset-ha-950-speed-stab-240\/"},"modified":"2025-11-25T11:07:04","modified_gmt":"2025-11-25T09:07:04","slug":"fluegelset-ha-950-speed-stab-240","status":"publish","type":"product","link":"https:\/\/srokacompany.com\/de\/produkt\/fluegelset-ha-950-speed-stab-240\/","title":{"rendered":"Fl\u00fcgelset HA 950 Speed + stab 240"},"content":{"rendered":"<hr>\n<h2>Set foil Performance Frontfl\u00fcgel HA 950 S und Stab 240<\/h2>\n<p>Die leistungsst\u00e4rkste Kite-Combo von foil. Der High Aspect 950 Speed Frontfl\u00fcgel und der High Aspect 240 Stabilisator arbeiten in perfekter Harmonie zusammen, um Ihre Geschwindigkeitsrekorde zu sprengen und dabei unglaublich gut zu gleiten. Dieses preisg\u00fcnstige Fl\u00fcgelset richtet sich an erfahrene Wing foil und Surfer foil. Wir haben die Profile mit \u00e4u\u00dferster Sorgfalt bearbeitet, um Ihnen einen Start ab 15 Knoten Wind bei einer Gr\u00f6\u00dfe von 80 kg, ein hypergesundes Verhalten f\u00fcr eine absolute Kontrolle bei hohen Geschwindigkeiten und eine unvergleichliche Leistung zu bieten.   <\/p>\n<p>Beim Surfen foil, bietet dieses Wingset von foil dank seiner gro\u00dfen Streckung ein erstaunliches Pumpverhalten. Das sehr gesunde Verhalten und die neuartige Arbeit am Profil erm\u00f6glichen einen fr\u00fchen Start in den Flug, w\u00e4hrend die Geschwindigkeit des foil entfesselt wird, um schnelle und kraftvolle Wellen zu surfen. Diese Combo unterstreicht die Wendigkeit deines foil.  <\/p>\n<p>Beim Wing foil, profitieren Sie von einer halluzinierenden H\u00f6chstgeschwindigkeit. Trotzdem gelingt der Start bei durchschnittlichen Windverh\u00e4ltnissen problemlos. Das daraus resultierende Gleitgef\u00fchl ist einzigartig.  <\/p>\n<p>Ideal f\u00fcr Wing foil (Fortgeschrittene), Kite foil, Wind foil, Surfen foil (Fortgeschrittene, gro\u00dfe Wellen, starker Schwell, gezogen).<\/p>\n<p>Empfohlen mit :<\/p>\n<ul>\n<li><a href=\"https:\/\/srokacompany.com\/de\/produkt\/rumpf-s-foil\/\">Rumpf<\/a> <b>62 cm<\/b> ( <b>Man\u00f6vrierkonfiguration<\/b>) oder Standardrumpf <b>68 cm<\/b> ( <b>Geschwindigkeitskonfiguration<\/b>)<\/li>\n<li>Mast 70\/80cm in Surf foil &#8211; Mast 80\/90cm in Wing foil<\/li>\n<li><a href=\"https:\/\/srokacompany.com\/de\/produkt\/sky-rider-board-48-und-52\/\">Sky Rider 4&#8217;8<\/a> &#8211; Sky Rider 5&#8217;5 &#8211; <a href=\"https:\/\/srokacompany.com\/de\/produkt\/surf-foil-46-fast-flyer\/\">Fast Flyer 4&#8217;6<\/a><\/li>\n<\/ul>\n","protected":false},"excerpt":{"rendered":"<p><b>Fl\u00fcgelset Foil HA 950 Speed + Stab 240:<\/b> Die <b>&#8222;Plug and Play&#8220;<\/b> -Kombo f\u00fcr erschwingliche Leistung. <b>Exzellente<\/b> Gleitleistung, <b>blitzschnelle Beschleunigung<\/b> und <b>Wendigkeit<\/b> f\u00fcr <b>Wingfoil<\/b> (ab 13 Knoten) und <b>Freestyle bei leichtem Wind<\/b> oder einfach<b> beim Freeriden<\/b>. Dein Katalysator f\u00fcr Nervenkitzel. <\/p>\n","protected":false},"featured_media":345645,"template":"","meta":{"_acf_changed":false,"_uag_custom_page_level_css":""},"product_brand":[],"product_cat":[3473,3440,3493,3453],"product_tag":[3459,3443,3442],"class_list":{"0":"post-345644","1":"product","2":"type-product","3":"status-publish","4":"has-post-thumbnail","6":"product_cat-alle-unsere-high-aspect-lamellen","7":"product_cat-flugel-wing-foil","8":"product_cat-foil-de","9":"product_cat-wing-foil-de","10":"product_tag-experte","11":"product_tag-fortgeschrittene","12":"product_tag-schlau","13":"product_shipping_class-foil-komplett-oder-ersatzteile-wing-einheit","15":"first","16":"instock","17":"sale","18":"taxable","19":"shipping-taxable","20":"purchasable","21":"product-type-variable"},"acf":[],"yoast_head":"<!-- This site is optimized with the Yoast SEO plugin v27.4 - https:\/\/yoast.com\/product\/yoast-seo-wordpress\/ -->\n<title>Fl\u00fcgelset HA 950 Speed + stab 240 - SROKA Company<\/title>\n<meta name=\"description\" content=\"Das Sroka High Aspect Kite Set von foil im Angebot beinhaltet die brandneuen und extrem leistungsstarken HA 950 S und seinen Stabilisator 240\" \/>\n<meta name=\"robots\" content=\"index, follow, max-snippet:-1, max-image-preview:large, max-video-preview:-1\" \/>\n<link rel=\"canonical\" href=\"https:\/\/srokacompany.com\/de\/produkt\/fluegelset-ha-950-speed-stab-240\/\" \/>\n<meta property=\"og:locale\" content=\"de_DE\" \/>\n<meta property=\"og:type\" content=\"article\" \/>\n<meta property=\"og:title\" content=\"Fl\u00fcgelset HA 950 Speed + stab 240 - SROKA Company\" \/>\n<meta property=\"og:description\" content=\"Das Sroka High Aspect Kite Set von foil im Angebot beinhaltet die brandneuen und extrem leistungsstarken HA 950 S und seinen Stabilisator 240\" \/>\n<meta property=\"og:url\" content=\"https:\/\/srokacompany.com\/de\/produkt\/fluegelset-ha-950-speed-stab-240\/\" \/>\n<meta property=\"og:site_name\" content=\"SROKA Company\" \/>\n<meta property=\"article:publisher\" content=\"https:\/\/www.facebook.com\/srokawatersports\/\" \/>\n<meta property=\"article:modified_time\" content=\"2025-11-25T09:07:04+00:00\" \/>\n<meta property=\"og:image\" content=\"https:\/\/srokacompany.com\/wp-content\/uploads\/2022\/07\/950-HA.jpg\" \/>\n\t<meta property=\"og:image:width\" content=\"1200\" \/>\n\t<meta property=\"og:image:height\" content=\"912\" \/>\n\t<meta property=\"og:image:type\" content=\"image\/jpeg\" \/>\n<meta name=\"twitter:label1\" content=\"Gesch\u00e4tzte Lesezeit\" \/>\n\t<meta name=\"twitter:data1\" content=\"1\u00a0Minute\" \/>\n<script type=\"application\/ld+json\" class=\"yoast-schema-graph\">{\"@context\":\"https:\\\/\\\/schema.org\",\"@graph\":[{\"@type\":\"WebPage\",\"@id\":\"https:\\\/\\\/srokacompany.com\\\/de\\\/produkt\\\/fluegelset-ha-950-speed-stab-240\\\/\",\"url\":\"https:\\\/\\\/srokacompany.com\\\/de\\\/produkt\\\/fluegelset-ha-950-speed-stab-240\\\/\",\"name\":\"Fl\u00fcgelset HA 950 Speed + stab 240 - SROKA Company\",\"isPartOf\":{\"@id\":\"https:\\\/\\\/srokacompany.com\\\/de\\\/#website\"},\"primaryImageOfPage\":{\"@id\":\"https:\\\/\\\/srokacompany.com\\\/de\\\/produkt\\\/fluegelset-ha-950-speed-stab-240\\\/#primaryimage\"},\"image\":{\"@id\":\"https:\\\/\\\/srokacompany.com\\\/de\\\/produkt\\\/fluegelset-ha-950-speed-stab-240\\\/#primaryimage\"},\"thumbnailUrl\":\"https:\\\/\\\/srokacompany.com\\\/wp-content\\\/uploads\\\/2022\\\/07\\\/950-HA.jpg\",\"datePublished\":\"2022-07-21T16:26:04+00:00\",\"dateModified\":\"2025-11-25T09:07:04+00:00\",\"description\":\"Das Sroka High Aspect Kite Set von foil im Angebot beinhaltet die brandneuen und extrem leistungsstarken HA 950 S und seinen Stabilisator 240\",\"breadcrumb\":{\"@id\":\"https:\\\/\\\/srokacompany.com\\\/de\\\/produkt\\\/fluegelset-ha-950-speed-stab-240\\\/#breadcrumb\"},\"inLanguage\":\"de\",\"potentialAction\":[{\"@type\":\"ReadAction\",\"target\":[\"https:\\\/\\\/srokacompany.com\\\/de\\\/produkt\\\/fluegelset-ha-950-speed-stab-240\\\/\"]}]},{\"@type\":\"ImageObject\",\"inLanguage\":\"de\",\"@id\":\"https:\\\/\\\/srokacompany.com\\\/de\\\/produkt\\\/fluegelset-ha-950-speed-stab-240\\\/#primaryimage\",\"url\":\"https:\\\/\\\/srokacompany.com\\\/wp-content\\\/uploads\\\/2022\\\/07\\\/950-HA.jpg\",\"contentUrl\":\"https:\\\/\\\/srokacompany.com\\\/wp-content\\\/uploads\\\/2022\\\/07\\\/950-HA.jpg\",\"width\":1200,\"height\":912},{\"@type\":\"BreadcrumbList\",\"@id\":\"https:\\\/\\\/srokacompany.com\\\/de\\\/produkt\\\/fluegelset-ha-950-speed-stab-240\\\/#breadcrumb\",\"itemListElement\":[{\"@type\":\"ListItem\",\"position\":1,\"name\":\"Accueil\",\"item\":\"https:\\\/\\\/srokacompany.com\\\/de\\\/\"},{\"@type\":\"ListItem\",\"position\":2,\"name\":\"Laden\",\"item\":\"https:\\\/\\\/srokacompany.com\\\/laden\\\/\"},{\"@type\":\"ListItem\",\"position\":3,\"name\":\"Fl\u00fcgelset HA 950 Speed + stab 240\"}]},{\"@type\":\"WebSite\",\"@id\":\"https:\\\/\\\/srokacompany.com\\\/de\\\/#website\",\"url\":\"https:\\\/\\\/srokacompany.com\\\/de\\\/\",\"name\":\"SROKA Company\",\"description\":\"SUP, Kite, Foil, Wing\",\"publisher\":{\"@id\":\"https:\\\/\\\/srokacompany.com\\\/de\\\/#organization\"},\"potentialAction\":[{\"@type\":\"SearchAction\",\"target\":{\"@type\":\"EntryPoint\",\"urlTemplate\":\"https:\\\/\\\/srokacompany.com\\\/de\\\/?s={search_term_string}\"},\"query-input\":{\"@type\":\"PropertyValueSpecification\",\"valueRequired\":true,\"valueName\":\"search_term_string\"}}],\"inLanguage\":\"de\"},{\"@type\":\"Organization\",\"@id\":\"https:\\\/\\\/srokacompany.com\\\/de\\\/#organization\",\"name\":\"SROKACOMPANY\",\"alternateName\":\"SROKA\",\"url\":\"https:\\\/\\\/srokacompany.com\\\/de\\\/\",\"logo\":{\"@type\":\"ImageObject\",\"inLanguage\":\"de\",\"@id\":\"https:\\\/\\\/srokacompany.com\\\/de\\\/#\\\/schema\\\/logo\\\/image\\\/\",\"url\":\"https:\\\/\\\/srokacompany.com\\\/wp-content\\\/uploads\\\/2021\\\/01\\\/logo-sroka-black-transpa.png\",\"contentUrl\":\"https:\\\/\\\/srokacompany.com\\\/wp-content\\\/uploads\\\/2021\\\/01\\\/logo-sroka-black-transpa.png\",\"width\":1201,\"height\":342,\"caption\":\"SROKACOMPANY\"},\"image\":{\"@id\":\"https:\\\/\\\/srokacompany.com\\\/de\\\/#\\\/schema\\\/logo\\\/image\\\/\"},\"sameAs\":[\"https:\\\/\\\/www.facebook.com\\\/srokawatersports\\\/\",\"https:\\\/\\\/www.instagram.com\\\/srokawatersports\\\/\",\"https:\\\/\\\/www.youtube.com\\\/channel\\\/UCVLHHeaPIm-J5bdEUgxqtZA\"]}]}<\/script>\n<!-- \/ Yoast SEO plugin. -->","yoast_head_json":{"title":"Fl\u00fcgelset HA 950 Speed + stab 240 - SROKA Company","description":"Das Sroka High Aspect Kite Set von foil im Angebot beinhaltet die brandneuen und extrem leistungsstarken HA 950 S und seinen Stabilisator 240","robots":{"index":"index","follow":"follow","max-snippet":"max-snippet:-1","max-image-preview":"max-image-preview:large","max-video-preview":"max-video-preview:-1"},"canonical":"https:\/\/srokacompany.com\/de\/produkt\/fluegelset-ha-950-speed-stab-240\/","og_locale":"de_DE","og_type":"article","og_title":"Fl\u00fcgelset HA 950 Speed + stab 240 - SROKA Company","og_description":"Das Sroka High Aspect Kite Set von foil im Angebot beinhaltet die brandneuen und extrem leistungsstarken HA 950 S und seinen Stabilisator 240","og_url":"https:\/\/srokacompany.com\/de\/produkt\/fluegelset-ha-950-speed-stab-240\/","og_site_name":"SROKA Company","article_publisher":"https:\/\/www.facebook.com\/srokawatersports\/","article_modified_time":"2025-11-25T09:07:04+00:00","og_image":[{"width":1200,"height":912,"url":"https:\/\/srokacompany.com\/wp-content\/uploads\/2022\/07\/950-HA.jpg","type":"image\/jpeg"}],"twitter_misc":{"Gesch\u00e4tzte Lesezeit":"1\u00a0Minute"},"schema":{"@context":"https:\/\/schema.org","@graph":[{"@type":"WebPage","@id":"https:\/\/srokacompany.com\/de\/produkt\/fluegelset-ha-950-speed-stab-240\/","url":"https:\/\/srokacompany.com\/de\/produkt\/fluegelset-ha-950-speed-stab-240\/","name":"Fl\u00fcgelset HA 950 Speed + stab 240 - SROKA Company","isPartOf":{"@id":"https:\/\/srokacompany.com\/de\/#website"},"primaryImageOfPage":{"@id":"https:\/\/srokacompany.com\/de\/produkt\/fluegelset-ha-950-speed-stab-240\/#primaryimage"},"image":{"@id":"https:\/\/srokacompany.com\/de\/produkt\/fluegelset-ha-950-speed-stab-240\/#primaryimage"},"thumbnailUrl":"https:\/\/srokacompany.com\/wp-content\/uploads\/2022\/07\/950-HA.jpg","datePublished":"2022-07-21T16:26:04+00:00","dateModified":"2025-11-25T09:07:04+00:00","description":"Das Sroka High Aspect Kite Set von foil im Angebot beinhaltet die brandneuen und extrem leistungsstarken HA 950 S und seinen Stabilisator 240","breadcrumb":{"@id":"https:\/\/srokacompany.com\/de\/produkt\/fluegelset-ha-950-speed-stab-240\/#breadcrumb"},"inLanguage":"de","potentialAction":[{"@type":"ReadAction","target":["https:\/\/srokacompany.com\/de\/produkt\/fluegelset-ha-950-speed-stab-240\/"]}]},{"@type":"ImageObject","inLanguage":"de","@id":"https:\/\/srokacompany.com\/de\/produkt\/fluegelset-ha-950-speed-stab-240\/#primaryimage","url":"https:\/\/srokacompany.com\/wp-content\/uploads\/2022\/07\/950-HA.jpg","contentUrl":"https:\/\/srokacompany.com\/wp-content\/uploads\/2022\/07\/950-HA.jpg","width":1200,"height":912},{"@type":"BreadcrumbList","@id":"https:\/\/srokacompany.com\/de\/produkt\/fluegelset-ha-950-speed-stab-240\/#breadcrumb","itemListElement":[{"@type":"ListItem","position":1,"name":"Accueil","item":"https:\/\/srokacompany.com\/de\/"},{"@type":"ListItem","position":2,"name":"Laden","item":"https:\/\/srokacompany.com\/laden\/"},{"@type":"ListItem","position":3,"name":"Fl\u00fcgelset HA 950 Speed + stab 240"}]},{"@type":"WebSite","@id":"https:\/\/srokacompany.com\/de\/#website","url":"https:\/\/srokacompany.com\/de\/","name":"SROKA Company","description":"SUP, Kite, Foil, Wing","publisher":{"@id":"https:\/\/srokacompany.com\/de\/#organization"},"potentialAction":[{"@type":"SearchAction","target":{"@type":"EntryPoint","urlTemplate":"https:\/\/srokacompany.com\/de\/?s={search_term_string}"},"query-input":{"@type":"PropertyValueSpecification","valueRequired":true,"valueName":"search_term_string"}}],"inLanguage":"de"},{"@type":"Organization","@id":"https:\/\/srokacompany.com\/de\/#organization","name":"SROKACOMPANY","alternateName":"SROKA","url":"https:\/\/srokacompany.com\/de\/","logo":{"@type":"ImageObject","inLanguage":"de","@id":"https:\/\/srokacompany.com\/de\/#\/schema\/logo\/image\/","url":"https:\/\/srokacompany.com\/wp-content\/uploads\/2021\/01\/logo-sroka-black-transpa.png","contentUrl":"https:\/\/srokacompany.com\/wp-content\/uploads\/2021\/01\/logo-sroka-black-transpa.png","width":1201,"height":342,"caption":"SROKACOMPANY"},"image":{"@id":"https:\/\/srokacompany.com\/de\/#\/schema\/logo\/image\/"},"sameAs":["https:\/\/www.facebook.com\/srokawatersports\/","https:\/\/www.instagram.com\/srokawatersports\/","https:\/\/www.youtube.com\/channel\/UCVLHHeaPIm-J5bdEUgxqtZA"]}]}},"uagb_featured_image_src":{"full":["https:\/\/srokacompany.com\/wp-content\/uploads\/2022\/07\/950-HA.jpg",1200,912,false],"thumbnail":["https:\/\/srokacompany.com\/wp-content\/uploads\/2022\/07\/950-HA-150x150.jpg",150,150,true],"medium":["https:\/\/srokacompany.com\/wp-content\/uploads\/2022\/07\/950-HA-300x228.jpg",300,228,true],"medium_large":["https:\/\/srokacompany.com\/wp-content\/uploads\/2022\/07\/950-HA-768x584.jpg",768,584,true],"large":["https:\/\/srokacompany.com\/wp-content\/uploads\/2022\/07\/950-HA-1024x778.jpg",1024,778,true],"1536x1536":["https:\/\/srokacompany.com\/wp-content\/uploads\/2022\/07\/950-HA.jpg",1200,912,false],"2048x2048":["https:\/\/srokacompany.com\/wp-content\/uploads\/2022\/07\/950-HA.jpg",1200,912,false],"woocommerce_thumbnail":["https:\/\/srokacompany.com\/wp-content\/uploads\/2022\/07\/950-HA-600x456.jpg",600,456,true],"woocommerce_single":["https:\/\/srokacompany.com\/wp-content\/uploads\/2022\/07\/950-HA-600x456.jpg",600,456,true],"woocommerce_gallery_thumbnail":["https:\/\/srokacompany.com\/wp-content\/uploads\/2022\/07\/950-HA-100x100.jpg",100,100,true],"dgwt-wcas-product-suggestion":["https:\/\/srokacompany.com\/wp-content\/uploads\/2022\/07\/950-HA.jpg",64,49,false]},"uagb_author_info":{"display_name":"Emmanuel DIJOUX","author_link":"https:\/\/srokacompany.com\/de\/blog\/author\/"},"uagb_comment_info":0,"uagb_excerpt":"Fl\u00fcgelset Foil HA 950 Speed + Stab 240: Die \"Plug and Play\" -Kombo f\u00fcr erschwingliche Leistung. Exzellente Gleitleistung, blitzschnelle Beschleunigung und Wendigkeit f\u00fcr Wingfoil (ab 13 Knoten) und Freestyle bei leichtem Wind oder einfach beim Freeriden. Dein Katalysator f\u00fcr Nervenkitzel.","jetpack_sharing_enabled":true,"_links":{"self":[{"href":"https:\/\/srokacompany.com\/de\/wp-json\/wp\/v2\/product\/345644","targetHints":{"allow":["GET"]}}],"collection":[{"href":"https:\/\/srokacompany.com\/de\/wp-json\/wp\/v2\/product"}],"about":[{"href":"https:\/\/srokacompany.com\/de\/wp-json\/wp\/v2\/types\/product"}],"wp:featuredmedia":[{"embeddable":true,"href":"https:\/\/srokacompany.com\/de\/wp-json\/wp\/v2\/media\/345645"}],"wp:attachment":[{"href":"https:\/\/srokacompany.com\/de\/wp-json\/wp\/v2\/media?parent=345644"}],"wp:term":[{"taxonomy":"product_brand","embeddable":true,"href":"https:\/\/srokacompany.com\/de\/wp-json\/wp\/v2\/product_brand?post=345644"},{"taxonomy":"product_cat","embeddable":true,"href":"https:\/\/srokacompany.com\/de\/wp-json\/wp\/v2\/product_cat?post=345644"},{"taxonomy":"product_tag","embeddable":true,"href":"https:\/\/srokacompany.com\/de\/wp-json\/wp\/v2\/product_tag?post=345644"}],"curies":[{"name":"wp","href":"https:\/\/api.w.org\/{rel}","templated":true}]}}