{"id":345669,"date":"2023-02-17T09:28:28","date_gmt":"2023-02-17T07:28:28","guid":{"rendered":"https:\/\/srokacompany.com\/produit\/wake-paket-foil-pocket-2023-s-foil\/"},"modified":"2025-06-26T22:57:46","modified_gmt":"2025-06-26T20:57:46","slug":"wake-paket-foil-pocket-2023-s-foil","status":"publish","type":"product","link":"https:\/\/srokacompany.com\/de\/produkt\/wake-paket-foil-pocket-2023-s-foil\/","title":{"rendered":"Wake-Paket Foil: Pocket 2023 + S-foil"},"content":{"rendered":"<hr>\n<h3><em>&#8222;Die beste Kombi, um sich im Wake-foil auszuzeichnen&#8220;.  <\/em><\/h3>\n<p>Das Paket enth\u00e4lt das <strong>Pocket 2023<\/strong>, das f\u00fcr eine unvergleichliche <strong>Agilit\u00e4t<\/strong> konzipiert wurde, sowie ein S-Foil 1190 Lift oder 1350 Lift. Wenn Sie auf der Suche nach dem perfekten foil f\u00fcr Wake-foil sind, der auch <strong>in anderen Disziplinen<\/strong> wie Wing-foil oder Surf-foil eine <strong>hervorragende Leistung<\/strong> bietet, dann ist dieses Paket genau das Richtige f\u00fcr Sie. <\/p>\n<p><strong>Pocket 2023<\/strong>: Durch die ultrasteife Konstruktion und die kompakte Gr\u00f6\u00dfe f\u00fchlt er sich an, als w\u00e4re er eins mit dem foil, was ihm eine au\u00dfergew\u00f6hnliche Reaktionsf\u00e4higkeit verleiht. Das Ganze reagiert genau wie erwartet und es ist berauschend!<\/p>\n<p><strong>S-Foil 1190 und 1350 Lift<\/strong>: Diese Kites mit hoher Aspect Ratio erm\u00f6glichen es dir, auf jeder Bootswelle grenzenlos zu gleiten. W\u00e4hlen Sie den <strong>1350<\/strong> Lift f\u00fcr <strong>gr\u00f6\u00dfere<\/strong> Fahrer (+85 kg) und um die 2. bis 4. Welle des Bootes zu reiten und den 1190 Lift f\u00fcr leichtere Fahrer oder um in den tiefsten Wellen so nah wie m\u00f6glich am Boot zu sein. Wir raten davon ab, die 1190 Speed beim Wake-Surfen foil zu verwenden, da sie zu schnell ist.<\/p>\n","protected":false},"excerpt":{"rendered":"<p>Das Paket umfasst :<\/p>\n<ul>\n<li>eine Aufblaspumpe<\/li>\n<li>ein 3-teiliges, abnehmbares und verstellbares Paddel<\/li>\n<li>eine leash<\/li>\n<li>1 Querruder mit Rei\u00dfverschluss<\/li>\n<li>eine verstellbare Tragetasche<\/li>\n<li>ein kleines Reparatur- und Wartungsset<\/li>\n<\/ul>\n","protected":false},"featured_media":345674,"template":"","meta":{"_acf_changed":false,"_uag_custom_page_level_css":""},"product_brand":[],"product_cat":[3496],"product_tag":[],"class_list":{"0":"post-345669","1":"product","2":"type-product","3":"status-publish","4":"has-post-thumbnail","6":"product_cat-downwind-uha-reihe","8":"first","9":"instock","10":"taxable","11":"shipping-taxable","12":"purchasable","13":"product-type-woosb"},"acf":[],"yoast_head":"<!-- This site is optimized with the Yoast SEO plugin v27.4 - https:\/\/yoast.com\/product\/yoast-seo-wordpress\/ -->\n<title>Wake-Paket Foil: Pocket 2023 + S-foil - SROKA Company<\/title>\n<meta name=\"description\" content=\"Entdecken Sie es wake foil ganz einfach mit diesem Komplettpaket. Kompaktes und leichtes Board, foil vielseitiges und leistungsstarkes Board, praktische Tragetasche.\" \/>\n<meta name=\"robots\" content=\"index, follow, max-snippet:-1, max-image-preview:large, max-video-preview:-1\" \/>\n<link rel=\"canonical\" href=\"https:\/\/srokacompany.com\/de\/produkt\/wake-paket-foil-pocket-2023-s-foil\/\" \/>\n<meta property=\"og:locale\" content=\"de_DE\" \/>\n<meta property=\"og:type\" content=\"article\" \/>\n<meta property=\"og:title\" content=\"Wake-Paket Foil: Pocket 2023 + S-foil - SROKA Company\" \/>\n<meta property=\"og:description\" content=\"Entdecken Sie es wake foil ganz einfach mit diesem Komplettpaket. Kompaktes und leichtes Board, foil vielseitiges und leistungsstarkes Board, praktische Tragetasche.\" \/>\n<meta property=\"og:url\" content=\"https:\/\/srokacompany.com\/de\/produkt\/wake-paket-foil-pocket-2023-s-foil\/\" \/>\n<meta property=\"og:site_name\" content=\"SROKA Company\" \/>\n<meta property=\"article:publisher\" content=\"https:\/\/www.facebook.com\/srokawatersports\/\" \/>\n<meta property=\"article:modified_time\" content=\"2025-06-26T20:57:46+00:00\" \/>\n<meta property=\"og:image\" content=\"https:\/\/srokacompany.com\/wp-content\/uploads\/2023\/02\/Pack-wake-foil.png\" \/>\n\t<meta property=\"og:image:width\" content=\"740\" \/>\n\t<meta property=\"og:image:height\" content=\"1080\" \/>\n\t<meta property=\"og:image:type\" content=\"image\/png\" \/>\n<meta name=\"twitter:label1\" content=\"Gesch\u00e4tzte Lesezeit\" \/>\n\t<meta name=\"twitter:data1\" content=\"1\u00a0Minute\" \/>\n<script type=\"application\/ld+json\" class=\"yoast-schema-graph\">{\"@context\":\"https:\\\/\\\/schema.org\",\"@graph\":[{\"@type\":\"WebPage\",\"@id\":\"https:\\\/\\\/srokacompany.com\\\/de\\\/produkt\\\/wake-paket-foil-pocket-2023-s-foil\\\/\",\"url\":\"https:\\\/\\\/srokacompany.com\\\/de\\\/produkt\\\/wake-paket-foil-pocket-2023-s-foil\\\/\",\"name\":\"Wake-Paket Foil: Pocket 2023 + S-foil - SROKA Company\",\"isPartOf\":{\"@id\":\"https:\\\/\\\/srokacompany.com\\\/de\\\/#website\"},\"primaryImageOfPage\":{\"@id\":\"https:\\\/\\\/srokacompany.com\\\/de\\\/produkt\\\/wake-paket-foil-pocket-2023-s-foil\\\/#primaryimage\"},\"image\":{\"@id\":\"https:\\\/\\\/srokacompany.com\\\/de\\\/produkt\\\/wake-paket-foil-pocket-2023-s-foil\\\/#primaryimage\"},\"thumbnailUrl\":\"https:\\\/\\\/srokacompany.com\\\/wp-content\\\/uploads\\\/2023\\\/02\\\/Pack-wake-foil.png\",\"datePublished\":\"2023-02-17T07:28:28+00:00\",\"dateModified\":\"2025-06-26T20:57:46+00:00\",\"description\":\"Entdecken Sie es wake foil ganz einfach mit diesem Komplettpaket. Kompaktes und leichtes Board, foil vielseitiges und leistungsstarkes Board, praktische Tragetasche.\",\"breadcrumb\":{\"@id\":\"https:\\\/\\\/srokacompany.com\\\/de\\\/produkt\\\/wake-paket-foil-pocket-2023-s-foil\\\/#breadcrumb\"},\"inLanguage\":\"de\",\"potentialAction\":[{\"@type\":\"ReadAction\",\"target\":[\"https:\\\/\\\/srokacompany.com\\\/de\\\/produkt\\\/wake-paket-foil-pocket-2023-s-foil\\\/\"]}]},{\"@type\":\"ImageObject\",\"inLanguage\":\"de\",\"@id\":\"https:\\\/\\\/srokacompany.com\\\/de\\\/produkt\\\/wake-paket-foil-pocket-2023-s-foil\\\/#primaryimage\",\"url\":\"https:\\\/\\\/srokacompany.com\\\/wp-content\\\/uploads\\\/2023\\\/02\\\/Pack-wake-foil.png\",\"contentUrl\":\"https:\\\/\\\/srokacompany.com\\\/wp-content\\\/uploads\\\/2023\\\/02\\\/Pack-wake-foil.png\",\"width\":740,\"height\":1080},{\"@type\":\"BreadcrumbList\",\"@id\":\"https:\\\/\\\/srokacompany.com\\\/de\\\/produkt\\\/wake-paket-foil-pocket-2023-s-foil\\\/#breadcrumb\",\"itemListElement\":[{\"@type\":\"ListItem\",\"position\":1,\"name\":\"Accueil\",\"item\":\"https:\\\/\\\/srokacompany.com\\\/de\\\/\"},{\"@type\":\"ListItem\",\"position\":2,\"name\":\"Laden\",\"item\":\"https:\\\/\\\/srokacompany.com\\\/laden\\\/\"},{\"@type\":\"ListItem\",\"position\":3,\"name\":\"Wake-Paket Foil: Pocket 2023 + S-foil\"}]},{\"@type\":\"WebSite\",\"@id\":\"https:\\\/\\\/srokacompany.com\\\/de\\\/#website\",\"url\":\"https:\\\/\\\/srokacompany.com\\\/de\\\/\",\"name\":\"SROKA Company\",\"description\":\"SUP, Kite, Foil, Wing\",\"publisher\":{\"@id\":\"https:\\\/\\\/srokacompany.com\\\/de\\\/#organization\"},\"potentialAction\":[{\"@type\":\"SearchAction\",\"target\":{\"@type\":\"EntryPoint\",\"urlTemplate\":\"https:\\\/\\\/srokacompany.com\\\/de\\\/?s={search_term_string}\"},\"query-input\":{\"@type\":\"PropertyValueSpecification\",\"valueRequired\":true,\"valueName\":\"search_term_string\"}}],\"inLanguage\":\"de\"},{\"@type\":\"Organization\",\"@id\":\"https:\\\/\\\/srokacompany.com\\\/de\\\/#organization\",\"name\":\"SROKACOMPANY\",\"alternateName\":\"SROKA\",\"url\":\"https:\\\/\\\/srokacompany.com\\\/de\\\/\",\"logo\":{\"@type\":\"ImageObject\",\"inLanguage\":\"de\",\"@id\":\"https:\\\/\\\/srokacompany.com\\\/de\\\/#\\\/schema\\\/logo\\\/image\\\/\",\"url\":\"https:\\\/\\\/srokacompany.com\\\/wp-content\\\/uploads\\\/2021\\\/01\\\/logo-sroka-black-transpa.png\",\"contentUrl\":\"https:\\\/\\\/srokacompany.com\\\/wp-content\\\/uploads\\\/2021\\\/01\\\/logo-sroka-black-transpa.png\",\"width\":1201,\"height\":342,\"caption\":\"SROKACOMPANY\"},\"image\":{\"@id\":\"https:\\\/\\\/srokacompany.com\\\/de\\\/#\\\/schema\\\/logo\\\/image\\\/\"},\"sameAs\":[\"https:\\\/\\\/www.facebook.com\\\/srokawatersports\\\/\",\"https:\\\/\\\/www.instagram.com\\\/srokawatersports\\\/\",\"https:\\\/\\\/www.youtube.com\\\/channel\\\/UCVLHHeaPIm-J5bdEUgxqtZA\"]}]}<\/script>\n<!-- \/ Yoast SEO plugin. -->","yoast_head_json":{"title":"Wake-Paket Foil: Pocket 2023 + S-foil - SROKA Company","description":"Entdecken Sie es wake foil ganz einfach mit diesem Komplettpaket. Kompaktes und leichtes Board, foil vielseitiges und leistungsstarkes Board, praktische Tragetasche.","robots":{"index":"index","follow":"follow","max-snippet":"max-snippet:-1","max-image-preview":"max-image-preview:large","max-video-preview":"max-video-preview:-1"},"canonical":"https:\/\/srokacompany.com\/de\/produkt\/wake-paket-foil-pocket-2023-s-foil\/","og_locale":"de_DE","og_type":"article","og_title":"Wake-Paket Foil: Pocket 2023 + S-foil - SROKA Company","og_description":"Entdecken Sie es wake foil ganz einfach mit diesem Komplettpaket. Kompaktes und leichtes Board, foil vielseitiges und leistungsstarkes Board, praktische Tragetasche.","og_url":"https:\/\/srokacompany.com\/de\/produkt\/wake-paket-foil-pocket-2023-s-foil\/","og_site_name":"SROKA Company","article_publisher":"https:\/\/www.facebook.com\/srokawatersports\/","article_modified_time":"2025-06-26T20:57:46+00:00","og_image":[{"width":740,"height":1080,"url":"https:\/\/srokacompany.com\/wp-content\/uploads\/2023\/02\/Pack-wake-foil.png","type":"image\/png"}],"twitter_misc":{"Gesch\u00e4tzte Lesezeit":"1\u00a0Minute"},"schema":{"@context":"https:\/\/schema.org","@graph":[{"@type":"WebPage","@id":"https:\/\/srokacompany.com\/de\/produkt\/wake-paket-foil-pocket-2023-s-foil\/","url":"https:\/\/srokacompany.com\/de\/produkt\/wake-paket-foil-pocket-2023-s-foil\/","name":"Wake-Paket Foil: Pocket 2023 + S-foil - SROKA Company","isPartOf":{"@id":"https:\/\/srokacompany.com\/de\/#website"},"primaryImageOfPage":{"@id":"https:\/\/srokacompany.com\/de\/produkt\/wake-paket-foil-pocket-2023-s-foil\/#primaryimage"},"image":{"@id":"https:\/\/srokacompany.com\/de\/produkt\/wake-paket-foil-pocket-2023-s-foil\/#primaryimage"},"thumbnailUrl":"https:\/\/srokacompany.com\/wp-content\/uploads\/2023\/02\/Pack-wake-foil.png","datePublished":"2023-02-17T07:28:28+00:00","dateModified":"2025-06-26T20:57:46+00:00","description":"Entdecken Sie es wake foil ganz einfach mit diesem Komplettpaket. Kompaktes und leichtes Board, foil vielseitiges und leistungsstarkes Board, praktische Tragetasche.","breadcrumb":{"@id":"https:\/\/srokacompany.com\/de\/produkt\/wake-paket-foil-pocket-2023-s-foil\/#breadcrumb"},"inLanguage":"de","potentialAction":[{"@type":"ReadAction","target":["https:\/\/srokacompany.com\/de\/produkt\/wake-paket-foil-pocket-2023-s-foil\/"]}]},{"@type":"ImageObject","inLanguage":"de","@id":"https:\/\/srokacompany.com\/de\/produkt\/wake-paket-foil-pocket-2023-s-foil\/#primaryimage","url":"https:\/\/srokacompany.com\/wp-content\/uploads\/2023\/02\/Pack-wake-foil.png","contentUrl":"https:\/\/srokacompany.com\/wp-content\/uploads\/2023\/02\/Pack-wake-foil.png","width":740,"height":1080},{"@type":"BreadcrumbList","@id":"https:\/\/srokacompany.com\/de\/produkt\/wake-paket-foil-pocket-2023-s-foil\/#breadcrumb","itemListElement":[{"@type":"ListItem","position":1,"name":"Accueil","item":"https:\/\/srokacompany.com\/de\/"},{"@type":"ListItem","position":2,"name":"Laden","item":"https:\/\/srokacompany.com\/laden\/"},{"@type":"ListItem","position":3,"name":"Wake-Paket Foil: Pocket 2023 + S-foil"}]},{"@type":"WebSite","@id":"https:\/\/srokacompany.com\/de\/#website","url":"https:\/\/srokacompany.com\/de\/","name":"SROKA Company","description":"SUP, Kite, Foil, Wing","publisher":{"@id":"https:\/\/srokacompany.com\/de\/#organization"},"potentialAction":[{"@type":"SearchAction","target":{"@type":"EntryPoint","urlTemplate":"https:\/\/srokacompany.com\/de\/?s={search_term_string}"},"query-input":{"@type":"PropertyValueSpecification","valueRequired":true,"valueName":"search_term_string"}}],"inLanguage":"de"},{"@type":"Organization","@id":"https:\/\/srokacompany.com\/de\/#organization","name":"SROKACOMPANY","alternateName":"SROKA","url":"https:\/\/srokacompany.com\/de\/","logo":{"@type":"ImageObject","inLanguage":"de","@id":"https:\/\/srokacompany.com\/de\/#\/schema\/logo\/image\/","url":"https:\/\/srokacompany.com\/wp-content\/uploads\/2021\/01\/logo-sroka-black-transpa.png","contentUrl":"https:\/\/srokacompany.com\/wp-content\/uploads\/2021\/01\/logo-sroka-black-transpa.png","width":1201,"height":342,"caption":"SROKACOMPANY"},"image":{"@id":"https:\/\/srokacompany.com\/de\/#\/schema\/logo\/image\/"},"sameAs":["https:\/\/www.facebook.com\/srokawatersports\/","https:\/\/www.instagram.com\/srokawatersports\/","https:\/\/www.youtube.com\/channel\/UCVLHHeaPIm-J5bdEUgxqtZA"]}]}},"uagb_featured_image_src":{"full":["https:\/\/srokacompany.com\/wp-content\/uploads\/2023\/02\/Pack-wake-foil.png",740,1080,false],"thumbnail":["https:\/\/srokacompany.com\/wp-content\/uploads\/2023\/02\/Pack-wake-foil-150x150.png",150,150,true],"medium":["https:\/\/srokacompany.com\/wp-content\/uploads\/2023\/02\/Pack-wake-foil-206x300.png",206,300,true],"medium_large":["https:\/\/srokacompany.com\/wp-content\/uploads\/2023\/02\/Pack-wake-foil.png",740,1080,false],"large":["https:\/\/srokacompany.com\/wp-content\/uploads\/2023\/02\/Pack-wake-foil-702x1024.png",702,1024,true],"1536x1536":["https:\/\/srokacompany.com\/wp-content\/uploads\/2023\/02\/Pack-wake-foil.png",740,1080,false],"2048x2048":["https:\/\/srokacompany.com\/wp-content\/uploads\/2023\/02\/Pack-wake-foil.png",740,1080,false],"woocommerce_thumbnail":["https:\/\/srokacompany.com\/wp-content\/uploads\/2023\/02\/Pack-wake-foil-600x876.png",600,876,true],"woocommerce_single":["https:\/\/srokacompany.com\/wp-content\/uploads\/2023\/02\/Pack-wake-foil-600x876.png",600,876,true],"woocommerce_gallery_thumbnail":["https:\/\/srokacompany.com\/wp-content\/uploads\/2023\/02\/Pack-wake-foil-100x100.png",100,100,true],"dgwt-wcas-product-suggestion":["https:\/\/srokacompany.com\/wp-content\/uploads\/2023\/02\/Pack-wake-foil.png",64,93,false]},"uagb_author_info":{"display_name":"Emmanuel DIJOUX","author_link":"https:\/\/srokacompany.com\/de\/blog\/author\/"},"uagb_comment_info":0,"uagb_excerpt":"Das Paket umfasst : eine Aufblaspumpe ein 3-teiliges, abnehmbares und verstellbares Paddel eine leash 1 Querruder mit Rei\u00dfverschluss eine verstellbare Tragetasche ein kleines Reparatur- und Wartungsset","jetpack_sharing_enabled":true,"_links":{"self":[{"href":"https:\/\/srokacompany.com\/de\/wp-json\/wp\/v2\/product\/345669","targetHints":{"allow":["GET"]}}],"collection":[{"href":"https:\/\/srokacompany.com\/de\/wp-json\/wp\/v2\/product"}],"about":[{"href":"https:\/\/srokacompany.com\/de\/wp-json\/wp\/v2\/types\/product"}],"wp:featuredmedia":[{"embeddable":true,"href":"https:\/\/srokacompany.com\/de\/wp-json\/wp\/v2\/media\/345674"}],"wp:attachment":[{"href":"https:\/\/srokacompany.com\/de\/wp-json\/wp\/v2\/media?parent=345669"}],"wp:term":[{"taxonomy":"product_brand","embeddable":true,"href":"https:\/\/srokacompany.com\/de\/wp-json\/wp\/v2\/product_brand?post=345669"},{"taxonomy":"product_cat","embeddable":true,"href":"https:\/\/srokacompany.com\/de\/wp-json\/wp\/v2\/product_cat?post=345669"},{"taxonomy":"product_tag","embeddable":true,"href":"https:\/\/srokacompany.com\/de\/wp-json\/wp\/v2\/product_tag?post=345669"}],"curies":[{"name":"wp","href":"https:\/\/api.w.org\/{rel}","templated":true}]}}