{"id":345679,"date":"2023-02-21T14:58:38","date_gmt":"2023-02-21T14:58:38","guid":{"rendered":"https:\/\/srokacompany.com\/produit\/neu-paddel-60-carbon-zerlegbar-2-oder-3-teile-alpha\/"},"modified":"2025-11-21T18:08:20","modified_gmt":"2025-11-21T16:08:20","slug":"neu-paddel-60-carbon-zerlegbar-2-oder-3-teile-alpha","status":"publish","type":"product","link":"https:\/\/srokacompany.com\/de\/produkt\/neu-paddel-60-carbon-zerlegbar-2-oder-3-teile-alpha\/","title":{"rendered":"Neu: Paddel 60% Carbon &#8211; zerlegbar 2 oder 3 Teile &#8211; Alpha"},"content":{"rendered":"<hr>\n<p>Sind Sie auf der Suche nach einem hochwertigen <a href=\"https:\/\/srokacompany.com\/de\/eshop\/paddel-paddeln\/\">Stand Up Paddle Board Paddel<\/a> , um Ihr Erlebnis auf dem Wasser zu verbessern? Wir haben die perfekte L\u00f6sung f\u00fcr Sie! Unser neues 60% Carbon Paddel ist die ideale Wahl f\u00fcr erfahrene <strong>Paddler, die ein leistungsstarkes und komfortables Paddel suchen.<\/strong><\/p>\n<ul>\n<li><strong>Schnelleres und einfacheres Paddeln<\/strong> durch Optimierung der Blatth\u00f6hle und Verringerung der Blattformfl\u00e4che<\/li>\n<li><strong>L\u00e4ngeres Paddeln ohne \u00fcberm\u00e4\u00dfige Erm\u00fcdung<\/strong> dank des d\u00fcnneren Schafts (besserer Griff)<\/li>\n<li>Geeignet f\u00fcr alle K\u00f6rpergr\u00f6\u00dfen (in der L\u00e4nge verstellbar von 1,75 m bis 2,15 m)<\/li>\n<li>D\u00fcnnerer Schaft f\u00fcr weniger Luftwiderstand im Wasser und mehr Komfort<\/li>\n<li>Leicht: Gewicht = <strong>630g <\/strong>f\u00fcr den 2-Teiler <strong>und 660g <\/strong>f\u00fcr den 3-Teiler<\/li>\n<li>Langlebig: gebaut aus hochwertigen, <strong>verst\u00e4rkten Kohlefasern<\/strong> <\/li>\n<li>Schnell und einfach zu zerlegen mit einem Anti-Twist-System des Stiels<\/li>\n<\/ul>\n<p>&nbsp;<\/p>\n","protected":false},"excerpt":{"rendered":"<p>Sind Sie auf der Suche nach einem hochwertigen <a href=\"https:\/\/srokacompany.com\/de\/eshop\/paddel-paddeln\/\">Stand Up Paddle Board Paddel<\/a> , um Ihr Erlebnis auf dem Wasser zu verbessern? Wir haben die perfekte L\u00f6sung f\u00fcr Sie!<\/p>\n","protected":false},"featured_media":345684,"template":"","meta":{"_acf_changed":false,"_uag_custom_page_level_css":""},"product_brand":[],"product_cat":[3794,3578,4258],"product_tag":[],"class_list":{"0":"post-345679","1":"product","2":"type-product","3":"status-publish","4":"has-post-thumbnail","6":"product_cat-paddel-paddeln","7":"product_cat-paddle-zubehor","8":"product_cat-schwarzer-freitag","9":"product_shipping_class-paddel-1-und-2-teile","11":"first","12":"instock","13":"taxable","14":"shipping-taxable","15":"purchasable","16":"product-type-variable"},"acf":[],"yoast_head":"<!-- This site is optimized with the Yoast SEO plugin v27.4 - https:\/\/yoast.com\/product\/yoast-seo-wordpress\/ -->\n<title>Paddel aus Carbon - SROKA Company<\/title>\n<meta name=\"description\" content=\"Sie suchen ein hochwertiges Carbon-Paddel, um Ihre Erfahrung auf dem Wasser zu verbessern? Wir haben die perfekte L\u00f6sung f\u00fcr Sie!\" \/>\n<meta name=\"robots\" content=\"index, follow, max-snippet:-1, max-image-preview:large, max-video-preview:-1\" \/>\n<link rel=\"canonical\" href=\"https:\/\/srokacompany.com\/de\/produkt\/neu-paddel-60-carbon-zerlegbar-2-oder-3-teile-alpha\/\" \/>\n<meta property=\"og:locale\" content=\"de_DE\" \/>\n<meta property=\"og:type\" content=\"article\" \/>\n<meta property=\"og:title\" content=\"Paddel aus Carbon - SROKA Company\" \/>\n<meta property=\"og:description\" content=\"Sie suchen ein hochwertiges Carbon-Paddel, um Ihre Erfahrung auf dem Wasser zu verbessern? Wir haben die perfekte L\u00f6sung f\u00fcr Sie!\" \/>\n<meta property=\"og:url\" content=\"https:\/\/srokacompany.com\/de\/produkt\/neu-paddel-60-carbon-zerlegbar-2-oder-3-teile-alpha\/\" \/>\n<meta property=\"og:site_name\" content=\"SROKA Company\" \/>\n<meta property=\"article:publisher\" content=\"https:\/\/www.facebook.com\/srokawatersports\/\" \/>\n<meta property=\"article:modified_time\" content=\"2025-11-21T16:08:20+00:00\" \/>\n<meta property=\"og:image\" content=\"https:\/\/srokacompany.com\/wp-content\/uploads\/2023\/02\/Pagaie-80-carbone-1.png\" \/>\n\t<meta property=\"og:image:width\" content=\"740\" \/>\n\t<meta property=\"og:image:height\" content=\"1080\" \/>\n\t<meta property=\"og:image:type\" content=\"image\/png\" \/>\n<meta name=\"twitter:label1\" content=\"Gesch\u00e4tzte Lesezeit\" \/>\n\t<meta name=\"twitter:data1\" content=\"1\u00a0Minute\" \/>\n<script type=\"application\/ld+json\" class=\"yoast-schema-graph\">{\"@context\":\"https:\\\/\\\/schema.org\",\"@graph\":[{\"@type\":\"WebPage\",\"@id\":\"https:\\\/\\\/srokacompany.com\\\/de\\\/produkt\\\/neu-paddel-60-carbon-zerlegbar-2-oder-3-teile-alpha\\\/\",\"url\":\"https:\\\/\\\/srokacompany.com\\\/de\\\/produkt\\\/neu-paddel-60-carbon-zerlegbar-2-oder-3-teile-alpha\\\/\",\"name\":\"Paddel aus Carbon - SROKA Company\",\"isPartOf\":{\"@id\":\"https:\\\/\\\/srokacompany.com\\\/de\\\/#website\"},\"primaryImageOfPage\":{\"@id\":\"https:\\\/\\\/srokacompany.com\\\/de\\\/produkt\\\/neu-paddel-60-carbon-zerlegbar-2-oder-3-teile-alpha\\\/#primaryimage\"},\"image\":{\"@id\":\"https:\\\/\\\/srokacompany.com\\\/de\\\/produkt\\\/neu-paddel-60-carbon-zerlegbar-2-oder-3-teile-alpha\\\/#primaryimage\"},\"thumbnailUrl\":\"https:\\\/\\\/srokacompany.com\\\/wp-content\\\/uploads\\\/2023\\\/02\\\/Pagaie-80-carbone-1.png\",\"datePublished\":\"2023-02-21T14:58:38+00:00\",\"dateModified\":\"2025-11-21T16:08:20+00:00\",\"description\":\"Sie suchen ein hochwertiges Carbon-Paddel, um Ihre Erfahrung auf dem Wasser zu verbessern? Wir haben die perfekte L\u00f6sung f\u00fcr Sie!\",\"breadcrumb\":{\"@id\":\"https:\\\/\\\/srokacompany.com\\\/de\\\/produkt\\\/neu-paddel-60-carbon-zerlegbar-2-oder-3-teile-alpha\\\/#breadcrumb\"},\"inLanguage\":\"de\",\"potentialAction\":[{\"@type\":\"ReadAction\",\"target\":[\"https:\\\/\\\/srokacompany.com\\\/de\\\/produkt\\\/neu-paddel-60-carbon-zerlegbar-2-oder-3-teile-alpha\\\/\"]}]},{\"@type\":\"ImageObject\",\"inLanguage\":\"de\",\"@id\":\"https:\\\/\\\/srokacompany.com\\\/de\\\/produkt\\\/neu-paddel-60-carbon-zerlegbar-2-oder-3-teile-alpha\\\/#primaryimage\",\"url\":\"https:\\\/\\\/srokacompany.com\\\/wp-content\\\/uploads\\\/2023\\\/02\\\/Pagaie-80-carbone-1.png\",\"contentUrl\":\"https:\\\/\\\/srokacompany.com\\\/wp-content\\\/uploads\\\/2023\\\/02\\\/Pagaie-80-carbone-1.png\",\"width\":740,\"height\":1080,\"caption\":\"Paddle:Carbonpaddel vs. Aluminumpaddel\"},{\"@type\":\"BreadcrumbList\",\"@id\":\"https:\\\/\\\/srokacompany.com\\\/de\\\/produkt\\\/neu-paddel-60-carbon-zerlegbar-2-oder-3-teile-alpha\\\/#breadcrumb\",\"itemListElement\":[{\"@type\":\"ListItem\",\"position\":1,\"name\":\"Accueil\",\"item\":\"https:\\\/\\\/srokacompany.com\\\/de\\\/\"},{\"@type\":\"ListItem\",\"position\":2,\"name\":\"Laden\",\"item\":\"https:\\\/\\\/srokacompany.com\\\/laden\\\/\"},{\"@type\":\"ListItem\",\"position\":3,\"name\":\"Neu: Paddel 60% Carbon &#8211; zerlegbar 2 oder 3 Teile &#8211; Alpha\"}]},{\"@type\":\"WebSite\",\"@id\":\"https:\\\/\\\/srokacompany.com\\\/de\\\/#website\",\"url\":\"https:\\\/\\\/srokacompany.com\\\/de\\\/\",\"name\":\"SROKA Company\",\"description\":\"SUP, Kite, Foil, Wing\",\"publisher\":{\"@id\":\"https:\\\/\\\/srokacompany.com\\\/de\\\/#organization\"},\"potentialAction\":[{\"@type\":\"SearchAction\",\"target\":{\"@type\":\"EntryPoint\",\"urlTemplate\":\"https:\\\/\\\/srokacompany.com\\\/de\\\/?s={search_term_string}\"},\"query-input\":{\"@type\":\"PropertyValueSpecification\",\"valueRequired\":true,\"valueName\":\"search_term_string\"}}],\"inLanguage\":\"de\"},{\"@type\":\"Organization\",\"@id\":\"https:\\\/\\\/srokacompany.com\\\/de\\\/#organization\",\"name\":\"SROKACOMPANY\",\"alternateName\":\"SROKA\",\"url\":\"https:\\\/\\\/srokacompany.com\\\/de\\\/\",\"logo\":{\"@type\":\"ImageObject\",\"inLanguage\":\"de\",\"@id\":\"https:\\\/\\\/srokacompany.com\\\/de\\\/#\\\/schema\\\/logo\\\/image\\\/\",\"url\":\"https:\\\/\\\/srokacompany.com\\\/wp-content\\\/uploads\\\/2021\\\/01\\\/logo-sroka-black-transpa.png\",\"contentUrl\":\"https:\\\/\\\/srokacompany.com\\\/wp-content\\\/uploads\\\/2021\\\/01\\\/logo-sroka-black-transpa.png\",\"width\":1201,\"height\":342,\"caption\":\"SROKACOMPANY\"},\"image\":{\"@id\":\"https:\\\/\\\/srokacompany.com\\\/de\\\/#\\\/schema\\\/logo\\\/image\\\/\"},\"sameAs\":[\"https:\\\/\\\/www.facebook.com\\\/srokawatersports\\\/\",\"https:\\\/\\\/www.instagram.com\\\/srokawatersports\\\/\",\"https:\\\/\\\/www.youtube.com\\\/channel\\\/UCVLHHeaPIm-J5bdEUgxqtZA\"]}]}<\/script>\n<!-- \/ Yoast SEO plugin. -->","yoast_head_json":{"title":"Paddel aus Carbon - SROKA Company","description":"Sie suchen ein hochwertiges Carbon-Paddel, um Ihre Erfahrung auf dem Wasser zu verbessern? Wir haben die perfekte L\u00f6sung f\u00fcr Sie!","robots":{"index":"index","follow":"follow","max-snippet":"max-snippet:-1","max-image-preview":"max-image-preview:large","max-video-preview":"max-video-preview:-1"},"canonical":"https:\/\/srokacompany.com\/de\/produkt\/neu-paddel-60-carbon-zerlegbar-2-oder-3-teile-alpha\/","og_locale":"de_DE","og_type":"article","og_title":"Paddel aus Carbon - SROKA Company","og_description":"Sie suchen ein hochwertiges Carbon-Paddel, um Ihre Erfahrung auf dem Wasser zu verbessern? Wir haben die perfekte L\u00f6sung f\u00fcr Sie!","og_url":"https:\/\/srokacompany.com\/de\/produkt\/neu-paddel-60-carbon-zerlegbar-2-oder-3-teile-alpha\/","og_site_name":"SROKA Company","article_publisher":"https:\/\/www.facebook.com\/srokawatersports\/","article_modified_time":"2025-11-21T16:08:20+00:00","og_image":[{"width":740,"height":1080,"url":"https:\/\/srokacompany.com\/wp-content\/uploads\/2023\/02\/Pagaie-80-carbone-1.png","type":"image\/png"}],"twitter_misc":{"Gesch\u00e4tzte Lesezeit":"1\u00a0Minute"},"schema":{"@context":"https:\/\/schema.org","@graph":[{"@type":"WebPage","@id":"https:\/\/srokacompany.com\/de\/produkt\/neu-paddel-60-carbon-zerlegbar-2-oder-3-teile-alpha\/","url":"https:\/\/srokacompany.com\/de\/produkt\/neu-paddel-60-carbon-zerlegbar-2-oder-3-teile-alpha\/","name":"Paddel aus Carbon - SROKA Company","isPartOf":{"@id":"https:\/\/srokacompany.com\/de\/#website"},"primaryImageOfPage":{"@id":"https:\/\/srokacompany.com\/de\/produkt\/neu-paddel-60-carbon-zerlegbar-2-oder-3-teile-alpha\/#primaryimage"},"image":{"@id":"https:\/\/srokacompany.com\/de\/produkt\/neu-paddel-60-carbon-zerlegbar-2-oder-3-teile-alpha\/#primaryimage"},"thumbnailUrl":"https:\/\/srokacompany.com\/wp-content\/uploads\/2023\/02\/Pagaie-80-carbone-1.png","datePublished":"2023-02-21T14:58:38+00:00","dateModified":"2025-11-21T16:08:20+00:00","description":"Sie suchen ein hochwertiges Carbon-Paddel, um Ihre Erfahrung auf dem Wasser zu verbessern? Wir haben die perfekte L\u00f6sung f\u00fcr Sie!","breadcrumb":{"@id":"https:\/\/srokacompany.com\/de\/produkt\/neu-paddel-60-carbon-zerlegbar-2-oder-3-teile-alpha\/#breadcrumb"},"inLanguage":"de","potentialAction":[{"@type":"ReadAction","target":["https:\/\/srokacompany.com\/de\/produkt\/neu-paddel-60-carbon-zerlegbar-2-oder-3-teile-alpha\/"]}]},{"@type":"ImageObject","inLanguage":"de","@id":"https:\/\/srokacompany.com\/de\/produkt\/neu-paddel-60-carbon-zerlegbar-2-oder-3-teile-alpha\/#primaryimage","url":"https:\/\/srokacompany.com\/wp-content\/uploads\/2023\/02\/Pagaie-80-carbone-1.png","contentUrl":"https:\/\/srokacompany.com\/wp-content\/uploads\/2023\/02\/Pagaie-80-carbone-1.png","width":740,"height":1080,"caption":"Paddle:Carbonpaddel vs. Aluminumpaddel"},{"@type":"BreadcrumbList","@id":"https:\/\/srokacompany.com\/de\/produkt\/neu-paddel-60-carbon-zerlegbar-2-oder-3-teile-alpha\/#breadcrumb","itemListElement":[{"@type":"ListItem","position":1,"name":"Accueil","item":"https:\/\/srokacompany.com\/de\/"},{"@type":"ListItem","position":2,"name":"Laden","item":"https:\/\/srokacompany.com\/laden\/"},{"@type":"ListItem","position":3,"name":"Neu: Paddel 60% Carbon &#8211; zerlegbar 2 oder 3 Teile &#8211; Alpha"}]},{"@type":"WebSite","@id":"https:\/\/srokacompany.com\/de\/#website","url":"https:\/\/srokacompany.com\/de\/","name":"SROKA Company","description":"SUP, Kite, Foil, Wing","publisher":{"@id":"https:\/\/srokacompany.com\/de\/#organization"},"potentialAction":[{"@type":"SearchAction","target":{"@type":"EntryPoint","urlTemplate":"https:\/\/srokacompany.com\/de\/?s={search_term_string}"},"query-input":{"@type":"PropertyValueSpecification","valueRequired":true,"valueName":"search_term_string"}}],"inLanguage":"de"},{"@type":"Organization","@id":"https:\/\/srokacompany.com\/de\/#organization","name":"SROKACOMPANY","alternateName":"SROKA","url":"https:\/\/srokacompany.com\/de\/","logo":{"@type":"ImageObject","inLanguage":"de","@id":"https:\/\/srokacompany.com\/de\/#\/schema\/logo\/image\/","url":"https:\/\/srokacompany.com\/wp-content\/uploads\/2021\/01\/logo-sroka-black-transpa.png","contentUrl":"https:\/\/srokacompany.com\/wp-content\/uploads\/2021\/01\/logo-sroka-black-transpa.png","width":1201,"height":342,"caption":"SROKACOMPANY"},"image":{"@id":"https:\/\/srokacompany.com\/de\/#\/schema\/logo\/image\/"},"sameAs":["https:\/\/www.facebook.com\/srokawatersports\/","https:\/\/www.instagram.com\/srokawatersports\/","https:\/\/www.youtube.com\/channel\/UCVLHHeaPIm-J5bdEUgxqtZA"]}]}},"uagb_featured_image_src":{"full":["https:\/\/srokacompany.com\/wp-content\/uploads\/2023\/02\/Pagaie-80-carbone-1.png",740,1080,false],"thumbnail":["https:\/\/srokacompany.com\/wp-content\/uploads\/2023\/02\/Pagaie-80-carbone-1-150x150.png",150,150,true],"medium":["https:\/\/srokacompany.com\/wp-content\/uploads\/2023\/02\/Pagaie-80-carbone-1-206x300.png",206,300,true],"medium_large":["https:\/\/srokacompany.com\/wp-content\/uploads\/2023\/02\/Pagaie-80-carbone-1.png",740,1080,false],"large":["https:\/\/srokacompany.com\/wp-content\/uploads\/2023\/02\/Pagaie-80-carbone-1-702x1024.png",702,1024,true],"1536x1536":["https:\/\/srokacompany.com\/wp-content\/uploads\/2023\/02\/Pagaie-80-carbone-1.png",740,1080,false],"2048x2048":["https:\/\/srokacompany.com\/wp-content\/uploads\/2023\/02\/Pagaie-80-carbone-1.png",740,1080,false],"woocommerce_thumbnail":["https:\/\/srokacompany.com\/wp-content\/uploads\/2023\/02\/Pagaie-80-carbone-1-600x876.png",600,876,true],"woocommerce_single":["https:\/\/srokacompany.com\/wp-content\/uploads\/2023\/02\/Pagaie-80-carbone-1-600x876.png",600,876,true],"woocommerce_gallery_thumbnail":["https:\/\/srokacompany.com\/wp-content\/uploads\/2023\/02\/Pagaie-80-carbone-1-100x100.png",100,100,true],"dgwt-wcas-product-suggestion":["https:\/\/srokacompany.com\/wp-content\/uploads\/2023\/02\/Pagaie-80-carbone-1.png",64,93,false]},"uagb_author_info":{"display_name":"Emmanuel DIJOUX","author_link":"https:\/\/srokacompany.com\/de\/blog\/author\/"},"uagb_comment_info":0,"uagb_excerpt":"Sind Sie auf der Suche nach einem hochwertigen Stand Up Paddle Board Paddel , um Ihr Erlebnis auf dem Wasser zu verbessern? Wir haben die perfekte L\u00f6sung f\u00fcr Sie!","jetpack_sharing_enabled":true,"_links":{"self":[{"href":"https:\/\/srokacompany.com\/de\/wp-json\/wp\/v2\/product\/345679","targetHints":{"allow":["GET"]}}],"collection":[{"href":"https:\/\/srokacompany.com\/de\/wp-json\/wp\/v2\/product"}],"about":[{"href":"https:\/\/srokacompany.com\/de\/wp-json\/wp\/v2\/types\/product"}],"wp:featuredmedia":[{"embeddable":true,"href":"https:\/\/srokacompany.com\/de\/wp-json\/wp\/v2\/media\/345684"}],"wp:attachment":[{"href":"https:\/\/srokacompany.com\/de\/wp-json\/wp\/v2\/media?parent=345679"}],"wp:term":[{"taxonomy":"product_brand","embeddable":true,"href":"https:\/\/srokacompany.com\/de\/wp-json\/wp\/v2\/product_brand?post=345679"},{"taxonomy":"product_cat","embeddable":true,"href":"https:\/\/srokacompany.com\/de\/wp-json\/wp\/v2\/product_cat?post=345679"},{"taxonomy":"product_tag","embeddable":true,"href":"https:\/\/srokacompany.com\/de\/wp-json\/wp\/v2\/product_tag?post=345679"}],"curies":[{"name":"wp","href":"https:\/\/api.w.org\/{rel}","templated":true}]}}