{"id":345710,"date":"2022-08-17T15:10:09","date_gmt":"2022-08-17T15:10:09","guid":{"rendered":"https:\/\/srokacompany.com\/produit\/vorderer-kotfluegel-s-foil-high-aspect-1350-lift\/"},"modified":"2025-11-25T11:06:29","modified_gmt":"2025-11-25T09:06:29","slug":"vorderer-kotfluegel-s-foil-high-aspect-1350-lift","status":"publish","type":"product","link":"https:\/\/srokacompany.com\/de\/produkt\/vorderer-kotfluegel-s-foil-high-aspect-1350-lift\/","title":{"rendered":"Vorderer Kotfl\u00fcgel S-Foil High Aspect 1350 Lift"},"content":{"rendered":"<hr>\n<h2>Vorderer Kotfl\u00fcgel 1350 HA L<\/h2>\n<p>Der Frontfl\u00fcgel von foil High Aspect 1350 Lift l\u00e4sst dich endlos im Downwind gleiten und kleine Swell-Z\u00fcge mit <strong>Leichtigkeit<\/strong> wieder verbinden beim Surfen foil, im wake foil oder im Wingfoil bei allen Bedingungen. Mit diesem Kite werden Sie <strong>Ihre gewohnten Spots neu entdecken<\/strong>. Bisher unerschlossene <strong>Gew\u00e4sser<\/strong> werden zu deinem neuen Spielplatz.  <\/p>\n<p>Der HA 1350 L ist sehr leicht zu starten und <strong>sinkt nicht mehr ab, wenn er einmal in der Luft ist<\/strong>. Ein einfacher Pumpsto\u00df, ein inkonsistenter Swell-Zug oder ein kleines Riff gen\u00fcgen, um <strong>das Gleitvergn\u00fcgen auf unbestimmte Zeit zu verl\u00e4ngern<\/strong>. Alles wurde getan, um dir ein magisches, endloses Gleiten mit einem Minimum an Anstrengung zu erm\u00f6glichen.  <\/p>\n<p>Das HA 1350 Lift ist auch <strong>ideal zum Segeln auf Seen<\/strong>, wo es super durch Schlaffwasser kommt und dabei lange fliegt. Du kannst jede Brise und jede Welle nutzen, um dich in die L\u00fcfte zu erheben und m\u00fchelos zu gleiten. <\/p>\n<p>Der Vorderfl\u00fcgel HA 1350 ist <strong>mit allen R\u00fcmpfen der S-Foil Reihe und allen Stabilisatoren kompatibel <\/strong>. Er wird mit Schrauben und einer ma\u00dfgeschneiderten Schutzh\u00fclle geliefert.<\/p>\n<p><a href=\"https:\/\/srokacompany.com\/de\/produkt\/s-foil-high-aspect-1350-lift\/\">Dieser Fl\u00fcgel ist mit dem kompletten S-Foil f\u00fcr 1049\u20ac erh\u00e4ltlich.<\/a><\/p>\n","protected":false},"excerpt":{"rendered":"<p><b>Frontfl\u00fcgel HA 1350 Lift:<\/b> Der Champion f\u00fcr <b>Leichtwind<\/b>. Ultra-pr\u00e4ziser Start (auch ohne Pumping zu beherrschen) und <b>endloses Gleiten<\/b>. Ideal f\u00fcr <b>Wingfoil<\/b> (See- oder Windbedingungen), <b>Surf\/SUP Foil<\/b> und <b>gro\u00dfe<\/b> Leute, die die Flugzeit mit minimalem Aufwand maximieren wollen.  <\/p>\n","protected":false},"featured_media":345711,"template":"","meta":{"_acf_changed":false,"_uag_custom_page_level_css":""},"product_brand":[],"product_cat":[3473,3644,3440,3455,3453],"product_tag":[3459,3443,3442],"class_list":{"0":"post-345710","1":"product","2":"type-product","3":"status-publish","4":"has-post-thumbnail","6":"product_cat-alle-unsere-high-aspect-lamellen","7":"product_cat-dockstart-pumpen","8":"product_cat-flugel-wing-foil","9":"product_cat-surf-flugel-foil","10":"product_cat-wing-foil-de","11":"product_tag-experte","12":"product_tag-fortgeschrittene","13":"product_tag-schlau","14":"product_shipping_class-foil-komplett-oder-ersatzteile-wing-einheit","16":"first","17":"instock","18":"taxable","19":"shipping-taxable","20":"purchasable","21":"product-type-simple"},"acf":[],"yoast_head":"<!-- This site is optimized with the Yoast SEO plugin v27.4 - https:\/\/yoast.com\/product\/yoast-seo-wordpress\/ -->\n<title>Vorderer Kotfl\u00fcgel S-Foil High Aspect 1350 Lift - SROKA Company<\/title>\n<meta name=\"description\" content=\"Der 1350 HA L Foil Frontfl\u00fcgel mit einem Aspect RAtio von 9&#039;8 ist ein Biest f\u00fcr Leichtwind. Ideal f\u00fcr Seen und nicht konstante Winde.\" \/>\n<meta name=\"robots\" content=\"index, follow, max-snippet:-1, max-image-preview:large, max-video-preview:-1\" \/>\n<link rel=\"canonical\" href=\"https:\/\/srokacompany.com\/de\/produkt\/vorderer-kotfluegel-s-foil-high-aspect-1350-lift\/\" \/>\n<meta property=\"og:locale\" content=\"de_DE\" \/>\n<meta property=\"og:type\" content=\"article\" \/>\n<meta property=\"og:title\" content=\"Vorderer Kotfl\u00fcgel S-Foil High Aspect 1350 Lift - SROKA Company\" \/>\n<meta property=\"og:description\" content=\"Der 1350 HA L Foil Frontfl\u00fcgel mit einem Aspect RAtio von 9&#039;8 ist ein Biest f\u00fcr Leichtwind. Ideal f\u00fcr Seen und nicht konstante Winde.\" \/>\n<meta property=\"og:url\" content=\"https:\/\/srokacompany.com\/de\/produkt\/vorderer-kotfluegel-s-foil-high-aspect-1350-lift\/\" \/>\n<meta property=\"og:site_name\" content=\"SROKA Company\" \/>\n<meta property=\"article:publisher\" content=\"https:\/\/www.facebook.com\/srokawatersports\/\" \/>\n<meta property=\"article:modified_time\" content=\"2025-11-25T09:06:29+00:00\" \/>\n<meta property=\"og:image\" content=\"https:\/\/srokacompany.com\/wp-content\/uploads\/2022\/08\/Photo-produit-planche-foils-et-packs-8.png\" \/>\n\t<meta property=\"og:image:width\" content=\"740\" \/>\n\t<meta property=\"og:image:height\" content=\"1080\" \/>\n\t<meta property=\"og:image:type\" content=\"image\/png\" \/>\n<meta name=\"twitter:label1\" content=\"Gesch\u00e4tzte Lesezeit\" \/>\n\t<meta name=\"twitter:data1\" content=\"1\u00a0Minute\" \/>\n<script type=\"application\/ld+json\" class=\"yoast-schema-graph\">{\"@context\":\"https:\\\/\\\/schema.org\",\"@graph\":[{\"@type\":\"WebPage\",\"@id\":\"https:\\\/\\\/srokacompany.com\\\/de\\\/produkt\\\/vorderer-kotfluegel-s-foil-high-aspect-1350-lift\\\/\",\"url\":\"https:\\\/\\\/srokacompany.com\\\/de\\\/produkt\\\/vorderer-kotfluegel-s-foil-high-aspect-1350-lift\\\/\",\"name\":\"Vorderer Kotfl\u00fcgel S-Foil High Aspect 1350 Lift - SROKA Company\",\"isPartOf\":{\"@id\":\"https:\\\/\\\/srokacompany.com\\\/de\\\/#website\"},\"primaryImageOfPage\":{\"@id\":\"https:\\\/\\\/srokacompany.com\\\/de\\\/produkt\\\/vorderer-kotfluegel-s-foil-high-aspect-1350-lift\\\/#primaryimage\"},\"image\":{\"@id\":\"https:\\\/\\\/srokacompany.com\\\/de\\\/produkt\\\/vorderer-kotfluegel-s-foil-high-aspect-1350-lift\\\/#primaryimage\"},\"thumbnailUrl\":\"https:\\\/\\\/srokacompany.com\\\/wp-content\\\/uploads\\\/2022\\\/08\\\/Photo-produit-planche-foils-et-packs-8.png\",\"datePublished\":\"2022-08-17T15:10:09+00:00\",\"dateModified\":\"2025-11-25T09:06:29+00:00\",\"description\":\"Der 1350 HA L Foil Frontfl\u00fcgel mit einem Aspect RAtio von 9'8 ist ein Biest f\u00fcr Leichtwind. Ideal f\u00fcr Seen und nicht konstante Winde.\",\"breadcrumb\":{\"@id\":\"https:\\\/\\\/srokacompany.com\\\/de\\\/produkt\\\/vorderer-kotfluegel-s-foil-high-aspect-1350-lift\\\/#breadcrumb\"},\"inLanguage\":\"de\",\"potentialAction\":[{\"@type\":\"ReadAction\",\"target\":[\"https:\\\/\\\/srokacompany.com\\\/de\\\/produkt\\\/vorderer-kotfluegel-s-foil-high-aspect-1350-lift\\\/\"]}]},{\"@type\":\"ImageObject\",\"inLanguage\":\"de\",\"@id\":\"https:\\\/\\\/srokacompany.com\\\/de\\\/produkt\\\/vorderer-kotfluegel-s-foil-high-aspect-1350-lift\\\/#primaryimage\",\"url\":\"https:\\\/\\\/srokacompany.com\\\/wp-content\\\/uploads\\\/2022\\\/08\\\/Photo-produit-planche-foils-et-packs-8.png\",\"contentUrl\":\"https:\\\/\\\/srokacompany.com\\\/wp-content\\\/uploads\\\/2022\\\/08\\\/Photo-produit-planche-foils-et-packs-8.png\",\"width\":740,\"height\":1080},{\"@type\":\"BreadcrumbList\",\"@id\":\"https:\\\/\\\/srokacompany.com\\\/de\\\/produkt\\\/vorderer-kotfluegel-s-foil-high-aspect-1350-lift\\\/#breadcrumb\",\"itemListElement\":[{\"@type\":\"ListItem\",\"position\":1,\"name\":\"Accueil\",\"item\":\"https:\\\/\\\/srokacompany.com\\\/de\\\/\"},{\"@type\":\"ListItem\",\"position\":2,\"name\":\"Laden\",\"item\":\"https:\\\/\\\/srokacompany.com\\\/laden\\\/\"},{\"@type\":\"ListItem\",\"position\":3,\"name\":\"Vorderer Kotfl\u00fcgel S-Foil High Aspect 1350 Lift\"}]},{\"@type\":\"WebSite\",\"@id\":\"https:\\\/\\\/srokacompany.com\\\/de\\\/#website\",\"url\":\"https:\\\/\\\/srokacompany.com\\\/de\\\/\",\"name\":\"SROKA Company\",\"description\":\"SUP, Kite, Foil, Wing\",\"publisher\":{\"@id\":\"https:\\\/\\\/srokacompany.com\\\/de\\\/#organization\"},\"potentialAction\":[{\"@type\":\"SearchAction\",\"target\":{\"@type\":\"EntryPoint\",\"urlTemplate\":\"https:\\\/\\\/srokacompany.com\\\/de\\\/?s={search_term_string}\"},\"query-input\":{\"@type\":\"PropertyValueSpecification\",\"valueRequired\":true,\"valueName\":\"search_term_string\"}}],\"inLanguage\":\"de\"},{\"@type\":\"Organization\",\"@id\":\"https:\\\/\\\/srokacompany.com\\\/de\\\/#organization\",\"name\":\"SROKACOMPANY\",\"alternateName\":\"SROKA\",\"url\":\"https:\\\/\\\/srokacompany.com\\\/de\\\/\",\"logo\":{\"@type\":\"ImageObject\",\"inLanguage\":\"de\",\"@id\":\"https:\\\/\\\/srokacompany.com\\\/de\\\/#\\\/schema\\\/logo\\\/image\\\/\",\"url\":\"https:\\\/\\\/srokacompany.com\\\/wp-content\\\/uploads\\\/2021\\\/01\\\/logo-sroka-black-transpa.png\",\"contentUrl\":\"https:\\\/\\\/srokacompany.com\\\/wp-content\\\/uploads\\\/2021\\\/01\\\/logo-sroka-black-transpa.png\",\"width\":1201,\"height\":342,\"caption\":\"SROKACOMPANY\"},\"image\":{\"@id\":\"https:\\\/\\\/srokacompany.com\\\/de\\\/#\\\/schema\\\/logo\\\/image\\\/\"},\"sameAs\":[\"https:\\\/\\\/www.facebook.com\\\/srokawatersports\\\/\",\"https:\\\/\\\/www.instagram.com\\\/srokawatersports\\\/\",\"https:\\\/\\\/www.youtube.com\\\/channel\\\/UCVLHHeaPIm-J5bdEUgxqtZA\"]}]}<\/script>\n<!-- \/ Yoast SEO plugin. -->","yoast_head_json":{"title":"Vorderer Kotfl\u00fcgel S-Foil High Aspect 1350 Lift - SROKA Company","description":"Der 1350 HA L Foil Frontfl\u00fcgel mit einem Aspect RAtio von 9'8 ist ein Biest f\u00fcr Leichtwind. Ideal f\u00fcr Seen und nicht konstante Winde.","robots":{"index":"index","follow":"follow","max-snippet":"max-snippet:-1","max-image-preview":"max-image-preview:large","max-video-preview":"max-video-preview:-1"},"canonical":"https:\/\/srokacompany.com\/de\/produkt\/vorderer-kotfluegel-s-foil-high-aspect-1350-lift\/","og_locale":"de_DE","og_type":"article","og_title":"Vorderer Kotfl\u00fcgel S-Foil High Aspect 1350 Lift - SROKA Company","og_description":"Der 1350 HA L Foil Frontfl\u00fcgel mit einem Aspect RAtio von 9'8 ist ein Biest f\u00fcr Leichtwind. Ideal f\u00fcr Seen und nicht konstante Winde.","og_url":"https:\/\/srokacompany.com\/de\/produkt\/vorderer-kotfluegel-s-foil-high-aspect-1350-lift\/","og_site_name":"SROKA Company","article_publisher":"https:\/\/www.facebook.com\/srokawatersports\/","article_modified_time":"2025-11-25T09:06:29+00:00","og_image":[{"width":740,"height":1080,"url":"https:\/\/srokacompany.com\/wp-content\/uploads\/2022\/08\/Photo-produit-planche-foils-et-packs-8.png","type":"image\/png"}],"twitter_misc":{"Gesch\u00e4tzte Lesezeit":"1\u00a0Minute"},"schema":{"@context":"https:\/\/schema.org","@graph":[{"@type":"WebPage","@id":"https:\/\/srokacompany.com\/de\/produkt\/vorderer-kotfluegel-s-foil-high-aspect-1350-lift\/","url":"https:\/\/srokacompany.com\/de\/produkt\/vorderer-kotfluegel-s-foil-high-aspect-1350-lift\/","name":"Vorderer Kotfl\u00fcgel S-Foil High Aspect 1350 Lift - SROKA Company","isPartOf":{"@id":"https:\/\/srokacompany.com\/de\/#website"},"primaryImageOfPage":{"@id":"https:\/\/srokacompany.com\/de\/produkt\/vorderer-kotfluegel-s-foil-high-aspect-1350-lift\/#primaryimage"},"image":{"@id":"https:\/\/srokacompany.com\/de\/produkt\/vorderer-kotfluegel-s-foil-high-aspect-1350-lift\/#primaryimage"},"thumbnailUrl":"https:\/\/srokacompany.com\/wp-content\/uploads\/2022\/08\/Photo-produit-planche-foils-et-packs-8.png","datePublished":"2022-08-17T15:10:09+00:00","dateModified":"2025-11-25T09:06:29+00:00","description":"Der 1350 HA L Foil Frontfl\u00fcgel mit einem Aspect RAtio von 9'8 ist ein Biest f\u00fcr Leichtwind. Ideal f\u00fcr Seen und nicht konstante Winde.","breadcrumb":{"@id":"https:\/\/srokacompany.com\/de\/produkt\/vorderer-kotfluegel-s-foil-high-aspect-1350-lift\/#breadcrumb"},"inLanguage":"de","potentialAction":[{"@type":"ReadAction","target":["https:\/\/srokacompany.com\/de\/produkt\/vorderer-kotfluegel-s-foil-high-aspect-1350-lift\/"]}]},{"@type":"ImageObject","inLanguage":"de","@id":"https:\/\/srokacompany.com\/de\/produkt\/vorderer-kotfluegel-s-foil-high-aspect-1350-lift\/#primaryimage","url":"https:\/\/srokacompany.com\/wp-content\/uploads\/2022\/08\/Photo-produit-planche-foils-et-packs-8.png","contentUrl":"https:\/\/srokacompany.com\/wp-content\/uploads\/2022\/08\/Photo-produit-planche-foils-et-packs-8.png","width":740,"height":1080},{"@type":"BreadcrumbList","@id":"https:\/\/srokacompany.com\/de\/produkt\/vorderer-kotfluegel-s-foil-high-aspect-1350-lift\/#breadcrumb","itemListElement":[{"@type":"ListItem","position":1,"name":"Accueil","item":"https:\/\/srokacompany.com\/de\/"},{"@type":"ListItem","position":2,"name":"Laden","item":"https:\/\/srokacompany.com\/laden\/"},{"@type":"ListItem","position":3,"name":"Vorderer Kotfl\u00fcgel S-Foil High Aspect 1350 Lift"}]},{"@type":"WebSite","@id":"https:\/\/srokacompany.com\/de\/#website","url":"https:\/\/srokacompany.com\/de\/","name":"SROKA Company","description":"SUP, Kite, Foil, Wing","publisher":{"@id":"https:\/\/srokacompany.com\/de\/#organization"},"potentialAction":[{"@type":"SearchAction","target":{"@type":"EntryPoint","urlTemplate":"https:\/\/srokacompany.com\/de\/?s={search_term_string}"},"query-input":{"@type":"PropertyValueSpecification","valueRequired":true,"valueName":"search_term_string"}}],"inLanguage":"de"},{"@type":"Organization","@id":"https:\/\/srokacompany.com\/de\/#organization","name":"SROKACOMPANY","alternateName":"SROKA","url":"https:\/\/srokacompany.com\/de\/","logo":{"@type":"ImageObject","inLanguage":"de","@id":"https:\/\/srokacompany.com\/de\/#\/schema\/logo\/image\/","url":"https:\/\/srokacompany.com\/wp-content\/uploads\/2021\/01\/logo-sroka-black-transpa.png","contentUrl":"https:\/\/srokacompany.com\/wp-content\/uploads\/2021\/01\/logo-sroka-black-transpa.png","width":1201,"height":342,"caption":"SROKACOMPANY"},"image":{"@id":"https:\/\/srokacompany.com\/de\/#\/schema\/logo\/image\/"},"sameAs":["https:\/\/www.facebook.com\/srokawatersports\/","https:\/\/www.instagram.com\/srokawatersports\/","https:\/\/www.youtube.com\/channel\/UCVLHHeaPIm-J5bdEUgxqtZA"]}]}},"uagb_featured_image_src":{"full":["https:\/\/srokacompany.com\/wp-content\/uploads\/2022\/08\/Photo-produit-planche-foils-et-packs-8.png",740,1080,false],"thumbnail":["https:\/\/srokacompany.com\/wp-content\/uploads\/2022\/08\/Photo-produit-planche-foils-et-packs-8-150x150.png",150,150,true],"medium":["https:\/\/srokacompany.com\/wp-content\/uploads\/2022\/08\/Photo-produit-planche-foils-et-packs-8-206x300.png",206,300,true],"medium_large":["https:\/\/srokacompany.com\/wp-content\/uploads\/2022\/08\/Photo-produit-planche-foils-et-packs-8.png",740,1080,false],"large":["https:\/\/srokacompany.com\/wp-content\/uploads\/2022\/08\/Photo-produit-planche-foils-et-packs-8-702x1024.png",702,1024,true],"1536x1536":["https:\/\/srokacompany.com\/wp-content\/uploads\/2022\/08\/Photo-produit-planche-foils-et-packs-8.png",740,1080,false],"2048x2048":["https:\/\/srokacompany.com\/wp-content\/uploads\/2022\/08\/Photo-produit-planche-foils-et-packs-8.png",740,1080,false],"woocommerce_thumbnail":["https:\/\/srokacompany.com\/wp-content\/uploads\/2022\/08\/Photo-produit-planche-foils-et-packs-8-600x876.png",600,876,true],"woocommerce_single":["https:\/\/srokacompany.com\/wp-content\/uploads\/2022\/08\/Photo-produit-planche-foils-et-packs-8-600x876.png",600,876,true],"woocommerce_gallery_thumbnail":["https:\/\/srokacompany.com\/wp-content\/uploads\/2022\/08\/Photo-produit-planche-foils-et-packs-8-100x100.png",100,100,true],"dgwt-wcas-product-suggestion":["https:\/\/srokacompany.com\/wp-content\/uploads\/2022\/08\/Photo-produit-planche-foils-et-packs-8.png",64,93,false]},"uagb_author_info":{"display_name":"Tristan Dumard","author_link":"https:\/\/srokacompany.com\/de\/blog\/author\/"},"uagb_comment_info":0,"uagb_excerpt":"Frontfl\u00fcgel HA 1350 Lift: Der Champion f\u00fcr Leichtwind. Ultra-pr\u00e4ziser Start (auch ohne Pumping zu beherrschen) und endloses Gleiten. Ideal f\u00fcr Wingfoil (See- oder Windbedingungen), Surf\/SUP Foil und gro\u00dfe Leute, die die Flugzeit mit minimalem Aufwand maximieren wollen.","jetpack_sharing_enabled":true,"_links":{"self":[{"href":"https:\/\/srokacompany.com\/de\/wp-json\/wp\/v2\/product\/345710","targetHints":{"allow":["GET"]}}],"collection":[{"href":"https:\/\/srokacompany.com\/de\/wp-json\/wp\/v2\/product"}],"about":[{"href":"https:\/\/srokacompany.com\/de\/wp-json\/wp\/v2\/types\/product"}],"wp:featuredmedia":[{"embeddable":true,"href":"https:\/\/srokacompany.com\/de\/wp-json\/wp\/v2\/media\/345711"}],"wp:attachment":[{"href":"https:\/\/srokacompany.com\/de\/wp-json\/wp\/v2\/media?parent=345710"}],"wp:term":[{"taxonomy":"product_brand","embeddable":true,"href":"https:\/\/srokacompany.com\/de\/wp-json\/wp\/v2\/product_brand?post=345710"},{"taxonomy":"product_cat","embeddable":true,"href":"https:\/\/srokacompany.com\/de\/wp-json\/wp\/v2\/product_cat?post=345710"},{"taxonomy":"product_tag","embeddable":true,"href":"https:\/\/srokacompany.com\/de\/wp-json\/wp\/v2\/product_tag?post=345710"}],"curies":[{"name":"wp","href":"https:\/\/api.w.org\/{rel}","templated":true}]}}