{"id":345787,"date":"2023-03-10T15:31:07","date_gmt":"2023-03-10T15:31:07","guid":{"rendered":"https:\/\/srokacompany.com\/produit\/vorderer-kotfluegel-s-foil-high-aspect-2000-l\/"},"modified":"2025-10-31T19:12:52","modified_gmt":"2025-10-31T17:12:52","slug":"vorderer-kotfluegel-s-foil-high-aspect-2000-l","status":"publish","type":"product","link":"https:\/\/srokacompany.com\/de\/produkt\/vorderer-kotfluegel-s-foil-high-aspect-2000-l\/","title":{"rendered":"Vorderer Kotfl\u00fcgel S-Foil High Aspect 2000 L"},"content":{"rendered":"<hr>\n<p>Der neue HA2000 ist der ultimative Fl\u00fcgel f\u00fcr das Pumping. Du kannst mit minimalem Aufwand endlos pumpen. Mit dem HA2000 kannst du Rekorde in der Dauer brechen oder die Disziplin mit Leichtigkeit erlernen.  <\/p>\n<p>Nach Dutzenden von Prototypen haben wir den Fl\u00fcgel mit dem perfekten Seitenverh\u00e4ltnis und dem optimalsten Gleit-\/Auftriebskompromiss f\u00fcr das Pumping gefunden. Wir verwenden ein Lift-Profil, das tr\u00e4gt und es erm\u00f6glicht, bei niedriger Geschwindigkeit in der Luft zu bleiben. <\/p>\n<p>Der HA2000 ist mit allen anderen Vorderfl\u00fcgeln und R\u00fcmpfen der S-Foil SROKA-Reihe austauschbar.<\/p>\n<p><strong>Dieser Fl\u00fcgel aus dem Jahr 2000 funktioniert mit jedem H\u00f6henleitwerk und jedem Rumpf.<\/strong><\/p>\n<p><a href=\"https:\/\/srokacompany.com\/produit\/nouveaute-s-foil-high-aspect-2000\/\">Foil vollst\u00e4ndige Version hier verf\u00fcgbar.<\/a><\/p>\n","protected":false},"excerpt":{"rendered":"<p>Der neue HA2000 ist der ultimative Fl\u00fcgel f\u00fcr das Pumping. Du kannst mit minimalem Aufwand endlos pumpen. Mit dem HA2000 kannst du Rekorde in der Dauer brechen oder die Disziplin mit Leichtigkeit erlernen.  <\/p>\n","protected":false},"featured_media":345798,"template":"","meta":{"_acf_changed":false,"_uag_custom_page_level_css":""},"product_brand":[],"product_cat":[3473,3644,3456,3493],"product_tag":[3441,3459,3443,3442],"class_list":{"0":"post-345787","1":"product","2":"type-product","3":"status-publish","4":"has-post-thumbnail","6":"product_cat-alle-unsere-high-aspect-lamellen","7":"product_cat-dockstart-pumpen","8":"product_cat-dockstart-flugel","9":"product_cat-foil-de","10":"product_tag-anfanger","11":"product_tag-experte","12":"product_tag-fortgeschrittene","13":"product_tag-schlau","14":"product_shipping_class-foil-komplett-oder-ersatzteile-wing-einheit","16":"first","17":"instock","18":"sale","19":"taxable","20":"shipping-taxable","21":"purchasable","22":"product-type-simple"},"acf":[],"yoast_head":"<!-- This site is optimized with the Yoast SEO plugin v27.4 - https:\/\/yoast.com\/product\/yoast-seo-wordpress\/ -->\n<title>Vorderer Kotfl\u00fcgel S-Foil High Aspect 2000 L - SROKA Company<\/title>\n<meta name=\"description\" content=\"Entdecke den HA2000, den ultimativen Fl\u00fcgel f\u00fcr das Pumping! Pumpt m\u00fchelos und bricht dank seiner perfekten Ratio Rekorde.\" \/>\n<meta name=\"robots\" content=\"index, follow, max-snippet:-1, max-image-preview:large, max-video-preview:-1\" \/>\n<link rel=\"canonical\" href=\"https:\/\/srokacompany.com\/de\/produkt\/vorderer-kotfluegel-s-foil-high-aspect-2000-l\/\" \/>\n<meta property=\"og:locale\" content=\"de_DE\" \/>\n<meta property=\"og:type\" content=\"article\" \/>\n<meta property=\"og:title\" content=\"Vorderer Kotfl\u00fcgel S-Foil High Aspect 2000 L - SROKA Company\" \/>\n<meta property=\"og:description\" content=\"Entdecke den HA2000, den ultimativen Fl\u00fcgel f\u00fcr das Pumping! Pumpt m\u00fchelos und bricht dank seiner perfekten Ratio Rekorde.\" \/>\n<meta property=\"og:url\" content=\"https:\/\/srokacompany.com\/de\/produkt\/vorderer-kotfluegel-s-foil-high-aspect-2000-l\/\" \/>\n<meta property=\"og:site_name\" content=\"SROKA Company\" \/>\n<meta property=\"article:publisher\" content=\"https:\/\/www.facebook.com\/srokawatersports\/\" \/>\n<meta property=\"article:modified_time\" content=\"2025-10-31T17:12:52+00:00\" \/>\n<meta property=\"og:image\" content=\"https:\/\/srokacompany.com\/wp-content\/uploads\/2023\/03\/2000-HA.png\" \/>\n\t<meta property=\"og:image:width\" content=\"740\" \/>\n\t<meta property=\"og:image:height\" content=\"1080\" \/>\n\t<meta property=\"og:image:type\" content=\"image\/png\" \/>\n<meta name=\"twitter:label1\" content=\"Gesch\u00e4tzte Lesezeit\" \/>\n\t<meta name=\"twitter:data1\" content=\"1\u00a0Minute\" \/>\n<script type=\"application\/ld+json\" class=\"yoast-schema-graph\">{\"@context\":\"https:\\\/\\\/schema.org\",\"@graph\":[{\"@type\":\"WebPage\",\"@id\":\"https:\\\/\\\/srokacompany.com\\\/de\\\/produkt\\\/vorderer-kotfluegel-s-foil-high-aspect-2000-l\\\/\",\"url\":\"https:\\\/\\\/srokacompany.com\\\/de\\\/produkt\\\/vorderer-kotfluegel-s-foil-high-aspect-2000-l\\\/\",\"name\":\"Vorderer Kotfl\u00fcgel S-Foil High Aspect 2000 L - SROKA Company\",\"isPartOf\":{\"@id\":\"https:\\\/\\\/srokacompany.com\\\/de\\\/#website\"},\"primaryImageOfPage\":{\"@id\":\"https:\\\/\\\/srokacompany.com\\\/de\\\/produkt\\\/vorderer-kotfluegel-s-foil-high-aspect-2000-l\\\/#primaryimage\"},\"image\":{\"@id\":\"https:\\\/\\\/srokacompany.com\\\/de\\\/produkt\\\/vorderer-kotfluegel-s-foil-high-aspect-2000-l\\\/#primaryimage\"},\"thumbnailUrl\":\"https:\\\/\\\/srokacompany.com\\\/wp-content\\\/uploads\\\/2023\\\/03\\\/2000-HA.png\",\"datePublished\":\"2023-03-10T15:31:07+00:00\",\"dateModified\":\"2025-10-31T17:12:52+00:00\",\"description\":\"Entdecke den HA2000, den ultimativen Fl\u00fcgel f\u00fcr das Pumping! Pumpt m\u00fchelos und bricht dank seiner perfekten Ratio Rekorde.\",\"breadcrumb\":{\"@id\":\"https:\\\/\\\/srokacompany.com\\\/de\\\/produkt\\\/vorderer-kotfluegel-s-foil-high-aspect-2000-l\\\/#breadcrumb\"},\"inLanguage\":\"de\",\"potentialAction\":[{\"@type\":\"ReadAction\",\"target\":[\"https:\\\/\\\/srokacompany.com\\\/de\\\/produkt\\\/vorderer-kotfluegel-s-foil-high-aspect-2000-l\\\/\"]}]},{\"@type\":\"ImageObject\",\"inLanguage\":\"de\",\"@id\":\"https:\\\/\\\/srokacompany.com\\\/de\\\/produkt\\\/vorderer-kotfluegel-s-foil-high-aspect-2000-l\\\/#primaryimage\",\"url\":\"https:\\\/\\\/srokacompany.com\\\/wp-content\\\/uploads\\\/2023\\\/03\\\/2000-HA.png\",\"contentUrl\":\"https:\\\/\\\/srokacompany.com\\\/wp-content\\\/uploads\\\/2023\\\/03\\\/2000-HA.png\",\"width\":740,\"height\":1080},{\"@type\":\"BreadcrumbList\",\"@id\":\"https:\\\/\\\/srokacompany.com\\\/de\\\/produkt\\\/vorderer-kotfluegel-s-foil-high-aspect-2000-l\\\/#breadcrumb\",\"itemListElement\":[{\"@type\":\"ListItem\",\"position\":1,\"name\":\"Accueil\",\"item\":\"https:\\\/\\\/srokacompany.com\\\/de\\\/\"},{\"@type\":\"ListItem\",\"position\":2,\"name\":\"Laden\",\"item\":\"https:\\\/\\\/srokacompany.com\\\/laden\\\/\"},{\"@type\":\"ListItem\",\"position\":3,\"name\":\"Vorderer Kotfl\u00fcgel S-Foil High Aspect 2000 L\"}]},{\"@type\":\"WebSite\",\"@id\":\"https:\\\/\\\/srokacompany.com\\\/de\\\/#website\",\"url\":\"https:\\\/\\\/srokacompany.com\\\/de\\\/\",\"name\":\"SROKA Company\",\"description\":\"SUP, Kite, Foil, Wing\",\"publisher\":{\"@id\":\"https:\\\/\\\/srokacompany.com\\\/de\\\/#organization\"},\"potentialAction\":[{\"@type\":\"SearchAction\",\"target\":{\"@type\":\"EntryPoint\",\"urlTemplate\":\"https:\\\/\\\/srokacompany.com\\\/de\\\/?s={search_term_string}\"},\"query-input\":{\"@type\":\"PropertyValueSpecification\",\"valueRequired\":true,\"valueName\":\"search_term_string\"}}],\"inLanguage\":\"de\"},{\"@type\":\"Organization\",\"@id\":\"https:\\\/\\\/srokacompany.com\\\/de\\\/#organization\",\"name\":\"SROKACOMPANY\",\"alternateName\":\"SROKA\",\"url\":\"https:\\\/\\\/srokacompany.com\\\/de\\\/\",\"logo\":{\"@type\":\"ImageObject\",\"inLanguage\":\"de\",\"@id\":\"https:\\\/\\\/srokacompany.com\\\/de\\\/#\\\/schema\\\/logo\\\/image\\\/\",\"url\":\"https:\\\/\\\/srokacompany.com\\\/wp-content\\\/uploads\\\/2021\\\/01\\\/logo-sroka-black-transpa.png\",\"contentUrl\":\"https:\\\/\\\/srokacompany.com\\\/wp-content\\\/uploads\\\/2021\\\/01\\\/logo-sroka-black-transpa.png\",\"width\":1201,\"height\":342,\"caption\":\"SROKACOMPANY\"},\"image\":{\"@id\":\"https:\\\/\\\/srokacompany.com\\\/de\\\/#\\\/schema\\\/logo\\\/image\\\/\"},\"sameAs\":[\"https:\\\/\\\/www.facebook.com\\\/srokawatersports\\\/\",\"https:\\\/\\\/www.instagram.com\\\/srokawatersports\\\/\",\"https:\\\/\\\/www.youtube.com\\\/channel\\\/UCVLHHeaPIm-J5bdEUgxqtZA\"]}]}<\/script>\n<!-- \/ Yoast SEO plugin. -->","yoast_head_json":{"title":"Vorderer Kotfl\u00fcgel S-Foil High Aspect 2000 L - SROKA Company","description":"Entdecke den HA2000, den ultimativen Fl\u00fcgel f\u00fcr das Pumping! Pumpt m\u00fchelos und bricht dank seiner perfekten Ratio Rekorde.","robots":{"index":"index","follow":"follow","max-snippet":"max-snippet:-1","max-image-preview":"max-image-preview:large","max-video-preview":"max-video-preview:-1"},"canonical":"https:\/\/srokacompany.com\/de\/produkt\/vorderer-kotfluegel-s-foil-high-aspect-2000-l\/","og_locale":"de_DE","og_type":"article","og_title":"Vorderer Kotfl\u00fcgel S-Foil High Aspect 2000 L - SROKA Company","og_description":"Entdecke den HA2000, den ultimativen Fl\u00fcgel f\u00fcr das Pumping! Pumpt m\u00fchelos und bricht dank seiner perfekten Ratio Rekorde.","og_url":"https:\/\/srokacompany.com\/de\/produkt\/vorderer-kotfluegel-s-foil-high-aspect-2000-l\/","og_site_name":"SROKA Company","article_publisher":"https:\/\/www.facebook.com\/srokawatersports\/","article_modified_time":"2025-10-31T17:12:52+00:00","og_image":[{"width":740,"height":1080,"url":"https:\/\/srokacompany.com\/wp-content\/uploads\/2023\/03\/2000-HA.png","type":"image\/png"}],"twitter_misc":{"Gesch\u00e4tzte Lesezeit":"1\u00a0Minute"},"schema":{"@context":"https:\/\/schema.org","@graph":[{"@type":"WebPage","@id":"https:\/\/srokacompany.com\/de\/produkt\/vorderer-kotfluegel-s-foil-high-aspect-2000-l\/","url":"https:\/\/srokacompany.com\/de\/produkt\/vorderer-kotfluegel-s-foil-high-aspect-2000-l\/","name":"Vorderer Kotfl\u00fcgel S-Foil High Aspect 2000 L - SROKA Company","isPartOf":{"@id":"https:\/\/srokacompany.com\/de\/#website"},"primaryImageOfPage":{"@id":"https:\/\/srokacompany.com\/de\/produkt\/vorderer-kotfluegel-s-foil-high-aspect-2000-l\/#primaryimage"},"image":{"@id":"https:\/\/srokacompany.com\/de\/produkt\/vorderer-kotfluegel-s-foil-high-aspect-2000-l\/#primaryimage"},"thumbnailUrl":"https:\/\/srokacompany.com\/wp-content\/uploads\/2023\/03\/2000-HA.png","datePublished":"2023-03-10T15:31:07+00:00","dateModified":"2025-10-31T17:12:52+00:00","description":"Entdecke den HA2000, den ultimativen Fl\u00fcgel f\u00fcr das Pumping! Pumpt m\u00fchelos und bricht dank seiner perfekten Ratio Rekorde.","breadcrumb":{"@id":"https:\/\/srokacompany.com\/de\/produkt\/vorderer-kotfluegel-s-foil-high-aspect-2000-l\/#breadcrumb"},"inLanguage":"de","potentialAction":[{"@type":"ReadAction","target":["https:\/\/srokacompany.com\/de\/produkt\/vorderer-kotfluegel-s-foil-high-aspect-2000-l\/"]}]},{"@type":"ImageObject","inLanguage":"de","@id":"https:\/\/srokacompany.com\/de\/produkt\/vorderer-kotfluegel-s-foil-high-aspect-2000-l\/#primaryimage","url":"https:\/\/srokacompany.com\/wp-content\/uploads\/2023\/03\/2000-HA.png","contentUrl":"https:\/\/srokacompany.com\/wp-content\/uploads\/2023\/03\/2000-HA.png","width":740,"height":1080},{"@type":"BreadcrumbList","@id":"https:\/\/srokacompany.com\/de\/produkt\/vorderer-kotfluegel-s-foil-high-aspect-2000-l\/#breadcrumb","itemListElement":[{"@type":"ListItem","position":1,"name":"Accueil","item":"https:\/\/srokacompany.com\/de\/"},{"@type":"ListItem","position":2,"name":"Laden","item":"https:\/\/srokacompany.com\/laden\/"},{"@type":"ListItem","position":3,"name":"Vorderer Kotfl\u00fcgel S-Foil High Aspect 2000 L"}]},{"@type":"WebSite","@id":"https:\/\/srokacompany.com\/de\/#website","url":"https:\/\/srokacompany.com\/de\/","name":"SROKA Company","description":"SUP, Kite, Foil, Wing","publisher":{"@id":"https:\/\/srokacompany.com\/de\/#organization"},"potentialAction":[{"@type":"SearchAction","target":{"@type":"EntryPoint","urlTemplate":"https:\/\/srokacompany.com\/de\/?s={search_term_string}"},"query-input":{"@type":"PropertyValueSpecification","valueRequired":true,"valueName":"search_term_string"}}],"inLanguage":"de"},{"@type":"Organization","@id":"https:\/\/srokacompany.com\/de\/#organization","name":"SROKACOMPANY","alternateName":"SROKA","url":"https:\/\/srokacompany.com\/de\/","logo":{"@type":"ImageObject","inLanguage":"de","@id":"https:\/\/srokacompany.com\/de\/#\/schema\/logo\/image\/","url":"https:\/\/srokacompany.com\/wp-content\/uploads\/2021\/01\/logo-sroka-black-transpa.png","contentUrl":"https:\/\/srokacompany.com\/wp-content\/uploads\/2021\/01\/logo-sroka-black-transpa.png","width":1201,"height":342,"caption":"SROKACOMPANY"},"image":{"@id":"https:\/\/srokacompany.com\/de\/#\/schema\/logo\/image\/"},"sameAs":["https:\/\/www.facebook.com\/srokawatersports\/","https:\/\/www.instagram.com\/srokawatersports\/","https:\/\/www.youtube.com\/channel\/UCVLHHeaPIm-J5bdEUgxqtZA"]}]}},"uagb_featured_image_src":{"full":["https:\/\/srokacompany.com\/wp-content\/uploads\/2023\/03\/2000-HA.png",740,1080,false],"thumbnail":["https:\/\/srokacompany.com\/wp-content\/uploads\/2023\/03\/2000-HA-150x150.png",150,150,true],"medium":["https:\/\/srokacompany.com\/wp-content\/uploads\/2023\/03\/2000-HA-206x300.png",206,300,true],"medium_large":["https:\/\/srokacompany.com\/wp-content\/uploads\/2023\/03\/2000-HA.png",740,1080,false],"large":["https:\/\/srokacompany.com\/wp-content\/uploads\/2023\/03\/2000-HA-702x1024.png",702,1024,true],"1536x1536":["https:\/\/srokacompany.com\/wp-content\/uploads\/2023\/03\/2000-HA.png",740,1080,false],"2048x2048":["https:\/\/srokacompany.com\/wp-content\/uploads\/2023\/03\/2000-HA.png",740,1080,false],"woocommerce_thumbnail":["https:\/\/srokacompany.com\/wp-content\/uploads\/2023\/03\/2000-HA-600x876.png",600,876,true],"woocommerce_single":["https:\/\/srokacompany.com\/wp-content\/uploads\/2023\/03\/2000-HA-600x876.png",600,876,true],"woocommerce_gallery_thumbnail":["https:\/\/srokacompany.com\/wp-content\/uploads\/2023\/03\/2000-HA-100x100.png",100,100,true],"dgwt-wcas-product-suggestion":["https:\/\/srokacompany.com\/wp-content\/uploads\/2023\/03\/2000-HA.png",64,93,false]},"uagb_author_info":{"display_name":"Emmanuel DIJOUX","author_link":"https:\/\/srokacompany.com\/de\/blog\/author\/"},"uagb_comment_info":0,"uagb_excerpt":"Der neue HA2000 ist der ultimative Fl\u00fcgel f\u00fcr das Pumping. Du kannst mit minimalem Aufwand endlos pumpen. Mit dem HA2000 kannst du Rekorde in der Dauer brechen oder die Disziplin mit Leichtigkeit erlernen.","jetpack_sharing_enabled":true,"_links":{"self":[{"href":"https:\/\/srokacompany.com\/de\/wp-json\/wp\/v2\/product\/345787","targetHints":{"allow":["GET"]}}],"collection":[{"href":"https:\/\/srokacompany.com\/de\/wp-json\/wp\/v2\/product"}],"about":[{"href":"https:\/\/srokacompany.com\/de\/wp-json\/wp\/v2\/types\/product"}],"wp:featuredmedia":[{"embeddable":true,"href":"https:\/\/srokacompany.com\/de\/wp-json\/wp\/v2\/media\/345798"}],"wp:attachment":[{"href":"https:\/\/srokacompany.com\/de\/wp-json\/wp\/v2\/media?parent=345787"}],"wp:term":[{"taxonomy":"product_brand","embeddable":true,"href":"https:\/\/srokacompany.com\/de\/wp-json\/wp\/v2\/product_brand?post=345787"},{"taxonomy":"product_cat","embeddable":true,"href":"https:\/\/srokacompany.com\/de\/wp-json\/wp\/v2\/product_cat?post=345787"},{"taxonomy":"product_tag","embeddable":true,"href":"https:\/\/srokacompany.com\/de\/wp-json\/wp\/v2\/product_tag?post=345787"}],"curies":[{"name":"wp","href":"https:\/\/api.w.org\/{rel}","templated":true}]}}