{"id":345889,"date":"2023-03-06T13:28:57","date_gmt":"2023-03-06T11:28:57","guid":{"rendered":"https:\/\/srokacompany.com\/produit\/wingboard-foil-sky-rider-63\/"},"modified":"2025-10-31T19:11:03","modified_gmt":"2025-10-31T17:11:03","slug":"wingboard-foil-sky-rider-63","status":"publish","type":"product","link":"https:\/\/srokacompany.com\/de\/produkt\/wingboard-foil-sky-rider-63\/","title":{"rendered":"Wingboard foil Sky Rider: 6&#8217;3"},"content":{"rendered":"<hr>\n<h3>&#8222;Mache schnell Fortschritte und genie\u00dfe eine Wendigkeit, die du nie vermissen wirst, einen leichten Start auch auf unruhigem Wasser und maximale Stabilit\u00e4t mit dem Sky rider 6&#8217;3&#8220;.<\/h3>\n<p class=\"p1\">Dieser Sky rider 6&#8217;3 wurde entwickelt, um Sie bei Ihren <b>Fortschritten<\/b> zu begleiten und Ihnen zu erm\u00f6glichen <b>, sich<\/b> so schnell wie m\u00f6glich mit einem Maximum an Spa\u00df und Leichtigkeit <b>weiterzuentwickeln<\/b>.<\/p>\n<p class=\"p1\">Um unsere Preis-DNA beizubehalten, haben wir dieses Sky Rider Board als Fortsetzung des 5&#8217;2 und des 4&#8217;8 auf den Markt gebracht und dabei den <b>attraktiven<\/b> <b>Preis<\/b> von 1099 Euro inkl. MwSt. beibehalten.<\/p>\n<p class=\"p1\">Die Shapes dieser neuen Boards sind <b>kompakter<\/b> <b>,<\/b> wodurch die L\u00e4nge der Boards verringert und die Man\u00f6vrierf\u00e4higkeit erh\u00f6ht werden kann.<\/p>\n<p class=\"p1\">Unser Ziel ist es, Ihnen die beste Alternative mit maximaler Leistung zu bieten. Ausgehend von dieser Erkenntnis behalten wir eine <a href=\"https:\/\/srokacompany.com\/de\/blog\/wie-werden-wingfoil-boards-gebaut\/\"> <b>Full-Sandwich-Konstruktion<\/b><\/a> bei <span class=\"Apple-converted-space\">  <\/span>am Unterwasserschiff, um es unzerst\u00f6rbar zu machen und daf\u00fcr zu sorgen, dass es Ihnen lange erhalten bleibt. Dies ist eine sehr beanspruchte Stelle, insbesondere durch die Verbindung von foil und einem Sandwich unter den Pads, was eine maximale Steifigkeit unter den Auflagern gew\u00e4hrleistet und verhindert, dass sich das Deck unter den Fersen, z. B. bei Spr\u00fcngen, zusammenzieht. Um die Steifigkeit des Ganzen noch weiter zu erh\u00f6hen, wurden zwei Lagen <b>Carbon<\/b> \u00fcber die US-Schienen gelegt.  <\/p>\n<p class=\"p1\">Alle Boards werden aus <b>Sandwich-PVC-Glasfaser<\/b> und <b>Kohlefaser<\/b> hergestellt, je nach Modell mit den st\u00e4rksten Fasern auf dem Markt.<\/p>\n","protected":false},"excerpt":{"rendered":"<p>&#8222;Mache schnell Fortschritte und genie\u00dfe eine Wendigkeit, die du nie vermissen wirst, einen leichten Start auch auf unruhigem Wasser und maximale Stabilit\u00e4t mit dem Sky rider 6&#8217;3&#8220;. Dieser Sky rider 6&#8217;3 wurde entwickelt, um Sie bei Ihren Fortschritten zu begleiten und Ihnen zu erm\u00f6glichen , sich so schnell wie m\u00f6glich mit einem Maximum an Spa\u00df [&hellip;]<\/p>\n","protected":false},"featured_media":345890,"template":"","meta":{"_acf_changed":false,"_uag_custom_page_level_css":""},"product_brand":[],"product_cat":[3531],"product_tag":[3441],"class_list":{"0":"post-345889","1":"product","2":"type-product","3":"status-publish","4":"has-post-thumbnail","6":"product_cat-bretter-wing-foil-zum-besten-preis","7":"product_tag-anfanger","8":"product_shipping_class-hartes-brett-einheit","10":"first","11":"outofstock","12":"sale","13":"taxable","14":"shipping-taxable","15":"purchasable","16":"product-type-simple"},"acf":[],"yoast_head":"<!-- This site is optimized with the Yoast SEO plugin v27.4 - https:\/\/yoast.com\/product\/yoast-seo-wordpress\/ -->\n<title>Wingboard Skyrider 6&#039;3 Anf\u00e4nger<\/title>\n<meta name=\"description\" content=\"Schnelles Vorankommen, Stabilit\u00e4t und einfacher Start. Entdecke Sky Rider: Erschwingliche Leistung, solides Sandwich-Design aus PVC, Glasfaser.\" \/>\n<meta name=\"robots\" content=\"index, follow, max-snippet:-1, max-image-preview:large, max-video-preview:-1\" \/>\n<link rel=\"canonical\" href=\"https:\/\/srokacompany.com\/de\/produkt\/wingboard-foil-sky-rider-63\/\" \/>\n<meta property=\"og:locale\" content=\"de_DE\" \/>\n<meta property=\"og:type\" content=\"article\" \/>\n<meta property=\"og:title\" content=\"Wingboard Skyrider 6&#039;3 Anf\u00e4nger\" \/>\n<meta property=\"og:description\" content=\"Schnelles Vorankommen, Stabilit\u00e4t und einfacher Start. Entdecke Sky Rider: Erschwingliche Leistung, solides Sandwich-Design aus PVC, Glasfaser.\" \/>\n<meta property=\"og:url\" content=\"https:\/\/srokacompany.com\/de\/produkt\/wingboard-foil-sky-rider-63\/\" \/>\n<meta property=\"og:site_name\" content=\"SROKA Company\" \/>\n<meta property=\"article:publisher\" content=\"https:\/\/www.facebook.com\/srokawatersports\/\" \/>\n<meta property=\"article:modified_time\" content=\"2025-10-31T17:11:03+00:00\" \/>\n<meta property=\"og:image\" content=\"https:\/\/srokacompany.com\/wp-content\/uploads\/2023\/01\/63-2-1024x1024.png\" \/>\n\t<meta property=\"og:image:width\" content=\"1024\" \/>\n\t<meta property=\"og:image:height\" content=\"1024\" \/>\n\t<meta property=\"og:image:type\" content=\"image\/png\" \/>\n<meta name=\"twitter:label1\" content=\"Gesch\u00e4tzte Lesezeit\" \/>\n\t<meta name=\"twitter:data1\" content=\"1\u00a0Minute\" \/>\n<script type=\"application\/ld+json\" class=\"yoast-schema-graph\">{\"@context\":\"https:\\\/\\\/schema.org\",\"@graph\":[{\"@type\":\"WebPage\",\"@id\":\"https:\\\/\\\/srokacompany.com\\\/de\\\/produkt\\\/wingboard-foil-sky-rider-63\\\/\",\"url\":\"https:\\\/\\\/srokacompany.com\\\/de\\\/produkt\\\/wingboard-foil-sky-rider-63\\\/\",\"name\":\"Wingboard Skyrider 6'3 Anf\u00e4nger\",\"isPartOf\":{\"@id\":\"https:\\\/\\\/srokacompany.com\\\/de\\\/#website\"},\"primaryImageOfPage\":{\"@id\":\"https:\\\/\\\/srokacompany.com\\\/de\\\/produkt\\\/wingboard-foil-sky-rider-63\\\/#primaryimage\"},\"image\":{\"@id\":\"https:\\\/\\\/srokacompany.com\\\/de\\\/produkt\\\/wingboard-foil-sky-rider-63\\\/#primaryimage\"},\"thumbnailUrl\":\"https:\\\/\\\/srokacompany.com\\\/wp-content\\\/uploads\\\/2023\\\/01\\\/63-2.png\",\"datePublished\":\"2023-03-06T11:28:57+00:00\",\"dateModified\":\"2025-10-31T17:11:03+00:00\",\"description\":\"Schnelles Vorankommen, Stabilit\u00e4t und einfacher Start. Entdecke Sky Rider: Erschwingliche Leistung, solides Sandwich-Design aus PVC, Glasfaser.\",\"breadcrumb\":{\"@id\":\"https:\\\/\\\/srokacompany.com\\\/de\\\/produkt\\\/wingboard-foil-sky-rider-63\\\/#breadcrumb\"},\"inLanguage\":\"de\",\"potentialAction\":[{\"@type\":\"ReadAction\",\"target\":[\"https:\\\/\\\/srokacompany.com\\\/de\\\/produkt\\\/wingboard-foil-sky-rider-63\\\/\"]}]},{\"@type\":\"ImageObject\",\"inLanguage\":\"de\",\"@id\":\"https:\\\/\\\/srokacompany.com\\\/de\\\/produkt\\\/wingboard-foil-sky-rider-63\\\/#primaryimage\",\"url\":\"https:\\\/\\\/srokacompany.com\\\/wp-content\\\/uploads\\\/2023\\\/01\\\/63-2.png\",\"contentUrl\":\"https:\\\/\\\/srokacompany.com\\\/wp-content\\\/uploads\\\/2023\\\/01\\\/63-2.png\",\"width\":2048,\"height\":2048},{\"@type\":\"BreadcrumbList\",\"@id\":\"https:\\\/\\\/srokacompany.com\\\/de\\\/produkt\\\/wingboard-foil-sky-rider-63\\\/#breadcrumb\",\"itemListElement\":[{\"@type\":\"ListItem\",\"position\":1,\"name\":\"Accueil\",\"item\":\"https:\\\/\\\/srokacompany.com\\\/de\\\/\"},{\"@type\":\"ListItem\",\"position\":2,\"name\":\"Laden\",\"item\":\"https:\\\/\\\/srokacompany.com\\\/laden\\\/\"},{\"@type\":\"ListItem\",\"position\":3,\"name\":\"Wingboard foil Sky Rider: 6&rsquo;3\"}]},{\"@type\":\"WebSite\",\"@id\":\"https:\\\/\\\/srokacompany.com\\\/de\\\/#website\",\"url\":\"https:\\\/\\\/srokacompany.com\\\/de\\\/\",\"name\":\"SROKA Company\",\"description\":\"SUP, Kite, Foil, Wing\",\"publisher\":{\"@id\":\"https:\\\/\\\/srokacompany.com\\\/de\\\/#organization\"},\"potentialAction\":[{\"@type\":\"SearchAction\",\"target\":{\"@type\":\"EntryPoint\",\"urlTemplate\":\"https:\\\/\\\/srokacompany.com\\\/de\\\/?s={search_term_string}\"},\"query-input\":{\"@type\":\"PropertyValueSpecification\",\"valueRequired\":true,\"valueName\":\"search_term_string\"}}],\"inLanguage\":\"de\"},{\"@type\":\"Organization\",\"@id\":\"https:\\\/\\\/srokacompany.com\\\/de\\\/#organization\",\"name\":\"SROKACOMPANY\",\"alternateName\":\"SROKA\",\"url\":\"https:\\\/\\\/srokacompany.com\\\/de\\\/\",\"logo\":{\"@type\":\"ImageObject\",\"inLanguage\":\"de\",\"@id\":\"https:\\\/\\\/srokacompany.com\\\/de\\\/#\\\/schema\\\/logo\\\/image\\\/\",\"url\":\"https:\\\/\\\/srokacompany.com\\\/wp-content\\\/uploads\\\/2021\\\/01\\\/logo-sroka-black-transpa.png\",\"contentUrl\":\"https:\\\/\\\/srokacompany.com\\\/wp-content\\\/uploads\\\/2021\\\/01\\\/logo-sroka-black-transpa.png\",\"width\":1201,\"height\":342,\"caption\":\"SROKACOMPANY\"},\"image\":{\"@id\":\"https:\\\/\\\/srokacompany.com\\\/de\\\/#\\\/schema\\\/logo\\\/image\\\/\"},\"sameAs\":[\"https:\\\/\\\/www.facebook.com\\\/srokawatersports\\\/\",\"https:\\\/\\\/www.instagram.com\\\/srokawatersports\\\/\",\"https:\\\/\\\/www.youtube.com\\\/channel\\\/UCVLHHeaPIm-J5bdEUgxqtZA\"]}]}<\/script>\n<!-- \/ Yoast SEO plugin. -->","yoast_head_json":{"title":"Wingboard Skyrider 6'3 Anf\u00e4nger","description":"Schnelles Vorankommen, Stabilit\u00e4t und einfacher Start. Entdecke Sky Rider: Erschwingliche Leistung, solides Sandwich-Design aus PVC, Glasfaser.","robots":{"index":"index","follow":"follow","max-snippet":"max-snippet:-1","max-image-preview":"max-image-preview:large","max-video-preview":"max-video-preview:-1"},"canonical":"https:\/\/srokacompany.com\/de\/produkt\/wingboard-foil-sky-rider-63\/","og_locale":"de_DE","og_type":"article","og_title":"Wingboard Skyrider 6'3 Anf\u00e4nger","og_description":"Schnelles Vorankommen, Stabilit\u00e4t und einfacher Start. Entdecke Sky Rider: Erschwingliche Leistung, solides Sandwich-Design aus PVC, Glasfaser.","og_url":"https:\/\/srokacompany.com\/de\/produkt\/wingboard-foil-sky-rider-63\/","og_site_name":"SROKA Company","article_publisher":"https:\/\/www.facebook.com\/srokawatersports\/","article_modified_time":"2025-10-31T17:11:03+00:00","og_image":[{"width":1024,"height":1024,"url":"https:\/\/srokacompany.com\/wp-content\/uploads\/2023\/01\/63-2-1024x1024.png","type":"image\/png"}],"twitter_misc":{"Gesch\u00e4tzte Lesezeit":"1\u00a0Minute"},"schema":{"@context":"https:\/\/schema.org","@graph":[{"@type":"WebPage","@id":"https:\/\/srokacompany.com\/de\/produkt\/wingboard-foil-sky-rider-63\/","url":"https:\/\/srokacompany.com\/de\/produkt\/wingboard-foil-sky-rider-63\/","name":"Wingboard Skyrider 6'3 Anf\u00e4nger","isPartOf":{"@id":"https:\/\/srokacompany.com\/de\/#website"},"primaryImageOfPage":{"@id":"https:\/\/srokacompany.com\/de\/produkt\/wingboard-foil-sky-rider-63\/#primaryimage"},"image":{"@id":"https:\/\/srokacompany.com\/de\/produkt\/wingboard-foil-sky-rider-63\/#primaryimage"},"thumbnailUrl":"https:\/\/srokacompany.com\/wp-content\/uploads\/2023\/01\/63-2.png","datePublished":"2023-03-06T11:28:57+00:00","dateModified":"2025-10-31T17:11:03+00:00","description":"Schnelles Vorankommen, Stabilit\u00e4t und einfacher Start. Entdecke Sky Rider: Erschwingliche Leistung, solides Sandwich-Design aus PVC, Glasfaser.","breadcrumb":{"@id":"https:\/\/srokacompany.com\/de\/produkt\/wingboard-foil-sky-rider-63\/#breadcrumb"},"inLanguage":"de","potentialAction":[{"@type":"ReadAction","target":["https:\/\/srokacompany.com\/de\/produkt\/wingboard-foil-sky-rider-63\/"]}]},{"@type":"ImageObject","inLanguage":"de","@id":"https:\/\/srokacompany.com\/de\/produkt\/wingboard-foil-sky-rider-63\/#primaryimage","url":"https:\/\/srokacompany.com\/wp-content\/uploads\/2023\/01\/63-2.png","contentUrl":"https:\/\/srokacompany.com\/wp-content\/uploads\/2023\/01\/63-2.png","width":2048,"height":2048},{"@type":"BreadcrumbList","@id":"https:\/\/srokacompany.com\/de\/produkt\/wingboard-foil-sky-rider-63\/#breadcrumb","itemListElement":[{"@type":"ListItem","position":1,"name":"Accueil","item":"https:\/\/srokacompany.com\/de\/"},{"@type":"ListItem","position":2,"name":"Laden","item":"https:\/\/srokacompany.com\/laden\/"},{"@type":"ListItem","position":3,"name":"Wingboard foil Sky Rider: 6&rsquo;3"}]},{"@type":"WebSite","@id":"https:\/\/srokacompany.com\/de\/#website","url":"https:\/\/srokacompany.com\/de\/","name":"SROKA Company","description":"SUP, Kite, Foil, Wing","publisher":{"@id":"https:\/\/srokacompany.com\/de\/#organization"},"potentialAction":[{"@type":"SearchAction","target":{"@type":"EntryPoint","urlTemplate":"https:\/\/srokacompany.com\/de\/?s={search_term_string}"},"query-input":{"@type":"PropertyValueSpecification","valueRequired":true,"valueName":"search_term_string"}}],"inLanguage":"de"},{"@type":"Organization","@id":"https:\/\/srokacompany.com\/de\/#organization","name":"SROKACOMPANY","alternateName":"SROKA","url":"https:\/\/srokacompany.com\/de\/","logo":{"@type":"ImageObject","inLanguage":"de","@id":"https:\/\/srokacompany.com\/de\/#\/schema\/logo\/image\/","url":"https:\/\/srokacompany.com\/wp-content\/uploads\/2021\/01\/logo-sroka-black-transpa.png","contentUrl":"https:\/\/srokacompany.com\/wp-content\/uploads\/2021\/01\/logo-sroka-black-transpa.png","width":1201,"height":342,"caption":"SROKACOMPANY"},"image":{"@id":"https:\/\/srokacompany.com\/de\/#\/schema\/logo\/image\/"},"sameAs":["https:\/\/www.facebook.com\/srokawatersports\/","https:\/\/www.instagram.com\/srokawatersports\/","https:\/\/www.youtube.com\/channel\/UCVLHHeaPIm-J5bdEUgxqtZA"]}]}},"uagb_featured_image_src":{"full":["https:\/\/srokacompany.com\/wp-content\/uploads\/2023\/01\/63-2.png",2048,2048,false],"thumbnail":["https:\/\/srokacompany.com\/wp-content\/uploads\/2023\/01\/63-2-150x150.png",150,150,true],"medium":["https:\/\/srokacompany.com\/wp-content\/uploads\/2023\/01\/63-2-300x300.png",300,300,true],"medium_large":["https:\/\/srokacompany.com\/wp-content\/uploads\/2023\/01\/63-2-768x768.png",768,768,true],"large":["https:\/\/srokacompany.com\/wp-content\/uploads\/2023\/01\/63-2-1024x1024.png",1024,1024,true],"1536x1536":["https:\/\/srokacompany.com\/wp-content\/uploads\/2023\/01\/63-2-1536x1536.png",1536,1536,true],"2048x2048":["https:\/\/srokacompany.com\/wp-content\/uploads\/2023\/01\/63-2-2048x2048.png",2048,2048,true],"woocommerce_thumbnail":["https:\/\/srokacompany.com\/wp-content\/uploads\/2023\/01\/63-2-600x600.png",600,600,true],"woocommerce_single":["https:\/\/srokacompany.com\/wp-content\/uploads\/2023\/01\/63-2-600x600.png",600,600,true],"woocommerce_gallery_thumbnail":["https:\/\/srokacompany.com\/wp-content\/uploads\/2023\/01\/63-2-100x100.png",100,100,true],"dgwt-wcas-product-suggestion":["https:\/\/srokacompany.com\/wp-content\/uploads\/2023\/01\/63-2.png",64,64,false]},"uagb_author_info":{"display_name":"Jules Bustin","author_link":"https:\/\/srokacompany.com\/de\/blog\/author\/"},"uagb_comment_info":0,"uagb_excerpt":"&#8222;Mache schnell Fortschritte und genie\u00dfe eine Wendigkeit, die du nie vermissen wirst, einen leichten Start auch auf unruhigem Wasser und maximale Stabilit\u00e4t mit dem Sky rider 6&#8217;3&#8220;. Dieser Sky rider 6&#8217;3 wurde entwickelt, um Sie bei Ihren Fortschritten zu begleiten und Ihnen zu erm\u00f6glichen , sich so schnell wie m\u00f6glich mit einem Maximum an Spa\u00df&hellip;","jetpack_sharing_enabled":true,"_links":{"self":[{"href":"https:\/\/srokacompany.com\/de\/wp-json\/wp\/v2\/product\/345889","targetHints":{"allow":["GET"]}}],"collection":[{"href":"https:\/\/srokacompany.com\/de\/wp-json\/wp\/v2\/product"}],"about":[{"href":"https:\/\/srokacompany.com\/de\/wp-json\/wp\/v2\/types\/product"}],"wp:featuredmedia":[{"embeddable":true,"href":"https:\/\/srokacompany.com\/de\/wp-json\/wp\/v2\/media\/345890"}],"wp:attachment":[{"href":"https:\/\/srokacompany.com\/de\/wp-json\/wp\/v2\/media?parent=345889"}],"wp:term":[{"taxonomy":"product_brand","embeddable":true,"href":"https:\/\/srokacompany.com\/de\/wp-json\/wp\/v2\/product_brand?post=345889"},{"taxonomy":"product_cat","embeddable":true,"href":"https:\/\/srokacompany.com\/de\/wp-json\/wp\/v2\/product_cat?post=345889"},{"taxonomy":"product_tag","embeddable":true,"href":"https:\/\/srokacompany.com\/de\/wp-json\/wp\/v2\/product_tag?post=345889"}],"curies":[{"name":"wp","href":"https:\/\/api.w.org\/{rel}","templated":true}]}}