{"id":345931,"date":"2023-04-12T08:38:07","date_gmt":"2023-04-12T08:38:07","guid":{"rendered":"https:\/\/srokacompany.com\/produit\/malibu-106-orange-gebraucht\/"},"modified":"2025-10-31T19:12:12","modified_gmt":"2025-10-31T17:12:12","slug":"malibu-106-orange-gebraucht","status":"publish","type":"product","link":"https:\/\/srokacompany.com\/de\/produkt\/malibu-106-orange-gebraucht\/","title":{"rendered":"Malibu 10&#8217;6 orange gebraucht"},"content":{"rendered":"<hr>\n<h2><strong>Stand up paddle aufblasbare Malibu 10&#8217;6 Gebraucht &#8211; Ausstellungsmodell &#8211; &#8211;<\/strong><\/h2>\n<h2><strong>2 Jahre Garantie<\/strong><\/h2>\n<p>Genie\u00dfen Sie mit dem Malibu 10&#8217;6 Fusion ein leichtes und vielseitiges aufblasbares Surfbrett von SUP. Dieses Modell ist ideal f\u00fcr Anf\u00e4nger, Einsteiger und Familienausfl\u00fcge auf allen Gew\u00e4ssern. Es bietet unvergleichliche Stabilit\u00e4t, St\u00e4rke, Haltbarkeit und Vielseitigkeit. Es ist der Bestseller der SROKA-Produktreihe, der f\u00fcr seine Qualit\u00e4t und sein Design bekannt ist.   <\/p>\n<p>Dieser orangefarbene Malibu 10&#8217;6 ist ein Ausstellungsmodell, das kaum drei Mal benutzt wurde. Er ist in perfektem Zustand und profitiert von einem au\u00dfergew\u00f6hnlichen Rabatt. <\/p>\n<p><a href=\"https:\/\/srokacompany.com\/de\/warum-sroka-boards\/\"><span style=\"font-weight: 400;\">Warum Sie sich f\u00fcr SROKA-Produkte entscheiden sollten<\/span><\/a><\/p>\n","protected":false},"excerpt":{"rendered":"<p>Genie\u00dfen Sie mit dem Malibu 10&#8217;6 Fusion ein leichtes und vielseitiges aufblasbares Brett von SUP <\/p>\n","protected":false},"featured_media":345932,"template":"","meta":{"_acf_changed":false,"_uag_custom_page_level_css":""},"product_brand":[],"product_cat":[3693,3651,3650],"product_tag":[],"class_list":{"0":"post-345931","1":"product","2":"type-product","3":"status-publish","4":"has-post-thumbnail","6":"product_cat-gebrauchte-gerate","7":"product_cat-gebrauchte-paddelboot","8":"product_cat-schnappchen","9":"product_shipping_class-sup-einheit","11":"first","12":"outofstock","13":"taxable","14":"shipping-taxable","15":"purchasable","16":"product-type-variable","17":"has-default-attributes"},"acf":[],"yoast_head":"<!-- This site is optimized with the Yoast SEO plugin v27.4 - https:\/\/yoast.com\/product\/yoast-seo-wordpress\/ -->\n<title>Aufblasbares Paddel Malibu 10&#039;6 gebraucht - SROKA Company<\/title>\n<meta name=\"description\" content=\"SUP gebrauchtes aufblasbares 10&#039;6 Malibu Fusion. Hochwertiges Stand up Paddle f\u00fcr die ganze Familie. Beste Qualit\u00e4t zum besten Preis von Sroka.\" \/>\n<meta name=\"robots\" content=\"index, follow, max-snippet:-1, max-image-preview:large, max-video-preview:-1\" \/>\n<link rel=\"canonical\" href=\"https:\/\/srokacompany.com\/de\/produkt\/malibu-106-orange-gebraucht\/\" \/>\n<meta property=\"og:locale\" content=\"de_DE\" \/>\n<meta property=\"og:type\" content=\"article\" \/>\n<meta property=\"og:title\" content=\"Aufblasbares Paddel Malibu 10&#039;6 gebraucht - SROKA Company\" \/>\n<meta property=\"og:description\" content=\"SUP gebrauchtes aufblasbares 10&#039;6 Malibu Fusion. Hochwertiges Stand up Paddle f\u00fcr die ganze Familie. Beste Qualit\u00e4t zum besten Preis von Sroka.\" \/>\n<meta property=\"og:url\" content=\"https:\/\/srokacompany.com\/de\/produkt\/malibu-106-orange-gebraucht\/\" \/>\n<meta property=\"og:site_name\" content=\"SROKA Company\" \/>\n<meta property=\"article:publisher\" content=\"https:\/\/www.facebook.com\/srokawatersports\/\" \/>\n<meta property=\"article:modified_time\" content=\"2025-10-31T17:12:12+00:00\" \/>\n<meta property=\"og:image\" content=\"https:\/\/srokacompany.com\/wp-content\/uploads\/2023\/04\/IMG_1440-1-rotated-1.jpg\" \/>\n\t<meta property=\"og:image:width\" content=\"1493\" \/>\n\t<meta property=\"og:image:height\" content=\"1991\" \/>\n\t<meta property=\"og:image:type\" content=\"image\/jpeg\" \/>\n<meta name=\"twitter:label1\" content=\"Gesch\u00e4tzte Lesezeit\" \/>\n\t<meta name=\"twitter:data1\" content=\"1\u00a0Minute\" \/>\n<script type=\"application\/ld+json\" class=\"yoast-schema-graph\">{\"@context\":\"https:\\\/\\\/schema.org\",\"@graph\":[{\"@type\":\"WebPage\",\"@id\":\"https:\\\/\\\/srokacompany.com\\\/de\\\/produkt\\\/malibu-106-orange-gebraucht\\\/\",\"url\":\"https:\\\/\\\/srokacompany.com\\\/de\\\/produkt\\\/malibu-106-orange-gebraucht\\\/\",\"name\":\"Aufblasbares Paddel Malibu 10'6 gebraucht - SROKA Company\",\"isPartOf\":{\"@id\":\"https:\\\/\\\/srokacompany.com\\\/de\\\/#website\"},\"primaryImageOfPage\":{\"@id\":\"https:\\\/\\\/srokacompany.com\\\/de\\\/produkt\\\/malibu-106-orange-gebraucht\\\/#primaryimage\"},\"image\":{\"@id\":\"https:\\\/\\\/srokacompany.com\\\/de\\\/produkt\\\/malibu-106-orange-gebraucht\\\/#primaryimage\"},\"thumbnailUrl\":\"https:\\\/\\\/srokacompany.com\\\/wp-content\\\/uploads\\\/2023\\\/04\\\/IMG_1440-1-rotated-1.jpg\",\"datePublished\":\"2023-04-12T08:38:07+00:00\",\"dateModified\":\"2025-10-31T17:12:12+00:00\",\"description\":\"SUP gebrauchtes aufblasbares 10'6 Malibu Fusion. Hochwertiges Stand up Paddle f\u00fcr die ganze Familie. Beste Qualit\u00e4t zum besten Preis von Sroka.\",\"breadcrumb\":{\"@id\":\"https:\\\/\\\/srokacompany.com\\\/de\\\/produkt\\\/malibu-106-orange-gebraucht\\\/#breadcrumb\"},\"inLanguage\":\"de\",\"potentialAction\":[{\"@type\":\"ReadAction\",\"target\":[\"https:\\\/\\\/srokacompany.com\\\/de\\\/produkt\\\/malibu-106-orange-gebraucht\\\/\"]}]},{\"@type\":\"ImageObject\",\"inLanguage\":\"de\",\"@id\":\"https:\\\/\\\/srokacompany.com\\\/de\\\/produkt\\\/malibu-106-orange-gebraucht\\\/#primaryimage\",\"url\":\"https:\\\/\\\/srokacompany.com\\\/wp-content\\\/uploads\\\/2023\\\/04\\\/IMG_1440-1-rotated-1.jpg\",\"contentUrl\":\"https:\\\/\\\/srokacompany.com\\\/wp-content\\\/uploads\\\/2023\\\/04\\\/IMG_1440-1-rotated-1.jpg\",\"width\":1493,\"height\":1991},{\"@type\":\"BreadcrumbList\",\"@id\":\"https:\\\/\\\/srokacompany.com\\\/de\\\/produkt\\\/malibu-106-orange-gebraucht\\\/#breadcrumb\",\"itemListElement\":[{\"@type\":\"ListItem\",\"position\":1,\"name\":\"Accueil\",\"item\":\"https:\\\/\\\/srokacompany.com\\\/de\\\/\"},{\"@type\":\"ListItem\",\"position\":2,\"name\":\"Laden\",\"item\":\"https:\\\/\\\/srokacompany.com\\\/laden\\\/\"},{\"@type\":\"ListItem\",\"position\":3,\"name\":\"Malibu 10&rsquo;6 orange gebraucht\"}]},{\"@type\":\"WebSite\",\"@id\":\"https:\\\/\\\/srokacompany.com\\\/de\\\/#website\",\"url\":\"https:\\\/\\\/srokacompany.com\\\/de\\\/\",\"name\":\"SROKA Company\",\"description\":\"SUP, Kite, Foil, Wing\",\"publisher\":{\"@id\":\"https:\\\/\\\/srokacompany.com\\\/de\\\/#organization\"},\"potentialAction\":[{\"@type\":\"SearchAction\",\"target\":{\"@type\":\"EntryPoint\",\"urlTemplate\":\"https:\\\/\\\/srokacompany.com\\\/de\\\/?s={search_term_string}\"},\"query-input\":{\"@type\":\"PropertyValueSpecification\",\"valueRequired\":true,\"valueName\":\"search_term_string\"}}],\"inLanguage\":\"de\"},{\"@type\":\"Organization\",\"@id\":\"https:\\\/\\\/srokacompany.com\\\/de\\\/#organization\",\"name\":\"SROKACOMPANY\",\"alternateName\":\"SROKA\",\"url\":\"https:\\\/\\\/srokacompany.com\\\/de\\\/\",\"logo\":{\"@type\":\"ImageObject\",\"inLanguage\":\"de\",\"@id\":\"https:\\\/\\\/srokacompany.com\\\/de\\\/#\\\/schema\\\/logo\\\/image\\\/\",\"url\":\"https:\\\/\\\/srokacompany.com\\\/wp-content\\\/uploads\\\/2021\\\/01\\\/logo-sroka-black-transpa.png\",\"contentUrl\":\"https:\\\/\\\/srokacompany.com\\\/wp-content\\\/uploads\\\/2021\\\/01\\\/logo-sroka-black-transpa.png\",\"width\":1201,\"height\":342,\"caption\":\"SROKACOMPANY\"},\"image\":{\"@id\":\"https:\\\/\\\/srokacompany.com\\\/de\\\/#\\\/schema\\\/logo\\\/image\\\/\"},\"sameAs\":[\"https:\\\/\\\/www.facebook.com\\\/srokawatersports\\\/\",\"https:\\\/\\\/www.instagram.com\\\/srokawatersports\\\/\",\"https:\\\/\\\/www.youtube.com\\\/channel\\\/UCVLHHeaPIm-J5bdEUgxqtZA\"]}]}<\/script>\n<!-- \/ Yoast SEO plugin. -->","yoast_head_json":{"title":"Aufblasbares Paddel Malibu 10'6 gebraucht - SROKA Company","description":"SUP gebrauchtes aufblasbares 10'6 Malibu Fusion. Hochwertiges Stand up Paddle f\u00fcr die ganze Familie. Beste Qualit\u00e4t zum besten Preis von Sroka.","robots":{"index":"index","follow":"follow","max-snippet":"max-snippet:-1","max-image-preview":"max-image-preview:large","max-video-preview":"max-video-preview:-1"},"canonical":"https:\/\/srokacompany.com\/de\/produkt\/malibu-106-orange-gebraucht\/","og_locale":"de_DE","og_type":"article","og_title":"Aufblasbares Paddel Malibu 10'6 gebraucht - SROKA Company","og_description":"SUP gebrauchtes aufblasbares 10'6 Malibu Fusion. Hochwertiges Stand up Paddle f\u00fcr die ganze Familie. Beste Qualit\u00e4t zum besten Preis von Sroka.","og_url":"https:\/\/srokacompany.com\/de\/produkt\/malibu-106-orange-gebraucht\/","og_site_name":"SROKA Company","article_publisher":"https:\/\/www.facebook.com\/srokawatersports\/","article_modified_time":"2025-10-31T17:12:12+00:00","og_image":[{"width":1493,"height":1991,"url":"https:\/\/srokacompany.com\/wp-content\/uploads\/2023\/04\/IMG_1440-1-rotated-1.jpg","type":"image\/jpeg"}],"twitter_misc":{"Gesch\u00e4tzte Lesezeit":"1\u00a0Minute"},"schema":{"@context":"https:\/\/schema.org","@graph":[{"@type":"WebPage","@id":"https:\/\/srokacompany.com\/de\/produkt\/malibu-106-orange-gebraucht\/","url":"https:\/\/srokacompany.com\/de\/produkt\/malibu-106-orange-gebraucht\/","name":"Aufblasbares Paddel Malibu 10'6 gebraucht - SROKA Company","isPartOf":{"@id":"https:\/\/srokacompany.com\/de\/#website"},"primaryImageOfPage":{"@id":"https:\/\/srokacompany.com\/de\/produkt\/malibu-106-orange-gebraucht\/#primaryimage"},"image":{"@id":"https:\/\/srokacompany.com\/de\/produkt\/malibu-106-orange-gebraucht\/#primaryimage"},"thumbnailUrl":"https:\/\/srokacompany.com\/wp-content\/uploads\/2023\/04\/IMG_1440-1-rotated-1.jpg","datePublished":"2023-04-12T08:38:07+00:00","dateModified":"2025-10-31T17:12:12+00:00","description":"SUP gebrauchtes aufblasbares 10'6 Malibu Fusion. Hochwertiges Stand up Paddle f\u00fcr die ganze Familie. Beste Qualit\u00e4t zum besten Preis von Sroka.","breadcrumb":{"@id":"https:\/\/srokacompany.com\/de\/produkt\/malibu-106-orange-gebraucht\/#breadcrumb"},"inLanguage":"de","potentialAction":[{"@type":"ReadAction","target":["https:\/\/srokacompany.com\/de\/produkt\/malibu-106-orange-gebraucht\/"]}]},{"@type":"ImageObject","inLanguage":"de","@id":"https:\/\/srokacompany.com\/de\/produkt\/malibu-106-orange-gebraucht\/#primaryimage","url":"https:\/\/srokacompany.com\/wp-content\/uploads\/2023\/04\/IMG_1440-1-rotated-1.jpg","contentUrl":"https:\/\/srokacompany.com\/wp-content\/uploads\/2023\/04\/IMG_1440-1-rotated-1.jpg","width":1493,"height":1991},{"@type":"BreadcrumbList","@id":"https:\/\/srokacompany.com\/de\/produkt\/malibu-106-orange-gebraucht\/#breadcrumb","itemListElement":[{"@type":"ListItem","position":1,"name":"Accueil","item":"https:\/\/srokacompany.com\/de\/"},{"@type":"ListItem","position":2,"name":"Laden","item":"https:\/\/srokacompany.com\/laden\/"},{"@type":"ListItem","position":3,"name":"Malibu 10&rsquo;6 orange gebraucht"}]},{"@type":"WebSite","@id":"https:\/\/srokacompany.com\/de\/#website","url":"https:\/\/srokacompany.com\/de\/","name":"SROKA Company","description":"SUP, Kite, Foil, Wing","publisher":{"@id":"https:\/\/srokacompany.com\/de\/#organization"},"potentialAction":[{"@type":"SearchAction","target":{"@type":"EntryPoint","urlTemplate":"https:\/\/srokacompany.com\/de\/?s={search_term_string}"},"query-input":{"@type":"PropertyValueSpecification","valueRequired":true,"valueName":"search_term_string"}}],"inLanguage":"de"},{"@type":"Organization","@id":"https:\/\/srokacompany.com\/de\/#organization","name":"SROKACOMPANY","alternateName":"SROKA","url":"https:\/\/srokacompany.com\/de\/","logo":{"@type":"ImageObject","inLanguage":"de","@id":"https:\/\/srokacompany.com\/de\/#\/schema\/logo\/image\/","url":"https:\/\/srokacompany.com\/wp-content\/uploads\/2021\/01\/logo-sroka-black-transpa.png","contentUrl":"https:\/\/srokacompany.com\/wp-content\/uploads\/2021\/01\/logo-sroka-black-transpa.png","width":1201,"height":342,"caption":"SROKACOMPANY"},"image":{"@id":"https:\/\/srokacompany.com\/de\/#\/schema\/logo\/image\/"},"sameAs":["https:\/\/www.facebook.com\/srokawatersports\/","https:\/\/www.instagram.com\/srokawatersports\/","https:\/\/www.youtube.com\/channel\/UCVLHHeaPIm-J5bdEUgxqtZA"]}]}},"uagb_featured_image_src":{"full":["https:\/\/srokacompany.com\/wp-content\/uploads\/2023\/04\/IMG_1440-1-rotated-1.jpg",1493,1991,false],"thumbnail":["https:\/\/srokacompany.com\/wp-content\/uploads\/2023\/04\/IMG_1440-1-rotated-1-150x150.jpg",150,150,true],"medium":["https:\/\/srokacompany.com\/wp-content\/uploads\/2023\/04\/IMG_1440-1-rotated-1-225x300.jpg",225,300,true],"medium_large":["https:\/\/srokacompany.com\/wp-content\/uploads\/2023\/04\/IMG_1440-1-rotated-1-768x1024.jpg",768,1024,true],"large":["https:\/\/srokacompany.com\/wp-content\/uploads\/2023\/04\/IMG_1440-1-rotated-1-768x1024.jpg",768,1024,true],"1536x1536":["https:\/\/srokacompany.com\/wp-content\/uploads\/2023\/04\/IMG_1440-1-rotated-1-1152x1536.jpg",1152,1536,true],"2048x2048":["https:\/\/srokacompany.com\/wp-content\/uploads\/2023\/04\/IMG_1440-1-rotated-1.jpg",1493,1991,false],"woocommerce_thumbnail":["https:\/\/srokacompany.com\/wp-content\/uploads\/2023\/04\/IMG_1440-1-rotated-1-600x800.jpg",600,800,true],"woocommerce_single":["https:\/\/srokacompany.com\/wp-content\/uploads\/2023\/04\/IMG_1440-1-rotated-1-600x800.jpg",600,800,true],"woocommerce_gallery_thumbnail":["https:\/\/srokacompany.com\/wp-content\/uploads\/2023\/04\/IMG_1440-1-rotated-1-100x100.jpg",100,100,true],"dgwt-wcas-product-suggestion":["https:\/\/srokacompany.com\/wp-content\/uploads\/2023\/04\/IMG_1440-1-rotated-1.jpg",64,85,false]},"uagb_author_info":{"display_name":"Emmanuel DIJOUX","author_link":"https:\/\/srokacompany.com\/de\/blog\/author\/"},"uagb_comment_info":0,"uagb_excerpt":"Genie\u00dfen Sie mit dem Malibu 10'6 Fusion ein leichtes und vielseitiges aufblasbares Brett von SUP","jetpack_sharing_enabled":true,"_links":{"self":[{"href":"https:\/\/srokacompany.com\/de\/wp-json\/wp\/v2\/product\/345931","targetHints":{"allow":["GET"]}}],"collection":[{"href":"https:\/\/srokacompany.com\/de\/wp-json\/wp\/v2\/product"}],"about":[{"href":"https:\/\/srokacompany.com\/de\/wp-json\/wp\/v2\/types\/product"}],"wp:featuredmedia":[{"embeddable":true,"href":"https:\/\/srokacompany.com\/de\/wp-json\/wp\/v2\/media\/345932"}],"wp:attachment":[{"href":"https:\/\/srokacompany.com\/de\/wp-json\/wp\/v2\/media?parent=345931"}],"wp:term":[{"taxonomy":"product_brand","embeddable":true,"href":"https:\/\/srokacompany.com\/de\/wp-json\/wp\/v2\/product_brand?post=345931"},{"taxonomy":"product_cat","embeddable":true,"href":"https:\/\/srokacompany.com\/de\/wp-json\/wp\/v2\/product_cat?post=345931"},{"taxonomy":"product_tag","embeddable":true,"href":"https:\/\/srokacompany.com\/de\/wp-json\/wp\/v2\/product_tag?post=345931"}],"curies":[{"name":"wp","href":"https:\/\/api.w.org\/{rel}","templated":true}]}}