{"id":346079,"date":"2023-06-07T08:43:27","date_gmt":"2023-06-07T08:43:27","guid":{"rendered":"https:\/\/srokacompany.com\/produit\/wingboard-foil-sky-rider-48-gebraucht\/"},"modified":"2025-10-31T19:11:45","modified_gmt":"2025-10-31T17:11:45","slug":"wingboard-foil-sky-rider-48-gebraucht","status":"publish","type":"product","link":"https:\/\/srokacompany.com\/de\/produkt\/wingboard-foil-sky-rider-48-gebraucht\/","title":{"rendered":"Wingboard foil Sky Rider 4&#8217;8 Gebraucht"},"content":{"rendered":"<hr>\n<h2>Brett von Wing foil Sky Rider 4&#8217;8 OCCASION &#8211; VOLLST\u00c4NDIGE BESCHREIBUNG <a href=\"https:\/\/srokacompany.com\/de\/produkt\/sky-rider-board-48-und-52\/\">HIER<\/a><\/h2>\n<p>Wir haben diese Reihe von kleinen Brettern unter foil entwickelt, damit du dich weiter verbessern und Fortschritte machen kannst. Bisher haben wir Boards mit einem Volumen von \u00fcber 90 L angeboten. Aber da das allgemeine Niveau der Rider immer h\u00f6her wird, reagieren wir auf Ihre Erwartungen mit k\u00fcrzeren Boards, die perfekt zum Springen sind, um schneller zu werden, um mehr Wendigkeit in den Wellen oder beim Freestyle zu haben. Die Sky Rider 4&#8217;8 und 5&#8217;2 wurden aus dieser Logik heraus entwickelt.  <\/p>\n<p>Unser Produkt ist <strong>auf Langlebigkeit<\/strong> ausgelegt. Wir haben festgestellt, dass allzu oft Boards Probleme mit Br\u00fcchigkeit, Br\u00fcchen, Delaminationen und Deckeinbr\u00fcchen haben, wenn die Fahrer ein Mindestma\u00df an Leistung von ihrem Board von foil verlangen. Deshalb sind wir unserer Philosophie treu geblieben: langlebige, leistungsf\u00e4hige Produkte herzustellen und gleichzeitig 99,9 % des Kundendienstes zu eliminieren. Es kommt nicht in Frage, dass dein Board nach 15 Sessions oder ein paar Spr\u00fcngen kaputt geht.   <\/p>\n<p>Das Sky Rider 4&#8217;8 oder 5&#8217;2 Wingfoil Board ist perfekt, um Spa\u00df beim <strong>Freestyle<\/strong>, Race oder in der <strong>Welle<\/strong> zu haben. Mit einer guten Brettbreite ist die Stabilit\u00e4t vor allem am Start gegeben. Diese super vielseitigen Boards sind f\u00fcr fortgeschrittene und erfahrene Rider gedacht, um das n\u00e4chste Level zu erreichen.  <\/p>\n","protected":false},"excerpt":{"rendered":"<p>Brett von Wing foil Sky Rider 4&#8217;8 OCCASION &#8211; VOLLST\u00c4NDIGE BESCHREIBUNG HIER Wir haben diese Reihe von kleinen Brettern unter foil entwickelt, damit du dich weiter verbessern und Fortschritte machen kannst. Bisher haben wir Boards mit einem Volumen von \u00fcber 90 L angeboten. Aber da das allgemeine Niveau der Rider immer h\u00f6her wird, reagieren wir [&hellip;]<\/p>\n","protected":false},"featured_media":346080,"template":"","meta":{"_acf_changed":false,"_uag_custom_page_level_css":""},"product_brand":[],"product_cat":[3693,3650,3695],"product_tag":[],"class_list":{"0":"post-346079","1":"product","2":"type-product","3":"status-publish","4":"has-post-thumbnail","6":"product_cat-gebrauchte-gerate","7":"product_cat-schnappchen","8":"product_cat-wing-foil-gebraucht","9":"product_shipping_class-hartes-brett-2025","11":"first","12":"instock","13":"taxable","14":"shipping-taxable","15":"purchasable","16":"product-type-simple"},"acf":[],"yoast_head":"<!-- This site is optimized with the Yoast SEO plugin v27.4 - https:\/\/yoast.com\/product\/yoast-seo-wordpress\/ -->\n<title>Wingboard foil Sky Rider 4&#039;8 Gebraucht - SROKA Company<\/title>\n<meta name=\"description\" content=\"Gebrauchtes SROKA 4&#039;8 Wingfoil Board - Perfekt f\u00fcr schnelle Fortschritte und hervorragende Man\u00f6vrierf\u00e4higkeit. Optimale Stabilit\u00e4t. Preis: 639\u20ac.\" \/>\n<meta name=\"robots\" content=\"index, follow, max-snippet:-1, max-image-preview:large, max-video-preview:-1\" \/>\n<link rel=\"canonical\" href=\"https:\/\/srokacompany.com\/de\/produkt\/wingboard-foil-sky-rider-48-gebraucht\/\" \/>\n<meta property=\"og:locale\" content=\"de_DE\" \/>\n<meta property=\"og:type\" content=\"article\" \/>\n<meta property=\"og:title\" content=\"Wingboard foil Sky Rider 4&#039;8 Gebraucht - SROKA Company\" \/>\n<meta property=\"og:description\" content=\"Gebrauchtes SROKA 4&#039;8 Wingfoil Board - Perfekt f\u00fcr schnelle Fortschritte und hervorragende Man\u00f6vrierf\u00e4higkeit. Optimale Stabilit\u00e4t. Preis: 639\u20ac.\" \/>\n<meta property=\"og:url\" content=\"https:\/\/srokacompany.com\/de\/produkt\/wingboard-foil-sky-rider-48-gebraucht\/\" \/>\n<meta property=\"og:site_name\" content=\"SROKA Company\" \/>\n<meta property=\"article:publisher\" content=\"https:\/\/www.facebook.com\/srokawatersports\/\" \/>\n<meta property=\"article:modified_time\" content=\"2025-10-31T17:11:45+00:00\" \/>\n<meta property=\"og:image\" content=\"https:\/\/srokacompany.com\/wp-content\/uploads\/2023\/06\/48-occasion-chineIMG_0071-scaled-1.jpg\" \/>\n\t<meta property=\"og:image:width\" content=\"1536\" \/>\n\t<meta property=\"og:image:height\" content=\"2048\" \/>\n\t<meta property=\"og:image:type\" content=\"image\/jpeg\" \/>\n<meta name=\"twitter:label1\" content=\"Gesch\u00e4tzte Lesezeit\" \/>\n\t<meta name=\"twitter:data1\" content=\"1\u00a0Minute\" \/>\n<script type=\"application\/ld+json\" class=\"yoast-schema-graph\">{\"@context\":\"https:\\\/\\\/schema.org\",\"@graph\":[{\"@type\":\"WebPage\",\"@id\":\"https:\\\/\\\/srokacompany.com\\\/de\\\/produkt\\\/wingboard-foil-sky-rider-48-gebraucht\\\/\",\"url\":\"https:\\\/\\\/srokacompany.com\\\/de\\\/produkt\\\/wingboard-foil-sky-rider-48-gebraucht\\\/\",\"name\":\"Wingboard foil Sky Rider 4'8 Gebraucht - SROKA Company\",\"isPartOf\":{\"@id\":\"https:\\\/\\\/srokacompany.com\\\/de\\\/#website\"},\"primaryImageOfPage\":{\"@id\":\"https:\\\/\\\/srokacompany.com\\\/de\\\/produkt\\\/wingboard-foil-sky-rider-48-gebraucht\\\/#primaryimage\"},\"image\":{\"@id\":\"https:\\\/\\\/srokacompany.com\\\/de\\\/produkt\\\/wingboard-foil-sky-rider-48-gebraucht\\\/#primaryimage\"},\"thumbnailUrl\":\"https:\\\/\\\/srokacompany.com\\\/wp-content\\\/uploads\\\/2023\\\/06\\\/48-occasion-chineIMG_0071-scaled-1.jpg\",\"datePublished\":\"2023-06-07T08:43:27+00:00\",\"dateModified\":\"2025-10-31T17:11:45+00:00\",\"description\":\"Gebrauchtes SROKA 4'8 Wingfoil Board - Perfekt f\u00fcr schnelle Fortschritte und hervorragende Man\u00f6vrierf\u00e4higkeit. Optimale Stabilit\u00e4t. Preis: 639\u20ac.\",\"breadcrumb\":{\"@id\":\"https:\\\/\\\/srokacompany.com\\\/de\\\/produkt\\\/wingboard-foil-sky-rider-48-gebraucht\\\/#breadcrumb\"},\"inLanguage\":\"de\",\"potentialAction\":[{\"@type\":\"ReadAction\",\"target\":[\"https:\\\/\\\/srokacompany.com\\\/de\\\/produkt\\\/wingboard-foil-sky-rider-48-gebraucht\\\/\"]}]},{\"@type\":\"ImageObject\",\"inLanguage\":\"de\",\"@id\":\"https:\\\/\\\/srokacompany.com\\\/de\\\/produkt\\\/wingboard-foil-sky-rider-48-gebraucht\\\/#primaryimage\",\"url\":\"https:\\\/\\\/srokacompany.com\\\/wp-content\\\/uploads\\\/2023\\\/06\\\/48-occasion-chineIMG_0071-scaled-1.jpg\",\"contentUrl\":\"https:\\\/\\\/srokacompany.com\\\/wp-content\\\/uploads\\\/2023\\\/06\\\/48-occasion-chineIMG_0071-scaled-1.jpg\",\"width\":1536,\"height\":2048},{\"@type\":\"BreadcrumbList\",\"@id\":\"https:\\\/\\\/srokacompany.com\\\/de\\\/produkt\\\/wingboard-foil-sky-rider-48-gebraucht\\\/#breadcrumb\",\"itemListElement\":[{\"@type\":\"ListItem\",\"position\":1,\"name\":\"Accueil\",\"item\":\"https:\\\/\\\/srokacompany.com\\\/de\\\/\"},{\"@type\":\"ListItem\",\"position\":2,\"name\":\"Laden\",\"item\":\"https:\\\/\\\/srokacompany.com\\\/laden\\\/\"},{\"@type\":\"ListItem\",\"position\":3,\"name\":\"Wingboard foil Sky Rider 4&rsquo;8 Gebraucht\"}]},{\"@type\":\"WebSite\",\"@id\":\"https:\\\/\\\/srokacompany.com\\\/de\\\/#website\",\"url\":\"https:\\\/\\\/srokacompany.com\\\/de\\\/\",\"name\":\"SROKA Company\",\"description\":\"SUP, Kite, Foil, Wing\",\"publisher\":{\"@id\":\"https:\\\/\\\/srokacompany.com\\\/de\\\/#organization\"},\"potentialAction\":[{\"@type\":\"SearchAction\",\"target\":{\"@type\":\"EntryPoint\",\"urlTemplate\":\"https:\\\/\\\/srokacompany.com\\\/de\\\/?s={search_term_string}\"},\"query-input\":{\"@type\":\"PropertyValueSpecification\",\"valueRequired\":true,\"valueName\":\"search_term_string\"}}],\"inLanguage\":\"de\"},{\"@type\":\"Organization\",\"@id\":\"https:\\\/\\\/srokacompany.com\\\/de\\\/#organization\",\"name\":\"SROKACOMPANY\",\"alternateName\":\"SROKA\",\"url\":\"https:\\\/\\\/srokacompany.com\\\/de\\\/\",\"logo\":{\"@type\":\"ImageObject\",\"inLanguage\":\"de\",\"@id\":\"https:\\\/\\\/srokacompany.com\\\/de\\\/#\\\/schema\\\/logo\\\/image\\\/\",\"url\":\"https:\\\/\\\/srokacompany.com\\\/wp-content\\\/uploads\\\/2021\\\/01\\\/logo-sroka-black-transpa.png\",\"contentUrl\":\"https:\\\/\\\/srokacompany.com\\\/wp-content\\\/uploads\\\/2021\\\/01\\\/logo-sroka-black-transpa.png\",\"width\":1201,\"height\":342,\"caption\":\"SROKACOMPANY\"},\"image\":{\"@id\":\"https:\\\/\\\/srokacompany.com\\\/de\\\/#\\\/schema\\\/logo\\\/image\\\/\"},\"sameAs\":[\"https:\\\/\\\/www.facebook.com\\\/srokawatersports\\\/\",\"https:\\\/\\\/www.instagram.com\\\/srokawatersports\\\/\",\"https:\\\/\\\/www.youtube.com\\\/channel\\\/UCVLHHeaPIm-J5bdEUgxqtZA\"]}]}<\/script>\n<!-- \/ Yoast SEO plugin. -->","yoast_head_json":{"title":"Wingboard foil Sky Rider 4'8 Gebraucht - SROKA Company","description":"Gebrauchtes SROKA 4'8 Wingfoil Board - Perfekt f\u00fcr schnelle Fortschritte und hervorragende Man\u00f6vrierf\u00e4higkeit. Optimale Stabilit\u00e4t. Preis: 639\u20ac.","robots":{"index":"index","follow":"follow","max-snippet":"max-snippet:-1","max-image-preview":"max-image-preview:large","max-video-preview":"max-video-preview:-1"},"canonical":"https:\/\/srokacompany.com\/de\/produkt\/wingboard-foil-sky-rider-48-gebraucht\/","og_locale":"de_DE","og_type":"article","og_title":"Wingboard foil Sky Rider 4'8 Gebraucht - SROKA Company","og_description":"Gebrauchtes SROKA 4'8 Wingfoil Board - Perfekt f\u00fcr schnelle Fortschritte und hervorragende Man\u00f6vrierf\u00e4higkeit. Optimale Stabilit\u00e4t. Preis: 639\u20ac.","og_url":"https:\/\/srokacompany.com\/de\/produkt\/wingboard-foil-sky-rider-48-gebraucht\/","og_site_name":"SROKA Company","article_publisher":"https:\/\/www.facebook.com\/srokawatersports\/","article_modified_time":"2025-10-31T17:11:45+00:00","og_image":[{"width":1536,"height":2048,"url":"https:\/\/srokacompany.com\/wp-content\/uploads\/2023\/06\/48-occasion-chineIMG_0071-scaled-1.jpg","type":"image\/jpeg"}],"twitter_misc":{"Gesch\u00e4tzte Lesezeit":"1\u00a0Minute"},"schema":{"@context":"https:\/\/schema.org","@graph":[{"@type":"WebPage","@id":"https:\/\/srokacompany.com\/de\/produkt\/wingboard-foil-sky-rider-48-gebraucht\/","url":"https:\/\/srokacompany.com\/de\/produkt\/wingboard-foil-sky-rider-48-gebraucht\/","name":"Wingboard foil Sky Rider 4'8 Gebraucht - SROKA Company","isPartOf":{"@id":"https:\/\/srokacompany.com\/de\/#website"},"primaryImageOfPage":{"@id":"https:\/\/srokacompany.com\/de\/produkt\/wingboard-foil-sky-rider-48-gebraucht\/#primaryimage"},"image":{"@id":"https:\/\/srokacompany.com\/de\/produkt\/wingboard-foil-sky-rider-48-gebraucht\/#primaryimage"},"thumbnailUrl":"https:\/\/srokacompany.com\/wp-content\/uploads\/2023\/06\/48-occasion-chineIMG_0071-scaled-1.jpg","datePublished":"2023-06-07T08:43:27+00:00","dateModified":"2025-10-31T17:11:45+00:00","description":"Gebrauchtes SROKA 4'8 Wingfoil Board - Perfekt f\u00fcr schnelle Fortschritte und hervorragende Man\u00f6vrierf\u00e4higkeit. Optimale Stabilit\u00e4t. Preis: 639\u20ac.","breadcrumb":{"@id":"https:\/\/srokacompany.com\/de\/produkt\/wingboard-foil-sky-rider-48-gebraucht\/#breadcrumb"},"inLanguage":"de","potentialAction":[{"@type":"ReadAction","target":["https:\/\/srokacompany.com\/de\/produkt\/wingboard-foil-sky-rider-48-gebraucht\/"]}]},{"@type":"ImageObject","inLanguage":"de","@id":"https:\/\/srokacompany.com\/de\/produkt\/wingboard-foil-sky-rider-48-gebraucht\/#primaryimage","url":"https:\/\/srokacompany.com\/wp-content\/uploads\/2023\/06\/48-occasion-chineIMG_0071-scaled-1.jpg","contentUrl":"https:\/\/srokacompany.com\/wp-content\/uploads\/2023\/06\/48-occasion-chineIMG_0071-scaled-1.jpg","width":1536,"height":2048},{"@type":"BreadcrumbList","@id":"https:\/\/srokacompany.com\/de\/produkt\/wingboard-foil-sky-rider-48-gebraucht\/#breadcrumb","itemListElement":[{"@type":"ListItem","position":1,"name":"Accueil","item":"https:\/\/srokacompany.com\/de\/"},{"@type":"ListItem","position":2,"name":"Laden","item":"https:\/\/srokacompany.com\/laden\/"},{"@type":"ListItem","position":3,"name":"Wingboard foil Sky Rider 4&rsquo;8 Gebraucht"}]},{"@type":"WebSite","@id":"https:\/\/srokacompany.com\/de\/#website","url":"https:\/\/srokacompany.com\/de\/","name":"SROKA Company","description":"SUP, Kite, Foil, Wing","publisher":{"@id":"https:\/\/srokacompany.com\/de\/#organization"},"potentialAction":[{"@type":"SearchAction","target":{"@type":"EntryPoint","urlTemplate":"https:\/\/srokacompany.com\/de\/?s={search_term_string}"},"query-input":{"@type":"PropertyValueSpecification","valueRequired":true,"valueName":"search_term_string"}}],"inLanguage":"de"},{"@type":"Organization","@id":"https:\/\/srokacompany.com\/de\/#organization","name":"SROKACOMPANY","alternateName":"SROKA","url":"https:\/\/srokacompany.com\/de\/","logo":{"@type":"ImageObject","inLanguage":"de","@id":"https:\/\/srokacompany.com\/de\/#\/schema\/logo\/image\/","url":"https:\/\/srokacompany.com\/wp-content\/uploads\/2021\/01\/logo-sroka-black-transpa.png","contentUrl":"https:\/\/srokacompany.com\/wp-content\/uploads\/2021\/01\/logo-sroka-black-transpa.png","width":1201,"height":342,"caption":"SROKACOMPANY"},"image":{"@id":"https:\/\/srokacompany.com\/de\/#\/schema\/logo\/image\/"},"sameAs":["https:\/\/www.facebook.com\/srokawatersports\/","https:\/\/www.instagram.com\/srokawatersports\/","https:\/\/www.youtube.com\/channel\/UCVLHHeaPIm-J5bdEUgxqtZA"]}]}},"uagb_featured_image_src":{"full":["https:\/\/srokacompany.com\/wp-content\/uploads\/2023\/06\/48-occasion-chineIMG_0071-scaled-1.jpg",1536,2048,false],"thumbnail":["https:\/\/srokacompany.com\/wp-content\/uploads\/2023\/06\/48-occasion-chineIMG_0071-scaled-1-150x150.jpg",150,150,true],"medium":["https:\/\/srokacompany.com\/wp-content\/uploads\/2023\/06\/48-occasion-chineIMG_0071-scaled-1-225x300.jpg",225,300,true],"medium_large":["https:\/\/srokacompany.com\/wp-content\/uploads\/2023\/06\/48-occasion-chineIMG_0071-scaled-1-768x1024.jpg",768,1024,true],"large":["https:\/\/srokacompany.com\/wp-content\/uploads\/2023\/06\/48-occasion-chineIMG_0071-scaled-1-768x1024.jpg",768,1024,true],"1536x1536":["https:\/\/srokacompany.com\/wp-content\/uploads\/2023\/06\/48-occasion-chineIMG_0071-scaled-1-1152x1536.jpg",1152,1536,true],"2048x2048":["https:\/\/srokacompany.com\/wp-content\/uploads\/2023\/06\/48-occasion-chineIMG_0071-scaled-1.jpg",1536,2048,false],"woocommerce_thumbnail":["https:\/\/srokacompany.com\/wp-content\/uploads\/2023\/06\/48-occasion-chineIMG_0071-scaled-1-600x800.jpg",600,800,true],"woocommerce_single":["https:\/\/srokacompany.com\/wp-content\/uploads\/2023\/06\/48-occasion-chineIMG_0071-scaled-1-600x800.jpg",600,800,true],"woocommerce_gallery_thumbnail":["https:\/\/srokacompany.com\/wp-content\/uploads\/2023\/06\/48-occasion-chineIMG_0071-scaled-1-100x100.jpg",100,100,true],"dgwt-wcas-product-suggestion":["https:\/\/srokacompany.com\/wp-content\/uploads\/2023\/06\/48-occasion-chineIMG_0071-scaled-1.jpg",64,85,false]},"uagb_author_info":{"display_name":"Emmanuel DIJOUX","author_link":"https:\/\/srokacompany.com\/de\/blog\/author\/"},"uagb_comment_info":0,"uagb_excerpt":"Brett von Wing foil Sky Rider 4&#8217;8 OCCASION &#8211; VOLLST\u00c4NDIGE BESCHREIBUNG HIER Wir haben diese Reihe von kleinen Brettern unter foil entwickelt, damit du dich weiter verbessern und Fortschritte machen kannst. Bisher haben wir Boards mit einem Volumen von \u00fcber 90 L angeboten. Aber da das allgemeine Niveau der Rider immer h\u00f6her wird, reagieren wir&hellip;","jetpack_sharing_enabled":true,"_links":{"self":[{"href":"https:\/\/srokacompany.com\/de\/wp-json\/wp\/v2\/product\/346079","targetHints":{"allow":["GET"]}}],"collection":[{"href":"https:\/\/srokacompany.com\/de\/wp-json\/wp\/v2\/product"}],"about":[{"href":"https:\/\/srokacompany.com\/de\/wp-json\/wp\/v2\/types\/product"}],"wp:featuredmedia":[{"embeddable":true,"href":"https:\/\/srokacompany.com\/de\/wp-json\/wp\/v2\/media\/346080"}],"wp:attachment":[{"href":"https:\/\/srokacompany.com\/de\/wp-json\/wp\/v2\/media?parent=346079"}],"wp:term":[{"taxonomy":"product_brand","embeddable":true,"href":"https:\/\/srokacompany.com\/de\/wp-json\/wp\/v2\/product_brand?post=346079"},{"taxonomy":"product_cat","embeddable":true,"href":"https:\/\/srokacompany.com\/de\/wp-json\/wp\/v2\/product_cat?post=346079"},{"taxonomy":"product_tag","embeddable":true,"href":"https:\/\/srokacompany.com\/de\/wp-json\/wp\/v2\/product_tag?post=346079"}],"curies":[{"name":"wp","href":"https:\/\/api.w.org\/{rel}","templated":true}]}}