{"id":346092,"date":"2018-01-16T13:48:45","date_gmt":"2018-01-16T11:48:45","guid":{"rendered":"https:\/\/srokacompany.com\/produit\/leash-straight-9\/"},"modified":"2025-06-27T00:07:24","modified_gmt":"2025-06-26T22:07:24","slug":"leash-straight-9","status":"publish","type":"product","link":"https:\/\/srokacompany.com\/de\/produkt\/leash-straight-9\/","title":{"rendered":"Leash Straight 9&#8242;"},"content":{"rendered":"<hr>\n<h1>Leash SUP 9&#8242; rechts<\/h1>\n<p>Dieser leash SUP 9&#8242; gerade f\u00fcr Surf, <a href=\"https:\/\/srokacompany.com\/de\/eshop\/bretter-wing-foil-zum-besten-preis\/\">foil<\/a> <strong>und <a href=\"https:\/\/srokacompany.com\/de\/produkt\/stand-up-paddle-duo\/\">aufblasbarem Stand Up Paddle<\/a><\/strong> ist dazu da, dich und deine Ausr\u00fcstung in jeder Situation sicher zu halten. Sein Durchmesser von 8 mm in PU bietet eine hervorragende Best\u00e4ndigkeit und kann unter allen Bedingungen verwendet werden. Das bequeme Neopren um den Kn\u00f6chel erm\u00f6glicht einen angenehmen und sicheren Griff sowie eine optimale Widerstandsf\u00e4higkeit gegen die Meeres- und Wasserumgebung. Es ist mit allen unseren aufblasbaren SUP Boards kompatibel, aber auch mit unseren <a href=\"https:\/\/srokacompany.com\/de\/blog\/wie-wendet-man-in-wingfoil\/\"> foil Boards<\/a> und kann f\u00fcr unsere <a href=\"https:\/\/srokacompany.com\/de\/eshop\/flugel-von-wing-foil\/\">Sroka Wings<\/a> verwendet werden.<\/p>\n","protected":false},"excerpt":{"rendered":"<p>Dieser leash SUP 9&#8242; gerade f\u00fcr Surf, <a href=\"https:\/\/srokacompany.com\/de\/eshop\/bretter-wing-foil-zum-besten-preis\/\">foil<\/a> <strong>und <a href=\"https:\/\/srokacompany.com\/de\/produkt\/stand-up-paddle-duo\/\">aufblasbarem Stand Up Paddle<\/a><\/strong> ist dazu da, dich und deine Ausr\u00fcstung in jeder Situation sicher zu halten. Sein Durchmesser von 8 mm in PU bietet eine hervorragende Best\u00e4ndigkeit und kann unter allen Bedingungen verwendet werden. Das bequeme Neopren um den Kn\u00f6chel erm\u00f6glicht einen angenehmen und sicheren Griff sowie eine optimale Widerstandsf\u00e4higkeit gegen die Meeres- und Wasserumgebung. Es ist mit allen unseren aufblasbaren SUP Boards kompatibel, aber auch mit unseren <a href=\"https:\/\/srokacompany.com\/de\/blog\/wie-wendet-man-in-wingfoil\/\"> foil Boards<\/a> und kann f\u00fcr unsere <a href=\"https:\/\/srokacompany.com\/de\/eshop\/flugel-von-wing-foil\/\">Sroka Wings<\/a> verwendet werden.<\/p>\n","protected":false},"featured_media":346093,"template":"","meta":{"_acf_changed":false,"_uag_custom_page_level_css":""},"product_brand":[],"product_cat":[3620,3841,3578,3453],"product_tag":[],"class_list":{"0":"post-346092","1":"product","2":"type-product","3":"status-publish","4":"has-post-thumbnail","6":"product_cat-aufblasbare-paddel","7":"product_cat-leash-paddle-de","8":"product_cat-paddle-zubehor","9":"product_cat-wing-foil-de","10":"product_shipping_class-small-shipping-de","12":"first","13":"instock","14":"taxable","15":"shipping-taxable","16":"purchasable","17":"product-type-variable"},"acf":[],"yoast_head":"<!-- This site is optimized with the Yoast SEO plugin v27.4 - https:\/\/yoast.com\/product\/yoast-seo-wordpress\/ -->\n<title>Leash 9&#039; gerade f\u00fcr SUP und Surfen - SROKA Company - Zubeh\u00f6r<\/title>\n<meta name=\"description\" content=\"Dieser 9&#039; gerade leash f\u00fcr SUP f\u00fcr Surfen und aufblasbare Stand Up Paddle Boards ist perfekt zum Surfen, foil oder Stand Up Paddle Boarding.\" \/>\n<meta name=\"robots\" content=\"index, follow, max-snippet:-1, max-image-preview:large, max-video-preview:-1\" \/>\n<link rel=\"canonical\" href=\"https:\/\/srokacompany.com\/de\/produkt\/leash-straight-9\/\" \/>\n<meta property=\"og:locale\" content=\"de_DE\" \/>\n<meta property=\"og:type\" content=\"article\" \/>\n<meta property=\"og:title\" content=\"Leash 9&#039; gerade f\u00fcr SUP und Surfen - SROKA Company - Zubeh\u00f6r\" \/>\n<meta property=\"og:description\" content=\"Dieser 9&#039; gerade leash f\u00fcr SUP f\u00fcr Surfen und aufblasbare Stand Up Paddle Boards ist perfekt zum Surfen, foil oder Stand Up Paddle Boarding.\" \/>\n<meta property=\"og:url\" content=\"https:\/\/srokacompany.com\/de\/produkt\/leash-straight-9\/\" \/>\n<meta property=\"og:site_name\" content=\"SROKA Company\" \/>\n<meta property=\"article:publisher\" content=\"https:\/\/www.facebook.com\/srokawatersports\/\" \/>\n<meta property=\"article:modified_time\" content=\"2025-06-26T22:07:24+00:00\" \/>\n<meta property=\"og:image\" content=\"https:\/\/srokacompany.com\/wp-content\/uploads\/2018\/01\/full-set-leash-9-straight-sketch.jpg\" \/>\n\t<meta property=\"og:image:width\" content=\"780\" \/>\n\t<meta property=\"og:image:height\" content=\"1040\" \/>\n\t<meta property=\"og:image:type\" content=\"image\/jpeg\" \/>\n<script type=\"application\/ld+json\" class=\"yoast-schema-graph\">{\"@context\":\"https:\\\/\\\/schema.org\",\"@graph\":[{\"@type\":\"WebPage\",\"@id\":\"https:\\\/\\\/srokacompany.com\\\/de\\\/produkt\\\/leash-straight-9\\\/\",\"url\":\"https:\\\/\\\/srokacompany.com\\\/de\\\/produkt\\\/leash-straight-9\\\/\",\"name\":\"Leash 9' gerade f\u00fcr SUP und Surfen - SROKA Company - Zubeh\u00f6r\",\"isPartOf\":{\"@id\":\"https:\\\/\\\/srokacompany.com\\\/de\\\/#website\"},\"primaryImageOfPage\":{\"@id\":\"https:\\\/\\\/srokacompany.com\\\/de\\\/produkt\\\/leash-straight-9\\\/#primaryimage\"},\"image\":{\"@id\":\"https:\\\/\\\/srokacompany.com\\\/de\\\/produkt\\\/leash-straight-9\\\/#primaryimage\"},\"thumbnailUrl\":\"https:\\\/\\\/srokacompany.com\\\/wp-content\\\/uploads\\\/2018\\\/01\\\/full-set-leash-9-straight-sketch.jpg\",\"datePublished\":\"2018-01-16T11:48:45+00:00\",\"dateModified\":\"2025-06-26T22:07:24+00:00\",\"description\":\"Dieser 9' gerade leash f\u00fcr SUP f\u00fcr Surfen und aufblasbare Stand Up Paddle Boards ist perfekt zum Surfen, foil oder Stand Up Paddle Boarding.\",\"breadcrumb\":{\"@id\":\"https:\\\/\\\/srokacompany.com\\\/de\\\/produkt\\\/leash-straight-9\\\/#breadcrumb\"},\"inLanguage\":\"de\",\"potentialAction\":[{\"@type\":\"ReadAction\",\"target\":[\"https:\\\/\\\/srokacompany.com\\\/de\\\/produkt\\\/leash-straight-9\\\/\"]}]},{\"@type\":\"ImageObject\",\"inLanguage\":\"de\",\"@id\":\"https:\\\/\\\/srokacompany.com\\\/de\\\/produkt\\\/leash-straight-9\\\/#primaryimage\",\"url\":\"https:\\\/\\\/srokacompany.com\\\/wp-content\\\/uploads\\\/2018\\\/01\\\/full-set-leash-9-straight-sketch.jpg\",\"contentUrl\":\"https:\\\/\\\/srokacompany.com\\\/wp-content\\\/uploads\\\/2018\\\/01\\\/full-set-leash-9-straight-sketch.jpg\",\"width\":780,\"height\":1040,\"caption\":\"Ultrafestes 10' Coiled Leash\"},{\"@type\":\"BreadcrumbList\",\"@id\":\"https:\\\/\\\/srokacompany.com\\\/de\\\/produkt\\\/leash-straight-9\\\/#breadcrumb\",\"itemListElement\":[{\"@type\":\"ListItem\",\"position\":1,\"name\":\"Accueil\",\"item\":\"https:\\\/\\\/srokacompany.com\\\/de\\\/\"},{\"@type\":\"ListItem\",\"position\":2,\"name\":\"Laden\",\"item\":\"https:\\\/\\\/srokacompany.com\\\/laden\\\/\"},{\"@type\":\"ListItem\",\"position\":3,\"name\":\"Leash Straight 9&#8242;\"}]},{\"@type\":\"WebSite\",\"@id\":\"https:\\\/\\\/srokacompany.com\\\/de\\\/#website\",\"url\":\"https:\\\/\\\/srokacompany.com\\\/de\\\/\",\"name\":\"SROKA Company\",\"description\":\"SUP, Kite, Foil, Wing\",\"publisher\":{\"@id\":\"https:\\\/\\\/srokacompany.com\\\/de\\\/#organization\"},\"potentialAction\":[{\"@type\":\"SearchAction\",\"target\":{\"@type\":\"EntryPoint\",\"urlTemplate\":\"https:\\\/\\\/srokacompany.com\\\/de\\\/?s={search_term_string}\"},\"query-input\":{\"@type\":\"PropertyValueSpecification\",\"valueRequired\":true,\"valueName\":\"search_term_string\"}}],\"inLanguage\":\"de\"},{\"@type\":\"Organization\",\"@id\":\"https:\\\/\\\/srokacompany.com\\\/de\\\/#organization\",\"name\":\"SROKACOMPANY\",\"alternateName\":\"SROKA\",\"url\":\"https:\\\/\\\/srokacompany.com\\\/de\\\/\",\"logo\":{\"@type\":\"ImageObject\",\"inLanguage\":\"de\",\"@id\":\"https:\\\/\\\/srokacompany.com\\\/de\\\/#\\\/schema\\\/logo\\\/image\\\/\",\"url\":\"https:\\\/\\\/srokacompany.com\\\/wp-content\\\/uploads\\\/2021\\\/01\\\/logo-sroka-black-transpa.png\",\"contentUrl\":\"https:\\\/\\\/srokacompany.com\\\/wp-content\\\/uploads\\\/2021\\\/01\\\/logo-sroka-black-transpa.png\",\"width\":1201,\"height\":342,\"caption\":\"SROKACOMPANY\"},\"image\":{\"@id\":\"https:\\\/\\\/srokacompany.com\\\/de\\\/#\\\/schema\\\/logo\\\/image\\\/\"},\"sameAs\":[\"https:\\\/\\\/www.facebook.com\\\/srokawatersports\\\/\",\"https:\\\/\\\/www.instagram.com\\\/srokawatersports\\\/\",\"https:\\\/\\\/www.youtube.com\\\/channel\\\/UCVLHHeaPIm-J5bdEUgxqtZA\"]}]}<\/script>\n<!-- \/ Yoast SEO plugin. -->","yoast_head_json":{"title":"Leash 9' gerade f\u00fcr SUP und Surfen - SROKA Company - Zubeh\u00f6r","description":"Dieser 9' gerade leash f\u00fcr SUP f\u00fcr Surfen und aufblasbare Stand Up Paddle Boards ist perfekt zum Surfen, foil oder Stand Up Paddle Boarding.","robots":{"index":"index","follow":"follow","max-snippet":"max-snippet:-1","max-image-preview":"max-image-preview:large","max-video-preview":"max-video-preview:-1"},"canonical":"https:\/\/srokacompany.com\/de\/produkt\/leash-straight-9\/","og_locale":"de_DE","og_type":"article","og_title":"Leash 9' gerade f\u00fcr SUP und Surfen - SROKA Company - Zubeh\u00f6r","og_description":"Dieser 9' gerade leash f\u00fcr SUP f\u00fcr Surfen und aufblasbare Stand Up Paddle Boards ist perfekt zum Surfen, foil oder Stand Up Paddle Boarding.","og_url":"https:\/\/srokacompany.com\/de\/produkt\/leash-straight-9\/","og_site_name":"SROKA Company","article_publisher":"https:\/\/www.facebook.com\/srokawatersports\/","article_modified_time":"2025-06-26T22:07:24+00:00","og_image":[{"width":780,"height":1040,"url":"https:\/\/srokacompany.com\/wp-content\/uploads\/2018\/01\/full-set-leash-9-straight-sketch.jpg","type":"image\/jpeg"}],"schema":{"@context":"https:\/\/schema.org","@graph":[{"@type":"WebPage","@id":"https:\/\/srokacompany.com\/de\/produkt\/leash-straight-9\/","url":"https:\/\/srokacompany.com\/de\/produkt\/leash-straight-9\/","name":"Leash 9' gerade f\u00fcr SUP und Surfen - SROKA Company - Zubeh\u00f6r","isPartOf":{"@id":"https:\/\/srokacompany.com\/de\/#website"},"primaryImageOfPage":{"@id":"https:\/\/srokacompany.com\/de\/produkt\/leash-straight-9\/#primaryimage"},"image":{"@id":"https:\/\/srokacompany.com\/de\/produkt\/leash-straight-9\/#primaryimage"},"thumbnailUrl":"https:\/\/srokacompany.com\/wp-content\/uploads\/2018\/01\/full-set-leash-9-straight-sketch.jpg","datePublished":"2018-01-16T11:48:45+00:00","dateModified":"2025-06-26T22:07:24+00:00","description":"Dieser 9' gerade leash f\u00fcr SUP f\u00fcr Surfen und aufblasbare Stand Up Paddle Boards ist perfekt zum Surfen, foil oder Stand Up Paddle Boarding.","breadcrumb":{"@id":"https:\/\/srokacompany.com\/de\/produkt\/leash-straight-9\/#breadcrumb"},"inLanguage":"de","potentialAction":[{"@type":"ReadAction","target":["https:\/\/srokacompany.com\/de\/produkt\/leash-straight-9\/"]}]},{"@type":"ImageObject","inLanguage":"de","@id":"https:\/\/srokacompany.com\/de\/produkt\/leash-straight-9\/#primaryimage","url":"https:\/\/srokacompany.com\/wp-content\/uploads\/2018\/01\/full-set-leash-9-straight-sketch.jpg","contentUrl":"https:\/\/srokacompany.com\/wp-content\/uploads\/2018\/01\/full-set-leash-9-straight-sketch.jpg","width":780,"height":1040,"caption":"Ultrafestes 10' Coiled Leash"},{"@type":"BreadcrumbList","@id":"https:\/\/srokacompany.com\/de\/produkt\/leash-straight-9\/#breadcrumb","itemListElement":[{"@type":"ListItem","position":1,"name":"Accueil","item":"https:\/\/srokacompany.com\/de\/"},{"@type":"ListItem","position":2,"name":"Laden","item":"https:\/\/srokacompany.com\/laden\/"},{"@type":"ListItem","position":3,"name":"Leash Straight 9&#8242;"}]},{"@type":"WebSite","@id":"https:\/\/srokacompany.com\/de\/#website","url":"https:\/\/srokacompany.com\/de\/","name":"SROKA Company","description":"SUP, Kite, Foil, Wing","publisher":{"@id":"https:\/\/srokacompany.com\/de\/#organization"},"potentialAction":[{"@type":"SearchAction","target":{"@type":"EntryPoint","urlTemplate":"https:\/\/srokacompany.com\/de\/?s={search_term_string}"},"query-input":{"@type":"PropertyValueSpecification","valueRequired":true,"valueName":"search_term_string"}}],"inLanguage":"de"},{"@type":"Organization","@id":"https:\/\/srokacompany.com\/de\/#organization","name":"SROKACOMPANY","alternateName":"SROKA","url":"https:\/\/srokacompany.com\/de\/","logo":{"@type":"ImageObject","inLanguage":"de","@id":"https:\/\/srokacompany.com\/de\/#\/schema\/logo\/image\/","url":"https:\/\/srokacompany.com\/wp-content\/uploads\/2021\/01\/logo-sroka-black-transpa.png","contentUrl":"https:\/\/srokacompany.com\/wp-content\/uploads\/2021\/01\/logo-sroka-black-transpa.png","width":1201,"height":342,"caption":"SROKACOMPANY"},"image":{"@id":"https:\/\/srokacompany.com\/de\/#\/schema\/logo\/image\/"},"sameAs":["https:\/\/www.facebook.com\/srokawatersports\/","https:\/\/www.instagram.com\/srokawatersports\/","https:\/\/www.youtube.com\/channel\/UCVLHHeaPIm-J5bdEUgxqtZA"]}]}},"uagb_featured_image_src":{"full":["https:\/\/srokacompany.com\/wp-content\/uploads\/2018\/01\/full-set-leash-9-straight-sketch.jpg",780,1040,false],"thumbnail":["https:\/\/srokacompany.com\/wp-content\/uploads\/2018\/01\/full-set-leash-9-straight-sketch-150x150.jpg",150,150,true],"medium":["https:\/\/srokacompany.com\/wp-content\/uploads\/2018\/01\/full-set-leash-9-straight-sketch-225x300.jpg",225,300,true],"medium_large":["https:\/\/srokacompany.com\/wp-content\/uploads\/2018\/01\/full-set-leash-9-straight-sketch-768x1024.jpg",768,1024,true],"large":["https:\/\/srokacompany.com\/wp-content\/uploads\/2018\/01\/full-set-leash-9-straight-sketch-768x1024.jpg",768,1024,true],"1536x1536":["https:\/\/srokacompany.com\/wp-content\/uploads\/2018\/01\/full-set-leash-9-straight-sketch.jpg",780,1040,false],"2048x2048":["https:\/\/srokacompany.com\/wp-content\/uploads\/2018\/01\/full-set-leash-9-straight-sketch.jpg",780,1040,false],"woocommerce_thumbnail":["https:\/\/srokacompany.com\/wp-content\/uploads\/2018\/01\/full-set-leash-9-straight-sketch-600x800.jpg",600,800,true],"woocommerce_single":["https:\/\/srokacompany.com\/wp-content\/uploads\/2018\/01\/full-set-leash-9-straight-sketch-600x800.jpg",600,800,true],"woocommerce_gallery_thumbnail":["https:\/\/srokacompany.com\/wp-content\/uploads\/2018\/01\/full-set-leash-9-straight-sketch-100x100.jpg",100,100,true],"dgwt-wcas-product-suggestion":["https:\/\/srokacompany.com\/wp-content\/uploads\/2018\/01\/full-set-leash-9-straight-sketch.jpg",64,85,false]},"uagb_author_info":{"display_name":"Bruno Sroka","author_link":"https:\/\/srokacompany.com\/de\/blog\/author\/"},"uagb_comment_info":0,"uagb_excerpt":"Dieser leash SUP 9' gerade f\u00fcr Surf, foil und aufblasbarem Stand Up Paddle ist dazu da, dich und deine Ausr\u00fcstung in jeder Situation sicher zu halten. Sein Durchmesser von 8 mm in PU bietet eine hervorragende Best\u00e4ndigkeit und kann unter allen Bedingungen verwendet werden. Das bequeme Neopren um den Kn\u00f6chel erm\u00f6glicht einen angenehmen und sicheren&hellip;","jetpack_sharing_enabled":true,"_links":{"self":[{"href":"https:\/\/srokacompany.com\/de\/wp-json\/wp\/v2\/product\/346092","targetHints":{"allow":["GET"]}}],"collection":[{"href":"https:\/\/srokacompany.com\/de\/wp-json\/wp\/v2\/product"}],"about":[{"href":"https:\/\/srokacompany.com\/de\/wp-json\/wp\/v2\/types\/product"}],"wp:featuredmedia":[{"embeddable":true,"href":"https:\/\/srokacompany.com\/de\/wp-json\/wp\/v2\/media\/346093"}],"wp:attachment":[{"href":"https:\/\/srokacompany.com\/de\/wp-json\/wp\/v2\/media?parent=346092"}],"wp:term":[{"taxonomy":"product_brand","embeddable":true,"href":"https:\/\/srokacompany.com\/de\/wp-json\/wp\/v2\/product_brand?post=346092"},{"taxonomy":"product_cat","embeddable":true,"href":"https:\/\/srokacompany.com\/de\/wp-json\/wp\/v2\/product_cat?post=346092"},{"taxonomy":"product_tag","embeddable":true,"href":"https:\/\/srokacompany.com\/de\/wp-json\/wp\/v2\/product_tag?post=346092"}],"curies":[{"name":"wp","href":"https:\/\/api.w.org\/{rel}","templated":true}]}}