{"id":346119,"date":"2017-12-26T14:45:15","date_gmt":"2017-12-26T12:45:15","guid":{"rendered":"https:\/\/srokacompany.com\/produit\/kite-foil-board-pocket-board-convertible-kitefoil-kitesurf-wake-foil-wakeboard\/"},"modified":"2025-06-27T00:05:59","modified_gmt":"2025-06-26T22:05:59","slug":"kite-foil-board-pocket-board-convertible-kitefoil-kitesurf-wake-foil-wakeboard","status":"publish","type":"product","link":"https:\/\/srokacompany.com\/de\/produkt\/kite-foil-board-pocket-board-convertible-kitefoil-kitesurf-wake-foil-wakeboard\/","title":{"rendered":"Kite Foil board &#8211; Pocket board convertible &#8211; Kitefoil \/ Kitesurf \/ Wake Foil \/ Wakeboard"},"content":{"rendered":"<p>Ein Board zum Foilen, einfach, leicht, steif und zu einem unschlagbaren Preis.<\/p>\n<hr>\n<h2>Kite Foil Board &#8211; Pocket &#8211; Wake Foil &#8211; Wakeboard<\/h2>\n<p>Mit diesem Pocket Board k\u00f6nnen Sie sowohl Kite Foil und Wake Foil als auch Wakeboard und Kitesurfing betreiben ( <a href=\"https:\/\/srokacompany.com\/de\/eshop\/flugel-von-wing-foil\/\" target=\"_blank\" rel=\"noopener noreferrer\">SROKA-Finnen<\/a> k\u00f6nnen hinzugef\u00fcgt werden). Dieses solide und langlebige Board wurde in Frankreich (Bretagne) gebaut und passt sich allen Foils auf dem Markt an. Ausgestattet mit Eins\u00e4tzen, Gurten und Finnen hat dieses Pocket Board mehrere Saiten am Bogen. Erh\u00e4ltlich in 125 cm oder 135 cm. Sein pr\u00e4chtiges Finish wird Sie nicht gleichg\u00fcltig lassen.<\/p>\n","protected":false},"excerpt":{"rendered":"<p>Ein Board zum Foilen, einfach, leicht, steif und zu einem unschlagbaren Preis.<\/p>\n","protected":false},"featured_media":346123,"template":"","meta":{"_acf_changed":false,"_uag_custom_page_level_css":""},"product_brand":[],"product_cat":[3582],"product_tag":[],"class_list":{"0":"post-346119","1":"product","2":"type-product","3":"status-publish","4":"has-post-thumbnail","6":"product_cat-promos-de","8":"first","9":"outofstock","10":"sale","11":"taxable","12":"shipping-taxable","13":"purchasable","14":"product-type-variable"},"acf":[],"yoast_head":"<!-- This site is optimized with the Yoast SEO plugin v27.4 - https:\/\/yoast.com\/product\/yoast-seo-wordpress\/ -->\n<title>Kite Foil board - Das Pocket Board: Kite Foil \/ Wake Foil - SROKA Company<\/title>\n<meta name=\"description\" content=\"Kite Foil Board der Spitzenklasse. Das Pocket Board wurde f\u00fcr bis zu vier Disziplinen entwickelt: Kite Foil, Kitesurfen, Wake Foil und Wakeboarding.\" \/>\n<meta name=\"robots\" content=\"index, follow, max-snippet:-1, max-image-preview:large, max-video-preview:-1\" \/>\n<link rel=\"canonical\" href=\"https:\/\/srokacompany.com\/de\/produkt\/kite-foil-board-pocket-board-convertible-kitefoil-kitesurf-wake-foil-wakeboard\/\" \/>\n<meta property=\"og:locale\" content=\"de_DE\" \/>\n<meta property=\"og:type\" content=\"article\" \/>\n<meta property=\"og:title\" content=\"Kite Foil board - Das Pocket Board: Kite Foil \/ Wake Foil - SROKA Company\" \/>\n<meta property=\"og:description\" content=\"Kite Foil Board der Spitzenklasse. Das Pocket Board wurde f\u00fcr bis zu vier Disziplinen entwickelt: Kite Foil, Kitesurfen, Wake Foil und Wakeboarding.\" \/>\n<meta property=\"og:url\" content=\"https:\/\/srokacompany.com\/de\/produkt\/kite-foil-board-pocket-board-convertible-kitefoil-kitesurf-wake-foil-wakeboard\/\" \/>\n<meta property=\"og:site_name\" content=\"SROKA Company\" \/>\n<meta property=\"article:publisher\" content=\"https:\/\/www.facebook.com\/srokawatersports\/\" \/>\n<meta property=\"article:modified_time\" content=\"2025-06-26T22:05:59+00:00\" \/>\n<meta property=\"og:image\" content=\"https:\/\/srokacompany.com\/wp-content\/uploads\/2017\/12\/Pocket-board-1.jpg\" \/>\n\t<meta property=\"og:image:width\" content=\"1560\" \/>\n\t<meta property=\"og:image:height\" content=\"2080\" \/>\n\t<meta property=\"og:image:type\" content=\"image\/jpeg\" \/>\n<script type=\"application\/ld+json\" class=\"yoast-schema-graph\">{\"@context\":\"https:\\\/\\\/schema.org\",\"@graph\":[{\"@type\":\"WebPage\",\"@id\":\"https:\\\/\\\/srokacompany.com\\\/de\\\/produkt\\\/kite-foil-board-pocket-board-convertible-kitefoil-kitesurf-wake-foil-wakeboard\\\/\",\"url\":\"https:\\\/\\\/srokacompany.com\\\/de\\\/produkt\\\/kite-foil-board-pocket-board-convertible-kitefoil-kitesurf-wake-foil-wakeboard\\\/\",\"name\":\"Kite Foil board - Das Pocket Board: Kite Foil \\\/ Wake Foil - SROKA Company\",\"isPartOf\":{\"@id\":\"https:\\\/\\\/srokacompany.com\\\/de\\\/#website\"},\"primaryImageOfPage\":{\"@id\":\"https:\\\/\\\/srokacompany.com\\\/de\\\/produkt\\\/kite-foil-board-pocket-board-convertible-kitefoil-kitesurf-wake-foil-wakeboard\\\/#primaryimage\"},\"image\":{\"@id\":\"https:\\\/\\\/srokacompany.com\\\/de\\\/produkt\\\/kite-foil-board-pocket-board-convertible-kitefoil-kitesurf-wake-foil-wakeboard\\\/#primaryimage\"},\"thumbnailUrl\":\"https:\\\/\\\/srokacompany.com\\\/wp-content\\\/uploads\\\/2017\\\/12\\\/Pocket-board-1.jpg\",\"datePublished\":\"2017-12-26T12:45:15+00:00\",\"dateModified\":\"2025-06-26T22:05:59+00:00\",\"description\":\"Kite Foil Board der Spitzenklasse. Das Pocket Board wurde f\u00fcr bis zu vier Disziplinen entwickelt: Kite Foil, Kitesurfen, Wake Foil und Wakeboarding.\",\"breadcrumb\":{\"@id\":\"https:\\\/\\\/srokacompany.com\\\/de\\\/produkt\\\/kite-foil-board-pocket-board-convertible-kitefoil-kitesurf-wake-foil-wakeboard\\\/#breadcrumb\"},\"inLanguage\":\"de\",\"potentialAction\":[{\"@type\":\"ReadAction\",\"target\":[\"https:\\\/\\\/srokacompany.com\\\/de\\\/produkt\\\/kite-foil-board-pocket-board-convertible-kitefoil-kitesurf-wake-foil-wakeboard\\\/\"]}]},{\"@type\":\"ImageObject\",\"inLanguage\":\"de\",\"@id\":\"https:\\\/\\\/srokacompany.com\\\/de\\\/produkt\\\/kite-foil-board-pocket-board-convertible-kitefoil-kitesurf-wake-foil-wakeboard\\\/#primaryimage\",\"url\":\"https:\\\/\\\/srokacompany.com\\\/wp-content\\\/uploads\\\/2017\\\/12\\\/Pocket-board-1.jpg\",\"contentUrl\":\"https:\\\/\\\/srokacompany.com\\\/wp-content\\\/uploads\\\/2017\\\/12\\\/Pocket-board-1.jpg\",\"width\":1560,\"height\":2080,\"caption\":\"Sroka company pocket board\"},{\"@type\":\"BreadcrumbList\",\"@id\":\"https:\\\/\\\/srokacompany.com\\\/de\\\/produkt\\\/kite-foil-board-pocket-board-convertible-kitefoil-kitesurf-wake-foil-wakeboard\\\/#breadcrumb\",\"itemListElement\":[{\"@type\":\"ListItem\",\"position\":1,\"name\":\"Accueil\",\"item\":\"https:\\\/\\\/srokacompany.com\\\/de\\\/\"},{\"@type\":\"ListItem\",\"position\":2,\"name\":\"Laden\",\"item\":\"https:\\\/\\\/srokacompany.com\\\/laden\\\/\"},{\"@type\":\"ListItem\",\"position\":3,\"name\":\"Kite Foil board &#8211; Pocket board convertible &#8211; Kitefoil \\\/ Kitesurf \\\/ Wake Foil \\\/ Wakeboard\"}]},{\"@type\":\"WebSite\",\"@id\":\"https:\\\/\\\/srokacompany.com\\\/de\\\/#website\",\"url\":\"https:\\\/\\\/srokacompany.com\\\/de\\\/\",\"name\":\"SROKA Company\",\"description\":\"SUP, Kite, Foil, Wing\",\"publisher\":{\"@id\":\"https:\\\/\\\/srokacompany.com\\\/de\\\/#organization\"},\"potentialAction\":[{\"@type\":\"SearchAction\",\"target\":{\"@type\":\"EntryPoint\",\"urlTemplate\":\"https:\\\/\\\/srokacompany.com\\\/de\\\/?s={search_term_string}\"},\"query-input\":{\"@type\":\"PropertyValueSpecification\",\"valueRequired\":true,\"valueName\":\"search_term_string\"}}],\"inLanguage\":\"de\"},{\"@type\":\"Organization\",\"@id\":\"https:\\\/\\\/srokacompany.com\\\/de\\\/#organization\",\"name\":\"SROKACOMPANY\",\"alternateName\":\"SROKA\",\"url\":\"https:\\\/\\\/srokacompany.com\\\/de\\\/\",\"logo\":{\"@type\":\"ImageObject\",\"inLanguage\":\"de\",\"@id\":\"https:\\\/\\\/srokacompany.com\\\/de\\\/#\\\/schema\\\/logo\\\/image\\\/\",\"url\":\"https:\\\/\\\/srokacompany.com\\\/wp-content\\\/uploads\\\/2021\\\/01\\\/logo-sroka-black-transpa.png\",\"contentUrl\":\"https:\\\/\\\/srokacompany.com\\\/wp-content\\\/uploads\\\/2021\\\/01\\\/logo-sroka-black-transpa.png\",\"width\":1201,\"height\":342,\"caption\":\"SROKACOMPANY\"},\"image\":{\"@id\":\"https:\\\/\\\/srokacompany.com\\\/de\\\/#\\\/schema\\\/logo\\\/image\\\/\"},\"sameAs\":[\"https:\\\/\\\/www.facebook.com\\\/srokawatersports\\\/\",\"https:\\\/\\\/www.instagram.com\\\/srokawatersports\\\/\",\"https:\\\/\\\/www.youtube.com\\\/channel\\\/UCVLHHeaPIm-J5bdEUgxqtZA\"]}]}<\/script>\n<!-- \/ Yoast SEO plugin. -->","yoast_head_json":{"title":"Kite Foil board - Das Pocket Board: Kite Foil \/ Wake Foil - SROKA Company","description":"Kite Foil Board der Spitzenklasse. Das Pocket Board wurde f\u00fcr bis zu vier Disziplinen entwickelt: Kite Foil, Kitesurfen, Wake Foil und Wakeboarding.","robots":{"index":"index","follow":"follow","max-snippet":"max-snippet:-1","max-image-preview":"max-image-preview:large","max-video-preview":"max-video-preview:-1"},"canonical":"https:\/\/srokacompany.com\/de\/produkt\/kite-foil-board-pocket-board-convertible-kitefoil-kitesurf-wake-foil-wakeboard\/","og_locale":"de_DE","og_type":"article","og_title":"Kite Foil board - Das Pocket Board: Kite Foil \/ Wake Foil - SROKA Company","og_description":"Kite Foil Board der Spitzenklasse. Das Pocket Board wurde f\u00fcr bis zu vier Disziplinen entwickelt: Kite Foil, Kitesurfen, Wake Foil und Wakeboarding.","og_url":"https:\/\/srokacompany.com\/de\/produkt\/kite-foil-board-pocket-board-convertible-kitefoil-kitesurf-wake-foil-wakeboard\/","og_site_name":"SROKA Company","article_publisher":"https:\/\/www.facebook.com\/srokawatersports\/","article_modified_time":"2025-06-26T22:05:59+00:00","og_image":[{"width":1560,"height":2080,"url":"https:\/\/srokacompany.com\/wp-content\/uploads\/2017\/12\/Pocket-board-1.jpg","type":"image\/jpeg"}],"schema":{"@context":"https:\/\/schema.org","@graph":[{"@type":"WebPage","@id":"https:\/\/srokacompany.com\/de\/produkt\/kite-foil-board-pocket-board-convertible-kitefoil-kitesurf-wake-foil-wakeboard\/","url":"https:\/\/srokacompany.com\/de\/produkt\/kite-foil-board-pocket-board-convertible-kitefoil-kitesurf-wake-foil-wakeboard\/","name":"Kite Foil board - Das Pocket Board: Kite Foil \/ Wake Foil - SROKA Company","isPartOf":{"@id":"https:\/\/srokacompany.com\/de\/#website"},"primaryImageOfPage":{"@id":"https:\/\/srokacompany.com\/de\/produkt\/kite-foil-board-pocket-board-convertible-kitefoil-kitesurf-wake-foil-wakeboard\/#primaryimage"},"image":{"@id":"https:\/\/srokacompany.com\/de\/produkt\/kite-foil-board-pocket-board-convertible-kitefoil-kitesurf-wake-foil-wakeboard\/#primaryimage"},"thumbnailUrl":"https:\/\/srokacompany.com\/wp-content\/uploads\/2017\/12\/Pocket-board-1.jpg","datePublished":"2017-12-26T12:45:15+00:00","dateModified":"2025-06-26T22:05:59+00:00","description":"Kite Foil Board der Spitzenklasse. Das Pocket Board wurde f\u00fcr bis zu vier Disziplinen entwickelt: Kite Foil, Kitesurfen, Wake Foil und Wakeboarding.","breadcrumb":{"@id":"https:\/\/srokacompany.com\/de\/produkt\/kite-foil-board-pocket-board-convertible-kitefoil-kitesurf-wake-foil-wakeboard\/#breadcrumb"},"inLanguage":"de","potentialAction":[{"@type":"ReadAction","target":["https:\/\/srokacompany.com\/de\/produkt\/kite-foil-board-pocket-board-convertible-kitefoil-kitesurf-wake-foil-wakeboard\/"]}]},{"@type":"ImageObject","inLanguage":"de","@id":"https:\/\/srokacompany.com\/de\/produkt\/kite-foil-board-pocket-board-convertible-kitefoil-kitesurf-wake-foil-wakeboard\/#primaryimage","url":"https:\/\/srokacompany.com\/wp-content\/uploads\/2017\/12\/Pocket-board-1.jpg","contentUrl":"https:\/\/srokacompany.com\/wp-content\/uploads\/2017\/12\/Pocket-board-1.jpg","width":1560,"height":2080,"caption":"Sroka company pocket board"},{"@type":"BreadcrumbList","@id":"https:\/\/srokacompany.com\/de\/produkt\/kite-foil-board-pocket-board-convertible-kitefoil-kitesurf-wake-foil-wakeboard\/#breadcrumb","itemListElement":[{"@type":"ListItem","position":1,"name":"Accueil","item":"https:\/\/srokacompany.com\/de\/"},{"@type":"ListItem","position":2,"name":"Laden","item":"https:\/\/srokacompany.com\/laden\/"},{"@type":"ListItem","position":3,"name":"Kite Foil board &#8211; Pocket board convertible &#8211; Kitefoil \/ Kitesurf \/ Wake Foil \/ Wakeboard"}]},{"@type":"WebSite","@id":"https:\/\/srokacompany.com\/de\/#website","url":"https:\/\/srokacompany.com\/de\/","name":"SROKA Company","description":"SUP, Kite, Foil, Wing","publisher":{"@id":"https:\/\/srokacompany.com\/de\/#organization"},"potentialAction":[{"@type":"SearchAction","target":{"@type":"EntryPoint","urlTemplate":"https:\/\/srokacompany.com\/de\/?s={search_term_string}"},"query-input":{"@type":"PropertyValueSpecification","valueRequired":true,"valueName":"search_term_string"}}],"inLanguage":"de"},{"@type":"Organization","@id":"https:\/\/srokacompany.com\/de\/#organization","name":"SROKACOMPANY","alternateName":"SROKA","url":"https:\/\/srokacompany.com\/de\/","logo":{"@type":"ImageObject","inLanguage":"de","@id":"https:\/\/srokacompany.com\/de\/#\/schema\/logo\/image\/","url":"https:\/\/srokacompany.com\/wp-content\/uploads\/2021\/01\/logo-sroka-black-transpa.png","contentUrl":"https:\/\/srokacompany.com\/wp-content\/uploads\/2021\/01\/logo-sroka-black-transpa.png","width":1201,"height":342,"caption":"SROKACOMPANY"},"image":{"@id":"https:\/\/srokacompany.com\/de\/#\/schema\/logo\/image\/"},"sameAs":["https:\/\/www.facebook.com\/srokawatersports\/","https:\/\/www.instagram.com\/srokawatersports\/","https:\/\/www.youtube.com\/channel\/UCVLHHeaPIm-J5bdEUgxqtZA"]}]}},"uagb_featured_image_src":{"full":["https:\/\/srokacompany.com\/wp-content\/uploads\/2017\/12\/Pocket-board-1.jpg",1560,2080,false],"thumbnail":["https:\/\/srokacompany.com\/wp-content\/uploads\/2017\/12\/Pocket-board-1-150x150.jpg",150,150,true],"medium":["https:\/\/srokacompany.com\/wp-content\/uploads\/2017\/12\/Pocket-board-1-225x300.jpg",225,300,true],"medium_large":["https:\/\/srokacompany.com\/wp-content\/uploads\/2017\/12\/Pocket-board-1-768x1024.jpg",768,1024,true],"large":["https:\/\/srokacompany.com\/wp-content\/uploads\/2017\/12\/Pocket-board-1-768x1024.jpg",768,1024,true],"1536x1536":["https:\/\/srokacompany.com\/wp-content\/uploads\/2017\/12\/Pocket-board-1-1152x1536.jpg",1152,1536,true],"2048x2048":["https:\/\/srokacompany.com\/wp-content\/uploads\/2017\/12\/Pocket-board-1-1536x2048.jpg",1536,2048,true],"woocommerce_thumbnail":["https:\/\/srokacompany.com\/wp-content\/uploads\/2017\/12\/Pocket-board-1-600x800.jpg",600,800,true],"woocommerce_single":["https:\/\/srokacompany.com\/wp-content\/uploads\/2017\/12\/Pocket-board-1-600x800.jpg",600,800,true],"woocommerce_gallery_thumbnail":["https:\/\/srokacompany.com\/wp-content\/uploads\/2017\/12\/Pocket-board-1-100x100.jpg",100,100,true],"dgwt-wcas-product-suggestion":["https:\/\/srokacompany.com\/wp-content\/uploads\/2017\/12\/Pocket-board-1.jpg",64,85,false]},"uagb_author_info":{"display_name":"Bruno Sroka","author_link":"https:\/\/srokacompany.com\/de\/blog\/author\/"},"uagb_comment_info":0,"uagb_excerpt":"Ein Board zum Foilen, einfach, leicht, steif und zu einem unschlagbaren Preis.","jetpack_sharing_enabled":true,"_links":{"self":[{"href":"https:\/\/srokacompany.com\/de\/wp-json\/wp\/v2\/product\/346119","targetHints":{"allow":["GET"]}}],"collection":[{"href":"https:\/\/srokacompany.com\/de\/wp-json\/wp\/v2\/product"}],"about":[{"href":"https:\/\/srokacompany.com\/de\/wp-json\/wp\/v2\/types\/product"}],"wp:featuredmedia":[{"embeddable":true,"href":"https:\/\/srokacompany.com\/de\/wp-json\/wp\/v2\/media\/346123"}],"wp:attachment":[{"href":"https:\/\/srokacompany.com\/de\/wp-json\/wp\/v2\/media?parent=346119"}],"wp:term":[{"taxonomy":"product_brand","embeddable":true,"href":"https:\/\/srokacompany.com\/de\/wp-json\/wp\/v2\/product_brand?post=346119"},{"taxonomy":"product_cat","embeddable":true,"href":"https:\/\/srokacompany.com\/de\/wp-json\/wp\/v2\/product_cat?post=346119"},{"taxonomy":"product_tag","embeddable":true,"href":"https:\/\/srokacompany.com\/de\/wp-json\/wp\/v2\/product_tag?post=346119"}],"curies":[{"name":"wp","href":"https:\/\/api.w.org\/{rel}","templated":true}]}}