{"id":346154,"date":"2017-09-19T17:31:18","date_gmt":"2017-09-19T17:31:18","guid":{"rendered":"https:\/\/srokacompany.com\/produit\/tef-gel\/"},"modified":"2025-11-03T12:06:46","modified_gmt":"2025-11-03T10:06:46","slug":"tef-gel","status":"publish","type":"product","link":"https:\/\/srokacompany.com\/de\/produkt\/tef-gel\/","title":{"rendered":"Tef Gel"},"content":{"rendered":"<p><strong>Tikal Tef-Gel<\/strong> ist eine vielseitig einsetzbare, wasserdichte Paste auf PTFE-Basis. Sie verhindert wirksam die Bildung von Blasen auf Metalloberfl\u00e4chen und bietet einen zuverl\u00e4ssigen Schutz vor galvanischer Korrosion zwischen verschiedenen Metallarten. <\/p>\n<p>Wir empfehlen Ihnen, <strong>Tikal Tef-Gel<\/strong> f\u00fcr die regelm\u00e4\u00dfige Pflege Ihrer foil SROKA zu verwenden. Wir empfehlen Ihnen, Ihre foil nach jeder Sitzung vollst\u00e4ndig zu zerlegen und abzusp\u00fclen. Dieses Tef-Gel ist ein permanentes Produkt, sodass Sie es nicht bei jeder Sitzung auftragen m\u00fcssen. Wir empfehlen, es auf die Verbindungsst\u00fccke und Schrauben aufzutragen.   <\/p>\n<hr>\n","protected":false},"excerpt":{"rendered":"<p><strong>Tikal Tef-Gel<\/strong> ist eine wasserdichte Paste auf PTFE-Basis, die vielseitig einsetzbar ist.<\/p>\n","protected":false},"featured_media":346163,"template":"","meta":{"_acf_changed":false,"_uag_custom_page_level_css":""},"product_brand":[],"product_cat":[4218,3493,3592,3591,3464],"product_tag":[],"class_list":{"0":"post-346154","1":"product","2":"type-product","3":"status-publish","4":"has-post-thumbnail","6":"product_cat-dockstart-zubehor","7":"product_cat-foil-de","8":"product_cat-surf-zubehor-foil","9":"product_cat-zubehor-foil","10":"product_cat-zubehor-wing-foil","11":"product_shipping_class-schraube-einheit","13":"first","14":"instock","15":"taxable","16":"shipping-taxable","17":"purchasable","18":"product-type-simple"},"acf":[],"yoast_head":"<!-- This site is optimized with the Yoast SEO plugin v27.4 - https:\/\/yoast.com\/product\/yoast-seo-wordpress\/ -->\n<title>Tef Gel | Korrosionsschutzfett- SROKA Company<\/title>\n<meta name=\"description\" content=\"Tikal Tef-Gel\u00ae Korrosionsschutzfett stoppt die galvanische Korrosion zwischen Metallen wie z. B. Edelstahl und Aluminium. Meerwasserbest\u00e4ndig.\" \/>\n<meta name=\"robots\" content=\"index, follow, max-snippet:-1, max-image-preview:large, max-video-preview:-1\" \/>\n<link rel=\"canonical\" href=\"https:\/\/srokacompany.com\/de\/produkt\/tef-gel\/\" \/>\n<meta property=\"og:locale\" content=\"de_DE\" \/>\n<meta property=\"og:type\" content=\"article\" \/>\n<meta property=\"og:title\" content=\"Tef Gel | Korrosionsschutzfett- SROKA Company\" \/>\n<meta property=\"og:description\" content=\"Tikal Tef-Gel\u00ae Korrosionsschutzfett stoppt die galvanische Korrosion zwischen Metallen wie z. B. Edelstahl und Aluminium. Meerwasserbest\u00e4ndig.\" \/>\n<meta property=\"og:url\" content=\"https:\/\/srokacompany.com\/de\/produkt\/tef-gel\/\" \/>\n<meta property=\"og:site_name\" content=\"SROKA Company\" \/>\n<meta property=\"article:publisher\" content=\"https:\/\/www.facebook.com\/srokawatersports\/\" \/>\n<meta property=\"article:modified_time\" content=\"2025-11-03T10:06:46+00:00\" \/>\n<meta property=\"og:image\" content=\"https:\/\/srokacompany.com\/wp-content\/uploads\/2017\/09\/TefGel.jpg\" \/>\n\t<meta property=\"og:image:width\" content=\"780\" \/>\n\t<meta property=\"og:image:height\" content=\"1040\" \/>\n\t<meta property=\"og:image:type\" content=\"image\/jpeg\" \/>\n<script type=\"application\/ld+json\" class=\"yoast-schema-graph\">{\"@context\":\"https:\\\/\\\/schema.org\",\"@graph\":[{\"@type\":\"WebPage\",\"@id\":\"https:\\\/\\\/srokacompany.com\\\/de\\\/produkt\\\/tef-gel\\\/\",\"url\":\"https:\\\/\\\/srokacompany.com\\\/de\\\/produkt\\\/tef-gel\\\/\",\"name\":\"Tef Gel | Korrosionsschutzfett- SROKA Company\",\"isPartOf\":{\"@id\":\"https:\\\/\\\/srokacompany.com\\\/de\\\/#website\"},\"primaryImageOfPage\":{\"@id\":\"https:\\\/\\\/srokacompany.com\\\/de\\\/produkt\\\/tef-gel\\\/#primaryimage\"},\"image\":{\"@id\":\"https:\\\/\\\/srokacompany.com\\\/de\\\/produkt\\\/tef-gel\\\/#primaryimage\"},\"thumbnailUrl\":\"https:\\\/\\\/srokacompany.com\\\/wp-content\\\/uploads\\\/2017\\\/09\\\/TefGel.jpg\",\"datePublished\":\"2017-09-19T17:31:18+00:00\",\"dateModified\":\"2025-11-03T10:06:46+00:00\",\"description\":\"Tikal Tef-Gel\u00ae Korrosionsschutzfett stoppt die galvanische Korrosion zwischen Metallen wie z. B. Edelstahl und Aluminium. Meerwasserbest\u00e4ndig.\",\"breadcrumb\":{\"@id\":\"https:\\\/\\\/srokacompany.com\\\/de\\\/produkt\\\/tef-gel\\\/#breadcrumb\"},\"inLanguage\":\"de\",\"potentialAction\":[{\"@type\":\"ReadAction\",\"target\":[\"https:\\\/\\\/srokacompany.com\\\/de\\\/produkt\\\/tef-gel\\\/\"]}]},{\"@type\":\"ImageObject\",\"inLanguage\":\"de\",\"@id\":\"https:\\\/\\\/srokacompany.com\\\/de\\\/produkt\\\/tef-gel\\\/#primaryimage\",\"url\":\"https:\\\/\\\/srokacompany.com\\\/wp-content\\\/uploads\\\/2017\\\/09\\\/TefGel.jpg\",\"contentUrl\":\"https:\\\/\\\/srokacompany.com\\\/wp-content\\\/uploads\\\/2017\\\/09\\\/TefGel.jpg\",\"width\":780,\"height\":1040,\"caption\":\"Tef-Gel TIKAL\"},{\"@type\":\"BreadcrumbList\",\"@id\":\"https:\\\/\\\/srokacompany.com\\\/de\\\/produkt\\\/tef-gel\\\/#breadcrumb\",\"itemListElement\":[{\"@type\":\"ListItem\",\"position\":1,\"name\":\"Accueil\",\"item\":\"https:\\\/\\\/srokacompany.com\\\/de\\\/\"},{\"@type\":\"ListItem\",\"position\":2,\"name\":\"Laden\",\"item\":\"https:\\\/\\\/srokacompany.com\\\/laden\\\/\"},{\"@type\":\"ListItem\",\"position\":3,\"name\":\"Tef Gel\"}]},{\"@type\":\"WebSite\",\"@id\":\"https:\\\/\\\/srokacompany.com\\\/de\\\/#website\",\"url\":\"https:\\\/\\\/srokacompany.com\\\/de\\\/\",\"name\":\"SROKA Company\",\"description\":\"SUP, Kite, Foil, Wing\",\"publisher\":{\"@id\":\"https:\\\/\\\/srokacompany.com\\\/de\\\/#organization\"},\"potentialAction\":[{\"@type\":\"SearchAction\",\"target\":{\"@type\":\"EntryPoint\",\"urlTemplate\":\"https:\\\/\\\/srokacompany.com\\\/de\\\/?s={search_term_string}\"},\"query-input\":{\"@type\":\"PropertyValueSpecification\",\"valueRequired\":true,\"valueName\":\"search_term_string\"}}],\"inLanguage\":\"de\"},{\"@type\":\"Organization\",\"@id\":\"https:\\\/\\\/srokacompany.com\\\/de\\\/#organization\",\"name\":\"SROKACOMPANY\",\"alternateName\":\"SROKA\",\"url\":\"https:\\\/\\\/srokacompany.com\\\/de\\\/\",\"logo\":{\"@type\":\"ImageObject\",\"inLanguage\":\"de\",\"@id\":\"https:\\\/\\\/srokacompany.com\\\/de\\\/#\\\/schema\\\/logo\\\/image\\\/\",\"url\":\"https:\\\/\\\/srokacompany.com\\\/wp-content\\\/uploads\\\/2021\\\/01\\\/logo-sroka-black-transpa.png\",\"contentUrl\":\"https:\\\/\\\/srokacompany.com\\\/wp-content\\\/uploads\\\/2021\\\/01\\\/logo-sroka-black-transpa.png\",\"width\":1201,\"height\":342,\"caption\":\"SROKACOMPANY\"},\"image\":{\"@id\":\"https:\\\/\\\/srokacompany.com\\\/de\\\/#\\\/schema\\\/logo\\\/image\\\/\"},\"sameAs\":[\"https:\\\/\\\/www.facebook.com\\\/srokawatersports\\\/\",\"https:\\\/\\\/www.instagram.com\\\/srokawatersports\\\/\",\"https:\\\/\\\/www.youtube.com\\\/channel\\\/UCVLHHeaPIm-J5bdEUgxqtZA\"]}]}<\/script>\n<!-- \/ Yoast SEO plugin. -->","yoast_head_json":{"title":"Tef Gel | Korrosionsschutzfett- SROKA Company","description":"Tikal Tef-Gel\u00ae Korrosionsschutzfett stoppt die galvanische Korrosion zwischen Metallen wie z. B. Edelstahl und Aluminium. Meerwasserbest\u00e4ndig.","robots":{"index":"index","follow":"follow","max-snippet":"max-snippet:-1","max-image-preview":"max-image-preview:large","max-video-preview":"max-video-preview:-1"},"canonical":"https:\/\/srokacompany.com\/de\/produkt\/tef-gel\/","og_locale":"de_DE","og_type":"article","og_title":"Tef Gel | Korrosionsschutzfett- SROKA Company","og_description":"Tikal Tef-Gel\u00ae Korrosionsschutzfett stoppt die galvanische Korrosion zwischen Metallen wie z. B. Edelstahl und Aluminium. Meerwasserbest\u00e4ndig.","og_url":"https:\/\/srokacompany.com\/de\/produkt\/tef-gel\/","og_site_name":"SROKA Company","article_publisher":"https:\/\/www.facebook.com\/srokawatersports\/","article_modified_time":"2025-11-03T10:06:46+00:00","og_image":[{"width":780,"height":1040,"url":"https:\/\/srokacompany.com\/wp-content\/uploads\/2017\/09\/TefGel.jpg","type":"image\/jpeg"}],"schema":{"@context":"https:\/\/schema.org","@graph":[{"@type":"WebPage","@id":"https:\/\/srokacompany.com\/de\/produkt\/tef-gel\/","url":"https:\/\/srokacompany.com\/de\/produkt\/tef-gel\/","name":"Tef Gel | Korrosionsschutzfett- SROKA Company","isPartOf":{"@id":"https:\/\/srokacompany.com\/de\/#website"},"primaryImageOfPage":{"@id":"https:\/\/srokacompany.com\/de\/produkt\/tef-gel\/#primaryimage"},"image":{"@id":"https:\/\/srokacompany.com\/de\/produkt\/tef-gel\/#primaryimage"},"thumbnailUrl":"https:\/\/srokacompany.com\/wp-content\/uploads\/2017\/09\/TefGel.jpg","datePublished":"2017-09-19T17:31:18+00:00","dateModified":"2025-11-03T10:06:46+00:00","description":"Tikal Tef-Gel\u00ae Korrosionsschutzfett stoppt die galvanische Korrosion zwischen Metallen wie z. B. Edelstahl und Aluminium. Meerwasserbest\u00e4ndig.","breadcrumb":{"@id":"https:\/\/srokacompany.com\/de\/produkt\/tef-gel\/#breadcrumb"},"inLanguage":"de","potentialAction":[{"@type":"ReadAction","target":["https:\/\/srokacompany.com\/de\/produkt\/tef-gel\/"]}]},{"@type":"ImageObject","inLanguage":"de","@id":"https:\/\/srokacompany.com\/de\/produkt\/tef-gel\/#primaryimage","url":"https:\/\/srokacompany.com\/wp-content\/uploads\/2017\/09\/TefGel.jpg","contentUrl":"https:\/\/srokacompany.com\/wp-content\/uploads\/2017\/09\/TefGel.jpg","width":780,"height":1040,"caption":"Tef-Gel TIKAL"},{"@type":"BreadcrumbList","@id":"https:\/\/srokacompany.com\/de\/produkt\/tef-gel\/#breadcrumb","itemListElement":[{"@type":"ListItem","position":1,"name":"Accueil","item":"https:\/\/srokacompany.com\/de\/"},{"@type":"ListItem","position":2,"name":"Laden","item":"https:\/\/srokacompany.com\/laden\/"},{"@type":"ListItem","position":3,"name":"Tef Gel"}]},{"@type":"WebSite","@id":"https:\/\/srokacompany.com\/de\/#website","url":"https:\/\/srokacompany.com\/de\/","name":"SROKA Company","description":"SUP, Kite, Foil, Wing","publisher":{"@id":"https:\/\/srokacompany.com\/de\/#organization"},"potentialAction":[{"@type":"SearchAction","target":{"@type":"EntryPoint","urlTemplate":"https:\/\/srokacompany.com\/de\/?s={search_term_string}"},"query-input":{"@type":"PropertyValueSpecification","valueRequired":true,"valueName":"search_term_string"}}],"inLanguage":"de"},{"@type":"Organization","@id":"https:\/\/srokacompany.com\/de\/#organization","name":"SROKACOMPANY","alternateName":"SROKA","url":"https:\/\/srokacompany.com\/de\/","logo":{"@type":"ImageObject","inLanguage":"de","@id":"https:\/\/srokacompany.com\/de\/#\/schema\/logo\/image\/","url":"https:\/\/srokacompany.com\/wp-content\/uploads\/2021\/01\/logo-sroka-black-transpa.png","contentUrl":"https:\/\/srokacompany.com\/wp-content\/uploads\/2021\/01\/logo-sroka-black-transpa.png","width":1201,"height":342,"caption":"SROKACOMPANY"},"image":{"@id":"https:\/\/srokacompany.com\/de\/#\/schema\/logo\/image\/"},"sameAs":["https:\/\/www.facebook.com\/srokawatersports\/","https:\/\/www.instagram.com\/srokawatersports\/","https:\/\/www.youtube.com\/channel\/UCVLHHeaPIm-J5bdEUgxqtZA"]}]}},"uagb_featured_image_src":{"full":["https:\/\/srokacompany.com\/wp-content\/uploads\/2017\/09\/TefGel.jpg",780,1040,false],"thumbnail":["https:\/\/srokacompany.com\/wp-content\/uploads\/2017\/09\/TefGel-150x150.jpg",150,150,true],"medium":["https:\/\/srokacompany.com\/wp-content\/uploads\/2017\/09\/TefGel-225x300.jpg",225,300,true],"medium_large":["https:\/\/srokacompany.com\/wp-content\/uploads\/2017\/09\/TefGel-768x1024.jpg",768,1024,true],"large":["https:\/\/srokacompany.com\/wp-content\/uploads\/2017\/09\/TefGel-768x1024.jpg",768,1024,true],"1536x1536":["https:\/\/srokacompany.com\/wp-content\/uploads\/2017\/09\/TefGel.jpg",780,1040,false],"2048x2048":["https:\/\/srokacompany.com\/wp-content\/uploads\/2017\/09\/TefGel.jpg",780,1040,false],"woocommerce_thumbnail":["https:\/\/srokacompany.com\/wp-content\/uploads\/2017\/09\/TefGel-600x800.jpg",600,800,true],"woocommerce_single":["https:\/\/srokacompany.com\/wp-content\/uploads\/2017\/09\/TefGel-600x800.jpg",600,800,true],"woocommerce_gallery_thumbnail":["https:\/\/srokacompany.com\/wp-content\/uploads\/2017\/09\/TefGel-100x100.jpg",100,100,true],"dgwt-wcas-product-suggestion":["https:\/\/srokacompany.com\/wp-content\/uploads\/2017\/09\/TefGel.jpg",64,85,false]},"uagb_author_info":{"display_name":"matthieumilliot_xd7qukoc","author_link":"https:\/\/srokacompany.com\/de\/blog\/author\/"},"uagb_comment_info":0,"uagb_excerpt":"Tikal Tef-Gel ist eine wasserdichte Paste auf PTFE-Basis, die vielseitig einsetzbar ist.","jetpack_sharing_enabled":true,"_links":{"self":[{"href":"https:\/\/srokacompany.com\/de\/wp-json\/wp\/v2\/product\/346154","targetHints":{"allow":["GET"]}}],"collection":[{"href":"https:\/\/srokacompany.com\/de\/wp-json\/wp\/v2\/product"}],"about":[{"href":"https:\/\/srokacompany.com\/de\/wp-json\/wp\/v2\/types\/product"}],"wp:featuredmedia":[{"embeddable":true,"href":"https:\/\/srokacompany.com\/de\/wp-json\/wp\/v2\/media\/346163"}],"wp:attachment":[{"href":"https:\/\/srokacompany.com\/de\/wp-json\/wp\/v2\/media?parent=346154"}],"wp:term":[{"taxonomy":"product_brand","embeddable":true,"href":"https:\/\/srokacompany.com\/de\/wp-json\/wp\/v2\/product_brand?post=346154"},{"taxonomy":"product_cat","embeddable":true,"href":"https:\/\/srokacompany.com\/de\/wp-json\/wp\/v2\/product_cat?post=346154"},{"taxonomy":"product_tag","embeddable":true,"href":"https:\/\/srokacompany.com\/de\/wp-json\/wp\/v2\/product_tag?post=346154"}],"curies":[{"name":"wp","href":"https:\/\/api.w.org\/{rel}","templated":true}]}}