{"id":346203,"date":"2017-12-26T20:41:58","date_gmt":"2017-12-26T18:41:58","guid":{"rendered":"https:\/\/srokacompany.com\/produit\/kitefoil-paket-carbon-fluegel-2021-und-brett-160x52\/"},"modified":"2025-06-27T00:05:45","modified_gmt":"2025-06-26T22:05:45","slug":"kitefoil-paket-carbon-fluegel-2021-und-brett-160x52","status":"publish","type":"product","link":"https:\/\/srokacompany.com\/de\/produkt\/kitefoil-paket-carbon-fluegel-2021-und-brett-160x52\/","title":{"rendered":"Kitefoil-Paket Carbon-Fl\u00fcgel 2021 und Brett 160&#215;52"},"content":{"rendered":"<hr>\n<h1>Pack Foil Kite and board<\/h1>\n<p>Hast du von einem <strong> foil Full Carbon<\/strong> <strong>Kite Pack<\/strong> mit seinem Board zum Preis eines foil Aluminium getr\u00e4umt? Wir haben es f\u00fcr Sie entworfen, mit Leidenschaft. Unser K-foil ist mit der Zeit skalierbar, alle Teile sind ver\u00e4nderbar und austauschbar. Dank dieser Modularit\u00e4t bieten wir Ihnen in diesem Jahr zus\u00e4tzlich <strong>zur bestehenden 530er Finne den<\/strong> Rucksack mit unseren <a href=\"https:\/\/srokacompany.com\/de\/produkt\/kite-wing-pack-foil-k950-xxl-stabilisator\/\">neuen K950-Flossen und ihrem Stabilisator<\/a> an. Ihre Packung enth\u00e4lt zwei Flossens\u00e4tze zum Preis von einem. Der Mast und die Flossen bestehen zu 100 % aus Carbon, was die Steifigkeit, Zuverl\u00e4ssigkeit und Leistung maximiert. Damit ist er einer der st\u00e4rksten Kite foil auf dem Markt. Dieses Paket enth\u00e4lt den 160&#215;52, der dem Kite-Foiling gewidmet ist. Dieses vielseitige Board erm\u00f6glicht es Ihnen auch, Surf Foil zu lernen. Alles, was Sie tun m\u00fcssen, ist das Foil zu wechseln, um <a href=\"https:\/\/srokacompany.com\/de\/blog\/wie-man-surft-foil\/\">im Foil paddeln zu gehen.<\/a> <\/p>\n","protected":false},"excerpt":{"rendered":"<p>Du hast von einem <strong>Kite-Pack foil<\/strong> Full Carbon mit seinem Board zum Preis eines foil Aluminium getr\u00e4umt? Wir haben es f\u00fcr Sie entworfen, mit Leidenschaft <\/p>\n","protected":false},"featured_media":346212,"template":"","meta":{"_acf_changed":false,"_uag_custom_page_level_css":""},"product_brand":[],"product_cat":[3493,3582],"product_tag":[],"class_list":{"0":"post-346203","1":"product","2":"type-product","3":"status-publish","4":"has-post-thumbnail","6":"product_cat-foil-de","7":"product_cat-promos-de","9":"first","10":"onbackorder","11":"sale","12":"taxable","13":"shipping-taxable","14":"purchasable","15":"product-type-variable"},"acf":[],"yoast_head":"<!-- This site is optimized with the Yoast SEO plugin v27.4 - https:\/\/yoast.com\/product\/yoast-seo-wordpress\/ -->\n<title>Pack Foil Kite - K-foil - Srokacompany - Watersports<\/title>\n<meta name=\"description\" content=\"Pack foil Kite mit dem K-foil mit Winglets und einem Mast aus 100% Carbon. Skalierbar, ultra solide, Ein foil Carbon zum Preis eines foil Aluminium.\" \/>\n<meta name=\"robots\" content=\"index, follow, max-snippet:-1, max-image-preview:large, max-video-preview:-1\" \/>\n<link rel=\"canonical\" href=\"https:\/\/srokacompany.com\/de\/produkt\/kitefoil-paket-carbon-fluegel-2021-und-brett-160x52\/\" \/>\n<meta property=\"og:locale\" content=\"de_DE\" \/>\n<meta property=\"og:type\" content=\"article\" \/>\n<meta property=\"og:title\" content=\"Pack Foil Kite - K-foil - Srokacompany - Watersports\" \/>\n<meta property=\"og:description\" content=\"Pack foil Kite mit dem K-foil mit Winglets und einem Mast aus 100% Carbon. Skalierbar, ultra solide, Ein foil Carbon zum Preis eines foil Aluminium.\" \/>\n<meta property=\"og:url\" content=\"https:\/\/srokacompany.com\/de\/produkt\/kitefoil-paket-carbon-fluegel-2021-und-brett-160x52\/\" \/>\n<meta property=\"og:site_name\" content=\"SROKA Company\" \/>\n<meta property=\"article:publisher\" content=\"https:\/\/www.facebook.com\/srokawatersports\/\" \/>\n<meta property=\"article:modified_time\" content=\"2025-06-26T22:05:45+00:00\" \/>\n<meta property=\"og:image\" content=\"https:\/\/srokacompany.com\/wp-content\/uploads\/2020\/12\/Pack-Kite-Foil-Carbone-deux-jeux-dailettes.jpg\" \/>\n\t<meta property=\"og:image:width\" content=\"780\" \/>\n\t<meta property=\"og:image:height\" content=\"1040\" \/>\n\t<meta property=\"og:image:type\" content=\"image\/jpeg\" \/>\n<meta name=\"twitter:label1\" content=\"Gesch\u00e4tzte Lesezeit\" \/>\n\t<meta name=\"twitter:data1\" content=\"1\u00a0Minute\" \/>\n<script type=\"application\/ld+json\" class=\"yoast-schema-graph\">{\"@context\":\"https:\\\/\\\/schema.org\",\"@graph\":[{\"@type\":\"WebPage\",\"@id\":\"https:\\\/\\\/srokacompany.com\\\/de\\\/produkt\\\/kitefoil-paket-carbon-fluegel-2021-und-brett-160x52\\\/\",\"url\":\"https:\\\/\\\/srokacompany.com\\\/de\\\/produkt\\\/kitefoil-paket-carbon-fluegel-2021-und-brett-160x52\\\/\",\"name\":\"Pack Foil Kite - K-foil - Srokacompany - Watersports\",\"isPartOf\":{\"@id\":\"https:\\\/\\\/srokacompany.com\\\/de\\\/#website\"},\"primaryImageOfPage\":{\"@id\":\"https:\\\/\\\/srokacompany.com\\\/de\\\/produkt\\\/kitefoil-paket-carbon-fluegel-2021-und-brett-160x52\\\/#primaryimage\"},\"image\":{\"@id\":\"https:\\\/\\\/srokacompany.com\\\/de\\\/produkt\\\/kitefoil-paket-carbon-fluegel-2021-und-brett-160x52\\\/#primaryimage\"},\"thumbnailUrl\":\"https:\\\/\\\/srokacompany.com\\\/wp-content\\\/uploads\\\/2020\\\/12\\\/Pack-Kite-Foil-Carbone-deux-jeux-dailettes.jpg\",\"datePublished\":\"2017-12-26T18:41:58+00:00\",\"dateModified\":\"2025-06-26T22:05:45+00:00\",\"description\":\"Pack foil Kite mit dem K-foil mit Winglets und einem Mast aus 100% Carbon. Skalierbar, ultra solide, Ein foil Carbon zum Preis eines foil Aluminium.\",\"breadcrumb\":{\"@id\":\"https:\\\/\\\/srokacompany.com\\\/de\\\/produkt\\\/kitefoil-paket-carbon-fluegel-2021-und-brett-160x52\\\/#breadcrumb\"},\"inLanguage\":\"de\",\"potentialAction\":[{\"@type\":\"ReadAction\",\"target\":[\"https:\\\/\\\/srokacompany.com\\\/de\\\/produkt\\\/kitefoil-paket-carbon-fluegel-2021-und-brett-160x52\\\/\"]}]},{\"@type\":\"ImageObject\",\"inLanguage\":\"de\",\"@id\":\"https:\\\/\\\/srokacompany.com\\\/de\\\/produkt\\\/kitefoil-paket-carbon-fluegel-2021-und-brett-160x52\\\/#primaryimage\",\"url\":\"https:\\\/\\\/srokacompany.com\\\/wp-content\\\/uploads\\\/2020\\\/12\\\/Pack-Kite-Foil-Carbone-deux-jeux-dailettes.jpg\",\"contentUrl\":\"https:\\\/\\\/srokacompany.com\\\/wp-content\\\/uploads\\\/2020\\\/12\\\/Pack-Kite-Foil-Carbone-deux-jeux-dailettes.jpg\",\"width\":780,\"height\":1040,\"caption\":\"Komplettpaket Kite Foil carbon performance\"},{\"@type\":\"BreadcrumbList\",\"@id\":\"https:\\\/\\\/srokacompany.com\\\/de\\\/produkt\\\/kitefoil-paket-carbon-fluegel-2021-und-brett-160x52\\\/#breadcrumb\",\"itemListElement\":[{\"@type\":\"ListItem\",\"position\":1,\"name\":\"Accueil\",\"item\":\"https:\\\/\\\/srokacompany.com\\\/de\\\/\"},{\"@type\":\"ListItem\",\"position\":2,\"name\":\"Laden\",\"item\":\"https:\\\/\\\/srokacompany.com\\\/laden\\\/\"},{\"@type\":\"ListItem\",\"position\":3,\"name\":\"Kitefoil-Paket Carbon-Fl\u00fcgel 2021 und Brett 160&#215;52\"}]},{\"@type\":\"WebSite\",\"@id\":\"https:\\\/\\\/srokacompany.com\\\/de\\\/#website\",\"url\":\"https:\\\/\\\/srokacompany.com\\\/de\\\/\",\"name\":\"SROKA Company\",\"description\":\"SUP, Kite, Foil, Wing\",\"publisher\":{\"@id\":\"https:\\\/\\\/srokacompany.com\\\/de\\\/#organization\"},\"potentialAction\":[{\"@type\":\"SearchAction\",\"target\":{\"@type\":\"EntryPoint\",\"urlTemplate\":\"https:\\\/\\\/srokacompany.com\\\/de\\\/?s={search_term_string}\"},\"query-input\":{\"@type\":\"PropertyValueSpecification\",\"valueRequired\":true,\"valueName\":\"search_term_string\"}}],\"inLanguage\":\"de\"},{\"@type\":\"Organization\",\"@id\":\"https:\\\/\\\/srokacompany.com\\\/de\\\/#organization\",\"name\":\"SROKACOMPANY\",\"alternateName\":\"SROKA\",\"url\":\"https:\\\/\\\/srokacompany.com\\\/de\\\/\",\"logo\":{\"@type\":\"ImageObject\",\"inLanguage\":\"de\",\"@id\":\"https:\\\/\\\/srokacompany.com\\\/de\\\/#\\\/schema\\\/logo\\\/image\\\/\",\"url\":\"https:\\\/\\\/srokacompany.com\\\/wp-content\\\/uploads\\\/2021\\\/01\\\/logo-sroka-black-transpa.png\",\"contentUrl\":\"https:\\\/\\\/srokacompany.com\\\/wp-content\\\/uploads\\\/2021\\\/01\\\/logo-sroka-black-transpa.png\",\"width\":1201,\"height\":342,\"caption\":\"SROKACOMPANY\"},\"image\":{\"@id\":\"https:\\\/\\\/srokacompany.com\\\/de\\\/#\\\/schema\\\/logo\\\/image\\\/\"},\"sameAs\":[\"https:\\\/\\\/www.facebook.com\\\/srokawatersports\\\/\",\"https:\\\/\\\/www.instagram.com\\\/srokawatersports\\\/\",\"https:\\\/\\\/www.youtube.com\\\/channel\\\/UCVLHHeaPIm-J5bdEUgxqtZA\"]}]}<\/script>\n<!-- \/ Yoast SEO plugin. -->","yoast_head_json":{"title":"Pack Foil Kite - K-foil - Srokacompany - Watersports","description":"Pack foil Kite mit dem K-foil mit Winglets und einem Mast aus 100% Carbon. Skalierbar, ultra solide, Ein foil Carbon zum Preis eines foil Aluminium.","robots":{"index":"index","follow":"follow","max-snippet":"max-snippet:-1","max-image-preview":"max-image-preview:large","max-video-preview":"max-video-preview:-1"},"canonical":"https:\/\/srokacompany.com\/de\/produkt\/kitefoil-paket-carbon-fluegel-2021-und-brett-160x52\/","og_locale":"de_DE","og_type":"article","og_title":"Pack Foil Kite - K-foil - Srokacompany - Watersports","og_description":"Pack foil Kite mit dem K-foil mit Winglets und einem Mast aus 100% Carbon. Skalierbar, ultra solide, Ein foil Carbon zum Preis eines foil Aluminium.","og_url":"https:\/\/srokacompany.com\/de\/produkt\/kitefoil-paket-carbon-fluegel-2021-und-brett-160x52\/","og_site_name":"SROKA Company","article_publisher":"https:\/\/www.facebook.com\/srokawatersports\/","article_modified_time":"2025-06-26T22:05:45+00:00","og_image":[{"width":780,"height":1040,"url":"https:\/\/srokacompany.com\/wp-content\/uploads\/2020\/12\/Pack-Kite-Foil-Carbone-deux-jeux-dailettes.jpg","type":"image\/jpeg"}],"twitter_misc":{"Gesch\u00e4tzte Lesezeit":"1\u00a0Minute"},"schema":{"@context":"https:\/\/schema.org","@graph":[{"@type":"WebPage","@id":"https:\/\/srokacompany.com\/de\/produkt\/kitefoil-paket-carbon-fluegel-2021-und-brett-160x52\/","url":"https:\/\/srokacompany.com\/de\/produkt\/kitefoil-paket-carbon-fluegel-2021-und-brett-160x52\/","name":"Pack Foil Kite - K-foil - Srokacompany - Watersports","isPartOf":{"@id":"https:\/\/srokacompany.com\/de\/#website"},"primaryImageOfPage":{"@id":"https:\/\/srokacompany.com\/de\/produkt\/kitefoil-paket-carbon-fluegel-2021-und-brett-160x52\/#primaryimage"},"image":{"@id":"https:\/\/srokacompany.com\/de\/produkt\/kitefoil-paket-carbon-fluegel-2021-und-brett-160x52\/#primaryimage"},"thumbnailUrl":"https:\/\/srokacompany.com\/wp-content\/uploads\/2020\/12\/Pack-Kite-Foil-Carbone-deux-jeux-dailettes.jpg","datePublished":"2017-12-26T18:41:58+00:00","dateModified":"2025-06-26T22:05:45+00:00","description":"Pack foil Kite mit dem K-foil mit Winglets und einem Mast aus 100% Carbon. Skalierbar, ultra solide, Ein foil Carbon zum Preis eines foil Aluminium.","breadcrumb":{"@id":"https:\/\/srokacompany.com\/de\/produkt\/kitefoil-paket-carbon-fluegel-2021-und-brett-160x52\/#breadcrumb"},"inLanguage":"de","potentialAction":[{"@type":"ReadAction","target":["https:\/\/srokacompany.com\/de\/produkt\/kitefoil-paket-carbon-fluegel-2021-und-brett-160x52\/"]}]},{"@type":"ImageObject","inLanguage":"de","@id":"https:\/\/srokacompany.com\/de\/produkt\/kitefoil-paket-carbon-fluegel-2021-und-brett-160x52\/#primaryimage","url":"https:\/\/srokacompany.com\/wp-content\/uploads\/2020\/12\/Pack-Kite-Foil-Carbone-deux-jeux-dailettes.jpg","contentUrl":"https:\/\/srokacompany.com\/wp-content\/uploads\/2020\/12\/Pack-Kite-Foil-Carbone-deux-jeux-dailettes.jpg","width":780,"height":1040,"caption":"Komplettpaket Kite Foil carbon performance"},{"@type":"BreadcrumbList","@id":"https:\/\/srokacompany.com\/de\/produkt\/kitefoil-paket-carbon-fluegel-2021-und-brett-160x52\/#breadcrumb","itemListElement":[{"@type":"ListItem","position":1,"name":"Accueil","item":"https:\/\/srokacompany.com\/de\/"},{"@type":"ListItem","position":2,"name":"Laden","item":"https:\/\/srokacompany.com\/laden\/"},{"@type":"ListItem","position":3,"name":"Kitefoil-Paket Carbon-Fl\u00fcgel 2021 und Brett 160&#215;52"}]},{"@type":"WebSite","@id":"https:\/\/srokacompany.com\/de\/#website","url":"https:\/\/srokacompany.com\/de\/","name":"SROKA Company","description":"SUP, Kite, Foil, Wing","publisher":{"@id":"https:\/\/srokacompany.com\/de\/#organization"},"potentialAction":[{"@type":"SearchAction","target":{"@type":"EntryPoint","urlTemplate":"https:\/\/srokacompany.com\/de\/?s={search_term_string}"},"query-input":{"@type":"PropertyValueSpecification","valueRequired":true,"valueName":"search_term_string"}}],"inLanguage":"de"},{"@type":"Organization","@id":"https:\/\/srokacompany.com\/de\/#organization","name":"SROKACOMPANY","alternateName":"SROKA","url":"https:\/\/srokacompany.com\/de\/","logo":{"@type":"ImageObject","inLanguage":"de","@id":"https:\/\/srokacompany.com\/de\/#\/schema\/logo\/image\/","url":"https:\/\/srokacompany.com\/wp-content\/uploads\/2021\/01\/logo-sroka-black-transpa.png","contentUrl":"https:\/\/srokacompany.com\/wp-content\/uploads\/2021\/01\/logo-sroka-black-transpa.png","width":1201,"height":342,"caption":"SROKACOMPANY"},"image":{"@id":"https:\/\/srokacompany.com\/de\/#\/schema\/logo\/image\/"},"sameAs":["https:\/\/www.facebook.com\/srokawatersports\/","https:\/\/www.instagram.com\/srokawatersports\/","https:\/\/www.youtube.com\/channel\/UCVLHHeaPIm-J5bdEUgxqtZA"]}]}},"uagb_featured_image_src":{"full":["https:\/\/srokacompany.com\/wp-content\/uploads\/2020\/12\/Pack-Kite-Foil-Carbone-deux-jeux-dailettes.jpg",780,1040,false],"thumbnail":["https:\/\/srokacompany.com\/wp-content\/uploads\/2020\/12\/Pack-Kite-Foil-Carbone-deux-jeux-dailettes-150x150.jpg",150,150,true],"medium":["https:\/\/srokacompany.com\/wp-content\/uploads\/2020\/12\/Pack-Kite-Foil-Carbone-deux-jeux-dailettes-225x300.jpg",225,300,true],"medium_large":["https:\/\/srokacompany.com\/wp-content\/uploads\/2020\/12\/Pack-Kite-Foil-Carbone-deux-jeux-dailettes-768x1024.jpg",768,1024,true],"large":["https:\/\/srokacompany.com\/wp-content\/uploads\/2020\/12\/Pack-Kite-Foil-Carbone-deux-jeux-dailettes-768x1024.jpg",768,1024,true],"1536x1536":["https:\/\/srokacompany.com\/wp-content\/uploads\/2020\/12\/Pack-Kite-Foil-Carbone-deux-jeux-dailettes.jpg",780,1040,false],"2048x2048":["https:\/\/srokacompany.com\/wp-content\/uploads\/2020\/12\/Pack-Kite-Foil-Carbone-deux-jeux-dailettes.jpg",780,1040,false],"woocommerce_thumbnail":["https:\/\/srokacompany.com\/wp-content\/uploads\/2020\/12\/Pack-Kite-Foil-Carbone-deux-jeux-dailettes-600x800.jpg",600,800,true],"woocommerce_single":["https:\/\/srokacompany.com\/wp-content\/uploads\/2020\/12\/Pack-Kite-Foil-Carbone-deux-jeux-dailettes-600x800.jpg",600,800,true],"woocommerce_gallery_thumbnail":["https:\/\/srokacompany.com\/wp-content\/uploads\/2020\/12\/Pack-Kite-Foil-Carbone-deux-jeux-dailettes-100x100.jpg",100,100,true],"dgwt-wcas-product-suggestion":["https:\/\/srokacompany.com\/wp-content\/uploads\/2020\/12\/Pack-Kite-Foil-Carbone-deux-jeux-dailettes.jpg",64,85,false]},"uagb_author_info":{"display_name":"Bruno Sroka","author_link":"https:\/\/srokacompany.com\/de\/blog\/author\/"},"uagb_comment_info":0,"uagb_excerpt":"Du hast von einem Kite-Pack foil Full Carbon mit seinem Board zum Preis eines foil Aluminium getr\u00e4umt? Wir haben es f\u00fcr Sie entworfen, mit Leidenschaft","jetpack_sharing_enabled":true,"_links":{"self":[{"href":"https:\/\/srokacompany.com\/de\/wp-json\/wp\/v2\/product\/346203","targetHints":{"allow":["GET"]}}],"collection":[{"href":"https:\/\/srokacompany.com\/de\/wp-json\/wp\/v2\/product"}],"about":[{"href":"https:\/\/srokacompany.com\/de\/wp-json\/wp\/v2\/types\/product"}],"wp:featuredmedia":[{"embeddable":true,"href":"https:\/\/srokacompany.com\/de\/wp-json\/wp\/v2\/media\/346212"}],"wp:attachment":[{"href":"https:\/\/srokacompany.com\/de\/wp-json\/wp\/v2\/media?parent=346203"}],"wp:term":[{"taxonomy":"product_brand","embeddable":true,"href":"https:\/\/srokacompany.com\/de\/wp-json\/wp\/v2\/product_brand?post=346203"},{"taxonomy":"product_cat","embeddable":true,"href":"https:\/\/srokacompany.com\/de\/wp-json\/wp\/v2\/product_cat?post=346203"},{"taxonomy":"product_tag","embeddable":true,"href":"https:\/\/srokacompany.com\/de\/wp-json\/wp\/v2\/product_tag?post=346203"}],"curies":[{"name":"wp","href":"https:\/\/api.w.org\/{rel}","templated":true}]}}