{"id":346347,"date":"2018-01-09T17:55:14","date_gmt":"2018-01-09T17:55:14","guid":{"rendered":"https:\/\/srokacompany.com\/produit\/vario-paddel-50-carbon-fuer-sup-2-teilig\/"},"modified":"2025-11-21T18:09:45","modified_gmt":"2025-11-21T16:09:45","slug":"vario-paddel-50-carbon-fuer-sup-2-teilig","status":"publish","type":"product","link":"https:\/\/srokacompany.com\/de\/produkt\/vario-paddel-50-carbon-fuer-sup-2-teilig\/","title":{"rendered":"Vario-Paddel 50% Carbon f\u00fcr SUP 2-teilig"},"content":{"rendered":"<hr>\n<h1>VERSTELLBARES CARBONPADDEL F\u00dcR SUP<\/h1>\n<p>Eines der leichtesten, leistungsst\u00e4rksten und erschwinglichsten verstellbaren Paddel auf dem Markt f\u00fcr das Stand Up Paddling. Das verstellbare 50% Carbon-Paddel ist ein leichtes und einfaches Paddel. Es besteht aus 100% Carbon 12K auf dem Blatt und einem Schaft aus 50% Carbon 3K. Dieses <a href=\"https:\/\/srokacompany.com\/de\/eshop\/paddel-paddeln\/\">Paddel<\/a> ist ideal f\u00fcr lange Fahrten auf SUP, Wanderungen oder Kardio-Training. Sein geringes Gewicht und sein Flex erleichtern das Paddeln. Das kleine Paddelblatt sorgt daf\u00fcr, dass Sie bei jedem Paddelschlag eine sehr gute Leistung erzielen. Dieses Paddel ist farblich auf Ihr Paddle abgestimmt und wird sicher viele neidische Blicke auf sich ziehen. Sie k\u00f6nnen es in der H\u00f6he beliebig verstellen.        <span class=\"s1\">Dieses Carbonpaddel ist von 175 bis 216 cm L\u00e4nge verstellbar und das Paddelblatt misst 18 cm.<\/span><\/p>\n<p>Sie passt zu Ihrem aufblasbaren Stand Up Paddle Board von Sroka, sei es die <a href=\"https:\/\/srokacompany.com\/de\/produkt\/aufblasbares-windsup-106x32x6-fusion\/\">Malibu-<\/a>, <a href=\"https:\/\/srokacompany.com\/de\/eshop\/aufblasbare-paddel\/\">Alpha-<\/a> oder <a href=\"https:\/\/srokacompany.com\/de\/produkt\/aufblasbares-paddel-frau-girly-fusion\/\">Girly-Reihe<\/a>! Entdecken Sie unser gesamtes <a href=\"https:\/\/srokacompany.com\/de\/eshop\/paddle-zubehor\/\">Zubeh\u00f6r f\u00fcr unsere aufblasbaren Stand Up Paddle Boards SUP <\/a>.<\/p>\n","protected":false},"excerpt":{"rendered":"<p>Eines der leichtesten, leistungsf\u00e4higsten und erschwinglichsten einstellbaren Paddel auf dem Markt f\u00fcr Stand Up Paddling.<\/p>\n","protected":false},"featured_media":346348,"template":"","meta":{"_acf_changed":false,"_uag_custom_page_level_css":""},"product_brand":[],"product_cat":[3620,3569,3794,3578,4258,3867,3868,3705],"product_tag":[3459,3443,3442],"class_list":{"0":"post-346347","1":"product","2":"type-product","3":"status-publish","4":"has-post-thumbnail","6":"product_cat-aufblasbare-paddel","7":"product_cat-downwind-de","8":"product_cat-paddel-paddeln","9":"product_cat-paddle-zubehor","10":"product_cat-schwarzer-freitag","11":"product_cat-sup-foil-de","12":"product_cat-sup-zubehor-foil","13":"product_cat-zubehor-downwind","14":"product_tag-experte","15":"product_tag-fortgeschrittene","16":"product_tag-schlau","17":"product_shipping_class-paddel-1-und-2-teile","19":"first","20":"instock","21":"sale","22":"taxable","23":"shipping-taxable","24":"purchasable","25":"product-type-variable"},"acf":[],"yoast_head":"<!-- This site is optimized with the Yoast SEO plugin v27.4 - https:\/\/yoast.com\/product\/yoast-seo-wordpress\/ -->\n<title>Paddel 50% Carbon verstellbar - SROKA Company - Zubeh\u00f6r SUP<\/title>\n<meta name=\"description\" content=\"Das verstellbare Carbonpaddel (50% Carbon) f\u00fcr Stand UP Paddle ist ein sehr nerv\u00f6ses, leichtes und leichtes Paddel. Erh\u00e4ltlich in verschiedenen Farben.\" \/>\n<meta name=\"robots\" content=\"index, follow, max-snippet:-1, max-image-preview:large, max-video-preview:-1\" \/>\n<link rel=\"canonical\" href=\"https:\/\/srokacompany.com\/de\/produkt\/vario-paddel-50-carbon-fuer-sup-2-teilig\/\" \/>\n<meta property=\"og:locale\" content=\"de_DE\" \/>\n<meta property=\"og:type\" content=\"article\" \/>\n<meta property=\"og:title\" content=\"Paddel 50% Carbon verstellbar - SROKA Company - Zubeh\u00f6r SUP\" \/>\n<meta property=\"og:description\" content=\"Das verstellbare Carbonpaddel (50% Carbon) f\u00fcr Stand UP Paddle ist ein sehr nerv\u00f6ses, leichtes und leichtes Paddel. Erh\u00e4ltlich in verschiedenen Farben.\" \/>\n<meta property=\"og:url\" content=\"https:\/\/srokacompany.com\/de\/produkt\/vario-paddel-50-carbon-fuer-sup-2-teilig\/\" \/>\n<meta property=\"og:site_name\" content=\"SROKA Company\" \/>\n<meta property=\"article:publisher\" content=\"https:\/\/www.facebook.com\/srokawatersports\/\" \/>\n<meta property=\"article:modified_time\" content=\"2025-11-21T16:09:45+00:00\" \/>\n<meta property=\"og:image\" content=\"https:\/\/srokacompany.com\/wp-content\/uploads\/2018\/01\/pagaie-2p-30carbon-global.jpg\" \/>\n\t<meta property=\"og:image:width\" content=\"780\" \/>\n\t<meta property=\"og:image:height\" content=\"1040\" \/>\n\t<meta property=\"og:image:type\" content=\"image\/jpeg\" \/>\n<meta name=\"twitter:label1\" content=\"Gesch\u00e4tzte Lesezeit\" \/>\n\t<meta name=\"twitter:data1\" content=\"1\u00a0Minute\" \/>\n<script type=\"application\/ld+json\" class=\"yoast-schema-graph\">{\"@context\":\"https:\\\/\\\/schema.org\",\"@graph\":[{\"@type\":\"WebPage\",\"@id\":\"https:\\\/\\\/srokacompany.com\\\/de\\\/produkt\\\/vario-paddel-50-carbon-fuer-sup-2-teilig\\\/\",\"url\":\"https:\\\/\\\/srokacompany.com\\\/de\\\/produkt\\\/vario-paddel-50-carbon-fuer-sup-2-teilig\\\/\",\"name\":\"Paddel 50% Carbon verstellbar - SROKA Company - Zubeh\u00f6r SUP\",\"isPartOf\":{\"@id\":\"https:\\\/\\\/srokacompany.com\\\/de\\\/#website\"},\"primaryImageOfPage\":{\"@id\":\"https:\\\/\\\/srokacompany.com\\\/de\\\/produkt\\\/vario-paddel-50-carbon-fuer-sup-2-teilig\\\/#primaryimage\"},\"image\":{\"@id\":\"https:\\\/\\\/srokacompany.com\\\/de\\\/produkt\\\/vario-paddel-50-carbon-fuer-sup-2-teilig\\\/#primaryimage\"},\"thumbnailUrl\":\"https:\\\/\\\/srokacompany.com\\\/wp-content\\\/uploads\\\/2018\\\/01\\\/pagaie-2p-30carbon-global.jpg\",\"datePublished\":\"2018-01-09T17:55:14+00:00\",\"dateModified\":\"2025-11-21T16:09:45+00:00\",\"description\":\"Das verstellbare Carbonpaddel (50% Carbon) f\u00fcr Stand UP Paddle ist ein sehr nerv\u00f6ses, leichtes und leichtes Paddel. Erh\u00e4ltlich in verschiedenen Farben.\",\"breadcrumb\":{\"@id\":\"https:\\\/\\\/srokacompany.com\\\/de\\\/produkt\\\/vario-paddel-50-carbon-fuer-sup-2-teilig\\\/#breadcrumb\"},\"inLanguage\":\"de\",\"potentialAction\":[{\"@type\":\"ReadAction\",\"target\":[\"https:\\\/\\\/srokacompany.com\\\/de\\\/produkt\\\/vario-paddel-50-carbon-fuer-sup-2-teilig\\\/\"]}]},{\"@type\":\"ImageObject\",\"inLanguage\":\"de\",\"@id\":\"https:\\\/\\\/srokacompany.com\\\/de\\\/produkt\\\/vario-paddel-50-carbon-fuer-sup-2-teilig\\\/#primaryimage\",\"url\":\"https:\\\/\\\/srokacompany.com\\\/wp-content\\\/uploads\\\/2018\\\/01\\\/pagaie-2p-30carbon-global.jpg\",\"contentUrl\":\"https:\\\/\\\/srokacompany.com\\\/wp-content\\\/uploads\\\/2018\\\/01\\\/pagaie-2p-30carbon-global.jpg\",\"width\":780,\"height\":1040,\"caption\":\"verstellbares Carbonpaddel f\u00fcr Stand Up Paddle (SUP)\"},{\"@type\":\"BreadcrumbList\",\"@id\":\"https:\\\/\\\/srokacompany.com\\\/de\\\/produkt\\\/vario-paddel-50-carbon-fuer-sup-2-teilig\\\/#breadcrumb\",\"itemListElement\":[{\"@type\":\"ListItem\",\"position\":1,\"name\":\"Accueil\",\"item\":\"https:\\\/\\\/srokacompany.com\\\/de\\\/\"},{\"@type\":\"ListItem\",\"position\":2,\"name\":\"Laden\",\"item\":\"https:\\\/\\\/srokacompany.com\\\/laden\\\/\"},{\"@type\":\"ListItem\",\"position\":3,\"name\":\"Vario-Paddel 50% Carbon f\u00fcr SUP 2-teilig\"}]},{\"@type\":\"WebSite\",\"@id\":\"https:\\\/\\\/srokacompany.com\\\/de\\\/#website\",\"url\":\"https:\\\/\\\/srokacompany.com\\\/de\\\/\",\"name\":\"SROKA Company\",\"description\":\"SUP, Kite, Foil, Wing\",\"publisher\":{\"@id\":\"https:\\\/\\\/srokacompany.com\\\/de\\\/#organization\"},\"potentialAction\":[{\"@type\":\"SearchAction\",\"target\":{\"@type\":\"EntryPoint\",\"urlTemplate\":\"https:\\\/\\\/srokacompany.com\\\/de\\\/?s={search_term_string}\"},\"query-input\":{\"@type\":\"PropertyValueSpecification\",\"valueRequired\":true,\"valueName\":\"search_term_string\"}}],\"inLanguage\":\"de\"},{\"@type\":\"Organization\",\"@id\":\"https:\\\/\\\/srokacompany.com\\\/de\\\/#organization\",\"name\":\"SROKACOMPANY\",\"alternateName\":\"SROKA\",\"url\":\"https:\\\/\\\/srokacompany.com\\\/de\\\/\",\"logo\":{\"@type\":\"ImageObject\",\"inLanguage\":\"de\",\"@id\":\"https:\\\/\\\/srokacompany.com\\\/de\\\/#\\\/schema\\\/logo\\\/image\\\/\",\"url\":\"https:\\\/\\\/srokacompany.com\\\/wp-content\\\/uploads\\\/2021\\\/01\\\/logo-sroka-black-transpa.png\",\"contentUrl\":\"https:\\\/\\\/srokacompany.com\\\/wp-content\\\/uploads\\\/2021\\\/01\\\/logo-sroka-black-transpa.png\",\"width\":1201,\"height\":342,\"caption\":\"SROKACOMPANY\"},\"image\":{\"@id\":\"https:\\\/\\\/srokacompany.com\\\/de\\\/#\\\/schema\\\/logo\\\/image\\\/\"},\"sameAs\":[\"https:\\\/\\\/www.facebook.com\\\/srokawatersports\\\/\",\"https:\\\/\\\/www.instagram.com\\\/srokawatersports\\\/\",\"https:\\\/\\\/www.youtube.com\\\/channel\\\/UCVLHHeaPIm-J5bdEUgxqtZA\"]}]}<\/script>\n<!-- \/ Yoast SEO plugin. -->","yoast_head_json":{"title":"Paddel 50% Carbon verstellbar - SROKA Company - Zubeh\u00f6r SUP","description":"Das verstellbare Carbonpaddel (50% Carbon) f\u00fcr Stand UP Paddle ist ein sehr nerv\u00f6ses, leichtes und leichtes Paddel. Erh\u00e4ltlich in verschiedenen Farben.","robots":{"index":"index","follow":"follow","max-snippet":"max-snippet:-1","max-image-preview":"max-image-preview:large","max-video-preview":"max-video-preview:-1"},"canonical":"https:\/\/srokacompany.com\/de\/produkt\/vario-paddel-50-carbon-fuer-sup-2-teilig\/","og_locale":"de_DE","og_type":"article","og_title":"Paddel 50% Carbon verstellbar - SROKA Company - Zubeh\u00f6r SUP","og_description":"Das verstellbare Carbonpaddel (50% Carbon) f\u00fcr Stand UP Paddle ist ein sehr nerv\u00f6ses, leichtes und leichtes Paddel. Erh\u00e4ltlich in verschiedenen Farben.","og_url":"https:\/\/srokacompany.com\/de\/produkt\/vario-paddel-50-carbon-fuer-sup-2-teilig\/","og_site_name":"SROKA Company","article_publisher":"https:\/\/www.facebook.com\/srokawatersports\/","article_modified_time":"2025-11-21T16:09:45+00:00","og_image":[{"width":780,"height":1040,"url":"https:\/\/srokacompany.com\/wp-content\/uploads\/2018\/01\/pagaie-2p-30carbon-global.jpg","type":"image\/jpeg"}],"twitter_misc":{"Gesch\u00e4tzte Lesezeit":"1\u00a0Minute"},"schema":{"@context":"https:\/\/schema.org","@graph":[{"@type":"WebPage","@id":"https:\/\/srokacompany.com\/de\/produkt\/vario-paddel-50-carbon-fuer-sup-2-teilig\/","url":"https:\/\/srokacompany.com\/de\/produkt\/vario-paddel-50-carbon-fuer-sup-2-teilig\/","name":"Paddel 50% Carbon verstellbar - SROKA Company - Zubeh\u00f6r SUP","isPartOf":{"@id":"https:\/\/srokacompany.com\/de\/#website"},"primaryImageOfPage":{"@id":"https:\/\/srokacompany.com\/de\/produkt\/vario-paddel-50-carbon-fuer-sup-2-teilig\/#primaryimage"},"image":{"@id":"https:\/\/srokacompany.com\/de\/produkt\/vario-paddel-50-carbon-fuer-sup-2-teilig\/#primaryimage"},"thumbnailUrl":"https:\/\/srokacompany.com\/wp-content\/uploads\/2018\/01\/pagaie-2p-30carbon-global.jpg","datePublished":"2018-01-09T17:55:14+00:00","dateModified":"2025-11-21T16:09:45+00:00","description":"Das verstellbare Carbonpaddel (50% Carbon) f\u00fcr Stand UP Paddle ist ein sehr nerv\u00f6ses, leichtes und leichtes Paddel. Erh\u00e4ltlich in verschiedenen Farben.","breadcrumb":{"@id":"https:\/\/srokacompany.com\/de\/produkt\/vario-paddel-50-carbon-fuer-sup-2-teilig\/#breadcrumb"},"inLanguage":"de","potentialAction":[{"@type":"ReadAction","target":["https:\/\/srokacompany.com\/de\/produkt\/vario-paddel-50-carbon-fuer-sup-2-teilig\/"]}]},{"@type":"ImageObject","inLanguage":"de","@id":"https:\/\/srokacompany.com\/de\/produkt\/vario-paddel-50-carbon-fuer-sup-2-teilig\/#primaryimage","url":"https:\/\/srokacompany.com\/wp-content\/uploads\/2018\/01\/pagaie-2p-30carbon-global.jpg","contentUrl":"https:\/\/srokacompany.com\/wp-content\/uploads\/2018\/01\/pagaie-2p-30carbon-global.jpg","width":780,"height":1040,"caption":"verstellbares Carbonpaddel f\u00fcr Stand Up Paddle (SUP)"},{"@type":"BreadcrumbList","@id":"https:\/\/srokacompany.com\/de\/produkt\/vario-paddel-50-carbon-fuer-sup-2-teilig\/#breadcrumb","itemListElement":[{"@type":"ListItem","position":1,"name":"Accueil","item":"https:\/\/srokacompany.com\/de\/"},{"@type":"ListItem","position":2,"name":"Laden","item":"https:\/\/srokacompany.com\/laden\/"},{"@type":"ListItem","position":3,"name":"Vario-Paddel 50% Carbon f\u00fcr SUP 2-teilig"}]},{"@type":"WebSite","@id":"https:\/\/srokacompany.com\/de\/#website","url":"https:\/\/srokacompany.com\/de\/","name":"SROKA Company","description":"SUP, Kite, Foil, Wing","publisher":{"@id":"https:\/\/srokacompany.com\/de\/#organization"},"potentialAction":[{"@type":"SearchAction","target":{"@type":"EntryPoint","urlTemplate":"https:\/\/srokacompany.com\/de\/?s={search_term_string}"},"query-input":{"@type":"PropertyValueSpecification","valueRequired":true,"valueName":"search_term_string"}}],"inLanguage":"de"},{"@type":"Organization","@id":"https:\/\/srokacompany.com\/de\/#organization","name":"SROKACOMPANY","alternateName":"SROKA","url":"https:\/\/srokacompany.com\/de\/","logo":{"@type":"ImageObject","inLanguage":"de","@id":"https:\/\/srokacompany.com\/de\/#\/schema\/logo\/image\/","url":"https:\/\/srokacompany.com\/wp-content\/uploads\/2021\/01\/logo-sroka-black-transpa.png","contentUrl":"https:\/\/srokacompany.com\/wp-content\/uploads\/2021\/01\/logo-sroka-black-transpa.png","width":1201,"height":342,"caption":"SROKACOMPANY"},"image":{"@id":"https:\/\/srokacompany.com\/de\/#\/schema\/logo\/image\/"},"sameAs":["https:\/\/www.facebook.com\/srokawatersports\/","https:\/\/www.instagram.com\/srokawatersports\/","https:\/\/www.youtube.com\/channel\/UCVLHHeaPIm-J5bdEUgxqtZA"]}]}},"uagb_featured_image_src":{"full":["https:\/\/srokacompany.com\/wp-content\/uploads\/2018\/01\/pagaie-2p-30carbon-global.jpg",780,1040,false],"thumbnail":["https:\/\/srokacompany.com\/wp-content\/uploads\/2018\/01\/pagaie-2p-30carbon-global-150x150.jpg",150,150,true],"medium":["https:\/\/srokacompany.com\/wp-content\/uploads\/2018\/01\/pagaie-2p-30carbon-global-225x300.jpg",225,300,true],"medium_large":["https:\/\/srokacompany.com\/wp-content\/uploads\/2018\/01\/pagaie-2p-30carbon-global-768x1024.jpg",768,1024,true],"large":["https:\/\/srokacompany.com\/wp-content\/uploads\/2018\/01\/pagaie-2p-30carbon-global-768x1024.jpg",768,1024,true],"1536x1536":["https:\/\/srokacompany.com\/wp-content\/uploads\/2018\/01\/pagaie-2p-30carbon-global.jpg",780,1040,false],"2048x2048":["https:\/\/srokacompany.com\/wp-content\/uploads\/2018\/01\/pagaie-2p-30carbon-global.jpg",780,1040,false],"woocommerce_thumbnail":["https:\/\/srokacompany.com\/wp-content\/uploads\/2018\/01\/pagaie-2p-30carbon-global-600x800.jpg",600,800,true],"woocommerce_single":["https:\/\/srokacompany.com\/wp-content\/uploads\/2018\/01\/pagaie-2p-30carbon-global-600x800.jpg",600,800,true],"woocommerce_gallery_thumbnail":["https:\/\/srokacompany.com\/wp-content\/uploads\/2018\/01\/pagaie-2p-30carbon-global-100x100.jpg",100,100,true],"dgwt-wcas-product-suggestion":["https:\/\/srokacompany.com\/wp-content\/uploads\/2018\/01\/pagaie-2p-30carbon-global.jpg",64,85,false]},"uagb_author_info":{"display_name":"Bruno Sroka","author_link":"https:\/\/srokacompany.com\/de\/blog\/author\/"},"uagb_comment_info":0,"uagb_excerpt":"Eines der leichtesten, leistungsf\u00e4higsten und erschwinglichsten einstellbaren Paddel auf dem Markt f\u00fcr Stand Up Paddling.","jetpack_sharing_enabled":true,"_links":{"self":[{"href":"https:\/\/srokacompany.com\/de\/wp-json\/wp\/v2\/product\/346347","targetHints":{"allow":["GET"]}}],"collection":[{"href":"https:\/\/srokacompany.com\/de\/wp-json\/wp\/v2\/product"}],"about":[{"href":"https:\/\/srokacompany.com\/de\/wp-json\/wp\/v2\/types\/product"}],"wp:featuredmedia":[{"embeddable":true,"href":"https:\/\/srokacompany.com\/de\/wp-json\/wp\/v2\/media\/346348"}],"wp:attachment":[{"href":"https:\/\/srokacompany.com\/de\/wp-json\/wp\/v2\/media?parent=346347"}],"wp:term":[{"taxonomy":"product_brand","embeddable":true,"href":"https:\/\/srokacompany.com\/de\/wp-json\/wp\/v2\/product_brand?post=346347"},{"taxonomy":"product_cat","embeddable":true,"href":"https:\/\/srokacompany.com\/de\/wp-json\/wp\/v2\/product_cat?post=346347"},{"taxonomy":"product_tag","embeddable":true,"href":"https:\/\/srokacompany.com\/de\/wp-json\/wp\/v2\/product_tag?post=346347"}],"curies":[{"name":"wp","href":"https:\/\/api.w.org\/{rel}","templated":true}]}}