{"id":346372,"date":"2018-01-10T05:33:12","date_gmt":"2018-01-10T05:33:12","guid":{"rendered":"https:\/\/srokacompany.com\/produit\/verstellbares-paddel-50-carbon-blasser-kunststoff-2-oder-3-teilig\/"},"modified":"2025-06-27T00:06:30","modified_gmt":"2025-06-26T22:06:30","slug":"verstellbares-paddel-50-carbon-blasser-kunststoff-2-oder-3-teilig","status":"publish","type":"product","link":"https:\/\/srokacompany.com\/de\/produkt\/verstellbares-paddel-50-carbon-blasser-kunststoff-2-oder-3-teilig\/","title":{"rendered":"Verstellbares Paddel 50% Carbon, blasser Kunststoff, 2- oder 3-teilig"},"content":{"rendered":"<hr>\n<h1><strong>Paddel SUP verstellbarer Schaft 50% Carbon und blasser Kunststoff in 2 oder 3 Teilen<\/strong><\/h1>\n<p>Dieses <strong><a href=\"https:\/\/srokacompany.com\/de\/eshop\/paddel-paddeln\/\">Paddel f\u00fcr SUP<\/a> (stand up paddle) verstellbar 50% Carbon Vario, blass Kunststoff 2-3 Teile<\/strong> besteht aus einem Schaft, der zu 50% aus Carbon besteht, um leichter und flexibler zu sein. Die Klinge aus Faser und Kunststoff im Carbon-Design ist angenehm, leicht und vor allem widerstandsf\u00e4hig. Es ist ideal f\u00fcr die ersten Ruderschl\u00e4ge und in 2 Teilen (verstellbar) oder 3 Teilen (verstellbar und abnehmbar) f\u00fcr eine einfache Verwendung erh\u00e4ltlich. Dank des Verstellsystems ist es m\u00f6glich, die L\u00e4nge des Paddels einzustellen. Mit wenigen Handgriffen l\u00e4sst sich die Gr\u00f6\u00dfe nach Ihren W\u00fcnschen anpassen. Dieses Paddel aus 50 % Carbon ist von 171 bis 213 cm L\u00e4nge verstellbar und sein Blatt misst 19 cm.<\/p>\n<p><strong>Entdecken Sie unser gesamtes Angebot an Stand up Paddle :  <\/strong><\/p>\n<ul>\n<li><a href=\"https:\/\/srokacompany.com\/de\/eshop\/aufblasbare-paddel\/\">Malibus<\/a> f\u00fcr die Familie<\/li>\n<li>Alphas f\u00fcr das Abenteuer<\/li>\n<li>Das einzigartige Design der <a href=\"https:\/\/srokacompany.com\/de\/produkt\/aufblasbares-paddel-frau-girly-fusion\/\">Girly <\/a> <\/li>\n<li>Erste Preise mit Sroka-Qualit\u00e4t: die <a href=\"https:\/\/srokacompany.com\/de\/produkt\/easy-116-gebraucht\/\">Easy-Reihe<\/a><\/li>\n<li><a href=\"https:\/\/srokacompany.com\/de\/eshop\/paddle-zubehor\/\">Alle unsere Zubeh\u00f6rteile  <\/a><\/li>\n<\/ul>\n","protected":false},"excerpt":{"rendered":"<p>Dieses <strong><a href=\"https:\/\/srokacompany.com\/de\/eshop\/paddel-paddeln\/\">Paddel f\u00fcr SUP<\/a> (stand up paddle) verstellbar 50% Carbon Vario, blass Kunststoff 2-3 Teile<\/strong> besteht aus einem Schaft, der zu 50% aus Carbon besteht, um leichter und flexibler zu sein.<\/p>\n","protected":false},"featured_media":346374,"template":"","meta":{"_acf_changed":false,"_uag_custom_page_level_css":""},"product_brand":[],"product_cat":[3794,3578],"product_tag":[],"class_list":{"0":"post-346372","1":"product","2":"type-product","3":"status-publish","4":"has-post-thumbnail","6":"product_cat-paddel-paddeln","7":"product_cat-paddle-zubehor","9":"first","10":"instock","11":"taxable","12":"shipping-taxable","13":"purchasable","14":"product-type-variable"},"acf":[],"yoast_head":"<!-- This site is optimized with the Yoast SEO plugin v27.4 - https:\/\/yoast.com\/product\/yoast-seo-wordpress\/ -->\n<title>Paddel SUP verstellbar 50% Carbon vario, Kunststoffblatt 2-3 teilig<\/title>\n<meta name=\"description\" content=\"Dieses verstellbare Sroka Company Paddel von SUP 50% Carbon, Kunststoffblatt ist als 2- oder 3-teiliges Paddel erh\u00e4ltlich. Leistung zum besten Preis.\" \/>\n<meta name=\"robots\" content=\"index, follow, max-snippet:-1, max-image-preview:large, max-video-preview:-1\" \/>\n<link rel=\"canonical\" href=\"https:\/\/srokacompany.com\/de\/produkt\/verstellbares-paddel-50-carbon-blasser-kunststoff-2-oder-3-teilig\/\" \/>\n<meta property=\"og:locale\" content=\"de_DE\" \/>\n<meta property=\"og:type\" content=\"article\" \/>\n<meta property=\"og:title\" content=\"Paddel SUP verstellbar 50% Carbon vario, Kunststoffblatt 2-3 teilig\" \/>\n<meta property=\"og:description\" content=\"Dieses verstellbare Sroka Company Paddel von SUP 50% Carbon, Kunststoffblatt ist als 2- oder 3-teiliges Paddel erh\u00e4ltlich. Leistung zum besten Preis.\" \/>\n<meta property=\"og:url\" content=\"https:\/\/srokacompany.com\/de\/produkt\/verstellbares-paddel-50-carbon-blasser-kunststoff-2-oder-3-teilig\/\" \/>\n<meta property=\"og:site_name\" content=\"SROKA Company\" \/>\n<meta property=\"article:publisher\" content=\"https:\/\/www.facebook.com\/srokawatersports\/\" \/>\n<meta property=\"article:modified_time\" content=\"2025-06-26T22:06:30+00:00\" \/>\n<meta property=\"og:image\" content=\"https:\/\/srokacompany.com\/wp-content\/uploads\/2018\/01\/50-carbone-plastic-1.jpg\" \/>\n\t<meta property=\"og:image:width\" content=\"780\" \/>\n\t<meta property=\"og:image:height\" content=\"1040\" \/>\n\t<meta property=\"og:image:type\" content=\"image\/jpeg\" \/>\n<meta name=\"twitter:label1\" content=\"Gesch\u00e4tzte Lesezeit\" \/>\n\t<meta name=\"twitter:data1\" content=\"1\u00a0Minute\" \/>\n<script type=\"application\/ld+json\" class=\"yoast-schema-graph\">{\"@context\":\"https:\\\/\\\/schema.org\",\"@graph\":[{\"@type\":\"WebPage\",\"@id\":\"https:\\\/\\\/srokacompany.com\\\/de\\\/produkt\\\/verstellbares-paddel-50-carbon-blasser-kunststoff-2-oder-3-teilig\\\/\",\"url\":\"https:\\\/\\\/srokacompany.com\\\/de\\\/produkt\\\/verstellbares-paddel-50-carbon-blasser-kunststoff-2-oder-3-teilig\\\/\",\"name\":\"Paddel SUP verstellbar 50% Carbon vario, Kunststoffblatt 2-3 teilig\",\"isPartOf\":{\"@id\":\"https:\\\/\\\/srokacompany.com\\\/de\\\/#website\"},\"primaryImageOfPage\":{\"@id\":\"https:\\\/\\\/srokacompany.com\\\/de\\\/produkt\\\/verstellbares-paddel-50-carbon-blasser-kunststoff-2-oder-3-teilig\\\/#primaryimage\"},\"image\":{\"@id\":\"https:\\\/\\\/srokacompany.com\\\/de\\\/produkt\\\/verstellbares-paddel-50-carbon-blasser-kunststoff-2-oder-3-teilig\\\/#primaryimage\"},\"thumbnailUrl\":\"https:\\\/\\\/srokacompany.com\\\/wp-content\\\/uploads\\\/2018\\\/01\\\/50-carbone-plastic-1.jpg\",\"datePublished\":\"2018-01-10T05:33:12+00:00\",\"dateModified\":\"2025-06-26T22:06:30+00:00\",\"description\":\"Dieses verstellbare Sroka Company Paddel von SUP 50% Carbon, Kunststoffblatt ist als 2- oder 3-teiliges Paddel erh\u00e4ltlich. Leistung zum besten Preis.\",\"breadcrumb\":{\"@id\":\"https:\\\/\\\/srokacompany.com\\\/de\\\/produkt\\\/verstellbares-paddel-50-carbon-blasser-kunststoff-2-oder-3-teilig\\\/#breadcrumb\"},\"inLanguage\":\"de\",\"potentialAction\":[{\"@type\":\"ReadAction\",\"target\":[\"https:\\\/\\\/srokacompany.com\\\/de\\\/produkt\\\/verstellbares-paddel-50-carbon-blasser-kunststoff-2-oder-3-teilig\\\/\"]}]},{\"@type\":\"ImageObject\",\"inLanguage\":\"de\",\"@id\":\"https:\\\/\\\/srokacompany.com\\\/de\\\/produkt\\\/verstellbares-paddel-50-carbon-blasser-kunststoff-2-oder-3-teilig\\\/#primaryimage\",\"url\":\"https:\\\/\\\/srokacompany.com\\\/wp-content\\\/uploads\\\/2018\\\/01\\\/50-carbone-plastic-1.jpg\",\"contentUrl\":\"https:\\\/\\\/srokacompany.com\\\/wp-content\\\/uploads\\\/2018\\\/01\\\/50-carbone-plastic-1.jpg\",\"width\":780,\"height\":1040,\"caption\":\"Paddel f\u00fcr SUP Stand Up Paddle Sroka aus Carbon\"},{\"@type\":\"BreadcrumbList\",\"@id\":\"https:\\\/\\\/srokacompany.com\\\/de\\\/produkt\\\/verstellbares-paddel-50-carbon-blasser-kunststoff-2-oder-3-teilig\\\/#breadcrumb\",\"itemListElement\":[{\"@type\":\"ListItem\",\"position\":1,\"name\":\"Accueil\",\"item\":\"https:\\\/\\\/srokacompany.com\\\/de\\\/\"},{\"@type\":\"ListItem\",\"position\":2,\"name\":\"Laden\",\"item\":\"https:\\\/\\\/srokacompany.com\\\/laden\\\/\"},{\"@type\":\"ListItem\",\"position\":3,\"name\":\"Verstellbares Paddel 50% Carbon, blasser Kunststoff, 2- oder 3-teilig\"}]},{\"@type\":\"WebSite\",\"@id\":\"https:\\\/\\\/srokacompany.com\\\/de\\\/#website\",\"url\":\"https:\\\/\\\/srokacompany.com\\\/de\\\/\",\"name\":\"SROKA Company\",\"description\":\"SUP, Kite, Foil, Wing\",\"publisher\":{\"@id\":\"https:\\\/\\\/srokacompany.com\\\/de\\\/#organization\"},\"potentialAction\":[{\"@type\":\"SearchAction\",\"target\":{\"@type\":\"EntryPoint\",\"urlTemplate\":\"https:\\\/\\\/srokacompany.com\\\/de\\\/?s={search_term_string}\"},\"query-input\":{\"@type\":\"PropertyValueSpecification\",\"valueRequired\":true,\"valueName\":\"search_term_string\"}}],\"inLanguage\":\"de\"},{\"@type\":\"Organization\",\"@id\":\"https:\\\/\\\/srokacompany.com\\\/de\\\/#organization\",\"name\":\"SROKACOMPANY\",\"alternateName\":\"SROKA\",\"url\":\"https:\\\/\\\/srokacompany.com\\\/de\\\/\",\"logo\":{\"@type\":\"ImageObject\",\"inLanguage\":\"de\",\"@id\":\"https:\\\/\\\/srokacompany.com\\\/de\\\/#\\\/schema\\\/logo\\\/image\\\/\",\"url\":\"https:\\\/\\\/srokacompany.com\\\/wp-content\\\/uploads\\\/2021\\\/01\\\/logo-sroka-black-transpa.png\",\"contentUrl\":\"https:\\\/\\\/srokacompany.com\\\/wp-content\\\/uploads\\\/2021\\\/01\\\/logo-sroka-black-transpa.png\",\"width\":1201,\"height\":342,\"caption\":\"SROKACOMPANY\"},\"image\":{\"@id\":\"https:\\\/\\\/srokacompany.com\\\/de\\\/#\\\/schema\\\/logo\\\/image\\\/\"},\"sameAs\":[\"https:\\\/\\\/www.facebook.com\\\/srokawatersports\\\/\",\"https:\\\/\\\/www.instagram.com\\\/srokawatersports\\\/\",\"https:\\\/\\\/www.youtube.com\\\/channel\\\/UCVLHHeaPIm-J5bdEUgxqtZA\"]}]}<\/script>\n<!-- \/ Yoast SEO plugin. -->","yoast_head_json":{"title":"Paddel SUP verstellbar 50% Carbon vario, Kunststoffblatt 2-3 teilig","description":"Dieses verstellbare Sroka Company Paddel von SUP 50% Carbon, Kunststoffblatt ist als 2- oder 3-teiliges Paddel erh\u00e4ltlich. Leistung zum besten Preis.","robots":{"index":"index","follow":"follow","max-snippet":"max-snippet:-1","max-image-preview":"max-image-preview:large","max-video-preview":"max-video-preview:-1"},"canonical":"https:\/\/srokacompany.com\/de\/produkt\/verstellbares-paddel-50-carbon-blasser-kunststoff-2-oder-3-teilig\/","og_locale":"de_DE","og_type":"article","og_title":"Paddel SUP verstellbar 50% Carbon vario, Kunststoffblatt 2-3 teilig","og_description":"Dieses verstellbare Sroka Company Paddel von SUP 50% Carbon, Kunststoffblatt ist als 2- oder 3-teiliges Paddel erh\u00e4ltlich. Leistung zum besten Preis.","og_url":"https:\/\/srokacompany.com\/de\/produkt\/verstellbares-paddel-50-carbon-blasser-kunststoff-2-oder-3-teilig\/","og_site_name":"SROKA Company","article_publisher":"https:\/\/www.facebook.com\/srokawatersports\/","article_modified_time":"2025-06-26T22:06:30+00:00","og_image":[{"width":780,"height":1040,"url":"https:\/\/srokacompany.com\/wp-content\/uploads\/2018\/01\/50-carbone-plastic-1.jpg","type":"image\/jpeg"}],"twitter_misc":{"Gesch\u00e4tzte Lesezeit":"1\u00a0Minute"},"schema":{"@context":"https:\/\/schema.org","@graph":[{"@type":"WebPage","@id":"https:\/\/srokacompany.com\/de\/produkt\/verstellbares-paddel-50-carbon-blasser-kunststoff-2-oder-3-teilig\/","url":"https:\/\/srokacompany.com\/de\/produkt\/verstellbares-paddel-50-carbon-blasser-kunststoff-2-oder-3-teilig\/","name":"Paddel SUP verstellbar 50% Carbon vario, Kunststoffblatt 2-3 teilig","isPartOf":{"@id":"https:\/\/srokacompany.com\/de\/#website"},"primaryImageOfPage":{"@id":"https:\/\/srokacompany.com\/de\/produkt\/verstellbares-paddel-50-carbon-blasser-kunststoff-2-oder-3-teilig\/#primaryimage"},"image":{"@id":"https:\/\/srokacompany.com\/de\/produkt\/verstellbares-paddel-50-carbon-blasser-kunststoff-2-oder-3-teilig\/#primaryimage"},"thumbnailUrl":"https:\/\/srokacompany.com\/wp-content\/uploads\/2018\/01\/50-carbone-plastic-1.jpg","datePublished":"2018-01-10T05:33:12+00:00","dateModified":"2025-06-26T22:06:30+00:00","description":"Dieses verstellbare Sroka Company Paddel von SUP 50% Carbon, Kunststoffblatt ist als 2- oder 3-teiliges Paddel erh\u00e4ltlich. Leistung zum besten Preis.","breadcrumb":{"@id":"https:\/\/srokacompany.com\/de\/produkt\/verstellbares-paddel-50-carbon-blasser-kunststoff-2-oder-3-teilig\/#breadcrumb"},"inLanguage":"de","potentialAction":[{"@type":"ReadAction","target":["https:\/\/srokacompany.com\/de\/produkt\/verstellbares-paddel-50-carbon-blasser-kunststoff-2-oder-3-teilig\/"]}]},{"@type":"ImageObject","inLanguage":"de","@id":"https:\/\/srokacompany.com\/de\/produkt\/verstellbares-paddel-50-carbon-blasser-kunststoff-2-oder-3-teilig\/#primaryimage","url":"https:\/\/srokacompany.com\/wp-content\/uploads\/2018\/01\/50-carbone-plastic-1.jpg","contentUrl":"https:\/\/srokacompany.com\/wp-content\/uploads\/2018\/01\/50-carbone-plastic-1.jpg","width":780,"height":1040,"caption":"Paddel f\u00fcr SUP Stand Up Paddle Sroka aus Carbon"},{"@type":"BreadcrumbList","@id":"https:\/\/srokacompany.com\/de\/produkt\/verstellbares-paddel-50-carbon-blasser-kunststoff-2-oder-3-teilig\/#breadcrumb","itemListElement":[{"@type":"ListItem","position":1,"name":"Accueil","item":"https:\/\/srokacompany.com\/de\/"},{"@type":"ListItem","position":2,"name":"Laden","item":"https:\/\/srokacompany.com\/laden\/"},{"@type":"ListItem","position":3,"name":"Verstellbares Paddel 50% Carbon, blasser Kunststoff, 2- oder 3-teilig"}]},{"@type":"WebSite","@id":"https:\/\/srokacompany.com\/de\/#website","url":"https:\/\/srokacompany.com\/de\/","name":"SROKA Company","description":"SUP, Kite, Foil, Wing","publisher":{"@id":"https:\/\/srokacompany.com\/de\/#organization"},"potentialAction":[{"@type":"SearchAction","target":{"@type":"EntryPoint","urlTemplate":"https:\/\/srokacompany.com\/de\/?s={search_term_string}"},"query-input":{"@type":"PropertyValueSpecification","valueRequired":true,"valueName":"search_term_string"}}],"inLanguage":"de"},{"@type":"Organization","@id":"https:\/\/srokacompany.com\/de\/#organization","name":"SROKACOMPANY","alternateName":"SROKA","url":"https:\/\/srokacompany.com\/de\/","logo":{"@type":"ImageObject","inLanguage":"de","@id":"https:\/\/srokacompany.com\/de\/#\/schema\/logo\/image\/","url":"https:\/\/srokacompany.com\/wp-content\/uploads\/2021\/01\/logo-sroka-black-transpa.png","contentUrl":"https:\/\/srokacompany.com\/wp-content\/uploads\/2021\/01\/logo-sroka-black-transpa.png","width":1201,"height":342,"caption":"SROKACOMPANY"},"image":{"@id":"https:\/\/srokacompany.com\/de\/#\/schema\/logo\/image\/"},"sameAs":["https:\/\/www.facebook.com\/srokawatersports\/","https:\/\/www.instagram.com\/srokawatersports\/","https:\/\/www.youtube.com\/channel\/UCVLHHeaPIm-J5bdEUgxqtZA"]}]}},"uagb_featured_image_src":{"full":["https:\/\/srokacompany.com\/wp-content\/uploads\/2018\/01\/50-carbone-plastic-1.jpg",780,1040,false],"thumbnail":["https:\/\/srokacompany.com\/wp-content\/uploads\/2018\/01\/50-carbone-plastic-1-150x150.jpg",150,150,true],"medium":["https:\/\/srokacompany.com\/wp-content\/uploads\/2018\/01\/50-carbone-plastic-1-225x300.jpg",225,300,true],"medium_large":["https:\/\/srokacompany.com\/wp-content\/uploads\/2018\/01\/50-carbone-plastic-1-768x1024.jpg",768,1024,true],"large":["https:\/\/srokacompany.com\/wp-content\/uploads\/2018\/01\/50-carbone-plastic-1-768x1024.jpg",768,1024,true],"1536x1536":["https:\/\/srokacompany.com\/wp-content\/uploads\/2018\/01\/50-carbone-plastic-1.jpg",780,1040,false],"2048x2048":["https:\/\/srokacompany.com\/wp-content\/uploads\/2018\/01\/50-carbone-plastic-1.jpg",780,1040,false],"woocommerce_thumbnail":["https:\/\/srokacompany.com\/wp-content\/uploads\/2018\/01\/50-carbone-plastic-1-600x800.jpg",600,800,true],"woocommerce_single":["https:\/\/srokacompany.com\/wp-content\/uploads\/2018\/01\/50-carbone-plastic-1-600x800.jpg",600,800,true],"woocommerce_gallery_thumbnail":["https:\/\/srokacompany.com\/wp-content\/uploads\/2018\/01\/50-carbone-plastic-1-100x100.jpg",100,100,true],"dgwt-wcas-product-suggestion":["https:\/\/srokacompany.com\/wp-content\/uploads\/2018\/01\/50-carbone-plastic-1.jpg",64,85,false]},"uagb_author_info":{"display_name":"Bruno Sroka","author_link":"https:\/\/srokacompany.com\/de\/blog\/author\/"},"uagb_comment_info":0,"uagb_excerpt":"Dieses Paddel f\u00fcr SUP (stand up paddle) verstellbar 50% Carbon Vario, blass Kunststoff 2-3 Teile besteht aus einem Schaft, der zu 50% aus Carbon besteht, um leichter und flexibler zu sein.","jetpack_sharing_enabled":true,"_links":{"self":[{"href":"https:\/\/srokacompany.com\/de\/wp-json\/wp\/v2\/product\/346372","targetHints":{"allow":["GET"]}}],"collection":[{"href":"https:\/\/srokacompany.com\/de\/wp-json\/wp\/v2\/product"}],"about":[{"href":"https:\/\/srokacompany.com\/de\/wp-json\/wp\/v2\/types\/product"}],"wp:featuredmedia":[{"embeddable":true,"href":"https:\/\/srokacompany.com\/de\/wp-json\/wp\/v2\/media\/346374"}],"wp:attachment":[{"href":"https:\/\/srokacompany.com\/de\/wp-json\/wp\/v2\/media?parent=346372"}],"wp:term":[{"taxonomy":"product_brand","embeddable":true,"href":"https:\/\/srokacompany.com\/de\/wp-json\/wp\/v2\/product_brand?post=346372"},{"taxonomy":"product_cat","embeddable":true,"href":"https:\/\/srokacompany.com\/de\/wp-json\/wp\/v2\/product_cat?post=346372"},{"taxonomy":"product_tag","embeddable":true,"href":"https:\/\/srokacompany.com\/de\/wp-json\/wp\/v2\/product_tag?post=346372"}],"curies":[{"name":"wp","href":"https:\/\/api.w.org\/{rel}","templated":true}]}}