{"id":346439,"date":"2018-01-10T06:20:50","date_gmt":"2018-01-10T06:20:50","guid":{"rendered":"https:\/\/srokacompany.com\/produit\/2-oder-3-teiliges-verstellbares-aluminiumpaddel\/"},"modified":"2025-11-21T18:09:27","modified_gmt":"2025-11-21T16:09:27","slug":"2-oder-3-teiliges-verstellbares-aluminiumpaddel","status":"publish","type":"product","link":"https:\/\/srokacompany.com\/de\/produkt\/2-oder-3-teiliges-verstellbares-aluminiumpaddel\/","title":{"rendered":"2- oder 3-teiliges verstellbares Aluminiumpaddel"},"content":{"rendered":"<hr>\n<p class=\"p1\"><span class=\"s1\">Der Schaft dieses <a href=\"https:\/\/srokacompany.com\/de\/eshop\/paddel-paddeln\/\">Paddelpaddels<\/a> besteht aus eloxiertem Aluminium, um die Festigkeit zu maximieren. Das kleine, mit Fasern gef\u00fcllte Blatt verleiht Ihnen Leichtigkeit und Solidit\u00e4t, damit Sie die Freuden des Paddelns leicht entdecken k\u00f6nnen. Erh\u00e4ltlich in 2 Teilen (verstellbar) oder 3 Teilen (verstellbar und abnehmbar) f\u00fcr mehr Komfort. Dieses Aluminiumpaddel ist von 173 bis 214 cm L\u00e4nge verstellbar und seine Klinge misst 18 cm.<\/span><\/p>\n","protected":false},"excerpt":{"rendered":"<hr>\n<p class=\"p1\"><span class=\"s1\">Der Schaft dieses <a href=\"https:\/\/srokacompany.com\/de\/eshop\/paddel-paddeln\/\">Paddelpaddels<\/a> besteht aus eloxiertem Aluminium, um die Festigkeit zu maximieren. Das kleine, mit Fasern gef\u00fcllte Blatt verleiht Ihnen Leichtigkeit und Solidit\u00e4t, damit Sie die Freuden des Paddelns leicht entdecken k\u00f6nnen. Erh\u00e4ltlich in 2 Teilen (verstellbar) oder 3 Teilen (verstellbar und abnehmbar) f\u00fcr mehr Komfort. Dieses Aluminiumpaddel ist von 173 bis 214 cm L\u00e4nge verstellbar und seine Klinge misst 18 cm.<\/span><\/p>\n","protected":false},"featured_media":346447,"template":"","meta":{"_acf_changed":false,"_uag_custom_page_level_css":""},"product_brand":[],"product_cat":[3620,3794,3578,4258],"product_tag":[],"class_list":{"0":"post-346439","1":"product","2":"type-product","3":"status-publish","4":"has-post-thumbnail","6":"product_cat-aufblasbare-paddel","7":"product_cat-paddel-paddeln","8":"product_cat-paddle-zubehor","9":"product_cat-schwarzer-freitag","10":"product_shipping_class-paddel-1-und-2-teile","12":"first","13":"instock","14":"sale","15":"taxable","16":"shipping-taxable","17":"purchasable","18":"product-type-variable"},"acf":[],"yoast_head":"<!-- This site is optimized with the Yoast SEO plugin v27.4 - https:\/\/yoast.com\/product\/yoast-seo-wordpress\/ -->\n<title>2- oder 3-teiliges verstellbares Aluminiumpaddel - SROKA Company<\/title>\n<meta name=\"description\" content=\"Verstellbares Paddel Eloxiertes Aluminium, um die Festigkeit zu maximieren. Das kleine, fasergef\u00fcllte Blatt verleiht Ihnen mehr Leichtigkeit und Festigkeit.\" \/>\n<meta name=\"robots\" content=\"index, follow, max-snippet:-1, max-image-preview:large, max-video-preview:-1\" \/>\n<link rel=\"canonical\" href=\"https:\/\/srokacompany.com\/de\/produkt\/2-oder-3-teiliges-verstellbares-aluminiumpaddel\/\" \/>\n<meta property=\"og:locale\" content=\"de_DE\" \/>\n<meta property=\"og:type\" content=\"article\" \/>\n<meta property=\"og:title\" content=\"2- oder 3-teiliges verstellbares Aluminiumpaddel - SROKA Company\" \/>\n<meta property=\"og:description\" content=\"Verstellbares Paddel Eloxiertes Aluminium, um die Festigkeit zu maximieren. Das kleine, fasergef\u00fcllte Blatt verleiht Ihnen mehr Leichtigkeit und Festigkeit.\" \/>\n<meta property=\"og:url\" content=\"https:\/\/srokacompany.com\/de\/produkt\/2-oder-3-teiliges-verstellbares-aluminiumpaddel\/\" \/>\n<meta property=\"og:site_name\" content=\"SROKA Company\" \/>\n<meta property=\"article:publisher\" content=\"https:\/\/www.facebook.com\/srokawatersports\/\" \/>\n<meta property=\"article:modified_time\" content=\"2025-11-21T16:09:27+00:00\" \/>\n<meta property=\"og:image\" content=\"https:\/\/srokacompany.com\/wp-content\/uploads\/2018\/01\/pagaie-SUP-aluminium.jpg\" \/>\n\t<meta property=\"og:image:width\" content=\"780\" \/>\n\t<meta property=\"og:image:height\" content=\"1040\" \/>\n\t<meta property=\"og:image:type\" content=\"image\/jpeg\" \/>\n<script type=\"application\/ld+json\" class=\"yoast-schema-graph\">{\"@context\":\"https:\\\/\\\/schema.org\",\"@graph\":[{\"@type\":\"WebPage\",\"@id\":\"https:\\\/\\\/srokacompany.com\\\/de\\\/produkt\\\/2-oder-3-teiliges-verstellbares-aluminiumpaddel\\\/\",\"url\":\"https:\\\/\\\/srokacompany.com\\\/de\\\/produkt\\\/2-oder-3-teiliges-verstellbares-aluminiumpaddel\\\/\",\"name\":\"2- oder 3-teiliges verstellbares Aluminiumpaddel - SROKA Company\",\"isPartOf\":{\"@id\":\"https:\\\/\\\/srokacompany.com\\\/de\\\/#website\"},\"primaryImageOfPage\":{\"@id\":\"https:\\\/\\\/srokacompany.com\\\/de\\\/produkt\\\/2-oder-3-teiliges-verstellbares-aluminiumpaddel\\\/#primaryimage\"},\"image\":{\"@id\":\"https:\\\/\\\/srokacompany.com\\\/de\\\/produkt\\\/2-oder-3-teiliges-verstellbares-aluminiumpaddel\\\/#primaryimage\"},\"thumbnailUrl\":\"https:\\\/\\\/srokacompany.com\\\/wp-content\\\/uploads\\\/2018\\\/01\\\/pagaie-SUP-aluminium.jpg\",\"datePublished\":\"2018-01-10T06:20:50+00:00\",\"dateModified\":\"2025-11-21T16:09:27+00:00\",\"description\":\"Verstellbares Paddel Eloxiertes Aluminium, um die Festigkeit zu maximieren. Das kleine, fasergef\u00fcllte Blatt verleiht Ihnen mehr Leichtigkeit und Festigkeit.\",\"breadcrumb\":{\"@id\":\"https:\\\/\\\/srokacompany.com\\\/de\\\/produkt\\\/2-oder-3-teiliges-verstellbares-aluminiumpaddel\\\/#breadcrumb\"},\"inLanguage\":\"de\",\"potentialAction\":[{\"@type\":\"ReadAction\",\"target\":[\"https:\\\/\\\/srokacompany.com\\\/de\\\/produkt\\\/2-oder-3-teiliges-verstellbares-aluminiumpaddel\\\/\"]}]},{\"@type\":\"ImageObject\",\"inLanguage\":\"de\",\"@id\":\"https:\\\/\\\/srokacompany.com\\\/de\\\/produkt\\\/2-oder-3-teiliges-verstellbares-aluminiumpaddel\\\/#primaryimage\",\"url\":\"https:\\\/\\\/srokacompany.com\\\/wp-content\\\/uploads\\\/2018\\\/01\\\/pagaie-SUP-aluminium.jpg\",\"contentUrl\":\"https:\\\/\\\/srokacompany.com\\\/wp-content\\\/uploads\\\/2018\\\/01\\\/pagaie-SUP-aluminium.jpg\",\"width\":780,\"height\":1040,\"caption\":\"Zwei- oder dreiteiliges Aluminiumpaddel zum Stand-Up-Paddling\"},{\"@type\":\"BreadcrumbList\",\"@id\":\"https:\\\/\\\/srokacompany.com\\\/de\\\/produkt\\\/2-oder-3-teiliges-verstellbares-aluminiumpaddel\\\/#breadcrumb\",\"itemListElement\":[{\"@type\":\"ListItem\",\"position\":1,\"name\":\"Accueil\",\"item\":\"https:\\\/\\\/srokacompany.com\\\/de\\\/\"},{\"@type\":\"ListItem\",\"position\":2,\"name\":\"Laden\",\"item\":\"https:\\\/\\\/srokacompany.com\\\/laden\\\/\"},{\"@type\":\"ListItem\",\"position\":3,\"name\":\"2- oder 3-teiliges verstellbares Aluminiumpaddel\"}]},{\"@type\":\"WebSite\",\"@id\":\"https:\\\/\\\/srokacompany.com\\\/de\\\/#website\",\"url\":\"https:\\\/\\\/srokacompany.com\\\/de\\\/\",\"name\":\"SROKA Company\",\"description\":\"SUP, Kite, Foil, Wing\",\"publisher\":{\"@id\":\"https:\\\/\\\/srokacompany.com\\\/de\\\/#organization\"},\"potentialAction\":[{\"@type\":\"SearchAction\",\"target\":{\"@type\":\"EntryPoint\",\"urlTemplate\":\"https:\\\/\\\/srokacompany.com\\\/de\\\/?s={search_term_string}\"},\"query-input\":{\"@type\":\"PropertyValueSpecification\",\"valueRequired\":true,\"valueName\":\"search_term_string\"}}],\"inLanguage\":\"de\"},{\"@type\":\"Organization\",\"@id\":\"https:\\\/\\\/srokacompany.com\\\/de\\\/#organization\",\"name\":\"SROKACOMPANY\",\"alternateName\":\"SROKA\",\"url\":\"https:\\\/\\\/srokacompany.com\\\/de\\\/\",\"logo\":{\"@type\":\"ImageObject\",\"inLanguage\":\"de\",\"@id\":\"https:\\\/\\\/srokacompany.com\\\/de\\\/#\\\/schema\\\/logo\\\/image\\\/\",\"url\":\"https:\\\/\\\/srokacompany.com\\\/wp-content\\\/uploads\\\/2021\\\/01\\\/logo-sroka-black-transpa.png\",\"contentUrl\":\"https:\\\/\\\/srokacompany.com\\\/wp-content\\\/uploads\\\/2021\\\/01\\\/logo-sroka-black-transpa.png\",\"width\":1201,\"height\":342,\"caption\":\"SROKACOMPANY\"},\"image\":{\"@id\":\"https:\\\/\\\/srokacompany.com\\\/de\\\/#\\\/schema\\\/logo\\\/image\\\/\"},\"sameAs\":[\"https:\\\/\\\/www.facebook.com\\\/srokawatersports\\\/\",\"https:\\\/\\\/www.instagram.com\\\/srokawatersports\\\/\",\"https:\\\/\\\/www.youtube.com\\\/channel\\\/UCVLHHeaPIm-J5bdEUgxqtZA\"]}]}<\/script>\n<!-- \/ Yoast SEO plugin. -->","yoast_head_json":{"title":"2- oder 3-teiliges verstellbares Aluminiumpaddel - SROKA Company","description":"Verstellbares Paddel Eloxiertes Aluminium, um die Festigkeit zu maximieren. Das kleine, fasergef\u00fcllte Blatt verleiht Ihnen mehr Leichtigkeit und Festigkeit.","robots":{"index":"index","follow":"follow","max-snippet":"max-snippet:-1","max-image-preview":"max-image-preview:large","max-video-preview":"max-video-preview:-1"},"canonical":"https:\/\/srokacompany.com\/de\/produkt\/2-oder-3-teiliges-verstellbares-aluminiumpaddel\/","og_locale":"de_DE","og_type":"article","og_title":"2- oder 3-teiliges verstellbares Aluminiumpaddel - SROKA Company","og_description":"Verstellbares Paddel Eloxiertes Aluminium, um die Festigkeit zu maximieren. Das kleine, fasergef\u00fcllte Blatt verleiht Ihnen mehr Leichtigkeit und Festigkeit.","og_url":"https:\/\/srokacompany.com\/de\/produkt\/2-oder-3-teiliges-verstellbares-aluminiumpaddel\/","og_site_name":"SROKA Company","article_publisher":"https:\/\/www.facebook.com\/srokawatersports\/","article_modified_time":"2025-11-21T16:09:27+00:00","og_image":[{"width":780,"height":1040,"url":"https:\/\/srokacompany.com\/wp-content\/uploads\/2018\/01\/pagaie-SUP-aluminium.jpg","type":"image\/jpeg"}],"schema":{"@context":"https:\/\/schema.org","@graph":[{"@type":"WebPage","@id":"https:\/\/srokacompany.com\/de\/produkt\/2-oder-3-teiliges-verstellbares-aluminiumpaddel\/","url":"https:\/\/srokacompany.com\/de\/produkt\/2-oder-3-teiliges-verstellbares-aluminiumpaddel\/","name":"2- oder 3-teiliges verstellbares Aluminiumpaddel - SROKA Company","isPartOf":{"@id":"https:\/\/srokacompany.com\/de\/#website"},"primaryImageOfPage":{"@id":"https:\/\/srokacompany.com\/de\/produkt\/2-oder-3-teiliges-verstellbares-aluminiumpaddel\/#primaryimage"},"image":{"@id":"https:\/\/srokacompany.com\/de\/produkt\/2-oder-3-teiliges-verstellbares-aluminiumpaddel\/#primaryimage"},"thumbnailUrl":"https:\/\/srokacompany.com\/wp-content\/uploads\/2018\/01\/pagaie-SUP-aluminium.jpg","datePublished":"2018-01-10T06:20:50+00:00","dateModified":"2025-11-21T16:09:27+00:00","description":"Verstellbares Paddel Eloxiertes Aluminium, um die Festigkeit zu maximieren. Das kleine, fasergef\u00fcllte Blatt verleiht Ihnen mehr Leichtigkeit und Festigkeit.","breadcrumb":{"@id":"https:\/\/srokacompany.com\/de\/produkt\/2-oder-3-teiliges-verstellbares-aluminiumpaddel\/#breadcrumb"},"inLanguage":"de","potentialAction":[{"@type":"ReadAction","target":["https:\/\/srokacompany.com\/de\/produkt\/2-oder-3-teiliges-verstellbares-aluminiumpaddel\/"]}]},{"@type":"ImageObject","inLanguage":"de","@id":"https:\/\/srokacompany.com\/de\/produkt\/2-oder-3-teiliges-verstellbares-aluminiumpaddel\/#primaryimage","url":"https:\/\/srokacompany.com\/wp-content\/uploads\/2018\/01\/pagaie-SUP-aluminium.jpg","contentUrl":"https:\/\/srokacompany.com\/wp-content\/uploads\/2018\/01\/pagaie-SUP-aluminium.jpg","width":780,"height":1040,"caption":"Zwei- oder dreiteiliges Aluminiumpaddel zum Stand-Up-Paddling"},{"@type":"BreadcrumbList","@id":"https:\/\/srokacompany.com\/de\/produkt\/2-oder-3-teiliges-verstellbares-aluminiumpaddel\/#breadcrumb","itemListElement":[{"@type":"ListItem","position":1,"name":"Accueil","item":"https:\/\/srokacompany.com\/de\/"},{"@type":"ListItem","position":2,"name":"Laden","item":"https:\/\/srokacompany.com\/laden\/"},{"@type":"ListItem","position":3,"name":"2- oder 3-teiliges verstellbares Aluminiumpaddel"}]},{"@type":"WebSite","@id":"https:\/\/srokacompany.com\/de\/#website","url":"https:\/\/srokacompany.com\/de\/","name":"SROKA Company","description":"SUP, Kite, Foil, Wing","publisher":{"@id":"https:\/\/srokacompany.com\/de\/#organization"},"potentialAction":[{"@type":"SearchAction","target":{"@type":"EntryPoint","urlTemplate":"https:\/\/srokacompany.com\/de\/?s={search_term_string}"},"query-input":{"@type":"PropertyValueSpecification","valueRequired":true,"valueName":"search_term_string"}}],"inLanguage":"de"},{"@type":"Organization","@id":"https:\/\/srokacompany.com\/de\/#organization","name":"SROKACOMPANY","alternateName":"SROKA","url":"https:\/\/srokacompany.com\/de\/","logo":{"@type":"ImageObject","inLanguage":"de","@id":"https:\/\/srokacompany.com\/de\/#\/schema\/logo\/image\/","url":"https:\/\/srokacompany.com\/wp-content\/uploads\/2021\/01\/logo-sroka-black-transpa.png","contentUrl":"https:\/\/srokacompany.com\/wp-content\/uploads\/2021\/01\/logo-sroka-black-transpa.png","width":1201,"height":342,"caption":"SROKACOMPANY"},"image":{"@id":"https:\/\/srokacompany.com\/de\/#\/schema\/logo\/image\/"},"sameAs":["https:\/\/www.facebook.com\/srokawatersports\/","https:\/\/www.instagram.com\/srokawatersports\/","https:\/\/www.youtube.com\/channel\/UCVLHHeaPIm-J5bdEUgxqtZA"]}]}},"uagb_featured_image_src":{"full":["https:\/\/srokacompany.com\/wp-content\/uploads\/2018\/01\/pagaie-SUP-aluminium.jpg",780,1040,false],"thumbnail":["https:\/\/srokacompany.com\/wp-content\/uploads\/2018\/01\/pagaie-SUP-aluminium-150x150.jpg",150,150,true],"medium":["https:\/\/srokacompany.com\/wp-content\/uploads\/2018\/01\/pagaie-SUP-aluminium-225x300.jpg",225,300,true],"medium_large":["https:\/\/srokacompany.com\/wp-content\/uploads\/2018\/01\/pagaie-SUP-aluminium-768x1024.jpg",768,1024,true],"large":["https:\/\/srokacompany.com\/wp-content\/uploads\/2018\/01\/pagaie-SUP-aluminium-768x1024.jpg",768,1024,true],"1536x1536":["https:\/\/srokacompany.com\/wp-content\/uploads\/2018\/01\/pagaie-SUP-aluminium.jpg",780,1040,false],"2048x2048":["https:\/\/srokacompany.com\/wp-content\/uploads\/2018\/01\/pagaie-SUP-aluminium.jpg",780,1040,false],"woocommerce_thumbnail":["https:\/\/srokacompany.com\/wp-content\/uploads\/2018\/01\/pagaie-SUP-aluminium-600x800.jpg",600,800,true],"woocommerce_single":["https:\/\/srokacompany.com\/wp-content\/uploads\/2018\/01\/pagaie-SUP-aluminium-600x800.jpg",600,800,true],"woocommerce_gallery_thumbnail":["https:\/\/srokacompany.com\/wp-content\/uploads\/2018\/01\/pagaie-SUP-aluminium-100x100.jpg",100,100,true],"dgwt-wcas-product-suggestion":["https:\/\/srokacompany.com\/wp-content\/uploads\/2018\/01\/pagaie-SUP-aluminium.jpg",64,85,false]},"uagb_author_info":{"display_name":"Bruno Sroka","author_link":"https:\/\/srokacompany.com\/de\/blog\/author\/"},"uagb_comment_info":0,"uagb_excerpt":"Der Schaft dieses Paddelpaddels besteht aus eloxiertem Aluminium, um die Festigkeit zu maximieren. Das kleine, mit Fasern gef\u00fcllte Blatt verleiht Ihnen Leichtigkeit und Solidit\u00e4t, damit Sie die Freuden des Paddelns leicht entdecken k\u00f6nnen. Erh\u00e4ltlich in 2 Teilen (verstellbar) oder 3 Teilen (verstellbar und abnehmbar) f\u00fcr mehr Komfort. Dieses Aluminiumpaddel ist von 173 bis 214 cm&hellip;","jetpack_sharing_enabled":true,"_links":{"self":[{"href":"https:\/\/srokacompany.com\/de\/wp-json\/wp\/v2\/product\/346439","targetHints":{"allow":["GET"]}}],"collection":[{"href":"https:\/\/srokacompany.com\/de\/wp-json\/wp\/v2\/product"}],"about":[{"href":"https:\/\/srokacompany.com\/de\/wp-json\/wp\/v2\/types\/product"}],"wp:featuredmedia":[{"embeddable":true,"href":"https:\/\/srokacompany.com\/de\/wp-json\/wp\/v2\/media\/346447"}],"wp:attachment":[{"href":"https:\/\/srokacompany.com\/de\/wp-json\/wp\/v2\/media?parent=346439"}],"wp:term":[{"taxonomy":"product_brand","embeddable":true,"href":"https:\/\/srokacompany.com\/de\/wp-json\/wp\/v2\/product_brand?post=346439"},{"taxonomy":"product_cat","embeddable":true,"href":"https:\/\/srokacompany.com\/de\/wp-json\/wp\/v2\/product_cat?post=346439"},{"taxonomy":"product_tag","embeddable":true,"href":"https:\/\/srokacompany.com\/de\/wp-json\/wp\/v2\/product_tag?post=346439"}],"curies":[{"name":"wp","href":"https:\/\/api.w.org\/{rel}","templated":true}]}}