{"id":346462,"date":"2018-01-09T17:56:14","date_gmt":"2018-01-09T17:56:14","guid":{"rendered":"https:\/\/srokacompany.com\/produit\/vario-paddel-50-carbon-zerlegbar-3-teilig\/"},"modified":"2025-11-21T18:09:36","modified_gmt":"2025-11-21T16:09:36","slug":"vario-paddel-50-carbon-zerlegbar-3-teilig","status":"publish","type":"product","link":"https:\/\/srokacompany.com\/de\/produkt\/vario-paddel-50-carbon-zerlegbar-3-teilig\/","title":{"rendered":"Vario-Paddel 50% Carbon, zerlegbar &#8211; 3-teilig"},"content":{"rendered":"<hr>\n<h1>Paddel SUP Vario 50% Carbon, 3-teilig<\/h1>\n<p>Das verstellbare und zerlegbare 3-teilige Paddel aus 50% Carbon wurde mit den leichtesten und st\u00e4rksten Materialien entwickelt und ist ein praktisches und leichtes <a href=\"https:\/\/srokacompany.com\/de\/eshop\/paddel-paddeln\/\">SUP-Paddel<\/a>. Hergestellt aus 100% 12K Carbon am Blatt und 50% 3K Carbon am Schaft, ist dieses Paddel ideal zum Paddeln mit einem guten Gef\u00fchl. Sein leichtes Design und die 3-teilige Konstruktion machen es einfach, ihn \u00fcberall hin mitzunehmen. Seine kleine Klinge erm\u00f6glicht es Ihnen, nicht m\u00fcde zu werden und sich auf Technik und Ausdauer statt auf Kraft zu konzentrieren. Passend zu den Farben Ihres Paddels wird dieses Paddel nicht unbemerkt bleiben. Sie k\u00f6nnen es dank des Verstellsystems in der H\u00f6he verstellen. Dieses Paddel aus 50 % Carbon ist von 175 bis 216 cm L\u00e4nge verstellbar und sein Blatt misst 18 cm.<\/p>\n","protected":false},"excerpt":{"rendered":"<p>Das verstellbare und zerlegbare 3-teilige Paddel aus 50% Carbon wurde mit den leichtesten und st\u00e4rksten Materialien entwickelt und ist ein praktisches und leichtes <a href=\"https:\/\/srokacompany.com\/de\/eshop\/paddel-paddeln\/\">SUP-Paddel<\/a>.<\/p>\n","protected":false},"featured_media":346371,"template":"","meta":{"_acf_changed":false,"_uag_custom_page_level_css":""},"product_brand":[],"product_cat":[3794,3578,4258,3868,3705],"product_tag":[3459,3443,3442],"class_list":{"0":"post-346462","1":"product","2":"type-product","3":"status-publish","4":"has-post-thumbnail","6":"product_cat-paddel-paddeln","7":"product_cat-paddle-zubehor","8":"product_cat-schwarzer-freitag","9":"product_cat-sup-zubehor-foil","10":"product_cat-zubehor-downwind","11":"product_tag-experte","12":"product_tag-fortgeschrittene","13":"product_tag-schlau","14":"product_shipping_class-foil-komplett-oder-ersatzteile-wing-einheit","16":"first","17":"instock","18":"sale","19":"taxable","20":"shipping-taxable","21":"purchasable","22":"product-type-variable"},"acf":[],"yoast_head":"<!-- This site is optimized with the Yoast SEO plugin v27.4 - https:\/\/yoast.com\/product\/yoast-seo-wordpress\/ -->\n<title>Vario-Paddel 50% Carbon, zerlegbar - 3-teilig - SROKA Company<\/title>\n<meta name=\"description\" content=\"Das Vario-Paddel 50% Carbon, 3-teilig ist ein sehr nerv\u00f6ses und leichtes Paddel. Es besteht aus 100% Carbon 12K auf dem Blatt mit einem Schaft aus 100%.\" \/>\n<meta name=\"robots\" content=\"index, follow, max-snippet:-1, max-image-preview:large, max-video-preview:-1\" \/>\n<link rel=\"canonical\" href=\"https:\/\/srokacompany.com\/de\/produkt\/vario-paddel-50-carbon-zerlegbar-3-teilig\/\" \/>\n<meta property=\"og:locale\" content=\"de_DE\" \/>\n<meta property=\"og:type\" content=\"article\" \/>\n<meta property=\"og:title\" content=\"Vario-Paddel 50% Carbon, zerlegbar - 3-teilig - SROKA Company\" \/>\n<meta property=\"og:description\" content=\"Das Vario-Paddel 50% Carbon, 3-teilig ist ein sehr nerv\u00f6ses und leichtes Paddel. Es besteht aus 100% Carbon 12K auf dem Blatt mit einem Schaft aus 100%.\" \/>\n<meta property=\"og:url\" content=\"https:\/\/srokacompany.com\/de\/produkt\/vario-paddel-50-carbon-zerlegbar-3-teilig\/\" \/>\n<meta property=\"og:site_name\" content=\"SROKA Company\" \/>\n<meta property=\"article:publisher\" content=\"https:\/\/www.facebook.com\/srokawatersports\/\" \/>\n<meta property=\"article:modified_time\" content=\"2025-11-21T16:09:36+00:00\" \/>\n<meta property=\"og:image\" content=\"https:\/\/srokacompany.com\/wp-content\/uploads\/2018\/01\/pagaie-3-p-50carbon-.jpg\" \/>\n\t<meta property=\"og:image:width\" content=\"780\" \/>\n\t<meta property=\"og:image:height\" content=\"1040\" \/>\n\t<meta property=\"og:image:type\" content=\"image\/jpeg\" \/>\n<meta name=\"twitter:label1\" content=\"Gesch\u00e4tzte Lesezeit\" \/>\n\t<meta name=\"twitter:data1\" content=\"1\u00a0Minute\" \/>\n<script type=\"application\/ld+json\" class=\"yoast-schema-graph\">{\"@context\":\"https:\\\/\\\/schema.org\",\"@graph\":[{\"@type\":\"WebPage\",\"@id\":\"https:\\\/\\\/srokacompany.com\\\/de\\\/produkt\\\/vario-paddel-50-carbon-zerlegbar-3-teilig\\\/\",\"url\":\"https:\\\/\\\/srokacompany.com\\\/de\\\/produkt\\\/vario-paddel-50-carbon-zerlegbar-3-teilig\\\/\",\"name\":\"Vario-Paddel 50% Carbon, zerlegbar - 3-teilig - SROKA Company\",\"isPartOf\":{\"@id\":\"https:\\\/\\\/srokacompany.com\\\/de\\\/#website\"},\"primaryImageOfPage\":{\"@id\":\"https:\\\/\\\/srokacompany.com\\\/de\\\/produkt\\\/vario-paddel-50-carbon-zerlegbar-3-teilig\\\/#primaryimage\"},\"image\":{\"@id\":\"https:\\\/\\\/srokacompany.com\\\/de\\\/produkt\\\/vario-paddel-50-carbon-zerlegbar-3-teilig\\\/#primaryimage\"},\"thumbnailUrl\":\"https:\\\/\\\/srokacompany.com\\\/wp-content\\\/uploads\\\/2018\\\/01\\\/pagaie-3-p-50carbon-.jpg\",\"datePublished\":\"2018-01-09T17:56:14+00:00\",\"dateModified\":\"2025-11-21T16:09:36+00:00\",\"description\":\"Das Vario-Paddel 50% Carbon, 3-teilig ist ein sehr nerv\u00f6ses und leichtes Paddel. Es besteht aus 100% Carbon 12K auf dem Blatt mit einem Schaft aus 100%.\",\"breadcrumb\":{\"@id\":\"https:\\\/\\\/srokacompany.com\\\/de\\\/produkt\\\/vario-paddel-50-carbon-zerlegbar-3-teilig\\\/#breadcrumb\"},\"inLanguage\":\"de\",\"potentialAction\":[{\"@type\":\"ReadAction\",\"target\":[\"https:\\\/\\\/srokacompany.com\\\/de\\\/produkt\\\/vario-paddel-50-carbon-zerlegbar-3-teilig\\\/\"]}]},{\"@type\":\"ImageObject\",\"inLanguage\":\"de\",\"@id\":\"https:\\\/\\\/srokacompany.com\\\/de\\\/produkt\\\/vario-paddel-50-carbon-zerlegbar-3-teilig\\\/#primaryimage\",\"url\":\"https:\\\/\\\/srokacompany.com\\\/wp-content\\\/uploads\\\/2018\\\/01\\\/pagaie-3-p-50carbon-.jpg\",\"contentUrl\":\"https:\\\/\\\/srokacompany.com\\\/wp-content\\\/uploads\\\/2018\\\/01\\\/pagaie-3-p-50carbon-.jpg\",\"width\":780,\"height\":1040,\"caption\":\"paddel 3 teil 50% carbon\"},{\"@type\":\"BreadcrumbList\",\"@id\":\"https:\\\/\\\/srokacompany.com\\\/de\\\/produkt\\\/vario-paddel-50-carbon-zerlegbar-3-teilig\\\/#breadcrumb\",\"itemListElement\":[{\"@type\":\"ListItem\",\"position\":1,\"name\":\"Accueil\",\"item\":\"https:\\\/\\\/srokacompany.com\\\/de\\\/\"},{\"@type\":\"ListItem\",\"position\":2,\"name\":\"Laden\",\"item\":\"https:\\\/\\\/srokacompany.com\\\/laden\\\/\"},{\"@type\":\"ListItem\",\"position\":3,\"name\":\"Vario-Paddel 50% Carbon, zerlegbar &#8211; 3-teilig\"}]},{\"@type\":\"WebSite\",\"@id\":\"https:\\\/\\\/srokacompany.com\\\/de\\\/#website\",\"url\":\"https:\\\/\\\/srokacompany.com\\\/de\\\/\",\"name\":\"SROKA Company\",\"description\":\"SUP, Kite, Foil, Wing\",\"publisher\":{\"@id\":\"https:\\\/\\\/srokacompany.com\\\/de\\\/#organization\"},\"potentialAction\":[{\"@type\":\"SearchAction\",\"target\":{\"@type\":\"EntryPoint\",\"urlTemplate\":\"https:\\\/\\\/srokacompany.com\\\/de\\\/?s={search_term_string}\"},\"query-input\":{\"@type\":\"PropertyValueSpecification\",\"valueRequired\":true,\"valueName\":\"search_term_string\"}}],\"inLanguage\":\"de\"},{\"@type\":\"Organization\",\"@id\":\"https:\\\/\\\/srokacompany.com\\\/de\\\/#organization\",\"name\":\"SROKACOMPANY\",\"alternateName\":\"SROKA\",\"url\":\"https:\\\/\\\/srokacompany.com\\\/de\\\/\",\"logo\":{\"@type\":\"ImageObject\",\"inLanguage\":\"de\",\"@id\":\"https:\\\/\\\/srokacompany.com\\\/de\\\/#\\\/schema\\\/logo\\\/image\\\/\",\"url\":\"https:\\\/\\\/srokacompany.com\\\/wp-content\\\/uploads\\\/2021\\\/01\\\/logo-sroka-black-transpa.png\",\"contentUrl\":\"https:\\\/\\\/srokacompany.com\\\/wp-content\\\/uploads\\\/2021\\\/01\\\/logo-sroka-black-transpa.png\",\"width\":1201,\"height\":342,\"caption\":\"SROKACOMPANY\"},\"image\":{\"@id\":\"https:\\\/\\\/srokacompany.com\\\/de\\\/#\\\/schema\\\/logo\\\/image\\\/\"},\"sameAs\":[\"https:\\\/\\\/www.facebook.com\\\/srokawatersports\\\/\",\"https:\\\/\\\/www.instagram.com\\\/srokawatersports\\\/\",\"https:\\\/\\\/www.youtube.com\\\/channel\\\/UCVLHHeaPIm-J5bdEUgxqtZA\"]}]}<\/script>\n<!-- \/ Yoast SEO plugin. -->","yoast_head_json":{"title":"Vario-Paddel 50% Carbon, zerlegbar - 3-teilig - SROKA Company","description":"Das Vario-Paddel 50% Carbon, 3-teilig ist ein sehr nerv\u00f6ses und leichtes Paddel. Es besteht aus 100% Carbon 12K auf dem Blatt mit einem Schaft aus 100%.","robots":{"index":"index","follow":"follow","max-snippet":"max-snippet:-1","max-image-preview":"max-image-preview:large","max-video-preview":"max-video-preview:-1"},"canonical":"https:\/\/srokacompany.com\/de\/produkt\/vario-paddel-50-carbon-zerlegbar-3-teilig\/","og_locale":"de_DE","og_type":"article","og_title":"Vario-Paddel 50% Carbon, zerlegbar - 3-teilig - SROKA Company","og_description":"Das Vario-Paddel 50% Carbon, 3-teilig ist ein sehr nerv\u00f6ses und leichtes Paddel. Es besteht aus 100% Carbon 12K auf dem Blatt mit einem Schaft aus 100%.","og_url":"https:\/\/srokacompany.com\/de\/produkt\/vario-paddel-50-carbon-zerlegbar-3-teilig\/","og_site_name":"SROKA Company","article_publisher":"https:\/\/www.facebook.com\/srokawatersports\/","article_modified_time":"2025-11-21T16:09:36+00:00","og_image":[{"width":780,"height":1040,"url":"https:\/\/srokacompany.com\/wp-content\/uploads\/2018\/01\/pagaie-3-p-50carbon-.jpg","type":"image\/jpeg"}],"twitter_misc":{"Gesch\u00e4tzte Lesezeit":"1\u00a0Minute"},"schema":{"@context":"https:\/\/schema.org","@graph":[{"@type":"WebPage","@id":"https:\/\/srokacompany.com\/de\/produkt\/vario-paddel-50-carbon-zerlegbar-3-teilig\/","url":"https:\/\/srokacompany.com\/de\/produkt\/vario-paddel-50-carbon-zerlegbar-3-teilig\/","name":"Vario-Paddel 50% Carbon, zerlegbar - 3-teilig - SROKA Company","isPartOf":{"@id":"https:\/\/srokacompany.com\/de\/#website"},"primaryImageOfPage":{"@id":"https:\/\/srokacompany.com\/de\/produkt\/vario-paddel-50-carbon-zerlegbar-3-teilig\/#primaryimage"},"image":{"@id":"https:\/\/srokacompany.com\/de\/produkt\/vario-paddel-50-carbon-zerlegbar-3-teilig\/#primaryimage"},"thumbnailUrl":"https:\/\/srokacompany.com\/wp-content\/uploads\/2018\/01\/pagaie-3-p-50carbon-.jpg","datePublished":"2018-01-09T17:56:14+00:00","dateModified":"2025-11-21T16:09:36+00:00","description":"Das Vario-Paddel 50% Carbon, 3-teilig ist ein sehr nerv\u00f6ses und leichtes Paddel. Es besteht aus 100% Carbon 12K auf dem Blatt mit einem Schaft aus 100%.","breadcrumb":{"@id":"https:\/\/srokacompany.com\/de\/produkt\/vario-paddel-50-carbon-zerlegbar-3-teilig\/#breadcrumb"},"inLanguage":"de","potentialAction":[{"@type":"ReadAction","target":["https:\/\/srokacompany.com\/de\/produkt\/vario-paddel-50-carbon-zerlegbar-3-teilig\/"]}]},{"@type":"ImageObject","inLanguage":"de","@id":"https:\/\/srokacompany.com\/de\/produkt\/vario-paddel-50-carbon-zerlegbar-3-teilig\/#primaryimage","url":"https:\/\/srokacompany.com\/wp-content\/uploads\/2018\/01\/pagaie-3-p-50carbon-.jpg","contentUrl":"https:\/\/srokacompany.com\/wp-content\/uploads\/2018\/01\/pagaie-3-p-50carbon-.jpg","width":780,"height":1040,"caption":"paddel 3 teil 50% carbon"},{"@type":"BreadcrumbList","@id":"https:\/\/srokacompany.com\/de\/produkt\/vario-paddel-50-carbon-zerlegbar-3-teilig\/#breadcrumb","itemListElement":[{"@type":"ListItem","position":1,"name":"Accueil","item":"https:\/\/srokacompany.com\/de\/"},{"@type":"ListItem","position":2,"name":"Laden","item":"https:\/\/srokacompany.com\/laden\/"},{"@type":"ListItem","position":3,"name":"Vario-Paddel 50% Carbon, zerlegbar &#8211; 3-teilig"}]},{"@type":"WebSite","@id":"https:\/\/srokacompany.com\/de\/#website","url":"https:\/\/srokacompany.com\/de\/","name":"SROKA Company","description":"SUP, Kite, Foil, Wing","publisher":{"@id":"https:\/\/srokacompany.com\/de\/#organization"},"potentialAction":[{"@type":"SearchAction","target":{"@type":"EntryPoint","urlTemplate":"https:\/\/srokacompany.com\/de\/?s={search_term_string}"},"query-input":{"@type":"PropertyValueSpecification","valueRequired":true,"valueName":"search_term_string"}}],"inLanguage":"de"},{"@type":"Organization","@id":"https:\/\/srokacompany.com\/de\/#organization","name":"SROKACOMPANY","alternateName":"SROKA","url":"https:\/\/srokacompany.com\/de\/","logo":{"@type":"ImageObject","inLanguage":"de","@id":"https:\/\/srokacompany.com\/de\/#\/schema\/logo\/image\/","url":"https:\/\/srokacompany.com\/wp-content\/uploads\/2021\/01\/logo-sroka-black-transpa.png","contentUrl":"https:\/\/srokacompany.com\/wp-content\/uploads\/2021\/01\/logo-sroka-black-transpa.png","width":1201,"height":342,"caption":"SROKACOMPANY"},"image":{"@id":"https:\/\/srokacompany.com\/de\/#\/schema\/logo\/image\/"},"sameAs":["https:\/\/www.facebook.com\/srokawatersports\/","https:\/\/www.instagram.com\/srokawatersports\/","https:\/\/www.youtube.com\/channel\/UCVLHHeaPIm-J5bdEUgxqtZA"]}]}},"uagb_featured_image_src":{"full":["https:\/\/srokacompany.com\/wp-content\/uploads\/2018\/01\/pagaie-3-p-50carbon-.jpg",780,1040,false],"thumbnail":["https:\/\/srokacompany.com\/wp-content\/uploads\/2018\/01\/pagaie-3-p-50carbon--150x150.jpg",150,150,true],"medium":["https:\/\/srokacompany.com\/wp-content\/uploads\/2018\/01\/pagaie-3-p-50carbon--225x300.jpg",225,300,true],"medium_large":["https:\/\/srokacompany.com\/wp-content\/uploads\/2018\/01\/pagaie-3-p-50carbon--768x1024.jpg",768,1024,true],"large":["https:\/\/srokacompany.com\/wp-content\/uploads\/2018\/01\/pagaie-3-p-50carbon--768x1024.jpg",768,1024,true],"1536x1536":["https:\/\/srokacompany.com\/wp-content\/uploads\/2018\/01\/pagaie-3-p-50carbon-.jpg",780,1040,false],"2048x2048":["https:\/\/srokacompany.com\/wp-content\/uploads\/2018\/01\/pagaie-3-p-50carbon-.jpg",780,1040,false],"woocommerce_thumbnail":["https:\/\/srokacompany.com\/wp-content\/uploads\/2018\/01\/pagaie-3-p-50carbon--600x800.jpg",600,800,true],"woocommerce_single":["https:\/\/srokacompany.com\/wp-content\/uploads\/2018\/01\/pagaie-3-p-50carbon--600x800.jpg",600,800,true],"woocommerce_gallery_thumbnail":["https:\/\/srokacompany.com\/wp-content\/uploads\/2018\/01\/pagaie-3-p-50carbon--100x100.jpg",100,100,true],"dgwt-wcas-product-suggestion":["https:\/\/srokacompany.com\/wp-content\/uploads\/2018\/01\/pagaie-3-p-50carbon-.jpg",64,85,false]},"uagb_author_info":{"display_name":"Bruno Sroka","author_link":"https:\/\/srokacompany.com\/de\/blog\/author\/"},"uagb_comment_info":0,"uagb_excerpt":"Das verstellbare und zerlegbare 3-teilige Paddel aus 50% Carbon wurde mit den leichtesten und st\u00e4rksten Materialien entwickelt und ist ein praktisches und leichtes SUP-Paddel.","jetpack_sharing_enabled":true,"_links":{"self":[{"href":"https:\/\/srokacompany.com\/de\/wp-json\/wp\/v2\/product\/346462","targetHints":{"allow":["GET"]}}],"collection":[{"href":"https:\/\/srokacompany.com\/de\/wp-json\/wp\/v2\/product"}],"about":[{"href":"https:\/\/srokacompany.com\/de\/wp-json\/wp\/v2\/types\/product"}],"wp:featuredmedia":[{"embeddable":true,"href":"https:\/\/srokacompany.com\/de\/wp-json\/wp\/v2\/media\/346371"}],"wp:attachment":[{"href":"https:\/\/srokacompany.com\/de\/wp-json\/wp\/v2\/media?parent=346462"}],"wp:term":[{"taxonomy":"product_brand","embeddable":true,"href":"https:\/\/srokacompany.com\/de\/wp-json\/wp\/v2\/product_brand?post=346462"},{"taxonomy":"product_cat","embeddable":true,"href":"https:\/\/srokacompany.com\/de\/wp-json\/wp\/v2\/product_cat?post=346462"},{"taxonomy":"product_tag","embeddable":true,"href":"https:\/\/srokacompany.com\/de\/wp-json\/wp\/v2\/product_tag?post=346462"}],"curies":[{"name":"wp","href":"https:\/\/api.w.org\/{rel}","templated":true}]}}