{"id":346562,"date":"2018-01-10T11:15:52","date_gmt":"2018-01-10T11:15:52","guid":{"rendered":"https:\/\/srokacompany.com\/produit\/aufblasbares-paddel-riesen-xl\/"},"modified":"2026-02-06T19:55:18","modified_gmt":"2026-02-06T17:55:18","slug":"aufblasbares-paddel-riesen-xl","status":"publish","type":"product","link":"https:\/\/srokacompany.com\/de\/produkt\/aufblasbares-paddel-riesen-xl\/","title":{"rendered":"Aufblasbares Paddel Riesen XL"},"content":{"rendered":"<hr>\n<h2><strong>MIT DER FAMILIE ODER MIT FREUNDEN RUTSCHEN :  <\/strong><\/h2>\n<p>Der Sup G\u00e9ant XL<span style=\"font-size: 16px;\">  das ist 200% Spa\u00df  <\/span><span class=\"s1\">Unsere XL-Serie wurde entwickelt, um Ihre Leidenschaft f\u00fcr das Paddeln mit mehreren Personen zu teilen. Von 2 bis 6 Personen k\u00f6nnen Sie sich mit mehreren Personen auf das Wasser begeben, um noch mehr Spa\u00df zu haben!   <\/span><span class=\"s1\">Die XL-Reihe wurde in diesem Jahr komplett aufgemotzt und hat sich weiterentwickelt, um noch mehr Spa\u00df zu machen und noch praktischer zu sein.<span class=\"Apple-converted-space\"> <\/span>In der XL-Version k\u00f6nnen bis zu 6 Personen an Bord gehen. Dieser Sup ist schnell unterwegs und l\u00e4sst sich dank der beiden Ventile leicht aufblasen. Er eignet sich perfekt f\u00fcr Spazierg\u00e4nge oder um in die Wellen zu gehen.   <\/span><span class=\"s1\">Die XL-Reihe ist verst\u00e4rkt und daher langlebiger. Wir sind eine der wenigen Marken, die auch hohen Temperaturen standhalten.   <\/span><span class=\"s1\">Wenn Sie mit Freunden oder der Familie eine sch\u00f6ne Zeit verbringen m\u00f6chten, sollten Sie sich f\u00fcr die XL-Reihe entscheiden.  <\/span><\/p>\n<h3><a href=\"https:\/\/srokacompany.com\/de\/warum-sroka-boards\/\" target=\"_blank\" rel=\"noopener noreferrer\">Warum Sie sich f\u00fcr SROKA-Produkte entscheiden sollten<\/a><\/h3>\n<p class=\"p1\"><span class=\"s1\"> <\/span><\/p>\n","protected":false},"excerpt":{"rendered":"<p>Sup Gean XL bis zu 6 Personen<\/p>\n","protected":false},"featured_media":346563,"template":"","meta":{"_acf_changed":false,"_uag_custom_page_level_css":""},"product_brand":[],"product_cat":[3620,3896],"product_tag":[],"class_list":{"0":"post-346562","1":"product","2":"type-product","3":"status-publish","4":"has-post-thumbnail","6":"product_cat-aufblasbare-paddel","7":"product_cat-brett-von-sup","8":"product_shipping_class-sup-riesen","10":"first","11":"onbackorder","12":"taxable","13":"shipping-taxable","14":"purchasable","15":"product-type-simple"},"acf":[],"yoast_head":"<!-- This site is optimized with the Yoast SEO plugin v27.4 - https:\/\/yoast.com\/product\/yoast-seo-wordpress\/ -->\n<title>Aufblasbares Riesenpaddel XL 2-6 Personen - SROKA Company<\/title>\n<meta name=\"description\" content=\"Mit diesem stabilen aufblasbaren Riesenpaddel XL k\u00f6nnen mehrere Personen paddeln und dabei 2 bis 6 Personen an Bord nehmen. Ideal f\u00fcr den Fluss, die Wellen oder einen Spaziergang.\" \/>\n<meta name=\"robots\" content=\"index, follow, max-snippet:-1, max-image-preview:large, max-video-preview:-1\" \/>\n<link rel=\"canonical\" href=\"https:\/\/srokacompany.com\/de\/produkt\/aufblasbares-paddel-riesen-xl\/\" \/>\n<meta property=\"og:locale\" content=\"de_DE\" \/>\n<meta property=\"og:type\" content=\"article\" \/>\n<meta property=\"og:title\" content=\"Aufblasbares Riesenpaddel XL 2-6 Personen - SROKA Company\" \/>\n<meta property=\"og:description\" content=\"Mit diesem stabilen aufblasbaren Riesenpaddel XL k\u00f6nnen mehrere Personen paddeln und dabei 2 bis 6 Personen an Bord nehmen. Ideal f\u00fcr den Fluss, die Wellen oder einen Spaziergang.\" \/>\n<meta property=\"og:url\" content=\"https:\/\/srokacompany.com\/de\/produkt\/aufblasbares-paddel-riesen-xl\/\" \/>\n<meta property=\"og:site_name\" content=\"SROKA Company\" \/>\n<meta property=\"article:publisher\" content=\"https:\/\/www.facebook.com\/srokawatersports\/\" \/>\n<meta property=\"article:modified_time\" content=\"2026-02-06T17:55:18+00:00\" \/>\n<meta property=\"og:image\" content=\"https:\/\/srokacompany.com\/wp-content\/uploads\/2018\/01\/Sup-geant-XL.jpg\" \/>\n\t<meta property=\"og:image:width\" content=\"780\" \/>\n\t<meta property=\"og:image:height\" content=\"1040\" \/>\n\t<meta property=\"og:image:type\" content=\"image\/jpeg\" \/>\n<meta name=\"twitter:label1\" content=\"Gesch\u00e4tzte Lesezeit\" \/>\n\t<meta name=\"twitter:data1\" content=\"1\u00a0Minute\" \/>\n<script type=\"application\/ld+json\" class=\"yoast-schema-graph\">{\"@context\":\"https:\\\/\\\/schema.org\",\"@graph\":[{\"@type\":\"WebPage\",\"@id\":\"https:\\\/\\\/srokacompany.com\\\/de\\\/produkt\\\/aufblasbares-paddel-riesen-xl\\\/\",\"url\":\"https:\\\/\\\/srokacompany.com\\\/de\\\/produkt\\\/aufblasbares-paddel-riesen-xl\\\/\",\"name\":\"Aufblasbares Riesenpaddel XL 2-6 Personen - SROKA Company\",\"isPartOf\":{\"@id\":\"https:\\\/\\\/srokacompany.com\\\/de\\\/#website\"},\"primaryImageOfPage\":{\"@id\":\"https:\\\/\\\/srokacompany.com\\\/de\\\/produkt\\\/aufblasbares-paddel-riesen-xl\\\/#primaryimage\"},\"image\":{\"@id\":\"https:\\\/\\\/srokacompany.com\\\/de\\\/produkt\\\/aufblasbares-paddel-riesen-xl\\\/#primaryimage\"},\"thumbnailUrl\":\"https:\\\/\\\/srokacompany.com\\\/wp-content\\\/uploads\\\/2018\\\/01\\\/Sup-geant-XL.jpg\",\"datePublished\":\"2018-01-10T11:15:52+00:00\",\"dateModified\":\"2026-02-06T17:55:18+00:00\",\"description\":\"Mit diesem stabilen aufblasbaren Riesenpaddel XL k\u00f6nnen mehrere Personen paddeln und dabei 2 bis 6 Personen an Bord nehmen. Ideal f\u00fcr den Fluss, die Wellen oder einen Spaziergang.\",\"breadcrumb\":{\"@id\":\"https:\\\/\\\/srokacompany.com\\\/de\\\/produkt\\\/aufblasbares-paddel-riesen-xl\\\/#breadcrumb\"},\"inLanguage\":\"de\",\"potentialAction\":[{\"@type\":\"ReadAction\",\"target\":[\"https:\\\/\\\/srokacompany.com\\\/de\\\/produkt\\\/aufblasbares-paddel-riesen-xl\\\/\"]}]},{\"@type\":\"ImageObject\",\"inLanguage\":\"de\",\"@id\":\"https:\\\/\\\/srokacompany.com\\\/de\\\/produkt\\\/aufblasbares-paddel-riesen-xl\\\/#primaryimage\",\"url\":\"https:\\\/\\\/srokacompany.com\\\/wp-content\\\/uploads\\\/2018\\\/01\\\/Sup-geant-XL.jpg\",\"contentUrl\":\"https:\\\/\\\/srokacompany.com\\\/wp-content\\\/uploads\\\/2018\\\/01\\\/Sup-geant-XL.jpg\",\"width\":780,\"height\":1040,\"caption\":\"Sup riesig XL\"},{\"@type\":\"BreadcrumbList\",\"@id\":\"https:\\\/\\\/srokacompany.com\\\/de\\\/produkt\\\/aufblasbares-paddel-riesen-xl\\\/#breadcrumb\",\"itemListElement\":[{\"@type\":\"ListItem\",\"position\":1,\"name\":\"Accueil\",\"item\":\"https:\\\/\\\/srokacompany.com\\\/de\\\/\"},{\"@type\":\"ListItem\",\"position\":2,\"name\":\"Laden\",\"item\":\"https:\\\/\\\/srokacompany.com\\\/laden\\\/\"},{\"@type\":\"ListItem\",\"position\":3,\"name\":\"Aufblasbares Paddel Riesen XL\"}]},{\"@type\":\"WebSite\",\"@id\":\"https:\\\/\\\/srokacompany.com\\\/de\\\/#website\",\"url\":\"https:\\\/\\\/srokacompany.com\\\/de\\\/\",\"name\":\"SROKA Company\",\"description\":\"SUP, Kite, Foil, Wing\",\"publisher\":{\"@id\":\"https:\\\/\\\/srokacompany.com\\\/de\\\/#organization\"},\"potentialAction\":[{\"@type\":\"SearchAction\",\"target\":{\"@type\":\"EntryPoint\",\"urlTemplate\":\"https:\\\/\\\/srokacompany.com\\\/de\\\/?s={search_term_string}\"},\"query-input\":{\"@type\":\"PropertyValueSpecification\",\"valueRequired\":true,\"valueName\":\"search_term_string\"}}],\"inLanguage\":\"de\"},{\"@type\":\"Organization\",\"@id\":\"https:\\\/\\\/srokacompany.com\\\/de\\\/#organization\",\"name\":\"SROKACOMPANY\",\"alternateName\":\"SROKA\",\"url\":\"https:\\\/\\\/srokacompany.com\\\/de\\\/\",\"logo\":{\"@type\":\"ImageObject\",\"inLanguage\":\"de\",\"@id\":\"https:\\\/\\\/srokacompany.com\\\/de\\\/#\\\/schema\\\/logo\\\/image\\\/\",\"url\":\"https:\\\/\\\/srokacompany.com\\\/wp-content\\\/uploads\\\/2021\\\/01\\\/logo-sroka-black-transpa.png\",\"contentUrl\":\"https:\\\/\\\/srokacompany.com\\\/wp-content\\\/uploads\\\/2021\\\/01\\\/logo-sroka-black-transpa.png\",\"width\":1201,\"height\":342,\"caption\":\"SROKACOMPANY\"},\"image\":{\"@id\":\"https:\\\/\\\/srokacompany.com\\\/de\\\/#\\\/schema\\\/logo\\\/image\\\/\"},\"sameAs\":[\"https:\\\/\\\/www.facebook.com\\\/srokawatersports\\\/\",\"https:\\\/\\\/www.instagram.com\\\/srokawatersports\\\/\",\"https:\\\/\\\/www.youtube.com\\\/channel\\\/UCVLHHeaPIm-J5bdEUgxqtZA\"]}]}<\/script>\n<!-- \/ Yoast SEO plugin. -->","yoast_head_json":{"title":"Aufblasbares Riesenpaddel XL 2-6 Personen - SROKA Company","description":"Mit diesem stabilen aufblasbaren Riesenpaddel XL k\u00f6nnen mehrere Personen paddeln und dabei 2 bis 6 Personen an Bord nehmen. Ideal f\u00fcr den Fluss, die Wellen oder einen Spaziergang.","robots":{"index":"index","follow":"follow","max-snippet":"max-snippet:-1","max-image-preview":"max-image-preview:large","max-video-preview":"max-video-preview:-1"},"canonical":"https:\/\/srokacompany.com\/de\/produkt\/aufblasbares-paddel-riesen-xl\/","og_locale":"de_DE","og_type":"article","og_title":"Aufblasbares Riesenpaddel XL 2-6 Personen - SROKA Company","og_description":"Mit diesem stabilen aufblasbaren Riesenpaddel XL k\u00f6nnen mehrere Personen paddeln und dabei 2 bis 6 Personen an Bord nehmen. Ideal f\u00fcr den Fluss, die Wellen oder einen Spaziergang.","og_url":"https:\/\/srokacompany.com\/de\/produkt\/aufblasbares-paddel-riesen-xl\/","og_site_name":"SROKA Company","article_publisher":"https:\/\/www.facebook.com\/srokawatersports\/","article_modified_time":"2026-02-06T17:55:18+00:00","og_image":[{"width":780,"height":1040,"url":"https:\/\/srokacompany.com\/wp-content\/uploads\/2018\/01\/Sup-geant-XL.jpg","type":"image\/jpeg"}],"twitter_misc":{"Gesch\u00e4tzte Lesezeit":"1\u00a0Minute"},"schema":{"@context":"https:\/\/schema.org","@graph":[{"@type":"WebPage","@id":"https:\/\/srokacompany.com\/de\/produkt\/aufblasbares-paddel-riesen-xl\/","url":"https:\/\/srokacompany.com\/de\/produkt\/aufblasbares-paddel-riesen-xl\/","name":"Aufblasbares Riesenpaddel XL 2-6 Personen - SROKA Company","isPartOf":{"@id":"https:\/\/srokacompany.com\/de\/#website"},"primaryImageOfPage":{"@id":"https:\/\/srokacompany.com\/de\/produkt\/aufblasbares-paddel-riesen-xl\/#primaryimage"},"image":{"@id":"https:\/\/srokacompany.com\/de\/produkt\/aufblasbares-paddel-riesen-xl\/#primaryimage"},"thumbnailUrl":"https:\/\/srokacompany.com\/wp-content\/uploads\/2018\/01\/Sup-geant-XL.jpg","datePublished":"2018-01-10T11:15:52+00:00","dateModified":"2026-02-06T17:55:18+00:00","description":"Mit diesem stabilen aufblasbaren Riesenpaddel XL k\u00f6nnen mehrere Personen paddeln und dabei 2 bis 6 Personen an Bord nehmen. Ideal f\u00fcr den Fluss, die Wellen oder einen Spaziergang.","breadcrumb":{"@id":"https:\/\/srokacompany.com\/de\/produkt\/aufblasbares-paddel-riesen-xl\/#breadcrumb"},"inLanguage":"de","potentialAction":[{"@type":"ReadAction","target":["https:\/\/srokacompany.com\/de\/produkt\/aufblasbares-paddel-riesen-xl\/"]}]},{"@type":"ImageObject","inLanguage":"de","@id":"https:\/\/srokacompany.com\/de\/produkt\/aufblasbares-paddel-riesen-xl\/#primaryimage","url":"https:\/\/srokacompany.com\/wp-content\/uploads\/2018\/01\/Sup-geant-XL.jpg","contentUrl":"https:\/\/srokacompany.com\/wp-content\/uploads\/2018\/01\/Sup-geant-XL.jpg","width":780,"height":1040,"caption":"Sup riesig XL"},{"@type":"BreadcrumbList","@id":"https:\/\/srokacompany.com\/de\/produkt\/aufblasbares-paddel-riesen-xl\/#breadcrumb","itemListElement":[{"@type":"ListItem","position":1,"name":"Accueil","item":"https:\/\/srokacompany.com\/de\/"},{"@type":"ListItem","position":2,"name":"Laden","item":"https:\/\/srokacompany.com\/laden\/"},{"@type":"ListItem","position":3,"name":"Aufblasbares Paddel Riesen XL"}]},{"@type":"WebSite","@id":"https:\/\/srokacompany.com\/de\/#website","url":"https:\/\/srokacompany.com\/de\/","name":"SROKA Company","description":"SUP, Kite, Foil, Wing","publisher":{"@id":"https:\/\/srokacompany.com\/de\/#organization"},"potentialAction":[{"@type":"SearchAction","target":{"@type":"EntryPoint","urlTemplate":"https:\/\/srokacompany.com\/de\/?s={search_term_string}"},"query-input":{"@type":"PropertyValueSpecification","valueRequired":true,"valueName":"search_term_string"}}],"inLanguage":"de"},{"@type":"Organization","@id":"https:\/\/srokacompany.com\/de\/#organization","name":"SROKACOMPANY","alternateName":"SROKA","url":"https:\/\/srokacompany.com\/de\/","logo":{"@type":"ImageObject","inLanguage":"de","@id":"https:\/\/srokacompany.com\/de\/#\/schema\/logo\/image\/","url":"https:\/\/srokacompany.com\/wp-content\/uploads\/2021\/01\/logo-sroka-black-transpa.png","contentUrl":"https:\/\/srokacompany.com\/wp-content\/uploads\/2021\/01\/logo-sroka-black-transpa.png","width":1201,"height":342,"caption":"SROKACOMPANY"},"image":{"@id":"https:\/\/srokacompany.com\/de\/#\/schema\/logo\/image\/"},"sameAs":["https:\/\/www.facebook.com\/srokawatersports\/","https:\/\/www.instagram.com\/srokawatersports\/","https:\/\/www.youtube.com\/channel\/UCVLHHeaPIm-J5bdEUgxqtZA"]}]}},"uagb_featured_image_src":{"full":["https:\/\/srokacompany.com\/wp-content\/uploads\/2018\/01\/Sup-geant-XL.jpg",780,1040,false],"thumbnail":["https:\/\/srokacompany.com\/wp-content\/uploads\/2018\/01\/Sup-geant-XL-150x150.jpg",150,150,true],"medium":["https:\/\/srokacompany.com\/wp-content\/uploads\/2018\/01\/Sup-geant-XL-225x300.jpg",225,300,true],"medium_large":["https:\/\/srokacompany.com\/wp-content\/uploads\/2018\/01\/Sup-geant-XL-768x1024.jpg",768,1024,true],"large":["https:\/\/srokacompany.com\/wp-content\/uploads\/2018\/01\/Sup-geant-XL-768x1024.jpg",768,1024,true],"1536x1536":["https:\/\/srokacompany.com\/wp-content\/uploads\/2018\/01\/Sup-geant-XL.jpg",780,1040,false],"2048x2048":["https:\/\/srokacompany.com\/wp-content\/uploads\/2018\/01\/Sup-geant-XL.jpg",780,1040,false],"woocommerce_thumbnail":["https:\/\/srokacompany.com\/wp-content\/uploads\/2018\/01\/Sup-geant-XL-600x800.jpg",600,800,true],"woocommerce_single":["https:\/\/srokacompany.com\/wp-content\/uploads\/2018\/01\/Sup-geant-XL-600x800.jpg",600,800,true],"woocommerce_gallery_thumbnail":["https:\/\/srokacompany.com\/wp-content\/uploads\/2018\/01\/Sup-geant-XL-100x100.jpg",100,100,true],"dgwt-wcas-product-suggestion":["https:\/\/srokacompany.com\/wp-content\/uploads\/2018\/01\/Sup-geant-XL.jpg",64,85,false]},"uagb_author_info":{"display_name":"Bruno Sroka","author_link":"https:\/\/srokacompany.com\/de\/blog\/author\/"},"uagb_comment_info":0,"uagb_excerpt":"Sup Gean XL bis zu 6 Personen","jetpack_sharing_enabled":true,"_links":{"self":[{"href":"https:\/\/srokacompany.com\/de\/wp-json\/wp\/v2\/product\/346562","targetHints":{"allow":["GET"]}}],"collection":[{"href":"https:\/\/srokacompany.com\/de\/wp-json\/wp\/v2\/product"}],"about":[{"href":"https:\/\/srokacompany.com\/de\/wp-json\/wp\/v2\/types\/product"}],"wp:featuredmedia":[{"embeddable":true,"href":"https:\/\/srokacompany.com\/de\/wp-json\/wp\/v2\/media\/346563"}],"wp:attachment":[{"href":"https:\/\/srokacompany.com\/de\/wp-json\/wp\/v2\/media?parent=346562"}],"wp:term":[{"taxonomy":"product_brand","embeddable":true,"href":"https:\/\/srokacompany.com\/de\/wp-json\/wp\/v2\/product_brand?post=346562"},{"taxonomy":"product_cat","embeddable":true,"href":"https:\/\/srokacompany.com\/de\/wp-json\/wp\/v2\/product_cat?post=346562"},{"taxonomy":"product_tag","embeddable":true,"href":"https:\/\/srokacompany.com\/de\/wp-json\/wp\/v2\/product_tag?post=346562"}],"curies":[{"name":"wp","href":"https:\/\/api.w.org\/{rel}","templated":true}]}}