{"id":346662,"date":"2018-01-10T14:36:55","date_gmt":"2018-01-10T14:36:55","guid":{"rendered":"https:\/\/srokacompany.com\/produit\/aufblasbares-paddel-riesen-xxl\/"},"modified":"2026-02-06T19:48:29","modified_gmt":"2026-02-06T17:48:29","slug":"aufblasbares-paddel-riesen-xxl","status":"publish","type":"product","link":"https:\/\/srokacompany.com\/de\/produkt\/aufblasbares-paddel-riesen-xxl\/","title":{"rendered":"Aufblasbares Paddel Riesen XXL"},"content":{"rendered":"<hr>\n<h2><strong>MIT DER FAMILIE ODER MIT FREUNDEN RUTSCHEN :<\/strong><\/h2>\n<div class=\"page\" title=\"Seite 1\">\n<div class=\"section\">\n<div class=\"layoutArea\">\n<div class=\"column\">\n<p>Wenn das Sup XL 200% Spa\u00df bedeutet, dann bedeutet das XXL 300% Spa\u00df.<br \/>\nUnsere XL-Serie wurde entwickelt, um Ihre Leidenschaft f\u00fcr das Paddeln mit mehreren Personen zu teilen. F\u00fcr 2 bis 8 Personen ist dieses aufblasbare XXL-Paddel perfekt, um die Freuden des Paddelns mit Freunden zu entdecken. Dar\u00fcber hinaus eignet sich dieses Board zum Entdecken kleiner Wellen mit einem Boot, das Platz f\u00fcr bis zu 8 Personen bietet. Dies macht es zu einem idealen Produkt f\u00fcr gro\u00dfe Familien oder gro\u00dfe Gruppen von Freunden.<\/p>\n<p>Das SROKA-Team legt gro\u00dfen Wert auf langlebige Produkte. Deshalb haben wir die XL-Reihe verst\u00e4rkt (mehr Schichten auf den Schienen), um eine maximale Haltbarkeit zu gew\u00e4hrleisten. Der Vorteil dieser Verst\u00e4rkung ist, dass das Paddle auch hohen Temperaturen standhalten kann. <\/p>\n<p>Wenn du richtig viel Spa\u00df haben willst, solltest du dich f\u00fcr die XXL-Reihe entscheiden.<br \/>\nZ\u00f6gern Sie nicht l\u00e4nger!<\/p>\n<\/div>\n<\/div>\n<\/div>\n<\/div>\n<h3><a href=\"https:\/\/srokacompany.com\/de\/warum-sroka-boards\/\" target=\"_blank\" rel=\"noopener noreferrer\">Warum Sie sich f\u00fcr SROKA-Produkte entscheiden sollten<\/a><\/h3>\n<p class=\"p1\"><span class=\"s1\"> <\/span><\/p>\n","protected":false},"excerpt":{"rendered":"<p>XXL-Paddle bis zu 10 Personen<\/p>\n","protected":false},"featured_media":346663,"template":"","meta":{"_acf_changed":false,"_uag_custom_page_level_css":""},"product_brand":[],"product_cat":[3620,3896],"product_tag":[3441],"class_list":{"0":"post-346662","1":"product","2":"type-product","3":"status-publish","4":"has-post-thumbnail","6":"product_cat-aufblasbare-paddel","7":"product_cat-brett-von-sup","8":"product_tag-anfanger","9":"product_shipping_class-sup-riesen","11":"first","12":"onbackorder","13":"taxable","14":"shipping-taxable","15":"purchasable","16":"product-type-simple"},"acf":[],"yoast_head":"<!-- This site is optimized with the Yoast SEO plugin v27.4 - https:\/\/yoast.com\/product\/yoast-seo-wordpress\/ -->\n<title>Aufblasbares Riesenpaddel XXL 2-8 Personen - SROKA Company<\/title>\n<meta name=\"description\" content=\"Das Giant XXL Inflatable Paddle ist zum Teilen konzipiert. Von 2 bis 8 Personen ist dieses SUP ideal, um mit Freunden Spa\u00df auf dem Wasser und in den Wellen zu haben.\" \/>\n<meta name=\"robots\" content=\"index, follow, max-snippet:-1, max-image-preview:large, max-video-preview:-1\" \/>\n<link rel=\"canonical\" href=\"https:\/\/srokacompany.com\/de\/produkt\/aufblasbares-paddel-riesen-xxl\/\" \/>\n<meta property=\"og:locale\" content=\"de_DE\" \/>\n<meta property=\"og:type\" content=\"article\" \/>\n<meta property=\"og:title\" content=\"Aufblasbares Riesenpaddel XXL 2-8 Personen - SROKA Company\" \/>\n<meta property=\"og:description\" content=\"Das Giant XXL Inflatable Paddle ist zum Teilen konzipiert. Von 2 bis 8 Personen ist dieses SUP ideal, um mit Freunden Spa\u00df auf dem Wasser und in den Wellen zu haben.\" \/>\n<meta property=\"og:url\" content=\"https:\/\/srokacompany.com\/de\/produkt\/aufblasbares-paddel-riesen-xxl\/\" \/>\n<meta property=\"og:site_name\" content=\"SROKA Company\" \/>\n<meta property=\"article:publisher\" content=\"https:\/\/www.facebook.com\/srokawatersports\/\" \/>\n<meta property=\"article:modified_time\" content=\"2026-02-06T17:48:29+00:00\" \/>\n<meta property=\"og:image\" content=\"https:\/\/srokacompany.com\/wp-content\/uploads\/2018\/01\/Sup-geant-XXL-.jpg\" \/>\n\t<meta property=\"og:image:width\" content=\"780\" \/>\n\t<meta property=\"og:image:height\" content=\"1040\" \/>\n\t<meta property=\"og:image:type\" content=\"image\/jpeg\" \/>\n<meta name=\"twitter:label1\" content=\"Gesch\u00e4tzte Lesezeit\" \/>\n\t<meta name=\"twitter:data1\" content=\"1\u00a0Minute\" \/>\n<script type=\"application\/ld+json\" class=\"yoast-schema-graph\">{\"@context\":\"https:\\\/\\\/schema.org\",\"@graph\":[{\"@type\":\"WebPage\",\"@id\":\"https:\\\/\\\/srokacompany.com\\\/de\\\/produkt\\\/aufblasbares-paddel-riesen-xxl\\\/\",\"url\":\"https:\\\/\\\/srokacompany.com\\\/de\\\/produkt\\\/aufblasbares-paddel-riesen-xxl\\\/\",\"name\":\"Aufblasbares Riesenpaddel XXL 2-8 Personen - SROKA Company\",\"isPartOf\":{\"@id\":\"https:\\\/\\\/srokacompany.com\\\/de\\\/#website\"},\"primaryImageOfPage\":{\"@id\":\"https:\\\/\\\/srokacompany.com\\\/de\\\/produkt\\\/aufblasbares-paddel-riesen-xxl\\\/#primaryimage\"},\"image\":{\"@id\":\"https:\\\/\\\/srokacompany.com\\\/de\\\/produkt\\\/aufblasbares-paddel-riesen-xxl\\\/#primaryimage\"},\"thumbnailUrl\":\"https:\\\/\\\/srokacompany.com\\\/wp-content\\\/uploads\\\/2018\\\/01\\\/Sup-geant-XXL-.jpg\",\"datePublished\":\"2018-01-10T14:36:55+00:00\",\"dateModified\":\"2026-02-06T17:48:29+00:00\",\"description\":\"Das Giant XXL Inflatable Paddle ist zum Teilen konzipiert. Von 2 bis 8 Personen ist dieses SUP ideal, um mit Freunden Spa\u00df auf dem Wasser und in den Wellen zu haben.\",\"breadcrumb\":{\"@id\":\"https:\\\/\\\/srokacompany.com\\\/de\\\/produkt\\\/aufblasbares-paddel-riesen-xxl\\\/#breadcrumb\"},\"inLanguage\":\"de\",\"potentialAction\":[{\"@type\":\"ReadAction\",\"target\":[\"https:\\\/\\\/srokacompany.com\\\/de\\\/produkt\\\/aufblasbares-paddel-riesen-xxl\\\/\"]}]},{\"@type\":\"ImageObject\",\"inLanguage\":\"de\",\"@id\":\"https:\\\/\\\/srokacompany.com\\\/de\\\/produkt\\\/aufblasbares-paddel-riesen-xxl\\\/#primaryimage\",\"url\":\"https:\\\/\\\/srokacompany.com\\\/wp-content\\\/uploads\\\/2018\\\/01\\\/Sup-geant-XXL-.jpg\",\"contentUrl\":\"https:\\\/\\\/srokacompany.com\\\/wp-content\\\/uploads\\\/2018\\\/01\\\/Sup-geant-XXL-.jpg\",\"width\":780,\"height\":1040,\"caption\":\"Sup geant XXL\"},{\"@type\":\"BreadcrumbList\",\"@id\":\"https:\\\/\\\/srokacompany.com\\\/de\\\/produkt\\\/aufblasbares-paddel-riesen-xxl\\\/#breadcrumb\",\"itemListElement\":[{\"@type\":\"ListItem\",\"position\":1,\"name\":\"Accueil\",\"item\":\"https:\\\/\\\/srokacompany.com\\\/de\\\/\"},{\"@type\":\"ListItem\",\"position\":2,\"name\":\"Laden\",\"item\":\"https:\\\/\\\/srokacompany.com\\\/laden\\\/\"},{\"@type\":\"ListItem\",\"position\":3,\"name\":\"Aufblasbares Paddel Riesen XXL\"}]},{\"@type\":\"WebSite\",\"@id\":\"https:\\\/\\\/srokacompany.com\\\/de\\\/#website\",\"url\":\"https:\\\/\\\/srokacompany.com\\\/de\\\/\",\"name\":\"SROKA Company\",\"description\":\"SUP, Kite, Foil, Wing\",\"publisher\":{\"@id\":\"https:\\\/\\\/srokacompany.com\\\/de\\\/#organization\"},\"potentialAction\":[{\"@type\":\"SearchAction\",\"target\":{\"@type\":\"EntryPoint\",\"urlTemplate\":\"https:\\\/\\\/srokacompany.com\\\/de\\\/?s={search_term_string}\"},\"query-input\":{\"@type\":\"PropertyValueSpecification\",\"valueRequired\":true,\"valueName\":\"search_term_string\"}}],\"inLanguage\":\"de\"},{\"@type\":\"Organization\",\"@id\":\"https:\\\/\\\/srokacompany.com\\\/de\\\/#organization\",\"name\":\"SROKACOMPANY\",\"alternateName\":\"SROKA\",\"url\":\"https:\\\/\\\/srokacompany.com\\\/de\\\/\",\"logo\":{\"@type\":\"ImageObject\",\"inLanguage\":\"de\",\"@id\":\"https:\\\/\\\/srokacompany.com\\\/de\\\/#\\\/schema\\\/logo\\\/image\\\/\",\"url\":\"https:\\\/\\\/srokacompany.com\\\/wp-content\\\/uploads\\\/2021\\\/01\\\/logo-sroka-black-transpa.png\",\"contentUrl\":\"https:\\\/\\\/srokacompany.com\\\/wp-content\\\/uploads\\\/2021\\\/01\\\/logo-sroka-black-transpa.png\",\"width\":1201,\"height\":342,\"caption\":\"SROKACOMPANY\"},\"image\":{\"@id\":\"https:\\\/\\\/srokacompany.com\\\/de\\\/#\\\/schema\\\/logo\\\/image\\\/\"},\"sameAs\":[\"https:\\\/\\\/www.facebook.com\\\/srokawatersports\\\/\",\"https:\\\/\\\/www.instagram.com\\\/srokawatersports\\\/\",\"https:\\\/\\\/www.youtube.com\\\/channel\\\/UCVLHHeaPIm-J5bdEUgxqtZA\"]}]}<\/script>\n<!-- \/ Yoast SEO plugin. -->","yoast_head_json":{"title":"Aufblasbares Riesenpaddel XXL 2-8 Personen - SROKA Company","description":"Das Giant XXL Inflatable Paddle ist zum Teilen konzipiert. Von 2 bis 8 Personen ist dieses SUP ideal, um mit Freunden Spa\u00df auf dem Wasser und in den Wellen zu haben.","robots":{"index":"index","follow":"follow","max-snippet":"max-snippet:-1","max-image-preview":"max-image-preview:large","max-video-preview":"max-video-preview:-1"},"canonical":"https:\/\/srokacompany.com\/de\/produkt\/aufblasbares-paddel-riesen-xxl\/","og_locale":"de_DE","og_type":"article","og_title":"Aufblasbares Riesenpaddel XXL 2-8 Personen - SROKA Company","og_description":"Das Giant XXL Inflatable Paddle ist zum Teilen konzipiert. Von 2 bis 8 Personen ist dieses SUP ideal, um mit Freunden Spa\u00df auf dem Wasser und in den Wellen zu haben.","og_url":"https:\/\/srokacompany.com\/de\/produkt\/aufblasbares-paddel-riesen-xxl\/","og_site_name":"SROKA Company","article_publisher":"https:\/\/www.facebook.com\/srokawatersports\/","article_modified_time":"2026-02-06T17:48:29+00:00","og_image":[{"width":780,"height":1040,"url":"https:\/\/srokacompany.com\/wp-content\/uploads\/2018\/01\/Sup-geant-XXL-.jpg","type":"image\/jpeg"}],"twitter_misc":{"Gesch\u00e4tzte Lesezeit":"1\u00a0Minute"},"schema":{"@context":"https:\/\/schema.org","@graph":[{"@type":"WebPage","@id":"https:\/\/srokacompany.com\/de\/produkt\/aufblasbares-paddel-riesen-xxl\/","url":"https:\/\/srokacompany.com\/de\/produkt\/aufblasbares-paddel-riesen-xxl\/","name":"Aufblasbares Riesenpaddel XXL 2-8 Personen - SROKA Company","isPartOf":{"@id":"https:\/\/srokacompany.com\/de\/#website"},"primaryImageOfPage":{"@id":"https:\/\/srokacompany.com\/de\/produkt\/aufblasbares-paddel-riesen-xxl\/#primaryimage"},"image":{"@id":"https:\/\/srokacompany.com\/de\/produkt\/aufblasbares-paddel-riesen-xxl\/#primaryimage"},"thumbnailUrl":"https:\/\/srokacompany.com\/wp-content\/uploads\/2018\/01\/Sup-geant-XXL-.jpg","datePublished":"2018-01-10T14:36:55+00:00","dateModified":"2026-02-06T17:48:29+00:00","description":"Das Giant XXL Inflatable Paddle ist zum Teilen konzipiert. Von 2 bis 8 Personen ist dieses SUP ideal, um mit Freunden Spa\u00df auf dem Wasser und in den Wellen zu haben.","breadcrumb":{"@id":"https:\/\/srokacompany.com\/de\/produkt\/aufblasbares-paddel-riesen-xxl\/#breadcrumb"},"inLanguage":"de","potentialAction":[{"@type":"ReadAction","target":["https:\/\/srokacompany.com\/de\/produkt\/aufblasbares-paddel-riesen-xxl\/"]}]},{"@type":"ImageObject","inLanguage":"de","@id":"https:\/\/srokacompany.com\/de\/produkt\/aufblasbares-paddel-riesen-xxl\/#primaryimage","url":"https:\/\/srokacompany.com\/wp-content\/uploads\/2018\/01\/Sup-geant-XXL-.jpg","contentUrl":"https:\/\/srokacompany.com\/wp-content\/uploads\/2018\/01\/Sup-geant-XXL-.jpg","width":780,"height":1040,"caption":"Sup geant XXL"},{"@type":"BreadcrumbList","@id":"https:\/\/srokacompany.com\/de\/produkt\/aufblasbares-paddel-riesen-xxl\/#breadcrumb","itemListElement":[{"@type":"ListItem","position":1,"name":"Accueil","item":"https:\/\/srokacompany.com\/de\/"},{"@type":"ListItem","position":2,"name":"Laden","item":"https:\/\/srokacompany.com\/laden\/"},{"@type":"ListItem","position":3,"name":"Aufblasbares Paddel Riesen XXL"}]},{"@type":"WebSite","@id":"https:\/\/srokacompany.com\/de\/#website","url":"https:\/\/srokacompany.com\/de\/","name":"SROKA Company","description":"SUP, Kite, Foil, Wing","publisher":{"@id":"https:\/\/srokacompany.com\/de\/#organization"},"potentialAction":[{"@type":"SearchAction","target":{"@type":"EntryPoint","urlTemplate":"https:\/\/srokacompany.com\/de\/?s={search_term_string}"},"query-input":{"@type":"PropertyValueSpecification","valueRequired":true,"valueName":"search_term_string"}}],"inLanguage":"de"},{"@type":"Organization","@id":"https:\/\/srokacompany.com\/de\/#organization","name":"SROKACOMPANY","alternateName":"SROKA","url":"https:\/\/srokacompany.com\/de\/","logo":{"@type":"ImageObject","inLanguage":"de","@id":"https:\/\/srokacompany.com\/de\/#\/schema\/logo\/image\/","url":"https:\/\/srokacompany.com\/wp-content\/uploads\/2021\/01\/logo-sroka-black-transpa.png","contentUrl":"https:\/\/srokacompany.com\/wp-content\/uploads\/2021\/01\/logo-sroka-black-transpa.png","width":1201,"height":342,"caption":"SROKACOMPANY"},"image":{"@id":"https:\/\/srokacompany.com\/de\/#\/schema\/logo\/image\/"},"sameAs":["https:\/\/www.facebook.com\/srokawatersports\/","https:\/\/www.instagram.com\/srokawatersports\/","https:\/\/www.youtube.com\/channel\/UCVLHHeaPIm-J5bdEUgxqtZA"]}]}},"uagb_featured_image_src":{"full":["https:\/\/srokacompany.com\/wp-content\/uploads\/2018\/01\/Sup-geant-XXL-.jpg",780,1040,false],"thumbnail":["https:\/\/srokacompany.com\/wp-content\/uploads\/2018\/01\/Sup-geant-XXL--150x150.jpg",150,150,true],"medium":["https:\/\/srokacompany.com\/wp-content\/uploads\/2018\/01\/Sup-geant-XXL--225x300.jpg",225,300,true],"medium_large":["https:\/\/srokacompany.com\/wp-content\/uploads\/2018\/01\/Sup-geant-XXL--768x1024.jpg",768,1024,true],"large":["https:\/\/srokacompany.com\/wp-content\/uploads\/2018\/01\/Sup-geant-XXL--768x1024.jpg",768,1024,true],"1536x1536":["https:\/\/srokacompany.com\/wp-content\/uploads\/2018\/01\/Sup-geant-XXL-.jpg",780,1040,false],"2048x2048":["https:\/\/srokacompany.com\/wp-content\/uploads\/2018\/01\/Sup-geant-XXL-.jpg",780,1040,false],"woocommerce_thumbnail":["https:\/\/srokacompany.com\/wp-content\/uploads\/2018\/01\/Sup-geant-XXL--600x800.jpg",600,800,true],"woocommerce_single":["https:\/\/srokacompany.com\/wp-content\/uploads\/2018\/01\/Sup-geant-XXL--600x800.jpg",600,800,true],"woocommerce_gallery_thumbnail":["https:\/\/srokacompany.com\/wp-content\/uploads\/2018\/01\/Sup-geant-XXL--100x100.jpg",100,100,true],"dgwt-wcas-product-suggestion":["https:\/\/srokacompany.com\/wp-content\/uploads\/2018\/01\/Sup-geant-XXL-.jpg",64,85,false]},"uagb_author_info":{"display_name":"Bruno Sroka","author_link":"https:\/\/srokacompany.com\/de\/blog\/author\/"},"uagb_comment_info":0,"uagb_excerpt":"XXL-Paddle bis zu 10 Personen","jetpack_sharing_enabled":true,"_links":{"self":[{"href":"https:\/\/srokacompany.com\/de\/wp-json\/wp\/v2\/product\/346662","targetHints":{"allow":["GET"]}}],"collection":[{"href":"https:\/\/srokacompany.com\/de\/wp-json\/wp\/v2\/product"}],"about":[{"href":"https:\/\/srokacompany.com\/de\/wp-json\/wp\/v2\/types\/product"}],"wp:featuredmedia":[{"embeddable":true,"href":"https:\/\/srokacompany.com\/de\/wp-json\/wp\/v2\/media\/346663"}],"wp:attachment":[{"href":"https:\/\/srokacompany.com\/de\/wp-json\/wp\/v2\/media?parent=346662"}],"wp:term":[{"taxonomy":"product_brand","embeddable":true,"href":"https:\/\/srokacompany.com\/de\/wp-json\/wp\/v2\/product_brand?post=346662"},{"taxonomy":"product_cat","embeddable":true,"href":"https:\/\/srokacompany.com\/de\/wp-json\/wp\/v2\/product_cat?post=346662"},{"taxonomy":"product_tag","embeddable":true,"href":"https:\/\/srokacompany.com\/de\/wp-json\/wp\/v2\/product_tag?post=346662"}],"curies":[{"name":"wp","href":"https:\/\/api.w.org\/{rel}","templated":true}]}}