{"id":346732,"date":"2018-01-16T14:27:50","date_gmt":"2018-01-16T12:27:50","guid":{"rendered":"https:\/\/srokacompany.com\/produit\/leash-coil-10\/"},"modified":"2025-06-27T00:06:41","modified_gmt":"2025-06-26T22:06:41","slug":"leash-coil-10","status":"publish","type":"product","link":"https:\/\/srokacompany.com\/de\/produkt\/leash-coil-10\/","title":{"rendered":"Leash Coil 10&#8242;"},"content":{"rendered":"<hr>\n<h1>Leash 10&#8242; f\u00fcr SUP und Wingfoil<\/h1>\n<p>Wir bieten Ihnen eine Reihe von leash coil (Telefon) in verschiedenen Farben (Schwarz, Wei\u00df, Rot, Blau und Gr\u00fcn) an. Wir haben besonders auf die Qualit\u00e4t der leash geachtet, mit einem Durchmesser von 8 mm und einem sch\u00f6nen Finish. Diese <strong>10&#8242; Leash f\u00fcr SUP Paddle<\/strong> wurde von Bruno SROKA in der Bretagne unter allen Bedingungen erfolgreich getestet.<br \/>\nDie leash sollte am hinteren Fu\u00df auf Kn\u00f6chelh\u00f6he positioniert werden, um sie optimal nutzen zu k\u00f6nnen.  <\/p>\n<p>Kompatibel mit dem <a href=\"https:\/\/srokacompany.com\/de\/eshop\/aufblasbare-paddel\/\">Stand up Paddle<\/a> und der <a href=\"https:\/\/srokacompany.com\/de\/eshop\/foil-de\/\">Foil<\/a>.<\/p>\n","protected":false},"excerpt":{"rendered":"<p>Wir bieten Ihnen eine Reihe von leash coil (Telefon) in verschiedenen Farben (Schwarz, Wei\u00df, Rot, Blau und Gr\u00fcn) an. Wir haben besonders auf die Qualit\u00e4t der leash geachtet, mit einem Durchmesser von 8 mm und einem sch\u00f6nen Finish. Diese <strong>10&#8242; Leash f\u00fcr SUP<\/strong> wurde von Bruno SROKA in der Bretagne unter allen Bedingungen erfolgreich getestet. Die leash sollte f\u00fcr eine optimale Nutzung am hinteren Fu\u00df auf Kn\u00f6chelh\u00f6he positioniert werden.   <\/p>\n","protected":false},"featured_media":337062,"template":"","meta":{"_acf_changed":false,"_uag_custom_page_level_css":""},"product_brand":[],"product_cat":[3620,3841,3578,3592,3453,3591],"product_tag":[],"class_list":{"0":"post-346732","1":"product","2":"type-product","3":"status-publish","4":"has-post-thumbnail","6":"product_cat-aufblasbare-paddel","7":"product_cat-leash-paddle-de","8":"product_cat-paddle-zubehor","9":"product_cat-surf-zubehor-foil","10":"product_cat-wing-foil-de","11":"product_cat-zubehor-foil","12":"product_shipping_class-small-shipping-de","14":"first","15":"instock","16":"taxable","17":"shipping-taxable","18":"purchasable","19":"product-type-variable","20":"has-default-attributes"},"acf":[],"yoast_head":"<!-- This site is optimized with the Yoast SEO plugin v27.4 - https:\/\/yoast.com\/product\/yoast-seo-wordpress\/ -->\n<title>Leash Coil 10&#039; - SROKA Company - Zubeh\u00f6r Stand up Paddle<\/title>\n<meta name=\"description\" content=\"Diese coiled Leash 10&#039; f\u00fcr SUP ist perfekt geeignet f\u00fcr Stand up paddle, Surfen und foil. Durchmesser 8 mm und 4 Farben.\" \/>\n<meta name=\"robots\" content=\"index, follow, max-snippet:-1, max-image-preview:large, max-video-preview:-1\" \/>\n<link rel=\"canonical\" href=\"https:\/\/srokacompany.com\/de\/produkt\/leash-coil-10\/\" \/>\n<meta property=\"og:locale\" content=\"de_DE\" \/>\n<meta property=\"og:type\" content=\"article\" \/>\n<meta property=\"og:title\" content=\"Leash Coil 10&#039; - SROKA Company - Zubeh\u00f6r Stand up Paddle\" \/>\n<meta property=\"og:description\" content=\"Diese coiled Leash 10&#039; f\u00fcr SUP ist perfekt geeignet f\u00fcr Stand up paddle, Surfen und foil. Durchmesser 8 mm und 4 Farben.\" \/>\n<meta property=\"og:url\" content=\"https:\/\/srokacompany.com\/de\/produkt\/leash-coil-10\/\" \/>\n<meta property=\"og:site_name\" content=\"SROKA Company\" \/>\n<meta property=\"article:publisher\" content=\"https:\/\/www.facebook.com\/srokawatersports\/\" \/>\n<meta property=\"article:modified_time\" content=\"2025-06-26T22:06:41+00:00\" \/>\n<meta property=\"og:image\" content=\"https:\/\/srokacompany.com\/wp-content\/uploads\/2018\/01\/full-set-coiled-leash-10-sketch.jpg\" \/>\n\t<meta property=\"og:image:width\" content=\"780\" \/>\n\t<meta property=\"og:image:height\" content=\"1040\" \/>\n\t<meta property=\"og:image:type\" content=\"image\/jpeg\" \/>\n<script type=\"application\/ld+json\" class=\"yoast-schema-graph\">{\"@context\":\"https:\\\/\\\/schema.org\",\"@graph\":[{\"@type\":\"WebPage\",\"@id\":\"https:\\\/\\\/srokacompany.com\\\/de\\\/produkt\\\/leash-coil-10\\\/\",\"url\":\"https:\\\/\\\/srokacompany.com\\\/de\\\/produkt\\\/leash-coil-10\\\/\",\"name\":\"Leash Coil 10' - SROKA Company - Zubeh\u00f6r Stand up Paddle\",\"isPartOf\":{\"@id\":\"https:\\\/\\\/srokacompany.com\\\/de\\\/#website\"},\"primaryImageOfPage\":{\"@id\":\"https:\\\/\\\/srokacompany.com\\\/de\\\/produkt\\\/leash-coil-10\\\/#primaryimage\"},\"image\":{\"@id\":\"https:\\\/\\\/srokacompany.com\\\/de\\\/produkt\\\/leash-coil-10\\\/#primaryimage\"},\"thumbnailUrl\":\"https:\\\/\\\/srokacompany.com\\\/wp-content\\\/uploads\\\/2018\\\/01\\\/full-set-coiled-leash-10-sketch.jpg\",\"datePublished\":\"2018-01-16T12:27:50+00:00\",\"dateModified\":\"2025-06-26T22:06:41+00:00\",\"description\":\"Diese coiled Leash 10' f\u00fcr SUP ist perfekt geeignet f\u00fcr Stand up paddle, Surfen und foil. Durchmesser 8 mm und 4 Farben.\",\"breadcrumb\":{\"@id\":\"https:\\\/\\\/srokacompany.com\\\/de\\\/produkt\\\/leash-coil-10\\\/#breadcrumb\"},\"inLanguage\":\"de\",\"potentialAction\":[{\"@type\":\"ReadAction\",\"target\":[\"https:\\\/\\\/srokacompany.com\\\/de\\\/produkt\\\/leash-coil-10\\\/\"]}]},{\"@type\":\"ImageObject\",\"inLanguage\":\"de\",\"@id\":\"https:\\\/\\\/srokacompany.com\\\/de\\\/produkt\\\/leash-coil-10\\\/#primaryimage\",\"url\":\"https:\\\/\\\/srokacompany.com\\\/wp-content\\\/uploads\\\/2018\\\/01\\\/full-set-coiled-leash-10-sketch.jpg\",\"contentUrl\":\"https:\\\/\\\/srokacompany.com\\\/wp-content\\\/uploads\\\/2018\\\/01\\\/full-set-coiled-leash-10-sketch.jpg\",\"width\":780,\"height\":1040,\"caption\":\"Ultrafestes 10' Coiled Leash\"},{\"@type\":\"BreadcrumbList\",\"@id\":\"https:\\\/\\\/srokacompany.com\\\/de\\\/produkt\\\/leash-coil-10\\\/#breadcrumb\",\"itemListElement\":[{\"@type\":\"ListItem\",\"position\":1,\"name\":\"Accueil\",\"item\":\"https:\\\/\\\/srokacompany.com\\\/de\\\/\"},{\"@type\":\"ListItem\",\"position\":2,\"name\":\"Laden\",\"item\":\"https:\\\/\\\/srokacompany.com\\\/laden\\\/\"},{\"@type\":\"ListItem\",\"position\":3,\"name\":\"Leash Coil 10&#8242;\"}]},{\"@type\":\"WebSite\",\"@id\":\"https:\\\/\\\/srokacompany.com\\\/de\\\/#website\",\"url\":\"https:\\\/\\\/srokacompany.com\\\/de\\\/\",\"name\":\"SROKA Company\",\"description\":\"SUP, Kite, Foil, Wing\",\"publisher\":{\"@id\":\"https:\\\/\\\/srokacompany.com\\\/de\\\/#organization\"},\"potentialAction\":[{\"@type\":\"SearchAction\",\"target\":{\"@type\":\"EntryPoint\",\"urlTemplate\":\"https:\\\/\\\/srokacompany.com\\\/de\\\/?s={search_term_string}\"},\"query-input\":{\"@type\":\"PropertyValueSpecification\",\"valueRequired\":true,\"valueName\":\"search_term_string\"}}],\"inLanguage\":\"de\"},{\"@type\":\"Organization\",\"@id\":\"https:\\\/\\\/srokacompany.com\\\/de\\\/#organization\",\"name\":\"SROKACOMPANY\",\"alternateName\":\"SROKA\",\"url\":\"https:\\\/\\\/srokacompany.com\\\/de\\\/\",\"logo\":{\"@type\":\"ImageObject\",\"inLanguage\":\"de\",\"@id\":\"https:\\\/\\\/srokacompany.com\\\/de\\\/#\\\/schema\\\/logo\\\/image\\\/\",\"url\":\"https:\\\/\\\/srokacompany.com\\\/wp-content\\\/uploads\\\/2021\\\/01\\\/logo-sroka-black-transpa.png\",\"contentUrl\":\"https:\\\/\\\/srokacompany.com\\\/wp-content\\\/uploads\\\/2021\\\/01\\\/logo-sroka-black-transpa.png\",\"width\":1201,\"height\":342,\"caption\":\"SROKACOMPANY\"},\"image\":{\"@id\":\"https:\\\/\\\/srokacompany.com\\\/de\\\/#\\\/schema\\\/logo\\\/image\\\/\"},\"sameAs\":[\"https:\\\/\\\/www.facebook.com\\\/srokawatersports\\\/\",\"https:\\\/\\\/www.instagram.com\\\/srokawatersports\\\/\",\"https:\\\/\\\/www.youtube.com\\\/channel\\\/UCVLHHeaPIm-J5bdEUgxqtZA\"]}]}<\/script>\n<!-- \/ Yoast SEO plugin. -->","yoast_head_json":{"title":"Leash Coil 10' - SROKA Company - Zubeh\u00f6r Stand up Paddle","description":"Diese coiled Leash 10' f\u00fcr SUP ist perfekt geeignet f\u00fcr Stand up paddle, Surfen und foil. Durchmesser 8 mm und 4 Farben.","robots":{"index":"index","follow":"follow","max-snippet":"max-snippet:-1","max-image-preview":"max-image-preview:large","max-video-preview":"max-video-preview:-1"},"canonical":"https:\/\/srokacompany.com\/de\/produkt\/leash-coil-10\/","og_locale":"de_DE","og_type":"article","og_title":"Leash Coil 10' - SROKA Company - Zubeh\u00f6r Stand up Paddle","og_description":"Diese coiled Leash 10' f\u00fcr SUP ist perfekt geeignet f\u00fcr Stand up paddle, Surfen und foil. Durchmesser 8 mm und 4 Farben.","og_url":"https:\/\/srokacompany.com\/de\/produkt\/leash-coil-10\/","og_site_name":"SROKA Company","article_publisher":"https:\/\/www.facebook.com\/srokawatersports\/","article_modified_time":"2025-06-26T22:06:41+00:00","og_image":[{"width":780,"height":1040,"url":"https:\/\/srokacompany.com\/wp-content\/uploads\/2018\/01\/full-set-coiled-leash-10-sketch.jpg","type":"image\/jpeg"}],"schema":{"@context":"https:\/\/schema.org","@graph":[{"@type":"WebPage","@id":"https:\/\/srokacompany.com\/de\/produkt\/leash-coil-10\/","url":"https:\/\/srokacompany.com\/de\/produkt\/leash-coil-10\/","name":"Leash Coil 10' - SROKA Company - Zubeh\u00f6r Stand up Paddle","isPartOf":{"@id":"https:\/\/srokacompany.com\/de\/#website"},"primaryImageOfPage":{"@id":"https:\/\/srokacompany.com\/de\/produkt\/leash-coil-10\/#primaryimage"},"image":{"@id":"https:\/\/srokacompany.com\/de\/produkt\/leash-coil-10\/#primaryimage"},"thumbnailUrl":"https:\/\/srokacompany.com\/wp-content\/uploads\/2018\/01\/full-set-coiled-leash-10-sketch.jpg","datePublished":"2018-01-16T12:27:50+00:00","dateModified":"2025-06-26T22:06:41+00:00","description":"Diese coiled Leash 10' f\u00fcr SUP ist perfekt geeignet f\u00fcr Stand up paddle, Surfen und foil. Durchmesser 8 mm und 4 Farben.","breadcrumb":{"@id":"https:\/\/srokacompany.com\/de\/produkt\/leash-coil-10\/#breadcrumb"},"inLanguage":"de","potentialAction":[{"@type":"ReadAction","target":["https:\/\/srokacompany.com\/de\/produkt\/leash-coil-10\/"]}]},{"@type":"ImageObject","inLanguage":"de","@id":"https:\/\/srokacompany.com\/de\/produkt\/leash-coil-10\/#primaryimage","url":"https:\/\/srokacompany.com\/wp-content\/uploads\/2018\/01\/full-set-coiled-leash-10-sketch.jpg","contentUrl":"https:\/\/srokacompany.com\/wp-content\/uploads\/2018\/01\/full-set-coiled-leash-10-sketch.jpg","width":780,"height":1040,"caption":"Ultrafestes 10' Coiled Leash"},{"@type":"BreadcrumbList","@id":"https:\/\/srokacompany.com\/de\/produkt\/leash-coil-10\/#breadcrumb","itemListElement":[{"@type":"ListItem","position":1,"name":"Accueil","item":"https:\/\/srokacompany.com\/de\/"},{"@type":"ListItem","position":2,"name":"Laden","item":"https:\/\/srokacompany.com\/laden\/"},{"@type":"ListItem","position":3,"name":"Leash Coil 10&#8242;"}]},{"@type":"WebSite","@id":"https:\/\/srokacompany.com\/de\/#website","url":"https:\/\/srokacompany.com\/de\/","name":"SROKA Company","description":"SUP, Kite, Foil, Wing","publisher":{"@id":"https:\/\/srokacompany.com\/de\/#organization"},"potentialAction":[{"@type":"SearchAction","target":{"@type":"EntryPoint","urlTemplate":"https:\/\/srokacompany.com\/de\/?s={search_term_string}"},"query-input":{"@type":"PropertyValueSpecification","valueRequired":true,"valueName":"search_term_string"}}],"inLanguage":"de"},{"@type":"Organization","@id":"https:\/\/srokacompany.com\/de\/#organization","name":"SROKACOMPANY","alternateName":"SROKA","url":"https:\/\/srokacompany.com\/de\/","logo":{"@type":"ImageObject","inLanguage":"de","@id":"https:\/\/srokacompany.com\/de\/#\/schema\/logo\/image\/","url":"https:\/\/srokacompany.com\/wp-content\/uploads\/2021\/01\/logo-sroka-black-transpa.png","contentUrl":"https:\/\/srokacompany.com\/wp-content\/uploads\/2021\/01\/logo-sroka-black-transpa.png","width":1201,"height":342,"caption":"SROKACOMPANY"},"image":{"@id":"https:\/\/srokacompany.com\/de\/#\/schema\/logo\/image\/"},"sameAs":["https:\/\/www.facebook.com\/srokawatersports\/","https:\/\/www.instagram.com\/srokawatersports\/","https:\/\/www.youtube.com\/channel\/UCVLHHeaPIm-J5bdEUgxqtZA"]}]}},"uagb_featured_image_src":{"full":["https:\/\/srokacompany.com\/wp-content\/uploads\/2018\/01\/full-set-coiled-leash-10-sketch.jpg",780,1040,false],"thumbnail":["https:\/\/srokacompany.com\/wp-content\/uploads\/2018\/01\/full-set-coiled-leash-10-sketch-150x150.jpg",150,150,true],"medium":["https:\/\/srokacompany.com\/wp-content\/uploads\/2018\/01\/full-set-coiled-leash-10-sketch-225x300.jpg",225,300,true],"medium_large":["https:\/\/srokacompany.com\/wp-content\/uploads\/2018\/01\/full-set-coiled-leash-10-sketch-768x1024.jpg",768,1024,true],"large":["https:\/\/srokacompany.com\/wp-content\/uploads\/2018\/01\/full-set-coiled-leash-10-sketch-768x1024.jpg",768,1024,true],"1536x1536":["https:\/\/srokacompany.com\/wp-content\/uploads\/2018\/01\/full-set-coiled-leash-10-sketch.jpg",780,1040,false],"2048x2048":["https:\/\/srokacompany.com\/wp-content\/uploads\/2018\/01\/full-set-coiled-leash-10-sketch.jpg",780,1040,false],"woocommerce_thumbnail":["https:\/\/srokacompany.com\/wp-content\/uploads\/2018\/01\/full-set-coiled-leash-10-sketch-600x800.jpg",600,800,true],"woocommerce_single":["https:\/\/srokacompany.com\/wp-content\/uploads\/2018\/01\/full-set-coiled-leash-10-sketch-600x800.jpg",600,800,true],"woocommerce_gallery_thumbnail":["https:\/\/srokacompany.com\/wp-content\/uploads\/2018\/01\/full-set-coiled-leash-10-sketch-100x100.jpg",100,100,true],"dgwt-wcas-product-suggestion":["https:\/\/srokacompany.com\/wp-content\/uploads\/2018\/01\/full-set-coiled-leash-10-sketch.jpg",64,85,false]},"uagb_author_info":{"display_name":"Bruno Sroka","author_link":"https:\/\/srokacompany.com\/de\/blog\/author\/"},"uagb_comment_info":0,"uagb_excerpt":"Wir bieten Ihnen eine Reihe von leash coil (Telefon) in verschiedenen Farben (Schwarz, Wei\u00df, Rot, Blau und Gr\u00fcn) an. Wir haben besonders auf die Qualit\u00e4t der leash geachtet, mit einem Durchmesser von 8 mm und einem sch\u00f6nen Finish. Diese 10' Leash f\u00fcr SUP wurde von Bruno SROKA in der Bretagne unter allen Bedingungen erfolgreich getestet.&hellip;","jetpack_sharing_enabled":true,"_links":{"self":[{"href":"https:\/\/srokacompany.com\/de\/wp-json\/wp\/v2\/product\/346732","targetHints":{"allow":["GET"]}}],"collection":[{"href":"https:\/\/srokacompany.com\/de\/wp-json\/wp\/v2\/product"}],"about":[{"href":"https:\/\/srokacompany.com\/de\/wp-json\/wp\/v2\/types\/product"}],"wp:featuredmedia":[{"embeddable":true,"href":"https:\/\/srokacompany.com\/de\/wp-json\/wp\/v2\/media\/337062"}],"wp:attachment":[{"href":"https:\/\/srokacompany.com\/de\/wp-json\/wp\/v2\/media?parent=346732"}],"wp:term":[{"taxonomy":"product_brand","embeddable":true,"href":"https:\/\/srokacompany.com\/de\/wp-json\/wp\/v2\/product_brand?post=346732"},{"taxonomy":"product_cat","embeddable":true,"href":"https:\/\/srokacompany.com\/de\/wp-json\/wp\/v2\/product_cat?post=346732"},{"taxonomy":"product_tag","embeddable":true,"href":"https:\/\/srokacompany.com\/de\/wp-json\/wp\/v2\/product_tag?post=346732"}],"curies":[{"name":"wp","href":"https:\/\/api.w.org\/{rel}","templated":true}]}}