{"id":346851,"date":"2018-06-22T12:10:37","date_gmt":"2018-06-22T12:10:37","guid":{"rendered":"https:\/\/srokacompany.com\/produit\/foot-straps-fuer-wingfoil-kitesurf-surf-foil-windfoil\/"},"modified":"2025-10-31T19:15:07","modified_gmt":"2025-10-31T17:15:07","slug":"foot-straps-fuer-wingfoil-kitesurf-surf-foil-windfoil","status":"publish","type":"product","link":"https:\/\/srokacompany.com\/de\/produkt\/foot-straps-fuer-wingfoil-kitesurf-surf-foil-windfoil\/","title":{"rendered":"Foot Straps f\u00fcr WingFoil \/ Kitesurf \/ Surf Foil \/ Windfoil"},"content":{"rendered":"<hr>\n<h2><strong>FOOT STRAPS<\/strong> FOIL SROKA<\/h2>\n<p>Die Foot Straps Foil SROKA wurden entwickelt, um dir maximalen Halt und Komfort beim Surfen zu bieten, egal bei welcher Sportart. Wenn du deinen Fu\u00df richtig in die Foot Straps einstellst, wirst du eins mit deinem Board. Du wirst jede Bewegung deines Boards mit maximaler Kontrolle sp\u00fcren.  <\/p>\n<ul>\n<li class=\"first\">Set von Footstraps (Anzahl nach Wahl) f\u00fcr die folgenden Sportarten: Kitefoil, Kitesurfen, <a href=\"https:\/\/srokacompany.com\/de\/blog\/lanzarote-ein-traumziel-fuer-den-wing-foil\/\">WingFoil<\/a>, Windfoil, Sup Foil, <a href=\"https:\/\/srokacompany.com\/de\/eshop\/surf-foil-de\/\">Surf Foil<\/a>, WakeFoil<\/li>\n<li>Standardma\u00dfe passen auf alle Bretter<\/li>\n<li>Dreifach verdichtete Schaumstoffkonstruktion f\u00fcr mehr Komfort mit Neopren, um maximalen Komfort beim Kontakt mit dem Fu\u00df zu bieten<\/li>\n<li>Einstellbare Befestigungen mit 3 L\u00e4ngen- und 3 Breitenpositionen an jedem Ende des Straps ( 9 L\u00f6cher)<\/li>\n<li class=\"last\">Leicht, bequem und strapazierf\u00e4hig<\/li>\n<\/ul>\n","protected":false},"excerpt":{"rendered":"<hr>\n<h2><strong>FOOT STRAPS<\/strong> FOIL SROKA<\/h2>\n<p>Die Foot Straps Foil SROKA wurden entwickelt, um dir maximalen Halt und Komfort beim Surfen zu bieten, egal bei welcher Sportart. Wenn du deinen Fu\u00df richtig in die Foot Straps einstellst, wirst du eins mit deinem Board. Du wirst jede Bewegung deines Boards mit maximaler Kontrolle sp\u00fcren.  <\/p>\n<ul>\n<li class=\"first\">Set von Footstraps (Anzahl nach Wahl) f\u00fcr die folgenden Sportarten: Kitefoil, Kitesurfen, <a href=\"https:\/\/srokacompany.com\/de\/blog\/lanzarote-ein-traumziel-fuer-den-wing-foil\/\">WingFoil<\/a>, Windfoil, Sup Foil, <a href=\"https:\/\/srokacompany.com\/de\/eshop\/surf-foil-de\/\">Surf Foil<\/a>, WakeFoil<\/li>\n<li>Standardma\u00dfe passen auf alle Bretter<\/li>\n<li>Dreifach verdichtete Schaumstoffkonstruktion f\u00fcr mehr Komfort mit Neopren, um maximalen Komfort beim Kontakt mit dem Fu\u00df zu bieten<\/li>\n<li>Einstellbare Befestigungen mit 3 L\u00e4ngen- und 3 Breitenpositionen an jedem Ende des Straps ( 9 L\u00f6cher)<\/li>\n<li class=\"last\">Leicht, bequem und strapazierf\u00e4hig<\/li>\n<\/ul>\n<p>&nbsp;<\/p>\n","protected":false},"featured_media":346853,"template":"","meta":{"_acf_changed":false,"_uag_custom_page_level_css":""},"product_brand":[],"product_cat":[3569,3493,3867,3868,3471,3592,3453,3705,3591,3464],"product_tag":[],"class_list":{"0":"post-346851","1":"product","2":"type-product","3":"status-publish","4":"has-post-thumbnail","6":"product_cat-downwind-de","7":"product_cat-foil-de","8":"product_cat-sup-foil-de","9":"product_cat-sup-zubehor-foil","10":"product_cat-surf-foil-de","11":"product_cat-surf-zubehor-foil","12":"product_cat-wing-foil-de","13":"product_cat-zubehor-downwind","14":"product_cat-zubehor-foil","15":"product_cat-zubehor-wing-foil","16":"product_shipping_class-small-shipping-de","18":"first","19":"instock","20":"taxable","21":"shipping-taxable","22":"purchasable","23":"product-type-variable","24":"has-default-attributes"},"acf":[],"yoast_head":"<!-- This site is optimized with the Yoast SEO plugin v27.4 - https:\/\/yoast.com\/product\/yoast-seo-wordpress\/ -->\n<title>Foot Straps x3 f\u00fcr Kitesurfing, Windsurfing und Sportarten von Foil - SROKA Company<\/title>\n<meta name=\"description\" content=\"Bequeme und strapazierf\u00e4hige Foot Straps f\u00fcr deine Lieblingsaktivit\u00e4t: Kitesurfen, Kite foil, Windsurfen, Windfoil, Wing foil oder Surfen foil!\" \/>\n<meta name=\"robots\" content=\"index, follow, max-snippet:-1, max-image-preview:large, max-video-preview:-1\" \/>\n<link rel=\"canonical\" href=\"https:\/\/srokacompany.com\/de\/produkt\/foot-straps-fuer-wingfoil-kitesurf-surf-foil-windfoil\/\" \/>\n<meta property=\"og:locale\" content=\"de_DE\" \/>\n<meta property=\"og:type\" content=\"article\" \/>\n<meta property=\"og:title\" content=\"Foot Straps x3 f\u00fcr Kitesurfing, Windsurfing und Sportarten von Foil - SROKA Company\" \/>\n<meta property=\"og:description\" content=\"Bequeme und strapazierf\u00e4hige Foot Straps f\u00fcr deine Lieblingsaktivit\u00e4t: Kitesurfen, Kite foil, Windsurfen, Windfoil, Wing foil oder Surfen foil!\" \/>\n<meta property=\"og:url\" content=\"https:\/\/srokacompany.com\/de\/produkt\/foot-straps-fuer-wingfoil-kitesurf-surf-foil-windfoil\/\" \/>\n<meta property=\"og:site_name\" content=\"SROKA Company\" \/>\n<meta property=\"article:publisher\" content=\"https:\/\/www.facebook.com\/srokawatersports\/\" \/>\n<meta property=\"article:modified_time\" content=\"2025-10-31T17:15:07+00:00\" \/>\n<meta property=\"og:image\" content=\"https:\/\/srokacompany.com\/wp-content\/uploads\/2018\/06\/Straps6.jpg\" \/>\n\t<meta property=\"og:image:width\" content=\"780\" \/>\n\t<meta property=\"og:image:height\" content=\"1040\" \/>\n\t<meta property=\"og:image:type\" content=\"image\/jpeg\" \/>\n<meta name=\"twitter:label1\" content=\"Gesch\u00e4tzte Lesezeit\" \/>\n\t<meta name=\"twitter:data1\" content=\"1\u00a0Minute\" \/>\n<script type=\"application\/ld+json\" class=\"yoast-schema-graph\">{\"@context\":\"https:\\\/\\\/schema.org\",\"@graph\":[{\"@type\":\"WebPage\",\"@id\":\"https:\\\/\\\/srokacompany.com\\\/de\\\/produkt\\\/foot-straps-fuer-wingfoil-kitesurf-surf-foil-windfoil\\\/\",\"url\":\"https:\\\/\\\/srokacompany.com\\\/de\\\/produkt\\\/foot-straps-fuer-wingfoil-kitesurf-surf-foil-windfoil\\\/\",\"name\":\"Foot Straps x3 f\u00fcr Kitesurfing, Windsurfing und Sportarten von Foil - SROKA Company\",\"isPartOf\":{\"@id\":\"https:\\\/\\\/srokacompany.com\\\/de\\\/#website\"},\"primaryImageOfPage\":{\"@id\":\"https:\\\/\\\/srokacompany.com\\\/de\\\/produkt\\\/foot-straps-fuer-wingfoil-kitesurf-surf-foil-windfoil\\\/#primaryimage\"},\"image\":{\"@id\":\"https:\\\/\\\/srokacompany.com\\\/de\\\/produkt\\\/foot-straps-fuer-wingfoil-kitesurf-surf-foil-windfoil\\\/#primaryimage\"},\"thumbnailUrl\":\"https:\\\/\\\/srokacompany.com\\\/wp-content\\\/uploads\\\/2018\\\/06\\\/Straps6.jpg\",\"datePublished\":\"2018-06-22T12:10:37+00:00\",\"dateModified\":\"2025-10-31T17:15:07+00:00\",\"description\":\"Bequeme und strapazierf\u00e4hige Foot Straps f\u00fcr deine Lieblingsaktivit\u00e4t: Kitesurfen, Kite foil, Windsurfen, Windfoil, Wing foil oder Surfen foil!\",\"breadcrumb\":{\"@id\":\"https:\\\/\\\/srokacompany.com\\\/de\\\/produkt\\\/foot-straps-fuer-wingfoil-kitesurf-surf-foil-windfoil\\\/#breadcrumb\"},\"inLanguage\":\"de\",\"potentialAction\":[{\"@type\":\"ReadAction\",\"target\":[\"https:\\\/\\\/srokacompany.com\\\/de\\\/produkt\\\/foot-straps-fuer-wingfoil-kitesurf-surf-foil-windfoil\\\/\"]}]},{\"@type\":\"ImageObject\",\"inLanguage\":\"de\",\"@id\":\"https:\\\/\\\/srokacompany.com\\\/de\\\/produkt\\\/foot-straps-fuer-wingfoil-kitesurf-surf-foil-windfoil\\\/#primaryimage\",\"url\":\"https:\\\/\\\/srokacompany.com\\\/wp-content\\\/uploads\\\/2018\\\/06\\\/Straps6.jpg\",\"contentUrl\":\"https:\\\/\\\/srokacompany.com\\\/wp-content\\\/uploads\\\/2018\\\/06\\\/Straps6.jpg\",\"width\":780,\"height\":1040,\"caption\":\"Straps, die das N\u00fctzliche mit dem Angenehmen verbinden\"},{\"@type\":\"BreadcrumbList\",\"@id\":\"https:\\\/\\\/srokacompany.com\\\/de\\\/produkt\\\/foot-straps-fuer-wingfoil-kitesurf-surf-foil-windfoil\\\/#breadcrumb\",\"itemListElement\":[{\"@type\":\"ListItem\",\"position\":1,\"name\":\"Accueil\",\"item\":\"https:\\\/\\\/srokacompany.com\\\/de\\\/\"},{\"@type\":\"ListItem\",\"position\":2,\"name\":\"Laden\",\"item\":\"https:\\\/\\\/srokacompany.com\\\/laden\\\/\"},{\"@type\":\"ListItem\",\"position\":3,\"name\":\"Foot Straps f\u00fcr WingFoil \\\/ Kitesurf \\\/ Surf Foil \\\/ Windfoil\"}]},{\"@type\":\"WebSite\",\"@id\":\"https:\\\/\\\/srokacompany.com\\\/de\\\/#website\",\"url\":\"https:\\\/\\\/srokacompany.com\\\/de\\\/\",\"name\":\"SROKA Company\",\"description\":\"SUP, Kite, Foil, Wing\",\"publisher\":{\"@id\":\"https:\\\/\\\/srokacompany.com\\\/de\\\/#organization\"},\"potentialAction\":[{\"@type\":\"SearchAction\",\"target\":{\"@type\":\"EntryPoint\",\"urlTemplate\":\"https:\\\/\\\/srokacompany.com\\\/de\\\/?s={search_term_string}\"},\"query-input\":{\"@type\":\"PropertyValueSpecification\",\"valueRequired\":true,\"valueName\":\"search_term_string\"}}],\"inLanguage\":\"de\"},{\"@type\":\"Organization\",\"@id\":\"https:\\\/\\\/srokacompany.com\\\/de\\\/#organization\",\"name\":\"SROKACOMPANY\",\"alternateName\":\"SROKA\",\"url\":\"https:\\\/\\\/srokacompany.com\\\/de\\\/\",\"logo\":{\"@type\":\"ImageObject\",\"inLanguage\":\"de\",\"@id\":\"https:\\\/\\\/srokacompany.com\\\/de\\\/#\\\/schema\\\/logo\\\/image\\\/\",\"url\":\"https:\\\/\\\/srokacompany.com\\\/wp-content\\\/uploads\\\/2021\\\/01\\\/logo-sroka-black-transpa.png\",\"contentUrl\":\"https:\\\/\\\/srokacompany.com\\\/wp-content\\\/uploads\\\/2021\\\/01\\\/logo-sroka-black-transpa.png\",\"width\":1201,\"height\":342,\"caption\":\"SROKACOMPANY\"},\"image\":{\"@id\":\"https:\\\/\\\/srokacompany.com\\\/de\\\/#\\\/schema\\\/logo\\\/image\\\/\"},\"sameAs\":[\"https:\\\/\\\/www.facebook.com\\\/srokawatersports\\\/\",\"https:\\\/\\\/www.instagram.com\\\/srokawatersports\\\/\",\"https:\\\/\\\/www.youtube.com\\\/channel\\\/UCVLHHeaPIm-J5bdEUgxqtZA\"]}]}<\/script>\n<!-- \/ Yoast SEO plugin. -->","yoast_head_json":{"title":"Foot Straps x3 f\u00fcr Kitesurfing, Windsurfing und Sportarten von Foil - SROKA Company","description":"Bequeme und strapazierf\u00e4hige Foot Straps f\u00fcr deine Lieblingsaktivit\u00e4t: Kitesurfen, Kite foil, Windsurfen, Windfoil, Wing foil oder Surfen foil!","robots":{"index":"index","follow":"follow","max-snippet":"max-snippet:-1","max-image-preview":"max-image-preview:large","max-video-preview":"max-video-preview:-1"},"canonical":"https:\/\/srokacompany.com\/de\/produkt\/foot-straps-fuer-wingfoil-kitesurf-surf-foil-windfoil\/","og_locale":"de_DE","og_type":"article","og_title":"Foot Straps x3 f\u00fcr Kitesurfing, Windsurfing und Sportarten von Foil - SROKA Company","og_description":"Bequeme und strapazierf\u00e4hige Foot Straps f\u00fcr deine Lieblingsaktivit\u00e4t: Kitesurfen, Kite foil, Windsurfen, Windfoil, Wing foil oder Surfen foil!","og_url":"https:\/\/srokacompany.com\/de\/produkt\/foot-straps-fuer-wingfoil-kitesurf-surf-foil-windfoil\/","og_site_name":"SROKA Company","article_publisher":"https:\/\/www.facebook.com\/srokawatersports\/","article_modified_time":"2025-10-31T17:15:07+00:00","og_image":[{"width":780,"height":1040,"url":"https:\/\/srokacompany.com\/wp-content\/uploads\/2018\/06\/Straps6.jpg","type":"image\/jpeg"}],"twitter_misc":{"Gesch\u00e4tzte Lesezeit":"1\u00a0Minute"},"schema":{"@context":"https:\/\/schema.org","@graph":[{"@type":"WebPage","@id":"https:\/\/srokacompany.com\/de\/produkt\/foot-straps-fuer-wingfoil-kitesurf-surf-foil-windfoil\/","url":"https:\/\/srokacompany.com\/de\/produkt\/foot-straps-fuer-wingfoil-kitesurf-surf-foil-windfoil\/","name":"Foot Straps x3 f\u00fcr Kitesurfing, Windsurfing und Sportarten von Foil - SROKA Company","isPartOf":{"@id":"https:\/\/srokacompany.com\/de\/#website"},"primaryImageOfPage":{"@id":"https:\/\/srokacompany.com\/de\/produkt\/foot-straps-fuer-wingfoil-kitesurf-surf-foil-windfoil\/#primaryimage"},"image":{"@id":"https:\/\/srokacompany.com\/de\/produkt\/foot-straps-fuer-wingfoil-kitesurf-surf-foil-windfoil\/#primaryimage"},"thumbnailUrl":"https:\/\/srokacompany.com\/wp-content\/uploads\/2018\/06\/Straps6.jpg","datePublished":"2018-06-22T12:10:37+00:00","dateModified":"2025-10-31T17:15:07+00:00","description":"Bequeme und strapazierf\u00e4hige Foot Straps f\u00fcr deine Lieblingsaktivit\u00e4t: Kitesurfen, Kite foil, Windsurfen, Windfoil, Wing foil oder Surfen foil!","breadcrumb":{"@id":"https:\/\/srokacompany.com\/de\/produkt\/foot-straps-fuer-wingfoil-kitesurf-surf-foil-windfoil\/#breadcrumb"},"inLanguage":"de","potentialAction":[{"@type":"ReadAction","target":["https:\/\/srokacompany.com\/de\/produkt\/foot-straps-fuer-wingfoil-kitesurf-surf-foil-windfoil\/"]}]},{"@type":"ImageObject","inLanguage":"de","@id":"https:\/\/srokacompany.com\/de\/produkt\/foot-straps-fuer-wingfoil-kitesurf-surf-foil-windfoil\/#primaryimage","url":"https:\/\/srokacompany.com\/wp-content\/uploads\/2018\/06\/Straps6.jpg","contentUrl":"https:\/\/srokacompany.com\/wp-content\/uploads\/2018\/06\/Straps6.jpg","width":780,"height":1040,"caption":"Straps, die das N\u00fctzliche mit dem Angenehmen verbinden"},{"@type":"BreadcrumbList","@id":"https:\/\/srokacompany.com\/de\/produkt\/foot-straps-fuer-wingfoil-kitesurf-surf-foil-windfoil\/#breadcrumb","itemListElement":[{"@type":"ListItem","position":1,"name":"Accueil","item":"https:\/\/srokacompany.com\/de\/"},{"@type":"ListItem","position":2,"name":"Laden","item":"https:\/\/srokacompany.com\/laden\/"},{"@type":"ListItem","position":3,"name":"Foot Straps f\u00fcr WingFoil \/ Kitesurf \/ Surf Foil \/ Windfoil"}]},{"@type":"WebSite","@id":"https:\/\/srokacompany.com\/de\/#website","url":"https:\/\/srokacompany.com\/de\/","name":"SROKA Company","description":"SUP, Kite, Foil, Wing","publisher":{"@id":"https:\/\/srokacompany.com\/de\/#organization"},"potentialAction":[{"@type":"SearchAction","target":{"@type":"EntryPoint","urlTemplate":"https:\/\/srokacompany.com\/de\/?s={search_term_string}"},"query-input":{"@type":"PropertyValueSpecification","valueRequired":true,"valueName":"search_term_string"}}],"inLanguage":"de"},{"@type":"Organization","@id":"https:\/\/srokacompany.com\/de\/#organization","name":"SROKACOMPANY","alternateName":"SROKA","url":"https:\/\/srokacompany.com\/de\/","logo":{"@type":"ImageObject","inLanguage":"de","@id":"https:\/\/srokacompany.com\/de\/#\/schema\/logo\/image\/","url":"https:\/\/srokacompany.com\/wp-content\/uploads\/2021\/01\/logo-sroka-black-transpa.png","contentUrl":"https:\/\/srokacompany.com\/wp-content\/uploads\/2021\/01\/logo-sroka-black-transpa.png","width":1201,"height":342,"caption":"SROKACOMPANY"},"image":{"@id":"https:\/\/srokacompany.com\/de\/#\/schema\/logo\/image\/"},"sameAs":["https:\/\/www.facebook.com\/srokawatersports\/","https:\/\/www.instagram.com\/srokawatersports\/","https:\/\/www.youtube.com\/channel\/UCVLHHeaPIm-J5bdEUgxqtZA"]}]}},"uagb_featured_image_src":{"full":["https:\/\/srokacompany.com\/wp-content\/uploads\/2018\/06\/Straps6.jpg",780,1040,false],"thumbnail":["https:\/\/srokacompany.com\/wp-content\/uploads\/2018\/06\/Straps6-150x150.jpg",150,150,true],"medium":["https:\/\/srokacompany.com\/wp-content\/uploads\/2018\/06\/Straps6-225x300.jpg",225,300,true],"medium_large":["https:\/\/srokacompany.com\/wp-content\/uploads\/2018\/06\/Straps6-768x1024.jpg",768,1024,true],"large":["https:\/\/srokacompany.com\/wp-content\/uploads\/2018\/06\/Straps6-768x1024.jpg",768,1024,true],"1536x1536":["https:\/\/srokacompany.com\/wp-content\/uploads\/2018\/06\/Straps6.jpg",780,1040,false],"2048x2048":["https:\/\/srokacompany.com\/wp-content\/uploads\/2018\/06\/Straps6.jpg",780,1040,false],"woocommerce_thumbnail":["https:\/\/srokacompany.com\/wp-content\/uploads\/2018\/06\/Straps6-600x800.jpg",600,800,true],"woocommerce_single":["https:\/\/srokacompany.com\/wp-content\/uploads\/2018\/06\/Straps6-600x800.jpg",600,800,true],"woocommerce_gallery_thumbnail":["https:\/\/srokacompany.com\/wp-content\/uploads\/2018\/06\/Straps6-100x100.jpg",100,100,true],"dgwt-wcas-product-suggestion":["https:\/\/srokacompany.com\/wp-content\/uploads\/2018\/06\/Straps6.jpg",64,85,false]},"uagb_author_info":{"display_name":"Audrey Triquenaux","author_link":"https:\/\/srokacompany.com\/de\/blog\/author\/"},"uagb_comment_info":0,"uagb_excerpt":"FOOT STRAPS FOIL SROKA Die Foot Straps Foil SROKA wurden entwickelt, um dir maximalen Halt und Komfort beim Surfen zu bieten, egal bei welcher Sportart. Wenn du deinen Fu\u00df richtig in die Foot Straps einstellst, wirst du eins mit deinem Board. Du wirst jede Bewegung deines Boards mit maximaler Kontrolle sp\u00fcren. Set von Footstraps (Anzahl&hellip;","jetpack_sharing_enabled":true,"_links":{"self":[{"href":"https:\/\/srokacompany.com\/de\/wp-json\/wp\/v2\/product\/346851","targetHints":{"allow":["GET"]}}],"collection":[{"href":"https:\/\/srokacompany.com\/de\/wp-json\/wp\/v2\/product"}],"about":[{"href":"https:\/\/srokacompany.com\/de\/wp-json\/wp\/v2\/types\/product"}],"wp:featuredmedia":[{"embeddable":true,"href":"https:\/\/srokacompany.com\/de\/wp-json\/wp\/v2\/media\/346853"}],"wp:attachment":[{"href":"https:\/\/srokacompany.com\/de\/wp-json\/wp\/v2\/media?parent=346851"}],"wp:term":[{"taxonomy":"product_brand","embeddable":true,"href":"https:\/\/srokacompany.com\/de\/wp-json\/wp\/v2\/product_brand?post=346851"},{"taxonomy":"product_cat","embeddable":true,"href":"https:\/\/srokacompany.com\/de\/wp-json\/wp\/v2\/product_cat?post=346851"},{"taxonomy":"product_tag","embeddable":true,"href":"https:\/\/srokacompany.com\/de\/wp-json\/wp\/v2\/product_tag?post=346851"}],"curies":[{"name":"wp","href":"https:\/\/api.w.org\/{rel}","templated":true}]}}