{"id":347033,"date":"2018-11-02T15:16:56","date_gmt":"2018-11-02T13:16:56","guid":{"rendered":"https:\/\/srokacompany.com\/produit\/schutzhuelle-fuer-windfoil-zusammengebaut\/"},"modified":"2025-06-27T00:05:19","modified_gmt":"2025-06-26T22:05:19","slug":"schutzhuelle-fuer-windfoil-zusammengebaut","status":"publish","type":"product","link":"https:\/\/srokacompany.com\/de\/produkt\/schutzhuelle-fuer-windfoil-zusammengebaut\/","title":{"rendered":"Schutzh\u00fclle f\u00fcr Windfoil zusammengebaut"},"content":{"rendered":"<hr>\n<h2>SCHUTZTASCHE F\u00dcR ZUSAMMENGEBAUTE WINDFOIL<\/h2>\n<p>Diese Schutztasche ist eine perfekte Tragetasche, um Ihr montiertes oder halbmontiertes Windfoil zu tragen und zu sch\u00fctzen, ohne es zerlegen zu m\u00fcssen. Es sch\u00fctzt den vorderen und hinteren Kotfl\u00fcgel vor Kratzern und kleinen St\u00f6\u00dfen aus dem t\u00e4glichen Gebrauch und vermeidet gleichzeitig m\u00f6gliche Schnitte. Perfekt zum Mitf\u00fchren im Auto vor oder nach der Windfoiling-Session. Ihr W-foil kann mit oder ohne Mast transportiert werden.<\/p>\n<p>Kompatibel mit 1250 Classic &#8211; K950 und allen Fl\u00fcgeln des K-Foil Aluminium und Carbon &#8211; dem W-Foil<\/p>\n<p>Um zu \u00fcberpr\u00fcfen, ob Ihr foil mit dem Bezug kompatibel ist,<a href=\"https:\/\/srokacompany.com\/de\/technische-daten-der-kites-und-boards-von-foil-sroka\/\"> finden Sie unter diesem Link alle Ma\u00dfe der Vorderfl\u00fcgel von foil Sroka <\/a>.  <\/p>\n","protected":false},"excerpt":{"rendered":"<hr>\n<h2>SCHUTZTASCHE F\u00dcR ZUSAMMENGEBAUTE WINDFOIL<\/h2>\n<p>Diese Schutztasche ist eine perfekte Tragetasche, um Ihr montiertes oder halbmontiertes Windfoil zu tragen und zu sch\u00fctzen, ohne es zerlegen zu m\u00fcssen. Es sch\u00fctzt den vorderen und hinteren Kotfl\u00fcgel vor Kratzern und kleinen St\u00f6\u00dfen aus dem t\u00e4glichen Gebrauch und vermeidet gleichzeitig m\u00f6gliche Schnitte. Perfekt zum Mitf\u00fchren im Auto vor oder nach der Windfoiling-Session. Ihr W-foil kann mit oder ohne Mast transportiert werden.<\/p>\n<p>Kompatibel mit 1250 Classic &#8211; K950 und allen Fl\u00fcgeln des K-Foil Aluminium und Carbon &#8211; dem W-Foil<\/p>\n<p>Um zu \u00fcberpr\u00fcfen, ob Ihr foil mit dem Bezug kompatibel ist,<a href=\"https:\/\/srokacompany.com\/de\/technische-daten-der-kites-und-boards-von-foil-sroka\/\"> finden Sie unter diesem Link alle Ma\u00dfe der Vorderfl\u00fcgel von foil Sroka <\/a>.  <\/p>\n","protected":false},"featured_media":347034,"template":"","meta":{"_acf_changed":false,"_uag_custom_page_level_css":""},"product_brand":[],"product_cat":[3496],"product_tag":[],"class_list":{"0":"post-347033","1":"product","2":"type-product","3":"status-publish","4":"has-post-thumbnail","6":"product_cat-downwind-uha-reihe","8":"first","9":"instock","10":"taxable","11":"shipping-taxable","12":"purchasable","13":"product-type-simple"},"acf":[],"yoast_head":"<!-- This site is optimized with the Yoast SEO plugin v27.4 - https:\/\/yoast.com\/product\/yoast-seo-wordpress\/ -->\n<title>Schutzh\u00fclle f\u00fcr Windfoil zusammengebaut - SROKA Watersports<\/title>\n<meta name=\"description\" content=\"Diese Schutzh\u00fclle ist perfekt f\u00fcr den Transport und den Schutz Ihres zusammengebauten Windfoils: Fl\u00fcgel, Rumpf und Stabilisator mit oder ohne Mast.\" \/>\n<meta name=\"robots\" content=\"index, follow, max-snippet:-1, max-image-preview:large, max-video-preview:-1\" \/>\n<link rel=\"canonical\" href=\"https:\/\/srokacompany.com\/de\/produkt\/schutzhuelle-fuer-windfoil-zusammengebaut\/\" \/>\n<meta property=\"og:locale\" content=\"de_DE\" \/>\n<meta property=\"og:type\" content=\"article\" \/>\n<meta property=\"og:title\" content=\"Schutzh\u00fclle f\u00fcr Windfoil zusammengebaut - SROKA Watersports\" \/>\n<meta property=\"og:description\" content=\"Diese Schutzh\u00fclle ist perfekt f\u00fcr den Transport und den Schutz Ihres zusammengebauten Windfoils: Fl\u00fcgel, Rumpf und Stabilisator mit oder ohne Mast.\" \/>\n<meta property=\"og:url\" content=\"https:\/\/srokacompany.com\/de\/produkt\/schutzhuelle-fuer-windfoil-zusammengebaut\/\" \/>\n<meta property=\"og:site_name\" content=\"SROKA Company\" \/>\n<meta property=\"article:publisher\" content=\"https:\/\/www.facebook.com\/srokawatersports\/\" \/>\n<meta property=\"article:modified_time\" content=\"2025-06-26T22:05:19+00:00\" \/>\n<meta property=\"og:image\" content=\"https:\/\/srokacompany.com\/wp-content\/uploads\/2018\/10\/windfoil-housse-sroka-2.jpg\" \/>\n\t<meta property=\"og:image:width\" content=\"780\" \/>\n\t<meta property=\"og:image:height\" content=\"1040\" \/>\n\t<meta property=\"og:image:type\" content=\"image\/jpeg\" \/>\n<meta name=\"twitter:label1\" content=\"Gesch\u00e4tzte Lesezeit\" \/>\n\t<meta name=\"twitter:data1\" content=\"1\u00a0Minute\" \/>\n<script type=\"application\/ld+json\" class=\"yoast-schema-graph\">{\"@context\":\"https:\\\/\\\/schema.org\",\"@graph\":[{\"@type\":\"WebPage\",\"@id\":\"https:\\\/\\\/srokacompany.com\\\/de\\\/produkt\\\/schutzhuelle-fuer-windfoil-zusammengebaut\\\/\",\"url\":\"https:\\\/\\\/srokacompany.com\\\/de\\\/produkt\\\/schutzhuelle-fuer-windfoil-zusammengebaut\\\/\",\"name\":\"Schutzh\u00fclle f\u00fcr Windfoil zusammengebaut - SROKA Watersports\",\"isPartOf\":{\"@id\":\"https:\\\/\\\/srokacompany.com\\\/de\\\/#website\"},\"primaryImageOfPage\":{\"@id\":\"https:\\\/\\\/srokacompany.com\\\/de\\\/produkt\\\/schutzhuelle-fuer-windfoil-zusammengebaut\\\/#primaryimage\"},\"image\":{\"@id\":\"https:\\\/\\\/srokacompany.com\\\/de\\\/produkt\\\/schutzhuelle-fuer-windfoil-zusammengebaut\\\/#primaryimage\"},\"thumbnailUrl\":\"https:\\\/\\\/srokacompany.com\\\/wp-content\\\/uploads\\\/2018\\\/10\\\/windfoil-housse-sroka-2.jpg\",\"datePublished\":\"2018-11-02T13:16:56+00:00\",\"dateModified\":\"2025-06-26T22:05:19+00:00\",\"description\":\"Diese Schutzh\u00fclle ist perfekt f\u00fcr den Transport und den Schutz Ihres zusammengebauten Windfoils: Fl\u00fcgel, Rumpf und Stabilisator mit oder ohne Mast.\",\"breadcrumb\":{\"@id\":\"https:\\\/\\\/srokacompany.com\\\/de\\\/produkt\\\/schutzhuelle-fuer-windfoil-zusammengebaut\\\/#breadcrumb\"},\"inLanguage\":\"de\",\"potentialAction\":[{\"@type\":\"ReadAction\",\"target\":[\"https:\\\/\\\/srokacompany.com\\\/de\\\/produkt\\\/schutzhuelle-fuer-windfoil-zusammengebaut\\\/\"]}]},{\"@type\":\"ImageObject\",\"inLanguage\":\"de\",\"@id\":\"https:\\\/\\\/srokacompany.com\\\/de\\\/produkt\\\/schutzhuelle-fuer-windfoil-zusammengebaut\\\/#primaryimage\",\"url\":\"https:\\\/\\\/srokacompany.com\\\/wp-content\\\/uploads\\\/2018\\\/10\\\/windfoil-housse-sroka-2.jpg\",\"contentUrl\":\"https:\\\/\\\/srokacompany.com\\\/wp-content\\\/uploads\\\/2018\\\/10\\\/windfoil-housse-sroka-2.jpg\",\"width\":780,\"height\":1040,\"caption\":\"DieSchutzh\u00fclle f\u00fcr zusammengebaute Windfoil sch\u00fctzt Vorderfl\u00fcgel, Rumpf und H\u00f6henleitwerk.\"},{\"@type\":\"BreadcrumbList\",\"@id\":\"https:\\\/\\\/srokacompany.com\\\/de\\\/produkt\\\/schutzhuelle-fuer-windfoil-zusammengebaut\\\/#breadcrumb\",\"itemListElement\":[{\"@type\":\"ListItem\",\"position\":1,\"name\":\"Accueil\",\"item\":\"https:\\\/\\\/srokacompany.com\\\/de\\\/\"},{\"@type\":\"ListItem\",\"position\":2,\"name\":\"Laden\",\"item\":\"https:\\\/\\\/srokacompany.com\\\/laden\\\/\"},{\"@type\":\"ListItem\",\"position\":3,\"name\":\"Schutzh\u00fclle f\u00fcr Windfoil zusammengebaut\"}]},{\"@type\":\"WebSite\",\"@id\":\"https:\\\/\\\/srokacompany.com\\\/de\\\/#website\",\"url\":\"https:\\\/\\\/srokacompany.com\\\/de\\\/\",\"name\":\"SROKA Company\",\"description\":\"SUP, Kite, Foil, Wing\",\"publisher\":{\"@id\":\"https:\\\/\\\/srokacompany.com\\\/de\\\/#organization\"},\"potentialAction\":[{\"@type\":\"SearchAction\",\"target\":{\"@type\":\"EntryPoint\",\"urlTemplate\":\"https:\\\/\\\/srokacompany.com\\\/de\\\/?s={search_term_string}\"},\"query-input\":{\"@type\":\"PropertyValueSpecification\",\"valueRequired\":true,\"valueName\":\"search_term_string\"}}],\"inLanguage\":\"de\"},{\"@type\":\"Organization\",\"@id\":\"https:\\\/\\\/srokacompany.com\\\/de\\\/#organization\",\"name\":\"SROKACOMPANY\",\"alternateName\":\"SROKA\",\"url\":\"https:\\\/\\\/srokacompany.com\\\/de\\\/\",\"logo\":{\"@type\":\"ImageObject\",\"inLanguage\":\"de\",\"@id\":\"https:\\\/\\\/srokacompany.com\\\/de\\\/#\\\/schema\\\/logo\\\/image\\\/\",\"url\":\"https:\\\/\\\/srokacompany.com\\\/wp-content\\\/uploads\\\/2021\\\/01\\\/logo-sroka-black-transpa.png\",\"contentUrl\":\"https:\\\/\\\/srokacompany.com\\\/wp-content\\\/uploads\\\/2021\\\/01\\\/logo-sroka-black-transpa.png\",\"width\":1201,\"height\":342,\"caption\":\"SROKACOMPANY\"},\"image\":{\"@id\":\"https:\\\/\\\/srokacompany.com\\\/de\\\/#\\\/schema\\\/logo\\\/image\\\/\"},\"sameAs\":[\"https:\\\/\\\/www.facebook.com\\\/srokawatersports\\\/\",\"https:\\\/\\\/www.instagram.com\\\/srokawatersports\\\/\",\"https:\\\/\\\/www.youtube.com\\\/channel\\\/UCVLHHeaPIm-J5bdEUgxqtZA\"]}]}<\/script>\n<!-- \/ Yoast SEO plugin. -->","yoast_head_json":{"title":"Schutzh\u00fclle f\u00fcr Windfoil zusammengebaut - SROKA Watersports","description":"Diese Schutzh\u00fclle ist perfekt f\u00fcr den Transport und den Schutz Ihres zusammengebauten Windfoils: Fl\u00fcgel, Rumpf und Stabilisator mit oder ohne Mast.","robots":{"index":"index","follow":"follow","max-snippet":"max-snippet:-1","max-image-preview":"max-image-preview:large","max-video-preview":"max-video-preview:-1"},"canonical":"https:\/\/srokacompany.com\/de\/produkt\/schutzhuelle-fuer-windfoil-zusammengebaut\/","og_locale":"de_DE","og_type":"article","og_title":"Schutzh\u00fclle f\u00fcr Windfoil zusammengebaut - SROKA Watersports","og_description":"Diese Schutzh\u00fclle ist perfekt f\u00fcr den Transport und den Schutz Ihres zusammengebauten Windfoils: Fl\u00fcgel, Rumpf und Stabilisator mit oder ohne Mast.","og_url":"https:\/\/srokacompany.com\/de\/produkt\/schutzhuelle-fuer-windfoil-zusammengebaut\/","og_site_name":"SROKA Company","article_publisher":"https:\/\/www.facebook.com\/srokawatersports\/","article_modified_time":"2025-06-26T22:05:19+00:00","og_image":[{"width":780,"height":1040,"url":"https:\/\/srokacompany.com\/wp-content\/uploads\/2018\/10\/windfoil-housse-sroka-2.jpg","type":"image\/jpeg"}],"twitter_misc":{"Gesch\u00e4tzte Lesezeit":"1\u00a0Minute"},"schema":{"@context":"https:\/\/schema.org","@graph":[{"@type":"WebPage","@id":"https:\/\/srokacompany.com\/de\/produkt\/schutzhuelle-fuer-windfoil-zusammengebaut\/","url":"https:\/\/srokacompany.com\/de\/produkt\/schutzhuelle-fuer-windfoil-zusammengebaut\/","name":"Schutzh\u00fclle f\u00fcr Windfoil zusammengebaut - SROKA Watersports","isPartOf":{"@id":"https:\/\/srokacompany.com\/de\/#website"},"primaryImageOfPage":{"@id":"https:\/\/srokacompany.com\/de\/produkt\/schutzhuelle-fuer-windfoil-zusammengebaut\/#primaryimage"},"image":{"@id":"https:\/\/srokacompany.com\/de\/produkt\/schutzhuelle-fuer-windfoil-zusammengebaut\/#primaryimage"},"thumbnailUrl":"https:\/\/srokacompany.com\/wp-content\/uploads\/2018\/10\/windfoil-housse-sroka-2.jpg","datePublished":"2018-11-02T13:16:56+00:00","dateModified":"2025-06-26T22:05:19+00:00","description":"Diese Schutzh\u00fclle ist perfekt f\u00fcr den Transport und den Schutz Ihres zusammengebauten Windfoils: Fl\u00fcgel, Rumpf und Stabilisator mit oder ohne Mast.","breadcrumb":{"@id":"https:\/\/srokacompany.com\/de\/produkt\/schutzhuelle-fuer-windfoil-zusammengebaut\/#breadcrumb"},"inLanguage":"de","potentialAction":[{"@type":"ReadAction","target":["https:\/\/srokacompany.com\/de\/produkt\/schutzhuelle-fuer-windfoil-zusammengebaut\/"]}]},{"@type":"ImageObject","inLanguage":"de","@id":"https:\/\/srokacompany.com\/de\/produkt\/schutzhuelle-fuer-windfoil-zusammengebaut\/#primaryimage","url":"https:\/\/srokacompany.com\/wp-content\/uploads\/2018\/10\/windfoil-housse-sroka-2.jpg","contentUrl":"https:\/\/srokacompany.com\/wp-content\/uploads\/2018\/10\/windfoil-housse-sroka-2.jpg","width":780,"height":1040,"caption":"DieSchutzh\u00fclle f\u00fcr zusammengebaute Windfoil sch\u00fctzt Vorderfl\u00fcgel, Rumpf und H\u00f6henleitwerk."},{"@type":"BreadcrumbList","@id":"https:\/\/srokacompany.com\/de\/produkt\/schutzhuelle-fuer-windfoil-zusammengebaut\/#breadcrumb","itemListElement":[{"@type":"ListItem","position":1,"name":"Accueil","item":"https:\/\/srokacompany.com\/de\/"},{"@type":"ListItem","position":2,"name":"Laden","item":"https:\/\/srokacompany.com\/laden\/"},{"@type":"ListItem","position":3,"name":"Schutzh\u00fclle f\u00fcr Windfoil zusammengebaut"}]},{"@type":"WebSite","@id":"https:\/\/srokacompany.com\/de\/#website","url":"https:\/\/srokacompany.com\/de\/","name":"SROKA Company","description":"SUP, Kite, Foil, Wing","publisher":{"@id":"https:\/\/srokacompany.com\/de\/#organization"},"potentialAction":[{"@type":"SearchAction","target":{"@type":"EntryPoint","urlTemplate":"https:\/\/srokacompany.com\/de\/?s={search_term_string}"},"query-input":{"@type":"PropertyValueSpecification","valueRequired":true,"valueName":"search_term_string"}}],"inLanguage":"de"},{"@type":"Organization","@id":"https:\/\/srokacompany.com\/de\/#organization","name":"SROKACOMPANY","alternateName":"SROKA","url":"https:\/\/srokacompany.com\/de\/","logo":{"@type":"ImageObject","inLanguage":"de","@id":"https:\/\/srokacompany.com\/de\/#\/schema\/logo\/image\/","url":"https:\/\/srokacompany.com\/wp-content\/uploads\/2021\/01\/logo-sroka-black-transpa.png","contentUrl":"https:\/\/srokacompany.com\/wp-content\/uploads\/2021\/01\/logo-sroka-black-transpa.png","width":1201,"height":342,"caption":"SROKACOMPANY"},"image":{"@id":"https:\/\/srokacompany.com\/de\/#\/schema\/logo\/image\/"},"sameAs":["https:\/\/www.facebook.com\/srokawatersports\/","https:\/\/www.instagram.com\/srokawatersports\/","https:\/\/www.youtube.com\/channel\/UCVLHHeaPIm-J5bdEUgxqtZA"]}]}},"uagb_featured_image_src":{"full":["https:\/\/srokacompany.com\/wp-content\/uploads\/2018\/10\/windfoil-housse-sroka-2.jpg",780,1040,false],"thumbnail":["https:\/\/srokacompany.com\/wp-content\/uploads\/2018\/10\/windfoil-housse-sroka-2-150x150.jpg",150,150,true],"medium":["https:\/\/srokacompany.com\/wp-content\/uploads\/2018\/10\/windfoil-housse-sroka-2-225x300.jpg",225,300,true],"medium_large":["https:\/\/srokacompany.com\/wp-content\/uploads\/2018\/10\/windfoil-housse-sroka-2-768x1024.jpg",768,1024,true],"large":["https:\/\/srokacompany.com\/wp-content\/uploads\/2018\/10\/windfoil-housse-sroka-2-768x1024.jpg",768,1024,true],"1536x1536":["https:\/\/srokacompany.com\/wp-content\/uploads\/2018\/10\/windfoil-housse-sroka-2.jpg",780,1040,false],"2048x2048":["https:\/\/srokacompany.com\/wp-content\/uploads\/2018\/10\/windfoil-housse-sroka-2.jpg",780,1040,false],"woocommerce_thumbnail":["https:\/\/srokacompany.com\/wp-content\/uploads\/2018\/10\/windfoil-housse-sroka-2-600x800.jpg",600,800,true],"woocommerce_single":["https:\/\/srokacompany.com\/wp-content\/uploads\/2018\/10\/windfoil-housse-sroka-2-600x800.jpg",600,800,true],"woocommerce_gallery_thumbnail":["https:\/\/srokacompany.com\/wp-content\/uploads\/2018\/10\/windfoil-housse-sroka-2-100x100.jpg",100,100,true],"dgwt-wcas-product-suggestion":["https:\/\/srokacompany.com\/wp-content\/uploads\/2018\/10\/windfoil-housse-sroka-2.jpg",64,85,false]},"uagb_author_info":{"display_name":"Deimantina Sroka","author_link":"https:\/\/srokacompany.com\/de\/blog\/author\/"},"uagb_comment_info":0,"uagb_excerpt":"SCHUTZTASCHE F\u00dcR ZUSAMMENGEBAUTE WINDFOIL Diese Schutztasche ist eine perfekte Tragetasche, um Ihr montiertes oder halbmontiertes Windfoil zu tragen und zu sch\u00fctzen, ohne es zerlegen zu m\u00fcssen. Es sch\u00fctzt den vorderen und hinteren Kotfl\u00fcgel vor Kratzern und kleinen St\u00f6\u00dfen aus dem t\u00e4glichen Gebrauch und vermeidet gleichzeitig m\u00f6gliche Schnitte. Perfekt zum Mitf\u00fchren im Auto vor oder nach&hellip;","jetpack_sharing_enabled":true,"_links":{"self":[{"href":"https:\/\/srokacompany.com\/de\/wp-json\/wp\/v2\/product\/347033","targetHints":{"allow":["GET"]}}],"collection":[{"href":"https:\/\/srokacompany.com\/de\/wp-json\/wp\/v2\/product"}],"about":[{"href":"https:\/\/srokacompany.com\/de\/wp-json\/wp\/v2\/types\/product"}],"wp:featuredmedia":[{"embeddable":true,"href":"https:\/\/srokacompany.com\/de\/wp-json\/wp\/v2\/media\/347034"}],"wp:attachment":[{"href":"https:\/\/srokacompany.com\/de\/wp-json\/wp\/v2\/media?parent=347033"}],"wp:term":[{"taxonomy":"product_brand","embeddable":true,"href":"https:\/\/srokacompany.com\/de\/wp-json\/wp\/v2\/product_brand?post=347033"},{"taxonomy":"product_cat","embeddable":true,"href":"https:\/\/srokacompany.com\/de\/wp-json\/wp\/v2\/product_cat?post=347033"},{"taxonomy":"product_tag","embeddable":true,"href":"https:\/\/srokacompany.com\/de\/wp-json\/wp\/v2\/product_tag?post=347033"}],"curies":[{"name":"wp","href":"https:\/\/api.w.org\/{rel}","templated":true}]}}