{"id":347037,"date":"2019-02-06T14:34:08","date_gmt":"2019-02-06T14:34:08","guid":{"rendered":"https:\/\/srokacompany.com\/produit\/aufblasbares-paddel-frau-girly-fusion\/"},"modified":"2025-12-22T09:42:52","modified_gmt":"2025-12-22T07:42:52","slug":"aufblasbares-paddel-frau-girly-fusion","status":"publish","type":"product","link":"https:\/\/srokacompany.com\/de\/produkt\/aufblasbares-paddel-frau-girly-fusion\/","title":{"rendered":"Aufblasbares Paddel Frau Girly Fusion"},"content":{"rendered":"<hr>\n<h2 style=\"text-align: left;\"><strong>ALLES FLIESSEND :<\/strong><\/h2>\n<p><span style=\"font-weight: 400;\">Die <strong>aufblasbaren Girly-Paddles<\/strong> sind hochwertige Qualit\u00e4tsbretter <\/span><b>,<\/b><span style=\"font-weight: 400;\"> die mit der Fusion-Technologie entwickelt wurden, um die Leistung auf dem Wasser zu optimieren. <\/span> <\/p>\n<p><span style=\"font-weight: 400;\">Die Breite dieses SUP bietet eine hohe Stabilit\u00e4t und sein raffiniertes Design ist auf dem Markt un\u00fcbertroffen. Nur wenige Marken bieten Bretter mit ausgearbeiteten Farben an, und wir wollten Ihnen eine Freude machen. Die SUP Girly sind    <\/span><span style=\"font-weight: 400;\">F\u00fcr die limitierten Editionen haben wir die Formen \u00fcberarbeitet, um sie an weibliche K\u00f6rpergr\u00f6\u00dfen anzupassen.<\/span><\/p>\n<p><span style=\"font-weight: 400;\">Wir haben <a href=\"https:\/\/srokacompany.com\/de\/eshop\/aufblasbare-paddel\/\">aufblasbare Stand-Up-Paddles<\/a> entwickelt, die leicht und steif sind, weil wir sie thermisch verschwei\u00dft haben und die drei PVC-Schichten auf den Schienen die Tr\u00e4gheit verringern und die Gleitgeschwindigkeit erh\u00f6hen.<\/span><\/p>\n<p><span style=\"font-weight: 400;\"><strong>Girly-Paddles<\/strong> sind <strong>speziell f\u00fcr Frauen entworfene Paddles<\/strong> mit einem klaren und originellen Design. <\/span><span style=\"font-weight: 400;\">Zweifellos werden Sie die Farbharmonie zwischen dem Paddel, der Tasche und dem Paddel lieben.<\/span><\/p>\n<p>Wir bieten zwei Optionen an:<\/p>\n<p>Das <strong>Standardpaket<\/strong> umfasst ein Paddle, eine Transporttasche mit Rollen und die Sroka Double Action Pump.<br \/>\nDas <strong>Komplettpaket<\/strong> umfasst ein Paddle, eine Transporttasche mit Rollen, die Sroka Double Action Pump + ein <a href=\"https:\/\/srokacompany.com\/de\/produkt\/2-oder-3-teiliges-verstellbares-aluminiumpaddel\/\"><strong>Paddel <\/strong><\/a><b>Aluminium 3-teilig <\/b>und ein <strong>leash<\/strong> Coiled. Es erm\u00f6glicht Ihnen, sofort aufs Wasser zu gehen, ohne Einschr\u00e4nkungen oder Anstrengung.<\/p>\n<p><a href=\"https:\/\/srokacompany.com\/de\/warum-sroka-boards\/\" target=\"_blank\" rel=\"noopener noreferrer\">Warum Sie sich f\u00fcr SROKA-Produkte entscheiden sollten<\/a><\/p>\n","protected":false},"excerpt":{"rendered":"<p>Aufblasbares SUP-Standardpaket Girly. Ideal f\u00fcr weibliche K\u00f6rpergr\u00f6\u00dfen. Geeignet f\u00fcr alle Niveaus.  <\/p>\n","protected":false},"featured_media":347044,"template":"","meta":{"_acf_changed":false,"_uag_custom_page_level_css":""},"product_brand":[],"product_cat":[3620,3896,3621,4258],"product_tag":[3441,3459,3443,3442],"class_list":{"0":"post-347037","1":"product","2":"type-product","3":"status-publish","4":"has-post-thumbnail","6":"product_cat-aufblasbare-paddel","7":"product_cat-brett-von-sup","8":"product_cat-pack-aufblasbares-paddle","9":"product_cat-schwarzer-freitag","10":"product_tag-anfanger","11":"product_tag-experte","12":"product_tag-fortgeschrittene","13":"product_tag-schlau","14":"product_shipping_class-sup-einheit","16":"first","17":"instock","18":"sale","19":"taxable","20":"shipping-taxable","21":"purchasable","22":"product-type-variable","23":"has-default-attributes"},"acf":[],"yoast_head":"<!-- This site is optimized with the Yoast SEO plugin v27.4 - https:\/\/yoast.com\/product\/yoast-seo-wordpress\/ -->\n<title>Aufblasbares Paddel Frau - Girly Collection | SROKA Company<\/title>\n<meta name=\"description\" content=\"Das aufblasbare Paddle Girly 11x30 ist ein Brett, mit dem du mit enormer Stabilit\u00e4t \u00fcber das Wasser gleiten kannst. Ideal f\u00fcr Spazierg\u00e4nge auf dem Meer oder Fluss.\" \/>\n<meta name=\"robots\" content=\"index, follow, max-snippet:-1, max-image-preview:large, max-video-preview:-1\" \/>\n<link rel=\"canonical\" href=\"https:\/\/srokacompany.com\/de\/produkt\/aufblasbares-paddel-frau-girly-fusion\/\" \/>\n<meta property=\"og:locale\" content=\"de_DE\" \/>\n<meta property=\"og:type\" content=\"article\" \/>\n<meta property=\"og:title\" content=\"Aufblasbares Paddel Frau - Girly Collection | SROKA Company\" \/>\n<meta property=\"og:description\" content=\"Das aufblasbare Paddle Girly 11x30 ist ein Brett, mit dem du mit enormer Stabilit\u00e4t \u00fcber das Wasser gleiten kannst. Ideal f\u00fcr Spazierg\u00e4nge auf dem Meer oder Fluss.\" \/>\n<meta property=\"og:url\" content=\"https:\/\/srokacompany.com\/de\/produkt\/aufblasbares-paddel-frau-girly-fusion\/\" \/>\n<meta property=\"og:site_name\" content=\"SROKA Company\" \/>\n<meta property=\"article:publisher\" content=\"https:\/\/www.facebook.com\/srokawatersports\/\" \/>\n<meta property=\"article:modified_time\" content=\"2025-12-22T07:42:52+00:00\" \/>\n<meta property=\"og:image\" content=\"https:\/\/srokacompany.com\/wp-content\/uploads\/2019\/02\/Sans-titre-1.png\" \/>\n\t<meta property=\"og:image:width\" content=\"780\" \/>\n\t<meta property=\"og:image:height\" content=\"1040\" \/>\n\t<meta property=\"og:image:type\" content=\"image\/png\" \/>\n<meta name=\"twitter:label1\" content=\"Gesch\u00e4tzte Lesezeit\" \/>\n\t<meta name=\"twitter:data1\" content=\"1\u00a0Minute\" \/>\n<script type=\"application\/ld+json\" class=\"yoast-schema-graph\">{\"@context\":\"https:\\\/\\\/schema.org\",\"@graph\":[{\"@type\":\"WebPage\",\"@id\":\"https:\\\/\\\/srokacompany.com\\\/de\\\/produkt\\\/aufblasbares-paddel-frau-girly-fusion\\\/\",\"url\":\"https:\\\/\\\/srokacompany.com\\\/de\\\/produkt\\\/aufblasbares-paddel-frau-girly-fusion\\\/\",\"name\":\"Aufblasbares Paddel Frau - Girly Collection | SROKA Company\",\"isPartOf\":{\"@id\":\"https:\\\/\\\/srokacompany.com\\\/de\\\/#website\"},\"primaryImageOfPage\":{\"@id\":\"https:\\\/\\\/srokacompany.com\\\/de\\\/produkt\\\/aufblasbares-paddel-frau-girly-fusion\\\/#primaryimage\"},\"image\":{\"@id\":\"https:\\\/\\\/srokacompany.com\\\/de\\\/produkt\\\/aufblasbares-paddel-frau-girly-fusion\\\/#primaryimage\"},\"thumbnailUrl\":\"https:\\\/\\\/srokacompany.com\\\/wp-content\\\/uploads\\\/2019\\\/02\\\/Sans-titre-1.png\",\"datePublished\":\"2019-02-06T14:34:08+00:00\",\"dateModified\":\"2025-12-22T07:42:52+00:00\",\"description\":\"Das aufblasbare Paddle Girly 11x30 ist ein Brett, mit dem du mit enormer Stabilit\u00e4t \u00fcber das Wasser gleiten kannst. Ideal f\u00fcr Spazierg\u00e4nge auf dem Meer oder Fluss.\",\"breadcrumb\":{\"@id\":\"https:\\\/\\\/srokacompany.com\\\/de\\\/produkt\\\/aufblasbares-paddel-frau-girly-fusion\\\/#breadcrumb\"},\"inLanguage\":\"de\",\"potentialAction\":[{\"@type\":\"ReadAction\",\"target\":[\"https:\\\/\\\/srokacompany.com\\\/de\\\/produkt\\\/aufblasbares-paddel-frau-girly-fusion\\\/\"]}]},{\"@type\":\"ImageObject\",\"inLanguage\":\"de\",\"@id\":\"https:\\\/\\\/srokacompany.com\\\/de\\\/produkt\\\/aufblasbares-paddel-frau-girly-fusion\\\/#primaryimage\",\"url\":\"https:\\\/\\\/srokacompany.com\\\/wp-content\\\/uploads\\\/2019\\\/02\\\/Sans-titre-1.png\",\"contentUrl\":\"https:\\\/\\\/srokacompany.com\\\/wp-content\\\/uploads\\\/2019\\\/02\\\/Sans-titre-1.png\",\"width\":780,\"height\":1040,\"caption\":\"aufblasbares paddle f\u00fcr frauen\"},{\"@type\":\"BreadcrumbList\",\"@id\":\"https:\\\/\\\/srokacompany.com\\\/de\\\/produkt\\\/aufblasbares-paddel-frau-girly-fusion\\\/#breadcrumb\",\"itemListElement\":[{\"@type\":\"ListItem\",\"position\":1,\"name\":\"Accueil\",\"item\":\"https:\\\/\\\/srokacompany.com\\\/de\\\/\"},{\"@type\":\"ListItem\",\"position\":2,\"name\":\"Laden\",\"item\":\"https:\\\/\\\/srokacompany.com\\\/laden\\\/\"},{\"@type\":\"ListItem\",\"position\":3,\"name\":\"Aufblasbares Paddel Frau Girly Fusion\"}]},{\"@type\":\"WebSite\",\"@id\":\"https:\\\/\\\/srokacompany.com\\\/de\\\/#website\",\"url\":\"https:\\\/\\\/srokacompany.com\\\/de\\\/\",\"name\":\"SROKA Company\",\"description\":\"SUP, Kite, Foil, Wing\",\"publisher\":{\"@id\":\"https:\\\/\\\/srokacompany.com\\\/de\\\/#organization\"},\"potentialAction\":[{\"@type\":\"SearchAction\",\"target\":{\"@type\":\"EntryPoint\",\"urlTemplate\":\"https:\\\/\\\/srokacompany.com\\\/de\\\/?s={search_term_string}\"},\"query-input\":{\"@type\":\"PropertyValueSpecification\",\"valueRequired\":true,\"valueName\":\"search_term_string\"}}],\"inLanguage\":\"de\"},{\"@type\":\"Organization\",\"@id\":\"https:\\\/\\\/srokacompany.com\\\/de\\\/#organization\",\"name\":\"SROKACOMPANY\",\"alternateName\":\"SROKA\",\"url\":\"https:\\\/\\\/srokacompany.com\\\/de\\\/\",\"logo\":{\"@type\":\"ImageObject\",\"inLanguage\":\"de\",\"@id\":\"https:\\\/\\\/srokacompany.com\\\/de\\\/#\\\/schema\\\/logo\\\/image\\\/\",\"url\":\"https:\\\/\\\/srokacompany.com\\\/wp-content\\\/uploads\\\/2021\\\/01\\\/logo-sroka-black-transpa.png\",\"contentUrl\":\"https:\\\/\\\/srokacompany.com\\\/wp-content\\\/uploads\\\/2021\\\/01\\\/logo-sroka-black-transpa.png\",\"width\":1201,\"height\":342,\"caption\":\"SROKACOMPANY\"},\"image\":{\"@id\":\"https:\\\/\\\/srokacompany.com\\\/de\\\/#\\\/schema\\\/logo\\\/image\\\/\"},\"sameAs\":[\"https:\\\/\\\/www.facebook.com\\\/srokawatersports\\\/\",\"https:\\\/\\\/www.instagram.com\\\/srokawatersports\\\/\",\"https:\\\/\\\/www.youtube.com\\\/channel\\\/UCVLHHeaPIm-J5bdEUgxqtZA\"]}]}<\/script>\n<!-- \/ Yoast SEO plugin. -->","yoast_head_json":{"title":"Aufblasbares Paddel Frau - Girly Collection | SROKA Company","description":"Das aufblasbare Paddle Girly 11x30 ist ein Brett, mit dem du mit enormer Stabilit\u00e4t \u00fcber das Wasser gleiten kannst. Ideal f\u00fcr Spazierg\u00e4nge auf dem Meer oder Fluss.","robots":{"index":"index","follow":"follow","max-snippet":"max-snippet:-1","max-image-preview":"max-image-preview:large","max-video-preview":"max-video-preview:-1"},"canonical":"https:\/\/srokacompany.com\/de\/produkt\/aufblasbares-paddel-frau-girly-fusion\/","og_locale":"de_DE","og_type":"article","og_title":"Aufblasbares Paddel Frau - Girly Collection | SROKA Company","og_description":"Das aufblasbare Paddle Girly 11x30 ist ein Brett, mit dem du mit enormer Stabilit\u00e4t \u00fcber das Wasser gleiten kannst. Ideal f\u00fcr Spazierg\u00e4nge auf dem Meer oder Fluss.","og_url":"https:\/\/srokacompany.com\/de\/produkt\/aufblasbares-paddel-frau-girly-fusion\/","og_site_name":"SROKA Company","article_publisher":"https:\/\/www.facebook.com\/srokawatersports\/","article_modified_time":"2025-12-22T07:42:52+00:00","og_image":[{"width":780,"height":1040,"url":"https:\/\/srokacompany.com\/wp-content\/uploads\/2019\/02\/Sans-titre-1.png","type":"image\/png"}],"twitter_misc":{"Gesch\u00e4tzte Lesezeit":"1\u00a0Minute"},"schema":{"@context":"https:\/\/schema.org","@graph":[{"@type":"WebPage","@id":"https:\/\/srokacompany.com\/de\/produkt\/aufblasbares-paddel-frau-girly-fusion\/","url":"https:\/\/srokacompany.com\/de\/produkt\/aufblasbares-paddel-frau-girly-fusion\/","name":"Aufblasbares Paddel Frau - Girly Collection | SROKA Company","isPartOf":{"@id":"https:\/\/srokacompany.com\/de\/#website"},"primaryImageOfPage":{"@id":"https:\/\/srokacompany.com\/de\/produkt\/aufblasbares-paddel-frau-girly-fusion\/#primaryimage"},"image":{"@id":"https:\/\/srokacompany.com\/de\/produkt\/aufblasbares-paddel-frau-girly-fusion\/#primaryimage"},"thumbnailUrl":"https:\/\/srokacompany.com\/wp-content\/uploads\/2019\/02\/Sans-titre-1.png","datePublished":"2019-02-06T14:34:08+00:00","dateModified":"2025-12-22T07:42:52+00:00","description":"Das aufblasbare Paddle Girly 11x30 ist ein Brett, mit dem du mit enormer Stabilit\u00e4t \u00fcber das Wasser gleiten kannst. Ideal f\u00fcr Spazierg\u00e4nge auf dem Meer oder Fluss.","breadcrumb":{"@id":"https:\/\/srokacompany.com\/de\/produkt\/aufblasbares-paddel-frau-girly-fusion\/#breadcrumb"},"inLanguage":"de","potentialAction":[{"@type":"ReadAction","target":["https:\/\/srokacompany.com\/de\/produkt\/aufblasbares-paddel-frau-girly-fusion\/"]}]},{"@type":"ImageObject","inLanguage":"de","@id":"https:\/\/srokacompany.com\/de\/produkt\/aufblasbares-paddel-frau-girly-fusion\/#primaryimage","url":"https:\/\/srokacompany.com\/wp-content\/uploads\/2019\/02\/Sans-titre-1.png","contentUrl":"https:\/\/srokacompany.com\/wp-content\/uploads\/2019\/02\/Sans-titre-1.png","width":780,"height":1040,"caption":"aufblasbares paddle f\u00fcr frauen"},{"@type":"BreadcrumbList","@id":"https:\/\/srokacompany.com\/de\/produkt\/aufblasbares-paddel-frau-girly-fusion\/#breadcrumb","itemListElement":[{"@type":"ListItem","position":1,"name":"Accueil","item":"https:\/\/srokacompany.com\/de\/"},{"@type":"ListItem","position":2,"name":"Laden","item":"https:\/\/srokacompany.com\/laden\/"},{"@type":"ListItem","position":3,"name":"Aufblasbares Paddel Frau Girly Fusion"}]},{"@type":"WebSite","@id":"https:\/\/srokacompany.com\/de\/#website","url":"https:\/\/srokacompany.com\/de\/","name":"SROKA Company","description":"SUP, Kite, Foil, Wing","publisher":{"@id":"https:\/\/srokacompany.com\/de\/#organization"},"potentialAction":[{"@type":"SearchAction","target":{"@type":"EntryPoint","urlTemplate":"https:\/\/srokacompany.com\/de\/?s={search_term_string}"},"query-input":{"@type":"PropertyValueSpecification","valueRequired":true,"valueName":"search_term_string"}}],"inLanguage":"de"},{"@type":"Organization","@id":"https:\/\/srokacompany.com\/de\/#organization","name":"SROKACOMPANY","alternateName":"SROKA","url":"https:\/\/srokacompany.com\/de\/","logo":{"@type":"ImageObject","inLanguage":"de","@id":"https:\/\/srokacompany.com\/de\/#\/schema\/logo\/image\/","url":"https:\/\/srokacompany.com\/wp-content\/uploads\/2021\/01\/logo-sroka-black-transpa.png","contentUrl":"https:\/\/srokacompany.com\/wp-content\/uploads\/2021\/01\/logo-sroka-black-transpa.png","width":1201,"height":342,"caption":"SROKACOMPANY"},"image":{"@id":"https:\/\/srokacompany.com\/de\/#\/schema\/logo\/image\/"},"sameAs":["https:\/\/www.facebook.com\/srokawatersports\/","https:\/\/www.instagram.com\/srokawatersports\/","https:\/\/www.youtube.com\/channel\/UCVLHHeaPIm-J5bdEUgxqtZA"]}]}},"uagb_featured_image_src":{"full":["https:\/\/srokacompany.com\/wp-content\/uploads\/2019\/02\/Sans-titre-1.png",780,1040,false],"thumbnail":["https:\/\/srokacompany.com\/wp-content\/uploads\/2019\/02\/Sans-titre-1-150x150.png",150,150,true],"medium":["https:\/\/srokacompany.com\/wp-content\/uploads\/2019\/02\/Sans-titre-1-225x300.png",225,300,true],"medium_large":["https:\/\/srokacompany.com\/wp-content\/uploads\/2019\/02\/Sans-titre-1-768x1024.png",768,1024,true],"large":["https:\/\/srokacompany.com\/wp-content\/uploads\/2019\/02\/Sans-titre-1-768x1024.png",768,1024,true],"1536x1536":["https:\/\/srokacompany.com\/wp-content\/uploads\/2019\/02\/Sans-titre-1.png",780,1040,false],"2048x2048":["https:\/\/srokacompany.com\/wp-content\/uploads\/2019\/02\/Sans-titre-1.png",780,1040,false],"woocommerce_thumbnail":["https:\/\/srokacompany.com\/wp-content\/uploads\/2019\/02\/Sans-titre-1-600x800.png",600,800,true],"woocommerce_single":["https:\/\/srokacompany.com\/wp-content\/uploads\/2019\/02\/Sans-titre-1-600x800.png",600,800,true],"woocommerce_gallery_thumbnail":["https:\/\/srokacompany.com\/wp-content\/uploads\/2019\/02\/Sans-titre-1-100x100.png",100,100,true],"dgwt-wcas-product-suggestion":["https:\/\/srokacompany.com\/wp-content\/uploads\/2019\/02\/Sans-titre-1.png",64,85,false]},"uagb_author_info":{"display_name":"Bruno Sroka","author_link":"https:\/\/srokacompany.com\/de\/blog\/author\/"},"uagb_comment_info":0,"uagb_excerpt":"Aufblasbares SUP-Standardpaket Girly. Ideal f\u00fcr weibliche K\u00f6rpergr\u00f6\u00dfen. Geeignet f\u00fcr alle Niveaus.","jetpack_sharing_enabled":true,"_links":{"self":[{"href":"https:\/\/srokacompany.com\/de\/wp-json\/wp\/v2\/product\/347037","targetHints":{"allow":["GET"]}}],"collection":[{"href":"https:\/\/srokacompany.com\/de\/wp-json\/wp\/v2\/product"}],"about":[{"href":"https:\/\/srokacompany.com\/de\/wp-json\/wp\/v2\/types\/product"}],"wp:featuredmedia":[{"embeddable":true,"href":"https:\/\/srokacompany.com\/de\/wp-json\/wp\/v2\/media\/347044"}],"wp:attachment":[{"href":"https:\/\/srokacompany.com\/de\/wp-json\/wp\/v2\/media?parent=347037"}],"wp:term":[{"taxonomy":"product_brand","embeddable":true,"href":"https:\/\/srokacompany.com\/de\/wp-json\/wp\/v2\/product_brand?post=347037"},{"taxonomy":"product_cat","embeddable":true,"href":"https:\/\/srokacompany.com\/de\/wp-json\/wp\/v2\/product_cat?post=347037"},{"taxonomy":"product_tag","embeddable":true,"href":"https:\/\/srokacompany.com\/de\/wp-json\/wp\/v2\/product_tag?post=347037"}],"curies":[{"name":"wp","href":"https:\/\/api.w.org\/{rel}","templated":true}]}}