{"id":347251,"date":"2017-04-24T07:24:51","date_gmt":"2017-04-24T07:24:51","guid":{"rendered":"https:\/\/srokacompany.com\/produit\/stand-up-paddle-duo\/"},"modified":"2026-02-06T19:47:19","modified_gmt":"2026-02-06T17:47:19","slug":"stand-up-paddle-duo","status":"publish","type":"product","link":"https:\/\/srokacompany.com\/de\/produkt\/stand-up-paddle-duo\/","title":{"rendered":"Stand up Paddle DUO"},"content":{"rendered":"<p data-path-to-node=\"0\">\n<p data-path-to-node=\"0\">\n<h2 data-path-to-node=\"3\">Warum sollten Sie das Stand up paddle Tandem Duo f\u00fcr Ihre Ausfl\u00fcge w\u00e4hlen?<\/h2>\n<p data-path-to-node=\"4\">Das <b data-path-to-node=\"4\" data-index-in-node=\"3\">Stand up paddle Tandem Duo<\/b> ist das ideale Board f\u00fcr gemeinsame Wasserabenteuer mit der Familie oder mit Freunden. <b data-path-to-node=\"4\" data-index-in-node=\"116\">Denn<\/b> sein spezielles Design bietet eine au\u00dfergew\u00f6hnliche Stabilit\u00e4t, sodass zwei Paddler in perfekter Synchronisation fahren k\u00f6nnen. Dank unserer doppellagigen Fusion-Technologie bietet das Tandem-Tandem maximale Steifigkeit, ist aber dennoch leicht und l\u00e4sst sich nach dem Luftablassen einfach transportieren.<\/p>\n<h3 data-path-to-node=\"5\">Optimierte Stabilit\u00e4t auf dem Stand up paddle Tandem Duo<\/h3>\n<p data-path-to-node=\"6\"><b data-path-to-node=\"6\" data-index-in-node=\"0\">Daher<\/b> ist dieses Modell sowohl f\u00fcr Anf\u00e4nger als auch f\u00fcr regelm\u00e4\u00dfige Segler geeignet, die gemeinsam auf einer Plattform segeln m\u00f6chten. Aus <b data-path-to-node=\"6\" data-index-in-node=\"157\">diesem Grund<\/b> haben wir die Breite des Bootes auf 31&#8243; optimiert, wodurch es auch bei Wellengang eine beruhigende Basis bietet. <b data-path-to-node=\"6\" data-index-in-node=\"266\">Au\u00dferdem<\/b> bietet diese gro\u00dfz\u00fcgige Breite bequem Platz f\u00fcr zwei Erwachsene oder ein Elternteil mit Kindern, die mit <b data-path-to-node=\"6\" data-index-in-node=\"415\">diesem Familienboard<\/b> einen geselligen Ausflug machen wollen.<\/p>\n<h3 data-path-to-node=\"7\">Die hochwertige Konstruktion unseres SUP Tandems<\/h3>\n<p data-path-to-node=\"8\">Die Qualit\u00e4t von Sroka zeigt sich in jedem Detail Ihrer Ausr\u00fcstung. <b data-path-to-node=\"8\" data-index-in-node=\"69\">Zum anderen<\/b> sorgt die Verwendung von hochwertigem PVC und verst\u00e4rkten Griffen f\u00fcr eine lange Lebensdauer <b data-path-to-node=\"8\" data-index-in-node=\"177\">Ihres Reittiers<\/b>, selbst bei intensiver Nutzung. Und <b data-path-to-node=\"8\" data-index-in-node=\"229\">schlie\u00dflich<\/b> sorgt ein rutschfestes EVA-Pad f\u00fcr Komfort in beiden Fahrbereichen, sodass Sie mehrere Stunden lang ohne \u00fcberm\u00e4\u00dfige Erm\u00fcdung rudern k\u00f6nnen.<\/p>\n<h4 data-path-to-node=\"9\">Eine komplette Ausr\u00fcstung f\u00fcr Ihren Stand Up Paddle Tandem Duo<\/h4>\n<p data-path-to-node=\"10\">Die gepr\u00e4gten Eva-Pads sind sehr bequem unter den F\u00fc\u00dfen und bieten einen sehr guten Grip bei allen Man\u00f6vern. <b data-path-to-node=\"10\" data-index-in-node=\"114\">Au\u00dferdem<\/b> wird Sie sein atypischer Look und seine hochwertige Verarbeitung nicht gleichg\u00fcltig lassen. Sein Decksnetz erm\u00f6glicht es Ihnen, eine kleine Transporttasche zu befestigen. <b data-path-to-node=\"10\" data-index-in-node=\"278\">Nach der Session<\/b> kann das unaufgepumpte SUP einfach in der SROKA-Transporttasche verstaut werden. Die Qualit\u00e4t der Tasche und ihr Komfort lassen Sie vergessen <b data-path-to-node=\"10\" data-index-in-node=\"374\">,<\/b> dass Sie ein so gro\u00dfes Board transportieren. <\/p>\n<h3><a href=\"https:\/\/srokacompany.com\/de\/warum-sroka-boards\/\" target=\"_blank\" rel=\"noopener noreferrer\">Warum Sie sich f\u00fcr SROKA-Produkte entscheiden sollten<\/a><\/h3>\n<p class=\"p2\"><span class=\"s1\">  Um Ihre Sicherheit auf See zu gew\u00e4hrleisten, empfehlen wir Ihnen, vor jeder Fahrt mit Ihrem <b data-path-to-node=\"14\" data-index-in-node=\"195\">Stand up paddle Tandem Duo<\/b> die <a class=\"ng-star-inserted\" href=\"https:\/\/www.google.com\/search?q=https:\/\/www.snsm.org\/conseils\/conseils-paddle\" target=\"_blank\" rel=\"noopener\">Navigationsregeln der SNSM<\/a> zu konsultieren.<\/span><\/p>\n","protected":false},"excerpt":{"rendered":"<p>Duo paddle, von 2 bis 4 Personen<\/p>\n","protected":false},"featured_media":347280,"template":"","meta":{"_acf_changed":false,"_uag_custom_page_level_css":""},"product_brand":[],"product_cat":[3620,3896],"product_tag":[3459,3443,3442],"class_list":{"0":"post-347251","1":"product","2":"type-product","3":"status-publish","4":"has-post-thumbnail","6":"product_cat-aufblasbare-paddel","7":"product_cat-brett-von-sup","8":"product_tag-experte","9":"product_tag-fortgeschrittene","10":"product_tag-schlau","11":"product_shipping_class-sup-einheit","13":"first","14":"outofstock","15":"purchasable","16":"product-type-simple"},"acf":[],"yoast_head":"<!-- This site is optimized with the Yoast SEO plugin v27.4 - https:\/\/yoast.com\/product\/yoast-seo-wordpress\/ -->\n<title>Stand up paddle Duo Tandem | Sroka Company<\/title>\n<meta name=\"description\" content=\"Entdecken Sie das Stand up paddle Tandem Duo Sroka. Ein ultra-stabiles, aufblasbares SUP f\u00fcr 2 bis 3 Personen, ideal f\u00fcr Familien und Ausfl\u00fcge.\" \/>\n<meta name=\"robots\" content=\"index, follow, max-snippet:-1, max-image-preview:large, max-video-preview:-1\" \/>\n<link rel=\"canonical\" href=\"https:\/\/srokacompany.com\/de\/produkt\/stand-up-paddle-duo\/\" \/>\n<meta property=\"og:locale\" content=\"de_DE\" \/>\n<meta property=\"og:type\" content=\"article\" \/>\n<meta property=\"og:title\" content=\"Stand up paddle Duo Tandem | Sroka Company\" \/>\n<meta property=\"og:description\" content=\"Entdecken Sie das Stand up paddle Tandem Duo Sroka. Ein ultra-stabiles, aufblasbares SUP f\u00fcr 2 bis 3 Personen, ideal f\u00fcr Familien und Ausfl\u00fcge.\" \/>\n<meta property=\"og:url\" content=\"https:\/\/srokacompany.com\/de\/produkt\/stand-up-paddle-duo\/\" \/>\n<meta property=\"og:site_name\" content=\"SROKA Company\" \/>\n<meta property=\"article:publisher\" content=\"https:\/\/www.facebook.com\/srokawatersports\/\" \/>\n<meta property=\"article:modified_time\" content=\"2026-02-06T17:47:19+00:00\" \/>\n<meta property=\"og:image\" content=\"https:\/\/srokacompany.com\/wp-content\/uploads\/2017\/04\/duo-2-scaled.jpg\" \/>\n\t<meta property=\"og:image:width\" content=\"1920\" \/>\n\t<meta property=\"og:image:height\" content=\"2560\" \/>\n\t<meta property=\"og:image:type\" content=\"image\/jpeg\" \/>\n<meta name=\"twitter:label1\" content=\"Gesch\u00e4tzte Lesezeit\" \/>\n\t<meta name=\"twitter:data1\" content=\"2\u00a0Minuten\" \/>\n<script type=\"application\/ld+json\" class=\"yoast-schema-graph\">{\"@context\":\"https:\\\/\\\/schema.org\",\"@graph\":[{\"@type\":\"WebPage\",\"@id\":\"https:\\\/\\\/srokacompany.com\\\/de\\\/produkt\\\/stand-up-paddle-duo\\\/\",\"url\":\"https:\\\/\\\/srokacompany.com\\\/de\\\/produkt\\\/stand-up-paddle-duo\\\/\",\"name\":\"Stand up paddle Duo Tandem | Sroka Company\",\"isPartOf\":{\"@id\":\"https:\\\/\\\/srokacompany.com\\\/de\\\/#website\"},\"primaryImageOfPage\":{\"@id\":\"https:\\\/\\\/srokacompany.com\\\/de\\\/produkt\\\/stand-up-paddle-duo\\\/#primaryimage\"},\"image\":{\"@id\":\"https:\\\/\\\/srokacompany.com\\\/de\\\/produkt\\\/stand-up-paddle-duo\\\/#primaryimage\"},\"thumbnailUrl\":\"https:\\\/\\\/srokacompany.com\\\/wp-content\\\/uploads\\\/2017\\\/04\\\/duo-2-scaled.jpg\",\"datePublished\":\"2017-04-24T07:24:51+00:00\",\"dateModified\":\"2026-02-06T17:47:19+00:00\",\"description\":\"Entdecken Sie das Stand up paddle Tandem Duo Sroka. Ein ultra-stabiles, aufblasbares SUP f\u00fcr 2 bis 3 Personen, ideal f\u00fcr Familien und Ausfl\u00fcge.\",\"breadcrumb\":{\"@id\":\"https:\\\/\\\/srokacompany.com\\\/de\\\/produkt\\\/stand-up-paddle-duo\\\/#breadcrumb\"},\"inLanguage\":\"de\",\"potentialAction\":[{\"@type\":\"ReadAction\",\"target\":[\"https:\\\/\\\/srokacompany.com\\\/de\\\/produkt\\\/stand-up-paddle-duo\\\/\"]}]},{\"@type\":\"ImageObject\",\"inLanguage\":\"de\",\"@id\":\"https:\\\/\\\/srokacompany.com\\\/de\\\/produkt\\\/stand-up-paddle-duo\\\/#primaryimage\",\"url\":\"https:\\\/\\\/srokacompany.com\\\/wp-content\\\/uploads\\\/2017\\\/04\\\/duo-2-scaled.jpg\",\"contentUrl\":\"https:\\\/\\\/srokacompany.com\\\/wp-content\\\/uploads\\\/2017\\\/04\\\/duo-2-scaled.jpg\",\"width\":1920,\"height\":2560,\"caption\":\"Stand up paddle Tandem Duo Sroka aufblasbar f\u00fcr 2 oder 4 Personen\"},{\"@type\":\"BreadcrumbList\",\"@id\":\"https:\\\/\\\/srokacompany.com\\\/de\\\/produkt\\\/stand-up-paddle-duo\\\/#breadcrumb\",\"itemListElement\":[{\"@type\":\"ListItem\",\"position\":1,\"name\":\"Accueil\",\"item\":\"https:\\\/\\\/srokacompany.com\\\/de\\\/\"},{\"@type\":\"ListItem\",\"position\":2,\"name\":\"Laden\",\"item\":\"https:\\\/\\\/srokacompany.com\\\/laden\\\/\"},{\"@type\":\"ListItem\",\"position\":3,\"name\":\"Stand up Paddle DUO\"}]},{\"@type\":\"WebSite\",\"@id\":\"https:\\\/\\\/srokacompany.com\\\/de\\\/#website\",\"url\":\"https:\\\/\\\/srokacompany.com\\\/de\\\/\",\"name\":\"SROKA Company\",\"description\":\"SUP, Kite, Foil, Wing\",\"publisher\":{\"@id\":\"https:\\\/\\\/srokacompany.com\\\/de\\\/#organization\"},\"potentialAction\":[{\"@type\":\"SearchAction\",\"target\":{\"@type\":\"EntryPoint\",\"urlTemplate\":\"https:\\\/\\\/srokacompany.com\\\/de\\\/?s={search_term_string}\"},\"query-input\":{\"@type\":\"PropertyValueSpecification\",\"valueRequired\":true,\"valueName\":\"search_term_string\"}}],\"inLanguage\":\"de\"},{\"@type\":\"Organization\",\"@id\":\"https:\\\/\\\/srokacompany.com\\\/de\\\/#organization\",\"name\":\"SROKACOMPANY\",\"alternateName\":\"SROKA\",\"url\":\"https:\\\/\\\/srokacompany.com\\\/de\\\/\",\"logo\":{\"@type\":\"ImageObject\",\"inLanguage\":\"de\",\"@id\":\"https:\\\/\\\/srokacompany.com\\\/de\\\/#\\\/schema\\\/logo\\\/image\\\/\",\"url\":\"https:\\\/\\\/srokacompany.com\\\/wp-content\\\/uploads\\\/2021\\\/01\\\/logo-sroka-black-transpa.png\",\"contentUrl\":\"https:\\\/\\\/srokacompany.com\\\/wp-content\\\/uploads\\\/2021\\\/01\\\/logo-sroka-black-transpa.png\",\"width\":1201,\"height\":342,\"caption\":\"SROKACOMPANY\"},\"image\":{\"@id\":\"https:\\\/\\\/srokacompany.com\\\/de\\\/#\\\/schema\\\/logo\\\/image\\\/\"},\"sameAs\":[\"https:\\\/\\\/www.facebook.com\\\/srokawatersports\\\/\",\"https:\\\/\\\/www.instagram.com\\\/srokawatersports\\\/\",\"https:\\\/\\\/www.youtube.com\\\/channel\\\/UCVLHHeaPIm-J5bdEUgxqtZA\"]}]}<\/script>\n<!-- \/ Yoast SEO plugin. -->","yoast_head_json":{"title":"Stand up paddle Duo Tandem | Sroka Company","description":"Entdecken Sie das Stand up paddle Tandem Duo Sroka. Ein ultra-stabiles, aufblasbares SUP f\u00fcr 2 bis 3 Personen, ideal f\u00fcr Familien und Ausfl\u00fcge.","robots":{"index":"index","follow":"follow","max-snippet":"max-snippet:-1","max-image-preview":"max-image-preview:large","max-video-preview":"max-video-preview:-1"},"canonical":"https:\/\/srokacompany.com\/de\/produkt\/stand-up-paddle-duo\/","og_locale":"de_DE","og_type":"article","og_title":"Stand up paddle Duo Tandem | Sroka Company","og_description":"Entdecken Sie das Stand up paddle Tandem Duo Sroka. Ein ultra-stabiles, aufblasbares SUP f\u00fcr 2 bis 3 Personen, ideal f\u00fcr Familien und Ausfl\u00fcge.","og_url":"https:\/\/srokacompany.com\/de\/produkt\/stand-up-paddle-duo\/","og_site_name":"SROKA Company","article_publisher":"https:\/\/www.facebook.com\/srokawatersports\/","article_modified_time":"2026-02-06T17:47:19+00:00","og_image":[{"width":1920,"height":2560,"url":"https:\/\/srokacompany.com\/wp-content\/uploads\/2017\/04\/duo-2-scaled.jpg","type":"image\/jpeg"}],"twitter_misc":{"Gesch\u00e4tzte Lesezeit":"2\u00a0Minuten"},"schema":{"@context":"https:\/\/schema.org","@graph":[{"@type":"WebPage","@id":"https:\/\/srokacompany.com\/de\/produkt\/stand-up-paddle-duo\/","url":"https:\/\/srokacompany.com\/de\/produkt\/stand-up-paddle-duo\/","name":"Stand up paddle Duo Tandem | Sroka Company","isPartOf":{"@id":"https:\/\/srokacompany.com\/de\/#website"},"primaryImageOfPage":{"@id":"https:\/\/srokacompany.com\/de\/produkt\/stand-up-paddle-duo\/#primaryimage"},"image":{"@id":"https:\/\/srokacompany.com\/de\/produkt\/stand-up-paddle-duo\/#primaryimage"},"thumbnailUrl":"https:\/\/srokacompany.com\/wp-content\/uploads\/2017\/04\/duo-2-scaled.jpg","datePublished":"2017-04-24T07:24:51+00:00","dateModified":"2026-02-06T17:47:19+00:00","description":"Entdecken Sie das Stand up paddle Tandem Duo Sroka. Ein ultra-stabiles, aufblasbares SUP f\u00fcr 2 bis 3 Personen, ideal f\u00fcr Familien und Ausfl\u00fcge.","breadcrumb":{"@id":"https:\/\/srokacompany.com\/de\/produkt\/stand-up-paddle-duo\/#breadcrumb"},"inLanguage":"de","potentialAction":[{"@type":"ReadAction","target":["https:\/\/srokacompany.com\/de\/produkt\/stand-up-paddle-duo\/"]}]},{"@type":"ImageObject","inLanguage":"de","@id":"https:\/\/srokacompany.com\/de\/produkt\/stand-up-paddle-duo\/#primaryimage","url":"https:\/\/srokacompany.com\/wp-content\/uploads\/2017\/04\/duo-2-scaled.jpg","contentUrl":"https:\/\/srokacompany.com\/wp-content\/uploads\/2017\/04\/duo-2-scaled.jpg","width":1920,"height":2560,"caption":"Stand up paddle Tandem Duo Sroka aufblasbar f\u00fcr 2 oder 4 Personen"},{"@type":"BreadcrumbList","@id":"https:\/\/srokacompany.com\/de\/produkt\/stand-up-paddle-duo\/#breadcrumb","itemListElement":[{"@type":"ListItem","position":1,"name":"Accueil","item":"https:\/\/srokacompany.com\/de\/"},{"@type":"ListItem","position":2,"name":"Laden","item":"https:\/\/srokacompany.com\/laden\/"},{"@type":"ListItem","position":3,"name":"Stand up Paddle DUO"}]},{"@type":"WebSite","@id":"https:\/\/srokacompany.com\/de\/#website","url":"https:\/\/srokacompany.com\/de\/","name":"SROKA Company","description":"SUP, Kite, Foil, Wing","publisher":{"@id":"https:\/\/srokacompany.com\/de\/#organization"},"potentialAction":[{"@type":"SearchAction","target":{"@type":"EntryPoint","urlTemplate":"https:\/\/srokacompany.com\/de\/?s={search_term_string}"},"query-input":{"@type":"PropertyValueSpecification","valueRequired":true,"valueName":"search_term_string"}}],"inLanguage":"de"},{"@type":"Organization","@id":"https:\/\/srokacompany.com\/de\/#organization","name":"SROKACOMPANY","alternateName":"SROKA","url":"https:\/\/srokacompany.com\/de\/","logo":{"@type":"ImageObject","inLanguage":"de","@id":"https:\/\/srokacompany.com\/de\/#\/schema\/logo\/image\/","url":"https:\/\/srokacompany.com\/wp-content\/uploads\/2021\/01\/logo-sroka-black-transpa.png","contentUrl":"https:\/\/srokacompany.com\/wp-content\/uploads\/2021\/01\/logo-sroka-black-transpa.png","width":1201,"height":342,"caption":"SROKACOMPANY"},"image":{"@id":"https:\/\/srokacompany.com\/de\/#\/schema\/logo\/image\/"},"sameAs":["https:\/\/www.facebook.com\/srokawatersports\/","https:\/\/www.instagram.com\/srokawatersports\/","https:\/\/www.youtube.com\/channel\/UCVLHHeaPIm-J5bdEUgxqtZA"]}]}},"uagb_featured_image_src":{"full":["https:\/\/srokacompany.com\/wp-content\/uploads\/2017\/04\/duo-2-scaled.jpg",1920,2560,false],"thumbnail":["https:\/\/srokacompany.com\/wp-content\/uploads\/2017\/04\/duo-2-150x150.jpg",150,150,true],"medium":["https:\/\/srokacompany.com\/wp-content\/uploads\/2017\/04\/duo-2-225x300.jpg",225,300,true],"medium_large":["https:\/\/srokacompany.com\/wp-content\/uploads\/2017\/04\/duo-2-768x1024.jpg",768,1024,true],"large":["https:\/\/srokacompany.com\/wp-content\/uploads\/2017\/04\/duo-2-768x1024.jpg",768,1024,true],"1536x1536":["https:\/\/srokacompany.com\/wp-content\/uploads\/2017\/04\/duo-2-1152x1536.jpg",1152,1536,true],"2048x2048":["https:\/\/srokacompany.com\/wp-content\/uploads\/2017\/04\/duo-2-1536x2048.jpg",1536,2048,true],"woocommerce_thumbnail":["https:\/\/srokacompany.com\/wp-content\/uploads\/2017\/04\/duo-2-600x800.jpg",600,800,true],"woocommerce_single":["https:\/\/srokacompany.com\/wp-content\/uploads\/2017\/04\/duo-2-600x800.jpg",600,800,true],"woocommerce_gallery_thumbnail":["https:\/\/srokacompany.com\/wp-content\/uploads\/2017\/04\/duo-2-100x100.jpg",100,100,true],"dgwt-wcas-product-suggestion":["https:\/\/srokacompany.com\/wp-content\/uploads\/2017\/04\/duo-2-scaled.jpg",64,85,false]},"uagb_author_info":{"display_name":"matthieumilliot_xd7qukoc","author_link":"https:\/\/srokacompany.com\/de\/blog\/author\/"},"uagb_comment_info":0,"uagb_excerpt":"Duo paddle, von 2 bis 4 Personen","jetpack_sharing_enabled":true,"_links":{"self":[{"href":"https:\/\/srokacompany.com\/de\/wp-json\/wp\/v2\/product\/347251","targetHints":{"allow":["GET"]}}],"collection":[{"href":"https:\/\/srokacompany.com\/de\/wp-json\/wp\/v2\/product"}],"about":[{"href":"https:\/\/srokacompany.com\/de\/wp-json\/wp\/v2\/types\/product"}],"wp:featuredmedia":[{"embeddable":true,"href":"https:\/\/srokacompany.com\/de\/wp-json\/wp\/v2\/media\/347280"}],"wp:attachment":[{"href":"https:\/\/srokacompany.com\/de\/wp-json\/wp\/v2\/media?parent=347251"}],"wp:term":[{"taxonomy":"product_brand","embeddable":true,"href":"https:\/\/srokacompany.com\/de\/wp-json\/wp\/v2\/product_brand?post=347251"},{"taxonomy":"product_cat","embeddable":true,"href":"https:\/\/srokacompany.com\/de\/wp-json\/wp\/v2\/product_cat?post=347251"},{"taxonomy":"product_tag","embeddable":true,"href":"https:\/\/srokacompany.com\/de\/wp-json\/wp\/v2\/product_tag?post=347251"}],"curies":[{"name":"wp","href":"https:\/\/api.w.org\/{rel}","templated":true}]}}