{"id":347968,"date":"2018-03-02T08:56:46","date_gmt":"2018-03-02T08:56:46","guid":{"rendered":"https:\/\/srokacompany.com\/produit\/aufblasbares-paddel-school-103x34x6\/"},"modified":"2025-11-03T12:07:01","modified_gmt":"2025-11-03T10:07:01","slug":"aufblasbares-paddel-school-103x34x6","status":"publish","type":"product","link":"https:\/\/srokacompany.com\/de\/produkt\/aufblasbares-paddel-school-103x34x6\/","title":{"rendered":"Aufblasbares Paddel School 10&#8217;3x34x6"},"content":{"rendered":"<p data-start=\"163\" data-end=\"509\">Entdecken Sie das aufblasbare Board <strong data-start=\"194\" data-end=\"218\">School 10&#8217;3 \u00d7 34 \u00d7 6<\/strong> von SROKA, das f\u00fcr Vereine, Schulen oder anspruchsvolle Benutzer entwickelt wurde. Dank seiner verst\u00e4rkten Konstruktion mit <strong data-start=\"322\" data-end=\"356\">4 PVC-Schichten auf den Schienen<\/strong> gew\u00e4hrleistet dieses Board <strong data-start=\"379\" data-end=\"411\">eine hohe Festigkeit<\/strong> und eignet sich perfekt f\u00fcr eine <strong data-start=\"443\" data-end=\"468\">intensive Nutzung<\/strong>. <\/p>\n<p data-start=\"511\" data-end=\"740\">Mit einem Volumen von 350 L, den Ma\u00dfen 314 cm x 86 cm x 15 cm (entspricht ca. 10&#8217;3 x 34 x 6) und einem geringen Gewicht von ca. 11 kg ist er stabil, wendig und leicht zu transportieren.<\/p>\n<p data-start=\"742\" data-end=\"943\">Die &#8222;Fusion&#8220;-Technologie (PVC-Verbindung + High-End-Drop-Stitch) verbessert die Steifigkeit um fast 30% und erm\u00f6glicht gleichzeitig ein Aufpumpen auf empfohlene 15-17 PSI.<\/p>\n<p data-start=\"945\" data-end=\"1187\">Dieses Board ist f\u00fcr eine Familie oder einen Verleih konzipiert und bietet ein 100%iges <strong data-start=\"1022\" data-end=\"1053\">Anf\u00e4nger-zu-Touren-Programm<\/strong>, eine ausgezeichnete Stabilit\u00e4t (100%) und kann sogar einen zus\u00e4tzlichen Passagier aufnehmen.<\/p>\n<p data-start=\"1189\" data-end=\"1395\">Die Tragegriffe vorne und hinten erleichtern die Handhabung, und die auff\u00e4lligen Farben (rot\/gelb) sorgen f\u00fcr mehr Sicherheit und Sichtbarkeit auf dem Wasser.  <span class=\"\" data-state=\"closed\"><span class=\"ms-1 inline-flex max-w-full items-center relative top-[-0.094rem] animate-[show_150ms_ease-in]\" data-testid=\"webpage-citation-pill\"><a class=\"flex h-4.5 overflow-hidden rounded-xl px-2 text-[9px] font-medium transition-colors duration-150 ease-in-out text-token-text-secondary! bg-[#F4F4F4]! dark:bg-[#303030]!\" href=\"https:\/\/srokacompany.com\/de\/produkt\/aufblasbares-paddel-school-103x34x6\/\" target=\"_blank\" rel=\"noopener\"><span class=\"relative start-0 bottom-0 flex h-full w-full items-center\"><span class=\"flex h-4 w-full items-center justify-between overflow-hidden\"><span class=\"max-w-[15ch] grow truncate overflow-hidden text-center\">SROKA Unternehmen<\/span><\/span><\/span><\/a><\/span><\/span><\/p>\n<p data-start=\"1397\" data-end=\"1653\">Mit dem School 10&#8217;3 entscheiden Sie sich f\u00fcr ein langlebiges, hoch belastbares, aufblasbares Board, das leicht zu lagern und zu transportieren ist, aber dennoch die gleiche Gleitf\u00e4higkeit wie ein starres Board bietet. Perfekt f\u00fcr Vereine, Schulen oder den intensiven Familiengebrauch. <\/p>\n","protected":false},"excerpt":{"rendered":"<p>Ultra-robustes aufblasbares Board f\u00fcr Clubs und Freizeit: 10&#8217;3 x 34&#8243; x 6&#8243;, 300 L, 11 kg. 4 Schichten PVC + Fusion-Technologie = maximale Steifigkeit. Ideal f\u00fcr Spazierg\u00e4nge, Anf\u00e4nger und intensive Nutzung. Sehr stabil, leicht zu transportieren.   <\/p>\n","protected":false},"featured_media":347988,"template":"","meta":{"_acf_changed":false,"_uag_custom_page_level_css":""},"product_brand":[],"product_cat":[3620,3896],"product_tag":[3441,3442],"class_list":{"0":"post-347968","1":"product","2":"type-product","3":"status-publish","4":"has-post-thumbnail","6":"product_cat-aufblasbare-paddel","7":"product_cat-brett-von-sup","8":"product_tag-anfanger","9":"product_tag-schlau","10":"product_shipping_class-sup-einheit","12":"first","13":"instock","14":"taxable","15":"shipping-taxable","16":"purchasable","17":"product-type-simple"},"acf":[],"yoast_head":"<!-- This site is optimized with the Yoast SEO plugin v27.4 - https:\/\/yoast.com\/product\/yoast-seo-wordpress\/ -->\n<title>Aufblasbares Paddle School 10&#039;3x34&quot; - SROKA Company<\/title>\n<meta name=\"description\" content=\"Das aufblasbare Paddel school 10&#039;3x34 speziell f\u00fcr Verleiher und Clubs wurde entwickelt, um Ihren intensiven Bedarf an Verleih oder Unterricht zu decken.\" \/>\n<meta name=\"robots\" content=\"index, follow, max-snippet:-1, max-image-preview:large, max-video-preview:-1\" \/>\n<link rel=\"canonical\" href=\"https:\/\/srokacompany.com\/de\/produkt\/aufblasbares-paddel-school-103x34x6\/\" \/>\n<meta property=\"og:locale\" content=\"de_DE\" \/>\n<meta property=\"og:type\" content=\"article\" \/>\n<meta property=\"og:title\" content=\"Aufblasbares Paddle School 10&#039;3x34&quot; - SROKA Company\" \/>\n<meta property=\"og:description\" content=\"Das aufblasbare Paddel school 10&#039;3x34 speziell f\u00fcr Verleiher und Clubs wurde entwickelt, um Ihren intensiven Bedarf an Verleih oder Unterricht zu decken.\" \/>\n<meta property=\"og:url\" content=\"https:\/\/srokacompany.com\/de\/produkt\/aufblasbares-paddel-school-103x34x6\/\" \/>\n<meta property=\"og:site_name\" content=\"SROKA Company\" \/>\n<meta property=\"article:publisher\" content=\"https:\/\/www.facebook.com\/srokawatersports\/\" \/>\n<meta property=\"article:modified_time\" content=\"2025-11-03T10:07:01+00:00\" \/>\n<meta property=\"og:image\" content=\"https:\/\/srokacompany.com\/wp-content\/uploads\/2018\/03\/school-103-orange-loueur.jpg\" \/>\n\t<meta property=\"og:image:width\" content=\"780\" \/>\n\t<meta property=\"og:image:height\" content=\"1040\" \/>\n\t<meta property=\"og:image:type\" content=\"image\/jpeg\" \/>\n<meta name=\"twitter:label1\" content=\"Gesch\u00e4tzte Lesezeit\" \/>\n\t<meta name=\"twitter:data1\" content=\"1\u00a0Minute\" \/>\n<script type=\"application\/ld+json\" class=\"yoast-schema-graph\">{\"@context\":\"https:\\\/\\\/schema.org\",\"@graph\":[{\"@type\":\"WebPage\",\"@id\":\"https:\\\/\\\/srokacompany.com\\\/de\\\/produkt\\\/aufblasbares-paddel-school-103x34x6\\\/\",\"url\":\"https:\\\/\\\/srokacompany.com\\\/de\\\/produkt\\\/aufblasbares-paddel-school-103x34x6\\\/\",\"name\":\"Aufblasbares Paddle School 10'3x34\\\" - SROKA Company\",\"isPartOf\":{\"@id\":\"https:\\\/\\\/srokacompany.com\\\/de\\\/#website\"},\"primaryImageOfPage\":{\"@id\":\"https:\\\/\\\/srokacompany.com\\\/de\\\/produkt\\\/aufblasbares-paddel-school-103x34x6\\\/#primaryimage\"},\"image\":{\"@id\":\"https:\\\/\\\/srokacompany.com\\\/de\\\/produkt\\\/aufblasbares-paddel-school-103x34x6\\\/#primaryimage\"},\"thumbnailUrl\":\"https:\\\/\\\/srokacompany.com\\\/wp-content\\\/uploads\\\/2018\\\/03\\\/school-103-orange-loueur.jpg\",\"datePublished\":\"2018-03-02T08:56:46+00:00\",\"dateModified\":\"2025-11-03T10:07:01+00:00\",\"description\":\"Das aufblasbare Paddel school 10'3x34 speziell f\u00fcr Verleiher und Clubs wurde entwickelt, um Ihren intensiven Bedarf an Verleih oder Unterricht zu decken.\",\"breadcrumb\":{\"@id\":\"https:\\\/\\\/srokacompany.com\\\/de\\\/produkt\\\/aufblasbares-paddel-school-103x34x6\\\/#breadcrumb\"},\"inLanguage\":\"de\",\"potentialAction\":[{\"@type\":\"ReadAction\",\"target\":[\"https:\\\/\\\/srokacompany.com\\\/de\\\/produkt\\\/aufblasbares-paddel-school-103x34x6\\\/\"]}]},{\"@type\":\"ImageObject\",\"inLanguage\":\"de\",\"@id\":\"https:\\\/\\\/srokacompany.com\\\/de\\\/produkt\\\/aufblasbares-paddel-school-103x34x6\\\/#primaryimage\",\"url\":\"https:\\\/\\\/srokacompany.com\\\/wp-content\\\/uploads\\\/2018\\\/03\\\/school-103-orange-loueur.jpg\",\"contentUrl\":\"https:\\\/\\\/srokacompany.com\\\/wp-content\\\/uploads\\\/2018\\\/03\\\/school-103-orange-loueur.jpg\",\"width\":780,\"height\":1040,\"caption\":\"SUP aufblasbar Vermieter School\"},{\"@type\":\"BreadcrumbList\",\"@id\":\"https:\\\/\\\/srokacompany.com\\\/de\\\/produkt\\\/aufblasbares-paddel-school-103x34x6\\\/#breadcrumb\",\"itemListElement\":[{\"@type\":\"ListItem\",\"position\":1,\"name\":\"Accueil\",\"item\":\"https:\\\/\\\/srokacompany.com\\\/de\\\/\"},{\"@type\":\"ListItem\",\"position\":2,\"name\":\"Laden\",\"item\":\"https:\\\/\\\/srokacompany.com\\\/laden\\\/\"},{\"@type\":\"ListItem\",\"position\":3,\"name\":\"Aufblasbares Paddel School 10&rsquo;3x34x6\"}]},{\"@type\":\"WebSite\",\"@id\":\"https:\\\/\\\/srokacompany.com\\\/de\\\/#website\",\"url\":\"https:\\\/\\\/srokacompany.com\\\/de\\\/\",\"name\":\"SROKA Company\",\"description\":\"SUP, Kite, Foil, Wing\",\"publisher\":{\"@id\":\"https:\\\/\\\/srokacompany.com\\\/de\\\/#organization\"},\"potentialAction\":[{\"@type\":\"SearchAction\",\"target\":{\"@type\":\"EntryPoint\",\"urlTemplate\":\"https:\\\/\\\/srokacompany.com\\\/de\\\/?s={search_term_string}\"},\"query-input\":{\"@type\":\"PropertyValueSpecification\",\"valueRequired\":true,\"valueName\":\"search_term_string\"}}],\"inLanguage\":\"de\"},{\"@type\":\"Organization\",\"@id\":\"https:\\\/\\\/srokacompany.com\\\/de\\\/#organization\",\"name\":\"SROKACOMPANY\",\"alternateName\":\"SROKA\",\"url\":\"https:\\\/\\\/srokacompany.com\\\/de\\\/\",\"logo\":{\"@type\":\"ImageObject\",\"inLanguage\":\"de\",\"@id\":\"https:\\\/\\\/srokacompany.com\\\/de\\\/#\\\/schema\\\/logo\\\/image\\\/\",\"url\":\"https:\\\/\\\/srokacompany.com\\\/wp-content\\\/uploads\\\/2021\\\/01\\\/logo-sroka-black-transpa.png\",\"contentUrl\":\"https:\\\/\\\/srokacompany.com\\\/wp-content\\\/uploads\\\/2021\\\/01\\\/logo-sroka-black-transpa.png\",\"width\":1201,\"height\":342,\"caption\":\"SROKACOMPANY\"},\"image\":{\"@id\":\"https:\\\/\\\/srokacompany.com\\\/de\\\/#\\\/schema\\\/logo\\\/image\\\/\"},\"sameAs\":[\"https:\\\/\\\/www.facebook.com\\\/srokawatersports\\\/\",\"https:\\\/\\\/www.instagram.com\\\/srokawatersports\\\/\",\"https:\\\/\\\/www.youtube.com\\\/channel\\\/UCVLHHeaPIm-J5bdEUgxqtZA\"]}]}<\/script>\n<!-- \/ Yoast SEO plugin. -->","yoast_head_json":{"title":"Aufblasbares Paddle School 10'3x34\" - SROKA Company","description":"Das aufblasbare Paddel school 10'3x34 speziell f\u00fcr Verleiher und Clubs wurde entwickelt, um Ihren intensiven Bedarf an Verleih oder Unterricht zu decken.","robots":{"index":"index","follow":"follow","max-snippet":"max-snippet:-1","max-image-preview":"max-image-preview:large","max-video-preview":"max-video-preview:-1"},"canonical":"https:\/\/srokacompany.com\/de\/produkt\/aufblasbares-paddel-school-103x34x6\/","og_locale":"de_DE","og_type":"article","og_title":"Aufblasbares Paddle School 10'3x34\" - SROKA Company","og_description":"Das aufblasbare Paddel school 10'3x34 speziell f\u00fcr Verleiher und Clubs wurde entwickelt, um Ihren intensiven Bedarf an Verleih oder Unterricht zu decken.","og_url":"https:\/\/srokacompany.com\/de\/produkt\/aufblasbares-paddel-school-103x34x6\/","og_site_name":"SROKA Company","article_publisher":"https:\/\/www.facebook.com\/srokawatersports\/","article_modified_time":"2025-11-03T10:07:01+00:00","og_image":[{"width":780,"height":1040,"url":"https:\/\/srokacompany.com\/wp-content\/uploads\/2018\/03\/school-103-orange-loueur.jpg","type":"image\/jpeg"}],"twitter_misc":{"Gesch\u00e4tzte Lesezeit":"1\u00a0Minute"},"schema":{"@context":"https:\/\/schema.org","@graph":[{"@type":"WebPage","@id":"https:\/\/srokacompany.com\/de\/produkt\/aufblasbares-paddel-school-103x34x6\/","url":"https:\/\/srokacompany.com\/de\/produkt\/aufblasbares-paddel-school-103x34x6\/","name":"Aufblasbares Paddle School 10'3x34\" - SROKA Company","isPartOf":{"@id":"https:\/\/srokacompany.com\/de\/#website"},"primaryImageOfPage":{"@id":"https:\/\/srokacompany.com\/de\/produkt\/aufblasbares-paddel-school-103x34x6\/#primaryimage"},"image":{"@id":"https:\/\/srokacompany.com\/de\/produkt\/aufblasbares-paddel-school-103x34x6\/#primaryimage"},"thumbnailUrl":"https:\/\/srokacompany.com\/wp-content\/uploads\/2018\/03\/school-103-orange-loueur.jpg","datePublished":"2018-03-02T08:56:46+00:00","dateModified":"2025-11-03T10:07:01+00:00","description":"Das aufblasbare Paddel school 10'3x34 speziell f\u00fcr Verleiher und Clubs wurde entwickelt, um Ihren intensiven Bedarf an Verleih oder Unterricht zu decken.","breadcrumb":{"@id":"https:\/\/srokacompany.com\/de\/produkt\/aufblasbares-paddel-school-103x34x6\/#breadcrumb"},"inLanguage":"de","potentialAction":[{"@type":"ReadAction","target":["https:\/\/srokacompany.com\/de\/produkt\/aufblasbares-paddel-school-103x34x6\/"]}]},{"@type":"ImageObject","inLanguage":"de","@id":"https:\/\/srokacompany.com\/de\/produkt\/aufblasbares-paddel-school-103x34x6\/#primaryimage","url":"https:\/\/srokacompany.com\/wp-content\/uploads\/2018\/03\/school-103-orange-loueur.jpg","contentUrl":"https:\/\/srokacompany.com\/wp-content\/uploads\/2018\/03\/school-103-orange-loueur.jpg","width":780,"height":1040,"caption":"SUP aufblasbar Vermieter School"},{"@type":"BreadcrumbList","@id":"https:\/\/srokacompany.com\/de\/produkt\/aufblasbares-paddel-school-103x34x6\/#breadcrumb","itemListElement":[{"@type":"ListItem","position":1,"name":"Accueil","item":"https:\/\/srokacompany.com\/de\/"},{"@type":"ListItem","position":2,"name":"Laden","item":"https:\/\/srokacompany.com\/laden\/"},{"@type":"ListItem","position":3,"name":"Aufblasbares Paddel School 10&rsquo;3x34x6"}]},{"@type":"WebSite","@id":"https:\/\/srokacompany.com\/de\/#website","url":"https:\/\/srokacompany.com\/de\/","name":"SROKA Company","description":"SUP, Kite, Foil, Wing","publisher":{"@id":"https:\/\/srokacompany.com\/de\/#organization"},"potentialAction":[{"@type":"SearchAction","target":{"@type":"EntryPoint","urlTemplate":"https:\/\/srokacompany.com\/de\/?s={search_term_string}"},"query-input":{"@type":"PropertyValueSpecification","valueRequired":true,"valueName":"search_term_string"}}],"inLanguage":"de"},{"@type":"Organization","@id":"https:\/\/srokacompany.com\/de\/#organization","name":"SROKACOMPANY","alternateName":"SROKA","url":"https:\/\/srokacompany.com\/de\/","logo":{"@type":"ImageObject","inLanguage":"de","@id":"https:\/\/srokacompany.com\/de\/#\/schema\/logo\/image\/","url":"https:\/\/srokacompany.com\/wp-content\/uploads\/2021\/01\/logo-sroka-black-transpa.png","contentUrl":"https:\/\/srokacompany.com\/wp-content\/uploads\/2021\/01\/logo-sroka-black-transpa.png","width":1201,"height":342,"caption":"SROKACOMPANY"},"image":{"@id":"https:\/\/srokacompany.com\/de\/#\/schema\/logo\/image\/"},"sameAs":["https:\/\/www.facebook.com\/srokawatersports\/","https:\/\/www.instagram.com\/srokawatersports\/","https:\/\/www.youtube.com\/channel\/UCVLHHeaPIm-J5bdEUgxqtZA"]}]}},"uagb_featured_image_src":{"full":["https:\/\/srokacompany.com\/wp-content\/uploads\/2018\/03\/school-103-orange-loueur.jpg",780,1040,false],"thumbnail":["https:\/\/srokacompany.com\/wp-content\/uploads\/2018\/03\/school-103-orange-loueur-150x150.jpg",150,150,true],"medium":["https:\/\/srokacompany.com\/wp-content\/uploads\/2018\/03\/school-103-orange-loueur-225x300.jpg",225,300,true],"medium_large":["https:\/\/srokacompany.com\/wp-content\/uploads\/2018\/03\/school-103-orange-loueur-768x1024.jpg",768,1024,true],"large":["https:\/\/srokacompany.com\/wp-content\/uploads\/2018\/03\/school-103-orange-loueur-768x1024.jpg",768,1024,true],"1536x1536":["https:\/\/srokacompany.com\/wp-content\/uploads\/2018\/03\/school-103-orange-loueur.jpg",780,1040,false],"2048x2048":["https:\/\/srokacompany.com\/wp-content\/uploads\/2018\/03\/school-103-orange-loueur.jpg",780,1040,false],"woocommerce_thumbnail":["https:\/\/srokacompany.com\/wp-content\/uploads\/2018\/03\/school-103-orange-loueur-600x800.jpg",600,800,true],"woocommerce_single":["https:\/\/srokacompany.com\/wp-content\/uploads\/2018\/03\/school-103-orange-loueur-600x800.jpg",600,800,true],"woocommerce_gallery_thumbnail":["https:\/\/srokacompany.com\/wp-content\/uploads\/2018\/03\/school-103-orange-loueur-100x100.jpg",100,100,true],"dgwt-wcas-product-suggestion":["https:\/\/srokacompany.com\/wp-content\/uploads\/2018\/03\/school-103-orange-loueur.jpg",64,85,false]},"uagb_author_info":{"display_name":"Bruno Sroka","author_link":"https:\/\/srokacompany.com\/de\/blog\/author\/"},"uagb_comment_info":0,"uagb_excerpt":"Ultra-robustes aufblasbares Board f\u00fcr Clubs und Freizeit: 10'3 x 34\" x 6\", 300 L, 11 kg. 4 Schichten PVC + Fusion-Technologie = maximale Steifigkeit. Ideal f\u00fcr Spazierg\u00e4nge, Anf\u00e4nger und intensive Nutzung. Sehr stabil, leicht zu transportieren.","jetpack_sharing_enabled":true,"_links":{"self":[{"href":"https:\/\/srokacompany.com\/de\/wp-json\/wp\/v2\/product\/347968","targetHints":{"allow":["GET"]}}],"collection":[{"href":"https:\/\/srokacompany.com\/de\/wp-json\/wp\/v2\/product"}],"about":[{"href":"https:\/\/srokacompany.com\/de\/wp-json\/wp\/v2\/types\/product"}],"wp:featuredmedia":[{"embeddable":true,"href":"https:\/\/srokacompany.com\/de\/wp-json\/wp\/v2\/media\/347988"}],"wp:attachment":[{"href":"https:\/\/srokacompany.com\/de\/wp-json\/wp\/v2\/media?parent=347968"}],"wp:term":[{"taxonomy":"product_brand","embeddable":true,"href":"https:\/\/srokacompany.com\/de\/wp-json\/wp\/v2\/product_brand?post=347968"},{"taxonomy":"product_cat","embeddable":true,"href":"https:\/\/srokacompany.com\/de\/wp-json\/wp\/v2\/product_cat?post=347968"},{"taxonomy":"product_tag","embeddable":true,"href":"https:\/\/srokacompany.com\/de\/wp-json\/wp\/v2\/product_tag?post=347968"}],"curies":[{"name":"wp","href":"https:\/\/api.w.org\/{rel}","templated":true}]}}