{"id":348162,"date":"2018-03-26T12:56:04","date_gmt":"2018-03-26T10:56:04","guid":{"rendered":"https:\/\/srokacompany.com\/produit\/adapter-foil-platin-probox\/"},"modified":"2025-06-27T00:06:42","modified_gmt":"2025-06-26T22:06:42","slug":"adapter-foil-platin-probox","status":"publish","type":"product","link":"https:\/\/srokacompany.com\/de\/produkt\/adapter-foil-platin-probox\/","title":{"rendered":"Adapter foil platin\/ probox"},"content":{"rendered":"<hr>\n<h2>Adapter foil platine<\/h2>\n<p>Wir haben einen <strong> foil platine Adapter<\/strong> entwickelt, mit dem du dein foil mit einer Probox-Ferse auf jedem Brett auf dem Markt montieren kannst. Insbesondere passt es perfekt zu unserem <a href=\"https:\/\/srokacompany.com\/de\/produkt\/kite-foil-board-pocket-board-convertible-kitefoil-kitesurf-wake-foil-wakeboard\/\">Pocket-Board<\/a><\/p>\n<p>Es besteht aus eloxiertem Aluminium und wurde CNC-genau zugeschnitten. Der Schraubenabstand ist allen Boards gemeinsam. Die \u00d6ffnung an den Enden der L\u00f6cher erm\u00f6glicht eine schnellere und einfachere Montage Ihrer Folie, ohne dass Sie Ihre Schrauben vollst\u00e4ndig zerlegen m\u00fcssen. L\u00f6se deine Schrauben leicht und schiebe den <strong>Plate Foil Adapter<\/strong> aus seinen Schrauben, um ihn schnell von deinem Board zu l\u00f6sen. <\/p>\n<p>Schlie\u00dflich haben wir den Adapter foil platine profiliert, um den Luftwiderstand zu minimieren und die Steifigkeit zu maximieren.<\/p>\n<p>Dieser Adapter foil Plattenspieler ist perfekt f\u00fcr den <a href=\"https:\/\/srokacompany.com\/de\/produkt\/s-foil-high-aspect-1190\/\">S-foil <\/a> und den <a href=\"https:\/\/srokacompany.com\/de\/produkt\/k-foil-kite-foil-carbon\/\">K- geeignet. foil<\/a><\/p>\n<p>&nbsp;<\/p>\n","protected":false},"excerpt":{"rendered":"<p>Wir haben einen <strong> foil platine Adapter<\/strong> entwickelt, mit dem du dein foil mit einer Probox-Ferse auf jedem Brett auf dem Markt montieren kannst. Insbesondere passt es perfekt zu unserem <a href=\"https:\/\/srokacompany.com\/de\/produkt\/kite-foil-board-pocket-board-convertible-kitefoil-kitesurf-wake-foil-wakeboard\/\">Pocket-Board<\/a><\/p>\n","protected":false},"featured_media":348167,"template":"","meta":{"_acf_changed":false,"_uag_custom_page_level_css":""},"product_brand":[],"product_cat":[3649,3582],"product_tag":[],"class_list":{"0":"post-348162","1":"product","2":"type-product","3":"status-publish","4":"has-post-thumbnail","6":"product_cat-kite-saldo-foil","7":"product_cat-promos-de","9":"first","10":"instock","11":"sale","12":"taxable","13":"shipping-taxable","14":"purchasable","15":"product-type-simple"},"acf":[],"yoast_head":"<!-- This site is optimized with the Yoast SEO plugin v27.4 - https:\/\/yoast.com\/product\/yoast-seo-wordpress\/ -->\n<title>Adapter foil platin\/ probox - Sroka Company<\/title>\n<meta name=\"description\" content=\"Probox-Platinum-Adapter f\u00fcr Surf foil, Kitefoil, wake foil\" \/>\n<meta name=\"robots\" content=\"index, follow, max-snippet:-1, max-image-preview:large, max-video-preview:-1\" \/>\n<link rel=\"canonical\" href=\"https:\/\/srokacompany.com\/de\/produkt\/adapter-foil-platin-probox\/\" \/>\n<meta property=\"og:locale\" content=\"de_DE\" \/>\n<meta property=\"og:type\" content=\"article\" \/>\n<meta property=\"og:title\" content=\"Adapter foil platin\/ probox - Sroka Company\" \/>\n<meta property=\"og:description\" content=\"Probox-Platinum-Adapter f\u00fcr Surf foil, Kitefoil, wake foil\" \/>\n<meta property=\"og:url\" content=\"https:\/\/srokacompany.com\/de\/produkt\/adapter-foil-platin-probox\/\" \/>\n<meta property=\"og:site_name\" content=\"SROKA Company\" \/>\n<meta property=\"article:publisher\" content=\"https:\/\/www.facebook.com\/srokawatersports\/\" \/>\n<meta property=\"article:modified_time\" content=\"2025-06-26T22:06:42+00:00\" \/>\n<meta property=\"og:image\" content=\"https:\/\/srokacompany.com\/wp-content\/uploads\/2018\/03\/adaptateur-probox.jpg\" \/>\n\t<meta property=\"og:image:width\" content=\"1560\" \/>\n\t<meta property=\"og:image:height\" content=\"2080\" \/>\n\t<meta property=\"og:image:type\" content=\"image\/jpeg\" \/>\n<meta name=\"twitter:label1\" content=\"Gesch\u00e4tzte Lesezeit\" \/>\n\t<meta name=\"twitter:data1\" content=\"1\u00a0Minute\" \/>\n<script type=\"application\/ld+json\" class=\"yoast-schema-graph\">{\"@context\":\"https:\\\/\\\/schema.org\",\"@graph\":[{\"@type\":\"WebPage\",\"@id\":\"https:\\\/\\\/srokacompany.com\\\/de\\\/produkt\\\/adapter-foil-platin-probox\\\/\",\"url\":\"https:\\\/\\\/srokacompany.com\\\/de\\\/produkt\\\/adapter-foil-platin-probox\\\/\",\"name\":\"Adapter foil platin\\\/ probox - Sroka Company\",\"isPartOf\":{\"@id\":\"https:\\\/\\\/srokacompany.com\\\/de\\\/#website\"},\"primaryImageOfPage\":{\"@id\":\"https:\\\/\\\/srokacompany.com\\\/de\\\/produkt\\\/adapter-foil-platin-probox\\\/#primaryimage\"},\"image\":{\"@id\":\"https:\\\/\\\/srokacompany.com\\\/de\\\/produkt\\\/adapter-foil-platin-probox\\\/#primaryimage\"},\"thumbnailUrl\":\"https:\\\/\\\/srokacompany.com\\\/wp-content\\\/uploads\\\/2018\\\/03\\\/adaptateur-probox.jpg\",\"datePublished\":\"2018-03-26T10:56:04+00:00\",\"dateModified\":\"2025-06-26T22:06:42+00:00\",\"description\":\"Probox-Platinum-Adapter f\u00fcr Surf foil, Kitefoil, wake foil\",\"breadcrumb\":{\"@id\":\"https:\\\/\\\/srokacompany.com\\\/de\\\/produkt\\\/adapter-foil-platin-probox\\\/#breadcrumb\"},\"inLanguage\":\"de\",\"potentialAction\":[{\"@type\":\"ReadAction\",\"target\":[\"https:\\\/\\\/srokacompany.com\\\/de\\\/produkt\\\/adapter-foil-platin-probox\\\/\"]}]},{\"@type\":\"ImageObject\",\"inLanguage\":\"de\",\"@id\":\"https:\\\/\\\/srokacompany.com\\\/de\\\/produkt\\\/adapter-foil-platin-probox\\\/#primaryimage\",\"url\":\"https:\\\/\\\/srokacompany.com\\\/wp-content\\\/uploads\\\/2018\\\/03\\\/adaptateur-probox.jpg\",\"contentUrl\":\"https:\\\/\\\/srokacompany.com\\\/wp-content\\\/uploads\\\/2018\\\/03\\\/adaptateur-probox.jpg\",\"width\":1560,\"height\":2080,\"caption\":\"Probox-Adapter Platin\"},{\"@type\":\"BreadcrumbList\",\"@id\":\"https:\\\/\\\/srokacompany.com\\\/de\\\/produkt\\\/adapter-foil-platin-probox\\\/#breadcrumb\",\"itemListElement\":[{\"@type\":\"ListItem\",\"position\":1,\"name\":\"Accueil\",\"item\":\"https:\\\/\\\/srokacompany.com\\\/de\\\/\"},{\"@type\":\"ListItem\",\"position\":2,\"name\":\"Laden\",\"item\":\"https:\\\/\\\/srokacompany.com\\\/laden\\\/\"},{\"@type\":\"ListItem\",\"position\":3,\"name\":\"Adapter foil platin\\\/ probox\"}]},{\"@type\":\"WebSite\",\"@id\":\"https:\\\/\\\/srokacompany.com\\\/de\\\/#website\",\"url\":\"https:\\\/\\\/srokacompany.com\\\/de\\\/\",\"name\":\"SROKA Company\",\"description\":\"SUP, Kite, Foil, Wing\",\"publisher\":{\"@id\":\"https:\\\/\\\/srokacompany.com\\\/de\\\/#organization\"},\"potentialAction\":[{\"@type\":\"SearchAction\",\"target\":{\"@type\":\"EntryPoint\",\"urlTemplate\":\"https:\\\/\\\/srokacompany.com\\\/de\\\/?s={search_term_string}\"},\"query-input\":{\"@type\":\"PropertyValueSpecification\",\"valueRequired\":true,\"valueName\":\"search_term_string\"}}],\"inLanguage\":\"de\"},{\"@type\":\"Organization\",\"@id\":\"https:\\\/\\\/srokacompany.com\\\/de\\\/#organization\",\"name\":\"SROKACOMPANY\",\"alternateName\":\"SROKA\",\"url\":\"https:\\\/\\\/srokacompany.com\\\/de\\\/\",\"logo\":{\"@type\":\"ImageObject\",\"inLanguage\":\"de\",\"@id\":\"https:\\\/\\\/srokacompany.com\\\/de\\\/#\\\/schema\\\/logo\\\/image\\\/\",\"url\":\"https:\\\/\\\/srokacompany.com\\\/wp-content\\\/uploads\\\/2021\\\/01\\\/logo-sroka-black-transpa.png\",\"contentUrl\":\"https:\\\/\\\/srokacompany.com\\\/wp-content\\\/uploads\\\/2021\\\/01\\\/logo-sroka-black-transpa.png\",\"width\":1201,\"height\":342,\"caption\":\"SROKACOMPANY\"},\"image\":{\"@id\":\"https:\\\/\\\/srokacompany.com\\\/de\\\/#\\\/schema\\\/logo\\\/image\\\/\"},\"sameAs\":[\"https:\\\/\\\/www.facebook.com\\\/srokawatersports\\\/\",\"https:\\\/\\\/www.instagram.com\\\/srokawatersports\\\/\",\"https:\\\/\\\/www.youtube.com\\\/channel\\\/UCVLHHeaPIm-J5bdEUgxqtZA\"]}]}<\/script>\n<!-- \/ Yoast SEO plugin. -->","yoast_head_json":{"title":"Adapter foil platin\/ probox - Sroka Company","description":"Probox-Platinum-Adapter f\u00fcr Surf foil, Kitefoil, wake foil","robots":{"index":"index","follow":"follow","max-snippet":"max-snippet:-1","max-image-preview":"max-image-preview:large","max-video-preview":"max-video-preview:-1"},"canonical":"https:\/\/srokacompany.com\/de\/produkt\/adapter-foil-platin-probox\/","og_locale":"de_DE","og_type":"article","og_title":"Adapter foil platin\/ probox - Sroka Company","og_description":"Probox-Platinum-Adapter f\u00fcr Surf foil, Kitefoil, wake foil","og_url":"https:\/\/srokacompany.com\/de\/produkt\/adapter-foil-platin-probox\/","og_site_name":"SROKA Company","article_publisher":"https:\/\/www.facebook.com\/srokawatersports\/","article_modified_time":"2025-06-26T22:06:42+00:00","og_image":[{"width":1560,"height":2080,"url":"https:\/\/srokacompany.com\/wp-content\/uploads\/2018\/03\/adaptateur-probox.jpg","type":"image\/jpeg"}],"twitter_misc":{"Gesch\u00e4tzte Lesezeit":"1\u00a0Minute"},"schema":{"@context":"https:\/\/schema.org","@graph":[{"@type":"WebPage","@id":"https:\/\/srokacompany.com\/de\/produkt\/adapter-foil-platin-probox\/","url":"https:\/\/srokacompany.com\/de\/produkt\/adapter-foil-platin-probox\/","name":"Adapter foil platin\/ probox - Sroka Company","isPartOf":{"@id":"https:\/\/srokacompany.com\/de\/#website"},"primaryImageOfPage":{"@id":"https:\/\/srokacompany.com\/de\/produkt\/adapter-foil-platin-probox\/#primaryimage"},"image":{"@id":"https:\/\/srokacompany.com\/de\/produkt\/adapter-foil-platin-probox\/#primaryimage"},"thumbnailUrl":"https:\/\/srokacompany.com\/wp-content\/uploads\/2018\/03\/adaptateur-probox.jpg","datePublished":"2018-03-26T10:56:04+00:00","dateModified":"2025-06-26T22:06:42+00:00","description":"Probox-Platinum-Adapter f\u00fcr Surf foil, Kitefoil, wake foil","breadcrumb":{"@id":"https:\/\/srokacompany.com\/de\/produkt\/adapter-foil-platin-probox\/#breadcrumb"},"inLanguage":"de","potentialAction":[{"@type":"ReadAction","target":["https:\/\/srokacompany.com\/de\/produkt\/adapter-foil-platin-probox\/"]}]},{"@type":"ImageObject","inLanguage":"de","@id":"https:\/\/srokacompany.com\/de\/produkt\/adapter-foil-platin-probox\/#primaryimage","url":"https:\/\/srokacompany.com\/wp-content\/uploads\/2018\/03\/adaptateur-probox.jpg","contentUrl":"https:\/\/srokacompany.com\/wp-content\/uploads\/2018\/03\/adaptateur-probox.jpg","width":1560,"height":2080,"caption":"Probox-Adapter Platin"},{"@type":"BreadcrumbList","@id":"https:\/\/srokacompany.com\/de\/produkt\/adapter-foil-platin-probox\/#breadcrumb","itemListElement":[{"@type":"ListItem","position":1,"name":"Accueil","item":"https:\/\/srokacompany.com\/de\/"},{"@type":"ListItem","position":2,"name":"Laden","item":"https:\/\/srokacompany.com\/laden\/"},{"@type":"ListItem","position":3,"name":"Adapter foil platin\/ probox"}]},{"@type":"WebSite","@id":"https:\/\/srokacompany.com\/de\/#website","url":"https:\/\/srokacompany.com\/de\/","name":"SROKA Company","description":"SUP, Kite, Foil, Wing","publisher":{"@id":"https:\/\/srokacompany.com\/de\/#organization"},"potentialAction":[{"@type":"SearchAction","target":{"@type":"EntryPoint","urlTemplate":"https:\/\/srokacompany.com\/de\/?s={search_term_string}"},"query-input":{"@type":"PropertyValueSpecification","valueRequired":true,"valueName":"search_term_string"}}],"inLanguage":"de"},{"@type":"Organization","@id":"https:\/\/srokacompany.com\/de\/#organization","name":"SROKACOMPANY","alternateName":"SROKA","url":"https:\/\/srokacompany.com\/de\/","logo":{"@type":"ImageObject","inLanguage":"de","@id":"https:\/\/srokacompany.com\/de\/#\/schema\/logo\/image\/","url":"https:\/\/srokacompany.com\/wp-content\/uploads\/2021\/01\/logo-sroka-black-transpa.png","contentUrl":"https:\/\/srokacompany.com\/wp-content\/uploads\/2021\/01\/logo-sroka-black-transpa.png","width":1201,"height":342,"caption":"SROKACOMPANY"},"image":{"@id":"https:\/\/srokacompany.com\/de\/#\/schema\/logo\/image\/"},"sameAs":["https:\/\/www.facebook.com\/srokawatersports\/","https:\/\/www.instagram.com\/srokawatersports\/","https:\/\/www.youtube.com\/channel\/UCVLHHeaPIm-J5bdEUgxqtZA"]}]}},"uagb_featured_image_src":{"full":["https:\/\/srokacompany.com\/wp-content\/uploads\/2018\/03\/adaptateur-probox.jpg",1560,2080,false],"thumbnail":["https:\/\/srokacompany.com\/wp-content\/uploads\/2018\/03\/adaptateur-probox-150x150.jpg",150,150,true],"medium":["https:\/\/srokacompany.com\/wp-content\/uploads\/2018\/03\/adaptateur-probox-225x300.jpg",225,300,true],"medium_large":["https:\/\/srokacompany.com\/wp-content\/uploads\/2018\/03\/adaptateur-probox-768x1024.jpg",768,1024,true],"large":["https:\/\/srokacompany.com\/wp-content\/uploads\/2018\/03\/adaptateur-probox-768x1024.jpg",768,1024,true],"1536x1536":["https:\/\/srokacompany.com\/wp-content\/uploads\/2018\/03\/adaptateur-probox-1152x1536.jpg",1152,1536,true],"2048x2048":["https:\/\/srokacompany.com\/wp-content\/uploads\/2018\/03\/adaptateur-probox-1536x2048.jpg",1536,2048,true],"woocommerce_thumbnail":["https:\/\/srokacompany.com\/wp-content\/uploads\/2018\/03\/adaptateur-probox-600x800.jpg",600,800,true],"woocommerce_single":["https:\/\/srokacompany.com\/wp-content\/uploads\/2018\/03\/adaptateur-probox-600x800.jpg",600,800,true],"woocommerce_gallery_thumbnail":["https:\/\/srokacompany.com\/wp-content\/uploads\/2018\/03\/adaptateur-probox-100x100.jpg",100,100,true],"dgwt-wcas-product-suggestion":["https:\/\/srokacompany.com\/wp-content\/uploads\/2018\/03\/adaptateur-probox.jpg",64,85,false]},"uagb_author_info":{"display_name":"Bruno Sroka","author_link":"https:\/\/srokacompany.com\/de\/blog\/author\/"},"uagb_comment_info":0,"uagb_excerpt":"Wir haben einen foil platine Adapter entwickelt, mit dem du dein foil mit einer Probox-Ferse auf jedem Brett auf dem Markt montieren kannst. Insbesondere passt es perfekt zu unserem Pocket-Board","jetpack_sharing_enabled":true,"_links":{"self":[{"href":"https:\/\/srokacompany.com\/de\/wp-json\/wp\/v2\/product\/348162","targetHints":{"allow":["GET"]}}],"collection":[{"href":"https:\/\/srokacompany.com\/de\/wp-json\/wp\/v2\/product"}],"about":[{"href":"https:\/\/srokacompany.com\/de\/wp-json\/wp\/v2\/types\/product"}],"wp:featuredmedia":[{"embeddable":true,"href":"https:\/\/srokacompany.com\/de\/wp-json\/wp\/v2\/media\/348167"}],"wp:attachment":[{"href":"https:\/\/srokacompany.com\/de\/wp-json\/wp\/v2\/media?parent=348162"}],"wp:term":[{"taxonomy":"product_brand","embeddable":true,"href":"https:\/\/srokacompany.com\/de\/wp-json\/wp\/v2\/product_brand?post=348162"},{"taxonomy":"product_cat","embeddable":true,"href":"https:\/\/srokacompany.com\/de\/wp-json\/wp\/v2\/product_cat?post=348162"},{"taxonomy":"product_tag","embeddable":true,"href":"https:\/\/srokacompany.com\/de\/wp-json\/wp\/v2\/product_tag?post=348162"}],"curies":[{"name":"wp","href":"https:\/\/api.w.org\/{rel}","templated":true}]}}