{"id":348179,"date":"2018-05-16T08:45:41","date_gmt":"2018-05-16T06:45:41","guid":{"rendered":"https:\/\/srokacompany.com\/produit\/pack-kitefoil-aluminium-und-pocket-board\/"},"modified":"2025-06-27T00:05:07","modified_gmt":"2025-06-26T22:05:07","slug":"pack-kitefoil-aluminium-und-pocket-board","status":"publish","type":"product","link":"https:\/\/srokacompany.com\/de\/produkt\/pack-kitefoil-aluminium-und-pocket-board\/","title":{"rendered":"Pack Kitefoil Aluminium und Pocket Board"},"content":{"rendered":"<hr>\n<h1>Package Aluminium Kitefoil &amp; board pocket<\/h1>\n<p>Das <strong>Aluminium Kitefoil &amp; Board Pocket Package<\/strong> ist das beste Preis-Leistungs-Verh\u00e4ltnis auf dem Markt und eignet sich perfekt, um <strong> foil zu erlernen, zu perfektionieren <\/strong>und<strong> zu cruisen <\/strong>. Das Aluminium Kitefoil &amp; Board Pocket Package wird Sie durch seine Einfachheit und &#8222;Erweiterbarkeit&#8220; begeistern. Da der Rumpf die gleichen Anleihen wie der Rumpf des Kfoil Carbon hat, k\u00f6nnen Sie Ihre Winglets jederzeit auf Carbon-Winglets aufr\u00fcsten und Ihren foil mit der Zeit weiterentwickeln, um sich weiterzuentwickeln und Spa\u00df zu haben. <\/p>\n<ul>\n<li><strong>Pocket Board, made in France, mit doppeltem Verwendungszweck: Richtungsanzeige oder Pocket Board f\u00fcr Kitefoil und Wakefoil.<\/strong><\/li>\n<li><strong>Strapseins\u00e4tze und optionale Fl\u00fcgel im direktionalen Einsatz<\/strong><\/li>\n<li><strong>Kitefoil-Mast &amp; Rumpf aus hochwertigem Aluminium, Monoblock T6061, sehr dicht anodisiert (60microns)<\/strong><\/li>\n<li><strong>Mast-Rumpf-Verbindung mit M8-Schrauben f\u00fcr maximale Steifigkeit<\/strong><\/li>\n<li><strong>Die gleiche Fl\u00fcgel-Rumpf-Verbindung wie beim Kfoil Carbon garantiert eine gute Steifigkeit.  <\/strong><\/li>\n<li><strong>Fl\u00fcgel aus G10<\/strong><\/li>\n<li><strong>650cm2 Fl\u00fcgelfl\u00e4che, die eine gro\u00dfe Auftriebsfl\u00e4che bietet, damit du leicht loslegen kannst<\/strong><\/li>\n<li><strong>Platine mit 160&#215;90 mm Abstand, mit der foil auf jedem handels\u00fcblichen Brett montiert werden kann.<\/strong><\/li>\n<li><strong>M\u00f6glichkeit, einen Karbonmast und\/oder die Karbonlamellen des <a href=\"https:\/\/srokacompany.com\/de\/produkt\/k-foil-kite-foil-carbon\/\">Kfoil<\/a> nachtr\u00e4glich anzubringen<\/strong><\/li>\n<\/ul>\n<p><a href=\"https:\/\/srokacompany.com\/de\/warum-sroka-foils-wahlen\/?v=3a52f3c22ed6\">Warum ein SROKA Kitefoil kaufen?<\/a><\/p>\n","protected":false},"excerpt":{"rendered":"<p>Das <strong>Aluminium Kitefoil &amp; Board Pocket Package<\/strong> ist das beste Preis-Leistungs-Verh\u00e4ltnis auf dem Markt und eignet sich perfekt, um <strong> foil zu erlernen, zu perfektionieren <\/strong>und<strong> zu cruisen <\/strong>. Das Aluminium Kitefoil &amp; Board Pocket Package wird Sie durch seine Einfachheit und &#8222;Erweiterbarkeit&#8220; begeistern. Da der Rumpf die gleichen Anleihen wie der Rumpf des Kfoil Carbon hat, k\u00f6nnen Sie Ihre Winglets jederzeit auf Carbon-Winglets aufr\u00fcsten und Ihren foil mit der Zeit weiterentwickeln, um sich weiterzuentwickeln und Spa\u00df zu haben. <\/p>\n","protected":false},"featured_media":348188,"template":"","meta":{"_acf_changed":false,"_uag_custom_page_level_css":""},"product_brand":[],"product_cat":[3582],"product_tag":[],"class_list":{"0":"post-348179","1":"product","2":"type-product","3":"status-publish","4":"has-post-thumbnail","6":"product_cat-promos-de","8":"first","9":"outofstock","10":"sale","11":"taxable","12":"shipping-taxable","13":"purchasable","14":"product-type-variable"},"acf":[],"yoast_head":"<!-- This site is optimized with the Yoast SEO plugin v27.4 - https:\/\/yoast.com\/product\/yoast-seo-wordpress\/ -->\n<title>Aluminium Pack Kitefoil und Board Pocket - Foil - SROKA Company<\/title>\n<meta name=\"description\" content=\"NEUES Aluminium Kitefoil &amp; Board Pocket Package Perfekt f\u00fcr den preiswerten Einstieg in den foil: 1200 Euro Board und foil.\" \/>\n<meta name=\"robots\" content=\"index, follow, max-snippet:-1, max-image-preview:large, max-video-preview:-1\" \/>\n<link rel=\"canonical\" href=\"https:\/\/srokacompany.com\/de\/produkt\/pack-kitefoil-aluminium-und-pocket-board\/\" \/>\n<meta property=\"og:locale\" content=\"de_DE\" \/>\n<meta property=\"og:type\" content=\"article\" \/>\n<meta property=\"og:title\" content=\"Aluminium Pack Kitefoil und Board Pocket - Foil - SROKA Company\" \/>\n<meta property=\"og:description\" content=\"NEUES Aluminium Kitefoil &amp; Board Pocket Package Perfekt f\u00fcr den preiswerten Einstieg in den foil: 1200 Euro Board und foil.\" \/>\n<meta property=\"og:url\" content=\"https:\/\/srokacompany.com\/de\/produkt\/pack-kitefoil-aluminium-und-pocket-board\/\" \/>\n<meta property=\"og:site_name\" content=\"SROKA Company\" \/>\n<meta property=\"article:publisher\" content=\"https:\/\/www.facebook.com\/srokawatersports\/\" \/>\n<meta property=\"article:modified_time\" content=\"2025-06-26T22:05:07+00:00\" \/>\n<meta property=\"og:image\" content=\"https:\/\/srokacompany.com\/wp-content\/uploads\/2018\/05\/Pack-kite-foil-aluminium-et-pocket-board.jpg\" \/>\n\t<meta property=\"og:image:width\" content=\"780\" \/>\n\t<meta property=\"og:image:height\" content=\"1040\" \/>\n\t<meta property=\"og:image:type\" content=\"image\/jpeg\" \/>\n<meta name=\"twitter:label1\" content=\"Gesch\u00e4tzte Lesezeit\" \/>\n\t<meta name=\"twitter:data1\" content=\"1\u00a0Minute\" \/>\n<script type=\"application\/ld+json\" class=\"yoast-schema-graph\">{\"@context\":\"https:\\\/\\\/schema.org\",\"@graph\":[{\"@type\":\"WebPage\",\"@id\":\"https:\\\/\\\/srokacompany.com\\\/de\\\/produkt\\\/pack-kitefoil-aluminium-und-pocket-board\\\/\",\"url\":\"https:\\\/\\\/srokacompany.com\\\/de\\\/produkt\\\/pack-kitefoil-aluminium-und-pocket-board\\\/\",\"name\":\"Aluminium Pack Kitefoil und Board Pocket - Foil - SROKA Company\",\"isPartOf\":{\"@id\":\"https:\\\/\\\/srokacompany.com\\\/de\\\/#website\"},\"primaryImageOfPage\":{\"@id\":\"https:\\\/\\\/srokacompany.com\\\/de\\\/produkt\\\/pack-kitefoil-aluminium-und-pocket-board\\\/#primaryimage\"},\"image\":{\"@id\":\"https:\\\/\\\/srokacompany.com\\\/de\\\/produkt\\\/pack-kitefoil-aluminium-und-pocket-board\\\/#primaryimage\"},\"thumbnailUrl\":\"https:\\\/\\\/srokacompany.com\\\/wp-content\\\/uploads\\\/2018\\\/05\\\/Pack-kite-foil-aluminium-et-pocket-board.jpg\",\"datePublished\":\"2018-05-16T06:45:41+00:00\",\"dateModified\":\"2025-06-26T22:05:07+00:00\",\"description\":\"NEUES Aluminium Kitefoil & Board Pocket Package Perfekt f\u00fcr den preiswerten Einstieg in den foil: 1200 Euro Board und foil.\",\"breadcrumb\":{\"@id\":\"https:\\\/\\\/srokacompany.com\\\/de\\\/produkt\\\/pack-kitefoil-aluminium-und-pocket-board\\\/#breadcrumb\"},\"inLanguage\":\"de\",\"potentialAction\":[{\"@type\":\"ReadAction\",\"target\":[\"https:\\\/\\\/srokacompany.com\\\/de\\\/produkt\\\/pack-kitefoil-aluminium-und-pocket-board\\\/\"]}]},{\"@type\":\"ImageObject\",\"inLanguage\":\"de\",\"@id\":\"https:\\\/\\\/srokacompany.com\\\/de\\\/produkt\\\/pack-kitefoil-aluminium-und-pocket-board\\\/#primaryimage\",\"url\":\"https:\\\/\\\/srokacompany.com\\\/wp-content\\\/uploads\\\/2018\\\/05\\\/Pack-kite-foil-aluminium-et-pocket-board.jpg\",\"contentUrl\":\"https:\\\/\\\/srokacompany.com\\\/wp-content\\\/uploads\\\/2018\\\/05\\\/Pack-kite-foil-aluminium-et-pocket-board.jpg\",\"width\":780,\"height\":1040,\"caption\":\"Kite Pack Foil Sroka\"},{\"@type\":\"BreadcrumbList\",\"@id\":\"https:\\\/\\\/srokacompany.com\\\/de\\\/produkt\\\/pack-kitefoil-aluminium-und-pocket-board\\\/#breadcrumb\",\"itemListElement\":[{\"@type\":\"ListItem\",\"position\":1,\"name\":\"Accueil\",\"item\":\"https:\\\/\\\/srokacompany.com\\\/de\\\/\"},{\"@type\":\"ListItem\",\"position\":2,\"name\":\"Laden\",\"item\":\"https:\\\/\\\/srokacompany.com\\\/laden\\\/\"},{\"@type\":\"ListItem\",\"position\":3,\"name\":\"Pack Kitefoil Aluminium und Pocket Board\"}]},{\"@type\":\"WebSite\",\"@id\":\"https:\\\/\\\/srokacompany.com\\\/de\\\/#website\",\"url\":\"https:\\\/\\\/srokacompany.com\\\/de\\\/\",\"name\":\"SROKA Company\",\"description\":\"SUP, Kite, Foil, Wing\",\"publisher\":{\"@id\":\"https:\\\/\\\/srokacompany.com\\\/de\\\/#organization\"},\"potentialAction\":[{\"@type\":\"SearchAction\",\"target\":{\"@type\":\"EntryPoint\",\"urlTemplate\":\"https:\\\/\\\/srokacompany.com\\\/de\\\/?s={search_term_string}\"},\"query-input\":{\"@type\":\"PropertyValueSpecification\",\"valueRequired\":true,\"valueName\":\"search_term_string\"}}],\"inLanguage\":\"de\"},{\"@type\":\"Organization\",\"@id\":\"https:\\\/\\\/srokacompany.com\\\/de\\\/#organization\",\"name\":\"SROKACOMPANY\",\"alternateName\":\"SROKA\",\"url\":\"https:\\\/\\\/srokacompany.com\\\/de\\\/\",\"logo\":{\"@type\":\"ImageObject\",\"inLanguage\":\"de\",\"@id\":\"https:\\\/\\\/srokacompany.com\\\/de\\\/#\\\/schema\\\/logo\\\/image\\\/\",\"url\":\"https:\\\/\\\/srokacompany.com\\\/wp-content\\\/uploads\\\/2021\\\/01\\\/logo-sroka-black-transpa.png\",\"contentUrl\":\"https:\\\/\\\/srokacompany.com\\\/wp-content\\\/uploads\\\/2021\\\/01\\\/logo-sroka-black-transpa.png\",\"width\":1201,\"height\":342,\"caption\":\"SROKACOMPANY\"},\"image\":{\"@id\":\"https:\\\/\\\/srokacompany.com\\\/de\\\/#\\\/schema\\\/logo\\\/image\\\/\"},\"sameAs\":[\"https:\\\/\\\/www.facebook.com\\\/srokawatersports\\\/\",\"https:\\\/\\\/www.instagram.com\\\/srokawatersports\\\/\",\"https:\\\/\\\/www.youtube.com\\\/channel\\\/UCVLHHeaPIm-J5bdEUgxqtZA\"]}]}<\/script>\n<!-- \/ Yoast SEO plugin. -->","yoast_head_json":{"title":"Aluminium Pack Kitefoil und Board Pocket - Foil - SROKA Company","description":"NEUES Aluminium Kitefoil & Board Pocket Package Perfekt f\u00fcr den preiswerten Einstieg in den foil: 1200 Euro Board und foil.","robots":{"index":"index","follow":"follow","max-snippet":"max-snippet:-1","max-image-preview":"max-image-preview:large","max-video-preview":"max-video-preview:-1"},"canonical":"https:\/\/srokacompany.com\/de\/produkt\/pack-kitefoil-aluminium-und-pocket-board\/","og_locale":"de_DE","og_type":"article","og_title":"Aluminium Pack Kitefoil und Board Pocket - Foil - SROKA Company","og_description":"NEUES Aluminium Kitefoil & Board Pocket Package Perfekt f\u00fcr den preiswerten Einstieg in den foil: 1200 Euro Board und foil.","og_url":"https:\/\/srokacompany.com\/de\/produkt\/pack-kitefoil-aluminium-und-pocket-board\/","og_site_name":"SROKA Company","article_publisher":"https:\/\/www.facebook.com\/srokawatersports\/","article_modified_time":"2025-06-26T22:05:07+00:00","og_image":[{"width":780,"height":1040,"url":"https:\/\/srokacompany.com\/wp-content\/uploads\/2018\/05\/Pack-kite-foil-aluminium-et-pocket-board.jpg","type":"image\/jpeg"}],"twitter_misc":{"Gesch\u00e4tzte Lesezeit":"1\u00a0Minute"},"schema":{"@context":"https:\/\/schema.org","@graph":[{"@type":"WebPage","@id":"https:\/\/srokacompany.com\/de\/produkt\/pack-kitefoil-aluminium-und-pocket-board\/","url":"https:\/\/srokacompany.com\/de\/produkt\/pack-kitefoil-aluminium-und-pocket-board\/","name":"Aluminium Pack Kitefoil und Board Pocket - Foil - SROKA Company","isPartOf":{"@id":"https:\/\/srokacompany.com\/de\/#website"},"primaryImageOfPage":{"@id":"https:\/\/srokacompany.com\/de\/produkt\/pack-kitefoil-aluminium-und-pocket-board\/#primaryimage"},"image":{"@id":"https:\/\/srokacompany.com\/de\/produkt\/pack-kitefoil-aluminium-und-pocket-board\/#primaryimage"},"thumbnailUrl":"https:\/\/srokacompany.com\/wp-content\/uploads\/2018\/05\/Pack-kite-foil-aluminium-et-pocket-board.jpg","datePublished":"2018-05-16T06:45:41+00:00","dateModified":"2025-06-26T22:05:07+00:00","description":"NEUES Aluminium Kitefoil & Board Pocket Package Perfekt f\u00fcr den preiswerten Einstieg in den foil: 1200 Euro Board und foil.","breadcrumb":{"@id":"https:\/\/srokacompany.com\/de\/produkt\/pack-kitefoil-aluminium-und-pocket-board\/#breadcrumb"},"inLanguage":"de","potentialAction":[{"@type":"ReadAction","target":["https:\/\/srokacompany.com\/de\/produkt\/pack-kitefoil-aluminium-und-pocket-board\/"]}]},{"@type":"ImageObject","inLanguage":"de","@id":"https:\/\/srokacompany.com\/de\/produkt\/pack-kitefoil-aluminium-und-pocket-board\/#primaryimage","url":"https:\/\/srokacompany.com\/wp-content\/uploads\/2018\/05\/Pack-kite-foil-aluminium-et-pocket-board.jpg","contentUrl":"https:\/\/srokacompany.com\/wp-content\/uploads\/2018\/05\/Pack-kite-foil-aluminium-et-pocket-board.jpg","width":780,"height":1040,"caption":"Kite Pack Foil Sroka"},{"@type":"BreadcrumbList","@id":"https:\/\/srokacompany.com\/de\/produkt\/pack-kitefoil-aluminium-und-pocket-board\/#breadcrumb","itemListElement":[{"@type":"ListItem","position":1,"name":"Accueil","item":"https:\/\/srokacompany.com\/de\/"},{"@type":"ListItem","position":2,"name":"Laden","item":"https:\/\/srokacompany.com\/laden\/"},{"@type":"ListItem","position":3,"name":"Pack Kitefoil Aluminium und Pocket Board"}]},{"@type":"WebSite","@id":"https:\/\/srokacompany.com\/de\/#website","url":"https:\/\/srokacompany.com\/de\/","name":"SROKA Company","description":"SUP, Kite, Foil, Wing","publisher":{"@id":"https:\/\/srokacompany.com\/de\/#organization"},"potentialAction":[{"@type":"SearchAction","target":{"@type":"EntryPoint","urlTemplate":"https:\/\/srokacompany.com\/de\/?s={search_term_string}"},"query-input":{"@type":"PropertyValueSpecification","valueRequired":true,"valueName":"search_term_string"}}],"inLanguage":"de"},{"@type":"Organization","@id":"https:\/\/srokacompany.com\/de\/#organization","name":"SROKACOMPANY","alternateName":"SROKA","url":"https:\/\/srokacompany.com\/de\/","logo":{"@type":"ImageObject","inLanguage":"de","@id":"https:\/\/srokacompany.com\/de\/#\/schema\/logo\/image\/","url":"https:\/\/srokacompany.com\/wp-content\/uploads\/2021\/01\/logo-sroka-black-transpa.png","contentUrl":"https:\/\/srokacompany.com\/wp-content\/uploads\/2021\/01\/logo-sroka-black-transpa.png","width":1201,"height":342,"caption":"SROKACOMPANY"},"image":{"@id":"https:\/\/srokacompany.com\/de\/#\/schema\/logo\/image\/"},"sameAs":["https:\/\/www.facebook.com\/srokawatersports\/","https:\/\/www.instagram.com\/srokawatersports\/","https:\/\/www.youtube.com\/channel\/UCVLHHeaPIm-J5bdEUgxqtZA"]}]}},"uagb_featured_image_src":{"full":["https:\/\/srokacompany.com\/wp-content\/uploads\/2018\/05\/Pack-kite-foil-aluminium-et-pocket-board.jpg",780,1040,false],"thumbnail":["https:\/\/srokacompany.com\/wp-content\/uploads\/2018\/05\/Pack-kite-foil-aluminium-et-pocket-board-150x150.jpg",150,150,true],"medium":["https:\/\/srokacompany.com\/wp-content\/uploads\/2018\/05\/Pack-kite-foil-aluminium-et-pocket-board-225x300.jpg",225,300,true],"medium_large":["https:\/\/srokacompany.com\/wp-content\/uploads\/2018\/05\/Pack-kite-foil-aluminium-et-pocket-board-768x1024.jpg",768,1024,true],"large":["https:\/\/srokacompany.com\/wp-content\/uploads\/2018\/05\/Pack-kite-foil-aluminium-et-pocket-board-768x1024.jpg",768,1024,true],"1536x1536":["https:\/\/srokacompany.com\/wp-content\/uploads\/2018\/05\/Pack-kite-foil-aluminium-et-pocket-board.jpg",780,1040,false],"2048x2048":["https:\/\/srokacompany.com\/wp-content\/uploads\/2018\/05\/Pack-kite-foil-aluminium-et-pocket-board.jpg",780,1040,false],"woocommerce_thumbnail":["https:\/\/srokacompany.com\/wp-content\/uploads\/2018\/05\/Pack-kite-foil-aluminium-et-pocket-board-600x800.jpg",600,800,true],"woocommerce_single":["https:\/\/srokacompany.com\/wp-content\/uploads\/2018\/05\/Pack-kite-foil-aluminium-et-pocket-board-600x800.jpg",600,800,true],"woocommerce_gallery_thumbnail":["https:\/\/srokacompany.com\/wp-content\/uploads\/2018\/05\/Pack-kite-foil-aluminium-et-pocket-board-100x100.jpg",100,100,true],"dgwt-wcas-product-suggestion":["https:\/\/srokacompany.com\/wp-content\/uploads\/2018\/05\/Pack-kite-foil-aluminium-et-pocket-board.jpg",64,85,false]},"uagb_author_info":{"display_name":"Bruno Sroka","author_link":"https:\/\/srokacompany.com\/de\/blog\/author\/"},"uagb_comment_info":0,"uagb_excerpt":"Das Aluminium Kitefoil &amp; Board Pocket Package ist das beste Preis-Leistungs-Verh\u00e4ltnis auf dem Markt und eignet sich perfekt, um foil zu erlernen, zu perfektionieren und zu cruisen . Das Aluminium Kitefoil &amp; Board Pocket Package wird Sie durch seine Einfachheit und \"Erweiterbarkeit\" begeistern. Da der Rumpf die gleichen Anleihen wie der Rumpf des Kfoil Carbon&hellip;","jetpack_sharing_enabled":true,"_links":{"self":[{"href":"https:\/\/srokacompany.com\/de\/wp-json\/wp\/v2\/product\/348179","targetHints":{"allow":["GET"]}}],"collection":[{"href":"https:\/\/srokacompany.com\/de\/wp-json\/wp\/v2\/product"}],"about":[{"href":"https:\/\/srokacompany.com\/de\/wp-json\/wp\/v2\/types\/product"}],"wp:featuredmedia":[{"embeddable":true,"href":"https:\/\/srokacompany.com\/de\/wp-json\/wp\/v2\/media\/348188"}],"wp:attachment":[{"href":"https:\/\/srokacompany.com\/de\/wp-json\/wp\/v2\/media?parent=348179"}],"wp:term":[{"taxonomy":"product_brand","embeddable":true,"href":"https:\/\/srokacompany.com\/de\/wp-json\/wp\/v2\/product_brand?post=348179"},{"taxonomy":"product_cat","embeddable":true,"href":"https:\/\/srokacompany.com\/de\/wp-json\/wp\/v2\/product_cat?post=348179"},{"taxonomy":"product_tag","embeddable":true,"href":"https:\/\/srokacompany.com\/de\/wp-json\/wp\/v2\/product_tag?post=348179"}],"curies":[{"name":"wp","href":"https:\/\/api.w.org\/{rel}","templated":true}]}}