{"id":348180,"date":"2018-05-23T10:49:01","date_gmt":"2018-05-23T10:49:01","guid":{"rendered":"https:\/\/srokacompany.com\/produit\/universelle-drachenstange\/"},"modified":"2025-11-21T18:10:19","modified_gmt":"2025-11-21T16:10:19","slug":"universelle-drachenstange","status":"publish","type":"product","link":"https:\/\/srokacompany.com\/de\/produkt\/universelle-drachenstange\/","title":{"rendered":"Universelle Drachenstange"},"content":{"rendered":"<hr>\n<h1><strong>Universal Kite Bar SROKA<\/strong><\/h1>\n<p class=\"p1\"><span class=\"s1\">Die <strong>SROKA Universal Kite Bar<\/strong> ist bereit, mit vielen der auf dem Markt erh\u00e4ltlichen <strong>Kites<\/strong> zu kiten. <\/span><span class=\"s1\">Die vier Leinen sind gleich gro\u00df, sodass sie mit fast allen Kites auf dem Markt verwendet werden k\u00f6nnen. <\/span><span class=\"s1\"><strong>Die Universelle Kitebar<\/strong> ist perfekt f\u00fcr Freerider geeignet. <\/span> <span class=\"s1\">Wir haben zwei Gr\u00f6\u00dfen von Kitebars: 50 cm und 55 cm, die es erm\u00f6glichen, je nach Gr\u00f6\u00dfe des Kites den besten Kompromiss zu w\u00e4hlen. Die 55 cm gro\u00dfe Bar eignet sich perfekt f\u00fcr Kites, die gr\u00f6\u00dfer als 11 m2 sind, und die 50 cm gro\u00dfe Bar erm\u00f6glicht es Ihnen, alle Kites unter 11 m2 zu fahren. <\/span><\/p>\n<p class=\"p1\"><span class=\"s1\">Die hinteren Leinen sind durch verst\u00e4rkte Neoprenschaumstoffe um die Pinne herum gesch\u00fctzt, die f\u00fcr einen hohen Komfort beim Segeln sorgen, einen guten Griff unter Wasser erm\u00f6glichen und verhindern, dass sich die Leinen unter Wasser verheddern. Selbst in Kiteloops sch\u00fctzen die Schaumstoffpolster am Heck Ihre Finger. <span class=\"Apple-converted-space\">  <\/span>So k\u00f6nnen Sie sich nicht einklemmen, wenn Sie die Stange als &#8222;Angelrute&#8220; nehmen. Einfachheit, Komfort, Ergonomie und Effizienz beschreiben diese SROKA Universal Kite Bar perfekt. <\/span><\/p>\n<ul>\n<li>Stabl\u00e4nge 2 Gr\u00f6\u00dfen 50 cm und 55 cm<\/li>\n<li>Mitte Stab Edelstahl<\/li>\n<li>Aluminiumr\u00f6hren T6061<\/li>\n<li><strong>Wing Leash<\/strong><\/li>\n<\/ul>\n<p>Diese universelle Kitebar ist perfekt auf die SROKA Ouesk Kitewings abgestimmt.<\/p>\n<p>&nbsp;<\/p>\n","protected":false},"excerpt":{"rendered":"<p><span class=\"s1\">Die <strong>SROKA Universal Kite Bar<\/strong> ist bereit, mit vielen der auf dem Markt erh\u00e4ltlichen <strong>Kites<\/strong> zu kiten. <\/span><span class=\"s1\">Die vier Leinen sind gleich gro\u00df, sodass sie mit fast allen Kites auf dem Markt verwendet werden k\u00f6nnen. <\/span><span class=\"s1\"><strong>Die Universelle Kitebar<\/strong> ist perfekt f\u00fcr Freerider geeignet. <\/span> <span class=\"s1\">Wir haben zwei Gr\u00f6\u00dfen von Kitebars: 50 cm und 55 cm, die es erm\u00f6glichen, je nach Gr\u00f6\u00dfe des Kites den besten Kompromiss zu w\u00e4hlen. Die 55 cm gro\u00dfe Bar eignet sich perfekt f\u00fcr Kites, die gr\u00f6\u00dfer als 11 m2 sind, und die 50 cm gro\u00dfe Bar erm\u00f6glicht es Ihnen, alle Kites unter 11 m2 zu fahren. <\/span><\/p>\n","protected":false},"featured_media":348181,"template":"","meta":{"_acf_changed":false,"_uag_custom_page_level_css":""},"product_brand":[],"product_cat":[3649,3582,3650,4258],"product_tag":[],"class_list":{"0":"post-348180","1":"product","2":"type-product","3":"status-publish","4":"has-post-thumbnail","6":"product_cat-kite-saldo-foil","7":"product_cat-promos-de","8":"product_cat-schnappchen","9":"product_cat-schwarzer-freitag","11":"first","12":"instock","13":"sale","14":"taxable","15":"shipping-taxable","16":"purchasable","17":"product-type-variable"},"acf":[],"yoast_head":"<!-- This site is optimized with the Yoast SEO plugin v27.4 - https:\/\/yoast.com\/product\/yoast-seo-wordpress\/ -->\n<title>Universal Kite Bar - SROKA Watersports - Company<\/title>\n<meta name=\"description\" content=\"Die SROKa Universal Kite Bar erm\u00f6glicht es dir, dich mit fast allen Kites zu verbinden. Es gibt sie in zwei Gr\u00f6\u00dfen, 50cm und 55cm.\" \/>\n<meta name=\"robots\" content=\"index, follow, max-snippet:-1, max-image-preview:large, max-video-preview:-1\" \/>\n<link rel=\"canonical\" href=\"https:\/\/srokacompany.com\/de\/produkt\/universelle-drachenstange\/\" \/>\n<meta property=\"og:locale\" content=\"de_DE\" \/>\n<meta property=\"og:type\" content=\"article\" \/>\n<meta property=\"og:title\" content=\"Universal Kite Bar - SROKA Watersports - Company\" \/>\n<meta property=\"og:description\" content=\"Die SROKa Universal Kite Bar erm\u00f6glicht es dir, dich mit fast allen Kites zu verbinden. Es gibt sie in zwei Gr\u00f6\u00dfen, 50cm und 55cm.\" \/>\n<meta property=\"og:url\" content=\"https:\/\/srokacompany.com\/de\/produkt\/universelle-drachenstange\/\" \/>\n<meta property=\"og:site_name\" content=\"SROKA Company\" \/>\n<meta property=\"article:publisher\" content=\"https:\/\/www.facebook.com\/srokawatersports\/\" \/>\n<meta property=\"article:modified_time\" content=\"2025-11-21T16:10:19+00:00\" \/>\n<meta property=\"og:image\" content=\"https:\/\/srokacompany.com\/wp-content\/uploads\/2018\/05\/Kite-bar05.jpg\" \/>\n\t<meta property=\"og:image:width\" content=\"780\" \/>\n\t<meta property=\"og:image:height\" content=\"1040\" \/>\n\t<meta property=\"og:image:type\" content=\"image\/jpeg\" \/>\n<meta name=\"twitter:label1\" content=\"Gesch\u00e4tzte Lesezeit\" \/>\n\t<meta name=\"twitter:data1\" content=\"1\u00a0Minute\" \/>\n<script type=\"application\/ld+json\" class=\"yoast-schema-graph\">{\"@context\":\"https:\\\/\\\/schema.org\",\"@graph\":[{\"@type\":\"WebPage\",\"@id\":\"https:\\\/\\\/srokacompany.com\\\/de\\\/produkt\\\/universelle-drachenstange\\\/\",\"url\":\"https:\\\/\\\/srokacompany.com\\\/de\\\/produkt\\\/universelle-drachenstange\\\/\",\"name\":\"Universal Kite Bar - SROKA Watersports - Company\",\"isPartOf\":{\"@id\":\"https:\\\/\\\/srokacompany.com\\\/de\\\/#website\"},\"primaryImageOfPage\":{\"@id\":\"https:\\\/\\\/srokacompany.com\\\/de\\\/produkt\\\/universelle-drachenstange\\\/#primaryimage\"},\"image\":{\"@id\":\"https:\\\/\\\/srokacompany.com\\\/de\\\/produkt\\\/universelle-drachenstange\\\/#primaryimage\"},\"thumbnailUrl\":\"https:\\\/\\\/srokacompany.com\\\/wp-content\\\/uploads\\\/2018\\\/05\\\/Kite-bar05.jpg\",\"datePublished\":\"2018-05-23T10:49:01+00:00\",\"dateModified\":\"2025-11-21T16:10:19+00:00\",\"description\":\"Die SROKa Universal Kite Bar erm\u00f6glicht es dir, dich mit fast allen Kites zu verbinden. Es gibt sie in zwei Gr\u00f6\u00dfen, 50cm und 55cm.\",\"breadcrumb\":{\"@id\":\"https:\\\/\\\/srokacompany.com\\\/de\\\/produkt\\\/universelle-drachenstange\\\/#breadcrumb\"},\"inLanguage\":\"de\",\"potentialAction\":[{\"@type\":\"ReadAction\",\"target\":[\"https:\\\/\\\/srokacompany.com\\\/de\\\/produkt\\\/universelle-drachenstange\\\/\"]}]},{\"@type\":\"ImageObject\",\"inLanguage\":\"de\",\"@id\":\"https:\\\/\\\/srokacompany.com\\\/de\\\/produkt\\\/universelle-drachenstange\\\/#primaryimage\",\"url\":\"https:\\\/\\\/srokacompany.com\\\/wp-content\\\/uploads\\\/2018\\\/05\\\/Kite-bar05.jpg\",\"contentUrl\":\"https:\\\/\\\/srokacompany.com\\\/wp-content\\\/uploads\\\/2018\\\/05\\\/Kite-bar05.jpg\",\"width\":780,\"height\":1040,\"caption\":\"Eine einfache, solide und ergonomische Universal-Kitebar\"},{\"@type\":\"BreadcrumbList\",\"@id\":\"https:\\\/\\\/srokacompany.com\\\/de\\\/produkt\\\/universelle-drachenstange\\\/#breadcrumb\",\"itemListElement\":[{\"@type\":\"ListItem\",\"position\":1,\"name\":\"Accueil\",\"item\":\"https:\\\/\\\/srokacompany.com\\\/de\\\/\"},{\"@type\":\"ListItem\",\"position\":2,\"name\":\"Laden\",\"item\":\"https:\\\/\\\/srokacompany.com\\\/laden\\\/\"},{\"@type\":\"ListItem\",\"position\":3,\"name\":\"Universelle Drachenstange\"}]},{\"@type\":\"WebSite\",\"@id\":\"https:\\\/\\\/srokacompany.com\\\/de\\\/#website\",\"url\":\"https:\\\/\\\/srokacompany.com\\\/de\\\/\",\"name\":\"SROKA Company\",\"description\":\"SUP, Kite, Foil, Wing\",\"publisher\":{\"@id\":\"https:\\\/\\\/srokacompany.com\\\/de\\\/#organization\"},\"potentialAction\":[{\"@type\":\"SearchAction\",\"target\":{\"@type\":\"EntryPoint\",\"urlTemplate\":\"https:\\\/\\\/srokacompany.com\\\/de\\\/?s={search_term_string}\"},\"query-input\":{\"@type\":\"PropertyValueSpecification\",\"valueRequired\":true,\"valueName\":\"search_term_string\"}}],\"inLanguage\":\"de\"},{\"@type\":\"Organization\",\"@id\":\"https:\\\/\\\/srokacompany.com\\\/de\\\/#organization\",\"name\":\"SROKACOMPANY\",\"alternateName\":\"SROKA\",\"url\":\"https:\\\/\\\/srokacompany.com\\\/de\\\/\",\"logo\":{\"@type\":\"ImageObject\",\"inLanguage\":\"de\",\"@id\":\"https:\\\/\\\/srokacompany.com\\\/de\\\/#\\\/schema\\\/logo\\\/image\\\/\",\"url\":\"https:\\\/\\\/srokacompany.com\\\/wp-content\\\/uploads\\\/2021\\\/01\\\/logo-sroka-black-transpa.png\",\"contentUrl\":\"https:\\\/\\\/srokacompany.com\\\/wp-content\\\/uploads\\\/2021\\\/01\\\/logo-sroka-black-transpa.png\",\"width\":1201,\"height\":342,\"caption\":\"SROKACOMPANY\"},\"image\":{\"@id\":\"https:\\\/\\\/srokacompany.com\\\/de\\\/#\\\/schema\\\/logo\\\/image\\\/\"},\"sameAs\":[\"https:\\\/\\\/www.facebook.com\\\/srokawatersports\\\/\",\"https:\\\/\\\/www.instagram.com\\\/srokawatersports\\\/\",\"https:\\\/\\\/www.youtube.com\\\/channel\\\/UCVLHHeaPIm-J5bdEUgxqtZA\"]}]}<\/script>\n<!-- \/ Yoast SEO plugin. -->","yoast_head_json":{"title":"Universal Kite Bar - SROKA Watersports - Company","description":"Die SROKa Universal Kite Bar erm\u00f6glicht es dir, dich mit fast allen Kites zu verbinden. Es gibt sie in zwei Gr\u00f6\u00dfen, 50cm und 55cm.","robots":{"index":"index","follow":"follow","max-snippet":"max-snippet:-1","max-image-preview":"max-image-preview:large","max-video-preview":"max-video-preview:-1"},"canonical":"https:\/\/srokacompany.com\/de\/produkt\/universelle-drachenstange\/","og_locale":"de_DE","og_type":"article","og_title":"Universal Kite Bar - SROKA Watersports - Company","og_description":"Die SROKa Universal Kite Bar erm\u00f6glicht es dir, dich mit fast allen Kites zu verbinden. Es gibt sie in zwei Gr\u00f6\u00dfen, 50cm und 55cm.","og_url":"https:\/\/srokacompany.com\/de\/produkt\/universelle-drachenstange\/","og_site_name":"SROKA Company","article_publisher":"https:\/\/www.facebook.com\/srokawatersports\/","article_modified_time":"2025-11-21T16:10:19+00:00","og_image":[{"width":780,"height":1040,"url":"https:\/\/srokacompany.com\/wp-content\/uploads\/2018\/05\/Kite-bar05.jpg","type":"image\/jpeg"}],"twitter_misc":{"Gesch\u00e4tzte Lesezeit":"1\u00a0Minute"},"schema":{"@context":"https:\/\/schema.org","@graph":[{"@type":"WebPage","@id":"https:\/\/srokacompany.com\/de\/produkt\/universelle-drachenstange\/","url":"https:\/\/srokacompany.com\/de\/produkt\/universelle-drachenstange\/","name":"Universal Kite Bar - SROKA Watersports - Company","isPartOf":{"@id":"https:\/\/srokacompany.com\/de\/#website"},"primaryImageOfPage":{"@id":"https:\/\/srokacompany.com\/de\/produkt\/universelle-drachenstange\/#primaryimage"},"image":{"@id":"https:\/\/srokacompany.com\/de\/produkt\/universelle-drachenstange\/#primaryimage"},"thumbnailUrl":"https:\/\/srokacompany.com\/wp-content\/uploads\/2018\/05\/Kite-bar05.jpg","datePublished":"2018-05-23T10:49:01+00:00","dateModified":"2025-11-21T16:10:19+00:00","description":"Die SROKa Universal Kite Bar erm\u00f6glicht es dir, dich mit fast allen Kites zu verbinden. Es gibt sie in zwei Gr\u00f6\u00dfen, 50cm und 55cm.","breadcrumb":{"@id":"https:\/\/srokacompany.com\/de\/produkt\/universelle-drachenstange\/#breadcrumb"},"inLanguage":"de","potentialAction":[{"@type":"ReadAction","target":["https:\/\/srokacompany.com\/de\/produkt\/universelle-drachenstange\/"]}]},{"@type":"ImageObject","inLanguage":"de","@id":"https:\/\/srokacompany.com\/de\/produkt\/universelle-drachenstange\/#primaryimage","url":"https:\/\/srokacompany.com\/wp-content\/uploads\/2018\/05\/Kite-bar05.jpg","contentUrl":"https:\/\/srokacompany.com\/wp-content\/uploads\/2018\/05\/Kite-bar05.jpg","width":780,"height":1040,"caption":"Eine einfache, solide und ergonomische Universal-Kitebar"},{"@type":"BreadcrumbList","@id":"https:\/\/srokacompany.com\/de\/produkt\/universelle-drachenstange\/#breadcrumb","itemListElement":[{"@type":"ListItem","position":1,"name":"Accueil","item":"https:\/\/srokacompany.com\/de\/"},{"@type":"ListItem","position":2,"name":"Laden","item":"https:\/\/srokacompany.com\/laden\/"},{"@type":"ListItem","position":3,"name":"Universelle Drachenstange"}]},{"@type":"WebSite","@id":"https:\/\/srokacompany.com\/de\/#website","url":"https:\/\/srokacompany.com\/de\/","name":"SROKA Company","description":"SUP, Kite, Foil, Wing","publisher":{"@id":"https:\/\/srokacompany.com\/de\/#organization"},"potentialAction":[{"@type":"SearchAction","target":{"@type":"EntryPoint","urlTemplate":"https:\/\/srokacompany.com\/de\/?s={search_term_string}"},"query-input":{"@type":"PropertyValueSpecification","valueRequired":true,"valueName":"search_term_string"}}],"inLanguage":"de"},{"@type":"Organization","@id":"https:\/\/srokacompany.com\/de\/#organization","name":"SROKACOMPANY","alternateName":"SROKA","url":"https:\/\/srokacompany.com\/de\/","logo":{"@type":"ImageObject","inLanguage":"de","@id":"https:\/\/srokacompany.com\/de\/#\/schema\/logo\/image\/","url":"https:\/\/srokacompany.com\/wp-content\/uploads\/2021\/01\/logo-sroka-black-transpa.png","contentUrl":"https:\/\/srokacompany.com\/wp-content\/uploads\/2021\/01\/logo-sroka-black-transpa.png","width":1201,"height":342,"caption":"SROKACOMPANY"},"image":{"@id":"https:\/\/srokacompany.com\/de\/#\/schema\/logo\/image\/"},"sameAs":["https:\/\/www.facebook.com\/srokawatersports\/","https:\/\/www.instagram.com\/srokawatersports\/","https:\/\/www.youtube.com\/channel\/UCVLHHeaPIm-J5bdEUgxqtZA"]}]}},"uagb_featured_image_src":{"full":["https:\/\/srokacompany.com\/wp-content\/uploads\/2018\/05\/Kite-bar05.jpg",780,1040,false],"thumbnail":["https:\/\/srokacompany.com\/wp-content\/uploads\/2018\/05\/Kite-bar05-150x150.jpg",150,150,true],"medium":["https:\/\/srokacompany.com\/wp-content\/uploads\/2018\/05\/Kite-bar05-225x300.jpg",225,300,true],"medium_large":["https:\/\/srokacompany.com\/wp-content\/uploads\/2018\/05\/Kite-bar05-768x1024.jpg",768,1024,true],"large":["https:\/\/srokacompany.com\/wp-content\/uploads\/2018\/05\/Kite-bar05-768x1024.jpg",768,1024,true],"1536x1536":["https:\/\/srokacompany.com\/wp-content\/uploads\/2018\/05\/Kite-bar05.jpg",780,1040,false],"2048x2048":["https:\/\/srokacompany.com\/wp-content\/uploads\/2018\/05\/Kite-bar05.jpg",780,1040,false],"woocommerce_thumbnail":["https:\/\/srokacompany.com\/wp-content\/uploads\/2018\/05\/Kite-bar05-600x800.jpg",600,800,true],"woocommerce_single":["https:\/\/srokacompany.com\/wp-content\/uploads\/2018\/05\/Kite-bar05-600x800.jpg",600,800,true],"woocommerce_gallery_thumbnail":["https:\/\/srokacompany.com\/wp-content\/uploads\/2018\/05\/Kite-bar05-100x100.jpg",100,100,true],"dgwt-wcas-product-suggestion":["https:\/\/srokacompany.com\/wp-content\/uploads\/2018\/05\/Kite-bar05.jpg",64,85,false]},"uagb_author_info":{"display_name":"Audrey Triquenaux","author_link":"https:\/\/srokacompany.com\/de\/blog\/author\/"},"uagb_comment_info":0,"uagb_excerpt":"Die SROKA Universal Kite Bar ist bereit, mit vielen der auf dem Markt erh\u00e4ltlichen Kites zu kiten. Die vier Leinen sind gleich gro\u00df, sodass sie mit fast allen Kites auf dem Markt verwendet werden k\u00f6nnen. Die Universelle Kitebar ist perfekt f\u00fcr Freerider geeignet. Wir haben zwei Gr\u00f6\u00dfen von Kitebars: 50 cm und 55 cm, die&hellip;","jetpack_sharing_enabled":true,"_links":{"self":[{"href":"https:\/\/srokacompany.com\/de\/wp-json\/wp\/v2\/product\/348180","targetHints":{"allow":["GET"]}}],"collection":[{"href":"https:\/\/srokacompany.com\/de\/wp-json\/wp\/v2\/product"}],"about":[{"href":"https:\/\/srokacompany.com\/de\/wp-json\/wp\/v2\/types\/product"}],"wp:featuredmedia":[{"embeddable":true,"href":"https:\/\/srokacompany.com\/de\/wp-json\/wp\/v2\/media\/348181"}],"wp:attachment":[{"href":"https:\/\/srokacompany.com\/de\/wp-json\/wp\/v2\/media?parent=348180"}],"wp:term":[{"taxonomy":"product_brand","embeddable":true,"href":"https:\/\/srokacompany.com\/de\/wp-json\/wp\/v2\/product_brand?post=348180"},{"taxonomy":"product_cat","embeddable":true,"href":"https:\/\/srokacompany.com\/de\/wp-json\/wp\/v2\/product_cat?post=348180"},{"taxonomy":"product_tag","embeddable":true,"href":"https:\/\/srokacompany.com\/de\/wp-json\/wp\/v2\/product_tag?post=348180"}],"curies":[{"name":"wp","href":"https:\/\/api.w.org\/{rel}","templated":true}]}}