{"id":348226,"date":"2018-05-23T09:38:18","date_gmt":"2018-05-23T07:38:18","guid":{"rendered":"https:\/\/srokacompany.com\/produit\/verstellbares-juniorpaddel-aus-aluminium\/"},"modified":"2025-06-27T00:05:04","modified_gmt":"2025-06-26T22:05:04","slug":"verstellbares-juniorpaddel-aus-aluminium","status":"publish","type":"product","link":"https:\/\/srokacompany.com\/de\/produkt\/verstellbares-juniorpaddel-aus-aluminium\/","title":{"rendered":"Verstellbares Juniorpaddel aus Aluminium"},"content":{"rendered":"<hr>\n<h2>Vario-Paddel Aluminium junior<\/h2>\n<p class=\"font_6\">Das <strong>Vario Junior Aluminium Paddel<\/strong> ist flexibel und leicht und das ideale <a href=\"https:\/\/srokacompany.com\/de\/eshop\/paddel-paddeln\/\">aufblasbare Paddel<\/a> f\u00fcr Kinder zwischen 1,20m und 1,60m.<\/p>\n<p>Der Schaft des Paddels besteht aus Aluminium und das Paddelblatt aus PVC-Kunststoff, um ein Maximum an Benutzerfreundlichkeit, Stabilit\u00e4t und Haltbarkeit zu gew\u00e4hrleisten. Das kleine Paddelblatt und der geringe Durchmesser des Schafts sind ergonomisch geformt und passen sich an die K\u00f6rpergr\u00f6\u00dfe von Kindern an. Dieses h\u00f6henverstellbare Paddel passt sich der Gr\u00f6\u00dfe der Kinder an und w\u00e4chst mit ihnen mit. Es erm\u00f6glicht ihnen einen sanften Einstieg in das Stand-Up-Paddling und erm\u00f6glicht ihnen, im Laufe der Jahre Fortschritte zu machen.     <span class=\"s1\">Dieses Aluminiumpaddel ist von 140 cm bis 180 cm L\u00e4nge verstellbar und das Paddelblatt misst 18 cm.<\/span><\/p>\n<ul>\n<li>Vario-Paddel<\/li>\n<li>Schwimmender Schaum<\/li>\n<li>Minil\u00e4nge: 1,40m &#8211; 1,75m<\/li>\n<li>Grifftechnologie: Aluminium<\/li>\n<li>Schaufeltechnologie: PVC<\/li>\n<li>Durchmesser der R\u00f6hre: 2cm<\/li>\n<li>Gewicht: 500 g<\/li>\n<\/ul>\n","protected":false},"excerpt":{"rendered":"<p>Das <strong>Vario Junior Aluminium Paddel<\/strong> ist flexibel und leicht und das ideale <a href=\"https:\/\/srokacompany.com\/de\/eshop\/paddel-paddeln\/\">aufblasbare Paddel<\/a> f\u00fcr Kinder zwischen 1,20m und 1,60m.<\/p>\n","protected":false},"featured_media":348229,"template":"","meta":{"_acf_changed":false,"_uag_custom_page_level_css":""},"product_brand":[],"product_cat":[3620,3794,3578],"product_tag":[],"class_list":{"0":"post-348226","1":"product","2":"type-product","3":"status-publish","4":"has-post-thumbnail","6":"product_cat-aufblasbare-paddel","7":"product_cat-paddel-paddeln","8":"product_cat-paddle-zubehor","9":"product_shipping_class-paddel-1-und-2-teile","11":"first","12":"instock","13":"sale","14":"taxable","15":"shipping-taxable","16":"purchasable","17":"product-type-simple"},"acf":[],"yoast_head":"<!-- This site is optimized with the Yoast SEO plugin v27.4 - https:\/\/yoast.com\/product\/yoast-seo-wordpress\/ -->\n<title>Paddel Vario Aluminium junior - SROKA Watersports - Company<\/title>\n<meta name=\"description\" content=\"Das Vario-Aluminium-Juniorpaddel ist ideal f\u00fcr kleine Kinder, um mit einem geeigneten Modell zu beginnen und Fortschritte zu machen. Vario- und Aluminium-Modell, das Leistung und Benutzerfreundlichkeit vereint, und das alles zu einem super Preis-Leistungs-Verh\u00e4ltnis.\" \/>\n<meta name=\"robots\" content=\"index, follow, max-snippet:-1, max-image-preview:large, max-video-preview:-1\" \/>\n<link rel=\"canonical\" href=\"https:\/\/srokacompany.com\/de\/produkt\/verstellbares-juniorpaddel-aus-aluminium\/\" \/>\n<meta property=\"og:locale\" content=\"de_DE\" \/>\n<meta property=\"og:type\" content=\"article\" \/>\n<meta property=\"og:title\" content=\"Paddel Vario Aluminium junior - SROKA Watersports - Company\" \/>\n<meta property=\"og:description\" content=\"Das Vario-Aluminium-Juniorpaddel ist ideal f\u00fcr kleine Kinder, um mit einem geeigneten Modell zu beginnen und Fortschritte zu machen. Vario- und Aluminium-Modell, das Leistung und Benutzerfreundlichkeit vereint, und das alles zu einem super Preis-Leistungs-Verh\u00e4ltnis.\" \/>\n<meta property=\"og:url\" content=\"https:\/\/srokacompany.com\/de\/produkt\/verstellbares-juniorpaddel-aus-aluminium\/\" \/>\n<meta property=\"og:site_name\" content=\"SROKA Company\" \/>\n<meta property=\"article:publisher\" content=\"https:\/\/www.facebook.com\/srokawatersports\/\" \/>\n<meta property=\"article:modified_time\" content=\"2025-06-26T22:05:04+00:00\" \/>\n<meta property=\"og:image\" content=\"https:\/\/srokacompany.com\/wp-content\/uploads\/2018\/05\/paddle-kids.jpg\" \/>\n\t<meta property=\"og:image:width\" content=\"780\" \/>\n\t<meta property=\"og:image:height\" content=\"1040\" \/>\n\t<meta property=\"og:image:type\" content=\"image\/jpeg\" \/>\n<meta name=\"twitter:label1\" content=\"Gesch\u00e4tzte Lesezeit\" \/>\n\t<meta name=\"twitter:data1\" content=\"1\u00a0Minute\" \/>\n<script type=\"application\/ld+json\" class=\"yoast-schema-graph\">{\"@context\":\"https:\\\/\\\/schema.org\",\"@graph\":[{\"@type\":\"WebPage\",\"@id\":\"https:\\\/\\\/srokacompany.com\\\/de\\\/produkt\\\/verstellbares-juniorpaddel-aus-aluminium\\\/\",\"url\":\"https:\\\/\\\/srokacompany.com\\\/de\\\/produkt\\\/verstellbares-juniorpaddel-aus-aluminium\\\/\",\"name\":\"Paddel Vario Aluminium junior - SROKA Watersports - Company\",\"isPartOf\":{\"@id\":\"https:\\\/\\\/srokacompany.com\\\/de\\\/#website\"},\"primaryImageOfPage\":{\"@id\":\"https:\\\/\\\/srokacompany.com\\\/de\\\/produkt\\\/verstellbares-juniorpaddel-aus-aluminium\\\/#primaryimage\"},\"image\":{\"@id\":\"https:\\\/\\\/srokacompany.com\\\/de\\\/produkt\\\/verstellbares-juniorpaddel-aus-aluminium\\\/#primaryimage\"},\"thumbnailUrl\":\"https:\\\/\\\/srokacompany.com\\\/wp-content\\\/uploads\\\/2018\\\/05\\\/paddle-kids.jpg\",\"datePublished\":\"2018-05-23T07:38:18+00:00\",\"dateModified\":\"2025-06-26T22:05:04+00:00\",\"description\":\"Das Vario-Aluminium-Juniorpaddel ist ideal f\u00fcr kleine Kinder, um mit einem geeigneten Modell zu beginnen und Fortschritte zu machen. Vario- und Aluminium-Modell, das Leistung und Benutzerfreundlichkeit vereint, und das alles zu einem super Preis-Leistungs-Verh\u00e4ltnis.\",\"breadcrumb\":{\"@id\":\"https:\\\/\\\/srokacompany.com\\\/de\\\/produkt\\\/verstellbares-juniorpaddel-aus-aluminium\\\/#breadcrumb\"},\"inLanguage\":\"de\",\"potentialAction\":[{\"@type\":\"ReadAction\",\"target\":[\"https:\\\/\\\/srokacompany.com\\\/de\\\/produkt\\\/verstellbares-juniorpaddel-aus-aluminium\\\/\"]}]},{\"@type\":\"ImageObject\",\"inLanguage\":\"de\",\"@id\":\"https:\\\/\\\/srokacompany.com\\\/de\\\/produkt\\\/verstellbares-juniorpaddel-aus-aluminium\\\/#primaryimage\",\"url\":\"https:\\\/\\\/srokacompany.com\\\/wp-content\\\/uploads\\\/2018\\\/05\\\/paddle-kids.jpg\",\"contentUrl\":\"https:\\\/\\\/srokacompany.com\\\/wp-content\\\/uploads\\\/2018\\\/05\\\/paddle-kids.jpg\",\"width\":780,\"height\":1040,\"caption\":\"Paddel Vario Aluminium kids\"},{\"@type\":\"BreadcrumbList\",\"@id\":\"https:\\\/\\\/srokacompany.com\\\/de\\\/produkt\\\/verstellbares-juniorpaddel-aus-aluminium\\\/#breadcrumb\",\"itemListElement\":[{\"@type\":\"ListItem\",\"position\":1,\"name\":\"Accueil\",\"item\":\"https:\\\/\\\/srokacompany.com\\\/de\\\/\"},{\"@type\":\"ListItem\",\"position\":2,\"name\":\"Laden\",\"item\":\"https:\\\/\\\/srokacompany.com\\\/laden\\\/\"},{\"@type\":\"ListItem\",\"position\":3,\"name\":\"Verstellbares Juniorpaddel aus Aluminium\"}]},{\"@type\":\"WebSite\",\"@id\":\"https:\\\/\\\/srokacompany.com\\\/de\\\/#website\",\"url\":\"https:\\\/\\\/srokacompany.com\\\/de\\\/\",\"name\":\"SROKA Company\",\"description\":\"SUP, Kite, Foil, Wing\",\"publisher\":{\"@id\":\"https:\\\/\\\/srokacompany.com\\\/de\\\/#organization\"},\"potentialAction\":[{\"@type\":\"SearchAction\",\"target\":{\"@type\":\"EntryPoint\",\"urlTemplate\":\"https:\\\/\\\/srokacompany.com\\\/de\\\/?s={search_term_string}\"},\"query-input\":{\"@type\":\"PropertyValueSpecification\",\"valueRequired\":true,\"valueName\":\"search_term_string\"}}],\"inLanguage\":\"de\"},{\"@type\":\"Organization\",\"@id\":\"https:\\\/\\\/srokacompany.com\\\/de\\\/#organization\",\"name\":\"SROKACOMPANY\",\"alternateName\":\"SROKA\",\"url\":\"https:\\\/\\\/srokacompany.com\\\/de\\\/\",\"logo\":{\"@type\":\"ImageObject\",\"inLanguage\":\"de\",\"@id\":\"https:\\\/\\\/srokacompany.com\\\/de\\\/#\\\/schema\\\/logo\\\/image\\\/\",\"url\":\"https:\\\/\\\/srokacompany.com\\\/wp-content\\\/uploads\\\/2021\\\/01\\\/logo-sroka-black-transpa.png\",\"contentUrl\":\"https:\\\/\\\/srokacompany.com\\\/wp-content\\\/uploads\\\/2021\\\/01\\\/logo-sroka-black-transpa.png\",\"width\":1201,\"height\":342,\"caption\":\"SROKACOMPANY\"},\"image\":{\"@id\":\"https:\\\/\\\/srokacompany.com\\\/de\\\/#\\\/schema\\\/logo\\\/image\\\/\"},\"sameAs\":[\"https:\\\/\\\/www.facebook.com\\\/srokawatersports\\\/\",\"https:\\\/\\\/www.instagram.com\\\/srokawatersports\\\/\",\"https:\\\/\\\/www.youtube.com\\\/channel\\\/UCVLHHeaPIm-J5bdEUgxqtZA\"]}]}<\/script>\n<!-- \/ Yoast SEO plugin. -->","yoast_head_json":{"title":"Paddel Vario Aluminium junior - SROKA Watersports - Company","description":"Das Vario-Aluminium-Juniorpaddel ist ideal f\u00fcr kleine Kinder, um mit einem geeigneten Modell zu beginnen und Fortschritte zu machen. Vario- und Aluminium-Modell, das Leistung und Benutzerfreundlichkeit vereint, und das alles zu einem super Preis-Leistungs-Verh\u00e4ltnis.","robots":{"index":"index","follow":"follow","max-snippet":"max-snippet:-1","max-image-preview":"max-image-preview:large","max-video-preview":"max-video-preview:-1"},"canonical":"https:\/\/srokacompany.com\/de\/produkt\/verstellbares-juniorpaddel-aus-aluminium\/","og_locale":"de_DE","og_type":"article","og_title":"Paddel Vario Aluminium junior - SROKA Watersports - Company","og_description":"Das Vario-Aluminium-Juniorpaddel ist ideal f\u00fcr kleine Kinder, um mit einem geeigneten Modell zu beginnen und Fortschritte zu machen. Vario- und Aluminium-Modell, das Leistung und Benutzerfreundlichkeit vereint, und das alles zu einem super Preis-Leistungs-Verh\u00e4ltnis.","og_url":"https:\/\/srokacompany.com\/de\/produkt\/verstellbares-juniorpaddel-aus-aluminium\/","og_site_name":"SROKA Company","article_publisher":"https:\/\/www.facebook.com\/srokawatersports\/","article_modified_time":"2025-06-26T22:05:04+00:00","og_image":[{"width":780,"height":1040,"url":"https:\/\/srokacompany.com\/wp-content\/uploads\/2018\/05\/paddle-kids.jpg","type":"image\/jpeg"}],"twitter_misc":{"Gesch\u00e4tzte Lesezeit":"1\u00a0Minute"},"schema":{"@context":"https:\/\/schema.org","@graph":[{"@type":"WebPage","@id":"https:\/\/srokacompany.com\/de\/produkt\/verstellbares-juniorpaddel-aus-aluminium\/","url":"https:\/\/srokacompany.com\/de\/produkt\/verstellbares-juniorpaddel-aus-aluminium\/","name":"Paddel Vario Aluminium junior - SROKA Watersports - Company","isPartOf":{"@id":"https:\/\/srokacompany.com\/de\/#website"},"primaryImageOfPage":{"@id":"https:\/\/srokacompany.com\/de\/produkt\/verstellbares-juniorpaddel-aus-aluminium\/#primaryimage"},"image":{"@id":"https:\/\/srokacompany.com\/de\/produkt\/verstellbares-juniorpaddel-aus-aluminium\/#primaryimage"},"thumbnailUrl":"https:\/\/srokacompany.com\/wp-content\/uploads\/2018\/05\/paddle-kids.jpg","datePublished":"2018-05-23T07:38:18+00:00","dateModified":"2025-06-26T22:05:04+00:00","description":"Das Vario-Aluminium-Juniorpaddel ist ideal f\u00fcr kleine Kinder, um mit einem geeigneten Modell zu beginnen und Fortschritte zu machen. Vario- und Aluminium-Modell, das Leistung und Benutzerfreundlichkeit vereint, und das alles zu einem super Preis-Leistungs-Verh\u00e4ltnis.","breadcrumb":{"@id":"https:\/\/srokacompany.com\/de\/produkt\/verstellbares-juniorpaddel-aus-aluminium\/#breadcrumb"},"inLanguage":"de","potentialAction":[{"@type":"ReadAction","target":["https:\/\/srokacompany.com\/de\/produkt\/verstellbares-juniorpaddel-aus-aluminium\/"]}]},{"@type":"ImageObject","inLanguage":"de","@id":"https:\/\/srokacompany.com\/de\/produkt\/verstellbares-juniorpaddel-aus-aluminium\/#primaryimage","url":"https:\/\/srokacompany.com\/wp-content\/uploads\/2018\/05\/paddle-kids.jpg","contentUrl":"https:\/\/srokacompany.com\/wp-content\/uploads\/2018\/05\/paddle-kids.jpg","width":780,"height":1040,"caption":"Paddel Vario Aluminium kids"},{"@type":"BreadcrumbList","@id":"https:\/\/srokacompany.com\/de\/produkt\/verstellbares-juniorpaddel-aus-aluminium\/#breadcrumb","itemListElement":[{"@type":"ListItem","position":1,"name":"Accueil","item":"https:\/\/srokacompany.com\/de\/"},{"@type":"ListItem","position":2,"name":"Laden","item":"https:\/\/srokacompany.com\/laden\/"},{"@type":"ListItem","position":3,"name":"Verstellbares Juniorpaddel aus Aluminium"}]},{"@type":"WebSite","@id":"https:\/\/srokacompany.com\/de\/#website","url":"https:\/\/srokacompany.com\/de\/","name":"SROKA Company","description":"SUP, Kite, Foil, Wing","publisher":{"@id":"https:\/\/srokacompany.com\/de\/#organization"},"potentialAction":[{"@type":"SearchAction","target":{"@type":"EntryPoint","urlTemplate":"https:\/\/srokacompany.com\/de\/?s={search_term_string}"},"query-input":{"@type":"PropertyValueSpecification","valueRequired":true,"valueName":"search_term_string"}}],"inLanguage":"de"},{"@type":"Organization","@id":"https:\/\/srokacompany.com\/de\/#organization","name":"SROKACOMPANY","alternateName":"SROKA","url":"https:\/\/srokacompany.com\/de\/","logo":{"@type":"ImageObject","inLanguage":"de","@id":"https:\/\/srokacompany.com\/de\/#\/schema\/logo\/image\/","url":"https:\/\/srokacompany.com\/wp-content\/uploads\/2021\/01\/logo-sroka-black-transpa.png","contentUrl":"https:\/\/srokacompany.com\/wp-content\/uploads\/2021\/01\/logo-sroka-black-transpa.png","width":1201,"height":342,"caption":"SROKACOMPANY"},"image":{"@id":"https:\/\/srokacompany.com\/de\/#\/schema\/logo\/image\/"},"sameAs":["https:\/\/www.facebook.com\/srokawatersports\/","https:\/\/www.instagram.com\/srokawatersports\/","https:\/\/www.youtube.com\/channel\/UCVLHHeaPIm-J5bdEUgxqtZA"]}]}},"uagb_featured_image_src":{"full":["https:\/\/srokacompany.com\/wp-content\/uploads\/2018\/05\/paddle-kids.jpg",780,1040,false],"thumbnail":["https:\/\/srokacompany.com\/wp-content\/uploads\/2018\/05\/paddle-kids-150x150.jpg",150,150,true],"medium":["https:\/\/srokacompany.com\/wp-content\/uploads\/2018\/05\/paddle-kids-225x300.jpg",225,300,true],"medium_large":["https:\/\/srokacompany.com\/wp-content\/uploads\/2018\/05\/paddle-kids-768x1024.jpg",768,1024,true],"large":["https:\/\/srokacompany.com\/wp-content\/uploads\/2018\/05\/paddle-kids-768x1024.jpg",768,1024,true],"1536x1536":["https:\/\/srokacompany.com\/wp-content\/uploads\/2018\/05\/paddle-kids.jpg",780,1040,false],"2048x2048":["https:\/\/srokacompany.com\/wp-content\/uploads\/2018\/05\/paddle-kids.jpg",780,1040,false],"woocommerce_thumbnail":["https:\/\/srokacompany.com\/wp-content\/uploads\/2018\/05\/paddle-kids-600x800.jpg",600,800,true],"woocommerce_single":["https:\/\/srokacompany.com\/wp-content\/uploads\/2018\/05\/paddle-kids-600x800.jpg",600,800,true],"woocommerce_gallery_thumbnail":["https:\/\/srokacompany.com\/wp-content\/uploads\/2018\/05\/paddle-kids-100x100.jpg",100,100,true],"dgwt-wcas-product-suggestion":["https:\/\/srokacompany.com\/wp-content\/uploads\/2018\/05\/paddle-kids.jpg",64,85,false]},"uagb_author_info":{"display_name":"Audrey Triquenaux","author_link":"https:\/\/srokacompany.com\/de\/blog\/author\/"},"uagb_comment_info":0,"uagb_excerpt":"Das Vario Junior Aluminium Paddel ist flexibel und leicht und das ideale aufblasbare Paddel f\u00fcr Kinder zwischen 1,20m und 1,60m.","jetpack_sharing_enabled":true,"_links":{"self":[{"href":"https:\/\/srokacompany.com\/de\/wp-json\/wp\/v2\/product\/348226","targetHints":{"allow":["GET"]}}],"collection":[{"href":"https:\/\/srokacompany.com\/de\/wp-json\/wp\/v2\/product"}],"about":[{"href":"https:\/\/srokacompany.com\/de\/wp-json\/wp\/v2\/types\/product"}],"wp:featuredmedia":[{"embeddable":true,"href":"https:\/\/srokacompany.com\/de\/wp-json\/wp\/v2\/media\/348229"}],"wp:attachment":[{"href":"https:\/\/srokacompany.com\/de\/wp-json\/wp\/v2\/media?parent=348226"}],"wp:term":[{"taxonomy":"product_brand","embeddable":true,"href":"https:\/\/srokacompany.com\/de\/wp-json\/wp\/v2\/product_brand?post=348226"},{"taxonomy":"product_cat","embeddable":true,"href":"https:\/\/srokacompany.com\/de\/wp-json\/wp\/v2\/product_cat?post=348226"},{"taxonomy":"product_tag","embeddable":true,"href":"https:\/\/srokacompany.com\/de\/wp-json\/wp\/v2\/product_tag?post=348226"}],"curies":[{"name":"wp","href":"https:\/\/api.w.org\/{rel}","templated":true}]}}