{"id":348964,"date":"2023-09-05T14:11:44","date_gmt":"2023-09-05T14:11:44","guid":{"rendered":"https:\/\/srokacompany.com\/produit\/carbon-mast-elite-14-mm-85-cm-rumpf\/"},"modified":"2026-02-05T18:26:18","modified_gmt":"2026-02-05T16:26:18","slug":"carbon-mast-elite-14-mm-85-cm-rumpf","status":"publish","type":"product","link":"https:\/\/srokacompany.com\/de\/produkt\/carbon-mast-elite-14-mm-85-cm-rumpf\/","title":{"rendered":"Carbon Mast Elite 14 mm | 85 cm + Rumpf"},"content":{"rendered":"<h2 data-path-to-node=\"2\">Warum sollten Sie den HM Elite 14mm Carbonmast f\u00fcr Ihre Sessions w\u00e4hlen?<\/h2>\n<p data-path-to-node=\"3\">Der <b data-path-to-node=\"3\" data-index-in-node=\"3\">HM Elite 14mm Carbonmast<\/b> stellt den Gipfel der Ingenieurskunst bei der Sroka Company dar. Er wurde speziell f\u00fcr Wing Foil-, Surf Foil- und Kite Foil-Fahrer entwickelt <b data-path-to-node=\"3\" data-index-in-node=\"86\">,<\/b> die auf der Suche nach kompromissloser Leistung sind. Das 14 mm Profil mit 140 Lagen High Modulus Carbon ist eine technische Meisterleistung, die das High-End-Gleiten neu definiert. <\/p>\n<h3 data-path-to-node=\"4\">Feines Profil f\u00fcr maximale Geschwindigkeit<\/h3>\n<p data-path-to-node=\"5\">W\u00e4hrend der Marktstandard bei 15-16 mm liegt, reduziert <b data-path-to-node=\"5\" data-index-in-node=\"61\">unser leistungsst\u00e4rkster Mast<\/b> den hydrodynamischen Widerstand erheblich, ohne an Steifigkeit zu verlieren. <b data-path-to-node=\"5\" data-index-in-node=\"172\">Dar\u00fcber hinaus<\/b> erm\u00f6glicht diese Schlankheit h\u00f6here Spitzengeschwindigkeiten. Sie sorgt au\u00dferdem f\u00fcr ein viel fl\u00fcssigeres und &#8222;transparenteres&#8220; Gef\u00fchl beim Gleiten durch das Wasser. <b data-path-to-node=\"5\" data-index-in-node=\"347\">Folglich<\/b> ist jeder Druckpunkt optimiert, um Ihre Energie in pure Geschwindigkeit umzuwandeln. <\/p>\n<h3 data-path-to-node=\"6\">High Modulus (HM) Carbon Technologie M40J<\/h3>\n<p data-path-to-node=\"7\">Um das d\u00fcnne Profil auszugleichen und die absolute Steifigkeit zu erhalten, verwenden wir ausschlie\u00dflich High Modulus M40J Kohlefasern. <b data-path-to-node=\"7\" data-index-in-node=\"140\">Dar\u00fcber hinaus<\/b> gew\u00e4hrleistet diese High-End-Konstruktion :<\/p>\n<ul data-path-to-node=\"8\">\n<li>\n<p data-path-to-node=\"8,0,0\"><b data-path-to-node=\"8,0,0\" data-index-in-node=\"0\">Extreme Torsionssteifigkeit<\/b>: Selbst bei st\u00e4rksten St\u00fctzen ist keine Verformung festzustellen.<\/p>\n<\/li>\n<li>\n<p data-path-to-node=\"8,1,0\"><b data-path-to-node=\"8,1,0\" data-index-in-node=\"0\">Direkte \u00dcbertragung<\/b>: <b data-path-to-node=\"8,1,0\" data-index-in-node=\"27\">Deshalb<\/b> wird jede Bewegung sofort auf den Foil-Fl\u00fcgel \u00fcbertragen.<\/p>\n<\/li>\n<li>\n<p data-path-to-node=\"8,2,0\"><b data-path-to-node=\"8,2,0\" data-index-in-node=\"0\">Optimale Steifigkeit<\/b>: Sie erm\u00f6glicht es, mit Kraft zu dr\u00fccken, ohne dass sich das Profil unter der Last verformt.<\/p>\n<\/li>\n<\/ul>\n<h3 data-path-to-node=\"9\">Gef\u00fchl auf dem Wasser mit dem 14mm HM Elite Carbonmast<\/h3>\n<p data-path-to-node=\"10\">Beim Segeln bietet <b data-path-to-node=\"10\" data-index-in-node=\"15\">dieses ultrad\u00fcnne Profil<\/b> eine sofortige Reaktion. Sein Design reduziert <b data-path-to-node=\"10\" data-index-in-node=\"87\">au\u00dferdem<\/b> den Luftwiderstand und die Vibrationen bei hohen Geschwindigkeiten. Um die Leistung Ihres Materials zu erhalten, empfehlen wir <b data-path-to-node=\"10\" data-index-in-node=\"154\">jedoch<\/b>, es regelm\u00e4\u00dfig zu sp\u00fclen. <b data-path-to-node=\"10\" data-index-in-node=\"255\">Au\u00dferdem<\/b> wird die Verwendung von Schutzh\u00fcllen empfohlen, um versehentliche Sch\u00e4den beim Transport zu vermeiden. <\/p>\n<h3 data-path-to-node=\"11\">Kompatibilit\u00e4t und Modularit\u00e4t<\/h3>\n<p data-path-to-node=\"12\">Dieses Paket beinhaltet einen HM-Carbon-Rumpf oder einen Rumpf aus 6061-T6-Flugzeugaluminium, <b data-path-to-node=\"12\" data-index-in-node=\"75\">wodurch<\/b> eine au\u00dfergew\u00f6hnliche Haltbarkeit gew\u00e4hrleistet wird. Der 85 mm Elite 14 mm Carbonmast ist voll kompatibel mit unseren High Aspect und S-Line Fl\u00fcgeln. Wenn Sie <b data-path-to-node=\"12\" data-index-in-node=\"218\">also<\/b> bereits eine Sroka-Ausr\u00fcstung besitzen, wird sie sich nahtlos in Ihr bestehendes Setup einf\u00fcgen. <b data-path-to-node=\"12\" data-index-in-node=\"325\">Und<\/b> wer noch mehr Vielseitigkeit sucht, sollte sich unseren <a class=\"ng-star-inserted\" href=\"https:\/\/srokacompany.com\/produit\/mat-carbone-16-mm-85-cm-fuselage\/\" target=\"_blank\" rel=\"noopener\">16 mm Solo Carbonmast<\/a> ansehen, der einen hervorragenden Kompromiss zwischen Zug\u00e4nglichkeit und Leistung bietet. <\/p>\n<p data-path-to-node=\"13\">Weitere Informationen \u00fcber den <b data-path-to-node=\"13\" data-index-in-node=\"32\">HM Elite 14mm Carbonmast<\/b> finden Sie <a class=\"ng-star-inserted\" href=\"https:\/\/www.google.com\/search?q=LIEN_VERS_VOTRE_VIDEO_OU_ARTICLE\" target=\"_blank\" rel=\"noopener\">unter diesem Link<\/a>.<\/p>\n","protected":false},"excerpt":{"rendered":"<p>Der <b data-path-to-node=\"10,0\" data-index-in-node=\"4\">14 mm HM Elite Carbonmast<\/b> ist das Flaggschiff der Sroka-Produktreihe. Mit nur 14mm Dicke reduziert dieser <b data-path-to-node=\"10,0\" data-index-in-node=\"100\">14mm HM Elite Carbonmast aus 100% High Modulus Carbon<\/b> den Luftwiderstand auf ein Minimum und sorgt so f\u00fcr maximale Geschwindigkeit bei maximaler Festigkeit und Steifigkeit.<\/p>\n","protected":false},"featured_media":348965,"template":"","meta":{"_acf_changed":false,"_uag_custom_page_level_css":""},"product_brand":[],"product_cat":[3699,3495,3529,3493,3702,3500,3499,3494,3453],"product_tag":[3459,3443,3442],"class_list":{"0":"post-348964","1":"product","2":"type-product","3":"status-publish","4":"has-post-thumbnail","6":"product_cat-alle-carbon-foils","7":"product_cat-alle-unsere-foils-von-sup-foil-downwind","8":"product_cat-elite-de","9":"product_cat-foil-de","10":"product_cat-foil-elite-reihe","11":"product_cat-foils-dockstart-alu-carbonne-de","12":"product_cat-foils-wing-foil-de","13":"product_cat-surf-foils-foil","14":"product_cat-wing-foil-de","15":"product_tag-experte","16":"product_tag-fortgeschrittene","17":"product_tag-schlau","18":"product_shipping_class-foil-komplett-oder-ersatzteile-wing-einheit","20":"first","21":"instock","22":"taxable","23":"shipping-taxable","24":"purchasable","25":"product-type-variable"},"acf":[],"yoast_head":"<!-- This site is optimized with the Yoast SEO plugin v27.4 - https:\/\/yoast.com\/product\/yoast-seo-wordpress\/ -->\n<title>Carbonmast HM Elite 14mm - Ultimative Performance | Sroka<\/title>\n<meta name=\"description\" content=\"Entdecken Sie den HM Elite 14mm Sroka Carbonmast. Ultrad\u00fcnnes Profil, High Modulus M40J Carbon und extreme Steifigkeit f\u00fcr kompromissloses Gleiten. Rumpf inklusive\" \/>\n<meta name=\"robots\" content=\"index, follow, max-snippet:-1, max-image-preview:large, max-video-preview:-1\" \/>\n<link rel=\"canonical\" href=\"https:\/\/srokacompany.com\/de\/produkt\/carbon-mast-elite-14-mm-85-cm-rumpf\/\" \/>\n<meta property=\"og:locale\" content=\"de_DE\" \/>\n<meta property=\"og:type\" content=\"article\" \/>\n<meta property=\"og:title\" content=\"Carbonmast HM Elite 14mm - Ultimative Performance | Sroka\" \/>\n<meta property=\"og:description\" content=\"Entdecken Sie den HM Elite 14mm Sroka Carbonmast. Ultrad\u00fcnnes Profil, High Modulus M40J Carbon und extreme Steifigkeit f\u00fcr kompromissloses Gleiten. Rumpf inklusive\" \/>\n<meta property=\"og:url\" content=\"https:\/\/srokacompany.com\/de\/produkt\/carbon-mast-elite-14-mm-85-cm-rumpf\/\" \/>\n<meta property=\"og:site_name\" content=\"SROKA Company\" \/>\n<meta property=\"article:publisher\" content=\"https:\/\/www.facebook.com\/srokawatersports\/\" \/>\n<meta property=\"article:modified_time\" content=\"2026-02-05T16:26:18+00:00\" \/>\n<meta property=\"og:image\" content=\"https:\/\/srokacompany.com\/wp-content\/uploads\/2023\/09\/mat-fuselage-ELITE-fond-transparent_.png\" \/>\n\t<meta property=\"og:image:width\" content=\"2048\" \/>\n\t<meta property=\"og:image:height\" content=\"2730\" \/>\n\t<meta property=\"og:image:type\" content=\"image\/png\" \/>\n<meta name=\"twitter:label1\" content=\"Gesch\u00e4tzte Lesezeit\" \/>\n\t<meta name=\"twitter:data1\" content=\"2\u00a0Minuten\" \/>\n<script type=\"application\/ld+json\" class=\"yoast-schema-graph\">{\"@context\":\"https:\\\/\\\/schema.org\",\"@graph\":[{\"@type\":\"WebPage\",\"@id\":\"https:\\\/\\\/srokacompany.com\\\/de\\\/produkt\\\/carbon-mast-elite-14-mm-85-cm-rumpf\\\/\",\"url\":\"https:\\\/\\\/srokacompany.com\\\/de\\\/produkt\\\/carbon-mast-elite-14-mm-85-cm-rumpf\\\/\",\"name\":\"Carbonmast HM Elite 14mm - Ultimative Performance | Sroka\",\"isPartOf\":{\"@id\":\"https:\\\/\\\/srokacompany.com\\\/de\\\/#website\"},\"primaryImageOfPage\":{\"@id\":\"https:\\\/\\\/srokacompany.com\\\/de\\\/produkt\\\/carbon-mast-elite-14-mm-85-cm-rumpf\\\/#primaryimage\"},\"image\":{\"@id\":\"https:\\\/\\\/srokacompany.com\\\/de\\\/produkt\\\/carbon-mast-elite-14-mm-85-cm-rumpf\\\/#primaryimage\"},\"thumbnailUrl\":\"https:\\\/\\\/srokacompany.com\\\/wp-content\\\/uploads\\\/2023\\\/09\\\/mat-fuselage-ELITE-fond-transparent_.png\",\"datePublished\":\"2023-09-05T14:11:44+00:00\",\"dateModified\":\"2026-02-05T16:26:18+00:00\",\"description\":\"Entdecken Sie den HM Elite 14mm Sroka Carbonmast. Ultrad\u00fcnnes Profil, High Modulus M40J Carbon und extreme Steifigkeit f\u00fcr kompromissloses Gleiten. Rumpf inklusive\",\"breadcrumb\":{\"@id\":\"https:\\\/\\\/srokacompany.com\\\/de\\\/produkt\\\/carbon-mast-elite-14-mm-85-cm-rumpf\\\/#breadcrumb\"},\"inLanguage\":\"de\",\"potentialAction\":[{\"@type\":\"ReadAction\",\"target\":[\"https:\\\/\\\/srokacompany.com\\\/de\\\/produkt\\\/carbon-mast-elite-14-mm-85-cm-rumpf\\\/\"]}]},{\"@type\":\"ImageObject\",\"inLanguage\":\"de\",\"@id\":\"https:\\\/\\\/srokacompany.com\\\/de\\\/produkt\\\/carbon-mast-elite-14-mm-85-cm-rumpf\\\/#primaryimage\",\"url\":\"https:\\\/\\\/srokacompany.com\\\/wp-content\\\/uploads\\\/2023\\\/09\\\/mat-fuselage-ELITE-fond-transparent_.png\",\"contentUrl\":\"https:\\\/\\\/srokacompany.com\\\/wp-content\\\/uploads\\\/2023\\\/09\\\/mat-fuselage-ELITE-fond-transparent_.png\",\"width\":2048,\"height\":2730,\"caption\":\"Packung mit 14 mm HM Elite Carbonmast und Rumpf aus Flugzeugaluminium\"},{\"@type\":\"BreadcrumbList\",\"@id\":\"https:\\\/\\\/srokacompany.com\\\/de\\\/produkt\\\/carbon-mast-elite-14-mm-85-cm-rumpf\\\/#breadcrumb\",\"itemListElement\":[{\"@type\":\"ListItem\",\"position\":1,\"name\":\"Accueil\",\"item\":\"https:\\\/\\\/srokacompany.com\\\/de\\\/\"},{\"@type\":\"ListItem\",\"position\":2,\"name\":\"Laden\",\"item\":\"https:\\\/\\\/srokacompany.com\\\/laden\\\/\"},{\"@type\":\"ListItem\",\"position\":3,\"name\":\"Carbon Mast Elite 14 mm | 85 cm + Rumpf\"}]},{\"@type\":\"WebSite\",\"@id\":\"https:\\\/\\\/srokacompany.com\\\/de\\\/#website\",\"url\":\"https:\\\/\\\/srokacompany.com\\\/de\\\/\",\"name\":\"SROKA Company\",\"description\":\"SUP, Kite, Foil, Wing\",\"publisher\":{\"@id\":\"https:\\\/\\\/srokacompany.com\\\/de\\\/#organization\"},\"potentialAction\":[{\"@type\":\"SearchAction\",\"target\":{\"@type\":\"EntryPoint\",\"urlTemplate\":\"https:\\\/\\\/srokacompany.com\\\/de\\\/?s={search_term_string}\"},\"query-input\":{\"@type\":\"PropertyValueSpecification\",\"valueRequired\":true,\"valueName\":\"search_term_string\"}}],\"inLanguage\":\"de\"},{\"@type\":\"Organization\",\"@id\":\"https:\\\/\\\/srokacompany.com\\\/de\\\/#organization\",\"name\":\"SROKACOMPANY\",\"alternateName\":\"SROKA\",\"url\":\"https:\\\/\\\/srokacompany.com\\\/de\\\/\",\"logo\":{\"@type\":\"ImageObject\",\"inLanguage\":\"de\",\"@id\":\"https:\\\/\\\/srokacompany.com\\\/de\\\/#\\\/schema\\\/logo\\\/image\\\/\",\"url\":\"https:\\\/\\\/srokacompany.com\\\/wp-content\\\/uploads\\\/2021\\\/01\\\/logo-sroka-black-transpa.png\",\"contentUrl\":\"https:\\\/\\\/srokacompany.com\\\/wp-content\\\/uploads\\\/2021\\\/01\\\/logo-sroka-black-transpa.png\",\"width\":1201,\"height\":342,\"caption\":\"SROKACOMPANY\"},\"image\":{\"@id\":\"https:\\\/\\\/srokacompany.com\\\/de\\\/#\\\/schema\\\/logo\\\/image\\\/\"},\"sameAs\":[\"https:\\\/\\\/www.facebook.com\\\/srokawatersports\\\/\",\"https:\\\/\\\/www.instagram.com\\\/srokawatersports\\\/\",\"https:\\\/\\\/www.youtube.com\\\/channel\\\/UCVLHHeaPIm-J5bdEUgxqtZA\"]}]}<\/script>\n<!-- \/ Yoast SEO plugin. -->","yoast_head_json":{"title":"Carbonmast HM Elite 14mm - Ultimative Performance | Sroka","description":"Entdecken Sie den HM Elite 14mm Sroka Carbonmast. Ultrad\u00fcnnes Profil, High Modulus M40J Carbon und extreme Steifigkeit f\u00fcr kompromissloses Gleiten. Rumpf inklusive","robots":{"index":"index","follow":"follow","max-snippet":"max-snippet:-1","max-image-preview":"max-image-preview:large","max-video-preview":"max-video-preview:-1"},"canonical":"https:\/\/srokacompany.com\/de\/produkt\/carbon-mast-elite-14-mm-85-cm-rumpf\/","og_locale":"de_DE","og_type":"article","og_title":"Carbonmast HM Elite 14mm - Ultimative Performance | Sroka","og_description":"Entdecken Sie den HM Elite 14mm Sroka Carbonmast. Ultrad\u00fcnnes Profil, High Modulus M40J Carbon und extreme Steifigkeit f\u00fcr kompromissloses Gleiten. Rumpf inklusive","og_url":"https:\/\/srokacompany.com\/de\/produkt\/carbon-mast-elite-14-mm-85-cm-rumpf\/","og_site_name":"SROKA Company","article_publisher":"https:\/\/www.facebook.com\/srokawatersports\/","article_modified_time":"2026-02-05T16:26:18+00:00","og_image":[{"width":2048,"height":2730,"url":"https:\/\/srokacompany.com\/wp-content\/uploads\/2023\/09\/mat-fuselage-ELITE-fond-transparent_.png","type":"image\/png"}],"twitter_misc":{"Gesch\u00e4tzte Lesezeit":"2\u00a0Minuten"},"schema":{"@context":"https:\/\/schema.org","@graph":[{"@type":"WebPage","@id":"https:\/\/srokacompany.com\/de\/produkt\/carbon-mast-elite-14-mm-85-cm-rumpf\/","url":"https:\/\/srokacompany.com\/de\/produkt\/carbon-mast-elite-14-mm-85-cm-rumpf\/","name":"Carbonmast HM Elite 14mm - Ultimative Performance | Sroka","isPartOf":{"@id":"https:\/\/srokacompany.com\/de\/#website"},"primaryImageOfPage":{"@id":"https:\/\/srokacompany.com\/de\/produkt\/carbon-mast-elite-14-mm-85-cm-rumpf\/#primaryimage"},"image":{"@id":"https:\/\/srokacompany.com\/de\/produkt\/carbon-mast-elite-14-mm-85-cm-rumpf\/#primaryimage"},"thumbnailUrl":"https:\/\/srokacompany.com\/wp-content\/uploads\/2023\/09\/mat-fuselage-ELITE-fond-transparent_.png","datePublished":"2023-09-05T14:11:44+00:00","dateModified":"2026-02-05T16:26:18+00:00","description":"Entdecken Sie den HM Elite 14mm Sroka Carbonmast. Ultrad\u00fcnnes Profil, High Modulus M40J Carbon und extreme Steifigkeit f\u00fcr kompromissloses Gleiten. Rumpf inklusive","breadcrumb":{"@id":"https:\/\/srokacompany.com\/de\/produkt\/carbon-mast-elite-14-mm-85-cm-rumpf\/#breadcrumb"},"inLanguage":"de","potentialAction":[{"@type":"ReadAction","target":["https:\/\/srokacompany.com\/de\/produkt\/carbon-mast-elite-14-mm-85-cm-rumpf\/"]}]},{"@type":"ImageObject","inLanguage":"de","@id":"https:\/\/srokacompany.com\/de\/produkt\/carbon-mast-elite-14-mm-85-cm-rumpf\/#primaryimage","url":"https:\/\/srokacompany.com\/wp-content\/uploads\/2023\/09\/mat-fuselage-ELITE-fond-transparent_.png","contentUrl":"https:\/\/srokacompany.com\/wp-content\/uploads\/2023\/09\/mat-fuselage-ELITE-fond-transparent_.png","width":2048,"height":2730,"caption":"Packung mit 14 mm HM Elite Carbonmast und Rumpf aus Flugzeugaluminium"},{"@type":"BreadcrumbList","@id":"https:\/\/srokacompany.com\/de\/produkt\/carbon-mast-elite-14-mm-85-cm-rumpf\/#breadcrumb","itemListElement":[{"@type":"ListItem","position":1,"name":"Accueil","item":"https:\/\/srokacompany.com\/de\/"},{"@type":"ListItem","position":2,"name":"Laden","item":"https:\/\/srokacompany.com\/laden\/"},{"@type":"ListItem","position":3,"name":"Carbon Mast Elite 14 mm | 85 cm + Rumpf"}]},{"@type":"WebSite","@id":"https:\/\/srokacompany.com\/de\/#website","url":"https:\/\/srokacompany.com\/de\/","name":"SROKA Company","description":"SUP, Kite, Foil, Wing","publisher":{"@id":"https:\/\/srokacompany.com\/de\/#organization"},"potentialAction":[{"@type":"SearchAction","target":{"@type":"EntryPoint","urlTemplate":"https:\/\/srokacompany.com\/de\/?s={search_term_string}"},"query-input":{"@type":"PropertyValueSpecification","valueRequired":true,"valueName":"search_term_string"}}],"inLanguage":"de"},{"@type":"Organization","@id":"https:\/\/srokacompany.com\/de\/#organization","name":"SROKACOMPANY","alternateName":"SROKA","url":"https:\/\/srokacompany.com\/de\/","logo":{"@type":"ImageObject","inLanguage":"de","@id":"https:\/\/srokacompany.com\/de\/#\/schema\/logo\/image\/","url":"https:\/\/srokacompany.com\/wp-content\/uploads\/2021\/01\/logo-sroka-black-transpa.png","contentUrl":"https:\/\/srokacompany.com\/wp-content\/uploads\/2021\/01\/logo-sroka-black-transpa.png","width":1201,"height":342,"caption":"SROKACOMPANY"},"image":{"@id":"https:\/\/srokacompany.com\/de\/#\/schema\/logo\/image\/"},"sameAs":["https:\/\/www.facebook.com\/srokawatersports\/","https:\/\/www.instagram.com\/srokawatersports\/","https:\/\/www.youtube.com\/channel\/UCVLHHeaPIm-J5bdEUgxqtZA"]}]}},"uagb_featured_image_src":{"full":["https:\/\/srokacompany.com\/wp-content\/uploads\/2023\/09\/mat-fuselage-ELITE-fond-transparent_.png",2048,2730,false],"thumbnail":["https:\/\/srokacompany.com\/wp-content\/uploads\/2023\/09\/mat-fuselage-ELITE-fond-transparent_-150x150.png",150,150,true],"medium":["https:\/\/srokacompany.com\/wp-content\/uploads\/2023\/09\/mat-fuselage-ELITE-fond-transparent_-225x300.png",225,300,true],"medium_large":["https:\/\/srokacompany.com\/wp-content\/uploads\/2023\/09\/mat-fuselage-ELITE-fond-transparent_-768x1024.png",768,1024,true],"large":["https:\/\/srokacompany.com\/wp-content\/uploads\/2023\/09\/mat-fuselage-ELITE-fond-transparent_-768x1024.png",768,1024,true],"1536x1536":["https:\/\/srokacompany.com\/wp-content\/uploads\/2023\/09\/mat-fuselage-ELITE-fond-transparent_-1152x1536.png",1152,1536,true],"2048x2048":["https:\/\/srokacompany.com\/wp-content\/uploads\/2023\/09\/mat-fuselage-ELITE-fond-transparent_-1536x2048.png",1536,2048,true],"woocommerce_thumbnail":["https:\/\/srokacompany.com\/wp-content\/uploads\/2023\/09\/mat-fuselage-ELITE-fond-transparent_-600x800.png",600,800,true],"woocommerce_single":["https:\/\/srokacompany.com\/wp-content\/uploads\/2023\/09\/mat-fuselage-ELITE-fond-transparent_-600x800.png",600,800,true],"woocommerce_gallery_thumbnail":["https:\/\/srokacompany.com\/wp-content\/uploads\/2023\/09\/mat-fuselage-ELITE-fond-transparent_-100x100.png",100,100,true],"dgwt-wcas-product-suggestion":["https:\/\/srokacompany.com\/wp-content\/uploads\/2023\/09\/mat-fuselage-ELITE-fond-transparent_.png",64,85,false]},"uagb_author_info":{"display_name":"Emmanuel DIJOUX","author_link":"https:\/\/srokacompany.com\/de\/blog\/author\/"},"uagb_comment_info":0,"uagb_excerpt":"Der 14 mm HM Elite Carbonmast ist das Flaggschiff der Sroka-Produktreihe. Mit nur 14mm Dicke reduziert dieser 14mm HM Elite Carbonmast aus 100% High Modulus Carbon den Luftwiderstand auf ein Minimum und sorgt so f\u00fcr maximale Geschwindigkeit bei maximaler Festigkeit und Steifigkeit.","jetpack_sharing_enabled":true,"_links":{"self":[{"href":"https:\/\/srokacompany.com\/de\/wp-json\/wp\/v2\/product\/348964","targetHints":{"allow":["GET"]}}],"collection":[{"href":"https:\/\/srokacompany.com\/de\/wp-json\/wp\/v2\/product"}],"about":[{"href":"https:\/\/srokacompany.com\/de\/wp-json\/wp\/v2\/types\/product"}],"wp:featuredmedia":[{"embeddable":true,"href":"https:\/\/srokacompany.com\/de\/wp-json\/wp\/v2\/media\/348965"}],"wp:attachment":[{"href":"https:\/\/srokacompany.com\/de\/wp-json\/wp\/v2\/media?parent=348964"}],"wp:term":[{"taxonomy":"product_brand","embeddable":true,"href":"https:\/\/srokacompany.com\/de\/wp-json\/wp\/v2\/product_brand?post=348964"},{"taxonomy":"product_cat","embeddable":true,"href":"https:\/\/srokacompany.com\/de\/wp-json\/wp\/v2\/product_cat?post=348964"},{"taxonomy":"product_tag","embeddable":true,"href":"https:\/\/srokacompany.com\/de\/wp-json\/wp\/v2\/product_tag?post=348964"}],"curies":[{"name":"wp","href":"https:\/\/api.w.org\/{rel}","templated":true}]}}