{"id":354018,"date":"2025-09-22T09:16:20","date_gmt":"2025-09-22T07:16:20","guid":{"rendered":"https:\/\/srokacompany.com\/produit\/pack-wing-foil-easyrider\/"},"modified":"2026-02-11T12:01:19","modified_gmt":"2026-02-11T10:01:19","slug":"pack-wing-foil-easyrider","status":"publish","type":"product","link":"https:\/\/srokacompany.com\/de\/produkt\/pack-wing-foil-easyrider\/","title":{"rendered":"Pack Wing Foil Beginner Easyrider"},"content":{"rendered":"<p>Das <b>SROKA EasyRider Wing Foil Starter Pack<\/b> wurde speziell f\u00fcr <b>Anf\u00e4nger<\/b> und all diejenigen entwickelt, die das Wing Foil auf <b>einfache, schnelle und erschwingliche<\/b> Weise erlernen m\u00f6chten. Es ist das <b>&#8222;Starter&#8220;<\/b> -Paket von SROKA, das eine perfekte Balance zwischen <b>Stabilit\u00e4t, einfachem Start<\/b> und <b>attraktivem Preis<\/b> bietet. <\/p>\n<h3>Technische Zusammensetzung des <b data-path-to-node=\"7,1,1,0,0\" data-index-in-node=\"36\">Pack Wing Foil Beginner Easyrider<\/b><\/h3>\n<p>Dieses Komplettpaket enth\u00e4lt drei entscheidende Elemente, die f\u00fcr die Lernphase optimiert wurden: Material wing foil Schneller Lernerfolg.<\/p>\n<ol start=\"1\">\n<li><b>Surfbrett Easy Rider 5&#8217;7 (112L)<\/b>\n<ul>\n<li><b>Programm:<\/b> Anf\u00e4nger \/ Progression.<\/li>\n<li><b>Volumen:<\/b> <b>112 Liter<\/b> (bei einer typischen Gr\u00f6\u00dfe von 5&#8217;7&#8220;). Dieses gro\u00dfz\u00fcgige Volumen sorgt f\u00fcr <b>maximale Stabilit\u00e4t<\/b> auf dem Wasser, auch vor dem Start, was bei den ersten Sessions entscheidend ist. <\/li>\n<li><b>Ziel:<\/b> Das Board wurde f\u00fcr einen <b>ultraleichten Start<\/b> konzipiert und gibt Anf\u00e4ngern im Wing Foil ein Gef\u00fchl der Sicherheit.<\/li>\n<\/ul>\n<\/li>\n<li><a href=\"https:\/\/srokacompany.com\/de\/produkt\/wing-v4-sroka\/\"><b>Wing V4 SROKA 5m\u00b2<\/b><\/a>\n<ul>\n<li><b>Programm:<\/b> Vielseitigkeit \/ Freeride.<\/li>\n<li><b>Gr\u00f6\u00dfe:<\/b> Meist in <b>5 m\u00b2<\/b> angeboten, die vielseitigste Gr\u00f6\u00dfe f\u00fcr eine mittlere Statur bei m\u00e4\u00dfigen Windbedingungen (ideal zum Lernen).<\/li>\n<li><b><span class=\"citation-48\">Eigenschaften :<\/span><\/b><span class=\"citation-48\"> Wie bereits zuvor gesehen, ist die <\/span><b><span class=\"citation-48\">Wing V4<\/span><\/b><span class=\"citation-48\"> ist bekannt f\u00fcr seine <\/span><b><span class=\"citation-48\">Kraft, Stabilit\u00e4t und einfache Kontrolle bekannt.<\/span><\/b><span class=\"citation-48 citation-end-48\"> Das liegt vor allem an den steifen Griffen und der geringen Spannweite.<\/span> Der Ving V4 beschleunigt den Nutzer mit einer <b>unvergleichlich sanften<\/b> Bewegung in die Luft.<\/li>\n<\/ul>\n<\/li>\n<li><a href=\"https:\/\/srokacompany.com\/de\/produkt\/vorderfluegel-progress-anfaenger-wing-foil\/\"><b>Foil SROKA S-Foil 1750 V2<\/b><\/a>\n<ul>\n<li><b>Programm:<\/b> Zug\u00e4nglichkeit \/ Tragf\u00e4higkeit.<\/li>\n<li><b>Fl\u00e4che:<\/b> <b>1750 cm\u00b2<\/b> (gro\u00dfe Fl\u00e4che).<\/li>\n<li><b>Ziel:<\/b> Der <b>1750 cm\u00b2<\/b> gro\u00dfe Frontfl\u00fcgel ist sehr <b>tragend<\/b> und <b>stabil<\/b> (mittleres Aspektverh\u00e4ltnis). Er erm\u00f6glicht <b>Starts bei sehr niedrigen Geschwindigkeiten<\/b> (ab 8 Knoten Wind) und garantiert eine <b>intuitive Steuerung<\/b> bei den ersten Fl\u00fcgen. Seine Steifigkeit und sein modulares Design sorgen daf\u00fcr, dass er auch nach der Anfangsphase noch nutzbar ist.  <\/li>\n<\/ul>\n<\/li>\n<\/ol>\n<p>&nbsp;<\/p>\n<h3>Vorteile dieses Pakets f\u00fcr leichtes Lernen?<\/h3>\n<ul>\n<li><b>Vertraulicher Start:<\/b> Die Kombination aus einem <b>hohen Boardvolumen<\/b> und einem <b>stark tragenden Foil<\/b> sorgt f\u00fcr stabilen Auftrieb und Flug von den ersten Versuchen an.<\/li>\n<li><b>Schnelle Fortschritte :<\/b> Die Ausr\u00fcstung ist so konzipiert, dass sie Fehler verzeiht und Man\u00f6ver vereinfacht, so dass sich der Nutzer auf das Gleichgewicht und das Steuern konzentrieren kann.<\/li>\n<li><b>Ausgezeichnetes Preis-Leistungs-Verh\u00e4ltnis:<\/b> Beim Kauf eines Komplettpakets erhalten Sie einen <b>Preisvorteil<\/b> gegen\u00fcber dem Kauf der Einzelteile, wodurch das Wing Foil erschwinglicher wird.<\/li>\n<li><b>Komplettpaket:<\/b> Das Paket enth\u00e4lt alles, was du zum Segeln brauchst (Board, Wing, Foil, <b>Leashs<\/b>, <b>Pumpe<\/b> und Tragetaschen).<\/li>\n<\/ul>\n<p>Das Easy Rider Pack ist die Komplettl\u00f6sung f\u00fcr jeden, der das Wing Foil kennenlernen m\u00f6chte, ohne Kompromisse bei Qualit\u00e4t und Haltbarkeit eingehen zu m\u00fcssen, wobei der Schwerpunkt auf der <b>Einfachheit des Lernens<\/b> liegt.<\/p>\n<p><a href=\"https:\/\/www.youtube.com\/watch?v=9OKb_jEgJag\">Sehen Sie sich das Wing-Paket in einem Video an.  <\/a><\/p>\n","protected":false},"excerpt":{"rendered":"<p><strong>Das<\/strong> <strong>Easyrider<\/strong><b data-path-to-node=\"10,0\" data-index-in-node=\"4\">Wing Foil Anf\u00e4ngerpaket<\/b> von SROKA ist die ideale L\u00f6sung, um das Wing foil selbstbewusst zu erlernen. Dies ist <a href=\"https:\/\/srokacompany.com\/de\/eshop\/pack-wing-foil-ihr-komplettes-set-fur-unvergessliche-erlebnisse\/\">ein Paket f\u00fcr erfolgreiche erste Fl\u00fcge.<\/a> Es umfasst ein ultra-stabiles <b data-path-to-node=\"10,0\" data-index-in-node=\"129\">Easyrider 5&#8217;7 (112L)<\/b> Board, ein vielseitiges <b data-path-to-node=\"10,0\" data-index-in-node=\"168\">5m\u00b2<a href=\"https:\/\/srokacompany.com\/de\/produkt\/wing-v4-sroka\/\">Wing V4<\/a><\/b> und das <b data-path-to-node=\"10,0\" data-index-in-node=\"201\">S-Foil 1750 V2<\/b>, das f\u00fcr seinen Auftrieb und seine Weichheit bekannt ist. Von Bruno Sroka entworfen, um die Frustration des Anf\u00e4ngers zu beseitigen.<\/p>\n","protected":false},"featured_media":353427,"template":"","meta":{"_acf_changed":false,"_uag_custom_page_level_css":""},"product_brand":[],"product_cat":[3671,3453],"product_tag":[3441],"class_list":{"0":"post-354018","1":"product","2":"type-product","3":"status-publish","4":"has-post-thumbnail","6":"product_cat-pack-wing-foil-ihr-komplettes-set-fur-unvergessliche-erlebnisse","7":"product_cat-wing-foil-de","8":"product_tag-anfanger","9":"product_shipping_class-wing-pack-komplett-hart","11":"first","12":"instock","13":"taxable","14":"shipping-taxable","15":"purchasable","16":"product-type-simple"},"acf":[],"yoast_head":"<!-- This site is optimized with the Yoast SEO plugin v27.4 - https:\/\/yoast.com\/product\/yoast-seo-wordpress\/ -->\n<title>Pack Wing Foil Beginner Easyrider : Board, Foil + Wing - SROKA Company%<\/title>\n<meta name=\"description\" content=\"Entdecke das Wing Foil Anf\u00e4nger Komplettpaket Easyrider von Sroka. Inklusive: Stabiles 112L Board, Foil 1750 V2 und Wing V4. Das ideale Set f\u00fcr Anf\u00e4nger.\" \/>\n<meta name=\"robots\" content=\"index, follow, max-snippet:-1, max-image-preview:large, max-video-preview:-1\" \/>\n<link rel=\"canonical\" href=\"https:\/\/srokacompany.com\/de\/produkt\/pack-wing-foil-easyrider\/\" \/>\n<meta property=\"og:locale\" content=\"de_DE\" \/>\n<meta property=\"og:type\" content=\"article\" \/>\n<meta property=\"og:title\" content=\"Pack Wing Foil Beginner Easyrider : Board, Foil + Wing - SROKA Company%\" \/>\n<meta property=\"og:description\" content=\"Entdecke das Wing Foil Anf\u00e4nger Komplettpaket Easyrider von Sroka. Inklusive: Stabiles 112L Board, Foil 1750 V2 und Wing V4. Das ideale Set f\u00fcr Anf\u00e4nger.\" \/>\n<meta property=\"og:url\" content=\"https:\/\/srokacompany.com\/de\/produkt\/pack-wing-foil-easyrider\/\" \/>\n<meta property=\"og:site_name\" content=\"SROKA Company\" \/>\n<meta property=\"article:publisher\" content=\"https:\/\/www.facebook.com\/srokawatersports\/\" \/>\n<meta property=\"article:modified_time\" content=\"2026-02-11T10:01:19+00:00\" \/>\n<meta property=\"og:image\" content=\"https:\/\/srokacompany.com\/wp-content\/uploads\/2025\/09\/Pack-Wing-foil-Easyrider--scaled.png\" \/>\n\t<meta property=\"og:image:width\" content=\"2560\" \/>\n\t<meta property=\"og:image:height\" content=\"2161\" \/>\n\t<meta property=\"og:image:type\" content=\"image\/png\" \/>\n<meta name=\"twitter:label1\" content=\"Gesch\u00e4tzte Lesezeit\" \/>\n\t<meta name=\"twitter:data1\" content=\"2\u00a0Minuten\" \/>\n<script type=\"application\/ld+json\" class=\"yoast-schema-graph\">{\"@context\":\"https:\\\/\\\/schema.org\",\"@graph\":[{\"@type\":\"WebPage\",\"@id\":\"https:\\\/\\\/srokacompany.com\\\/de\\\/produkt\\\/pack-wing-foil-easyrider\\\/\",\"url\":\"https:\\\/\\\/srokacompany.com\\\/de\\\/produkt\\\/pack-wing-foil-easyrider\\\/\",\"name\":\"Pack Wing Foil Beginner Easyrider : Board, Foil + Wing - SROKA Company%\",\"isPartOf\":{\"@id\":\"https:\\\/\\\/srokacompany.com\\\/de\\\/#website\"},\"primaryImageOfPage\":{\"@id\":\"https:\\\/\\\/srokacompany.com\\\/de\\\/produkt\\\/pack-wing-foil-easyrider\\\/#primaryimage\"},\"image\":{\"@id\":\"https:\\\/\\\/srokacompany.com\\\/de\\\/produkt\\\/pack-wing-foil-easyrider\\\/#primaryimage\"},\"thumbnailUrl\":\"https:\\\/\\\/srokacompany.com\\\/wp-content\\\/uploads\\\/2025\\\/09\\\/Pack-Wing-foil-Easyrider--scaled.png\",\"datePublished\":\"2025-09-22T07:16:20+00:00\",\"dateModified\":\"2026-02-11T10:01:19+00:00\",\"description\":\"Entdecke das Wing Foil Anf\u00e4nger Komplettpaket Easyrider von Sroka. Inklusive: Stabiles 112L Board, Foil 1750 V2 und Wing V4. Das ideale Set f\u00fcr Anf\u00e4nger.\",\"breadcrumb\":{\"@id\":\"https:\\\/\\\/srokacompany.com\\\/de\\\/produkt\\\/pack-wing-foil-easyrider\\\/#breadcrumb\"},\"inLanguage\":\"de\",\"potentialAction\":[{\"@type\":\"ReadAction\",\"target\":[\"https:\\\/\\\/srokacompany.com\\\/de\\\/produkt\\\/pack-wing-foil-easyrider\\\/\"]}]},{\"@type\":\"ImageObject\",\"inLanguage\":\"de\",\"@id\":\"https:\\\/\\\/srokacompany.com\\\/de\\\/produkt\\\/pack-wing-foil-easyrider\\\/#primaryimage\",\"url\":\"https:\\\/\\\/srokacompany.com\\\/wp-content\\\/uploads\\\/2025\\\/09\\\/Pack-Wing-foil-Easyrider--scaled.png\",\"contentUrl\":\"https:\\\/\\\/srokacompany.com\\\/wp-content\\\/uploads\\\/2025\\\/09\\\/Pack-Wing-foil-Easyrider--scaled.png\",\"width\":2560,\"height\":2161,\"caption\":\"Pack Wing Foil Anf\u00e4nger Easyrider Sroka komplett\"},{\"@type\":\"BreadcrumbList\",\"@id\":\"https:\\\/\\\/srokacompany.com\\\/de\\\/produkt\\\/pack-wing-foil-easyrider\\\/#breadcrumb\",\"itemListElement\":[{\"@type\":\"ListItem\",\"position\":1,\"name\":\"Accueil\",\"item\":\"https:\\\/\\\/srokacompany.com\\\/de\\\/\"},{\"@type\":\"ListItem\",\"position\":2,\"name\":\"Laden\",\"item\":\"https:\\\/\\\/srokacompany.com\\\/laden\\\/\"},{\"@type\":\"ListItem\",\"position\":3,\"name\":\"Pack Wing Foil Beginner Easyrider\"}]},{\"@type\":\"WebSite\",\"@id\":\"https:\\\/\\\/srokacompany.com\\\/de\\\/#website\",\"url\":\"https:\\\/\\\/srokacompany.com\\\/de\\\/\",\"name\":\"SROKA Company\",\"description\":\"SUP, Kite, Foil, Wing\",\"publisher\":{\"@id\":\"https:\\\/\\\/srokacompany.com\\\/de\\\/#organization\"},\"potentialAction\":[{\"@type\":\"SearchAction\",\"target\":{\"@type\":\"EntryPoint\",\"urlTemplate\":\"https:\\\/\\\/srokacompany.com\\\/de\\\/?s={search_term_string}\"},\"query-input\":{\"@type\":\"PropertyValueSpecification\",\"valueRequired\":true,\"valueName\":\"search_term_string\"}}],\"inLanguage\":\"de\"},{\"@type\":\"Organization\",\"@id\":\"https:\\\/\\\/srokacompany.com\\\/de\\\/#organization\",\"name\":\"SROKACOMPANY\",\"alternateName\":\"SROKA\",\"url\":\"https:\\\/\\\/srokacompany.com\\\/de\\\/\",\"logo\":{\"@type\":\"ImageObject\",\"inLanguage\":\"de\",\"@id\":\"https:\\\/\\\/srokacompany.com\\\/de\\\/#\\\/schema\\\/logo\\\/image\\\/\",\"url\":\"https:\\\/\\\/srokacompany.com\\\/wp-content\\\/uploads\\\/2021\\\/01\\\/logo-sroka-black-transpa.png\",\"contentUrl\":\"https:\\\/\\\/srokacompany.com\\\/wp-content\\\/uploads\\\/2021\\\/01\\\/logo-sroka-black-transpa.png\",\"width\":1201,\"height\":342,\"caption\":\"SROKACOMPANY\"},\"image\":{\"@id\":\"https:\\\/\\\/srokacompany.com\\\/de\\\/#\\\/schema\\\/logo\\\/image\\\/\"},\"sameAs\":[\"https:\\\/\\\/www.facebook.com\\\/srokawatersports\\\/\",\"https:\\\/\\\/www.instagram.com\\\/srokawatersports\\\/\",\"https:\\\/\\\/www.youtube.com\\\/channel\\\/UCVLHHeaPIm-J5bdEUgxqtZA\"]}]}<\/script>\n<!-- \/ Yoast SEO plugin. -->","yoast_head_json":{"title":"Pack Wing Foil Beginner Easyrider : Board, Foil + Wing - SROKA Company%","description":"Entdecke das Wing Foil Anf\u00e4nger Komplettpaket Easyrider von Sroka. Inklusive: Stabiles 112L Board, Foil 1750 V2 und Wing V4. Das ideale Set f\u00fcr Anf\u00e4nger.","robots":{"index":"index","follow":"follow","max-snippet":"max-snippet:-1","max-image-preview":"max-image-preview:large","max-video-preview":"max-video-preview:-1"},"canonical":"https:\/\/srokacompany.com\/de\/produkt\/pack-wing-foil-easyrider\/","og_locale":"de_DE","og_type":"article","og_title":"Pack Wing Foil Beginner Easyrider : Board, Foil + Wing - SROKA Company%","og_description":"Entdecke das Wing Foil Anf\u00e4nger Komplettpaket Easyrider von Sroka. Inklusive: Stabiles 112L Board, Foil 1750 V2 und Wing V4. Das ideale Set f\u00fcr Anf\u00e4nger.","og_url":"https:\/\/srokacompany.com\/de\/produkt\/pack-wing-foil-easyrider\/","og_site_name":"SROKA Company","article_publisher":"https:\/\/www.facebook.com\/srokawatersports\/","article_modified_time":"2026-02-11T10:01:19+00:00","og_image":[{"width":2560,"height":2161,"url":"https:\/\/srokacompany.com\/wp-content\/uploads\/2025\/09\/Pack-Wing-foil-Easyrider--scaled.png","type":"image\/png"}],"twitter_misc":{"Gesch\u00e4tzte Lesezeit":"2\u00a0Minuten"},"schema":{"@context":"https:\/\/schema.org","@graph":[{"@type":"WebPage","@id":"https:\/\/srokacompany.com\/de\/produkt\/pack-wing-foil-easyrider\/","url":"https:\/\/srokacompany.com\/de\/produkt\/pack-wing-foil-easyrider\/","name":"Pack Wing Foil Beginner Easyrider : Board, Foil + Wing - SROKA Company%","isPartOf":{"@id":"https:\/\/srokacompany.com\/de\/#website"},"primaryImageOfPage":{"@id":"https:\/\/srokacompany.com\/de\/produkt\/pack-wing-foil-easyrider\/#primaryimage"},"image":{"@id":"https:\/\/srokacompany.com\/de\/produkt\/pack-wing-foil-easyrider\/#primaryimage"},"thumbnailUrl":"https:\/\/srokacompany.com\/wp-content\/uploads\/2025\/09\/Pack-Wing-foil-Easyrider--scaled.png","datePublished":"2025-09-22T07:16:20+00:00","dateModified":"2026-02-11T10:01:19+00:00","description":"Entdecke das Wing Foil Anf\u00e4nger Komplettpaket Easyrider von Sroka. Inklusive: Stabiles 112L Board, Foil 1750 V2 und Wing V4. Das ideale Set f\u00fcr Anf\u00e4nger.","breadcrumb":{"@id":"https:\/\/srokacompany.com\/de\/produkt\/pack-wing-foil-easyrider\/#breadcrumb"},"inLanguage":"de","potentialAction":[{"@type":"ReadAction","target":["https:\/\/srokacompany.com\/de\/produkt\/pack-wing-foil-easyrider\/"]}]},{"@type":"ImageObject","inLanguage":"de","@id":"https:\/\/srokacompany.com\/de\/produkt\/pack-wing-foil-easyrider\/#primaryimage","url":"https:\/\/srokacompany.com\/wp-content\/uploads\/2025\/09\/Pack-Wing-foil-Easyrider--scaled.png","contentUrl":"https:\/\/srokacompany.com\/wp-content\/uploads\/2025\/09\/Pack-Wing-foil-Easyrider--scaled.png","width":2560,"height":2161,"caption":"Pack Wing Foil Anf\u00e4nger Easyrider Sroka komplett"},{"@type":"BreadcrumbList","@id":"https:\/\/srokacompany.com\/de\/produkt\/pack-wing-foil-easyrider\/#breadcrumb","itemListElement":[{"@type":"ListItem","position":1,"name":"Accueil","item":"https:\/\/srokacompany.com\/de\/"},{"@type":"ListItem","position":2,"name":"Laden","item":"https:\/\/srokacompany.com\/laden\/"},{"@type":"ListItem","position":3,"name":"Pack Wing Foil Beginner Easyrider"}]},{"@type":"WebSite","@id":"https:\/\/srokacompany.com\/de\/#website","url":"https:\/\/srokacompany.com\/de\/","name":"SROKA Company","description":"SUP, Kite, Foil, Wing","publisher":{"@id":"https:\/\/srokacompany.com\/de\/#organization"},"potentialAction":[{"@type":"SearchAction","target":{"@type":"EntryPoint","urlTemplate":"https:\/\/srokacompany.com\/de\/?s={search_term_string}"},"query-input":{"@type":"PropertyValueSpecification","valueRequired":true,"valueName":"search_term_string"}}],"inLanguage":"de"},{"@type":"Organization","@id":"https:\/\/srokacompany.com\/de\/#organization","name":"SROKACOMPANY","alternateName":"SROKA","url":"https:\/\/srokacompany.com\/de\/","logo":{"@type":"ImageObject","inLanguage":"de","@id":"https:\/\/srokacompany.com\/de\/#\/schema\/logo\/image\/","url":"https:\/\/srokacompany.com\/wp-content\/uploads\/2021\/01\/logo-sroka-black-transpa.png","contentUrl":"https:\/\/srokacompany.com\/wp-content\/uploads\/2021\/01\/logo-sroka-black-transpa.png","width":1201,"height":342,"caption":"SROKACOMPANY"},"image":{"@id":"https:\/\/srokacompany.com\/de\/#\/schema\/logo\/image\/"},"sameAs":["https:\/\/www.facebook.com\/srokawatersports\/","https:\/\/www.instagram.com\/srokawatersports\/","https:\/\/www.youtube.com\/channel\/UCVLHHeaPIm-J5bdEUgxqtZA"]}]}},"uagb_featured_image_src":{"full":["https:\/\/srokacompany.com\/wp-content\/uploads\/2025\/09\/Pack-Wing-foil-Easyrider--scaled.png",2560,2161,false],"thumbnail":["https:\/\/srokacompany.com\/wp-content\/uploads\/2025\/09\/Pack-Wing-foil-Easyrider--150x150.png",150,150,true],"medium":["https:\/\/srokacompany.com\/wp-content\/uploads\/2025\/09\/Pack-Wing-foil-Easyrider--300x253.png",300,253,true],"medium_large":["https:\/\/srokacompany.com\/wp-content\/uploads\/2025\/09\/Pack-Wing-foil-Easyrider--768x648.png",768,648,true],"large":["https:\/\/srokacompany.com\/wp-content\/uploads\/2025\/09\/Pack-Wing-foil-Easyrider--1024x864.png",1024,864,true],"1536x1536":["https:\/\/srokacompany.com\/wp-content\/uploads\/2025\/09\/Pack-Wing-foil-Easyrider--1536x1297.png",1536,1297,true],"2048x2048":["https:\/\/srokacompany.com\/wp-content\/uploads\/2025\/09\/Pack-Wing-foil-Easyrider--2048x1729.png",2048,1729,true],"woocommerce_thumbnail":["https:\/\/srokacompany.com\/wp-content\/uploads\/2025\/09\/Pack-Wing-foil-Easyrider--600x506.png",600,506,true],"woocommerce_single":["https:\/\/srokacompany.com\/wp-content\/uploads\/2025\/09\/Pack-Wing-foil-Easyrider--600x506.png",600,506,true],"woocommerce_gallery_thumbnail":["https:\/\/srokacompany.com\/wp-content\/uploads\/2025\/09\/Pack-Wing-foil-Easyrider--100x100.png",100,100,true],"dgwt-wcas-product-suggestion":["https:\/\/srokacompany.com\/wp-content\/uploads\/2025\/09\/Pack-Wing-foil-Easyrider--64x54.png",64,54,true]},"uagb_author_info":{"display_name":"Bruno Sroka","author_link":"https:\/\/srokacompany.com\/de\/blog\/author\/"},"uagb_comment_info":0,"uagb_excerpt":"Das EasyriderWing Foil Anf\u00e4ngerpaket von SROKA ist die ideale L\u00f6sung, um das Wing foil selbstbewusst zu erlernen. Dies ist ein Paket f\u00fcr erfolgreiche erste Fl\u00fcge. Es umfasst ein ultra-stabiles Easyrider 5'7 (112L) Board, ein vielseitiges 5m\u00b2Wing V4 und das S-Foil 1750 V2, das f\u00fcr seinen Auftrieb und seine Weichheit bekannt ist. Von Bruno Sroka entworfen,&hellip;","jetpack_sharing_enabled":true,"_links":{"self":[{"href":"https:\/\/srokacompany.com\/de\/wp-json\/wp\/v2\/product\/354018","targetHints":{"allow":["GET"]}}],"collection":[{"href":"https:\/\/srokacompany.com\/de\/wp-json\/wp\/v2\/product"}],"about":[{"href":"https:\/\/srokacompany.com\/de\/wp-json\/wp\/v2\/types\/product"}],"wp:featuredmedia":[{"embeddable":true,"href":"https:\/\/srokacompany.com\/de\/wp-json\/wp\/v2\/media\/353427"}],"wp:attachment":[{"href":"https:\/\/srokacompany.com\/de\/wp-json\/wp\/v2\/media?parent=354018"}],"wp:term":[{"taxonomy":"product_brand","embeddable":true,"href":"https:\/\/srokacompany.com\/de\/wp-json\/wp\/v2\/product_brand?post=354018"},{"taxonomy":"product_cat","embeddable":true,"href":"https:\/\/srokacompany.com\/de\/wp-json\/wp\/v2\/product_cat?post=354018"},{"taxonomy":"product_tag","embeddable":true,"href":"https:\/\/srokacompany.com\/de\/wp-json\/wp\/v2\/product_tag?post=354018"}],"curies":[{"name":"wp","href":"https:\/\/api.w.org\/{rel}","templated":true}]}}